{"id":20576,"date":"2016-01-15T01:00:00","date_gmt":"2016-01-15T00:00:00","guid":{"rendered":"https:\/\/spartacus.forenteforlag.no\/produkt\/den-femte-revolusjon-2\/"},"modified":"2026-03-03T19:19:53","modified_gmt":"2026-03-03T18:19:53","slug":"den-femte-revolusjon-2","status":"publish","type":"product","link":"https:\/\/staging.forenteforlag.no\/spartacus\/produkt\/den-femte-revolusjon-2\/","title":{"rendered":"Den femte revolusjon"},"content":{"rendered":"<p>Hva skjer med menneskesinnet n\u00e5r det oppn\u00e5r en fullstendig forst\u00e5else av seg selv? <\/p>\n<p>Dette sp\u00f8rsm\u00e5let fikk Lone Frank til \u00e5 opps\u00f8ke noen av de fremste hjerneforskerne I verden og sp\u00f8rre hva arbeidet deres betyr for det \u00e5 v\u00e6re menneske. Koblet til Michael Persingers gule hjelm f\u00e5r hun for f\u00f8rste gang en overnaturlig opplevelse. Hos Marc Hauser f\u00e5r hun vite at en felles moral er innkodet i alle mennesker. Og hun oppdager at bade lykkef\u00f8lelse og empati er noe som lett kan manipuleres. <\/p>\n<p>Vi st\u00e5r overfor en nevrovitenskapelig revolusjon, den siste i rekken av vitenskapelige <br \/>tigersprang som har veltet v\u00e5re verdensbilder. Kopernikus, Darwin og Freud har st\u00e5tt for slike revolusjoner. Det samme gjorde oppdagelsen av dnaet. <\/p>\n<p>I Den femte revolusjon tar Lone Frank oss med til frontlinjen i moderne hjerneforskning. Og vi m\u00f8ter en vitenskap med potensiale til \u00e5 forklare alle v\u00e5re menneskelige evner og s\u00e6rtrekk som rene prosesser i hjernen. <\/p>\n<p>\u00abSkrevet som en rekke av intenst spennende fortellinger, lykkes boken med \u00e5 utforske den forest\u00e5ende nevrorevolusjonen og dens noen ganger skremmende konsekvenser.\u00bb <br \/>BBC Focus Magazine <\/p>\n<p>Lone Frank er forfatter og vitenskapsjournalist med bakgrunn som forsker og med ph.d. i nevrobiologi. Hun er fast tilknyttet Weekendavisen og kjent som en markant debattant og opinionsdanner n\u00e5r det gjelder sunnhet, medisin, teknologi og etikk. <br \/>Hun har skrevet for tidsskrifter som Science og Nature Biotechnology og jobbet med radio og tv i Danmark. Hun har ogs\u00e5 skrevet b\u00f8kene Det nye liv (2004), Klonede tigre (2005) og Mit smukke genom (2010). Lone Frank har mottatt Svend Bergs\u00f8es Fonds Formidlerpris, Fremtidsprisen samt Dansk Forfatterforenings faglitter\u00e6re pris.<\/p>\n","protected":false},"excerpt":{"rendered":"<p>Hva skjer med menneskesinnet n\u00e5r det oppn\u00e5r en fullstendig forst\u00e5else av seg selv? Dette sp\u00f8rsm\u00e5let fikk Lone Frank til \u00e5 opps\u00f8ke noen av de fremste hjerneforskerne I verden og sp\u00f8rre hva arbeidet deres betyr for det \u00e5 v\u00e6re menneske. Koblet til Michael Persingers gule hjelm f\u00e5r hun for f\u00f8rste gang en overnaturlig opplevelse. Hos Marc [&hellip;]<\/p>\n","protected":false},"featured_media":26465,"template":"","meta":{"_acf_changed":false,"inline_featured_image":false},"product_brand":[],"product_cat":[1786],"product_tag":[362],"class_list":{"0":"post-20576","1":"product","2":"type-product","3":"status-publish","4":"has-post-thumbnail","6":"product_cat-rabattkodekampanje","7":"product_tag-faglitteratur","9":"first","10":"outofstock","11":"shipping-taxable","12":"purchasable","13":"product-type-simple"},"acf":{"anmeldelse":null},"yoast_head":"<!-- This site is optimized with the Yoast SEO plugin v26.6 - https:\/\/yoast.com\/wordpress\/plugins\/seo\/ -->\n<title>Den femte revolusjon - Spartacus<\/title>\n<meta name=\"robots\" content=\"noindex, follow, max-snippet:-1, max-image-preview:large, max-video-preview:-1\" \/>\n<meta property=\"og:locale\" content=\"nb_NO\" \/>\n<meta property=\"og:type\" content=\"article\" \/>\n<meta property=\"og:title\" content=\"Den femte revolusjon - Spartacus\" \/>\n<meta property=\"og:description\" content=\"Hva skjer med menneskesinnet n\u00e5r det oppn\u00e5r en fullstendig forst\u00e5else av seg selv? Dette sp\u00f8rsm\u00e5let fikk Lone Frank til \u00e5 opps\u00f8ke noen av de fremste hjerneforskerne I verden og sp\u00f8rre hva arbeidet deres betyr for det \u00e5 v\u00e6re menneske. Koblet til Michael Persingers gule hjelm f\u00e5r hun for f\u00f8rste gang en overnaturlig opplevelse. Hos Marc [&hellip;]\" \/>\n<meta property=\"og:url\" content=\"https:\/\/staging.forenteforlag.no\/spartacus\/produkt\/den-femte-revolusjon-2\/\" \/>\n<meta property=\"og:site_name\" content=\"Spartacus\" \/>\n<meta property=\"article:publisher\" content=\"https:\/\/www.facebook.com\/SpartacusForlag\" \/>\n<meta property=\"article:modified_time\" content=\"2026-03-03T18:19:53+00:00\" \/>\n<meta property=\"og:image\" content=\"https:\/\/staging.forenteforlag.no\/spartacus\/wp-content\/uploads\/sites\/6\/2026\/02\/9788243010109.jpg\" \/>\n\t<meta property=\"og:image:width\" content=\"720\" \/>\n\t<meta property=\"og:image:height\" content=\"1166\" \/>\n\t<meta property=\"og:image:type\" content=\"image\/jpeg\" \/>\n<meta name=\"twitter:card\" content=\"summary_large_image\" \/>\n<meta name=\"twitter:label1\" content=\"Ansl. lesetid\" \/>\n\t<meta name=\"twitter:data1\" content=\"1 minutt\" \/>\n<script type=\"application\/ld+json\" class=\"yoast-schema-graph\">{\"@context\":\"https:\/\/schema.org\",\"@graph\":[{\"@type\":\"WebPage\",\"@id\":\"https:\/\/staging.forenteforlag.no\/spartacus\/produkt\/den-femte-revolusjon-2\/\",\"url\":\"https:\/\/staging.forenteforlag.no\/spartacus\/produkt\/den-femte-revolusjon-2\/\",\"name\":\"Den femte revolusjon - Spartacus\",\"isPartOf\":{\"@id\":\"https:\/\/staging.forenteforlag.no\/spartacus\/#website\"},\"primaryImageOfPage\":{\"@id\":\"https:\/\/staging.forenteforlag.no\/spartacus\/produkt\/den-femte-revolusjon-2\/#primaryimage\"},\"image\":{\"@id\":\"https:\/\/staging.forenteforlag.no\/spartacus\/produkt\/den-femte-revolusjon-2\/#primaryimage\"},\"thumbnailUrl\":\"https:\/\/staging.forenteforlag.no\/spartacus\/wp-content\/uploads\/sites\/6\/2026\/02\/9788243010109.jpg\",\"datePublished\":\"2016-01-15T00:00:00+00:00\",\"dateModified\":\"2026-03-03T18:19:53+00:00\",\"breadcrumb\":{\"@id\":\"https:\/\/staging.forenteforlag.no\/spartacus\/produkt\/den-femte-revolusjon-2\/#breadcrumb\"},\"inLanguage\":\"nb-NO\",\"potentialAction\":[{\"@type\":\"ReadAction\",\"target\":[\"https:\/\/staging.forenteforlag.no\/spartacus\/produkt\/den-femte-revolusjon-2\/\"]}]},{\"@type\":\"ImageObject\",\"inLanguage\":\"nb-NO\",\"@id\":\"https:\/\/staging.forenteforlag.no\/spartacus\/produkt\/den-femte-revolusjon-2\/#primaryimage\",\"url\":\"https:\/\/staging.forenteforlag.no\/spartacus\/wp-content\/uploads\/sites\/6\/2026\/02\/9788243010109.jpg\",\"contentUrl\":\"https:\/\/staging.forenteforlag.no\/spartacus\/wp-content\/uploads\/sites\/6\/2026\/02\/9788243010109.jpg\",\"width\":720,\"height\":1166},{\"@type\":\"BreadcrumbList\",\"@id\":\"https:\/\/staging.forenteforlag.no\/spartacus\/produkt\/den-femte-revolusjon-2\/#breadcrumb\",\"itemListElement\":[{\"@type\":\"ListItem\",\"position\":1,\"name\":\"Hjem\",\"item\":\"https:\/\/staging.forenteforlag.no\/spartacus\/\"},{\"@type\":\"ListItem\",\"position\":2,\"name\":\"Alle b\u00f8ker\",\"item\":\"https:\/\/staging.forenteforlag.no\/spartacus\/butikk\/\"},{\"@type\":\"ListItem\",\"position\":3,\"name\":\"Den femte revolusjon\"}]},{\"@type\":\"WebSite\",\"@id\":\"https:\/\/staging.forenteforlag.no\/spartacus\/#website\",\"url\":\"https:\/\/staging.forenteforlag.no\/spartacus\/\",\"name\":\"Spartacus forlag\",\"description\":\"\",\"publisher\":{\"@id\":\"https:\/\/staging.forenteforlag.no\/spartacus\/#organization\"},\"potentialAction\":[{\"@type\":\"SearchAction\",\"target\":{\"@type\":\"EntryPoint\",\"urlTemplate\":\"https:\/\/staging.forenteforlag.no\/spartacus\/?s={search_term_string}\"},\"query-input\":{\"@type\":\"PropertyValueSpecification\",\"valueRequired\":true,\"valueName\":\"search_term_string\"}}],\"inLanguage\":\"nb-NO\"},{\"@type\":\"Organization\",\"@id\":\"https:\/\/staging.forenteforlag.no\/spartacus\/#organization\",\"name\":\"Spartacus forlag\",\"url\":\"https:\/\/staging.forenteforlag.no\/spartacus\/\",\"logo\":{\"@type\":\"ImageObject\",\"inLanguage\":\"nb-NO\",\"@id\":\"https:\/\/staging.forenteforlag.no\/spartacus\/#\/schema\/logo\/image\/\",\"url\":\"https:\/\/staging.forenteforlag.no\/spartacus\/wp-content\/uploads\/sites\/6\/2024\/09\/Spartacus_logo.svg\",\"contentUrl\":\"https:\/\/staging.forenteforlag.no\/spartacus\/wp-content\/uploads\/sites\/6\/2024\/09\/Spartacus_logo.svg\",\"width\":100,\"height\":100,\"caption\":\"Spartacus forlag\"},\"image\":{\"@id\":\"https:\/\/staging.forenteforlag.no\/spartacus\/#\/schema\/logo\/image\/\"},\"sameAs\":[\"https:\/\/www.facebook.com\/SpartacusForlag\"]}]}<\/script>\n<!-- \/ Yoast SEO plugin. -->","yoast_head_json":{"title":"Den femte revolusjon - Spartacus","robots":{"index":"noindex","follow":"follow","max-snippet":"max-snippet:-1","max-image-preview":"max-image-preview:large","max-video-preview":"max-video-preview:-1"},"og_locale":"nb_NO","og_type":"article","og_title":"Den femte revolusjon - Spartacus","og_description":"Hva skjer med menneskesinnet n\u00e5r det oppn\u00e5r en fullstendig forst\u00e5else av seg selv? Dette sp\u00f8rsm\u00e5let fikk Lone Frank til \u00e5 opps\u00f8ke noen av de fremste hjerneforskerne I verden og sp\u00f8rre hva arbeidet deres betyr for det \u00e5 v\u00e6re menneske. Koblet til Michael Persingers gule hjelm f\u00e5r hun for f\u00f8rste gang en overnaturlig opplevelse. Hos Marc [&hellip;]","og_url":"https:\/\/staging.forenteforlag.no\/spartacus\/produkt\/den-femte-revolusjon-2\/","og_site_name":"Spartacus","article_publisher":"https:\/\/www.facebook.com\/SpartacusForlag","article_modified_time":"2026-03-03T18:19:53+00:00","og_image":[{"width":720,"height":1166,"url":"https:\/\/staging.forenteforlag.no\/spartacus\/wp-content\/uploads\/sites\/6\/2026\/02\/9788243010109.jpg","type":"image\/jpeg"}],"twitter_card":"summary_large_image","twitter_misc":{"Ansl. lesetid":"1 minutt"},"schema":{"@context":"https:\/\/schema.org","@graph":[{"@type":"WebPage","@id":"https:\/\/staging.forenteforlag.no\/spartacus\/produkt\/den-femte-revolusjon-2\/","url":"https:\/\/staging.forenteforlag.no\/spartacus\/produkt\/den-femte-revolusjon-2\/","name":"Den femte revolusjon - Spartacus","isPartOf":{"@id":"https:\/\/staging.forenteforlag.no\/spartacus\/#website"},"primaryImageOfPage":{"@id":"https:\/\/staging.forenteforlag.no\/spartacus\/produkt\/den-femte-revolusjon-2\/#primaryimage"},"image":{"@id":"https:\/\/staging.forenteforlag.no\/spartacus\/produkt\/den-femte-revolusjon-2\/#primaryimage"},"thumbnailUrl":"https:\/\/staging.forenteforlag.no\/spartacus\/wp-content\/uploads\/sites\/6\/2026\/02\/9788243010109.jpg","datePublished":"2016-01-15T00:00:00+00:00","dateModified":"2026-03-03T18:19:53+00:00","breadcrumb":{"@id":"https:\/\/staging.forenteforlag.no\/spartacus\/produkt\/den-femte-revolusjon-2\/#breadcrumb"},"inLanguage":"nb-NO","potentialAction":[{"@type":"ReadAction","target":["https:\/\/staging.forenteforlag.no\/spartacus\/produkt\/den-femte-revolusjon-2\/"]}]},{"@type":"ImageObject","inLanguage":"nb-NO","@id":"https:\/\/staging.forenteforlag.no\/spartacus\/produkt\/den-femte-revolusjon-2\/#primaryimage","url":"https:\/\/staging.forenteforlag.no\/spartacus\/wp-content\/uploads\/sites\/6\/2026\/02\/9788243010109.jpg","contentUrl":"https:\/\/staging.forenteforlag.no\/spartacus\/wp-content\/uploads\/sites\/6\/2026\/02\/9788243010109.jpg","width":720,"height":1166},{"@type":"BreadcrumbList","@id":"https:\/\/staging.forenteforlag.no\/spartacus\/produkt\/den-femte-revolusjon-2\/#breadcrumb","itemListElement":[{"@type":"ListItem","position":1,"name":"Hjem","item":"https:\/\/staging.forenteforlag.no\/spartacus\/"},{"@type":"ListItem","position":2,"name":"Alle b\u00f8ker","item":"https:\/\/staging.forenteforlag.no\/spartacus\/butikk\/"},{"@type":"ListItem","position":3,"name":"Den femte revolusjon"}]},{"@type":"WebSite","@id":"https:\/\/staging.forenteforlag.no\/spartacus\/#website","url":"https:\/\/staging.forenteforlag.no\/spartacus\/","name":"Spartacus forlag","description":"","publisher":{"@id":"https:\/\/staging.forenteforlag.no\/spartacus\/#organization"},"potentialAction":[{"@type":"SearchAction","target":{"@type":"EntryPoint","urlTemplate":"https:\/\/staging.forenteforlag.no\/spartacus\/?s={search_term_string}"},"query-input":{"@type":"PropertyValueSpecification","valueRequired":true,"valueName":"search_term_string"}}],"inLanguage":"nb-NO"},{"@type":"Organization","@id":"https:\/\/staging.forenteforlag.no\/spartacus\/#organization","name":"Spartacus forlag","url":"https:\/\/staging.forenteforlag.no\/spartacus\/","logo":{"@type":"ImageObject","inLanguage":"nb-NO","@id":"https:\/\/staging.forenteforlag.no\/spartacus\/#\/schema\/logo\/image\/","url":"https:\/\/staging.forenteforlag.no\/spartacus\/wp-content\/uploads\/sites\/6\/2024\/09\/Spartacus_logo.svg","contentUrl":"https:\/\/staging.forenteforlag.no\/spartacus\/wp-content\/uploads\/sites\/6\/2024\/09\/Spartacus_logo.svg","width":100,"height":100,"caption":"Spartacus forlag"},"image":{"@id":"https:\/\/staging.forenteforlag.no\/spartacus\/#\/schema\/logo\/image\/"},"sameAs":["https:\/\/www.facebook.com\/SpartacusForlag"]}]}},"_links":{"self":[{"href":"https:\/\/staging.forenteforlag.no\/spartacus\/wp-json\/wp\/v2\/product\/20576","targetHints":{"allow":["GET"]}}],"collection":[{"href":"https:\/\/staging.forenteforlag.no\/spartacus\/wp-json\/wp\/v2\/product"}],"about":[{"href":"https:\/\/staging.forenteforlag.no\/spartacus\/wp-json\/wp\/v2\/types\/product"}],"wp:featuredmedia":[{"embeddable":true,"href":"https:\/\/staging.forenteforlag.no\/spartacus\/wp-json\/wp\/v2\/media\/26465"}],"wp:attachment":[{"href":"https:\/\/staging.forenteforlag.no\/spartacus\/wp-json\/wp\/v2\/media?parent=20576"}],"wp:term":[{"taxonomy":"product_brand","embeddable":true,"href":"https:\/\/staging.forenteforlag.no\/spartacus\/wp-json\/wp\/v2\/product_brand?post=20576"},{"taxonomy":"product_cat","embeddable":true,"href":"https:\/\/staging.forenteforlag.no\/spartacus\/wp-json\/wp\/v2\/product_cat?post=20576"},{"taxonomy":"product_tag","embeddable":true,"href":"https:\/\/staging.forenteforlag.no\/spartacus\/wp-json\/wp\/v2\/product_tag?post=20576"}],"curies":[{"name":"wp","href":"https:\/\/api.w.org\/{rel}","templated":true}]}}