{"id":20502,"date":"2024-08-30T02:00:00","date_gmt":"2024-08-30T00:00:00","guid":{"rendered":"https:\/\/spartacus.forenteforlag.no\/produkt\/maneter-eldes-baklengs\/"},"modified":"2026-03-03T19:34:27","modified_gmt":"2026-03-03T18:34:27","slug":"maneter-eldes-baklengs","status":"publish","type":"product","link":"https:\/\/staging.forenteforlag.no\/spartacus\/produkt\/maneter-eldes-baklengs\/","title":{"rendered":"Maneter eldes baklengs"},"content":{"rendered":"<p>Jakten p\u00e5 et lengre liv forbindes gjerne med mirakelkurer, kvakksalvere og r\u00f8verhistorier. Men faktisk har vitenskapen kommet forbausende langt i \u00e5 forst\u00e5 hva som gj\u00f8r at vi eldes. Forskere kan n\u00e5 manipulere tidens gang, og det er flere grep vi selv kan ta for \u00e5 \u00f8ke sjansene for \u00e5 leve lenger.<\/p>\n<p>I Maneter eldes baklengs forteller det danske stjerneskuddet Nicklas Brendborg om forskernes langvarige streben etter \u00e5 l\u00f8se alderdommens mysterium. Han tar oss med til h\u00f8yteknologiske laboratorier, avsidesliggende omr\u00e5der og inn i cellene v\u00e5re for \u00e5 vise oss gjennombruddene i vitenskapen.<\/p>\n<p>Her finner du historier om maneter som eldes baklengs, flere tusen \u00e5r gamle tr\u00e6r som ikke eldes i det hele tatt, skadelige zombieceller og fortellingene om menneskene som har g\u00e5tt ekstra drastisk til verks p\u00e5 jakt etter ungdommens kilde.<\/p>\n<p>Dette er gnistrende popul\u00e6rvitenskap som underholder fra begynnelse til slutt.<\/p>\n","protected":false},"excerpt":{"rendered":"<p>Jakten p\u00e5 et lengre liv forbindes gjerne med mirakelkurer, kvakksalvere og r\u00f8verhistorier. Men faktisk har vitenskapen kommet forbausende langt i \u00e5 forst\u00e5 hva som gj\u00f8r at vi eldes. Forskere kan n\u00e5 manipulere tidens gang, og det er flere grep vi selv kan ta for \u00e5 \u00f8ke sjansene for \u00e5 leve lenger. I Maneter eldes baklengs [&hellip;]<\/p>\n","protected":false},"featured_media":26793,"template":"","meta":{"_acf_changed":false,"inline_featured_image":false},"product_brand":[],"product_cat":[1786],"product_tag":[362],"class_list":{"0":"post-20502","1":"product","2":"type-product","3":"status-publish","4":"has-post-thumbnail","6":"product_cat-rabattkodekampanje","7":"product_tag-faglitteratur","9":"first","10":"instock","11":"shipping-taxable","12":"purchasable","13":"product-type-simple"},"acf":{"anmeldelse":[{"tekst_anmeldelser":"\u00abDet betryggende er at Brendborg verken skaper fornemmelsen av svermerisk science fiction (vi kan bli ud\u00f8delige!) eller altfor enkle l\u00f8sninger (valn\u00f8tter forlenger livet!). Han er like opptatt av aldringen i seg selv, som vitenskapens steg for \u00e5 bremse den.\u00bb","av_anmeldelser":"Kjetil \u00d8stli","terningkast":false,"kilde":"Harvest Magazine"},{"tekst_anmeldelser":"\u00abEt underholdende stykke sakprosa. Forfatteren er en racer p\u00e5 treffende bilder og sammenlikninger ...  kunnskapen glir inn nesten umerkelig mens du humrer over rare eksempler og originale metaforer.\u00bb","av_anmeldelser":"Anne Sverdrup-Thygeson","terningkast":false,"kilde":"Klassekampen"}]},"yoast_head":"<!-- This site is optimized with the Yoast SEO plugin v26.6 - https:\/\/yoast.com\/wordpress\/plugins\/seo\/ -->\n<title>Maneter eldes baklengs - Spartacus<\/title>\n<meta name=\"robots\" content=\"noindex, follow, max-snippet:-1, max-image-preview:large, max-video-preview:-1\" \/>\n<meta property=\"og:locale\" content=\"nb_NO\" \/>\n<meta property=\"og:type\" content=\"article\" \/>\n<meta property=\"og:title\" content=\"Maneter eldes baklengs - Spartacus\" \/>\n<meta property=\"og:description\" content=\"Jakten p\u00e5 et lengre liv forbindes gjerne med mirakelkurer, kvakksalvere og r\u00f8verhistorier. Men faktisk har vitenskapen kommet forbausende langt i \u00e5 forst\u00e5 hva som gj\u00f8r at vi eldes. Forskere kan n\u00e5 manipulere tidens gang, og det er flere grep vi selv kan ta for \u00e5 \u00f8ke sjansene for \u00e5 leve lenger. I Maneter eldes baklengs [&hellip;]\" \/>\n<meta property=\"og:url\" content=\"https:\/\/staging.forenteforlag.no\/spartacus\/produkt\/maneter-eldes-baklengs\/\" \/>\n<meta property=\"og:site_name\" content=\"Spartacus\" \/>\n<meta property=\"article:publisher\" content=\"https:\/\/www.facebook.com\/SpartacusForlag\" \/>\n<meta property=\"article:modified_time\" content=\"2026-03-03T18:34:27+00:00\" \/>\n<meta property=\"og:image\" content=\"https:\/\/staging.forenteforlag.no\/spartacus\/wp-content\/uploads\/sites\/6\/2026\/03\/9788243016446.jpg\" \/>\n\t<meta property=\"og:image:width\" content=\"720\" \/>\n\t<meta property=\"og:image:height\" content=\"1130\" \/>\n\t<meta property=\"og:image:type\" content=\"image\/jpeg\" \/>\n<meta name=\"twitter:card\" content=\"summary_large_image\" \/>\n<meta name=\"twitter:label1\" content=\"Ansl. lesetid\" \/>\n\t<meta name=\"twitter:data1\" content=\"1 minutt\" \/>\n<script type=\"application\/ld+json\" class=\"yoast-schema-graph\">{\"@context\":\"https:\/\/schema.org\",\"@graph\":[{\"@type\":\"WebPage\",\"@id\":\"https:\/\/staging.forenteforlag.no\/spartacus\/produkt\/maneter-eldes-baklengs\/\",\"url\":\"https:\/\/staging.forenteforlag.no\/spartacus\/produkt\/maneter-eldes-baklengs\/\",\"name\":\"Maneter eldes baklengs - Spartacus\",\"isPartOf\":{\"@id\":\"https:\/\/staging.forenteforlag.no\/spartacus\/#website\"},\"primaryImageOfPage\":{\"@id\":\"https:\/\/staging.forenteforlag.no\/spartacus\/produkt\/maneter-eldes-baklengs\/#primaryimage\"},\"image\":{\"@id\":\"https:\/\/staging.forenteforlag.no\/spartacus\/produkt\/maneter-eldes-baklengs\/#primaryimage\"},\"thumbnailUrl\":\"https:\/\/staging.forenteforlag.no\/spartacus\/wp-content\/uploads\/sites\/6\/2026\/03\/9788243016446.jpg\",\"datePublished\":\"2024-08-30T00:00:00+00:00\",\"dateModified\":\"2026-03-03T18:34:27+00:00\",\"breadcrumb\":{\"@id\":\"https:\/\/staging.forenteforlag.no\/spartacus\/produkt\/maneter-eldes-baklengs\/#breadcrumb\"},\"inLanguage\":\"nb-NO\",\"potentialAction\":[{\"@type\":\"ReadAction\",\"target\":[\"https:\/\/staging.forenteforlag.no\/spartacus\/produkt\/maneter-eldes-baklengs\/\"]}]},{\"@type\":\"ImageObject\",\"inLanguage\":\"nb-NO\",\"@id\":\"https:\/\/staging.forenteforlag.no\/spartacus\/produkt\/maneter-eldes-baklengs\/#primaryimage\",\"url\":\"https:\/\/staging.forenteforlag.no\/spartacus\/wp-content\/uploads\/sites\/6\/2026\/03\/9788243016446.jpg\",\"contentUrl\":\"https:\/\/staging.forenteforlag.no\/spartacus\/wp-content\/uploads\/sites\/6\/2026\/03\/9788243016446.jpg\",\"width\":720,\"height\":1130},{\"@type\":\"BreadcrumbList\",\"@id\":\"https:\/\/staging.forenteforlag.no\/spartacus\/produkt\/maneter-eldes-baklengs\/#breadcrumb\",\"itemListElement\":[{\"@type\":\"ListItem\",\"position\":1,\"name\":\"Hjem\",\"item\":\"https:\/\/staging.forenteforlag.no\/spartacus\/\"},{\"@type\":\"ListItem\",\"position\":2,\"name\":\"Alle b\u00f8ker\",\"item\":\"https:\/\/staging.forenteforlag.no\/spartacus\/butikk\/\"},{\"@type\":\"ListItem\",\"position\":3,\"name\":\"Maneter eldes baklengs\"}]},{\"@type\":\"WebSite\",\"@id\":\"https:\/\/staging.forenteforlag.no\/spartacus\/#website\",\"url\":\"https:\/\/staging.forenteforlag.no\/spartacus\/\",\"name\":\"Spartacus forlag\",\"description\":\"\",\"publisher\":{\"@id\":\"https:\/\/staging.forenteforlag.no\/spartacus\/#organization\"},\"potentialAction\":[{\"@type\":\"SearchAction\",\"target\":{\"@type\":\"EntryPoint\",\"urlTemplate\":\"https:\/\/staging.forenteforlag.no\/spartacus\/?s={search_term_string}\"},\"query-input\":{\"@type\":\"PropertyValueSpecification\",\"valueRequired\":true,\"valueName\":\"search_term_string\"}}],\"inLanguage\":\"nb-NO\"},{\"@type\":\"Organization\",\"@id\":\"https:\/\/staging.forenteforlag.no\/spartacus\/#organization\",\"name\":\"Spartacus forlag\",\"url\":\"https:\/\/staging.forenteforlag.no\/spartacus\/\",\"logo\":{\"@type\":\"ImageObject\",\"inLanguage\":\"nb-NO\",\"@id\":\"https:\/\/staging.forenteforlag.no\/spartacus\/#\/schema\/logo\/image\/\",\"url\":\"https:\/\/staging.forenteforlag.no\/spartacus\/wp-content\/uploads\/sites\/6\/2024\/09\/Spartacus_logo.svg\",\"contentUrl\":\"https:\/\/staging.forenteforlag.no\/spartacus\/wp-content\/uploads\/sites\/6\/2024\/09\/Spartacus_logo.svg\",\"width\":100,\"height\":100,\"caption\":\"Spartacus forlag\"},\"image\":{\"@id\":\"https:\/\/staging.forenteforlag.no\/spartacus\/#\/schema\/logo\/image\/\"},\"sameAs\":[\"https:\/\/www.facebook.com\/SpartacusForlag\"]}]}<\/script>\n<!-- \/ Yoast SEO plugin. -->","yoast_head_json":{"title":"Maneter eldes baklengs - Spartacus","robots":{"index":"noindex","follow":"follow","max-snippet":"max-snippet:-1","max-image-preview":"max-image-preview:large","max-video-preview":"max-video-preview:-1"},"og_locale":"nb_NO","og_type":"article","og_title":"Maneter eldes baklengs - Spartacus","og_description":"Jakten p\u00e5 et lengre liv forbindes gjerne med mirakelkurer, kvakksalvere og r\u00f8verhistorier. Men faktisk har vitenskapen kommet forbausende langt i \u00e5 forst\u00e5 hva som gj\u00f8r at vi eldes. Forskere kan n\u00e5 manipulere tidens gang, og det er flere grep vi selv kan ta for \u00e5 \u00f8ke sjansene for \u00e5 leve lenger. I Maneter eldes baklengs [&hellip;]","og_url":"https:\/\/staging.forenteforlag.no\/spartacus\/produkt\/maneter-eldes-baklengs\/","og_site_name":"Spartacus","article_publisher":"https:\/\/www.facebook.com\/SpartacusForlag","article_modified_time":"2026-03-03T18:34:27+00:00","og_image":[{"width":720,"height":1130,"url":"https:\/\/staging.forenteforlag.no\/spartacus\/wp-content\/uploads\/sites\/6\/2026\/03\/9788243016446.jpg","type":"image\/jpeg"}],"twitter_card":"summary_large_image","twitter_misc":{"Ansl. lesetid":"1 minutt"},"schema":{"@context":"https:\/\/schema.org","@graph":[{"@type":"WebPage","@id":"https:\/\/staging.forenteforlag.no\/spartacus\/produkt\/maneter-eldes-baklengs\/","url":"https:\/\/staging.forenteforlag.no\/spartacus\/produkt\/maneter-eldes-baklengs\/","name":"Maneter eldes baklengs - Spartacus","isPartOf":{"@id":"https:\/\/staging.forenteforlag.no\/spartacus\/#website"},"primaryImageOfPage":{"@id":"https:\/\/staging.forenteforlag.no\/spartacus\/produkt\/maneter-eldes-baklengs\/#primaryimage"},"image":{"@id":"https:\/\/staging.forenteforlag.no\/spartacus\/produkt\/maneter-eldes-baklengs\/#primaryimage"},"thumbnailUrl":"https:\/\/staging.forenteforlag.no\/spartacus\/wp-content\/uploads\/sites\/6\/2026\/03\/9788243016446.jpg","datePublished":"2024-08-30T00:00:00+00:00","dateModified":"2026-03-03T18:34:27+00:00","breadcrumb":{"@id":"https:\/\/staging.forenteforlag.no\/spartacus\/produkt\/maneter-eldes-baklengs\/#breadcrumb"},"inLanguage":"nb-NO","potentialAction":[{"@type":"ReadAction","target":["https:\/\/staging.forenteforlag.no\/spartacus\/produkt\/maneter-eldes-baklengs\/"]}]},{"@type":"ImageObject","inLanguage":"nb-NO","@id":"https:\/\/staging.forenteforlag.no\/spartacus\/produkt\/maneter-eldes-baklengs\/#primaryimage","url":"https:\/\/staging.forenteforlag.no\/spartacus\/wp-content\/uploads\/sites\/6\/2026\/03\/9788243016446.jpg","contentUrl":"https:\/\/staging.forenteforlag.no\/spartacus\/wp-content\/uploads\/sites\/6\/2026\/03\/9788243016446.jpg","width":720,"height":1130},{"@type":"BreadcrumbList","@id":"https:\/\/staging.forenteforlag.no\/spartacus\/produkt\/maneter-eldes-baklengs\/#breadcrumb","itemListElement":[{"@type":"ListItem","position":1,"name":"Hjem","item":"https:\/\/staging.forenteforlag.no\/spartacus\/"},{"@type":"ListItem","position":2,"name":"Alle b\u00f8ker","item":"https:\/\/staging.forenteforlag.no\/spartacus\/butikk\/"},{"@type":"ListItem","position":3,"name":"Maneter eldes baklengs"}]},{"@type":"WebSite","@id":"https:\/\/staging.forenteforlag.no\/spartacus\/#website","url":"https:\/\/staging.forenteforlag.no\/spartacus\/","name":"Spartacus forlag","description":"","publisher":{"@id":"https:\/\/staging.forenteforlag.no\/spartacus\/#organization"},"potentialAction":[{"@type":"SearchAction","target":{"@type":"EntryPoint","urlTemplate":"https:\/\/staging.forenteforlag.no\/spartacus\/?s={search_term_string}"},"query-input":{"@type":"PropertyValueSpecification","valueRequired":true,"valueName":"search_term_string"}}],"inLanguage":"nb-NO"},{"@type":"Organization","@id":"https:\/\/staging.forenteforlag.no\/spartacus\/#organization","name":"Spartacus forlag","url":"https:\/\/staging.forenteforlag.no\/spartacus\/","logo":{"@type":"ImageObject","inLanguage":"nb-NO","@id":"https:\/\/staging.forenteforlag.no\/spartacus\/#\/schema\/logo\/image\/","url":"https:\/\/staging.forenteforlag.no\/spartacus\/wp-content\/uploads\/sites\/6\/2024\/09\/Spartacus_logo.svg","contentUrl":"https:\/\/staging.forenteforlag.no\/spartacus\/wp-content\/uploads\/sites\/6\/2024\/09\/Spartacus_logo.svg","width":100,"height":100,"caption":"Spartacus forlag"},"image":{"@id":"https:\/\/staging.forenteforlag.no\/spartacus\/#\/schema\/logo\/image\/"},"sameAs":["https:\/\/www.facebook.com\/SpartacusForlag"]}]}},"_links":{"self":[{"href":"https:\/\/staging.forenteforlag.no\/spartacus\/wp-json\/wp\/v2\/product\/20502","targetHints":{"allow":["GET"]}}],"collection":[{"href":"https:\/\/staging.forenteforlag.no\/spartacus\/wp-json\/wp\/v2\/product"}],"about":[{"href":"https:\/\/staging.forenteforlag.no\/spartacus\/wp-json\/wp\/v2\/types\/product"}],"wp:featuredmedia":[{"embeddable":true,"href":"https:\/\/staging.forenteforlag.no\/spartacus\/wp-json\/wp\/v2\/media\/26793"}],"wp:attachment":[{"href":"https:\/\/staging.forenteforlag.no\/spartacus\/wp-json\/wp\/v2\/media?parent=20502"}],"wp:term":[{"taxonomy":"product_brand","embeddable":true,"href":"https:\/\/staging.forenteforlag.no\/spartacus\/wp-json\/wp\/v2\/product_brand?post=20502"},{"taxonomy":"product_cat","embeddable":true,"href":"https:\/\/staging.forenteforlag.no\/spartacus\/wp-json\/wp\/v2\/product_cat?post=20502"},{"taxonomy":"product_tag","embeddable":true,"href":"https:\/\/staging.forenteforlag.no\/spartacus\/wp-json\/wp\/v2\/product_tag?post=20502"}],"curies":[{"name":"wp","href":"https:\/\/api.w.org\/{rel}","templated":true}]}}