{"id":20468,"date":"2010-09-15T02:00:00","date_gmt":"2010-09-15T00:00:00","guid":{"rendered":"https:\/\/spartacus.forenteforlag.no\/produkt\/bare-kirka-sto-igjen-2\/"},"modified":"2026-03-02T17:46:09","modified_gmt":"2026-03-02T16:46:09","slug":"bare-kirka-sto-igjen-2","status":"publish","type":"product","link":"https:\/\/staging.forenteforlag.no\/spartacus\/produkt\/bare-kirka-sto-igjen-2\/","title":{"rendered":"Bare kirka sto igjen"},"content":{"rendered":"<p>Gjennom personlige beretninger gir Marion Palmer et sterkt innblikk i folks opplevelser av krigen i de sm\u00e5 bygdene i Kvalsund kommune. Sm\u00e5 og store \u00f8yeblikk er klippet sammen til en medrivende fortelling. Marion Palmer utfordrer den vanlige m\u00e5ten \u00e5 fortelle historien om krigen p\u00e5. Dette er historie fortalt nedenfra &#8211; her kommer hverdagsmennesket til ordet, og det hun har \u00e5 si, ber\u00f8rer oss dypt.   Bare kirka sto igjen er en episk fremstilling av hverdagsliv og motstand, evakuering og livet etter en utmattende krig.  Likner ikke noe annet du har lest!?  Illustrert med fotografier.<\/p>\n","protected":false},"excerpt":{"rendered":"<p>Gjennom personlige beretninger gir Marion Palmer et sterkt innblikk i folks opplevelser av krigen i de sm\u00e5 bygdene i Kvalsund kommune. Sm\u00e5 og store \u00f8yeblikk er klippet sammen til en medrivende fortelling. Marion Palmer utfordrer den vanlige m\u00e5ten \u00e5 fortelle historien om krigen p\u00e5. Dette er historie fortalt nedenfra &#8211; her kommer hverdagsmennesket til ordet, [&hellip;]<\/p>\n","protected":false},"featured_media":26262,"template":"","meta":{"_acf_changed":false,"inline_featured_image":false},"product_brand":[],"product_cat":[1786],"product_tag":[362],"class_list":{"0":"post-20468","1":"product","2":"type-product","3":"status-publish","4":"has-post-thumbnail","6":"product_cat-rabattkodekampanje","7":"product_tag-faglitteratur","9":"first","10":"instock","11":"shipping-taxable","12":"purchasable","13":"product-type-simple"},"acf":{"anmeldelse":[{"tekst_anmeldelser":"\u00abMeget raskt ble jeg fanget med som begeistret leser av dette prosjektet\u00bb","av_anmeldelser":"Guri Hjeltnes","terningkast":false,"kilde":"VG"}]},"yoast_head":"<!-- This site is optimized with the Yoast SEO plugin v26.6 - https:\/\/yoast.com\/wordpress\/plugins\/seo\/ -->\n<title>Bare kirka sto igjen - Spartacus<\/title>\n<meta name=\"robots\" content=\"noindex, follow, max-snippet:-1, max-image-preview:large, max-video-preview:-1\" \/>\n<meta property=\"og:locale\" content=\"nb_NO\" \/>\n<meta property=\"og:type\" content=\"article\" \/>\n<meta property=\"og:title\" content=\"Bare kirka sto igjen - Spartacus\" \/>\n<meta property=\"og:description\" content=\"Gjennom personlige beretninger gir Marion Palmer et sterkt innblikk i folks opplevelser av krigen i de sm\u00e5 bygdene i Kvalsund kommune. Sm\u00e5 og store \u00f8yeblikk er klippet sammen til en medrivende fortelling. Marion Palmer utfordrer den vanlige m\u00e5ten \u00e5 fortelle historien om krigen p\u00e5. Dette er historie fortalt nedenfra &#8211; her kommer hverdagsmennesket til ordet, [&hellip;]\" \/>\n<meta property=\"og:url\" content=\"https:\/\/staging.forenteforlag.no\/spartacus\/produkt\/bare-kirka-sto-igjen-2\/\" \/>\n<meta property=\"og:site_name\" content=\"Spartacus\" \/>\n<meta property=\"article:publisher\" content=\"https:\/\/www.facebook.com\/SpartacusForlag\" \/>\n<meta property=\"article:modified_time\" content=\"2026-03-02T16:46:09+00:00\" \/>\n<meta property=\"og:image\" content=\"https:\/\/staging.forenteforlag.no\/spartacus\/wp-content\/uploads\/sites\/6\/2026\/02\/9788243005518.jpg\" \/>\n\t<meta property=\"og:image:width\" content=\"720\" \/>\n\t<meta property=\"og:image:height\" content=\"1080\" \/>\n\t<meta property=\"og:image:type\" content=\"image\/jpeg\" \/>\n<meta name=\"twitter:card\" content=\"summary_large_image\" \/>\n<script type=\"application\/ld+json\" class=\"yoast-schema-graph\">{\"@context\":\"https:\/\/schema.org\",\"@graph\":[{\"@type\":\"WebPage\",\"@id\":\"https:\/\/staging.forenteforlag.no\/spartacus\/produkt\/bare-kirka-sto-igjen-2\/\",\"url\":\"https:\/\/staging.forenteforlag.no\/spartacus\/produkt\/bare-kirka-sto-igjen-2\/\",\"name\":\"Bare kirka sto igjen - Spartacus\",\"isPartOf\":{\"@id\":\"https:\/\/staging.forenteforlag.no\/spartacus\/#website\"},\"primaryImageOfPage\":{\"@id\":\"https:\/\/staging.forenteforlag.no\/spartacus\/produkt\/bare-kirka-sto-igjen-2\/#primaryimage\"},\"image\":{\"@id\":\"https:\/\/staging.forenteforlag.no\/spartacus\/produkt\/bare-kirka-sto-igjen-2\/#primaryimage\"},\"thumbnailUrl\":\"https:\/\/staging.forenteforlag.no\/spartacus\/wp-content\/uploads\/sites\/6\/2026\/02\/9788243005518.jpg\",\"datePublished\":\"2010-09-15T00:00:00+00:00\",\"dateModified\":\"2026-03-02T16:46:09+00:00\",\"breadcrumb\":{\"@id\":\"https:\/\/staging.forenteforlag.no\/spartacus\/produkt\/bare-kirka-sto-igjen-2\/#breadcrumb\"},\"inLanguage\":\"nb-NO\",\"potentialAction\":[{\"@type\":\"ReadAction\",\"target\":[\"https:\/\/staging.forenteforlag.no\/spartacus\/produkt\/bare-kirka-sto-igjen-2\/\"]}]},{\"@type\":\"ImageObject\",\"inLanguage\":\"nb-NO\",\"@id\":\"https:\/\/staging.forenteforlag.no\/spartacus\/produkt\/bare-kirka-sto-igjen-2\/#primaryimage\",\"url\":\"https:\/\/staging.forenteforlag.no\/spartacus\/wp-content\/uploads\/sites\/6\/2026\/02\/9788243005518.jpg\",\"contentUrl\":\"https:\/\/staging.forenteforlag.no\/spartacus\/wp-content\/uploads\/sites\/6\/2026\/02\/9788243005518.jpg\",\"width\":720,\"height\":1080},{\"@type\":\"BreadcrumbList\",\"@id\":\"https:\/\/staging.forenteforlag.no\/spartacus\/produkt\/bare-kirka-sto-igjen-2\/#breadcrumb\",\"itemListElement\":[{\"@type\":\"ListItem\",\"position\":1,\"name\":\"Hjem\",\"item\":\"https:\/\/staging.forenteforlag.no\/spartacus\/\"},{\"@type\":\"ListItem\",\"position\":2,\"name\":\"Alle b\u00f8ker\",\"item\":\"https:\/\/staging.forenteforlag.no\/spartacus\/butikk\/\"},{\"@type\":\"ListItem\",\"position\":3,\"name\":\"Bare kirka sto igjen\"}]},{\"@type\":\"WebSite\",\"@id\":\"https:\/\/staging.forenteforlag.no\/spartacus\/#website\",\"url\":\"https:\/\/staging.forenteforlag.no\/spartacus\/\",\"name\":\"Spartacus forlag\",\"description\":\"\",\"publisher\":{\"@id\":\"https:\/\/staging.forenteforlag.no\/spartacus\/#organization\"},\"potentialAction\":[{\"@type\":\"SearchAction\",\"target\":{\"@type\":\"EntryPoint\",\"urlTemplate\":\"https:\/\/staging.forenteforlag.no\/spartacus\/?s={search_term_string}\"},\"query-input\":{\"@type\":\"PropertyValueSpecification\",\"valueRequired\":true,\"valueName\":\"search_term_string\"}}],\"inLanguage\":\"nb-NO\"},{\"@type\":\"Organization\",\"@id\":\"https:\/\/staging.forenteforlag.no\/spartacus\/#organization\",\"name\":\"Spartacus forlag\",\"url\":\"https:\/\/staging.forenteforlag.no\/spartacus\/\",\"logo\":{\"@type\":\"ImageObject\",\"inLanguage\":\"nb-NO\",\"@id\":\"https:\/\/staging.forenteforlag.no\/spartacus\/#\/schema\/logo\/image\/\",\"url\":\"https:\/\/staging.forenteforlag.no\/spartacus\/wp-content\/uploads\/sites\/6\/2024\/09\/Spartacus_logo.svg\",\"contentUrl\":\"https:\/\/staging.forenteforlag.no\/spartacus\/wp-content\/uploads\/sites\/6\/2024\/09\/Spartacus_logo.svg\",\"width\":100,\"height\":100,\"caption\":\"Spartacus forlag\"},\"image\":{\"@id\":\"https:\/\/staging.forenteforlag.no\/spartacus\/#\/schema\/logo\/image\/\"},\"sameAs\":[\"https:\/\/www.facebook.com\/SpartacusForlag\"]}]}<\/script>\n<!-- \/ Yoast SEO plugin. -->","yoast_head_json":{"title":"Bare kirka sto igjen - Spartacus","robots":{"index":"noindex","follow":"follow","max-snippet":"max-snippet:-1","max-image-preview":"max-image-preview:large","max-video-preview":"max-video-preview:-1"},"og_locale":"nb_NO","og_type":"article","og_title":"Bare kirka sto igjen - Spartacus","og_description":"Gjennom personlige beretninger gir Marion Palmer et sterkt innblikk i folks opplevelser av krigen i de sm\u00e5 bygdene i Kvalsund kommune. Sm\u00e5 og store \u00f8yeblikk er klippet sammen til en medrivende fortelling. Marion Palmer utfordrer den vanlige m\u00e5ten \u00e5 fortelle historien om krigen p\u00e5. Dette er historie fortalt nedenfra &#8211; her kommer hverdagsmennesket til ordet, [&hellip;]","og_url":"https:\/\/staging.forenteforlag.no\/spartacus\/produkt\/bare-kirka-sto-igjen-2\/","og_site_name":"Spartacus","article_publisher":"https:\/\/www.facebook.com\/SpartacusForlag","article_modified_time":"2026-03-02T16:46:09+00:00","og_image":[{"width":720,"height":1080,"url":"https:\/\/staging.forenteforlag.no\/spartacus\/wp-content\/uploads\/sites\/6\/2026\/02\/9788243005518.jpg","type":"image\/jpeg"}],"twitter_card":"summary_large_image","schema":{"@context":"https:\/\/schema.org","@graph":[{"@type":"WebPage","@id":"https:\/\/staging.forenteforlag.no\/spartacus\/produkt\/bare-kirka-sto-igjen-2\/","url":"https:\/\/staging.forenteforlag.no\/spartacus\/produkt\/bare-kirka-sto-igjen-2\/","name":"Bare kirka sto igjen - Spartacus","isPartOf":{"@id":"https:\/\/staging.forenteforlag.no\/spartacus\/#website"},"primaryImageOfPage":{"@id":"https:\/\/staging.forenteforlag.no\/spartacus\/produkt\/bare-kirka-sto-igjen-2\/#primaryimage"},"image":{"@id":"https:\/\/staging.forenteforlag.no\/spartacus\/produkt\/bare-kirka-sto-igjen-2\/#primaryimage"},"thumbnailUrl":"https:\/\/staging.forenteforlag.no\/spartacus\/wp-content\/uploads\/sites\/6\/2026\/02\/9788243005518.jpg","datePublished":"2010-09-15T00:00:00+00:00","dateModified":"2026-03-02T16:46:09+00:00","breadcrumb":{"@id":"https:\/\/staging.forenteforlag.no\/spartacus\/produkt\/bare-kirka-sto-igjen-2\/#breadcrumb"},"inLanguage":"nb-NO","potentialAction":[{"@type":"ReadAction","target":["https:\/\/staging.forenteforlag.no\/spartacus\/produkt\/bare-kirka-sto-igjen-2\/"]}]},{"@type":"ImageObject","inLanguage":"nb-NO","@id":"https:\/\/staging.forenteforlag.no\/spartacus\/produkt\/bare-kirka-sto-igjen-2\/#primaryimage","url":"https:\/\/staging.forenteforlag.no\/spartacus\/wp-content\/uploads\/sites\/6\/2026\/02\/9788243005518.jpg","contentUrl":"https:\/\/staging.forenteforlag.no\/spartacus\/wp-content\/uploads\/sites\/6\/2026\/02\/9788243005518.jpg","width":720,"height":1080},{"@type":"BreadcrumbList","@id":"https:\/\/staging.forenteforlag.no\/spartacus\/produkt\/bare-kirka-sto-igjen-2\/#breadcrumb","itemListElement":[{"@type":"ListItem","position":1,"name":"Hjem","item":"https:\/\/staging.forenteforlag.no\/spartacus\/"},{"@type":"ListItem","position":2,"name":"Alle b\u00f8ker","item":"https:\/\/staging.forenteforlag.no\/spartacus\/butikk\/"},{"@type":"ListItem","position":3,"name":"Bare kirka sto igjen"}]},{"@type":"WebSite","@id":"https:\/\/staging.forenteforlag.no\/spartacus\/#website","url":"https:\/\/staging.forenteforlag.no\/spartacus\/","name":"Spartacus forlag","description":"","publisher":{"@id":"https:\/\/staging.forenteforlag.no\/spartacus\/#organization"},"potentialAction":[{"@type":"SearchAction","target":{"@type":"EntryPoint","urlTemplate":"https:\/\/staging.forenteforlag.no\/spartacus\/?s={search_term_string}"},"query-input":{"@type":"PropertyValueSpecification","valueRequired":true,"valueName":"search_term_string"}}],"inLanguage":"nb-NO"},{"@type":"Organization","@id":"https:\/\/staging.forenteforlag.no\/spartacus\/#organization","name":"Spartacus forlag","url":"https:\/\/staging.forenteforlag.no\/spartacus\/","logo":{"@type":"ImageObject","inLanguage":"nb-NO","@id":"https:\/\/staging.forenteforlag.no\/spartacus\/#\/schema\/logo\/image\/","url":"https:\/\/staging.forenteforlag.no\/spartacus\/wp-content\/uploads\/sites\/6\/2024\/09\/Spartacus_logo.svg","contentUrl":"https:\/\/staging.forenteforlag.no\/spartacus\/wp-content\/uploads\/sites\/6\/2024\/09\/Spartacus_logo.svg","width":100,"height":100,"caption":"Spartacus forlag"},"image":{"@id":"https:\/\/staging.forenteforlag.no\/spartacus\/#\/schema\/logo\/image\/"},"sameAs":["https:\/\/www.facebook.com\/SpartacusForlag"]}]}},"_links":{"self":[{"href":"https:\/\/staging.forenteforlag.no\/spartacus\/wp-json\/wp\/v2\/product\/20468","targetHints":{"allow":["GET"]}}],"collection":[{"href":"https:\/\/staging.forenteforlag.no\/spartacus\/wp-json\/wp\/v2\/product"}],"about":[{"href":"https:\/\/staging.forenteforlag.no\/spartacus\/wp-json\/wp\/v2\/types\/product"}],"wp:featuredmedia":[{"embeddable":true,"href":"https:\/\/staging.forenteforlag.no\/spartacus\/wp-json\/wp\/v2\/media\/26262"}],"wp:attachment":[{"href":"https:\/\/staging.forenteforlag.no\/spartacus\/wp-json\/wp\/v2\/media?parent=20468"}],"wp:term":[{"taxonomy":"product_brand","embeddable":true,"href":"https:\/\/staging.forenteforlag.no\/spartacus\/wp-json\/wp\/v2\/product_brand?post=20468"},{"taxonomy":"product_cat","embeddable":true,"href":"https:\/\/staging.forenteforlag.no\/spartacus\/wp-json\/wp\/v2\/product_cat?post=20468"},{"taxonomy":"product_tag","embeddable":true,"href":"https:\/\/staging.forenteforlag.no\/spartacus\/wp-json\/wp\/v2\/product_tag?post=20468"}],"curies":[{"name":"wp","href":"https:\/\/api.w.org\/{rel}","templated":true}]}}