{"id":20444,"date":"2015-11-09T01:00:00","date_gmt":"2015-11-09T00:00:00","guid":{"rendered":"https:\/\/spartacus.forenteforlag.no\/produkt\/sagakongene\/"},"modified":"2026-03-02T18:05:49","modified_gmt":"2026-03-02T17:05:49","slug":"sagakongene","status":"publish","type":"product","link":"https:\/\/staging.forenteforlag.no\/spartacus\/produkt\/sagakongene\/","title":{"rendered":"Sagakongene"},"content":{"rendered":"<p>Praktbok som er en perfekt gave til jul eller konformasjon. Boka inneholder samtlige av utgivelsene i serien om de norske sagakongene. <br \/>Utgis i samarbeid med Saga Bok <\/p>\n<p>Inneholder komplett serie av Sagakongene: <br \/> Harald H\u00e5rfagre &#8211; Sagakongene 1 <br \/> Harald Hardr\u00e5de &#8211; Sagakongene 2 <br \/> Eirik Blod\u00f8ks &#8211; Sagakongene 3 <br \/> Olav Kyrre &#8211; Sagakongene 4 <br \/> Magnus den Gode &#8211; Sagakongene 5 <br \/> H\u00e5kon den gode &#8211; Sagakongene 6 <br \/> Olav Tryggvason. Sagakongene 7 <br \/> Magnus Berrf\u00f8tt. Sagakongene 8 <br \/> H\u00e5kon Jarl &#8211; Sagakongene 9 <br \/> Olav den hellige. Sagakongene 10 <\/p>\n<p>\u00ab &#8230;en spenstig og underholdende serie for alle historieinteresserte. Forlagene har rett og slett tenkt \u00e5 gi oss hele kongerekken sett med <br \/>friske \u00f8yne, og med vekt p\u00e5 alt som nyere forskning og arkeologi har gravd frem. For det er ikke nokmed Snorre!\u00bb <br \/>Tor \u00c5ge Bringsv\u00e6rd i Adresseavisen<\/p>\n","protected":false},"excerpt":{"rendered":"<p>Praktbok som er en perfekt gave til jul eller konformasjon. Boka inneholder samtlige av utgivelsene i serien om de norske sagakongene. Utgis i samarbeid med Saga Bok Inneholder komplett serie av Sagakongene: Harald H\u00e5rfagre &#8211; Sagakongene 1 Harald Hardr\u00e5de &#8211; Sagakongene 2 Eirik Blod\u00f8ks &#8211; Sagakongene 3 Olav Kyrre &#8211; Sagakongene 4 Magnus den Gode [&hellip;]<\/p>\n","protected":false},"featured_media":26451,"template":"","meta":{"_acf_changed":false,"inline_featured_image":false},"product_brand":[],"product_cat":[1786],"product_tag":[362],"class_list":{"0":"post-20444","1":"product","2":"type-product","3":"status-publish","4":"has-post-thumbnail","6":"product_cat-rabattkodekampanje","7":"product_tag-faglitteratur","9":"first","10":"midlertidig-utsolgt","11":"shipping-taxable","12":"purchasable","13":"product-type-simple"},"acf":{"anmeldelse":[{"tekst_anmeldelser":"\u00abEr dette Norges beste historie? [...] Historiene om HaraldH\u00e5rfagre, hans forgjengere og etterkommere, er altfor gode til \u00e5 leve innestengt i et l\u00e6ringsorientert skolesystem... \nTor \u00c5ge Bringsv\u00e6rd,  en gigant som elsker de overveldende eventyr, har latt seg begeistre av b\u00f8kene, og enda mer av selve ideen. Han har helt rett, og vi f\u00e5r heie med og kaste oss over de sm\u00e5 og lettleste b\u00f8kene om norske sagakonger.\u00bb","av_anmeldelser":"Tarald Aano","terningkast":false,"kilde":"Stavanger Aftenblad"},{"tekst_anmeldelser":"\u00abB\u00f8kene virker passe store, og burde egne seg for dagens mennesker. Og det er ikke til \u00e5 komme forbi at v\u00e5re f\u00f8rste monarker var noen interessante og spennende mennesker. Bare tenk om Harald Hardr\u00e5de hadde seiret ved Stamford Bridge.\u00bb","av_anmeldelser":"Bjarte Botnen","terningkast":false,"kilde":"V\u00e5rt Land"}]},"yoast_head":"<!-- This site is optimized with the Yoast SEO plugin v26.6 - https:\/\/yoast.com\/wordpress\/plugins\/seo\/ -->\n<title>Sagakongene - Spartacus<\/title>\n<meta name=\"robots\" content=\"noindex, follow, max-snippet:-1, max-image-preview:large, max-video-preview:-1\" \/>\n<meta property=\"og:locale\" content=\"nb_NO\" \/>\n<meta property=\"og:type\" content=\"article\" \/>\n<meta property=\"og:title\" content=\"Sagakongene - Spartacus\" \/>\n<meta property=\"og:description\" content=\"Praktbok som er en perfekt gave til jul eller konformasjon. Boka inneholder samtlige av utgivelsene i serien om de norske sagakongene. Utgis i samarbeid med Saga Bok Inneholder komplett serie av Sagakongene: Harald H\u00e5rfagre &#8211; Sagakongene 1 Harald Hardr\u00e5de &#8211; Sagakongene 2 Eirik Blod\u00f8ks &#8211; Sagakongene 3 Olav Kyrre &#8211; Sagakongene 4 Magnus den Gode [&hellip;]\" \/>\n<meta property=\"og:url\" content=\"https:\/\/staging.forenteforlag.no\/spartacus\/produkt\/sagakongene\/\" \/>\n<meta property=\"og:site_name\" content=\"Spartacus\" \/>\n<meta property=\"article:publisher\" content=\"https:\/\/www.facebook.com\/SpartacusForlag\" \/>\n<meta property=\"article:modified_time\" content=\"2026-03-02T17:05:49+00:00\" \/>\n<meta property=\"og:image\" content=\"https:\/\/staging.forenteforlag.no\/spartacus\/wp-content\/uploads\/sites\/6\/2026\/02\/9788243009837.jpg\" \/>\n\t<meta property=\"og:image:width\" content=\"720\" \/>\n\t<meta property=\"og:image:height\" content=\"1017\" \/>\n\t<meta property=\"og:image:type\" content=\"image\/jpeg\" \/>\n<meta name=\"twitter:card\" content=\"summary_large_image\" \/>\n<meta name=\"twitter:label1\" content=\"Ansl. lesetid\" \/>\n\t<meta name=\"twitter:data1\" content=\"1 minutt\" \/>\n<script type=\"application\/ld+json\" class=\"yoast-schema-graph\">{\"@context\":\"https:\/\/schema.org\",\"@graph\":[{\"@type\":\"WebPage\",\"@id\":\"https:\/\/staging.forenteforlag.no\/spartacus\/produkt\/sagakongene\/\",\"url\":\"https:\/\/staging.forenteforlag.no\/spartacus\/produkt\/sagakongene\/\",\"name\":\"Sagakongene - Spartacus\",\"isPartOf\":{\"@id\":\"https:\/\/staging.forenteforlag.no\/spartacus\/#website\"},\"primaryImageOfPage\":{\"@id\":\"https:\/\/staging.forenteforlag.no\/spartacus\/produkt\/sagakongene\/#primaryimage\"},\"image\":{\"@id\":\"https:\/\/staging.forenteforlag.no\/spartacus\/produkt\/sagakongene\/#primaryimage\"},\"thumbnailUrl\":\"https:\/\/staging.forenteforlag.no\/spartacus\/wp-content\/uploads\/sites\/6\/2026\/02\/9788243009837.jpg\",\"datePublished\":\"2015-11-09T00:00:00+00:00\",\"dateModified\":\"2026-03-02T17:05:49+00:00\",\"breadcrumb\":{\"@id\":\"https:\/\/staging.forenteforlag.no\/spartacus\/produkt\/sagakongene\/#breadcrumb\"},\"inLanguage\":\"nb-NO\",\"potentialAction\":[{\"@type\":\"ReadAction\",\"target\":[\"https:\/\/staging.forenteforlag.no\/spartacus\/produkt\/sagakongene\/\"]}]},{\"@type\":\"ImageObject\",\"inLanguage\":\"nb-NO\",\"@id\":\"https:\/\/staging.forenteforlag.no\/spartacus\/produkt\/sagakongene\/#primaryimage\",\"url\":\"https:\/\/staging.forenteforlag.no\/spartacus\/wp-content\/uploads\/sites\/6\/2026\/02\/9788243009837.jpg\",\"contentUrl\":\"https:\/\/staging.forenteforlag.no\/spartacus\/wp-content\/uploads\/sites\/6\/2026\/02\/9788243009837.jpg\",\"width\":720,\"height\":1017},{\"@type\":\"BreadcrumbList\",\"@id\":\"https:\/\/staging.forenteforlag.no\/spartacus\/produkt\/sagakongene\/#breadcrumb\",\"itemListElement\":[{\"@type\":\"ListItem\",\"position\":1,\"name\":\"Hjem\",\"item\":\"https:\/\/staging.forenteforlag.no\/spartacus\/\"},{\"@type\":\"ListItem\",\"position\":2,\"name\":\"Alle b\u00f8ker\",\"item\":\"https:\/\/staging.forenteforlag.no\/spartacus\/butikk\/\"},{\"@type\":\"ListItem\",\"position\":3,\"name\":\"Sagakongene\"}]},{\"@type\":\"WebSite\",\"@id\":\"https:\/\/staging.forenteforlag.no\/spartacus\/#website\",\"url\":\"https:\/\/staging.forenteforlag.no\/spartacus\/\",\"name\":\"Spartacus forlag\",\"description\":\"\",\"publisher\":{\"@id\":\"https:\/\/staging.forenteforlag.no\/spartacus\/#organization\"},\"potentialAction\":[{\"@type\":\"SearchAction\",\"target\":{\"@type\":\"EntryPoint\",\"urlTemplate\":\"https:\/\/staging.forenteforlag.no\/spartacus\/?s={search_term_string}\"},\"query-input\":{\"@type\":\"PropertyValueSpecification\",\"valueRequired\":true,\"valueName\":\"search_term_string\"}}],\"inLanguage\":\"nb-NO\"},{\"@type\":\"Organization\",\"@id\":\"https:\/\/staging.forenteforlag.no\/spartacus\/#organization\",\"name\":\"Spartacus forlag\",\"url\":\"https:\/\/staging.forenteforlag.no\/spartacus\/\",\"logo\":{\"@type\":\"ImageObject\",\"inLanguage\":\"nb-NO\",\"@id\":\"https:\/\/staging.forenteforlag.no\/spartacus\/#\/schema\/logo\/image\/\",\"url\":\"https:\/\/staging.forenteforlag.no\/spartacus\/wp-content\/uploads\/sites\/6\/2024\/09\/Spartacus_logo.svg\",\"contentUrl\":\"https:\/\/staging.forenteforlag.no\/spartacus\/wp-content\/uploads\/sites\/6\/2024\/09\/Spartacus_logo.svg\",\"width\":100,\"height\":100,\"caption\":\"Spartacus forlag\"},\"image\":{\"@id\":\"https:\/\/staging.forenteforlag.no\/spartacus\/#\/schema\/logo\/image\/\"},\"sameAs\":[\"https:\/\/www.facebook.com\/SpartacusForlag\"]}]}<\/script>\n<!-- \/ Yoast SEO plugin. -->","yoast_head_json":{"title":"Sagakongene - Spartacus","robots":{"index":"noindex","follow":"follow","max-snippet":"max-snippet:-1","max-image-preview":"max-image-preview:large","max-video-preview":"max-video-preview:-1"},"og_locale":"nb_NO","og_type":"article","og_title":"Sagakongene - Spartacus","og_description":"Praktbok som er en perfekt gave til jul eller konformasjon. Boka inneholder samtlige av utgivelsene i serien om de norske sagakongene. Utgis i samarbeid med Saga Bok Inneholder komplett serie av Sagakongene: Harald H\u00e5rfagre &#8211; Sagakongene 1 Harald Hardr\u00e5de &#8211; Sagakongene 2 Eirik Blod\u00f8ks &#8211; Sagakongene 3 Olav Kyrre &#8211; Sagakongene 4 Magnus den Gode [&hellip;]","og_url":"https:\/\/staging.forenteforlag.no\/spartacus\/produkt\/sagakongene\/","og_site_name":"Spartacus","article_publisher":"https:\/\/www.facebook.com\/SpartacusForlag","article_modified_time":"2026-03-02T17:05:49+00:00","og_image":[{"width":720,"height":1017,"url":"https:\/\/staging.forenteforlag.no\/spartacus\/wp-content\/uploads\/sites\/6\/2026\/02\/9788243009837.jpg","type":"image\/jpeg"}],"twitter_card":"summary_large_image","twitter_misc":{"Ansl. lesetid":"1 minutt"},"schema":{"@context":"https:\/\/schema.org","@graph":[{"@type":"WebPage","@id":"https:\/\/staging.forenteforlag.no\/spartacus\/produkt\/sagakongene\/","url":"https:\/\/staging.forenteforlag.no\/spartacus\/produkt\/sagakongene\/","name":"Sagakongene - Spartacus","isPartOf":{"@id":"https:\/\/staging.forenteforlag.no\/spartacus\/#website"},"primaryImageOfPage":{"@id":"https:\/\/staging.forenteforlag.no\/spartacus\/produkt\/sagakongene\/#primaryimage"},"image":{"@id":"https:\/\/staging.forenteforlag.no\/spartacus\/produkt\/sagakongene\/#primaryimage"},"thumbnailUrl":"https:\/\/staging.forenteforlag.no\/spartacus\/wp-content\/uploads\/sites\/6\/2026\/02\/9788243009837.jpg","datePublished":"2015-11-09T00:00:00+00:00","dateModified":"2026-03-02T17:05:49+00:00","breadcrumb":{"@id":"https:\/\/staging.forenteforlag.no\/spartacus\/produkt\/sagakongene\/#breadcrumb"},"inLanguage":"nb-NO","potentialAction":[{"@type":"ReadAction","target":["https:\/\/staging.forenteforlag.no\/spartacus\/produkt\/sagakongene\/"]}]},{"@type":"ImageObject","inLanguage":"nb-NO","@id":"https:\/\/staging.forenteforlag.no\/spartacus\/produkt\/sagakongene\/#primaryimage","url":"https:\/\/staging.forenteforlag.no\/spartacus\/wp-content\/uploads\/sites\/6\/2026\/02\/9788243009837.jpg","contentUrl":"https:\/\/staging.forenteforlag.no\/spartacus\/wp-content\/uploads\/sites\/6\/2026\/02\/9788243009837.jpg","width":720,"height":1017},{"@type":"BreadcrumbList","@id":"https:\/\/staging.forenteforlag.no\/spartacus\/produkt\/sagakongene\/#breadcrumb","itemListElement":[{"@type":"ListItem","position":1,"name":"Hjem","item":"https:\/\/staging.forenteforlag.no\/spartacus\/"},{"@type":"ListItem","position":2,"name":"Alle b\u00f8ker","item":"https:\/\/staging.forenteforlag.no\/spartacus\/butikk\/"},{"@type":"ListItem","position":3,"name":"Sagakongene"}]},{"@type":"WebSite","@id":"https:\/\/staging.forenteforlag.no\/spartacus\/#website","url":"https:\/\/staging.forenteforlag.no\/spartacus\/","name":"Spartacus forlag","description":"","publisher":{"@id":"https:\/\/staging.forenteforlag.no\/spartacus\/#organization"},"potentialAction":[{"@type":"SearchAction","target":{"@type":"EntryPoint","urlTemplate":"https:\/\/staging.forenteforlag.no\/spartacus\/?s={search_term_string}"},"query-input":{"@type":"PropertyValueSpecification","valueRequired":true,"valueName":"search_term_string"}}],"inLanguage":"nb-NO"},{"@type":"Organization","@id":"https:\/\/staging.forenteforlag.no\/spartacus\/#organization","name":"Spartacus forlag","url":"https:\/\/staging.forenteforlag.no\/spartacus\/","logo":{"@type":"ImageObject","inLanguage":"nb-NO","@id":"https:\/\/staging.forenteforlag.no\/spartacus\/#\/schema\/logo\/image\/","url":"https:\/\/staging.forenteforlag.no\/spartacus\/wp-content\/uploads\/sites\/6\/2024\/09\/Spartacus_logo.svg","contentUrl":"https:\/\/staging.forenteforlag.no\/spartacus\/wp-content\/uploads\/sites\/6\/2024\/09\/Spartacus_logo.svg","width":100,"height":100,"caption":"Spartacus forlag"},"image":{"@id":"https:\/\/staging.forenteforlag.no\/spartacus\/#\/schema\/logo\/image\/"},"sameAs":["https:\/\/www.facebook.com\/SpartacusForlag"]}]}},"_links":{"self":[{"href":"https:\/\/staging.forenteforlag.no\/spartacus\/wp-json\/wp\/v2\/product\/20444","targetHints":{"allow":["GET"]}}],"collection":[{"href":"https:\/\/staging.forenteforlag.no\/spartacus\/wp-json\/wp\/v2\/product"}],"about":[{"href":"https:\/\/staging.forenteforlag.no\/spartacus\/wp-json\/wp\/v2\/types\/product"}],"wp:featuredmedia":[{"embeddable":true,"href":"https:\/\/staging.forenteforlag.no\/spartacus\/wp-json\/wp\/v2\/media\/26451"}],"wp:attachment":[{"href":"https:\/\/staging.forenteforlag.no\/spartacus\/wp-json\/wp\/v2\/media?parent=20444"}],"wp:term":[{"taxonomy":"product_brand","embeddable":true,"href":"https:\/\/staging.forenteforlag.no\/spartacus\/wp-json\/wp\/v2\/product_brand?post=20444"},{"taxonomy":"product_cat","embeddable":true,"href":"https:\/\/staging.forenteforlag.no\/spartacus\/wp-json\/wp\/v2\/product_cat?post=20444"},{"taxonomy":"product_tag","embeddable":true,"href":"https:\/\/staging.forenteforlag.no\/spartacus\/wp-json\/wp\/v2\/product_tag?post=20444"}],"curies":[{"name":"wp","href":"https:\/\/api.w.org\/{rel}","templated":true}]}}