{"id":20423,"date":"2017-09-12T02:00:00","date_gmt":"2017-09-12T00:00:00","guid":{"rendered":"https:\/\/spartacus.forenteforlag.no\/produkt\/fred-er-ei-det-beste-2\/"},"modified":"2026-03-04T15:15:11","modified_gmt":"2026-03-04T14:15:11","slug":"fred-er-ei-det-beste-2","status":"publish","type":"product","link":"https:\/\/staging.forenteforlag.no\/spartacus\/produkt\/fred-er-ei-det-beste-2\/","title":{"rendered":"Fred er ei det beste"},"content":{"rendered":"<p>Ammunisjon fra Raufoss brukes over hele verden. Den anvendes til \u00e5 \u00abta ut m\u00e5l\u00bb, eller drepe fienden, som det het f\u00f8r. Verdens mest presise ammunisjon er produsert av godlynte totninger. <\/p>\n<p>Det er politisk enighet i Norge om at v\u00e5penindustrien er et fornuftig satsingsomr\u00e5de. Den genererer gode inntekter. V\u00e5re v\u00e5pen fremmer fred. Hvor kommer den forestillingen fra?  <\/p>\n<p>Dag Hoel vokste opp p\u00e5 Raufoss. Som ungdom spurte han, \u00abHvordan kan vi tro p\u00e5 arbeid for fred, n\u00e5r vi lever av krig?\u00bb Det var et uforskammet sp\u00f8rsm\u00e5l, fulgt av rungende stillhet. Snart f\u00f8rti \u00e5r senere svarer han selv med denne boka. <\/p>\n<p>\u00abFred er ei det beste\u00bb er en kj\u00e6rlig innsidefortelling om hvordan vi usynliggj\u00f8r at vi er krigsprofit\u00f8rer.<\/p>\n","protected":false},"excerpt":{"rendered":"<p>Ammunisjon fra Raufoss brukes over hele verden. Den anvendes til \u00e5 \u00abta ut m\u00e5l\u00bb, eller drepe fienden, som det het f\u00f8r. Verdens mest presise ammunisjon er produsert av godlynte totninger. Det er politisk enighet i Norge om at v\u00e5penindustrien er et fornuftig satsingsomr\u00e5de. Den genererer gode inntekter. V\u00e5re v\u00e5pen fremmer fred. Hvor kommer den forestillingen [&hellip;]<\/p>\n","protected":false},"featured_media":26502,"template":"","meta":{"_acf_changed":false,"inline_featured_image":false},"product_brand":[],"product_cat":[1786],"product_tag":[1003,362,1085,1084],"class_list":{"0":"post-20423","1":"product","2":"type-product","3":"status-publish","4":"has-post-thumbnail","6":"product_cat-rabattkodekampanje","7":"product_tag-atomvapen","8":"product_tag-faglitteratur","9":"product_tag-vapenhandel","10":"product_tag-vestre-toten","12":"first","13":"instock","14":"shipping-taxable","15":"purchasable","16":"product-type-simple"},"acf":{"anmeldelse":[{"tekst_anmeldelser":"\u00aben viktig bok om fortielse \u2026 sammenflettingen p\u00e5 flere niv\u00e5er og tilknytningspunktene til forfatterens egen barndom og familiehistorie er vellykket og gj\u00f8r boka til noe mer enn en sakprosaisk brannfakkel. \u2026 Dag Hoels bok gir n\u00f8kler til \u00e5 n\u00e6rme seg fortielsens anatomi, og man f\u00e5r bare h\u00e5pe at ogs\u00e5 politikere vil ta seg bryet med \u00e5 sette seg inn i hva de driver med.\u00bb","av_anmeldelser":"Jon Rognlien","terningkast":"<i class=\"fa-solid fa-dice-five\"><\/i>","kilde":"Dagbladet"}]},"yoast_head":"<!-- This site is optimized with the Yoast SEO plugin v26.6 - https:\/\/yoast.com\/wordpress\/plugins\/seo\/ -->\n<title>Fred er ei det beste - Spartacus<\/title>\n<meta name=\"robots\" content=\"noindex, follow, max-snippet:-1, max-image-preview:large, max-video-preview:-1\" \/>\n<meta property=\"og:locale\" content=\"nb_NO\" \/>\n<meta property=\"og:type\" content=\"article\" \/>\n<meta property=\"og:title\" content=\"Fred er ei det beste - Spartacus\" \/>\n<meta property=\"og:description\" content=\"Ammunisjon fra Raufoss brukes over hele verden. Den anvendes til \u00e5 \u00abta ut m\u00e5l\u00bb, eller drepe fienden, som det het f\u00f8r. Verdens mest presise ammunisjon er produsert av godlynte totninger. Det er politisk enighet i Norge om at v\u00e5penindustrien er et fornuftig satsingsomr\u00e5de. Den genererer gode inntekter. V\u00e5re v\u00e5pen fremmer fred. Hvor kommer den forestillingen [&hellip;]\" \/>\n<meta property=\"og:url\" content=\"https:\/\/staging.forenteforlag.no\/spartacus\/produkt\/fred-er-ei-det-beste-2\/\" \/>\n<meta property=\"og:site_name\" content=\"Spartacus\" \/>\n<meta property=\"article:publisher\" content=\"https:\/\/www.facebook.com\/SpartacusForlag\" \/>\n<meta property=\"article:modified_time\" content=\"2026-03-04T14:15:11+00:00\" \/>\n<meta property=\"og:image\" content=\"https:\/\/staging.forenteforlag.no\/spartacus\/wp-content\/uploads\/sites\/6\/2026\/02\/9788243010888.jpg\" \/>\n\t<meta property=\"og:image:width\" content=\"720\" \/>\n\t<meta property=\"og:image:height\" content=\"1080\" \/>\n\t<meta property=\"og:image:type\" content=\"image\/jpeg\" \/>\n<meta name=\"twitter:card\" content=\"summary_large_image\" \/>\n<meta name=\"twitter:label1\" content=\"Ansl. lesetid\" \/>\n\t<meta name=\"twitter:data1\" content=\"1 minutt\" \/>\n<script type=\"application\/ld+json\" class=\"yoast-schema-graph\">{\"@context\":\"https:\/\/schema.org\",\"@graph\":[{\"@type\":\"WebPage\",\"@id\":\"https:\/\/staging.forenteforlag.no\/spartacus\/produkt\/fred-er-ei-det-beste-2\/\",\"url\":\"https:\/\/staging.forenteforlag.no\/spartacus\/produkt\/fred-er-ei-det-beste-2\/\",\"name\":\"Fred er ei det beste - Spartacus\",\"isPartOf\":{\"@id\":\"https:\/\/staging.forenteforlag.no\/spartacus\/#website\"},\"primaryImageOfPage\":{\"@id\":\"https:\/\/staging.forenteforlag.no\/spartacus\/produkt\/fred-er-ei-det-beste-2\/#primaryimage\"},\"image\":{\"@id\":\"https:\/\/staging.forenteforlag.no\/spartacus\/produkt\/fred-er-ei-det-beste-2\/#primaryimage\"},\"thumbnailUrl\":\"https:\/\/staging.forenteforlag.no\/spartacus\/wp-content\/uploads\/sites\/6\/2026\/02\/9788243010888.jpg\",\"datePublished\":\"2017-09-12T00:00:00+00:00\",\"dateModified\":\"2026-03-04T14:15:11+00:00\",\"breadcrumb\":{\"@id\":\"https:\/\/staging.forenteforlag.no\/spartacus\/produkt\/fred-er-ei-det-beste-2\/#breadcrumb\"},\"inLanguage\":\"nb-NO\",\"potentialAction\":[{\"@type\":\"ReadAction\",\"target\":[\"https:\/\/staging.forenteforlag.no\/spartacus\/produkt\/fred-er-ei-det-beste-2\/\"]}]},{\"@type\":\"ImageObject\",\"inLanguage\":\"nb-NO\",\"@id\":\"https:\/\/staging.forenteforlag.no\/spartacus\/produkt\/fred-er-ei-det-beste-2\/#primaryimage\",\"url\":\"https:\/\/staging.forenteforlag.no\/spartacus\/wp-content\/uploads\/sites\/6\/2026\/02\/9788243010888.jpg\",\"contentUrl\":\"https:\/\/staging.forenteforlag.no\/spartacus\/wp-content\/uploads\/sites\/6\/2026\/02\/9788243010888.jpg\",\"width\":720,\"height\":1080},{\"@type\":\"BreadcrumbList\",\"@id\":\"https:\/\/staging.forenteforlag.no\/spartacus\/produkt\/fred-er-ei-det-beste-2\/#breadcrumb\",\"itemListElement\":[{\"@type\":\"ListItem\",\"position\":1,\"name\":\"Hjem\",\"item\":\"https:\/\/staging.forenteforlag.no\/spartacus\/\"},{\"@type\":\"ListItem\",\"position\":2,\"name\":\"Alle b\u00f8ker\",\"item\":\"https:\/\/staging.forenteforlag.no\/spartacus\/butikk\/\"},{\"@type\":\"ListItem\",\"position\":3,\"name\":\"Fred er ei det beste\"}]},{\"@type\":\"WebSite\",\"@id\":\"https:\/\/staging.forenteforlag.no\/spartacus\/#website\",\"url\":\"https:\/\/staging.forenteforlag.no\/spartacus\/\",\"name\":\"Spartacus forlag\",\"description\":\"\",\"publisher\":{\"@id\":\"https:\/\/staging.forenteforlag.no\/spartacus\/#organization\"},\"potentialAction\":[{\"@type\":\"SearchAction\",\"target\":{\"@type\":\"EntryPoint\",\"urlTemplate\":\"https:\/\/staging.forenteforlag.no\/spartacus\/?s={search_term_string}\"},\"query-input\":{\"@type\":\"PropertyValueSpecification\",\"valueRequired\":true,\"valueName\":\"search_term_string\"}}],\"inLanguage\":\"nb-NO\"},{\"@type\":\"Organization\",\"@id\":\"https:\/\/staging.forenteforlag.no\/spartacus\/#organization\",\"name\":\"Spartacus forlag\",\"url\":\"https:\/\/staging.forenteforlag.no\/spartacus\/\",\"logo\":{\"@type\":\"ImageObject\",\"inLanguage\":\"nb-NO\",\"@id\":\"https:\/\/staging.forenteforlag.no\/spartacus\/#\/schema\/logo\/image\/\",\"url\":\"https:\/\/staging.forenteforlag.no\/spartacus\/wp-content\/uploads\/sites\/6\/2024\/09\/Spartacus_logo.svg\",\"contentUrl\":\"https:\/\/staging.forenteforlag.no\/spartacus\/wp-content\/uploads\/sites\/6\/2024\/09\/Spartacus_logo.svg\",\"width\":100,\"height\":100,\"caption\":\"Spartacus forlag\"},\"image\":{\"@id\":\"https:\/\/staging.forenteforlag.no\/spartacus\/#\/schema\/logo\/image\/\"},\"sameAs\":[\"https:\/\/www.facebook.com\/SpartacusForlag\"]}]}<\/script>\n<!-- \/ Yoast SEO plugin. -->","yoast_head_json":{"title":"Fred er ei det beste - Spartacus","robots":{"index":"noindex","follow":"follow","max-snippet":"max-snippet:-1","max-image-preview":"max-image-preview:large","max-video-preview":"max-video-preview:-1"},"og_locale":"nb_NO","og_type":"article","og_title":"Fred er ei det beste - Spartacus","og_description":"Ammunisjon fra Raufoss brukes over hele verden. Den anvendes til \u00e5 \u00abta ut m\u00e5l\u00bb, eller drepe fienden, som det het f\u00f8r. Verdens mest presise ammunisjon er produsert av godlynte totninger. Det er politisk enighet i Norge om at v\u00e5penindustrien er et fornuftig satsingsomr\u00e5de. Den genererer gode inntekter. V\u00e5re v\u00e5pen fremmer fred. Hvor kommer den forestillingen [&hellip;]","og_url":"https:\/\/staging.forenteforlag.no\/spartacus\/produkt\/fred-er-ei-det-beste-2\/","og_site_name":"Spartacus","article_publisher":"https:\/\/www.facebook.com\/SpartacusForlag","article_modified_time":"2026-03-04T14:15:11+00:00","og_image":[{"width":720,"height":1080,"url":"https:\/\/staging.forenteforlag.no\/spartacus\/wp-content\/uploads\/sites\/6\/2026\/02\/9788243010888.jpg","type":"image\/jpeg"}],"twitter_card":"summary_large_image","twitter_misc":{"Ansl. lesetid":"1 minutt"},"schema":{"@context":"https:\/\/schema.org","@graph":[{"@type":"WebPage","@id":"https:\/\/staging.forenteforlag.no\/spartacus\/produkt\/fred-er-ei-det-beste-2\/","url":"https:\/\/staging.forenteforlag.no\/spartacus\/produkt\/fred-er-ei-det-beste-2\/","name":"Fred er ei det beste - Spartacus","isPartOf":{"@id":"https:\/\/staging.forenteforlag.no\/spartacus\/#website"},"primaryImageOfPage":{"@id":"https:\/\/staging.forenteforlag.no\/spartacus\/produkt\/fred-er-ei-det-beste-2\/#primaryimage"},"image":{"@id":"https:\/\/staging.forenteforlag.no\/spartacus\/produkt\/fred-er-ei-det-beste-2\/#primaryimage"},"thumbnailUrl":"https:\/\/staging.forenteforlag.no\/spartacus\/wp-content\/uploads\/sites\/6\/2026\/02\/9788243010888.jpg","datePublished":"2017-09-12T00:00:00+00:00","dateModified":"2026-03-04T14:15:11+00:00","breadcrumb":{"@id":"https:\/\/staging.forenteforlag.no\/spartacus\/produkt\/fred-er-ei-det-beste-2\/#breadcrumb"},"inLanguage":"nb-NO","potentialAction":[{"@type":"ReadAction","target":["https:\/\/staging.forenteforlag.no\/spartacus\/produkt\/fred-er-ei-det-beste-2\/"]}]},{"@type":"ImageObject","inLanguage":"nb-NO","@id":"https:\/\/staging.forenteforlag.no\/spartacus\/produkt\/fred-er-ei-det-beste-2\/#primaryimage","url":"https:\/\/staging.forenteforlag.no\/spartacus\/wp-content\/uploads\/sites\/6\/2026\/02\/9788243010888.jpg","contentUrl":"https:\/\/staging.forenteforlag.no\/spartacus\/wp-content\/uploads\/sites\/6\/2026\/02\/9788243010888.jpg","width":720,"height":1080},{"@type":"BreadcrumbList","@id":"https:\/\/staging.forenteforlag.no\/spartacus\/produkt\/fred-er-ei-det-beste-2\/#breadcrumb","itemListElement":[{"@type":"ListItem","position":1,"name":"Hjem","item":"https:\/\/staging.forenteforlag.no\/spartacus\/"},{"@type":"ListItem","position":2,"name":"Alle b\u00f8ker","item":"https:\/\/staging.forenteforlag.no\/spartacus\/butikk\/"},{"@type":"ListItem","position":3,"name":"Fred er ei det beste"}]},{"@type":"WebSite","@id":"https:\/\/staging.forenteforlag.no\/spartacus\/#website","url":"https:\/\/staging.forenteforlag.no\/spartacus\/","name":"Spartacus forlag","description":"","publisher":{"@id":"https:\/\/staging.forenteforlag.no\/spartacus\/#organization"},"potentialAction":[{"@type":"SearchAction","target":{"@type":"EntryPoint","urlTemplate":"https:\/\/staging.forenteforlag.no\/spartacus\/?s={search_term_string}"},"query-input":{"@type":"PropertyValueSpecification","valueRequired":true,"valueName":"search_term_string"}}],"inLanguage":"nb-NO"},{"@type":"Organization","@id":"https:\/\/staging.forenteforlag.no\/spartacus\/#organization","name":"Spartacus forlag","url":"https:\/\/staging.forenteforlag.no\/spartacus\/","logo":{"@type":"ImageObject","inLanguage":"nb-NO","@id":"https:\/\/staging.forenteforlag.no\/spartacus\/#\/schema\/logo\/image\/","url":"https:\/\/staging.forenteforlag.no\/spartacus\/wp-content\/uploads\/sites\/6\/2024\/09\/Spartacus_logo.svg","contentUrl":"https:\/\/staging.forenteforlag.no\/spartacus\/wp-content\/uploads\/sites\/6\/2024\/09\/Spartacus_logo.svg","width":100,"height":100,"caption":"Spartacus forlag"},"image":{"@id":"https:\/\/staging.forenteforlag.no\/spartacus\/#\/schema\/logo\/image\/"},"sameAs":["https:\/\/www.facebook.com\/SpartacusForlag"]}]}},"_links":{"self":[{"href":"https:\/\/staging.forenteforlag.no\/spartacus\/wp-json\/wp\/v2\/product\/20423","targetHints":{"allow":["GET"]}}],"collection":[{"href":"https:\/\/staging.forenteforlag.no\/spartacus\/wp-json\/wp\/v2\/product"}],"about":[{"href":"https:\/\/staging.forenteforlag.no\/spartacus\/wp-json\/wp\/v2\/types\/product"}],"wp:featuredmedia":[{"embeddable":true,"href":"https:\/\/staging.forenteforlag.no\/spartacus\/wp-json\/wp\/v2\/media\/26502"}],"wp:attachment":[{"href":"https:\/\/staging.forenteforlag.no\/spartacus\/wp-json\/wp\/v2\/media?parent=20423"}],"wp:term":[{"taxonomy":"product_brand","embeddable":true,"href":"https:\/\/staging.forenteforlag.no\/spartacus\/wp-json\/wp\/v2\/product_brand?post=20423"},{"taxonomy":"product_cat","embeddable":true,"href":"https:\/\/staging.forenteforlag.no\/spartacus\/wp-json\/wp\/v2\/product_cat?post=20423"},{"taxonomy":"product_tag","embeddable":true,"href":"https:\/\/staging.forenteforlag.no\/spartacus\/wp-json\/wp\/v2\/product_tag?post=20423"}],"curies":[{"name":"wp","href":"https:\/\/api.w.org\/{rel}","templated":true}]}}