{"id":20329,"date":"2023-03-13T01:00:00","date_gmt":"2023-03-13T00:00:00","guid":{"rendered":"https:\/\/spartacus.forenteforlag.no\/produkt\/vart-kjemiske-liv-2\/"},"modified":"2026-03-04T15:36:35","modified_gmt":"2026-03-04T14:36:35","slug":"vart-kjemiske-liv-2","status":"publish","type":"product","link":"https:\/\/staging.forenteforlag.no\/spartacus\/produkt\/vart-kjemiske-liv-2\/","title":{"rendered":"V\u00e5rt kjemiske liv"},"content":{"rendered":"<p>Bekymrar du deg for kjemikalia du f\u00e5r i deg og vil helst leve eit naturleg liv? Eller er du litt lei av maset om milj\u00f8gifter?  <\/p>\n<p>\u00abV\u00e5rt kjemiske liv\u00bb tar for seg dei kjemiske stoffa vi m\u00f8ter p\u00e5 i kvardagen. Mange av dei har utan tvil forbetra verda, men nokre kan ogs\u00e5 ha biverknader, som \u00e5 hope seg opp i milj\u00f8et eller klusse med hormonsystemet v\u00e5rt. Milj\u00f8giftene finst overalt, i maten vi et, i drikkeflaska av plast, i hudkremen og sminka, i leiket\u00f8y og mobilar, og til og med i klede. Og dei er mistenkt for \u00e5 gi auka risiko for ei lang rekke helseproblem, fr\u00e5 infertilitet til kreft.  <\/p>\n<p>Unni Eikeseth har snakka med forskarar, milj\u00f8vernarar og kjemikarar som er opptatt av milj\u00f8gifter p\u00e5 ulike m\u00e5tar. I boka m\u00f8ter du biologen som fann hormonhermande milj\u00f8gifter i flaskevatn, milj\u00f8vernaren som oppdaga at det blei tilsett fluorstoff i sminke og legen som vil finne ut kvifor jenter kjem tidlegare i puberteten enn f\u00f8r. Boka fortel ogs\u00e5 historia om kj\u00f8nnsforvirra purpursniglar, og korleis det f\u00f8rte til eit internasjonalt forbod.  <\/p>\n<p>Dette er ei bok for alle som har h\u00e5p om eit samfunn utan milj\u00f8gifter.<\/p>\n","protected":false},"excerpt":{"rendered":"<p>Bekymrar du deg for kjemikalia du f\u00e5r i deg og vil helst leve eit naturleg liv? Eller er du litt lei av maset om milj\u00f8gifter? \u00abV\u00e5rt kjemiske liv\u00bb tar for seg dei kjemiske stoffa vi m\u00f8ter p\u00e5 i kvardagen. Mange av dei har utan tvil forbetra verda, men nokre kan ogs\u00e5 ha biverknader, som \u00e5 [&hellip;]<\/p>\n","protected":false},"featured_media":26761,"template":"","meta":{"_acf_changed":false,"inline_featured_image":false},"product_brand":[],"product_cat":[1786],"product_tag":[362,508,578],"class_list":{"0":"post-20329","1":"product","2":"type-product","3":"status-publish","4":"has-post-thumbnail","6":"product_cat-rabattkodekampanje","7":"product_tag-faglitteratur","8":"product_tag-folkehelse","9":"product_tag-vannforurensning","11":"first","12":"instock","13":"shipping-taxable","14":"purchasable","15":"product-type-simple"},"acf":{"anmeldelse":[{"tekst_anmeldelser":"\u00abEikeseths bok er tankevekkende og opplysende, og forklarer vanskelige og utilgjengelige ting p\u00e5 en enkel m\u00e5te. Samtidig er den l\u00f8sningsorientert, ikke panikkorientert, noe som kan bidra til reel handling. Og den forklarer godt hva som er den st\u00f8rste utfordringen med nye, kjemiske forbindelser som brukes i v\u00e5re produkter: alt vi ikke vet.\u00bb","av_anmeldelser":"Kristian Aas","terningkast":false,"kilde":"Naturvernforbundet.no"}]},"yoast_head":"<!-- This site is optimized with the Yoast SEO plugin v26.6 - https:\/\/yoast.com\/wordpress\/plugins\/seo\/ -->\n<title>V\u00e5rt kjemiske liv - Spartacus<\/title>\n<meta name=\"robots\" content=\"noindex, follow, max-snippet:-1, max-image-preview:large, max-video-preview:-1\" \/>\n<meta property=\"og:locale\" content=\"nb_NO\" \/>\n<meta property=\"og:type\" content=\"article\" \/>\n<meta property=\"og:title\" content=\"V\u00e5rt kjemiske liv - Spartacus\" \/>\n<meta property=\"og:description\" content=\"Bekymrar du deg for kjemikalia du f\u00e5r i deg og vil helst leve eit naturleg liv? Eller er du litt lei av maset om milj\u00f8gifter? \u00abV\u00e5rt kjemiske liv\u00bb tar for seg dei kjemiske stoffa vi m\u00f8ter p\u00e5 i kvardagen. Mange av dei har utan tvil forbetra verda, men nokre kan ogs\u00e5 ha biverknader, som \u00e5 [&hellip;]\" \/>\n<meta property=\"og:url\" content=\"https:\/\/staging.forenteforlag.no\/spartacus\/produkt\/vart-kjemiske-liv-2\/\" \/>\n<meta property=\"og:site_name\" content=\"Spartacus\" \/>\n<meta property=\"article:publisher\" content=\"https:\/\/www.facebook.com\/SpartacusForlag\" \/>\n<meta property=\"article:modified_time\" content=\"2026-03-04T14:36:35+00:00\" \/>\n<meta property=\"og:image\" content=\"https:\/\/staging.forenteforlag.no\/spartacus\/wp-content\/uploads\/sites\/6\/2026\/03\/9788243015111.jpg\" \/>\n\t<meta property=\"og:image:width\" content=\"720\" \/>\n\t<meta property=\"og:image:height\" content=\"1121\" \/>\n\t<meta property=\"og:image:type\" content=\"image\/jpeg\" \/>\n<meta name=\"twitter:card\" content=\"summary_large_image\" \/>\n<meta name=\"twitter:label1\" content=\"Ansl. lesetid\" \/>\n\t<meta name=\"twitter:data1\" content=\"1 minutt\" \/>\n<script type=\"application\/ld+json\" class=\"yoast-schema-graph\">{\"@context\":\"https:\/\/schema.org\",\"@graph\":[{\"@type\":\"WebPage\",\"@id\":\"https:\/\/staging.forenteforlag.no\/spartacus\/produkt\/vart-kjemiske-liv-2\/\",\"url\":\"https:\/\/staging.forenteforlag.no\/spartacus\/produkt\/vart-kjemiske-liv-2\/\",\"name\":\"V\u00e5rt kjemiske liv - Spartacus\",\"isPartOf\":{\"@id\":\"https:\/\/staging.forenteforlag.no\/spartacus\/#website\"},\"primaryImageOfPage\":{\"@id\":\"https:\/\/staging.forenteforlag.no\/spartacus\/produkt\/vart-kjemiske-liv-2\/#primaryimage\"},\"image\":{\"@id\":\"https:\/\/staging.forenteforlag.no\/spartacus\/produkt\/vart-kjemiske-liv-2\/#primaryimage\"},\"thumbnailUrl\":\"https:\/\/staging.forenteforlag.no\/spartacus\/wp-content\/uploads\/sites\/6\/2026\/03\/9788243015111.jpg\",\"datePublished\":\"2023-03-13T00:00:00+00:00\",\"dateModified\":\"2026-03-04T14:36:35+00:00\",\"breadcrumb\":{\"@id\":\"https:\/\/staging.forenteforlag.no\/spartacus\/produkt\/vart-kjemiske-liv-2\/#breadcrumb\"},\"inLanguage\":\"nb-NO\",\"potentialAction\":[{\"@type\":\"ReadAction\",\"target\":[\"https:\/\/staging.forenteforlag.no\/spartacus\/produkt\/vart-kjemiske-liv-2\/\"]}]},{\"@type\":\"ImageObject\",\"inLanguage\":\"nb-NO\",\"@id\":\"https:\/\/staging.forenteforlag.no\/spartacus\/produkt\/vart-kjemiske-liv-2\/#primaryimage\",\"url\":\"https:\/\/staging.forenteforlag.no\/spartacus\/wp-content\/uploads\/sites\/6\/2026\/03\/9788243015111.jpg\",\"contentUrl\":\"https:\/\/staging.forenteforlag.no\/spartacus\/wp-content\/uploads\/sites\/6\/2026\/03\/9788243015111.jpg\",\"width\":720,\"height\":1121},{\"@type\":\"BreadcrumbList\",\"@id\":\"https:\/\/staging.forenteforlag.no\/spartacus\/produkt\/vart-kjemiske-liv-2\/#breadcrumb\",\"itemListElement\":[{\"@type\":\"ListItem\",\"position\":1,\"name\":\"Hjem\",\"item\":\"https:\/\/staging.forenteforlag.no\/spartacus\/\"},{\"@type\":\"ListItem\",\"position\":2,\"name\":\"Alle b\u00f8ker\",\"item\":\"https:\/\/staging.forenteforlag.no\/spartacus\/butikk\/\"},{\"@type\":\"ListItem\",\"position\":3,\"name\":\"V\u00e5rt kjemiske liv\"}]},{\"@type\":\"WebSite\",\"@id\":\"https:\/\/staging.forenteforlag.no\/spartacus\/#website\",\"url\":\"https:\/\/staging.forenteforlag.no\/spartacus\/\",\"name\":\"Spartacus forlag\",\"description\":\"\",\"publisher\":{\"@id\":\"https:\/\/staging.forenteforlag.no\/spartacus\/#organization\"},\"potentialAction\":[{\"@type\":\"SearchAction\",\"target\":{\"@type\":\"EntryPoint\",\"urlTemplate\":\"https:\/\/staging.forenteforlag.no\/spartacus\/?s={search_term_string}\"},\"query-input\":{\"@type\":\"PropertyValueSpecification\",\"valueRequired\":true,\"valueName\":\"search_term_string\"}}],\"inLanguage\":\"nb-NO\"},{\"@type\":\"Organization\",\"@id\":\"https:\/\/staging.forenteforlag.no\/spartacus\/#organization\",\"name\":\"Spartacus forlag\",\"url\":\"https:\/\/staging.forenteforlag.no\/spartacus\/\",\"logo\":{\"@type\":\"ImageObject\",\"inLanguage\":\"nb-NO\",\"@id\":\"https:\/\/staging.forenteforlag.no\/spartacus\/#\/schema\/logo\/image\/\",\"url\":\"https:\/\/staging.forenteforlag.no\/spartacus\/wp-content\/uploads\/sites\/6\/2024\/09\/Spartacus_logo.svg\",\"contentUrl\":\"https:\/\/staging.forenteforlag.no\/spartacus\/wp-content\/uploads\/sites\/6\/2024\/09\/Spartacus_logo.svg\",\"width\":100,\"height\":100,\"caption\":\"Spartacus forlag\"},\"image\":{\"@id\":\"https:\/\/staging.forenteforlag.no\/spartacus\/#\/schema\/logo\/image\/\"},\"sameAs\":[\"https:\/\/www.facebook.com\/SpartacusForlag\"]}]}<\/script>\n<!-- \/ Yoast SEO plugin. -->","yoast_head_json":{"title":"V\u00e5rt kjemiske liv - Spartacus","robots":{"index":"noindex","follow":"follow","max-snippet":"max-snippet:-1","max-image-preview":"max-image-preview:large","max-video-preview":"max-video-preview:-1"},"og_locale":"nb_NO","og_type":"article","og_title":"V\u00e5rt kjemiske liv - Spartacus","og_description":"Bekymrar du deg for kjemikalia du f\u00e5r i deg og vil helst leve eit naturleg liv? Eller er du litt lei av maset om milj\u00f8gifter? \u00abV\u00e5rt kjemiske liv\u00bb tar for seg dei kjemiske stoffa vi m\u00f8ter p\u00e5 i kvardagen. Mange av dei har utan tvil forbetra verda, men nokre kan ogs\u00e5 ha biverknader, som \u00e5 [&hellip;]","og_url":"https:\/\/staging.forenteforlag.no\/spartacus\/produkt\/vart-kjemiske-liv-2\/","og_site_name":"Spartacus","article_publisher":"https:\/\/www.facebook.com\/SpartacusForlag","article_modified_time":"2026-03-04T14:36:35+00:00","og_image":[{"width":720,"height":1121,"url":"https:\/\/staging.forenteforlag.no\/spartacus\/wp-content\/uploads\/sites\/6\/2026\/03\/9788243015111.jpg","type":"image\/jpeg"}],"twitter_card":"summary_large_image","twitter_misc":{"Ansl. lesetid":"1 minutt"},"schema":{"@context":"https:\/\/schema.org","@graph":[{"@type":"WebPage","@id":"https:\/\/staging.forenteforlag.no\/spartacus\/produkt\/vart-kjemiske-liv-2\/","url":"https:\/\/staging.forenteforlag.no\/spartacus\/produkt\/vart-kjemiske-liv-2\/","name":"V\u00e5rt kjemiske liv - Spartacus","isPartOf":{"@id":"https:\/\/staging.forenteforlag.no\/spartacus\/#website"},"primaryImageOfPage":{"@id":"https:\/\/staging.forenteforlag.no\/spartacus\/produkt\/vart-kjemiske-liv-2\/#primaryimage"},"image":{"@id":"https:\/\/staging.forenteforlag.no\/spartacus\/produkt\/vart-kjemiske-liv-2\/#primaryimage"},"thumbnailUrl":"https:\/\/staging.forenteforlag.no\/spartacus\/wp-content\/uploads\/sites\/6\/2026\/03\/9788243015111.jpg","datePublished":"2023-03-13T00:00:00+00:00","dateModified":"2026-03-04T14:36:35+00:00","breadcrumb":{"@id":"https:\/\/staging.forenteforlag.no\/spartacus\/produkt\/vart-kjemiske-liv-2\/#breadcrumb"},"inLanguage":"nb-NO","potentialAction":[{"@type":"ReadAction","target":["https:\/\/staging.forenteforlag.no\/spartacus\/produkt\/vart-kjemiske-liv-2\/"]}]},{"@type":"ImageObject","inLanguage":"nb-NO","@id":"https:\/\/staging.forenteforlag.no\/spartacus\/produkt\/vart-kjemiske-liv-2\/#primaryimage","url":"https:\/\/staging.forenteforlag.no\/spartacus\/wp-content\/uploads\/sites\/6\/2026\/03\/9788243015111.jpg","contentUrl":"https:\/\/staging.forenteforlag.no\/spartacus\/wp-content\/uploads\/sites\/6\/2026\/03\/9788243015111.jpg","width":720,"height":1121},{"@type":"BreadcrumbList","@id":"https:\/\/staging.forenteforlag.no\/spartacus\/produkt\/vart-kjemiske-liv-2\/#breadcrumb","itemListElement":[{"@type":"ListItem","position":1,"name":"Hjem","item":"https:\/\/staging.forenteforlag.no\/spartacus\/"},{"@type":"ListItem","position":2,"name":"Alle b\u00f8ker","item":"https:\/\/staging.forenteforlag.no\/spartacus\/butikk\/"},{"@type":"ListItem","position":3,"name":"V\u00e5rt kjemiske liv"}]},{"@type":"WebSite","@id":"https:\/\/staging.forenteforlag.no\/spartacus\/#website","url":"https:\/\/staging.forenteforlag.no\/spartacus\/","name":"Spartacus forlag","description":"","publisher":{"@id":"https:\/\/staging.forenteforlag.no\/spartacus\/#organization"},"potentialAction":[{"@type":"SearchAction","target":{"@type":"EntryPoint","urlTemplate":"https:\/\/staging.forenteforlag.no\/spartacus\/?s={search_term_string}"},"query-input":{"@type":"PropertyValueSpecification","valueRequired":true,"valueName":"search_term_string"}}],"inLanguage":"nb-NO"},{"@type":"Organization","@id":"https:\/\/staging.forenteforlag.no\/spartacus\/#organization","name":"Spartacus forlag","url":"https:\/\/staging.forenteforlag.no\/spartacus\/","logo":{"@type":"ImageObject","inLanguage":"nb-NO","@id":"https:\/\/staging.forenteforlag.no\/spartacus\/#\/schema\/logo\/image\/","url":"https:\/\/staging.forenteforlag.no\/spartacus\/wp-content\/uploads\/sites\/6\/2024\/09\/Spartacus_logo.svg","contentUrl":"https:\/\/staging.forenteforlag.no\/spartacus\/wp-content\/uploads\/sites\/6\/2024\/09\/Spartacus_logo.svg","width":100,"height":100,"caption":"Spartacus forlag"},"image":{"@id":"https:\/\/staging.forenteforlag.no\/spartacus\/#\/schema\/logo\/image\/"},"sameAs":["https:\/\/www.facebook.com\/SpartacusForlag"]}]}},"_links":{"self":[{"href":"https:\/\/staging.forenteforlag.no\/spartacus\/wp-json\/wp\/v2\/product\/20329","targetHints":{"allow":["GET"]}}],"collection":[{"href":"https:\/\/staging.forenteforlag.no\/spartacus\/wp-json\/wp\/v2\/product"}],"about":[{"href":"https:\/\/staging.forenteforlag.no\/spartacus\/wp-json\/wp\/v2\/types\/product"}],"wp:featuredmedia":[{"embeddable":true,"href":"https:\/\/staging.forenteforlag.no\/spartacus\/wp-json\/wp\/v2\/media\/26761"}],"wp:attachment":[{"href":"https:\/\/staging.forenteforlag.no\/spartacus\/wp-json\/wp\/v2\/media?parent=20329"}],"wp:term":[{"taxonomy":"product_brand","embeddable":true,"href":"https:\/\/staging.forenteforlag.no\/spartacus\/wp-json\/wp\/v2\/product_brand?post=20329"},{"taxonomy":"product_cat","embeddable":true,"href":"https:\/\/staging.forenteforlag.no\/spartacus\/wp-json\/wp\/v2\/product_cat?post=20329"},{"taxonomy":"product_tag","embeddable":true,"href":"https:\/\/staging.forenteforlag.no\/spartacus\/wp-json\/wp\/v2\/product_tag?post=20329"}],"curies":[{"name":"wp","href":"https:\/\/api.w.org\/{rel}","templated":true}]}}