{"id":20325,"date":"2023-05-22T02:00:00","date_gmt":"2023-05-22T00:00:00","guid":{"rendered":"https:\/\/spartacus.forenteforlag.no\/produkt\/drommenes-fjell-2\/"},"modified":"2026-03-03T19:23:56","modified_gmt":"2026-03-03T18:23:56","slug":"drommenes-fjell-2","status":"publish","type":"product","link":"https:\/\/staging.forenteforlag.no\/spartacus\/produkt\/drommenes-fjell-2\/","title":{"rendered":"Dr\u00f8mmenes fjell"},"content":{"rendered":"<p>I begynnelsen av forrige \u00e5rhundre begynte Tour de France-arrang\u00f8rene \u00e5 teste deltagerne i Alpene. \u00abMordere!\u00bb tordnet rytterne mot dem. I dag er deres innsats mytisk, og fjellsidene de klatret byr fortsatt p\u00e5 nesten umenneskelige utfordringer. <\/p>\n<p>I denne boka inviteres leseren med p\u00e5 sykkelsetet og oppover de legendariske stigningene i verdens mest ber\u00f8mte sykkelritt. Norske stigninger dukker ogs\u00e5 opp. T\u00e5ler de norske fjellene sammenligningen med de franske alpene? <\/p>\n<p>\u00abDr\u00f8mmenes fjell\u00bb gir et unikt bilde av et landskap der man nesten kan skimte sp\u00f8kelsene etter fortidens helter. Med godt driv og god rytme formidler Ulstein-br\u00f8drene fascinasjonen, forsakelsene, tapene og seirene i bakkene. <\/p>\n<p>Rikt illustrert med fotografier tatt av Tor Simen Ulstein.<\/p>\n","protected":false},"excerpt":{"rendered":"<p>I begynnelsen av forrige \u00e5rhundre begynte Tour de France-arrang\u00f8rene \u00e5 teste deltagerne i Alpene. \u00abMordere!\u00bb tordnet rytterne mot dem. I dag er deres innsats mytisk, og fjellsidene de klatret byr fortsatt p\u00e5 nesten umenneskelige utfordringer. I denne boka inviteres leseren med p\u00e5 sykkelsetet og oppover de legendariske stigningene i verdens mest ber\u00f8mte sykkelritt. Norske stigninger [&hellip;]<\/p>\n","protected":false},"featured_media":26552,"template":"","meta":{"_acf_changed":false,"inline_featured_image":false},"product_brand":[],"product_cat":[1786],"product_tag":[362],"class_list":{"0":"post-20325","1":"product","2":"type-product","3":"status-publish","4":"has-post-thumbnail","6":"product_cat-rabattkodekampanje","7":"product_tag-faglitteratur","9":"first","10":"instock","11":"shipping-taxable","12":"purchasable","13":"product-type-simple"},"acf":{"anmeldelse":[{"tekst_anmeldelser":"\u00abEn perfekt aperitif f\u00f8r sommerens eventyr\u00bb","av_anmeldelser":"Per Ivar Henriksb\u00f8","terningkast":false,"kilde":"Gudbrandsd\u00f8len Dagningen"},{"tekst_anmeldelser":"\u00abBoka holder h\u00f8ye kvaliteter b\u00e5de fotokunstnerisk og litter\u00e6rt \u2026 forfatterne har med seg legendene fra fortida der de tr\u00e5kker for full maskin i svimlende vakre landskaper.\u00bb","av_anmeldelser":"Fredrik Wandrup","terningkast":false,"kilde":"Dagbladet"},{"tekst_anmeldelser":"\u00abDr\u00f8mmebok om dr\u00f8mmefjell \u2026 glitrende samspill mellom tekst, foto og design i Tour-bok. \u2026 Vi har f\u00e5tt den f\u00f8rste boka p\u00e5 norsk som tar den sykkel- og litteraturinteresserte nordmann p\u00e5 alvor. Dr\u00f8mmenes fjell er blitt noe s\u00e5 sjeldent som en besn\u00e6rende samling essay om sykling, der tekst, foto og design g\u00e5r opp i en estetisk helhet av ypperste kvalitet.\u00bb","av_anmeldelser":"Endre Ruset","terningkast":"<i class=\"fa-solid fa-dice-six\"><\/i>","kilde":"Dagbladet"},{"tekst_anmeldelser":"\u00ab'Dr\u00f8mmenes fjell' \u2026 vier ikke bare plass til utf\u00f8rlige skildringer av alpelandskap. Ulstein beskriver ogs\u00e5 hvordan det p\u00e5virker kroppen \u00e5 sykle oppover \u2013 uten utsikter til flatt lende eller rastepauser \u2013 og hvilket mentalt landskap man ogs\u00e5 m\u00e5 navigere seg gjennom for \u00e5 n\u00e5 m\u00e5let, h\u00f8yt, h\u00f8yt der oppe. De mest fengslende innslagene i boken utgj\u00f8res av anekdoter fra Tour de France' over 100 \u00e5r lange historie.\u00bb","av_anmeldelser":"Ola Vik\u00e5s","terningkast":false,"kilde":"Dagens N\u00e6ringsliv"},{"tekst_anmeldelser":"\u00ab'Dr\u00f8mmenes fjell' byr p\u00e5 flotte bilder og mer enn asfalt.\u00bb","av_anmeldelser":"Rune Hallheim","terningkast":false,"kilde":"Aftenposten"},{"tekst_anmeldelser":"\u00abEn av de flotteste b\u00f8kene som kom ut i sommer \u2026 en nydelig bok med velskrevne ord og bilder som kan sl\u00e5 hvem som helst i bakken. Perfekt b\u00e5de som lektyre og rekvisitt.\u00bb","av_anmeldelser":"Andreas Milde","terningkast":false,"kilde":"VG"}]},"yoast_head":"<!-- This site is optimized with the Yoast SEO plugin v26.6 - https:\/\/yoast.com\/wordpress\/plugins\/seo\/ -->\n<title>Dr\u00f8mmenes fjell - Spartacus<\/title>\n<meta name=\"robots\" content=\"noindex, follow, max-snippet:-1, max-image-preview:large, max-video-preview:-1\" \/>\n<meta property=\"og:locale\" content=\"nb_NO\" \/>\n<meta property=\"og:type\" content=\"article\" \/>\n<meta property=\"og:title\" content=\"Dr\u00f8mmenes fjell - Spartacus\" \/>\n<meta property=\"og:description\" content=\"I begynnelsen av forrige \u00e5rhundre begynte Tour de France-arrang\u00f8rene \u00e5 teste deltagerne i Alpene. \u00abMordere!\u00bb tordnet rytterne mot dem. I dag er deres innsats mytisk, og fjellsidene de klatret byr fortsatt p\u00e5 nesten umenneskelige utfordringer. I denne boka inviteres leseren med p\u00e5 sykkelsetet og oppover de legendariske stigningene i verdens mest ber\u00f8mte sykkelritt. Norske stigninger [&hellip;]\" \/>\n<meta property=\"og:url\" content=\"https:\/\/staging.forenteforlag.no\/spartacus\/produkt\/drommenes-fjell-2\/\" \/>\n<meta property=\"og:site_name\" content=\"Spartacus\" \/>\n<meta property=\"article:publisher\" content=\"https:\/\/www.facebook.com\/SpartacusForlag\" \/>\n<meta property=\"article:modified_time\" content=\"2026-03-03T18:23:56+00:00\" \/>\n<meta property=\"og:image\" content=\"https:\/\/staging.forenteforlag.no\/spartacus\/wp-content\/uploads\/sites\/6\/2026\/02\/9788243011731.jpg\" \/>\n\t<meta property=\"og:image:width\" content=\"720\" \/>\n\t<meta property=\"og:image:height\" content=\"1077\" \/>\n\t<meta property=\"og:image:type\" content=\"image\/jpeg\" \/>\n<meta name=\"twitter:card\" content=\"summary_large_image\" \/>\n<meta name=\"twitter:label1\" content=\"Ansl. lesetid\" \/>\n\t<meta name=\"twitter:data1\" content=\"1 minutt\" \/>\n<script type=\"application\/ld+json\" class=\"yoast-schema-graph\">{\"@context\":\"https:\/\/schema.org\",\"@graph\":[{\"@type\":\"WebPage\",\"@id\":\"https:\/\/staging.forenteforlag.no\/spartacus\/produkt\/drommenes-fjell-2\/\",\"url\":\"https:\/\/staging.forenteforlag.no\/spartacus\/produkt\/drommenes-fjell-2\/\",\"name\":\"Dr\u00f8mmenes fjell - Spartacus\",\"isPartOf\":{\"@id\":\"https:\/\/staging.forenteforlag.no\/spartacus\/#website\"},\"primaryImageOfPage\":{\"@id\":\"https:\/\/staging.forenteforlag.no\/spartacus\/produkt\/drommenes-fjell-2\/#primaryimage\"},\"image\":{\"@id\":\"https:\/\/staging.forenteforlag.no\/spartacus\/produkt\/drommenes-fjell-2\/#primaryimage\"},\"thumbnailUrl\":\"https:\/\/staging.forenteforlag.no\/spartacus\/wp-content\/uploads\/sites\/6\/2026\/02\/9788243011731.jpg\",\"datePublished\":\"2023-05-22T00:00:00+00:00\",\"dateModified\":\"2026-03-03T18:23:56+00:00\",\"breadcrumb\":{\"@id\":\"https:\/\/staging.forenteforlag.no\/spartacus\/produkt\/drommenes-fjell-2\/#breadcrumb\"},\"inLanguage\":\"nb-NO\",\"potentialAction\":[{\"@type\":\"ReadAction\",\"target\":[\"https:\/\/staging.forenteforlag.no\/spartacus\/produkt\/drommenes-fjell-2\/\"]}]},{\"@type\":\"ImageObject\",\"inLanguage\":\"nb-NO\",\"@id\":\"https:\/\/staging.forenteforlag.no\/spartacus\/produkt\/drommenes-fjell-2\/#primaryimage\",\"url\":\"https:\/\/staging.forenteforlag.no\/spartacus\/wp-content\/uploads\/sites\/6\/2026\/02\/9788243011731.jpg\",\"contentUrl\":\"https:\/\/staging.forenteforlag.no\/spartacus\/wp-content\/uploads\/sites\/6\/2026\/02\/9788243011731.jpg\",\"width\":720,\"height\":1077},{\"@type\":\"BreadcrumbList\",\"@id\":\"https:\/\/staging.forenteforlag.no\/spartacus\/produkt\/drommenes-fjell-2\/#breadcrumb\",\"itemListElement\":[{\"@type\":\"ListItem\",\"position\":1,\"name\":\"Hjem\",\"item\":\"https:\/\/staging.forenteforlag.no\/spartacus\/\"},{\"@type\":\"ListItem\",\"position\":2,\"name\":\"Alle b\u00f8ker\",\"item\":\"https:\/\/staging.forenteforlag.no\/spartacus\/butikk\/\"},{\"@type\":\"ListItem\",\"position\":3,\"name\":\"Dr\u00f8mmenes fjell\"}]},{\"@type\":\"WebSite\",\"@id\":\"https:\/\/staging.forenteforlag.no\/spartacus\/#website\",\"url\":\"https:\/\/staging.forenteforlag.no\/spartacus\/\",\"name\":\"Spartacus forlag\",\"description\":\"\",\"publisher\":{\"@id\":\"https:\/\/staging.forenteforlag.no\/spartacus\/#organization\"},\"potentialAction\":[{\"@type\":\"SearchAction\",\"target\":{\"@type\":\"EntryPoint\",\"urlTemplate\":\"https:\/\/staging.forenteforlag.no\/spartacus\/?s={search_term_string}\"},\"query-input\":{\"@type\":\"PropertyValueSpecification\",\"valueRequired\":true,\"valueName\":\"search_term_string\"}}],\"inLanguage\":\"nb-NO\"},{\"@type\":\"Organization\",\"@id\":\"https:\/\/staging.forenteforlag.no\/spartacus\/#organization\",\"name\":\"Spartacus forlag\",\"url\":\"https:\/\/staging.forenteforlag.no\/spartacus\/\",\"logo\":{\"@type\":\"ImageObject\",\"inLanguage\":\"nb-NO\",\"@id\":\"https:\/\/staging.forenteforlag.no\/spartacus\/#\/schema\/logo\/image\/\",\"url\":\"https:\/\/staging.forenteforlag.no\/spartacus\/wp-content\/uploads\/sites\/6\/2024\/09\/Spartacus_logo.svg\",\"contentUrl\":\"https:\/\/staging.forenteforlag.no\/spartacus\/wp-content\/uploads\/sites\/6\/2024\/09\/Spartacus_logo.svg\",\"width\":100,\"height\":100,\"caption\":\"Spartacus forlag\"},\"image\":{\"@id\":\"https:\/\/staging.forenteforlag.no\/spartacus\/#\/schema\/logo\/image\/\"},\"sameAs\":[\"https:\/\/www.facebook.com\/SpartacusForlag\"]}]}<\/script>\n<!-- \/ Yoast SEO plugin. -->","yoast_head_json":{"title":"Dr\u00f8mmenes fjell - Spartacus","robots":{"index":"noindex","follow":"follow","max-snippet":"max-snippet:-1","max-image-preview":"max-image-preview:large","max-video-preview":"max-video-preview:-1"},"og_locale":"nb_NO","og_type":"article","og_title":"Dr\u00f8mmenes fjell - Spartacus","og_description":"I begynnelsen av forrige \u00e5rhundre begynte Tour de France-arrang\u00f8rene \u00e5 teste deltagerne i Alpene. \u00abMordere!\u00bb tordnet rytterne mot dem. I dag er deres innsats mytisk, og fjellsidene de klatret byr fortsatt p\u00e5 nesten umenneskelige utfordringer. I denne boka inviteres leseren med p\u00e5 sykkelsetet og oppover de legendariske stigningene i verdens mest ber\u00f8mte sykkelritt. Norske stigninger [&hellip;]","og_url":"https:\/\/staging.forenteforlag.no\/spartacus\/produkt\/drommenes-fjell-2\/","og_site_name":"Spartacus","article_publisher":"https:\/\/www.facebook.com\/SpartacusForlag","article_modified_time":"2026-03-03T18:23:56+00:00","og_image":[{"width":720,"height":1077,"url":"https:\/\/staging.forenteforlag.no\/spartacus\/wp-content\/uploads\/sites\/6\/2026\/02\/9788243011731.jpg","type":"image\/jpeg"}],"twitter_card":"summary_large_image","twitter_misc":{"Ansl. lesetid":"1 minutt"},"schema":{"@context":"https:\/\/schema.org","@graph":[{"@type":"WebPage","@id":"https:\/\/staging.forenteforlag.no\/spartacus\/produkt\/drommenes-fjell-2\/","url":"https:\/\/staging.forenteforlag.no\/spartacus\/produkt\/drommenes-fjell-2\/","name":"Dr\u00f8mmenes fjell - Spartacus","isPartOf":{"@id":"https:\/\/staging.forenteforlag.no\/spartacus\/#website"},"primaryImageOfPage":{"@id":"https:\/\/staging.forenteforlag.no\/spartacus\/produkt\/drommenes-fjell-2\/#primaryimage"},"image":{"@id":"https:\/\/staging.forenteforlag.no\/spartacus\/produkt\/drommenes-fjell-2\/#primaryimage"},"thumbnailUrl":"https:\/\/staging.forenteforlag.no\/spartacus\/wp-content\/uploads\/sites\/6\/2026\/02\/9788243011731.jpg","datePublished":"2023-05-22T00:00:00+00:00","dateModified":"2026-03-03T18:23:56+00:00","breadcrumb":{"@id":"https:\/\/staging.forenteforlag.no\/spartacus\/produkt\/drommenes-fjell-2\/#breadcrumb"},"inLanguage":"nb-NO","potentialAction":[{"@type":"ReadAction","target":["https:\/\/staging.forenteforlag.no\/spartacus\/produkt\/drommenes-fjell-2\/"]}]},{"@type":"ImageObject","inLanguage":"nb-NO","@id":"https:\/\/staging.forenteforlag.no\/spartacus\/produkt\/drommenes-fjell-2\/#primaryimage","url":"https:\/\/staging.forenteforlag.no\/spartacus\/wp-content\/uploads\/sites\/6\/2026\/02\/9788243011731.jpg","contentUrl":"https:\/\/staging.forenteforlag.no\/spartacus\/wp-content\/uploads\/sites\/6\/2026\/02\/9788243011731.jpg","width":720,"height":1077},{"@type":"BreadcrumbList","@id":"https:\/\/staging.forenteforlag.no\/spartacus\/produkt\/drommenes-fjell-2\/#breadcrumb","itemListElement":[{"@type":"ListItem","position":1,"name":"Hjem","item":"https:\/\/staging.forenteforlag.no\/spartacus\/"},{"@type":"ListItem","position":2,"name":"Alle b\u00f8ker","item":"https:\/\/staging.forenteforlag.no\/spartacus\/butikk\/"},{"@type":"ListItem","position":3,"name":"Dr\u00f8mmenes fjell"}]},{"@type":"WebSite","@id":"https:\/\/staging.forenteforlag.no\/spartacus\/#website","url":"https:\/\/staging.forenteforlag.no\/spartacus\/","name":"Spartacus forlag","description":"","publisher":{"@id":"https:\/\/staging.forenteforlag.no\/spartacus\/#organization"},"potentialAction":[{"@type":"SearchAction","target":{"@type":"EntryPoint","urlTemplate":"https:\/\/staging.forenteforlag.no\/spartacus\/?s={search_term_string}"},"query-input":{"@type":"PropertyValueSpecification","valueRequired":true,"valueName":"search_term_string"}}],"inLanguage":"nb-NO"},{"@type":"Organization","@id":"https:\/\/staging.forenteforlag.no\/spartacus\/#organization","name":"Spartacus forlag","url":"https:\/\/staging.forenteforlag.no\/spartacus\/","logo":{"@type":"ImageObject","inLanguage":"nb-NO","@id":"https:\/\/staging.forenteforlag.no\/spartacus\/#\/schema\/logo\/image\/","url":"https:\/\/staging.forenteforlag.no\/spartacus\/wp-content\/uploads\/sites\/6\/2024\/09\/Spartacus_logo.svg","contentUrl":"https:\/\/staging.forenteforlag.no\/spartacus\/wp-content\/uploads\/sites\/6\/2024\/09\/Spartacus_logo.svg","width":100,"height":100,"caption":"Spartacus forlag"},"image":{"@id":"https:\/\/staging.forenteforlag.no\/spartacus\/#\/schema\/logo\/image\/"},"sameAs":["https:\/\/www.facebook.com\/SpartacusForlag"]}]}},"_links":{"self":[{"href":"https:\/\/staging.forenteforlag.no\/spartacus\/wp-json\/wp\/v2\/product\/20325","targetHints":{"allow":["GET"]}}],"collection":[{"href":"https:\/\/staging.forenteforlag.no\/spartacus\/wp-json\/wp\/v2\/product"}],"about":[{"href":"https:\/\/staging.forenteforlag.no\/spartacus\/wp-json\/wp\/v2\/types\/product"}],"wp:featuredmedia":[{"embeddable":true,"href":"https:\/\/staging.forenteforlag.no\/spartacus\/wp-json\/wp\/v2\/media\/26552"}],"wp:attachment":[{"href":"https:\/\/staging.forenteforlag.no\/spartacus\/wp-json\/wp\/v2\/media?parent=20325"}],"wp:term":[{"taxonomy":"product_brand","embeddable":true,"href":"https:\/\/staging.forenteforlag.no\/spartacus\/wp-json\/wp\/v2\/product_brand?post=20325"},{"taxonomy":"product_cat","embeddable":true,"href":"https:\/\/staging.forenteforlag.no\/spartacus\/wp-json\/wp\/v2\/product_cat?post=20325"},{"taxonomy":"product_tag","embeddable":true,"href":"https:\/\/staging.forenteforlag.no\/spartacus\/wp-json\/wp\/v2\/product_tag?post=20325"}],"curies":[{"name":"wp","href":"https:\/\/api.w.org\/{rel}","templated":true}]}}