{"id":20311,"date":"2023-11-07T01:00:00","date_gmt":"2023-11-07T00:00:00","guid":{"rendered":"https:\/\/spartacus.forenteforlag.no\/produkt\/avgudenes-ragnarok-2\/"},"modified":"2026-03-04T15:37:41","modified_gmt":"2026-03-04T14:37:41","slug":"avgudenes-ragnarok-2","status":"publish","type":"product","link":"https:\/\/staging.forenteforlag.no\/spartacus\/produkt\/avgudenes-ragnarok-2\/","title":{"rendered":"Avgudenes ragnarok"},"content":{"rendered":"<p>I \u00abAvgudenes ragnarok\u00bb bryter Nietzsche med den filosofien som vil bygge tilv\u00e6relsen p\u00e5 en hinsidig, \u00absann\u00bb verden. Det er den dennesidige, den reelle og empiriske verden som er den eneste ene, hevder han. <\/p>\n<p>Denne lille boken, som ble skrevet p\u00e5 kort tid i 1888, favner bredere enn mange andre av Nietzsches verker. Her reflekterer han over sin egen tenkning, og \u00abAvgudenes ragnarok\u00bb peker mot den selvbiografiske \u00abEcce Homo\u00bb. <\/p>\n<p>For den som vil lese Nietzsches samlede verker, er \u00abAvgudenes ragnarok\u00bb et glimrende utgangspunkt. <\/p>\n<p>Oversatt og med etterord av Eric Lawrence Wiik.<\/p>\n","protected":false},"excerpt":{"rendered":"<p>I \u00abAvgudenes ragnarok\u00bb bryter Nietzsche med den filosofien som vil bygge tilv\u00e6relsen p\u00e5 en hinsidig, \u00absann\u00bb verden. Det er den dennesidige, den reelle og empiriske verden som er den eneste ene, hevder han. Denne lille boken, som ble skrevet p\u00e5 kort tid i 1888, favner bredere enn mange andre av Nietzsches verker. Her reflekterer han [&hellip;]<\/p>\n","protected":false},"featured_media":26773,"template":"","meta":{"_acf_changed":false,"inline_featured_image":false},"product_brand":[],"product_cat":[1786],"product_tag":[362,854],"class_list":{"0":"post-20311","1":"product","2":"type-product","3":"status-publish","4":"has-post-thumbnail","6":"product_cat-rabattkodekampanje","7":"product_tag-faglitteratur","8":"product_tag-kritisk-filosofi","10":"first","11":"instock","12":"shipping-taxable","13":"purchasable","14":"product-type-simple"},"acf":{"anmeldelse":[{"tekst_anmeldelser":"\u00abDet er fristende \u00e5 si at denne boka er en gullgruve for eldre mennesker, men jeg v\u00e5ger den p\u00e5standen at den er en perle ogs\u00e5 for alle andre. [\u2026] En nydelig bok om livet av en mann som virkelig har tenkt gjennom hva det vil si \u00e5 leve!\u00bb","av_anmeldelser":"Jan-Erik \u00d8stlie","terningkast":false,"kilde":"FriFagbevegelse"},{"tekst_anmeldelser":"\u00abDet som overrasket meg mest i lesningen, er at jeg trodde oppgaven var \u00e5 leve seg inn i en eldre manns pensjonisttilv\u00e6relse, sykdommenes, d\u00f8dens og rynkenes territorium, mens det viste seg at boken handler like mye om meg og mitt liv, som den handler om aldring. Jeg er takknemlig for at jeg ved et lykketreff fikk lese denne nydelige boken, og jeg h\u00e5per den finner mange lesere, ogs\u00e5 i Norge.\u00bb","av_anmeldelser":"Joanna Rzadkowska","terningkast":false,"kilde":"Joanna Rzadkowska"},{"tekst_anmeldelser":"\u00abForfatteren filosoferer klokt og innfallsrikt over d\u00f8den og hva den betyr [...] Boken kan varmt anbefales til fordypning og kanskje samtale om de viktige sp\u00f8rsm\u00e5l forfatteren behandler, for de av oss som kjenner at vi er i november.\u00bb","av_anmeldelser":"Arvid Heiberg","terningkast":false,"kilde":"Tidsskriftet Michael"}]},"yoast_head":"<!-- This site is optimized with the Yoast SEO plugin v26.6 - https:\/\/yoast.com\/wordpress\/plugins\/seo\/ -->\n<title>Avgudenes ragnarok - Spartacus<\/title>\n<meta name=\"robots\" content=\"noindex, follow, max-snippet:-1, max-image-preview:large, max-video-preview:-1\" \/>\n<meta property=\"og:locale\" content=\"nb_NO\" \/>\n<meta property=\"og:type\" content=\"article\" \/>\n<meta property=\"og:title\" content=\"Avgudenes ragnarok - Spartacus\" \/>\n<meta property=\"og:description\" content=\"I \u00abAvgudenes ragnarok\u00bb bryter Nietzsche med den filosofien som vil bygge tilv\u00e6relsen p\u00e5 en hinsidig, \u00absann\u00bb verden. Det er den dennesidige, den reelle og empiriske verden som er den eneste ene, hevder han. Denne lille boken, som ble skrevet p\u00e5 kort tid i 1888, favner bredere enn mange andre av Nietzsches verker. Her reflekterer han [&hellip;]\" \/>\n<meta property=\"og:url\" content=\"https:\/\/staging.forenteforlag.no\/spartacus\/produkt\/avgudenes-ragnarok-2\/\" \/>\n<meta property=\"og:site_name\" content=\"Spartacus\" \/>\n<meta property=\"article:publisher\" content=\"https:\/\/www.facebook.com\/SpartacusForlag\" \/>\n<meta property=\"article:modified_time\" content=\"2026-03-04T14:37:41+00:00\" \/>\n<meta property=\"og:image\" content=\"https:\/\/staging.forenteforlag.no\/spartacus\/wp-content\/uploads\/sites\/6\/2026\/03\/9788243015500.jpg\" \/>\n\t<meta property=\"og:image:width\" content=\"720\" \/>\n\t<meta property=\"og:image:height\" content=\"1046\" \/>\n\t<meta property=\"og:image:type\" content=\"image\/jpeg\" \/>\n<meta name=\"twitter:card\" content=\"summary_large_image\" \/>\n<script type=\"application\/ld+json\" class=\"yoast-schema-graph\">{\"@context\":\"https:\/\/schema.org\",\"@graph\":[{\"@type\":\"WebPage\",\"@id\":\"https:\/\/staging.forenteforlag.no\/spartacus\/produkt\/avgudenes-ragnarok-2\/\",\"url\":\"https:\/\/staging.forenteforlag.no\/spartacus\/produkt\/avgudenes-ragnarok-2\/\",\"name\":\"Avgudenes ragnarok - Spartacus\",\"isPartOf\":{\"@id\":\"https:\/\/staging.forenteforlag.no\/spartacus\/#website\"},\"primaryImageOfPage\":{\"@id\":\"https:\/\/staging.forenteforlag.no\/spartacus\/produkt\/avgudenes-ragnarok-2\/#primaryimage\"},\"image\":{\"@id\":\"https:\/\/staging.forenteforlag.no\/spartacus\/produkt\/avgudenes-ragnarok-2\/#primaryimage\"},\"thumbnailUrl\":\"https:\/\/staging.forenteforlag.no\/spartacus\/wp-content\/uploads\/sites\/6\/2026\/03\/9788243015500.jpg\",\"datePublished\":\"2023-11-07T00:00:00+00:00\",\"dateModified\":\"2026-03-04T14:37:41+00:00\",\"breadcrumb\":{\"@id\":\"https:\/\/staging.forenteforlag.no\/spartacus\/produkt\/avgudenes-ragnarok-2\/#breadcrumb\"},\"inLanguage\":\"nb-NO\",\"potentialAction\":[{\"@type\":\"ReadAction\",\"target\":[\"https:\/\/staging.forenteforlag.no\/spartacus\/produkt\/avgudenes-ragnarok-2\/\"]}]},{\"@type\":\"ImageObject\",\"inLanguage\":\"nb-NO\",\"@id\":\"https:\/\/staging.forenteforlag.no\/spartacus\/produkt\/avgudenes-ragnarok-2\/#primaryimage\",\"url\":\"https:\/\/staging.forenteforlag.no\/spartacus\/wp-content\/uploads\/sites\/6\/2026\/03\/9788243015500.jpg\",\"contentUrl\":\"https:\/\/staging.forenteforlag.no\/spartacus\/wp-content\/uploads\/sites\/6\/2026\/03\/9788243015500.jpg\",\"width\":720,\"height\":1046},{\"@type\":\"BreadcrumbList\",\"@id\":\"https:\/\/staging.forenteforlag.no\/spartacus\/produkt\/avgudenes-ragnarok-2\/#breadcrumb\",\"itemListElement\":[{\"@type\":\"ListItem\",\"position\":1,\"name\":\"Hjem\",\"item\":\"https:\/\/staging.forenteforlag.no\/spartacus\/\"},{\"@type\":\"ListItem\",\"position\":2,\"name\":\"Alle b\u00f8ker\",\"item\":\"https:\/\/staging.forenteforlag.no\/spartacus\/butikk\/\"},{\"@type\":\"ListItem\",\"position\":3,\"name\":\"Avgudenes ragnarok\"}]},{\"@type\":\"WebSite\",\"@id\":\"https:\/\/staging.forenteforlag.no\/spartacus\/#website\",\"url\":\"https:\/\/staging.forenteforlag.no\/spartacus\/\",\"name\":\"Spartacus forlag\",\"description\":\"\",\"publisher\":{\"@id\":\"https:\/\/staging.forenteforlag.no\/spartacus\/#organization\"},\"potentialAction\":[{\"@type\":\"SearchAction\",\"target\":{\"@type\":\"EntryPoint\",\"urlTemplate\":\"https:\/\/staging.forenteforlag.no\/spartacus\/?s={search_term_string}\"},\"query-input\":{\"@type\":\"PropertyValueSpecification\",\"valueRequired\":true,\"valueName\":\"search_term_string\"}}],\"inLanguage\":\"nb-NO\"},{\"@type\":\"Organization\",\"@id\":\"https:\/\/staging.forenteforlag.no\/spartacus\/#organization\",\"name\":\"Spartacus forlag\",\"url\":\"https:\/\/staging.forenteforlag.no\/spartacus\/\",\"logo\":{\"@type\":\"ImageObject\",\"inLanguage\":\"nb-NO\",\"@id\":\"https:\/\/staging.forenteforlag.no\/spartacus\/#\/schema\/logo\/image\/\",\"url\":\"https:\/\/staging.forenteforlag.no\/spartacus\/wp-content\/uploads\/sites\/6\/2024\/09\/Spartacus_logo.svg\",\"contentUrl\":\"https:\/\/staging.forenteforlag.no\/spartacus\/wp-content\/uploads\/sites\/6\/2024\/09\/Spartacus_logo.svg\",\"width\":100,\"height\":100,\"caption\":\"Spartacus forlag\"},\"image\":{\"@id\":\"https:\/\/staging.forenteforlag.no\/spartacus\/#\/schema\/logo\/image\/\"},\"sameAs\":[\"https:\/\/www.facebook.com\/SpartacusForlag\"]}]}<\/script>\n<!-- \/ Yoast SEO plugin. -->","yoast_head_json":{"title":"Avgudenes ragnarok - Spartacus","robots":{"index":"noindex","follow":"follow","max-snippet":"max-snippet:-1","max-image-preview":"max-image-preview:large","max-video-preview":"max-video-preview:-1"},"og_locale":"nb_NO","og_type":"article","og_title":"Avgudenes ragnarok - Spartacus","og_description":"I \u00abAvgudenes ragnarok\u00bb bryter Nietzsche med den filosofien som vil bygge tilv\u00e6relsen p\u00e5 en hinsidig, \u00absann\u00bb verden. Det er den dennesidige, den reelle og empiriske verden som er den eneste ene, hevder han. Denne lille boken, som ble skrevet p\u00e5 kort tid i 1888, favner bredere enn mange andre av Nietzsches verker. Her reflekterer han [&hellip;]","og_url":"https:\/\/staging.forenteforlag.no\/spartacus\/produkt\/avgudenes-ragnarok-2\/","og_site_name":"Spartacus","article_publisher":"https:\/\/www.facebook.com\/SpartacusForlag","article_modified_time":"2026-03-04T14:37:41+00:00","og_image":[{"width":720,"height":1046,"url":"https:\/\/staging.forenteforlag.no\/spartacus\/wp-content\/uploads\/sites\/6\/2026\/03\/9788243015500.jpg","type":"image\/jpeg"}],"twitter_card":"summary_large_image","schema":{"@context":"https:\/\/schema.org","@graph":[{"@type":"WebPage","@id":"https:\/\/staging.forenteforlag.no\/spartacus\/produkt\/avgudenes-ragnarok-2\/","url":"https:\/\/staging.forenteforlag.no\/spartacus\/produkt\/avgudenes-ragnarok-2\/","name":"Avgudenes ragnarok - Spartacus","isPartOf":{"@id":"https:\/\/staging.forenteforlag.no\/spartacus\/#website"},"primaryImageOfPage":{"@id":"https:\/\/staging.forenteforlag.no\/spartacus\/produkt\/avgudenes-ragnarok-2\/#primaryimage"},"image":{"@id":"https:\/\/staging.forenteforlag.no\/spartacus\/produkt\/avgudenes-ragnarok-2\/#primaryimage"},"thumbnailUrl":"https:\/\/staging.forenteforlag.no\/spartacus\/wp-content\/uploads\/sites\/6\/2026\/03\/9788243015500.jpg","datePublished":"2023-11-07T00:00:00+00:00","dateModified":"2026-03-04T14:37:41+00:00","breadcrumb":{"@id":"https:\/\/staging.forenteforlag.no\/spartacus\/produkt\/avgudenes-ragnarok-2\/#breadcrumb"},"inLanguage":"nb-NO","potentialAction":[{"@type":"ReadAction","target":["https:\/\/staging.forenteforlag.no\/spartacus\/produkt\/avgudenes-ragnarok-2\/"]}]},{"@type":"ImageObject","inLanguage":"nb-NO","@id":"https:\/\/staging.forenteforlag.no\/spartacus\/produkt\/avgudenes-ragnarok-2\/#primaryimage","url":"https:\/\/staging.forenteforlag.no\/spartacus\/wp-content\/uploads\/sites\/6\/2026\/03\/9788243015500.jpg","contentUrl":"https:\/\/staging.forenteforlag.no\/spartacus\/wp-content\/uploads\/sites\/6\/2026\/03\/9788243015500.jpg","width":720,"height":1046},{"@type":"BreadcrumbList","@id":"https:\/\/staging.forenteforlag.no\/spartacus\/produkt\/avgudenes-ragnarok-2\/#breadcrumb","itemListElement":[{"@type":"ListItem","position":1,"name":"Hjem","item":"https:\/\/staging.forenteforlag.no\/spartacus\/"},{"@type":"ListItem","position":2,"name":"Alle b\u00f8ker","item":"https:\/\/staging.forenteforlag.no\/spartacus\/butikk\/"},{"@type":"ListItem","position":3,"name":"Avgudenes ragnarok"}]},{"@type":"WebSite","@id":"https:\/\/staging.forenteforlag.no\/spartacus\/#website","url":"https:\/\/staging.forenteforlag.no\/spartacus\/","name":"Spartacus forlag","description":"","publisher":{"@id":"https:\/\/staging.forenteforlag.no\/spartacus\/#organization"},"potentialAction":[{"@type":"SearchAction","target":{"@type":"EntryPoint","urlTemplate":"https:\/\/staging.forenteforlag.no\/spartacus\/?s={search_term_string}"},"query-input":{"@type":"PropertyValueSpecification","valueRequired":true,"valueName":"search_term_string"}}],"inLanguage":"nb-NO"},{"@type":"Organization","@id":"https:\/\/staging.forenteforlag.no\/spartacus\/#organization","name":"Spartacus forlag","url":"https:\/\/staging.forenteforlag.no\/spartacus\/","logo":{"@type":"ImageObject","inLanguage":"nb-NO","@id":"https:\/\/staging.forenteforlag.no\/spartacus\/#\/schema\/logo\/image\/","url":"https:\/\/staging.forenteforlag.no\/spartacus\/wp-content\/uploads\/sites\/6\/2024\/09\/Spartacus_logo.svg","contentUrl":"https:\/\/staging.forenteforlag.no\/spartacus\/wp-content\/uploads\/sites\/6\/2024\/09\/Spartacus_logo.svg","width":100,"height":100,"caption":"Spartacus forlag"},"image":{"@id":"https:\/\/staging.forenteforlag.no\/spartacus\/#\/schema\/logo\/image\/"},"sameAs":["https:\/\/www.facebook.com\/SpartacusForlag"]}]}},"_links":{"self":[{"href":"https:\/\/staging.forenteforlag.no\/spartacus\/wp-json\/wp\/v2\/product\/20311","targetHints":{"allow":["GET"]}}],"collection":[{"href":"https:\/\/staging.forenteforlag.no\/spartacus\/wp-json\/wp\/v2\/product"}],"about":[{"href":"https:\/\/staging.forenteforlag.no\/spartacus\/wp-json\/wp\/v2\/types\/product"}],"wp:featuredmedia":[{"embeddable":true,"href":"https:\/\/staging.forenteforlag.no\/spartacus\/wp-json\/wp\/v2\/media\/26773"}],"wp:attachment":[{"href":"https:\/\/staging.forenteforlag.no\/spartacus\/wp-json\/wp\/v2\/media?parent=20311"}],"wp:term":[{"taxonomy":"product_brand","embeddable":true,"href":"https:\/\/staging.forenteforlag.no\/spartacus\/wp-json\/wp\/v2\/product_brand?post=20311"},{"taxonomy":"product_cat","embeddable":true,"href":"https:\/\/staging.forenteforlag.no\/spartacus\/wp-json\/wp\/v2\/product_cat?post=20311"},{"taxonomy":"product_tag","embeddable":true,"href":"https:\/\/staging.forenteforlag.no\/spartacus\/wp-json\/wp\/v2\/product_tag?post=20311"}],"curies":[{"name":"wp","href":"https:\/\/api.w.org\/{rel}","templated":true}]}}