{"id":20305,"date":"2022-06-29T02:00:00","date_gmt":"2022-06-29T00:00:00","guid":{"rendered":"https:\/\/spartacus.forenteforlag.no\/produkt\/grytoya-tragedien-3\/"},"modified":"2026-03-04T15:30:08","modified_gmt":"2026-03-04T14:30:08","slug":"grytoya-tragedien-3","status":"publish","type":"product","link":"https:\/\/staging.forenteforlag.no\/spartacus\/produkt\/grytoya-tragedien-3\/","title":{"rendered":"Gryt\u00f8ya-tragedien"},"content":{"rendered":"<p>11. juli 1972 d\u00f8de 17 mennesker da en milit\u00e6r Twin Otter fra 719-skvadronen i Bod\u00f8 fl\u00f8y inn i en fjellvegg p\u00e5 Gryt\u00f8ya. Kapteinen var full. <\/p>\n<p>Gryt\u00f8ya-tragedien er en dramatisk fortelling om den st\u00f8rste forsvarsulykken i Norge etter krigen. Det er beretningen om hvordan Luftforsvaret la lokk p\u00e5 ulykken, og om de etterlattes s\u00f8ken etter svar. Myndighetene har fortsatt ikke tatt ansvar, men sendt de etterlatte ut i en juridisk hengemyr i kampen for oppreisning. <\/p>\n<p>Trine Hamran har g\u00e5tt gjennom en stor mengde dokumenter og dybdeintervjuet sentrale kilder i saken, etterlatte s\u00e5 vel som flygere og offiserer. Dette er den f\u00f8rste boka om ulykken, og offiserer i Luftforsvaret forteller mer enn de noensinne har gjort f\u00f8r. <\/p>\n<p>Gryt\u00f8ya-tragedien handler om makt og \u00e5penhet, om sorg og forsoningens forutsetning. Og om femti \u00e5r med urett.<\/p>\n","protected":false},"excerpt":{"rendered":"<p>11. juli 1972 d\u00f8de 17 mennesker da en milit\u00e6r Twin Otter fra 719-skvadronen i Bod\u00f8 fl\u00f8y inn i en fjellvegg p\u00e5 Gryt\u00f8ya. Kapteinen var full. Gryt\u00f8ya-tragedien er en dramatisk fortelling om den st\u00f8rste forsvarsulykken i Norge etter krigen. Det er beretningen om hvordan Luftforsvaret la lokk p\u00e5 ulykken, og om de etterlattes s\u00f8ken etter svar. [&hellip;]<\/p>\n","protected":false},"featured_media":26671,"template":"","meta":{"_acf_changed":false,"inline_featured_image":false},"product_brand":[],"product_cat":[1786],"product_tag":[473,362,1720,433,1094,920],"class_list":{"0":"post-20305","1":"product","2":"type-product","3":"status-publish","4":"has-post-thumbnail","6":"product_cat-rabattkodekampanje","7":"product_tag-1970-1979","8":"product_tag-faglitteratur","9":"product_tag-flyulykker","10":"product_tag-flyvapenet","11":"product_tag-harstad","12":"product_tag-militaerhistorie","14":"first","15":"instock","16":"shipping-taxable","17":"purchasable","18":"product-type-simple"},"acf":{"anmeldelse":[{"tekst_anmeldelser":"\u00ab... et grundig og troverdig produkt. Boken har en gjennomtenkt struktur og en dramaturgi i oppbygning og argumentasjon. Bak den saklige, analytiske og tidvis undrende m\u00e5ten forfatteren belyser de ulike sp\u00f8rsm\u00e5lene p\u00e5, ligger et sterkt engasjement. Samtidig fortjener forlaget ros for omslaget. Det er et blikkfang som griper leseren. Anbefales.\u00bb","av_anmeldelser":"Sven-Erik Grieg-Smith","terningkast":false,"kilde":"Norges Forsvar"},{"tekst_anmeldelser":"... en viktig, interessant og informativ bok [...] anbefales.\u00bb","av_anmeldelser":"Sonja Wikan","terningkast":false,"kilde":"Harstad Tidende"}]},"yoast_head":"<!-- This site is optimized with the Yoast SEO plugin v26.6 - https:\/\/yoast.com\/wordpress\/plugins\/seo\/ -->\n<title>Gryt\u00f8ya-tragedien - Spartacus<\/title>\n<meta name=\"robots\" content=\"noindex, follow, max-snippet:-1, max-image-preview:large, max-video-preview:-1\" \/>\n<meta property=\"og:locale\" content=\"nb_NO\" \/>\n<meta property=\"og:type\" content=\"article\" \/>\n<meta property=\"og:title\" content=\"Gryt\u00f8ya-tragedien - Spartacus\" \/>\n<meta property=\"og:description\" content=\"11. juli 1972 d\u00f8de 17 mennesker da en milit\u00e6r Twin Otter fra 719-skvadronen i Bod\u00f8 fl\u00f8y inn i en fjellvegg p\u00e5 Gryt\u00f8ya. Kapteinen var full. Gryt\u00f8ya-tragedien er en dramatisk fortelling om den st\u00f8rste forsvarsulykken i Norge etter krigen. Det er beretningen om hvordan Luftforsvaret la lokk p\u00e5 ulykken, og om de etterlattes s\u00f8ken etter svar. [&hellip;]\" \/>\n<meta property=\"og:url\" content=\"https:\/\/staging.forenteforlag.no\/spartacus\/produkt\/grytoya-tragedien-3\/\" \/>\n<meta property=\"og:site_name\" content=\"Spartacus\" \/>\n<meta property=\"article:publisher\" content=\"https:\/\/www.facebook.com\/SpartacusForlag\" \/>\n<meta property=\"article:modified_time\" content=\"2026-03-04T14:30:08+00:00\" \/>\n<meta property=\"og:image\" content=\"https:\/\/staging.forenteforlag.no\/spartacus\/wp-content\/uploads\/sites\/6\/2026\/02\/9788243014107.jpg\" \/>\n\t<meta property=\"og:image:width\" content=\"720\" \/>\n\t<meta property=\"og:image:height\" content=\"1082\" \/>\n\t<meta property=\"og:image:type\" content=\"image\/jpeg\" \/>\n<meta name=\"twitter:card\" content=\"summary_large_image\" \/>\n<meta name=\"twitter:label1\" content=\"Ansl. lesetid\" \/>\n\t<meta name=\"twitter:data1\" content=\"1 minutt\" \/>\n<script type=\"application\/ld+json\" class=\"yoast-schema-graph\">{\"@context\":\"https:\/\/schema.org\",\"@graph\":[{\"@type\":\"WebPage\",\"@id\":\"https:\/\/staging.forenteforlag.no\/spartacus\/produkt\/grytoya-tragedien-3\/\",\"url\":\"https:\/\/staging.forenteforlag.no\/spartacus\/produkt\/grytoya-tragedien-3\/\",\"name\":\"Gryt\u00f8ya-tragedien - Spartacus\",\"isPartOf\":{\"@id\":\"https:\/\/staging.forenteforlag.no\/spartacus\/#website\"},\"primaryImageOfPage\":{\"@id\":\"https:\/\/staging.forenteforlag.no\/spartacus\/produkt\/grytoya-tragedien-3\/#primaryimage\"},\"image\":{\"@id\":\"https:\/\/staging.forenteforlag.no\/spartacus\/produkt\/grytoya-tragedien-3\/#primaryimage\"},\"thumbnailUrl\":\"https:\/\/staging.forenteforlag.no\/spartacus\/wp-content\/uploads\/sites\/6\/2026\/02\/9788243014107.jpg\",\"datePublished\":\"2022-06-29T00:00:00+00:00\",\"dateModified\":\"2026-03-04T14:30:08+00:00\",\"breadcrumb\":{\"@id\":\"https:\/\/staging.forenteforlag.no\/spartacus\/produkt\/grytoya-tragedien-3\/#breadcrumb\"},\"inLanguage\":\"nb-NO\",\"potentialAction\":[{\"@type\":\"ReadAction\",\"target\":[\"https:\/\/staging.forenteforlag.no\/spartacus\/produkt\/grytoya-tragedien-3\/\"]}]},{\"@type\":\"ImageObject\",\"inLanguage\":\"nb-NO\",\"@id\":\"https:\/\/staging.forenteforlag.no\/spartacus\/produkt\/grytoya-tragedien-3\/#primaryimage\",\"url\":\"https:\/\/staging.forenteforlag.no\/spartacus\/wp-content\/uploads\/sites\/6\/2026\/02\/9788243014107.jpg\",\"contentUrl\":\"https:\/\/staging.forenteforlag.no\/spartacus\/wp-content\/uploads\/sites\/6\/2026\/02\/9788243014107.jpg\",\"width\":720,\"height\":1082},{\"@type\":\"BreadcrumbList\",\"@id\":\"https:\/\/staging.forenteforlag.no\/spartacus\/produkt\/grytoya-tragedien-3\/#breadcrumb\",\"itemListElement\":[{\"@type\":\"ListItem\",\"position\":1,\"name\":\"Hjem\",\"item\":\"https:\/\/staging.forenteforlag.no\/spartacus\/\"},{\"@type\":\"ListItem\",\"position\":2,\"name\":\"Alle b\u00f8ker\",\"item\":\"https:\/\/staging.forenteforlag.no\/spartacus\/butikk\/\"},{\"@type\":\"ListItem\",\"position\":3,\"name\":\"Gryt\u00f8ya-tragedien\"}]},{\"@type\":\"WebSite\",\"@id\":\"https:\/\/staging.forenteforlag.no\/spartacus\/#website\",\"url\":\"https:\/\/staging.forenteforlag.no\/spartacus\/\",\"name\":\"Spartacus forlag\",\"description\":\"\",\"publisher\":{\"@id\":\"https:\/\/staging.forenteforlag.no\/spartacus\/#organization\"},\"potentialAction\":[{\"@type\":\"SearchAction\",\"target\":{\"@type\":\"EntryPoint\",\"urlTemplate\":\"https:\/\/staging.forenteforlag.no\/spartacus\/?s={search_term_string}\"},\"query-input\":{\"@type\":\"PropertyValueSpecification\",\"valueRequired\":true,\"valueName\":\"search_term_string\"}}],\"inLanguage\":\"nb-NO\"},{\"@type\":\"Organization\",\"@id\":\"https:\/\/staging.forenteforlag.no\/spartacus\/#organization\",\"name\":\"Spartacus forlag\",\"url\":\"https:\/\/staging.forenteforlag.no\/spartacus\/\",\"logo\":{\"@type\":\"ImageObject\",\"inLanguage\":\"nb-NO\",\"@id\":\"https:\/\/staging.forenteforlag.no\/spartacus\/#\/schema\/logo\/image\/\",\"url\":\"https:\/\/staging.forenteforlag.no\/spartacus\/wp-content\/uploads\/sites\/6\/2024\/09\/Spartacus_logo.svg\",\"contentUrl\":\"https:\/\/staging.forenteforlag.no\/spartacus\/wp-content\/uploads\/sites\/6\/2024\/09\/Spartacus_logo.svg\",\"width\":100,\"height\":100,\"caption\":\"Spartacus forlag\"},\"image\":{\"@id\":\"https:\/\/staging.forenteforlag.no\/spartacus\/#\/schema\/logo\/image\/\"},\"sameAs\":[\"https:\/\/www.facebook.com\/SpartacusForlag\"]}]}<\/script>\n<!-- \/ Yoast SEO plugin. -->","yoast_head_json":{"title":"Gryt\u00f8ya-tragedien - Spartacus","robots":{"index":"noindex","follow":"follow","max-snippet":"max-snippet:-1","max-image-preview":"max-image-preview:large","max-video-preview":"max-video-preview:-1"},"og_locale":"nb_NO","og_type":"article","og_title":"Gryt\u00f8ya-tragedien - Spartacus","og_description":"11. juli 1972 d\u00f8de 17 mennesker da en milit\u00e6r Twin Otter fra 719-skvadronen i Bod\u00f8 fl\u00f8y inn i en fjellvegg p\u00e5 Gryt\u00f8ya. Kapteinen var full. Gryt\u00f8ya-tragedien er en dramatisk fortelling om den st\u00f8rste forsvarsulykken i Norge etter krigen. Det er beretningen om hvordan Luftforsvaret la lokk p\u00e5 ulykken, og om de etterlattes s\u00f8ken etter svar. [&hellip;]","og_url":"https:\/\/staging.forenteforlag.no\/spartacus\/produkt\/grytoya-tragedien-3\/","og_site_name":"Spartacus","article_publisher":"https:\/\/www.facebook.com\/SpartacusForlag","article_modified_time":"2026-03-04T14:30:08+00:00","og_image":[{"width":720,"height":1082,"url":"https:\/\/staging.forenteforlag.no\/spartacus\/wp-content\/uploads\/sites\/6\/2026\/02\/9788243014107.jpg","type":"image\/jpeg"}],"twitter_card":"summary_large_image","twitter_misc":{"Ansl. lesetid":"1 minutt"},"schema":{"@context":"https:\/\/schema.org","@graph":[{"@type":"WebPage","@id":"https:\/\/staging.forenteforlag.no\/spartacus\/produkt\/grytoya-tragedien-3\/","url":"https:\/\/staging.forenteforlag.no\/spartacus\/produkt\/grytoya-tragedien-3\/","name":"Gryt\u00f8ya-tragedien - Spartacus","isPartOf":{"@id":"https:\/\/staging.forenteforlag.no\/spartacus\/#website"},"primaryImageOfPage":{"@id":"https:\/\/staging.forenteforlag.no\/spartacus\/produkt\/grytoya-tragedien-3\/#primaryimage"},"image":{"@id":"https:\/\/staging.forenteforlag.no\/spartacus\/produkt\/grytoya-tragedien-3\/#primaryimage"},"thumbnailUrl":"https:\/\/staging.forenteforlag.no\/spartacus\/wp-content\/uploads\/sites\/6\/2026\/02\/9788243014107.jpg","datePublished":"2022-06-29T00:00:00+00:00","dateModified":"2026-03-04T14:30:08+00:00","breadcrumb":{"@id":"https:\/\/staging.forenteforlag.no\/spartacus\/produkt\/grytoya-tragedien-3\/#breadcrumb"},"inLanguage":"nb-NO","potentialAction":[{"@type":"ReadAction","target":["https:\/\/staging.forenteforlag.no\/spartacus\/produkt\/grytoya-tragedien-3\/"]}]},{"@type":"ImageObject","inLanguage":"nb-NO","@id":"https:\/\/staging.forenteforlag.no\/spartacus\/produkt\/grytoya-tragedien-3\/#primaryimage","url":"https:\/\/staging.forenteforlag.no\/spartacus\/wp-content\/uploads\/sites\/6\/2026\/02\/9788243014107.jpg","contentUrl":"https:\/\/staging.forenteforlag.no\/spartacus\/wp-content\/uploads\/sites\/6\/2026\/02\/9788243014107.jpg","width":720,"height":1082},{"@type":"BreadcrumbList","@id":"https:\/\/staging.forenteforlag.no\/spartacus\/produkt\/grytoya-tragedien-3\/#breadcrumb","itemListElement":[{"@type":"ListItem","position":1,"name":"Hjem","item":"https:\/\/staging.forenteforlag.no\/spartacus\/"},{"@type":"ListItem","position":2,"name":"Alle b\u00f8ker","item":"https:\/\/staging.forenteforlag.no\/spartacus\/butikk\/"},{"@type":"ListItem","position":3,"name":"Gryt\u00f8ya-tragedien"}]},{"@type":"WebSite","@id":"https:\/\/staging.forenteforlag.no\/spartacus\/#website","url":"https:\/\/staging.forenteforlag.no\/spartacus\/","name":"Spartacus forlag","description":"","publisher":{"@id":"https:\/\/staging.forenteforlag.no\/spartacus\/#organization"},"potentialAction":[{"@type":"SearchAction","target":{"@type":"EntryPoint","urlTemplate":"https:\/\/staging.forenteforlag.no\/spartacus\/?s={search_term_string}"},"query-input":{"@type":"PropertyValueSpecification","valueRequired":true,"valueName":"search_term_string"}}],"inLanguage":"nb-NO"},{"@type":"Organization","@id":"https:\/\/staging.forenteforlag.no\/spartacus\/#organization","name":"Spartacus forlag","url":"https:\/\/staging.forenteforlag.no\/spartacus\/","logo":{"@type":"ImageObject","inLanguage":"nb-NO","@id":"https:\/\/staging.forenteforlag.no\/spartacus\/#\/schema\/logo\/image\/","url":"https:\/\/staging.forenteforlag.no\/spartacus\/wp-content\/uploads\/sites\/6\/2024\/09\/Spartacus_logo.svg","contentUrl":"https:\/\/staging.forenteforlag.no\/spartacus\/wp-content\/uploads\/sites\/6\/2024\/09\/Spartacus_logo.svg","width":100,"height":100,"caption":"Spartacus forlag"},"image":{"@id":"https:\/\/staging.forenteforlag.no\/spartacus\/#\/schema\/logo\/image\/"},"sameAs":["https:\/\/www.facebook.com\/SpartacusForlag"]}]}},"_links":{"self":[{"href":"https:\/\/staging.forenteforlag.no\/spartacus\/wp-json\/wp\/v2\/product\/20305","targetHints":{"allow":["GET"]}}],"collection":[{"href":"https:\/\/staging.forenteforlag.no\/spartacus\/wp-json\/wp\/v2\/product"}],"about":[{"href":"https:\/\/staging.forenteforlag.no\/spartacus\/wp-json\/wp\/v2\/types\/product"}],"wp:featuredmedia":[{"embeddable":true,"href":"https:\/\/staging.forenteforlag.no\/spartacus\/wp-json\/wp\/v2\/media\/26671"}],"wp:attachment":[{"href":"https:\/\/staging.forenteforlag.no\/spartacus\/wp-json\/wp\/v2\/media?parent=20305"}],"wp:term":[{"taxonomy":"product_brand","embeddable":true,"href":"https:\/\/staging.forenteforlag.no\/spartacus\/wp-json\/wp\/v2\/product_brand?post=20305"},{"taxonomy":"product_cat","embeddable":true,"href":"https:\/\/staging.forenteforlag.no\/spartacus\/wp-json\/wp\/v2\/product_cat?post=20305"},{"taxonomy":"product_tag","embeddable":true,"href":"https:\/\/staging.forenteforlag.no\/spartacus\/wp-json\/wp\/v2\/product_tag?post=20305"}],"curies":[{"name":"wp","href":"https:\/\/api.w.org\/{rel}","templated":true}]}}