{"id":20303,"date":"2022-10-11T02:00:00","date_gmt":"2022-10-11T00:00:00","guid":{"rendered":"https:\/\/spartacus.forenteforlag.no\/produkt\/helgoland-2\/"},"modified":"2026-03-04T15:33:12","modified_gmt":"2026-03-04T14:33:12","slug":"helgoland-2","status":"publish","type":"product","link":"https:\/\/staging.forenteforlag.no\/spartacus\/produkt\/helgoland-2\/","title":{"rendered":"Helgoland"},"content":{"rendered":"<p>Sommeren 1925 tilbrakte den unge fysikeren Werner Heisenberg p\u00e5 Helgoland, en forbl\u00e5st \u00f8y i Nordsj\u00f8en, for \u00e5 slippe unna plagene med h\u00f8ysnue, og for \u00e5 tenke i fred. Her kom han opp med den viktigste innsikten bak kvantemekanikken, l\u00e6ren om universets minste bestanddelers oppbygning og dynamikk. <\/p>\n<p>I Helgoland forteller den italienske fysikeren og popul\u00e6rvitenskapelige stjerneforfatteren Carlo Rovelli den fascinerende historien om kvantefysikken og dens grunnleggere. De siste hundre \u00e5rene har teorien gitt oss forst\u00e5else av sammenhenger innen atomkraft, moderne medisin, kommunikasjon og annen teknologi, men den er fortsatt g\u00e5tefull og omdiskutert. <\/p>\n<p>Rovelli tar oss med p\u00e5 en reise full av undring og oppdagelser, og deler ogs\u00e5 sin egen teori: den \u00abrelasjonelle\u00bb tolkningen av kvantemekanikken, som ser verden bygget opp av relasjoner og hendelser i stedet for permanente stoffer. Helgoland er en bemerkelsesverdig og inspirerende bok som snur opp ned p\u00e5 v\u00e5r forst\u00e5else av universet og v\u00e5r egen plass i det.<\/p>\n","protected":false},"excerpt":{"rendered":"<p>Sommeren 1925 tilbrakte den unge fysikeren Werner Heisenberg p\u00e5 Helgoland, en forbl\u00e5st \u00f8y i Nordsj\u00f8en, for \u00e5 slippe unna plagene med h\u00f8ysnue, og for \u00e5 tenke i fred. Her kom han opp med den viktigste innsikten bak kvantemekanikken, l\u00e6ren om universets minste bestanddelers oppbygning og dynamikk. I Helgoland forteller den italienske fysikeren og popul\u00e6rvitenskapelige stjerneforfatteren [&hellip;]<\/p>\n","protected":false},"featured_media":26682,"template":"","meta":{"_acf_changed":false,"inline_featured_image":false},"product_brand":[],"product_cat":[1786],"product_tag":[362,713],"class_list":{"0":"post-20303","1":"product","2":"type-product","3":"status-publish","4":"has-post-thumbnail","6":"product_cat-rabattkodekampanje","7":"product_tag-faglitteratur","8":"product_tag-kvantemekanikk","10":"first","11":"instock","12":"shipping-taxable","13":"purchasable","14":"product-type-simple"},"acf":{"anmeldelse":[{"tekst_anmeldelser":"\u00abGjennom et enkelt, vakkert og til tider rent poetisk spr\u00e5k gj\u00f8r Rovelli det mulig \u00e5 f\u00f8lge ham p\u00e5 veien gjennom kvantefysikkens historie. ... Du kan mer enn gjerne la Helgoland v\u00e6re din f\u00f8rste introduksjon. Men v\u00e6r advart; verden kommer aldri til \u00e5 fortone seg helt p\u00e5 sammen m\u00e5te som den gjorde f\u00f8r du \u00e5pnet boken.  ...\n\n\u00c5 pr\u00f8ve \u00e5 forst\u00e5 kvanteteori er en \u00f8velse. Carlo Rovelli gj\u00f8r det dog til en forlokkende opplevelse. Spr\u00e5ket og vendingene hans tar oss med inn i en magisk virkelighet der forutsetningene for \u00e5 forst\u00e5 verden er helt andre enn de vi er vant til. Det er en stor glede \u00e5 bli invitert inn.\u00bb","av_anmeldelser":"Vibeke Riiser-Larsen","terningkast":false,"kilde":"Prosa"}]},"yoast_head":"<!-- This site is optimized with the Yoast SEO plugin v26.6 - https:\/\/yoast.com\/wordpress\/plugins\/seo\/ -->\n<title>Helgoland - Spartacus<\/title>\n<meta name=\"robots\" content=\"noindex, follow, max-snippet:-1, max-image-preview:large, max-video-preview:-1\" \/>\n<meta property=\"og:locale\" content=\"nb_NO\" \/>\n<meta property=\"og:type\" content=\"article\" \/>\n<meta property=\"og:title\" content=\"Helgoland - Spartacus\" \/>\n<meta property=\"og:description\" content=\"Sommeren 1925 tilbrakte den unge fysikeren Werner Heisenberg p\u00e5 Helgoland, en forbl\u00e5st \u00f8y i Nordsj\u00f8en, for \u00e5 slippe unna plagene med h\u00f8ysnue, og for \u00e5 tenke i fred. Her kom han opp med den viktigste innsikten bak kvantemekanikken, l\u00e6ren om universets minste bestanddelers oppbygning og dynamikk. I Helgoland forteller den italienske fysikeren og popul\u00e6rvitenskapelige stjerneforfatteren [&hellip;]\" \/>\n<meta property=\"og:url\" content=\"https:\/\/staging.forenteforlag.no\/spartacus\/produkt\/helgoland-2\/\" \/>\n<meta property=\"og:site_name\" content=\"Spartacus\" \/>\n<meta property=\"article:publisher\" content=\"https:\/\/www.facebook.com\/SpartacusForlag\" \/>\n<meta property=\"article:modified_time\" content=\"2026-03-04T14:33:12+00:00\" \/>\n<meta property=\"og:image\" content=\"https:\/\/staging.forenteforlag.no\/spartacus\/wp-content\/uploads\/sites\/6\/2026\/03\/9788243014701.jpg\" \/>\n\t<meta property=\"og:image:width\" content=\"720\" \/>\n\t<meta property=\"og:image:height\" content=\"1112\" \/>\n\t<meta property=\"og:image:type\" content=\"image\/jpeg\" \/>\n<meta name=\"twitter:card\" content=\"summary_large_image\" \/>\n<meta name=\"twitter:label1\" content=\"Ansl. lesetid\" \/>\n\t<meta name=\"twitter:data1\" content=\"1 minutt\" \/>\n<script type=\"application\/ld+json\" class=\"yoast-schema-graph\">{\"@context\":\"https:\/\/schema.org\",\"@graph\":[{\"@type\":\"WebPage\",\"@id\":\"https:\/\/staging.forenteforlag.no\/spartacus\/produkt\/helgoland-2\/\",\"url\":\"https:\/\/staging.forenteforlag.no\/spartacus\/produkt\/helgoland-2\/\",\"name\":\"Helgoland - Spartacus\",\"isPartOf\":{\"@id\":\"https:\/\/staging.forenteforlag.no\/spartacus\/#website\"},\"primaryImageOfPage\":{\"@id\":\"https:\/\/staging.forenteforlag.no\/spartacus\/produkt\/helgoland-2\/#primaryimage\"},\"image\":{\"@id\":\"https:\/\/staging.forenteforlag.no\/spartacus\/produkt\/helgoland-2\/#primaryimage\"},\"thumbnailUrl\":\"https:\/\/staging.forenteforlag.no\/spartacus\/wp-content\/uploads\/sites\/6\/2026\/03\/9788243014701.jpg\",\"datePublished\":\"2022-10-11T00:00:00+00:00\",\"dateModified\":\"2026-03-04T14:33:12+00:00\",\"breadcrumb\":{\"@id\":\"https:\/\/staging.forenteforlag.no\/spartacus\/produkt\/helgoland-2\/#breadcrumb\"},\"inLanguage\":\"nb-NO\",\"potentialAction\":[{\"@type\":\"ReadAction\",\"target\":[\"https:\/\/staging.forenteforlag.no\/spartacus\/produkt\/helgoland-2\/\"]}]},{\"@type\":\"ImageObject\",\"inLanguage\":\"nb-NO\",\"@id\":\"https:\/\/staging.forenteforlag.no\/spartacus\/produkt\/helgoland-2\/#primaryimage\",\"url\":\"https:\/\/staging.forenteforlag.no\/spartacus\/wp-content\/uploads\/sites\/6\/2026\/03\/9788243014701.jpg\",\"contentUrl\":\"https:\/\/staging.forenteforlag.no\/spartacus\/wp-content\/uploads\/sites\/6\/2026\/03\/9788243014701.jpg\",\"width\":720,\"height\":1112},{\"@type\":\"BreadcrumbList\",\"@id\":\"https:\/\/staging.forenteforlag.no\/spartacus\/produkt\/helgoland-2\/#breadcrumb\",\"itemListElement\":[{\"@type\":\"ListItem\",\"position\":1,\"name\":\"Hjem\",\"item\":\"https:\/\/staging.forenteforlag.no\/spartacus\/\"},{\"@type\":\"ListItem\",\"position\":2,\"name\":\"Alle b\u00f8ker\",\"item\":\"https:\/\/staging.forenteforlag.no\/spartacus\/butikk\/\"},{\"@type\":\"ListItem\",\"position\":3,\"name\":\"Helgoland\"}]},{\"@type\":\"WebSite\",\"@id\":\"https:\/\/staging.forenteforlag.no\/spartacus\/#website\",\"url\":\"https:\/\/staging.forenteforlag.no\/spartacus\/\",\"name\":\"Spartacus forlag\",\"description\":\"\",\"publisher\":{\"@id\":\"https:\/\/staging.forenteforlag.no\/spartacus\/#organization\"},\"potentialAction\":[{\"@type\":\"SearchAction\",\"target\":{\"@type\":\"EntryPoint\",\"urlTemplate\":\"https:\/\/staging.forenteforlag.no\/spartacus\/?s={search_term_string}\"},\"query-input\":{\"@type\":\"PropertyValueSpecification\",\"valueRequired\":true,\"valueName\":\"search_term_string\"}}],\"inLanguage\":\"nb-NO\"},{\"@type\":\"Organization\",\"@id\":\"https:\/\/staging.forenteforlag.no\/spartacus\/#organization\",\"name\":\"Spartacus forlag\",\"url\":\"https:\/\/staging.forenteforlag.no\/spartacus\/\",\"logo\":{\"@type\":\"ImageObject\",\"inLanguage\":\"nb-NO\",\"@id\":\"https:\/\/staging.forenteforlag.no\/spartacus\/#\/schema\/logo\/image\/\",\"url\":\"https:\/\/staging.forenteforlag.no\/spartacus\/wp-content\/uploads\/sites\/6\/2024\/09\/Spartacus_logo.svg\",\"contentUrl\":\"https:\/\/staging.forenteforlag.no\/spartacus\/wp-content\/uploads\/sites\/6\/2024\/09\/Spartacus_logo.svg\",\"width\":100,\"height\":100,\"caption\":\"Spartacus forlag\"},\"image\":{\"@id\":\"https:\/\/staging.forenteforlag.no\/spartacus\/#\/schema\/logo\/image\/\"},\"sameAs\":[\"https:\/\/www.facebook.com\/SpartacusForlag\"]}]}<\/script>\n<!-- \/ Yoast SEO plugin. -->","yoast_head_json":{"title":"Helgoland - Spartacus","robots":{"index":"noindex","follow":"follow","max-snippet":"max-snippet:-1","max-image-preview":"max-image-preview:large","max-video-preview":"max-video-preview:-1"},"og_locale":"nb_NO","og_type":"article","og_title":"Helgoland - Spartacus","og_description":"Sommeren 1925 tilbrakte den unge fysikeren Werner Heisenberg p\u00e5 Helgoland, en forbl\u00e5st \u00f8y i Nordsj\u00f8en, for \u00e5 slippe unna plagene med h\u00f8ysnue, og for \u00e5 tenke i fred. Her kom han opp med den viktigste innsikten bak kvantemekanikken, l\u00e6ren om universets minste bestanddelers oppbygning og dynamikk. I Helgoland forteller den italienske fysikeren og popul\u00e6rvitenskapelige stjerneforfatteren [&hellip;]","og_url":"https:\/\/staging.forenteforlag.no\/spartacus\/produkt\/helgoland-2\/","og_site_name":"Spartacus","article_publisher":"https:\/\/www.facebook.com\/SpartacusForlag","article_modified_time":"2026-03-04T14:33:12+00:00","og_image":[{"width":720,"height":1112,"url":"https:\/\/staging.forenteforlag.no\/spartacus\/wp-content\/uploads\/sites\/6\/2026\/03\/9788243014701.jpg","type":"image\/jpeg"}],"twitter_card":"summary_large_image","twitter_misc":{"Ansl. lesetid":"1 minutt"},"schema":{"@context":"https:\/\/schema.org","@graph":[{"@type":"WebPage","@id":"https:\/\/staging.forenteforlag.no\/spartacus\/produkt\/helgoland-2\/","url":"https:\/\/staging.forenteforlag.no\/spartacus\/produkt\/helgoland-2\/","name":"Helgoland - Spartacus","isPartOf":{"@id":"https:\/\/staging.forenteforlag.no\/spartacus\/#website"},"primaryImageOfPage":{"@id":"https:\/\/staging.forenteforlag.no\/spartacus\/produkt\/helgoland-2\/#primaryimage"},"image":{"@id":"https:\/\/staging.forenteforlag.no\/spartacus\/produkt\/helgoland-2\/#primaryimage"},"thumbnailUrl":"https:\/\/staging.forenteforlag.no\/spartacus\/wp-content\/uploads\/sites\/6\/2026\/03\/9788243014701.jpg","datePublished":"2022-10-11T00:00:00+00:00","dateModified":"2026-03-04T14:33:12+00:00","breadcrumb":{"@id":"https:\/\/staging.forenteforlag.no\/spartacus\/produkt\/helgoland-2\/#breadcrumb"},"inLanguage":"nb-NO","potentialAction":[{"@type":"ReadAction","target":["https:\/\/staging.forenteforlag.no\/spartacus\/produkt\/helgoland-2\/"]}]},{"@type":"ImageObject","inLanguage":"nb-NO","@id":"https:\/\/staging.forenteforlag.no\/spartacus\/produkt\/helgoland-2\/#primaryimage","url":"https:\/\/staging.forenteforlag.no\/spartacus\/wp-content\/uploads\/sites\/6\/2026\/03\/9788243014701.jpg","contentUrl":"https:\/\/staging.forenteforlag.no\/spartacus\/wp-content\/uploads\/sites\/6\/2026\/03\/9788243014701.jpg","width":720,"height":1112},{"@type":"BreadcrumbList","@id":"https:\/\/staging.forenteforlag.no\/spartacus\/produkt\/helgoland-2\/#breadcrumb","itemListElement":[{"@type":"ListItem","position":1,"name":"Hjem","item":"https:\/\/staging.forenteforlag.no\/spartacus\/"},{"@type":"ListItem","position":2,"name":"Alle b\u00f8ker","item":"https:\/\/staging.forenteforlag.no\/spartacus\/butikk\/"},{"@type":"ListItem","position":3,"name":"Helgoland"}]},{"@type":"WebSite","@id":"https:\/\/staging.forenteforlag.no\/spartacus\/#website","url":"https:\/\/staging.forenteforlag.no\/spartacus\/","name":"Spartacus forlag","description":"","publisher":{"@id":"https:\/\/staging.forenteforlag.no\/spartacus\/#organization"},"potentialAction":[{"@type":"SearchAction","target":{"@type":"EntryPoint","urlTemplate":"https:\/\/staging.forenteforlag.no\/spartacus\/?s={search_term_string}"},"query-input":{"@type":"PropertyValueSpecification","valueRequired":true,"valueName":"search_term_string"}}],"inLanguage":"nb-NO"},{"@type":"Organization","@id":"https:\/\/staging.forenteforlag.no\/spartacus\/#organization","name":"Spartacus forlag","url":"https:\/\/staging.forenteforlag.no\/spartacus\/","logo":{"@type":"ImageObject","inLanguage":"nb-NO","@id":"https:\/\/staging.forenteforlag.no\/spartacus\/#\/schema\/logo\/image\/","url":"https:\/\/staging.forenteforlag.no\/spartacus\/wp-content\/uploads\/sites\/6\/2024\/09\/Spartacus_logo.svg","contentUrl":"https:\/\/staging.forenteforlag.no\/spartacus\/wp-content\/uploads\/sites\/6\/2024\/09\/Spartacus_logo.svg","width":100,"height":100,"caption":"Spartacus forlag"},"image":{"@id":"https:\/\/staging.forenteforlag.no\/spartacus\/#\/schema\/logo\/image\/"},"sameAs":["https:\/\/www.facebook.com\/SpartacusForlag"]}]}},"_links":{"self":[{"href":"https:\/\/staging.forenteforlag.no\/spartacus\/wp-json\/wp\/v2\/product\/20303","targetHints":{"allow":["GET"]}}],"collection":[{"href":"https:\/\/staging.forenteforlag.no\/spartacus\/wp-json\/wp\/v2\/product"}],"about":[{"href":"https:\/\/staging.forenteforlag.no\/spartacus\/wp-json\/wp\/v2\/types\/product"}],"wp:featuredmedia":[{"embeddable":true,"href":"https:\/\/staging.forenteforlag.no\/spartacus\/wp-json\/wp\/v2\/media\/26682"}],"wp:attachment":[{"href":"https:\/\/staging.forenteforlag.no\/spartacus\/wp-json\/wp\/v2\/media?parent=20303"}],"wp:term":[{"taxonomy":"product_brand","embeddable":true,"href":"https:\/\/staging.forenteforlag.no\/spartacus\/wp-json\/wp\/v2\/product_brand?post=20303"},{"taxonomy":"product_cat","embeddable":true,"href":"https:\/\/staging.forenteforlag.no\/spartacus\/wp-json\/wp\/v2\/product_cat?post=20303"},{"taxonomy":"product_tag","embeddable":true,"href":"https:\/\/staging.forenteforlag.no\/spartacus\/wp-json\/wp\/v2\/product_tag?post=20303"}],"curies":[{"name":"wp","href":"https:\/\/api.w.org\/{rel}","templated":true}]}}