{"id":20301,"date":"2022-09-30T02:00:00","date_gmt":"2022-09-30T00:00:00","guid":{"rendered":"https:\/\/spartacus.forenteforlag.no\/produkt\/atlas-over-fyrtarn-ved-verdens-ende\/"},"modified":"2026-03-04T15:35:43","modified_gmt":"2026-03-04T14:35:43","slug":"atlas-over-fyrtarn-ved-verdens-ende","status":"publish","type":"product","link":"https:\/\/staging.forenteforlag.no\/spartacus\/produkt\/atlas-over-fyrtarn-ved-verdens-ende\/","title":{"rendered":"Atlas over fyrt\u00e5rn ved verdens ende"},"content":{"rendered":"<p>Bli kjent med gjenferdet p\u00e5 Great Isaac Cay fyr, l\u00e6r om et fyrt\u00e5rn i Ukraina som er bygget som en flettet kurv, og les den utrolige historien om en sjelden fugl som blir utryddet kort tid etter at katten Tibbles flytter inn p\u00e5 Stephens Island fyr. Visste du forresten at Cabo Blanco fyr i Argentina er plassert p\u00e5 en \u00f8y verken Ferdinand Magellan eller Charles Darwin v\u00e5get \u00e5 g\u00e5 i land p\u00e5? <\/p>\n<p>\u00abAtlas over fyrt\u00e5rn ved verdens ende\u00bb er en samling historier basert p\u00e5 virkelige hendelser som tar oss med til fjerne breddegrader og isolerte fyrt\u00e5rn, som gjennom \u00e5rene har v\u00e6rt kilde til delirium, ensomhet og rastl\u00f8shet, men ogs\u00e5 mot og lykke. Hvert kapittel er ledsaget av et nautisk kart, illustrasjoner og en skalaplan &#8211; det hele krydret med spennende kuriosa. <\/p>\n<p>Vi f\u00e5r h\u00f8re om en blind fyrvokter ved polarsirkelen, Nelson Mandelas opphold p\u00e5 Robben Island, Edgar Allan Poes uferdige tekster, Virginia Woolfs barndom, og flere mystiske forsvinninger  &#8211; historier like ekstraordin\u00e6re som fyrt\u00e5rnene de tilh\u00f8rer. <\/p>\n<p>\u00abHvis man etter \u00e5 ha lest denne boken ikke har lyst til \u00e5 gi opp alt for \u00e5 bo i et fyr en stund, er det sannsynligvis fordi leseren mangler den minste evne til \u00e5 bli begeistret for noe i denne verden.\u00bb <\/p>\n<p>Viajes National Geographic<\/p>\n","protected":false},"excerpt":{"rendered":"<p>Bli kjent med gjenferdet p\u00e5 Great Isaac Cay fyr, l\u00e6r om et fyrt\u00e5rn i Ukraina som er bygget som en flettet kurv, og les den utrolige historien om en sjelden fugl som blir utryddet kort tid etter at katten Tibbles flytter inn p\u00e5 Stephens Island fyr. Visste du forresten at Cabo Blanco fyr i Argentina [&hellip;]<\/p>\n","protected":false},"featured_media":26705,"template":"","meta":{"_acf_changed":false,"inline_featured_image":false},"product_brand":[],"product_cat":[1786],"product_tag":[362,1500,466],"class_list":{"0":"post-20301","1":"product","2":"type-product","3":"status-publish","4":"has-post-thumbnail","6":"product_cat-rabattkodekampanje","7":"product_tag-faglitteratur","8":"product_tag-fyr","9":"product_tag-sjofartshistorie","11":"first","12":"instock","13":"shipping-taxable","14":"purchasable","15":"product-type-simple"},"acf":{"anmeldelse":[{"tekst_anmeldelser":"\u00abHvis man etter \u00e5 ha lest denne boken ikke har lyst til \u00e5 gi opp alt for \u00e5 bo i et fyr en stund, er det sannsynligvis fordi leseren mangler den minste evne til \u00e5 bli begeistret for noe i denne verden.\u00bb","av_anmeldelser":"","terningkast":false,"kilde":"Viajes National Geographic"}]},"yoast_head":"<!-- This site is optimized with the Yoast SEO plugin v26.6 - https:\/\/yoast.com\/wordpress\/plugins\/seo\/ -->\n<title>Atlas over fyrt\u00e5rn ved verdens ende - Spartacus<\/title>\n<meta name=\"robots\" content=\"noindex, follow, max-snippet:-1, max-image-preview:large, max-video-preview:-1\" \/>\n<meta property=\"og:locale\" content=\"nb_NO\" \/>\n<meta property=\"og:type\" content=\"article\" \/>\n<meta property=\"og:title\" content=\"Atlas over fyrt\u00e5rn ved verdens ende - Spartacus\" \/>\n<meta property=\"og:description\" content=\"Bli kjent med gjenferdet p\u00e5 Great Isaac Cay fyr, l\u00e6r om et fyrt\u00e5rn i Ukraina som er bygget som en flettet kurv, og les den utrolige historien om en sjelden fugl som blir utryddet kort tid etter at katten Tibbles flytter inn p\u00e5 Stephens Island fyr. Visste du forresten at Cabo Blanco fyr i Argentina [&hellip;]\" \/>\n<meta property=\"og:url\" content=\"https:\/\/staging.forenteforlag.no\/spartacus\/produkt\/atlas-over-fyrtarn-ved-verdens-ende\/\" \/>\n<meta property=\"og:site_name\" content=\"Spartacus\" \/>\n<meta property=\"article:publisher\" content=\"https:\/\/www.facebook.com\/SpartacusForlag\" \/>\n<meta property=\"article:modified_time\" content=\"2026-03-04T14:35:43+00:00\" \/>\n<meta property=\"og:image\" content=\"https:\/\/staging.forenteforlag.no\/spartacus\/wp-content\/uploads\/sites\/6\/2026\/03\/9788243014985-1.jpg\" \/>\n\t<meta property=\"og:image:width\" content=\"720\" \/>\n\t<meta property=\"og:image:height\" content=\"1110\" \/>\n\t<meta property=\"og:image:type\" content=\"image\/jpeg\" \/>\n<meta name=\"twitter:card\" content=\"summary_large_image\" \/>\n<meta name=\"twitter:label1\" content=\"Ansl. lesetid\" \/>\n\t<meta name=\"twitter:data1\" content=\"1 minutt\" \/>\n<script type=\"application\/ld+json\" class=\"yoast-schema-graph\">{\"@context\":\"https:\/\/schema.org\",\"@graph\":[{\"@type\":\"WebPage\",\"@id\":\"https:\/\/staging.forenteforlag.no\/spartacus\/produkt\/atlas-over-fyrtarn-ved-verdens-ende\/\",\"url\":\"https:\/\/staging.forenteforlag.no\/spartacus\/produkt\/atlas-over-fyrtarn-ved-verdens-ende\/\",\"name\":\"Atlas over fyrt\u00e5rn ved verdens ende - Spartacus\",\"isPartOf\":{\"@id\":\"https:\/\/staging.forenteforlag.no\/spartacus\/#website\"},\"primaryImageOfPage\":{\"@id\":\"https:\/\/staging.forenteforlag.no\/spartacus\/produkt\/atlas-over-fyrtarn-ved-verdens-ende\/#primaryimage\"},\"image\":{\"@id\":\"https:\/\/staging.forenteforlag.no\/spartacus\/produkt\/atlas-over-fyrtarn-ved-verdens-ende\/#primaryimage\"},\"thumbnailUrl\":\"https:\/\/staging.forenteforlag.no\/spartacus\/wp-content\/uploads\/sites\/6\/2026\/03\/9788243014985-1.jpg\",\"datePublished\":\"2022-09-30T00:00:00+00:00\",\"dateModified\":\"2026-03-04T14:35:43+00:00\",\"breadcrumb\":{\"@id\":\"https:\/\/staging.forenteforlag.no\/spartacus\/produkt\/atlas-over-fyrtarn-ved-verdens-ende\/#breadcrumb\"},\"inLanguage\":\"nb-NO\",\"potentialAction\":[{\"@type\":\"ReadAction\",\"target\":[\"https:\/\/staging.forenteforlag.no\/spartacus\/produkt\/atlas-over-fyrtarn-ved-verdens-ende\/\"]}]},{\"@type\":\"ImageObject\",\"inLanguage\":\"nb-NO\",\"@id\":\"https:\/\/staging.forenteforlag.no\/spartacus\/produkt\/atlas-over-fyrtarn-ved-verdens-ende\/#primaryimage\",\"url\":\"https:\/\/staging.forenteforlag.no\/spartacus\/wp-content\/uploads\/sites\/6\/2026\/03\/9788243014985-1.jpg\",\"contentUrl\":\"https:\/\/staging.forenteforlag.no\/spartacus\/wp-content\/uploads\/sites\/6\/2026\/03\/9788243014985-1.jpg\",\"width\":720,\"height\":1110},{\"@type\":\"BreadcrumbList\",\"@id\":\"https:\/\/staging.forenteforlag.no\/spartacus\/produkt\/atlas-over-fyrtarn-ved-verdens-ende\/#breadcrumb\",\"itemListElement\":[{\"@type\":\"ListItem\",\"position\":1,\"name\":\"Hjem\",\"item\":\"https:\/\/staging.forenteforlag.no\/spartacus\/\"},{\"@type\":\"ListItem\",\"position\":2,\"name\":\"Alle b\u00f8ker\",\"item\":\"https:\/\/staging.forenteforlag.no\/spartacus\/butikk\/\"},{\"@type\":\"ListItem\",\"position\":3,\"name\":\"Atlas over fyrt\u00e5rn ved verdens ende\"}]},{\"@type\":\"WebSite\",\"@id\":\"https:\/\/staging.forenteforlag.no\/spartacus\/#website\",\"url\":\"https:\/\/staging.forenteforlag.no\/spartacus\/\",\"name\":\"Spartacus forlag\",\"description\":\"\",\"publisher\":{\"@id\":\"https:\/\/staging.forenteforlag.no\/spartacus\/#organization\"},\"potentialAction\":[{\"@type\":\"SearchAction\",\"target\":{\"@type\":\"EntryPoint\",\"urlTemplate\":\"https:\/\/staging.forenteforlag.no\/spartacus\/?s={search_term_string}\"},\"query-input\":{\"@type\":\"PropertyValueSpecification\",\"valueRequired\":true,\"valueName\":\"search_term_string\"}}],\"inLanguage\":\"nb-NO\"},{\"@type\":\"Organization\",\"@id\":\"https:\/\/staging.forenteforlag.no\/spartacus\/#organization\",\"name\":\"Spartacus forlag\",\"url\":\"https:\/\/staging.forenteforlag.no\/spartacus\/\",\"logo\":{\"@type\":\"ImageObject\",\"inLanguage\":\"nb-NO\",\"@id\":\"https:\/\/staging.forenteforlag.no\/spartacus\/#\/schema\/logo\/image\/\",\"url\":\"https:\/\/staging.forenteforlag.no\/spartacus\/wp-content\/uploads\/sites\/6\/2024\/09\/Spartacus_logo.svg\",\"contentUrl\":\"https:\/\/staging.forenteforlag.no\/spartacus\/wp-content\/uploads\/sites\/6\/2024\/09\/Spartacus_logo.svg\",\"width\":100,\"height\":100,\"caption\":\"Spartacus forlag\"},\"image\":{\"@id\":\"https:\/\/staging.forenteforlag.no\/spartacus\/#\/schema\/logo\/image\/\"},\"sameAs\":[\"https:\/\/www.facebook.com\/SpartacusForlag\"]}]}<\/script>\n<!-- \/ Yoast SEO plugin. -->","yoast_head_json":{"title":"Atlas over fyrt\u00e5rn ved verdens ende - Spartacus","robots":{"index":"noindex","follow":"follow","max-snippet":"max-snippet:-1","max-image-preview":"max-image-preview:large","max-video-preview":"max-video-preview:-1"},"og_locale":"nb_NO","og_type":"article","og_title":"Atlas over fyrt\u00e5rn ved verdens ende - Spartacus","og_description":"Bli kjent med gjenferdet p\u00e5 Great Isaac Cay fyr, l\u00e6r om et fyrt\u00e5rn i Ukraina som er bygget som en flettet kurv, og les den utrolige historien om en sjelden fugl som blir utryddet kort tid etter at katten Tibbles flytter inn p\u00e5 Stephens Island fyr. Visste du forresten at Cabo Blanco fyr i Argentina [&hellip;]","og_url":"https:\/\/staging.forenteforlag.no\/spartacus\/produkt\/atlas-over-fyrtarn-ved-verdens-ende\/","og_site_name":"Spartacus","article_publisher":"https:\/\/www.facebook.com\/SpartacusForlag","article_modified_time":"2026-03-04T14:35:43+00:00","og_image":[{"width":720,"height":1110,"url":"https:\/\/staging.forenteforlag.no\/spartacus\/wp-content\/uploads\/sites\/6\/2026\/03\/9788243014985-1.jpg","type":"image\/jpeg"}],"twitter_card":"summary_large_image","twitter_misc":{"Ansl. lesetid":"1 minutt"},"schema":{"@context":"https:\/\/schema.org","@graph":[{"@type":"WebPage","@id":"https:\/\/staging.forenteforlag.no\/spartacus\/produkt\/atlas-over-fyrtarn-ved-verdens-ende\/","url":"https:\/\/staging.forenteforlag.no\/spartacus\/produkt\/atlas-over-fyrtarn-ved-verdens-ende\/","name":"Atlas over fyrt\u00e5rn ved verdens ende - Spartacus","isPartOf":{"@id":"https:\/\/staging.forenteforlag.no\/spartacus\/#website"},"primaryImageOfPage":{"@id":"https:\/\/staging.forenteforlag.no\/spartacus\/produkt\/atlas-over-fyrtarn-ved-verdens-ende\/#primaryimage"},"image":{"@id":"https:\/\/staging.forenteforlag.no\/spartacus\/produkt\/atlas-over-fyrtarn-ved-verdens-ende\/#primaryimage"},"thumbnailUrl":"https:\/\/staging.forenteforlag.no\/spartacus\/wp-content\/uploads\/sites\/6\/2026\/03\/9788243014985-1.jpg","datePublished":"2022-09-30T00:00:00+00:00","dateModified":"2026-03-04T14:35:43+00:00","breadcrumb":{"@id":"https:\/\/staging.forenteforlag.no\/spartacus\/produkt\/atlas-over-fyrtarn-ved-verdens-ende\/#breadcrumb"},"inLanguage":"nb-NO","potentialAction":[{"@type":"ReadAction","target":["https:\/\/staging.forenteforlag.no\/spartacus\/produkt\/atlas-over-fyrtarn-ved-verdens-ende\/"]}]},{"@type":"ImageObject","inLanguage":"nb-NO","@id":"https:\/\/staging.forenteforlag.no\/spartacus\/produkt\/atlas-over-fyrtarn-ved-verdens-ende\/#primaryimage","url":"https:\/\/staging.forenteforlag.no\/spartacus\/wp-content\/uploads\/sites\/6\/2026\/03\/9788243014985-1.jpg","contentUrl":"https:\/\/staging.forenteforlag.no\/spartacus\/wp-content\/uploads\/sites\/6\/2026\/03\/9788243014985-1.jpg","width":720,"height":1110},{"@type":"BreadcrumbList","@id":"https:\/\/staging.forenteforlag.no\/spartacus\/produkt\/atlas-over-fyrtarn-ved-verdens-ende\/#breadcrumb","itemListElement":[{"@type":"ListItem","position":1,"name":"Hjem","item":"https:\/\/staging.forenteforlag.no\/spartacus\/"},{"@type":"ListItem","position":2,"name":"Alle b\u00f8ker","item":"https:\/\/staging.forenteforlag.no\/spartacus\/butikk\/"},{"@type":"ListItem","position":3,"name":"Atlas over fyrt\u00e5rn ved verdens ende"}]},{"@type":"WebSite","@id":"https:\/\/staging.forenteforlag.no\/spartacus\/#website","url":"https:\/\/staging.forenteforlag.no\/spartacus\/","name":"Spartacus forlag","description":"","publisher":{"@id":"https:\/\/staging.forenteforlag.no\/spartacus\/#organization"},"potentialAction":[{"@type":"SearchAction","target":{"@type":"EntryPoint","urlTemplate":"https:\/\/staging.forenteforlag.no\/spartacus\/?s={search_term_string}"},"query-input":{"@type":"PropertyValueSpecification","valueRequired":true,"valueName":"search_term_string"}}],"inLanguage":"nb-NO"},{"@type":"Organization","@id":"https:\/\/staging.forenteforlag.no\/spartacus\/#organization","name":"Spartacus forlag","url":"https:\/\/staging.forenteforlag.no\/spartacus\/","logo":{"@type":"ImageObject","inLanguage":"nb-NO","@id":"https:\/\/staging.forenteforlag.no\/spartacus\/#\/schema\/logo\/image\/","url":"https:\/\/staging.forenteforlag.no\/spartacus\/wp-content\/uploads\/sites\/6\/2024\/09\/Spartacus_logo.svg","contentUrl":"https:\/\/staging.forenteforlag.no\/spartacus\/wp-content\/uploads\/sites\/6\/2024\/09\/Spartacus_logo.svg","width":100,"height":100,"caption":"Spartacus forlag"},"image":{"@id":"https:\/\/staging.forenteforlag.no\/spartacus\/#\/schema\/logo\/image\/"},"sameAs":["https:\/\/www.facebook.com\/SpartacusForlag"]}]}},"_links":{"self":[{"href":"https:\/\/staging.forenteforlag.no\/spartacus\/wp-json\/wp\/v2\/product\/20301","targetHints":{"allow":["GET"]}}],"collection":[{"href":"https:\/\/staging.forenteforlag.no\/spartacus\/wp-json\/wp\/v2\/product"}],"about":[{"href":"https:\/\/staging.forenteforlag.no\/spartacus\/wp-json\/wp\/v2\/types\/product"}],"wp:featuredmedia":[{"embeddable":true,"href":"https:\/\/staging.forenteforlag.no\/spartacus\/wp-json\/wp\/v2\/media\/26705"}],"wp:attachment":[{"href":"https:\/\/staging.forenteforlag.no\/spartacus\/wp-json\/wp\/v2\/media?parent=20301"}],"wp:term":[{"taxonomy":"product_brand","embeddable":true,"href":"https:\/\/staging.forenteforlag.no\/spartacus\/wp-json\/wp\/v2\/product_brand?post=20301"},{"taxonomy":"product_cat","embeddable":true,"href":"https:\/\/staging.forenteforlag.no\/spartacus\/wp-json\/wp\/v2\/product_cat?post=20301"},{"taxonomy":"product_tag","embeddable":true,"href":"https:\/\/staging.forenteforlag.no\/spartacus\/wp-json\/wp\/v2\/product_tag?post=20301"}],"curies":[{"name":"wp","href":"https:\/\/api.w.org\/{rel}","templated":true}]}}