{"id":20291,"date":"2022-04-05T02:00:00","date_gmt":"2022-04-05T00:00:00","guid":{"rendered":"https:\/\/spartacus.forenteforlag.no\/produkt\/skjonnheten-i-kaos-2\/"},"modified":"2026-03-04T15:32:52","modified_gmt":"2026-03-04T14:32:52","slug":"skjonnheten-i-kaos-2","status":"publish","type":"product","link":"https:\/\/staging.forenteforlag.no\/spartacus\/produkt\/skjonnheten-i-kaos-2\/","title":{"rendered":"Skj\u00f8nnheten i kaos"},"content":{"rendered":"<p>Julia Ravanis&#8217; kritikerroste debutbok tar den teoretiske fysikken ned p\u00e5 jorden ved \u00e5 sammenligne den med v\u00e5re menneskelige erfaringer. Hun bruker personlige og id\u00e9historiske betraktninger til \u00e5 forklare sorte hull, sammenflettede elektroner og strengteori. <\/p>\n<p>Den teoretiske fysikken er ikke bare abstrakte temaer for eksperter. Den handler ogs\u00e5 om verden slik den eksisterer rundt oss. Ravanis illustrerer det gjennom refleksjoner rundt hverdagslige situasjoner og opplevelser, som det \u00e5 lengte etter noen, \u00e5 bli forelsket eller \u00e5 f\u00f8le andres blikk p\u00e5 seg selv. <\/p>\n<p>Skj\u00f8nnheten i kaos er et litter\u00e6rt fors\u00f8k p\u00e5 \u00e5 forst\u00e5 skj\u00f8nnheten i kaoset som preger den moderne fysikken.<\/p>\n","protected":false},"excerpt":{"rendered":"<p>Julia Ravanis&#8217; kritikerroste debutbok tar den teoretiske fysikken ned p\u00e5 jorden ved \u00e5 sammenligne den med v\u00e5re menneskelige erfaringer. Hun bruker personlige og id\u00e9historiske betraktninger til \u00e5 forklare sorte hull, sammenflettede elektroner og strengteori. Den teoretiske fysikken er ikke bare abstrakte temaer for eksperter. Den handler ogs\u00e5 om verden slik den eksisterer rundt oss. Ravanis [&hellip;]<\/p>\n","protected":false},"featured_media":26756,"template":"","meta":{"_acf_changed":false,"inline_featured_image":false},"product_brand":[],"product_cat":[1786],"product_tag":[362,1096],"class_list":{"0":"post-20291","1":"product","2":"type-product","3":"status-publish","4":"has-post-thumbnail","6":"product_cat-rabattkodekampanje","7":"product_tag-faglitteratur","8":"product_tag-teoretisk-fysikk","10":"first","11":"instock","12":"shipping-taxable","13":"purchasable","14":"product-type-simple"},"acf":{"anmeldelse":[{"tekst_anmeldelser":"\u00abVi trenger flere stemmer som Julia Ravanis: kunnskapsrike, entusiastiske, nerdete og sjener\u00f8se. Skj\u00f8nnheten i kaos er en sv\u00e6rt vellykket debut.\u00bb","av_anmeldelser":"","terningkast":false,"kilde":"G\u00f6teborgs-Posten"},{"tekst_anmeldelser":"\u00abFinstemt om den teoretiske fysikken [...] Det er et kunststykke \u00e5 trekke paralleller mellom eksotiske fenomener i universet, som svarte hull og m\u00f8rk materie, med velkjente f\u00f8lelser som lengsel og frustrasjon \u2013 og det uten \u00e5 virke p\u00e5trengende. Dette klarer den svenske forskeren Julia Ravanis. I sin debutbok sammenlikner hun den teoretiske fysikken med menneskelige f\u00f8lelser som kj\u00e6rlighet og begj\u00e6r. Og allegoriene hennes er livfulle.\u00bb","av_anmeldelser":"Arne Dvergsdal","terningkast":"<i class=\"fa-solid fa-dice-five\"><\/i>","kilde":"Dagbladet"},{"tekst_anmeldelser":"\u00abDet er en rik, vidunderlig bok, fylt av menneskelig varme i et avkj\u00f8lende univers.\u00bb","av_anmeldelser":"","terningkast":false,"kilde":"Aftonbladet"},{"tekst_anmeldelser":"\u00abHennes velskrevne bok m\u00e5 gjerne inspirere flere eksperter til \u00e5 skrive lett om tunge temaer.\u00bb","av_anmeldelser":"","terningkast":false,"kilde":"Expressen"}]},"yoast_head":"<!-- This site is optimized with the Yoast SEO plugin v26.6 - https:\/\/yoast.com\/wordpress\/plugins\/seo\/ -->\n<title>Skj\u00f8nnheten i kaos - Spartacus<\/title>\n<meta name=\"robots\" content=\"noindex, follow, max-snippet:-1, max-image-preview:large, max-video-preview:-1\" \/>\n<meta property=\"og:locale\" content=\"nb_NO\" \/>\n<meta property=\"og:type\" content=\"article\" \/>\n<meta property=\"og:title\" content=\"Skj\u00f8nnheten i kaos - Spartacus\" \/>\n<meta property=\"og:description\" content=\"Julia Ravanis&#8217; kritikerroste debutbok tar den teoretiske fysikken ned p\u00e5 jorden ved \u00e5 sammenligne den med v\u00e5re menneskelige erfaringer. Hun bruker personlige og id\u00e9historiske betraktninger til \u00e5 forklare sorte hull, sammenflettede elektroner og strengteori. Den teoretiske fysikken er ikke bare abstrakte temaer for eksperter. Den handler ogs\u00e5 om verden slik den eksisterer rundt oss. Ravanis [&hellip;]\" \/>\n<meta property=\"og:url\" content=\"https:\/\/staging.forenteforlag.no\/spartacus\/produkt\/skjonnheten-i-kaos-2\/\" \/>\n<meta property=\"og:site_name\" content=\"Spartacus\" \/>\n<meta property=\"article:publisher\" content=\"https:\/\/www.facebook.com\/SpartacusForlag\" \/>\n<meta property=\"article:modified_time\" content=\"2026-03-04T14:32:52+00:00\" \/>\n<meta property=\"og:image\" content=\"https:\/\/staging.forenteforlag.no\/spartacus\/wp-content\/uploads\/sites\/6\/2026\/03\/9788243014657.jpg\" \/>\n\t<meta property=\"og:image:width\" content=\"720\" \/>\n\t<meta property=\"og:image:height\" content=\"1050\" \/>\n\t<meta property=\"og:image:type\" content=\"image\/jpeg\" \/>\n<meta name=\"twitter:card\" content=\"summary_large_image\" \/>\n<meta name=\"twitter:label1\" content=\"Ansl. lesetid\" \/>\n\t<meta name=\"twitter:data1\" content=\"1 minutt\" \/>\n<script type=\"application\/ld+json\" class=\"yoast-schema-graph\">{\"@context\":\"https:\/\/schema.org\",\"@graph\":[{\"@type\":\"WebPage\",\"@id\":\"https:\/\/staging.forenteforlag.no\/spartacus\/produkt\/skjonnheten-i-kaos-2\/\",\"url\":\"https:\/\/staging.forenteforlag.no\/spartacus\/produkt\/skjonnheten-i-kaos-2\/\",\"name\":\"Skj\u00f8nnheten i kaos - Spartacus\",\"isPartOf\":{\"@id\":\"https:\/\/staging.forenteforlag.no\/spartacus\/#website\"},\"primaryImageOfPage\":{\"@id\":\"https:\/\/staging.forenteforlag.no\/spartacus\/produkt\/skjonnheten-i-kaos-2\/#primaryimage\"},\"image\":{\"@id\":\"https:\/\/staging.forenteforlag.no\/spartacus\/produkt\/skjonnheten-i-kaos-2\/#primaryimage\"},\"thumbnailUrl\":\"https:\/\/staging.forenteforlag.no\/spartacus\/wp-content\/uploads\/sites\/6\/2026\/03\/9788243014657.jpg\",\"datePublished\":\"2022-04-05T00:00:00+00:00\",\"dateModified\":\"2026-03-04T14:32:52+00:00\",\"breadcrumb\":{\"@id\":\"https:\/\/staging.forenteforlag.no\/spartacus\/produkt\/skjonnheten-i-kaos-2\/#breadcrumb\"},\"inLanguage\":\"nb-NO\",\"potentialAction\":[{\"@type\":\"ReadAction\",\"target\":[\"https:\/\/staging.forenteforlag.no\/spartacus\/produkt\/skjonnheten-i-kaos-2\/\"]}]},{\"@type\":\"ImageObject\",\"inLanguage\":\"nb-NO\",\"@id\":\"https:\/\/staging.forenteforlag.no\/spartacus\/produkt\/skjonnheten-i-kaos-2\/#primaryimage\",\"url\":\"https:\/\/staging.forenteforlag.no\/spartacus\/wp-content\/uploads\/sites\/6\/2026\/03\/9788243014657.jpg\",\"contentUrl\":\"https:\/\/staging.forenteforlag.no\/spartacus\/wp-content\/uploads\/sites\/6\/2026\/03\/9788243014657.jpg\",\"width\":720,\"height\":1050},{\"@type\":\"BreadcrumbList\",\"@id\":\"https:\/\/staging.forenteforlag.no\/spartacus\/produkt\/skjonnheten-i-kaos-2\/#breadcrumb\",\"itemListElement\":[{\"@type\":\"ListItem\",\"position\":1,\"name\":\"Hjem\",\"item\":\"https:\/\/staging.forenteforlag.no\/spartacus\/\"},{\"@type\":\"ListItem\",\"position\":2,\"name\":\"Alle b\u00f8ker\",\"item\":\"https:\/\/staging.forenteforlag.no\/spartacus\/butikk\/\"},{\"@type\":\"ListItem\",\"position\":3,\"name\":\"Skj\u00f8nnheten i kaos\"}]},{\"@type\":\"WebSite\",\"@id\":\"https:\/\/staging.forenteforlag.no\/spartacus\/#website\",\"url\":\"https:\/\/staging.forenteforlag.no\/spartacus\/\",\"name\":\"Spartacus forlag\",\"description\":\"\",\"publisher\":{\"@id\":\"https:\/\/staging.forenteforlag.no\/spartacus\/#organization\"},\"potentialAction\":[{\"@type\":\"SearchAction\",\"target\":{\"@type\":\"EntryPoint\",\"urlTemplate\":\"https:\/\/staging.forenteforlag.no\/spartacus\/?s={search_term_string}\"},\"query-input\":{\"@type\":\"PropertyValueSpecification\",\"valueRequired\":true,\"valueName\":\"search_term_string\"}}],\"inLanguage\":\"nb-NO\"},{\"@type\":\"Organization\",\"@id\":\"https:\/\/staging.forenteforlag.no\/spartacus\/#organization\",\"name\":\"Spartacus forlag\",\"url\":\"https:\/\/staging.forenteforlag.no\/spartacus\/\",\"logo\":{\"@type\":\"ImageObject\",\"inLanguage\":\"nb-NO\",\"@id\":\"https:\/\/staging.forenteforlag.no\/spartacus\/#\/schema\/logo\/image\/\",\"url\":\"https:\/\/staging.forenteforlag.no\/spartacus\/wp-content\/uploads\/sites\/6\/2024\/09\/Spartacus_logo.svg\",\"contentUrl\":\"https:\/\/staging.forenteforlag.no\/spartacus\/wp-content\/uploads\/sites\/6\/2024\/09\/Spartacus_logo.svg\",\"width\":100,\"height\":100,\"caption\":\"Spartacus forlag\"},\"image\":{\"@id\":\"https:\/\/staging.forenteforlag.no\/spartacus\/#\/schema\/logo\/image\/\"},\"sameAs\":[\"https:\/\/www.facebook.com\/SpartacusForlag\"]}]}<\/script>\n<!-- \/ Yoast SEO plugin. -->","yoast_head_json":{"title":"Skj\u00f8nnheten i kaos - Spartacus","robots":{"index":"noindex","follow":"follow","max-snippet":"max-snippet:-1","max-image-preview":"max-image-preview:large","max-video-preview":"max-video-preview:-1"},"og_locale":"nb_NO","og_type":"article","og_title":"Skj\u00f8nnheten i kaos - Spartacus","og_description":"Julia Ravanis&#8217; kritikerroste debutbok tar den teoretiske fysikken ned p\u00e5 jorden ved \u00e5 sammenligne den med v\u00e5re menneskelige erfaringer. Hun bruker personlige og id\u00e9historiske betraktninger til \u00e5 forklare sorte hull, sammenflettede elektroner og strengteori. Den teoretiske fysikken er ikke bare abstrakte temaer for eksperter. Den handler ogs\u00e5 om verden slik den eksisterer rundt oss. Ravanis [&hellip;]","og_url":"https:\/\/staging.forenteforlag.no\/spartacus\/produkt\/skjonnheten-i-kaos-2\/","og_site_name":"Spartacus","article_publisher":"https:\/\/www.facebook.com\/SpartacusForlag","article_modified_time":"2026-03-04T14:32:52+00:00","og_image":[{"width":720,"height":1050,"url":"https:\/\/staging.forenteforlag.no\/spartacus\/wp-content\/uploads\/sites\/6\/2026\/03\/9788243014657.jpg","type":"image\/jpeg"}],"twitter_card":"summary_large_image","twitter_misc":{"Ansl. lesetid":"1 minutt"},"schema":{"@context":"https:\/\/schema.org","@graph":[{"@type":"WebPage","@id":"https:\/\/staging.forenteforlag.no\/spartacus\/produkt\/skjonnheten-i-kaos-2\/","url":"https:\/\/staging.forenteforlag.no\/spartacus\/produkt\/skjonnheten-i-kaos-2\/","name":"Skj\u00f8nnheten i kaos - Spartacus","isPartOf":{"@id":"https:\/\/staging.forenteforlag.no\/spartacus\/#website"},"primaryImageOfPage":{"@id":"https:\/\/staging.forenteforlag.no\/spartacus\/produkt\/skjonnheten-i-kaos-2\/#primaryimage"},"image":{"@id":"https:\/\/staging.forenteforlag.no\/spartacus\/produkt\/skjonnheten-i-kaos-2\/#primaryimage"},"thumbnailUrl":"https:\/\/staging.forenteforlag.no\/spartacus\/wp-content\/uploads\/sites\/6\/2026\/03\/9788243014657.jpg","datePublished":"2022-04-05T00:00:00+00:00","dateModified":"2026-03-04T14:32:52+00:00","breadcrumb":{"@id":"https:\/\/staging.forenteforlag.no\/spartacus\/produkt\/skjonnheten-i-kaos-2\/#breadcrumb"},"inLanguage":"nb-NO","potentialAction":[{"@type":"ReadAction","target":["https:\/\/staging.forenteforlag.no\/spartacus\/produkt\/skjonnheten-i-kaos-2\/"]}]},{"@type":"ImageObject","inLanguage":"nb-NO","@id":"https:\/\/staging.forenteforlag.no\/spartacus\/produkt\/skjonnheten-i-kaos-2\/#primaryimage","url":"https:\/\/staging.forenteforlag.no\/spartacus\/wp-content\/uploads\/sites\/6\/2026\/03\/9788243014657.jpg","contentUrl":"https:\/\/staging.forenteforlag.no\/spartacus\/wp-content\/uploads\/sites\/6\/2026\/03\/9788243014657.jpg","width":720,"height":1050},{"@type":"BreadcrumbList","@id":"https:\/\/staging.forenteforlag.no\/spartacus\/produkt\/skjonnheten-i-kaos-2\/#breadcrumb","itemListElement":[{"@type":"ListItem","position":1,"name":"Hjem","item":"https:\/\/staging.forenteforlag.no\/spartacus\/"},{"@type":"ListItem","position":2,"name":"Alle b\u00f8ker","item":"https:\/\/staging.forenteforlag.no\/spartacus\/butikk\/"},{"@type":"ListItem","position":3,"name":"Skj\u00f8nnheten i kaos"}]},{"@type":"WebSite","@id":"https:\/\/staging.forenteforlag.no\/spartacus\/#website","url":"https:\/\/staging.forenteforlag.no\/spartacus\/","name":"Spartacus forlag","description":"","publisher":{"@id":"https:\/\/staging.forenteforlag.no\/spartacus\/#organization"},"potentialAction":[{"@type":"SearchAction","target":{"@type":"EntryPoint","urlTemplate":"https:\/\/staging.forenteforlag.no\/spartacus\/?s={search_term_string}"},"query-input":{"@type":"PropertyValueSpecification","valueRequired":true,"valueName":"search_term_string"}}],"inLanguage":"nb-NO"},{"@type":"Organization","@id":"https:\/\/staging.forenteforlag.no\/spartacus\/#organization","name":"Spartacus forlag","url":"https:\/\/staging.forenteforlag.no\/spartacus\/","logo":{"@type":"ImageObject","inLanguage":"nb-NO","@id":"https:\/\/staging.forenteforlag.no\/spartacus\/#\/schema\/logo\/image\/","url":"https:\/\/staging.forenteforlag.no\/spartacus\/wp-content\/uploads\/sites\/6\/2024\/09\/Spartacus_logo.svg","contentUrl":"https:\/\/staging.forenteforlag.no\/spartacus\/wp-content\/uploads\/sites\/6\/2024\/09\/Spartacus_logo.svg","width":100,"height":100,"caption":"Spartacus forlag"},"image":{"@id":"https:\/\/staging.forenteforlag.no\/spartacus\/#\/schema\/logo\/image\/"},"sameAs":["https:\/\/www.facebook.com\/SpartacusForlag"]}]}},"_links":{"self":[{"href":"https:\/\/staging.forenteforlag.no\/spartacus\/wp-json\/wp\/v2\/product\/20291","targetHints":{"allow":["GET"]}}],"collection":[{"href":"https:\/\/staging.forenteforlag.no\/spartacus\/wp-json\/wp\/v2\/product"}],"about":[{"href":"https:\/\/staging.forenteforlag.no\/spartacus\/wp-json\/wp\/v2\/types\/product"}],"wp:featuredmedia":[{"embeddable":true,"href":"https:\/\/staging.forenteforlag.no\/spartacus\/wp-json\/wp\/v2\/media\/26756"}],"wp:attachment":[{"href":"https:\/\/staging.forenteforlag.no\/spartacus\/wp-json\/wp\/v2\/media?parent=20291"}],"wp:term":[{"taxonomy":"product_brand","embeddable":true,"href":"https:\/\/staging.forenteforlag.no\/spartacus\/wp-json\/wp\/v2\/product_brand?post=20291"},{"taxonomy":"product_cat","embeddable":true,"href":"https:\/\/staging.forenteforlag.no\/spartacus\/wp-json\/wp\/v2\/product_cat?post=20291"},{"taxonomy":"product_tag","embeddable":true,"href":"https:\/\/staging.forenteforlag.no\/spartacus\/wp-json\/wp\/v2\/product_tag?post=20291"}],"curies":[{"name":"wp","href":"https:\/\/api.w.org\/{rel}","templated":true}]}}