{"id":20289,"date":"2022-10-05T02:00:00","date_gmt":"2022-10-05T00:00:00","guid":{"rendered":"https:\/\/spartacus.forenteforlag.no\/produkt\/hvordan-bli-italiener\/"},"modified":"2026-03-02T18:30:35","modified_gmt":"2026-03-02T17:30:35","slug":"hvordan-bli-italiener","status":"publish","type":"product","link":"https:\/\/staging.forenteforlag.no\/spartacus\/produkt\/hvordan-bli-italiener\/","title":{"rendered":"Hvordan bli italiener"},"content":{"rendered":"<p>Vi nordmenn elsker Italia. De historiske monumentene &#8211; maten &#8211; livsstilen og temperamentet. Men er det mulig \u00e5 forst\u00e5 italienerne utover det bildet vi alle kjenner? Gjennom en reise i egne minner, familiehistorie og venners fortellinger, fors\u00f8ker norsk-italienske Aleksander Melli \u00e5 finne et svar. <\/p>\n<p>Det er en personlig reise Aleksander tar oss med p\u00e5. Fra sin base p\u00e5 Sicilia i pandemi\u00e5rene forteller han om sin egen hverdag &#8211; om landsbyliv og natur, matglede og samhold, og om kreftene som p\u00e5virker en italiensk identitet. Underveis blir vi kjent med storsvindleren Rino, mafiajegeren G, matriarken Maria og en ukuelig romersk bestefar. <\/p>\n<p>Hva har disse italienerne felles? Hvilken rolle spiller historien i et italiensk liv? Kan man snakke om en s\u00e6ritaliensk livskraft? <\/p>\n<p>Hvordan bli italiener er skrevet under pandemien, med klimakrisen i hjertet. Den gir et helt spesielt portrett av &laquo;verdens mest elskede land&raquo;.<\/p>\n","protected":false},"excerpt":{"rendered":"<p>Vi nordmenn elsker Italia. De historiske monumentene &#8211; maten &#8211; livsstilen og temperamentet. Men er det mulig \u00e5 forst\u00e5 italienerne utover det bildet vi alle kjenner? Gjennom en reise i egne minner, familiehistorie og venners fortellinger, fors\u00f8ker norsk-italienske Aleksander Melli \u00e5 finne et svar. Det er en personlig reise Aleksander tar oss med p\u00e5. Fra [&hellip;]<\/p>\n","protected":false},"featured_media":26688,"template":"","meta":{"_acf_changed":false,"inline_featured_image":false},"product_brand":[],"product_cat":[1786],"product_tag":[362],"class_list":{"0":"post-20289","1":"product","2":"type-product","3":"status-publish","4":"has-post-thumbnail","6":"product_cat-rabattkodekampanje","7":"product_tag-faglitteratur","9":"first","10":"instock","11":"shipping-taxable","12":"purchasable","13":"product-type-simple"},"acf":{"anmeldelse":[{"tekst_anmeldelser":"\u00abRik p\u00e5 italienske dufter og spillopper [...] Aleksander Melli pleier sine r\u00f8tter. Og gir deg et artig spr\u00e5kkurs [\u2026] Boken har 20 kapitler som veksler mellom selvbiografi, anekdoter, koronadagbok, kulturhistorie, r\u00f8verhistorier og naturskildringer. Samlet gir den en lys og munter leseopplevelse, for ikke \u00e5 si duftopplevelse. Det st\u00e5r n\u00e6rmest en egen ange av kapittel 13, som handler om v\u00e5rens komme med sitrusblomstring, villfennikel, kappgj\u00f8ksyre og forutsigbare vinder.\u00bb","av_anmeldelser":"Ingunn \u00d8kland","terningkast":false,"kilde":"Aftenposten"},{"tekst_anmeldelser":"\u00ab...Hvordan bli italiener skinner n\u00e5r Aleksander Mellis betraktninger og utenfra-blikk n\u00e6rmer seg den varmen som kan finnes i et hjem.\u00bb","av_anmeldelser":"","terningkast":false,"kilde":"Dagens N\u00e6ringsliv"}]},"yoast_head":"<!-- This site is optimized with the Yoast SEO plugin v26.6 - https:\/\/yoast.com\/wordpress\/plugins\/seo\/ -->\n<title>Hvordan bli italiener - Spartacus<\/title>\n<meta name=\"robots\" content=\"noindex, follow, max-snippet:-1, max-image-preview:large, max-video-preview:-1\" \/>\n<meta property=\"og:locale\" content=\"nb_NO\" \/>\n<meta property=\"og:type\" content=\"article\" \/>\n<meta property=\"og:title\" content=\"Hvordan bli italiener - Spartacus\" \/>\n<meta property=\"og:description\" content=\"Vi nordmenn elsker Italia. De historiske monumentene &#8211; maten &#8211; livsstilen og temperamentet. Men er det mulig \u00e5 forst\u00e5 italienerne utover det bildet vi alle kjenner? Gjennom en reise i egne minner, familiehistorie og venners fortellinger, fors\u00f8ker norsk-italienske Aleksander Melli \u00e5 finne et svar. Det er en personlig reise Aleksander tar oss med p\u00e5. Fra [&hellip;]\" \/>\n<meta property=\"og:url\" content=\"https:\/\/staging.forenteforlag.no\/spartacus\/produkt\/hvordan-bli-italiener\/\" \/>\n<meta property=\"og:site_name\" content=\"Spartacus\" \/>\n<meta property=\"article:publisher\" content=\"https:\/\/www.facebook.com\/SpartacusForlag\" \/>\n<meta property=\"article:modified_time\" content=\"2026-03-02T17:30:35+00:00\" \/>\n<meta property=\"og:image\" content=\"https:\/\/staging.forenteforlag.no\/spartacus\/wp-content\/uploads\/sites\/6\/2026\/03\/9788243014800.jpg\" \/>\n\t<meta property=\"og:image:width\" content=\"720\" \/>\n\t<meta property=\"og:image:height\" content=\"1087\" \/>\n\t<meta property=\"og:image:type\" content=\"image\/jpeg\" \/>\n<meta name=\"twitter:card\" content=\"summary_large_image\" \/>\n<meta name=\"twitter:label1\" content=\"Ansl. lesetid\" \/>\n\t<meta name=\"twitter:data1\" content=\"1 minutt\" \/>\n<script type=\"application\/ld+json\" class=\"yoast-schema-graph\">{\"@context\":\"https:\/\/schema.org\",\"@graph\":[{\"@type\":\"WebPage\",\"@id\":\"https:\/\/staging.forenteforlag.no\/spartacus\/produkt\/hvordan-bli-italiener\/\",\"url\":\"https:\/\/staging.forenteforlag.no\/spartacus\/produkt\/hvordan-bli-italiener\/\",\"name\":\"Hvordan bli italiener - Spartacus\",\"isPartOf\":{\"@id\":\"https:\/\/staging.forenteforlag.no\/spartacus\/#website\"},\"primaryImageOfPage\":{\"@id\":\"https:\/\/staging.forenteforlag.no\/spartacus\/produkt\/hvordan-bli-italiener\/#primaryimage\"},\"image\":{\"@id\":\"https:\/\/staging.forenteforlag.no\/spartacus\/produkt\/hvordan-bli-italiener\/#primaryimage\"},\"thumbnailUrl\":\"https:\/\/staging.forenteforlag.no\/spartacus\/wp-content\/uploads\/sites\/6\/2026\/03\/9788243014800.jpg\",\"datePublished\":\"2022-10-05T00:00:00+00:00\",\"dateModified\":\"2026-03-02T17:30:35+00:00\",\"breadcrumb\":{\"@id\":\"https:\/\/staging.forenteforlag.no\/spartacus\/produkt\/hvordan-bli-italiener\/#breadcrumb\"},\"inLanguage\":\"nb-NO\",\"potentialAction\":[{\"@type\":\"ReadAction\",\"target\":[\"https:\/\/staging.forenteforlag.no\/spartacus\/produkt\/hvordan-bli-italiener\/\"]}]},{\"@type\":\"ImageObject\",\"inLanguage\":\"nb-NO\",\"@id\":\"https:\/\/staging.forenteforlag.no\/spartacus\/produkt\/hvordan-bli-italiener\/#primaryimage\",\"url\":\"https:\/\/staging.forenteforlag.no\/spartacus\/wp-content\/uploads\/sites\/6\/2026\/03\/9788243014800.jpg\",\"contentUrl\":\"https:\/\/staging.forenteforlag.no\/spartacus\/wp-content\/uploads\/sites\/6\/2026\/03\/9788243014800.jpg\",\"width\":720,\"height\":1087},{\"@type\":\"BreadcrumbList\",\"@id\":\"https:\/\/staging.forenteforlag.no\/spartacus\/produkt\/hvordan-bli-italiener\/#breadcrumb\",\"itemListElement\":[{\"@type\":\"ListItem\",\"position\":1,\"name\":\"Hjem\",\"item\":\"https:\/\/staging.forenteforlag.no\/spartacus\/\"},{\"@type\":\"ListItem\",\"position\":2,\"name\":\"Alle b\u00f8ker\",\"item\":\"https:\/\/staging.forenteforlag.no\/spartacus\/butikk\/\"},{\"@type\":\"ListItem\",\"position\":3,\"name\":\"Hvordan bli italiener\"}]},{\"@type\":\"WebSite\",\"@id\":\"https:\/\/staging.forenteforlag.no\/spartacus\/#website\",\"url\":\"https:\/\/staging.forenteforlag.no\/spartacus\/\",\"name\":\"Spartacus forlag\",\"description\":\"\",\"publisher\":{\"@id\":\"https:\/\/staging.forenteforlag.no\/spartacus\/#organization\"},\"potentialAction\":[{\"@type\":\"SearchAction\",\"target\":{\"@type\":\"EntryPoint\",\"urlTemplate\":\"https:\/\/staging.forenteforlag.no\/spartacus\/?s={search_term_string}\"},\"query-input\":{\"@type\":\"PropertyValueSpecification\",\"valueRequired\":true,\"valueName\":\"search_term_string\"}}],\"inLanguage\":\"nb-NO\"},{\"@type\":\"Organization\",\"@id\":\"https:\/\/staging.forenteforlag.no\/spartacus\/#organization\",\"name\":\"Spartacus forlag\",\"url\":\"https:\/\/staging.forenteforlag.no\/spartacus\/\",\"logo\":{\"@type\":\"ImageObject\",\"inLanguage\":\"nb-NO\",\"@id\":\"https:\/\/staging.forenteforlag.no\/spartacus\/#\/schema\/logo\/image\/\",\"url\":\"https:\/\/staging.forenteforlag.no\/spartacus\/wp-content\/uploads\/sites\/6\/2024\/09\/Spartacus_logo.svg\",\"contentUrl\":\"https:\/\/staging.forenteforlag.no\/spartacus\/wp-content\/uploads\/sites\/6\/2024\/09\/Spartacus_logo.svg\",\"width\":100,\"height\":100,\"caption\":\"Spartacus forlag\"},\"image\":{\"@id\":\"https:\/\/staging.forenteforlag.no\/spartacus\/#\/schema\/logo\/image\/\"},\"sameAs\":[\"https:\/\/www.facebook.com\/SpartacusForlag\"]}]}<\/script>\n<!-- \/ Yoast SEO plugin. -->","yoast_head_json":{"title":"Hvordan bli italiener - Spartacus","robots":{"index":"noindex","follow":"follow","max-snippet":"max-snippet:-1","max-image-preview":"max-image-preview:large","max-video-preview":"max-video-preview:-1"},"og_locale":"nb_NO","og_type":"article","og_title":"Hvordan bli italiener - Spartacus","og_description":"Vi nordmenn elsker Italia. De historiske monumentene &#8211; maten &#8211; livsstilen og temperamentet. Men er det mulig \u00e5 forst\u00e5 italienerne utover det bildet vi alle kjenner? Gjennom en reise i egne minner, familiehistorie og venners fortellinger, fors\u00f8ker norsk-italienske Aleksander Melli \u00e5 finne et svar. Det er en personlig reise Aleksander tar oss med p\u00e5. Fra [&hellip;]","og_url":"https:\/\/staging.forenteforlag.no\/spartacus\/produkt\/hvordan-bli-italiener\/","og_site_name":"Spartacus","article_publisher":"https:\/\/www.facebook.com\/SpartacusForlag","article_modified_time":"2026-03-02T17:30:35+00:00","og_image":[{"width":720,"height":1087,"url":"https:\/\/staging.forenteforlag.no\/spartacus\/wp-content\/uploads\/sites\/6\/2026\/03\/9788243014800.jpg","type":"image\/jpeg"}],"twitter_card":"summary_large_image","twitter_misc":{"Ansl. lesetid":"1 minutt"},"schema":{"@context":"https:\/\/schema.org","@graph":[{"@type":"WebPage","@id":"https:\/\/staging.forenteforlag.no\/spartacus\/produkt\/hvordan-bli-italiener\/","url":"https:\/\/staging.forenteforlag.no\/spartacus\/produkt\/hvordan-bli-italiener\/","name":"Hvordan bli italiener - Spartacus","isPartOf":{"@id":"https:\/\/staging.forenteforlag.no\/spartacus\/#website"},"primaryImageOfPage":{"@id":"https:\/\/staging.forenteforlag.no\/spartacus\/produkt\/hvordan-bli-italiener\/#primaryimage"},"image":{"@id":"https:\/\/staging.forenteforlag.no\/spartacus\/produkt\/hvordan-bli-italiener\/#primaryimage"},"thumbnailUrl":"https:\/\/staging.forenteforlag.no\/spartacus\/wp-content\/uploads\/sites\/6\/2026\/03\/9788243014800.jpg","datePublished":"2022-10-05T00:00:00+00:00","dateModified":"2026-03-02T17:30:35+00:00","breadcrumb":{"@id":"https:\/\/staging.forenteforlag.no\/spartacus\/produkt\/hvordan-bli-italiener\/#breadcrumb"},"inLanguage":"nb-NO","potentialAction":[{"@type":"ReadAction","target":["https:\/\/staging.forenteforlag.no\/spartacus\/produkt\/hvordan-bli-italiener\/"]}]},{"@type":"ImageObject","inLanguage":"nb-NO","@id":"https:\/\/staging.forenteforlag.no\/spartacus\/produkt\/hvordan-bli-italiener\/#primaryimage","url":"https:\/\/staging.forenteforlag.no\/spartacus\/wp-content\/uploads\/sites\/6\/2026\/03\/9788243014800.jpg","contentUrl":"https:\/\/staging.forenteforlag.no\/spartacus\/wp-content\/uploads\/sites\/6\/2026\/03\/9788243014800.jpg","width":720,"height":1087},{"@type":"BreadcrumbList","@id":"https:\/\/staging.forenteforlag.no\/spartacus\/produkt\/hvordan-bli-italiener\/#breadcrumb","itemListElement":[{"@type":"ListItem","position":1,"name":"Hjem","item":"https:\/\/staging.forenteforlag.no\/spartacus\/"},{"@type":"ListItem","position":2,"name":"Alle b\u00f8ker","item":"https:\/\/staging.forenteforlag.no\/spartacus\/butikk\/"},{"@type":"ListItem","position":3,"name":"Hvordan bli italiener"}]},{"@type":"WebSite","@id":"https:\/\/staging.forenteforlag.no\/spartacus\/#website","url":"https:\/\/staging.forenteforlag.no\/spartacus\/","name":"Spartacus forlag","description":"","publisher":{"@id":"https:\/\/staging.forenteforlag.no\/spartacus\/#organization"},"potentialAction":[{"@type":"SearchAction","target":{"@type":"EntryPoint","urlTemplate":"https:\/\/staging.forenteforlag.no\/spartacus\/?s={search_term_string}"},"query-input":{"@type":"PropertyValueSpecification","valueRequired":true,"valueName":"search_term_string"}}],"inLanguage":"nb-NO"},{"@type":"Organization","@id":"https:\/\/staging.forenteforlag.no\/spartacus\/#organization","name":"Spartacus forlag","url":"https:\/\/staging.forenteforlag.no\/spartacus\/","logo":{"@type":"ImageObject","inLanguage":"nb-NO","@id":"https:\/\/staging.forenteforlag.no\/spartacus\/#\/schema\/logo\/image\/","url":"https:\/\/staging.forenteforlag.no\/spartacus\/wp-content\/uploads\/sites\/6\/2024\/09\/Spartacus_logo.svg","contentUrl":"https:\/\/staging.forenteforlag.no\/spartacus\/wp-content\/uploads\/sites\/6\/2024\/09\/Spartacus_logo.svg","width":100,"height":100,"caption":"Spartacus forlag"},"image":{"@id":"https:\/\/staging.forenteforlag.no\/spartacus\/#\/schema\/logo\/image\/"},"sameAs":["https:\/\/www.facebook.com\/SpartacusForlag"]}]}},"_links":{"self":[{"href":"https:\/\/staging.forenteforlag.no\/spartacus\/wp-json\/wp\/v2\/product\/20289","targetHints":{"allow":["GET"]}}],"collection":[{"href":"https:\/\/staging.forenteforlag.no\/spartacus\/wp-json\/wp\/v2\/product"}],"about":[{"href":"https:\/\/staging.forenteforlag.no\/spartacus\/wp-json\/wp\/v2\/types\/product"}],"wp:featuredmedia":[{"embeddable":true,"href":"https:\/\/staging.forenteforlag.no\/spartacus\/wp-json\/wp\/v2\/media\/26688"}],"wp:attachment":[{"href":"https:\/\/staging.forenteforlag.no\/spartacus\/wp-json\/wp\/v2\/media?parent=20289"}],"wp:term":[{"taxonomy":"product_brand","embeddable":true,"href":"https:\/\/staging.forenteforlag.no\/spartacus\/wp-json\/wp\/v2\/product_brand?post=20289"},{"taxonomy":"product_cat","embeddable":true,"href":"https:\/\/staging.forenteforlag.no\/spartacus\/wp-json\/wp\/v2\/product_cat?post=20289"},{"taxonomy":"product_tag","embeddable":true,"href":"https:\/\/staging.forenteforlag.no\/spartacus\/wp-json\/wp\/v2\/product_tag?post=20289"}],"curies":[{"name":"wp","href":"https:\/\/api.w.org\/{rel}","templated":true}]}}