{"id":20285,"date":"2022-10-11T02:00:00","date_gmt":"2022-10-11T00:00:00","guid":{"rendered":"https:\/\/spartacus.forenteforlag.no\/produkt\/dodeboka-2\/"},"modified":"2026-03-04T15:36:16","modified_gmt":"2026-03-04T14:36:16","slug":"dodeboka-2","status":"publish","type":"product","link":"https:\/\/staging.forenteforlag.no\/spartacus\/produkt\/dodeboka-2\/","title":{"rendered":"D\u00f8deboka"},"content":{"rendered":"<p>D\u00f8den er universell. Den skal m\u00f8te oss alle. Men d\u00f8den er ogs\u00e5 et praktisk problem. Hva gj\u00f8r vi med de d\u00f8de kroppene? <\/p>\n<p>I dag kan vi fr\u00e5tse i detaljer om d\u00f8d i tv-serier og aviser, men hva vet vi om det som skjer etter at likbilen henter den avd\u00f8de? Ekteparet Viestad bor p\u00e5 Nordre Gravlund i Oslo og er daglige tilskuere til rutinene der. Deres fasinasjon og undring har resultert i denne boka, der de har gravd dypere enn seks fot for \u00e5 granske v\u00e5rt forhold til de d\u00f8de. <\/p>\n<p>Ofte sl\u00e5r vi ned blikket i m\u00f8te med d\u00f8den. Men hva hvis vi studerer den, med nysgjerrighet og empati? Hvordan er det \u00e5 leve i samme hus med sine d\u00f8de slektninger, slik torajaene p\u00e5 Sulawesi gj\u00f8r? Hva er fordelene og ulempene ved \u00e5 la sine d\u00f8de bli spist av rovfugl? Hvorfor fikk Osebergdronningen med seg 15 hester og et skip i graven? Og hva i all verden er bakgrunnen for at hundretusenvis av nordmenn ble gravlagt pakket inn i plast?  <\/p>\n<p>Med utgangspunkt i hverdagen hjemme p\u00e5 gravlunden tar forfatterne oss med p\u00e5 en reise i Norge, verden og fortiden. D\u00f8deboka passer for alle som vet at deres tur ogs\u00e5 kommer, men som \u00f8nsker seg en god bok p\u00e5 veien<\/p>\n","protected":false},"excerpt":{"rendered":"<p>D\u00f8den er universell. Den skal m\u00f8te oss alle. Men d\u00f8den er ogs\u00e5 et praktisk problem. Hva gj\u00f8r vi med de d\u00f8de kroppene? I dag kan vi fr\u00e5tse i detaljer om d\u00f8d i tv-serier og aviser, men hva vet vi om det som skjer etter at likbilen henter den avd\u00f8de? Ekteparet Viestad bor p\u00e5 Nordre Gravlund [&hellip;]<\/p>\n","protected":false},"featured_media":26759,"template":"","meta":{"_acf_changed":false,"inline_featured_image":false},"product_brand":[],"product_cat":[1786],"product_tag":[421,362,361],"class_list":{"0":"post-20285","1":"product","2":"type-product","3":"status-publish","4":"has-post-thumbnail","6":"product_cat-rabattkodekampanje","7":"product_tag-doden","8":"product_tag-faglitteratur","9":"product_tag-kulturhistorie","11":"first","12":"instock","13":"shipping-taxable","14":"purchasable","15":"product-type-simple"},"acf":{"anmeldelse":[{"tekst_anmeldelser":"\u00abMed sin faglige tyngde, kledelige mildhet, og med Montaignes entusiastiske blikk for ekstraordin\u00e6re detaljer og sladderverdige historier, tyder mye p\u00e5 at dette kan bli popul\u00e6rvitenskapens nye stjernepar.\u00bb","av_anmeldelser":"Elin Kittelsen","terningkast":false,"kilde":"Klassekampen"},{"tekst_anmeldelser":"\u00abFortroligheten med arkeologisk forskning er en av hovedstyrkene i ekteparet Viestads fascinerende d\u00f8debok.\u00bb","av_anmeldelser":"Espen Hauglid","terningkast":false,"kilde":"Morgenbladet"}]},"yoast_head":"<!-- This site is optimized with the Yoast SEO plugin v26.6 - https:\/\/yoast.com\/wordpress\/plugins\/seo\/ -->\n<title>D\u00f8deboka - Spartacus<\/title>\n<meta name=\"robots\" content=\"noindex, follow, max-snippet:-1, max-image-preview:large, max-video-preview:-1\" \/>\n<meta property=\"og:locale\" content=\"nb_NO\" \/>\n<meta property=\"og:type\" content=\"article\" \/>\n<meta property=\"og:title\" content=\"D\u00f8deboka - Spartacus\" \/>\n<meta property=\"og:description\" content=\"D\u00f8den er universell. Den skal m\u00f8te oss alle. Men d\u00f8den er ogs\u00e5 et praktisk problem. Hva gj\u00f8r vi med de d\u00f8de kroppene? I dag kan vi fr\u00e5tse i detaljer om d\u00f8d i tv-serier og aviser, men hva vet vi om det som skjer etter at likbilen henter den avd\u00f8de? Ekteparet Viestad bor p\u00e5 Nordre Gravlund [&hellip;]\" \/>\n<meta property=\"og:url\" content=\"https:\/\/staging.forenteforlag.no\/spartacus\/produkt\/dodeboka-2\/\" \/>\n<meta property=\"og:site_name\" content=\"Spartacus\" \/>\n<meta property=\"article:publisher\" content=\"https:\/\/www.facebook.com\/SpartacusForlag\" \/>\n<meta property=\"article:modified_time\" content=\"2026-03-04T14:36:16+00:00\" \/>\n<meta property=\"og:image\" content=\"https:\/\/staging.forenteforlag.no\/spartacus\/wp-content\/uploads\/sites\/6\/2026\/03\/9788243015029.jpg\" \/>\n\t<meta property=\"og:image:width\" content=\"720\" \/>\n\t<meta property=\"og:image:height\" content=\"1130\" \/>\n\t<meta property=\"og:image:type\" content=\"image\/jpeg\" \/>\n<meta name=\"twitter:card\" content=\"summary_large_image\" \/>\n<meta name=\"twitter:label1\" content=\"Ansl. lesetid\" \/>\n\t<meta name=\"twitter:data1\" content=\"1 minutt\" \/>\n<script type=\"application\/ld+json\" class=\"yoast-schema-graph\">{\"@context\":\"https:\/\/schema.org\",\"@graph\":[{\"@type\":\"WebPage\",\"@id\":\"https:\/\/staging.forenteforlag.no\/spartacus\/produkt\/dodeboka-2\/\",\"url\":\"https:\/\/staging.forenteforlag.no\/spartacus\/produkt\/dodeboka-2\/\",\"name\":\"D\u00f8deboka - Spartacus\",\"isPartOf\":{\"@id\":\"https:\/\/staging.forenteforlag.no\/spartacus\/#website\"},\"primaryImageOfPage\":{\"@id\":\"https:\/\/staging.forenteforlag.no\/spartacus\/produkt\/dodeboka-2\/#primaryimage\"},\"image\":{\"@id\":\"https:\/\/staging.forenteforlag.no\/spartacus\/produkt\/dodeboka-2\/#primaryimage\"},\"thumbnailUrl\":\"https:\/\/staging.forenteforlag.no\/spartacus\/wp-content\/uploads\/sites\/6\/2026\/03\/9788243015029.jpg\",\"datePublished\":\"2022-10-11T00:00:00+00:00\",\"dateModified\":\"2026-03-04T14:36:16+00:00\",\"breadcrumb\":{\"@id\":\"https:\/\/staging.forenteforlag.no\/spartacus\/produkt\/dodeboka-2\/#breadcrumb\"},\"inLanguage\":\"nb-NO\",\"potentialAction\":[{\"@type\":\"ReadAction\",\"target\":[\"https:\/\/staging.forenteforlag.no\/spartacus\/produkt\/dodeboka-2\/\"]}]},{\"@type\":\"ImageObject\",\"inLanguage\":\"nb-NO\",\"@id\":\"https:\/\/staging.forenteforlag.no\/spartacus\/produkt\/dodeboka-2\/#primaryimage\",\"url\":\"https:\/\/staging.forenteforlag.no\/spartacus\/wp-content\/uploads\/sites\/6\/2026\/03\/9788243015029.jpg\",\"contentUrl\":\"https:\/\/staging.forenteforlag.no\/spartacus\/wp-content\/uploads\/sites\/6\/2026\/03\/9788243015029.jpg\",\"width\":720,\"height\":1130},{\"@type\":\"BreadcrumbList\",\"@id\":\"https:\/\/staging.forenteforlag.no\/spartacus\/produkt\/dodeboka-2\/#breadcrumb\",\"itemListElement\":[{\"@type\":\"ListItem\",\"position\":1,\"name\":\"Hjem\",\"item\":\"https:\/\/staging.forenteforlag.no\/spartacus\/\"},{\"@type\":\"ListItem\",\"position\":2,\"name\":\"Alle b\u00f8ker\",\"item\":\"https:\/\/staging.forenteforlag.no\/spartacus\/butikk\/\"},{\"@type\":\"ListItem\",\"position\":3,\"name\":\"D\u00f8deboka\"}]},{\"@type\":\"WebSite\",\"@id\":\"https:\/\/staging.forenteforlag.no\/spartacus\/#website\",\"url\":\"https:\/\/staging.forenteforlag.no\/spartacus\/\",\"name\":\"Spartacus forlag\",\"description\":\"\",\"publisher\":{\"@id\":\"https:\/\/staging.forenteforlag.no\/spartacus\/#organization\"},\"potentialAction\":[{\"@type\":\"SearchAction\",\"target\":{\"@type\":\"EntryPoint\",\"urlTemplate\":\"https:\/\/staging.forenteforlag.no\/spartacus\/?s={search_term_string}\"},\"query-input\":{\"@type\":\"PropertyValueSpecification\",\"valueRequired\":true,\"valueName\":\"search_term_string\"}}],\"inLanguage\":\"nb-NO\"},{\"@type\":\"Organization\",\"@id\":\"https:\/\/staging.forenteforlag.no\/spartacus\/#organization\",\"name\":\"Spartacus forlag\",\"url\":\"https:\/\/staging.forenteforlag.no\/spartacus\/\",\"logo\":{\"@type\":\"ImageObject\",\"inLanguage\":\"nb-NO\",\"@id\":\"https:\/\/staging.forenteforlag.no\/spartacus\/#\/schema\/logo\/image\/\",\"url\":\"https:\/\/staging.forenteforlag.no\/spartacus\/wp-content\/uploads\/sites\/6\/2024\/09\/Spartacus_logo.svg\",\"contentUrl\":\"https:\/\/staging.forenteforlag.no\/spartacus\/wp-content\/uploads\/sites\/6\/2024\/09\/Spartacus_logo.svg\",\"width\":100,\"height\":100,\"caption\":\"Spartacus forlag\"},\"image\":{\"@id\":\"https:\/\/staging.forenteforlag.no\/spartacus\/#\/schema\/logo\/image\/\"},\"sameAs\":[\"https:\/\/www.facebook.com\/SpartacusForlag\"]}]}<\/script>\n<!-- \/ Yoast SEO plugin. -->","yoast_head_json":{"title":"D\u00f8deboka - Spartacus","robots":{"index":"noindex","follow":"follow","max-snippet":"max-snippet:-1","max-image-preview":"max-image-preview:large","max-video-preview":"max-video-preview:-1"},"og_locale":"nb_NO","og_type":"article","og_title":"D\u00f8deboka - Spartacus","og_description":"D\u00f8den er universell. Den skal m\u00f8te oss alle. Men d\u00f8den er ogs\u00e5 et praktisk problem. Hva gj\u00f8r vi med de d\u00f8de kroppene? I dag kan vi fr\u00e5tse i detaljer om d\u00f8d i tv-serier og aviser, men hva vet vi om det som skjer etter at likbilen henter den avd\u00f8de? Ekteparet Viestad bor p\u00e5 Nordre Gravlund [&hellip;]","og_url":"https:\/\/staging.forenteforlag.no\/spartacus\/produkt\/dodeboka-2\/","og_site_name":"Spartacus","article_publisher":"https:\/\/www.facebook.com\/SpartacusForlag","article_modified_time":"2026-03-04T14:36:16+00:00","og_image":[{"width":720,"height":1130,"url":"https:\/\/staging.forenteforlag.no\/spartacus\/wp-content\/uploads\/sites\/6\/2026\/03\/9788243015029.jpg","type":"image\/jpeg"}],"twitter_card":"summary_large_image","twitter_misc":{"Ansl. lesetid":"1 minutt"},"schema":{"@context":"https:\/\/schema.org","@graph":[{"@type":"WebPage","@id":"https:\/\/staging.forenteforlag.no\/spartacus\/produkt\/dodeboka-2\/","url":"https:\/\/staging.forenteforlag.no\/spartacus\/produkt\/dodeboka-2\/","name":"D\u00f8deboka - Spartacus","isPartOf":{"@id":"https:\/\/staging.forenteforlag.no\/spartacus\/#website"},"primaryImageOfPage":{"@id":"https:\/\/staging.forenteforlag.no\/spartacus\/produkt\/dodeboka-2\/#primaryimage"},"image":{"@id":"https:\/\/staging.forenteforlag.no\/spartacus\/produkt\/dodeboka-2\/#primaryimage"},"thumbnailUrl":"https:\/\/staging.forenteforlag.no\/spartacus\/wp-content\/uploads\/sites\/6\/2026\/03\/9788243015029.jpg","datePublished":"2022-10-11T00:00:00+00:00","dateModified":"2026-03-04T14:36:16+00:00","breadcrumb":{"@id":"https:\/\/staging.forenteforlag.no\/spartacus\/produkt\/dodeboka-2\/#breadcrumb"},"inLanguage":"nb-NO","potentialAction":[{"@type":"ReadAction","target":["https:\/\/staging.forenteforlag.no\/spartacus\/produkt\/dodeboka-2\/"]}]},{"@type":"ImageObject","inLanguage":"nb-NO","@id":"https:\/\/staging.forenteforlag.no\/spartacus\/produkt\/dodeboka-2\/#primaryimage","url":"https:\/\/staging.forenteforlag.no\/spartacus\/wp-content\/uploads\/sites\/6\/2026\/03\/9788243015029.jpg","contentUrl":"https:\/\/staging.forenteforlag.no\/spartacus\/wp-content\/uploads\/sites\/6\/2026\/03\/9788243015029.jpg","width":720,"height":1130},{"@type":"BreadcrumbList","@id":"https:\/\/staging.forenteforlag.no\/spartacus\/produkt\/dodeboka-2\/#breadcrumb","itemListElement":[{"@type":"ListItem","position":1,"name":"Hjem","item":"https:\/\/staging.forenteforlag.no\/spartacus\/"},{"@type":"ListItem","position":2,"name":"Alle b\u00f8ker","item":"https:\/\/staging.forenteforlag.no\/spartacus\/butikk\/"},{"@type":"ListItem","position":3,"name":"D\u00f8deboka"}]},{"@type":"WebSite","@id":"https:\/\/staging.forenteforlag.no\/spartacus\/#website","url":"https:\/\/staging.forenteforlag.no\/spartacus\/","name":"Spartacus forlag","description":"","publisher":{"@id":"https:\/\/staging.forenteforlag.no\/spartacus\/#organization"},"potentialAction":[{"@type":"SearchAction","target":{"@type":"EntryPoint","urlTemplate":"https:\/\/staging.forenteforlag.no\/spartacus\/?s={search_term_string}"},"query-input":{"@type":"PropertyValueSpecification","valueRequired":true,"valueName":"search_term_string"}}],"inLanguage":"nb-NO"},{"@type":"Organization","@id":"https:\/\/staging.forenteforlag.no\/spartacus\/#organization","name":"Spartacus forlag","url":"https:\/\/staging.forenteforlag.no\/spartacus\/","logo":{"@type":"ImageObject","inLanguage":"nb-NO","@id":"https:\/\/staging.forenteforlag.no\/spartacus\/#\/schema\/logo\/image\/","url":"https:\/\/staging.forenteforlag.no\/spartacus\/wp-content\/uploads\/sites\/6\/2024\/09\/Spartacus_logo.svg","contentUrl":"https:\/\/staging.forenteforlag.no\/spartacus\/wp-content\/uploads\/sites\/6\/2024\/09\/Spartacus_logo.svg","width":100,"height":100,"caption":"Spartacus forlag"},"image":{"@id":"https:\/\/staging.forenteforlag.no\/spartacus\/#\/schema\/logo\/image\/"},"sameAs":["https:\/\/www.facebook.com\/SpartacusForlag"]}]}},"_links":{"self":[{"href":"https:\/\/staging.forenteforlag.no\/spartacus\/wp-json\/wp\/v2\/product\/20285","targetHints":{"allow":["GET"]}}],"collection":[{"href":"https:\/\/staging.forenteforlag.no\/spartacus\/wp-json\/wp\/v2\/product"}],"about":[{"href":"https:\/\/staging.forenteforlag.no\/spartacus\/wp-json\/wp\/v2\/types\/product"}],"wp:featuredmedia":[{"embeddable":true,"href":"https:\/\/staging.forenteforlag.no\/spartacus\/wp-json\/wp\/v2\/media\/26759"}],"wp:attachment":[{"href":"https:\/\/staging.forenteforlag.no\/spartacus\/wp-json\/wp\/v2\/media?parent=20285"}],"wp:term":[{"taxonomy":"product_brand","embeddable":true,"href":"https:\/\/staging.forenteforlag.no\/spartacus\/wp-json\/wp\/v2\/product_brand?post=20285"},{"taxonomy":"product_cat","embeddable":true,"href":"https:\/\/staging.forenteforlag.no\/spartacus\/wp-json\/wp\/v2\/product_cat?post=20285"},{"taxonomy":"product_tag","embeddable":true,"href":"https:\/\/staging.forenteforlag.no\/spartacus\/wp-json\/wp\/v2\/product_tag?post=20285"}],"curies":[{"name":"wp","href":"https:\/\/api.w.org\/{rel}","templated":true}]}}