{"id":20283,"date":"2021-03-23T01:00:00","date_gmt":"2021-03-23T00:00:00","guid":{"rendered":"https:\/\/spartacus.forenteforlag.no\/produkt\/genier-sjarlataner-og-50-botter-med-urin-3\/"},"modified":"2026-03-04T15:23:52","modified_gmt":"2026-03-04T14:23:52","slug":"genier-sjarlataner-og-50-botter-med-urin-3","status":"publish","type":"product","link":"https:\/\/staging.forenteforlag.no\/spartacus\/produkt\/genier-sjarlataner-og-50-botter-med-urin-3\/","title":{"rendered":"Genier, sjarlataner og 50 b\u00f8tter med urin"},"content":{"rendered":"<p>I det periodiske systemet er alt du trenger for \u00e5 forst\u00e5 verden rundt deg. Her ligger forklaringen p\u00e5 hvordan oksygenet i lufta kommer seg over i blodet n\u00e5r du puster. Hvorfor biffen blir s\u00e5 saftig og deilig n\u00e5r du steker den riktig. Hvorfor st\u00e5l blir sterkere n\u00e5r du finner den rette blandingen av metaller. <\/p>\n<p>Men det periodiske system skjuler ogs\u00e5 118 historier om menneskene som oppdaget grunnstoffene og om tiden de levde i. Det er historien om hvordan kjemien ble en vitenskap &#8211; fra grekernes f\u00f8rste famlende fors\u00f8k, via gullt\u00f8rste alkymister til moderne forskningslaboratorier. Det er historien om flaks og uflaks &#8211; og om slurv. Og som alltid n\u00e5r mennesker er ute etter nye oppdagelser, er det historier om sjalusi, misunnelse og jakt p\u00e5 \u00e6re og ber\u00f8mmelse.<\/p>\n","protected":false},"excerpt":{"rendered":"<p>I det periodiske systemet er alt du trenger for \u00e5 forst\u00e5 verden rundt deg. Her ligger forklaringen p\u00e5 hvordan oksygenet i lufta kommer seg over i blodet n\u00e5r du puster. Hvorfor biffen blir s\u00e5 saftig og deilig n\u00e5r du steker den riktig. Hvorfor st\u00e5l blir sterkere n\u00e5r du finner den rette blandingen av metaller. Men [&hellip;]<\/p>\n","protected":false},"featured_media":26604,"template":"","meta":{"_acf_changed":false,"inline_featured_image":false},"product_brand":[],"product_cat":[1786],"product_tag":[362,618,479],"class_list":{"0":"post-20283","1":"product","2":"type-product","3":"status-publish","4":"has-post-thumbnail","6":"product_cat-rabattkodekampanje","7":"product_tag-faglitteratur","8":"product_tag-grunnstoffer","9":"product_tag-vitenskapshistorie","11":"first","12":"instock","13":"shipping-taxable","14":"purchasable","15":"product-type-simple"},"acf":{"anmeldelse":[{"tekst_anmeldelser":"\u00abP\u00e5 sitt beste minner Torgersen om Bill Bryson og hans briljante \u2018En kort historie om nesten alt\u2019. Med selvl\u00e6rt iver gir han oss spekulasjoner, pussigheter og anekdoter om alt fra steinalderfolkets fascinasjon for gull rundt leirb\u00e5let, via Antoine Lavoisiers hodel\u00f8se avskjedsopptreden til nestenoppdagelsen av norvegium, Fr\u00f8yas gjemsel i tabellen, kald krig i laboratoriene og jakten p\u00e5 stadig nye grunnstoffer, selv de kunstige. \u2026 [Boka] er underholdende, spennende og gir oss lyst til \u00e5 f\u00e5 vite enda mer.\u00bb","av_anmeldelser":"Steinar Brandslet","terningkast":false,"kilde":"Gemini.no"}]},"yoast_head":"<!-- This site is optimized with the Yoast SEO plugin v26.6 - https:\/\/yoast.com\/wordpress\/plugins\/seo\/ -->\n<title>Genier, sjarlataner og 50 b\u00f8tter med urin - Spartacus<\/title>\n<meta name=\"robots\" content=\"noindex, follow, max-snippet:-1, max-image-preview:large, max-video-preview:-1\" \/>\n<meta property=\"og:locale\" content=\"nb_NO\" \/>\n<meta property=\"og:type\" content=\"article\" \/>\n<meta property=\"og:title\" content=\"Genier, sjarlataner og 50 b\u00f8tter med urin - Spartacus\" \/>\n<meta property=\"og:description\" content=\"I det periodiske systemet er alt du trenger for \u00e5 forst\u00e5 verden rundt deg. Her ligger forklaringen p\u00e5 hvordan oksygenet i lufta kommer seg over i blodet n\u00e5r du puster. Hvorfor biffen blir s\u00e5 saftig og deilig n\u00e5r du steker den riktig. Hvorfor st\u00e5l blir sterkere n\u00e5r du finner den rette blandingen av metaller. Men [&hellip;]\" \/>\n<meta property=\"og:url\" content=\"https:\/\/staging.forenteforlag.no\/spartacus\/produkt\/genier-sjarlataner-og-50-botter-med-urin-3\/\" \/>\n<meta property=\"og:site_name\" content=\"Spartacus\" \/>\n<meta property=\"article:publisher\" content=\"https:\/\/www.facebook.com\/SpartacusForlag\" \/>\n<meta property=\"article:modified_time\" content=\"2026-03-04T14:23:52+00:00\" \/>\n<meta property=\"og:image\" content=\"https:\/\/staging.forenteforlag.no\/spartacus\/wp-content\/uploads\/sites\/6\/2026\/02\/9788243012653.jpg\" \/>\n\t<meta property=\"og:image:width\" content=\"720\" \/>\n\t<meta property=\"og:image:height\" content=\"1045\" \/>\n\t<meta property=\"og:image:type\" content=\"image\/jpeg\" \/>\n<meta name=\"twitter:card\" content=\"summary_large_image\" \/>\n<meta name=\"twitter:label1\" content=\"Ansl. lesetid\" \/>\n\t<meta name=\"twitter:data1\" content=\"1 minutt\" \/>\n<script type=\"application\/ld+json\" class=\"yoast-schema-graph\">{\"@context\":\"https:\/\/schema.org\",\"@graph\":[{\"@type\":\"WebPage\",\"@id\":\"https:\/\/staging.forenteforlag.no\/spartacus\/produkt\/genier-sjarlataner-og-50-botter-med-urin-3\/\",\"url\":\"https:\/\/staging.forenteforlag.no\/spartacus\/produkt\/genier-sjarlataner-og-50-botter-med-urin-3\/\",\"name\":\"Genier, sjarlataner og 50 b\u00f8tter med urin - Spartacus\",\"isPartOf\":{\"@id\":\"https:\/\/staging.forenteforlag.no\/spartacus\/#website\"},\"primaryImageOfPage\":{\"@id\":\"https:\/\/staging.forenteforlag.no\/spartacus\/produkt\/genier-sjarlataner-og-50-botter-med-urin-3\/#primaryimage\"},\"image\":{\"@id\":\"https:\/\/staging.forenteforlag.no\/spartacus\/produkt\/genier-sjarlataner-og-50-botter-med-urin-3\/#primaryimage\"},\"thumbnailUrl\":\"https:\/\/staging.forenteforlag.no\/spartacus\/wp-content\/uploads\/sites\/6\/2026\/02\/9788243012653.jpg\",\"datePublished\":\"2021-03-23T00:00:00+00:00\",\"dateModified\":\"2026-03-04T14:23:52+00:00\",\"breadcrumb\":{\"@id\":\"https:\/\/staging.forenteforlag.no\/spartacus\/produkt\/genier-sjarlataner-og-50-botter-med-urin-3\/#breadcrumb\"},\"inLanguage\":\"nb-NO\",\"potentialAction\":[{\"@type\":\"ReadAction\",\"target\":[\"https:\/\/staging.forenteforlag.no\/spartacus\/produkt\/genier-sjarlataner-og-50-botter-med-urin-3\/\"]}]},{\"@type\":\"ImageObject\",\"inLanguage\":\"nb-NO\",\"@id\":\"https:\/\/staging.forenteforlag.no\/spartacus\/produkt\/genier-sjarlataner-og-50-botter-med-urin-3\/#primaryimage\",\"url\":\"https:\/\/staging.forenteforlag.no\/spartacus\/wp-content\/uploads\/sites\/6\/2026\/02\/9788243012653.jpg\",\"contentUrl\":\"https:\/\/staging.forenteforlag.no\/spartacus\/wp-content\/uploads\/sites\/6\/2026\/02\/9788243012653.jpg\",\"width\":720,\"height\":1045},{\"@type\":\"BreadcrumbList\",\"@id\":\"https:\/\/staging.forenteforlag.no\/spartacus\/produkt\/genier-sjarlataner-og-50-botter-med-urin-3\/#breadcrumb\",\"itemListElement\":[{\"@type\":\"ListItem\",\"position\":1,\"name\":\"Hjem\",\"item\":\"https:\/\/staging.forenteforlag.no\/spartacus\/\"},{\"@type\":\"ListItem\",\"position\":2,\"name\":\"Alle b\u00f8ker\",\"item\":\"https:\/\/staging.forenteforlag.no\/spartacus\/butikk\/\"},{\"@type\":\"ListItem\",\"position\":3,\"name\":\"Genier, sjarlataner og 50 b\u00f8tter med urin\"}]},{\"@type\":\"WebSite\",\"@id\":\"https:\/\/staging.forenteforlag.no\/spartacus\/#website\",\"url\":\"https:\/\/staging.forenteforlag.no\/spartacus\/\",\"name\":\"Spartacus forlag\",\"description\":\"\",\"publisher\":{\"@id\":\"https:\/\/staging.forenteforlag.no\/spartacus\/#organization\"},\"potentialAction\":[{\"@type\":\"SearchAction\",\"target\":{\"@type\":\"EntryPoint\",\"urlTemplate\":\"https:\/\/staging.forenteforlag.no\/spartacus\/?s={search_term_string}\"},\"query-input\":{\"@type\":\"PropertyValueSpecification\",\"valueRequired\":true,\"valueName\":\"search_term_string\"}}],\"inLanguage\":\"nb-NO\"},{\"@type\":\"Organization\",\"@id\":\"https:\/\/staging.forenteforlag.no\/spartacus\/#organization\",\"name\":\"Spartacus forlag\",\"url\":\"https:\/\/staging.forenteforlag.no\/spartacus\/\",\"logo\":{\"@type\":\"ImageObject\",\"inLanguage\":\"nb-NO\",\"@id\":\"https:\/\/staging.forenteforlag.no\/spartacus\/#\/schema\/logo\/image\/\",\"url\":\"https:\/\/staging.forenteforlag.no\/spartacus\/wp-content\/uploads\/sites\/6\/2024\/09\/Spartacus_logo.svg\",\"contentUrl\":\"https:\/\/staging.forenteforlag.no\/spartacus\/wp-content\/uploads\/sites\/6\/2024\/09\/Spartacus_logo.svg\",\"width\":100,\"height\":100,\"caption\":\"Spartacus forlag\"},\"image\":{\"@id\":\"https:\/\/staging.forenteforlag.no\/spartacus\/#\/schema\/logo\/image\/\"},\"sameAs\":[\"https:\/\/www.facebook.com\/SpartacusForlag\"]}]}<\/script>\n<!-- \/ Yoast SEO plugin. -->","yoast_head_json":{"title":"Genier, sjarlataner og 50 b\u00f8tter med urin - Spartacus","robots":{"index":"noindex","follow":"follow","max-snippet":"max-snippet:-1","max-image-preview":"max-image-preview:large","max-video-preview":"max-video-preview:-1"},"og_locale":"nb_NO","og_type":"article","og_title":"Genier, sjarlataner og 50 b\u00f8tter med urin - Spartacus","og_description":"I det periodiske systemet er alt du trenger for \u00e5 forst\u00e5 verden rundt deg. Her ligger forklaringen p\u00e5 hvordan oksygenet i lufta kommer seg over i blodet n\u00e5r du puster. Hvorfor biffen blir s\u00e5 saftig og deilig n\u00e5r du steker den riktig. Hvorfor st\u00e5l blir sterkere n\u00e5r du finner den rette blandingen av metaller. Men [&hellip;]","og_url":"https:\/\/staging.forenteforlag.no\/spartacus\/produkt\/genier-sjarlataner-og-50-botter-med-urin-3\/","og_site_name":"Spartacus","article_publisher":"https:\/\/www.facebook.com\/SpartacusForlag","article_modified_time":"2026-03-04T14:23:52+00:00","og_image":[{"width":720,"height":1045,"url":"https:\/\/staging.forenteforlag.no\/spartacus\/wp-content\/uploads\/sites\/6\/2026\/02\/9788243012653.jpg","type":"image\/jpeg"}],"twitter_card":"summary_large_image","twitter_misc":{"Ansl. lesetid":"1 minutt"},"schema":{"@context":"https:\/\/schema.org","@graph":[{"@type":"WebPage","@id":"https:\/\/staging.forenteforlag.no\/spartacus\/produkt\/genier-sjarlataner-og-50-botter-med-urin-3\/","url":"https:\/\/staging.forenteforlag.no\/spartacus\/produkt\/genier-sjarlataner-og-50-botter-med-urin-3\/","name":"Genier, sjarlataner og 50 b\u00f8tter med urin - Spartacus","isPartOf":{"@id":"https:\/\/staging.forenteforlag.no\/spartacus\/#website"},"primaryImageOfPage":{"@id":"https:\/\/staging.forenteforlag.no\/spartacus\/produkt\/genier-sjarlataner-og-50-botter-med-urin-3\/#primaryimage"},"image":{"@id":"https:\/\/staging.forenteforlag.no\/spartacus\/produkt\/genier-sjarlataner-og-50-botter-med-urin-3\/#primaryimage"},"thumbnailUrl":"https:\/\/staging.forenteforlag.no\/spartacus\/wp-content\/uploads\/sites\/6\/2026\/02\/9788243012653.jpg","datePublished":"2021-03-23T00:00:00+00:00","dateModified":"2026-03-04T14:23:52+00:00","breadcrumb":{"@id":"https:\/\/staging.forenteforlag.no\/spartacus\/produkt\/genier-sjarlataner-og-50-botter-med-urin-3\/#breadcrumb"},"inLanguage":"nb-NO","potentialAction":[{"@type":"ReadAction","target":["https:\/\/staging.forenteforlag.no\/spartacus\/produkt\/genier-sjarlataner-og-50-botter-med-urin-3\/"]}]},{"@type":"ImageObject","inLanguage":"nb-NO","@id":"https:\/\/staging.forenteforlag.no\/spartacus\/produkt\/genier-sjarlataner-og-50-botter-med-urin-3\/#primaryimage","url":"https:\/\/staging.forenteforlag.no\/spartacus\/wp-content\/uploads\/sites\/6\/2026\/02\/9788243012653.jpg","contentUrl":"https:\/\/staging.forenteforlag.no\/spartacus\/wp-content\/uploads\/sites\/6\/2026\/02\/9788243012653.jpg","width":720,"height":1045},{"@type":"BreadcrumbList","@id":"https:\/\/staging.forenteforlag.no\/spartacus\/produkt\/genier-sjarlataner-og-50-botter-med-urin-3\/#breadcrumb","itemListElement":[{"@type":"ListItem","position":1,"name":"Hjem","item":"https:\/\/staging.forenteforlag.no\/spartacus\/"},{"@type":"ListItem","position":2,"name":"Alle b\u00f8ker","item":"https:\/\/staging.forenteforlag.no\/spartacus\/butikk\/"},{"@type":"ListItem","position":3,"name":"Genier, sjarlataner og 50 b\u00f8tter med urin"}]},{"@type":"WebSite","@id":"https:\/\/staging.forenteforlag.no\/spartacus\/#website","url":"https:\/\/staging.forenteforlag.no\/spartacus\/","name":"Spartacus forlag","description":"","publisher":{"@id":"https:\/\/staging.forenteforlag.no\/spartacus\/#organization"},"potentialAction":[{"@type":"SearchAction","target":{"@type":"EntryPoint","urlTemplate":"https:\/\/staging.forenteforlag.no\/spartacus\/?s={search_term_string}"},"query-input":{"@type":"PropertyValueSpecification","valueRequired":true,"valueName":"search_term_string"}}],"inLanguage":"nb-NO"},{"@type":"Organization","@id":"https:\/\/staging.forenteforlag.no\/spartacus\/#organization","name":"Spartacus forlag","url":"https:\/\/staging.forenteforlag.no\/spartacus\/","logo":{"@type":"ImageObject","inLanguage":"nb-NO","@id":"https:\/\/staging.forenteforlag.no\/spartacus\/#\/schema\/logo\/image\/","url":"https:\/\/staging.forenteforlag.no\/spartacus\/wp-content\/uploads\/sites\/6\/2024\/09\/Spartacus_logo.svg","contentUrl":"https:\/\/staging.forenteforlag.no\/spartacus\/wp-content\/uploads\/sites\/6\/2024\/09\/Spartacus_logo.svg","width":100,"height":100,"caption":"Spartacus forlag"},"image":{"@id":"https:\/\/staging.forenteforlag.no\/spartacus\/#\/schema\/logo\/image\/"},"sameAs":["https:\/\/www.facebook.com\/SpartacusForlag"]}]}},"_links":{"self":[{"href":"https:\/\/staging.forenteforlag.no\/spartacus\/wp-json\/wp\/v2\/product\/20283","targetHints":{"allow":["GET"]}}],"collection":[{"href":"https:\/\/staging.forenteforlag.no\/spartacus\/wp-json\/wp\/v2\/product"}],"about":[{"href":"https:\/\/staging.forenteforlag.no\/spartacus\/wp-json\/wp\/v2\/types\/product"}],"wp:featuredmedia":[{"embeddable":true,"href":"https:\/\/staging.forenteforlag.no\/spartacus\/wp-json\/wp\/v2\/media\/26604"}],"wp:attachment":[{"href":"https:\/\/staging.forenteforlag.no\/spartacus\/wp-json\/wp\/v2\/media?parent=20283"}],"wp:term":[{"taxonomy":"product_brand","embeddable":true,"href":"https:\/\/staging.forenteforlag.no\/spartacus\/wp-json\/wp\/v2\/product_brand?post=20283"},{"taxonomy":"product_cat","embeddable":true,"href":"https:\/\/staging.forenteforlag.no\/spartacus\/wp-json\/wp\/v2\/product_cat?post=20283"},{"taxonomy":"product_tag","embeddable":true,"href":"https:\/\/staging.forenteforlag.no\/spartacus\/wp-json\/wp\/v2\/product_tag?post=20283"}],"curies":[{"name":"wp","href":"https:\/\/api.w.org\/{rel}","templated":true}]}}