{"id":20275,"date":"2022-09-20T02:00:00","date_gmt":"2022-09-20T00:00:00","guid":{"rendered":"https:\/\/spartacus.forenteforlag.no\/produkt\/darlig-nytt-fra-ostfronten-3\/"},"modified":"2026-03-04T15:36:02","modified_gmt":"2026-03-04T14:36:02","slug":"darlig-nytt-fra-ostfronten-3","status":"publish","type":"product","link":"https:\/\/staging.forenteforlag.no\/spartacus\/produkt\/darlig-nytt-fra-ostfronten-3\/","title":{"rendered":"D\u00e5rlig nytt fra \u00d8stfronten"},"content":{"rendered":"<p>Russlands aggresjonskrig mot Ukraina i 2022 er en monumental hendelse som har bragt etterkrigstiden i Europa til ende. Cecilie Hellestveit tar for seg krigen og de \u00f8konomiske sanksjonene for \u00e5 svekke og tukte Russland, og belyser hvordan dette vil forandre Europa til det ugjenkjennelige. Hun tar oss med p\u00e5 en geopolitisk rundreise langt utenfor Ukraina, men har Norge som utkikkspunkt og endestasjon. Hvordan endrer krigen Norges situasjon, og hva skal vi gj\u00f8re med det?  <\/p>\n<p>D\u00e5rlig nytt fra \u00d8stfronten legger utfordringene p\u00e5 bordet. Dette er en bok for alle som vil ta debatten!<\/p>\n","protected":false},"excerpt":{"rendered":"<p>Russlands aggresjonskrig mot Ukraina i 2022 er en monumental hendelse som har bragt etterkrigstiden i Europa til ende. Cecilie Hellestveit tar for seg krigen og de \u00f8konomiske sanksjonene for \u00e5 svekke og tukte Russland, og belyser hvordan dette vil forandre Europa til det ugjenkjennelige. Hun tar oss med p\u00e5 en geopolitisk rundreise langt utenfor Ukraina, [&hellip;]<\/p>\n","protected":false},"featured_media":26707,"template":"","meta":{"_acf_changed":false,"inline_featured_image":false},"product_brand":[],"product_cat":[1786],"product_tag":[1093,405,362,555,532,651],"class_list":{"0":"post-20275","1":"product","2":"type-product","3":"status-publish","4":"has-post-thumbnail","6":"product_cat-rabattkodekampanje","7":"product_tag-2020-2029","8":"product_tag-andre-verdenskrig","9":"product_tag-faglitteratur","10":"product_tag-internasjonal-politikk","11":"product_tag-russland","12":"product_tag-ukraina","14":"first","15":"instock","16":"shipping-taxable","17":"purchasable","18":"product-type-simple"},"acf":{"anmeldelse":[{"tekst_anmeldelser":"\u00abB\u00f8r leses av alle som vil forst\u00e5 Putins angrepskrig i Ukraina\u00bb","av_anmeldelser":"","terningkast":false,"kilde":"Minerva"},{"tekst_anmeldelser":"\u00abEt rungende sikkerhetspolitisk varsel\u00bb","av_anmeldelser":"","terningkast":false,"kilde":"Klassekampen"},{"tekst_anmeldelser":"\u00abUtviklingen siden 'D\u00e5rlig nytt fra \u00d8stfronten' gikk i trykken, bekrefter den d\u00f8dens farlige situasjonen som er under utvikling ogs\u00e5 i v\u00e5re n\u00e6romr\u00e5der. For meg er det ingen tvil om at Cecilie Hellestveit p\u00e5 kort tid har gitt oss en treffende, velskrevet og viktig bok.\u00bb","av_anmeldelser":"","terningkast":false,"kilde":"Morgenbladet"},{"tekst_anmeldelser":"\u00abHellestveits bok gir ikke leseren noen svar p\u00e5 fremtiden, men gir et sv\u00e6rt godt overblikk over hva som st\u00e5r p\u00e5 spill . og hvordan spillet spilles.\u00bb","av_anmeldelser":"","terningkast":false,"kilde":"Forskerforum"}]},"yoast_head":"<!-- This site is optimized with the Yoast SEO plugin v26.6 - https:\/\/yoast.com\/wordpress\/plugins\/seo\/ -->\n<title>D\u00e5rlig nytt fra \u00d8stfronten - Spartacus<\/title>\n<meta name=\"robots\" content=\"noindex, follow, max-snippet:-1, max-image-preview:large, max-video-preview:-1\" \/>\n<meta property=\"og:locale\" content=\"nb_NO\" \/>\n<meta property=\"og:type\" content=\"article\" \/>\n<meta property=\"og:title\" content=\"D\u00e5rlig nytt fra \u00d8stfronten - Spartacus\" \/>\n<meta property=\"og:description\" content=\"Russlands aggresjonskrig mot Ukraina i 2022 er en monumental hendelse som har bragt etterkrigstiden i Europa til ende. Cecilie Hellestveit tar for seg krigen og de \u00f8konomiske sanksjonene for \u00e5 svekke og tukte Russland, og belyser hvordan dette vil forandre Europa til det ugjenkjennelige. Hun tar oss med p\u00e5 en geopolitisk rundreise langt utenfor Ukraina, [&hellip;]\" \/>\n<meta property=\"og:url\" content=\"https:\/\/staging.forenteforlag.no\/spartacus\/produkt\/darlig-nytt-fra-ostfronten-3\/\" \/>\n<meta property=\"og:site_name\" content=\"Spartacus\" \/>\n<meta property=\"article:publisher\" content=\"https:\/\/www.facebook.com\/SpartacusForlag\" \/>\n<meta property=\"article:modified_time\" content=\"2026-03-04T14:36:02+00:00\" \/>\n<meta property=\"og:image\" content=\"https:\/\/staging.forenteforlag.no\/spartacus\/wp-content\/uploads\/sites\/6\/2026\/03\/9788243015005.jpg\" \/>\n\t<meta property=\"og:image:width\" content=\"720\" \/>\n\t<meta property=\"og:image:height\" content=\"1113\" \/>\n\t<meta property=\"og:image:type\" content=\"image\/jpeg\" \/>\n<meta name=\"twitter:card\" content=\"summary_large_image\" \/>\n<script type=\"application\/ld+json\" class=\"yoast-schema-graph\">{\"@context\":\"https:\/\/schema.org\",\"@graph\":[{\"@type\":\"WebPage\",\"@id\":\"https:\/\/staging.forenteforlag.no\/spartacus\/produkt\/darlig-nytt-fra-ostfronten-3\/\",\"url\":\"https:\/\/staging.forenteforlag.no\/spartacus\/produkt\/darlig-nytt-fra-ostfronten-3\/\",\"name\":\"D\u00e5rlig nytt fra \u00d8stfronten - Spartacus\",\"isPartOf\":{\"@id\":\"https:\/\/staging.forenteforlag.no\/spartacus\/#website\"},\"primaryImageOfPage\":{\"@id\":\"https:\/\/staging.forenteforlag.no\/spartacus\/produkt\/darlig-nytt-fra-ostfronten-3\/#primaryimage\"},\"image\":{\"@id\":\"https:\/\/staging.forenteforlag.no\/spartacus\/produkt\/darlig-nytt-fra-ostfronten-3\/#primaryimage\"},\"thumbnailUrl\":\"https:\/\/staging.forenteforlag.no\/spartacus\/wp-content\/uploads\/sites\/6\/2026\/03\/9788243015005.jpg\",\"datePublished\":\"2022-09-20T00:00:00+00:00\",\"dateModified\":\"2026-03-04T14:36:02+00:00\",\"breadcrumb\":{\"@id\":\"https:\/\/staging.forenteforlag.no\/spartacus\/produkt\/darlig-nytt-fra-ostfronten-3\/#breadcrumb\"},\"inLanguage\":\"nb-NO\",\"potentialAction\":[{\"@type\":\"ReadAction\",\"target\":[\"https:\/\/staging.forenteforlag.no\/spartacus\/produkt\/darlig-nytt-fra-ostfronten-3\/\"]}]},{\"@type\":\"ImageObject\",\"inLanguage\":\"nb-NO\",\"@id\":\"https:\/\/staging.forenteforlag.no\/spartacus\/produkt\/darlig-nytt-fra-ostfronten-3\/#primaryimage\",\"url\":\"https:\/\/staging.forenteforlag.no\/spartacus\/wp-content\/uploads\/sites\/6\/2026\/03\/9788243015005.jpg\",\"contentUrl\":\"https:\/\/staging.forenteforlag.no\/spartacus\/wp-content\/uploads\/sites\/6\/2026\/03\/9788243015005.jpg\",\"width\":720,\"height\":1113},{\"@type\":\"BreadcrumbList\",\"@id\":\"https:\/\/staging.forenteforlag.no\/spartacus\/produkt\/darlig-nytt-fra-ostfronten-3\/#breadcrumb\",\"itemListElement\":[{\"@type\":\"ListItem\",\"position\":1,\"name\":\"Hjem\",\"item\":\"https:\/\/staging.forenteforlag.no\/spartacus\/\"},{\"@type\":\"ListItem\",\"position\":2,\"name\":\"Alle b\u00f8ker\",\"item\":\"https:\/\/staging.forenteforlag.no\/spartacus\/butikk\/\"},{\"@type\":\"ListItem\",\"position\":3,\"name\":\"D\u00e5rlig nytt fra \u00d8stfronten\"}]},{\"@type\":\"WebSite\",\"@id\":\"https:\/\/staging.forenteforlag.no\/spartacus\/#website\",\"url\":\"https:\/\/staging.forenteforlag.no\/spartacus\/\",\"name\":\"Spartacus forlag\",\"description\":\"\",\"publisher\":{\"@id\":\"https:\/\/staging.forenteforlag.no\/spartacus\/#organization\"},\"potentialAction\":[{\"@type\":\"SearchAction\",\"target\":{\"@type\":\"EntryPoint\",\"urlTemplate\":\"https:\/\/staging.forenteforlag.no\/spartacus\/?s={search_term_string}\"},\"query-input\":{\"@type\":\"PropertyValueSpecification\",\"valueRequired\":true,\"valueName\":\"search_term_string\"}}],\"inLanguage\":\"nb-NO\"},{\"@type\":\"Organization\",\"@id\":\"https:\/\/staging.forenteforlag.no\/spartacus\/#organization\",\"name\":\"Spartacus forlag\",\"url\":\"https:\/\/staging.forenteforlag.no\/spartacus\/\",\"logo\":{\"@type\":\"ImageObject\",\"inLanguage\":\"nb-NO\",\"@id\":\"https:\/\/staging.forenteforlag.no\/spartacus\/#\/schema\/logo\/image\/\",\"url\":\"https:\/\/staging.forenteforlag.no\/spartacus\/wp-content\/uploads\/sites\/6\/2024\/09\/Spartacus_logo.svg\",\"contentUrl\":\"https:\/\/staging.forenteforlag.no\/spartacus\/wp-content\/uploads\/sites\/6\/2024\/09\/Spartacus_logo.svg\",\"width\":100,\"height\":100,\"caption\":\"Spartacus forlag\"},\"image\":{\"@id\":\"https:\/\/staging.forenteforlag.no\/spartacus\/#\/schema\/logo\/image\/\"},\"sameAs\":[\"https:\/\/www.facebook.com\/SpartacusForlag\"]}]}<\/script>\n<!-- \/ Yoast SEO plugin. -->","yoast_head_json":{"title":"D\u00e5rlig nytt fra \u00d8stfronten - Spartacus","robots":{"index":"noindex","follow":"follow","max-snippet":"max-snippet:-1","max-image-preview":"max-image-preview:large","max-video-preview":"max-video-preview:-1"},"og_locale":"nb_NO","og_type":"article","og_title":"D\u00e5rlig nytt fra \u00d8stfronten - Spartacus","og_description":"Russlands aggresjonskrig mot Ukraina i 2022 er en monumental hendelse som har bragt etterkrigstiden i Europa til ende. Cecilie Hellestveit tar for seg krigen og de \u00f8konomiske sanksjonene for \u00e5 svekke og tukte Russland, og belyser hvordan dette vil forandre Europa til det ugjenkjennelige. Hun tar oss med p\u00e5 en geopolitisk rundreise langt utenfor Ukraina, [&hellip;]","og_url":"https:\/\/staging.forenteforlag.no\/spartacus\/produkt\/darlig-nytt-fra-ostfronten-3\/","og_site_name":"Spartacus","article_publisher":"https:\/\/www.facebook.com\/SpartacusForlag","article_modified_time":"2026-03-04T14:36:02+00:00","og_image":[{"width":720,"height":1113,"url":"https:\/\/staging.forenteforlag.no\/spartacus\/wp-content\/uploads\/sites\/6\/2026\/03\/9788243015005.jpg","type":"image\/jpeg"}],"twitter_card":"summary_large_image","schema":{"@context":"https:\/\/schema.org","@graph":[{"@type":"WebPage","@id":"https:\/\/staging.forenteforlag.no\/spartacus\/produkt\/darlig-nytt-fra-ostfronten-3\/","url":"https:\/\/staging.forenteforlag.no\/spartacus\/produkt\/darlig-nytt-fra-ostfronten-3\/","name":"D\u00e5rlig nytt fra \u00d8stfronten - Spartacus","isPartOf":{"@id":"https:\/\/staging.forenteforlag.no\/spartacus\/#website"},"primaryImageOfPage":{"@id":"https:\/\/staging.forenteforlag.no\/spartacus\/produkt\/darlig-nytt-fra-ostfronten-3\/#primaryimage"},"image":{"@id":"https:\/\/staging.forenteforlag.no\/spartacus\/produkt\/darlig-nytt-fra-ostfronten-3\/#primaryimage"},"thumbnailUrl":"https:\/\/staging.forenteforlag.no\/spartacus\/wp-content\/uploads\/sites\/6\/2026\/03\/9788243015005.jpg","datePublished":"2022-09-20T00:00:00+00:00","dateModified":"2026-03-04T14:36:02+00:00","breadcrumb":{"@id":"https:\/\/staging.forenteforlag.no\/spartacus\/produkt\/darlig-nytt-fra-ostfronten-3\/#breadcrumb"},"inLanguage":"nb-NO","potentialAction":[{"@type":"ReadAction","target":["https:\/\/staging.forenteforlag.no\/spartacus\/produkt\/darlig-nytt-fra-ostfronten-3\/"]}]},{"@type":"ImageObject","inLanguage":"nb-NO","@id":"https:\/\/staging.forenteforlag.no\/spartacus\/produkt\/darlig-nytt-fra-ostfronten-3\/#primaryimage","url":"https:\/\/staging.forenteforlag.no\/spartacus\/wp-content\/uploads\/sites\/6\/2026\/03\/9788243015005.jpg","contentUrl":"https:\/\/staging.forenteforlag.no\/spartacus\/wp-content\/uploads\/sites\/6\/2026\/03\/9788243015005.jpg","width":720,"height":1113},{"@type":"BreadcrumbList","@id":"https:\/\/staging.forenteforlag.no\/spartacus\/produkt\/darlig-nytt-fra-ostfronten-3\/#breadcrumb","itemListElement":[{"@type":"ListItem","position":1,"name":"Hjem","item":"https:\/\/staging.forenteforlag.no\/spartacus\/"},{"@type":"ListItem","position":2,"name":"Alle b\u00f8ker","item":"https:\/\/staging.forenteforlag.no\/spartacus\/butikk\/"},{"@type":"ListItem","position":3,"name":"D\u00e5rlig nytt fra \u00d8stfronten"}]},{"@type":"WebSite","@id":"https:\/\/staging.forenteforlag.no\/spartacus\/#website","url":"https:\/\/staging.forenteforlag.no\/spartacus\/","name":"Spartacus forlag","description":"","publisher":{"@id":"https:\/\/staging.forenteforlag.no\/spartacus\/#organization"},"potentialAction":[{"@type":"SearchAction","target":{"@type":"EntryPoint","urlTemplate":"https:\/\/staging.forenteforlag.no\/spartacus\/?s={search_term_string}"},"query-input":{"@type":"PropertyValueSpecification","valueRequired":true,"valueName":"search_term_string"}}],"inLanguage":"nb-NO"},{"@type":"Organization","@id":"https:\/\/staging.forenteforlag.no\/spartacus\/#organization","name":"Spartacus forlag","url":"https:\/\/staging.forenteforlag.no\/spartacus\/","logo":{"@type":"ImageObject","inLanguage":"nb-NO","@id":"https:\/\/staging.forenteforlag.no\/spartacus\/#\/schema\/logo\/image\/","url":"https:\/\/staging.forenteforlag.no\/spartacus\/wp-content\/uploads\/sites\/6\/2024\/09\/Spartacus_logo.svg","contentUrl":"https:\/\/staging.forenteforlag.no\/spartacus\/wp-content\/uploads\/sites\/6\/2024\/09\/Spartacus_logo.svg","width":100,"height":100,"caption":"Spartacus forlag"},"image":{"@id":"https:\/\/staging.forenteforlag.no\/spartacus\/#\/schema\/logo\/image\/"},"sameAs":["https:\/\/www.facebook.com\/SpartacusForlag"]}]}},"_links":{"self":[{"href":"https:\/\/staging.forenteforlag.no\/spartacus\/wp-json\/wp\/v2\/product\/20275","targetHints":{"allow":["GET"]}}],"collection":[{"href":"https:\/\/staging.forenteforlag.no\/spartacus\/wp-json\/wp\/v2\/product"}],"about":[{"href":"https:\/\/staging.forenteforlag.no\/spartacus\/wp-json\/wp\/v2\/types\/product"}],"wp:featuredmedia":[{"embeddable":true,"href":"https:\/\/staging.forenteforlag.no\/spartacus\/wp-json\/wp\/v2\/media\/26707"}],"wp:attachment":[{"href":"https:\/\/staging.forenteforlag.no\/spartacus\/wp-json\/wp\/v2\/media?parent=20275"}],"wp:term":[{"taxonomy":"product_brand","embeddable":true,"href":"https:\/\/staging.forenteforlag.no\/spartacus\/wp-json\/wp\/v2\/product_brand?post=20275"},{"taxonomy":"product_cat","embeddable":true,"href":"https:\/\/staging.forenteforlag.no\/spartacus\/wp-json\/wp\/v2\/product_cat?post=20275"},{"taxonomy":"product_tag","embeddable":true,"href":"https:\/\/staging.forenteforlag.no\/spartacus\/wp-json\/wp\/v2\/product_tag?post=20275"}],"curies":[{"name":"wp","href":"https:\/\/api.w.org\/{rel}","templated":true}]}}