{"id":20271,"date":"2021-08-11T02:00:00","date_gmt":"2021-08-11T00:00:00","guid":{"rendered":"https:\/\/spartacus.forenteforlag.no\/produkt\/ulykkelige-arabia-3\/"},"modified":"2026-03-04T15:30:59","modified_gmt":"2026-03-04T14:30:59","slug":"ulykkelige-arabia-3","status":"publish","type":"product","link":"https:\/\/staging.forenteforlag.no\/spartacus\/produkt\/ulykkelige-arabia-3\/","title":{"rendered":"Ulykkelige Arabia"},"content":{"rendered":"<p>\u00abLykkelige Arabia\u00bb var romernes navn for Jemen. Denne boken handler om et annet Arabia. Ti \u00e5r etter den arabiske v\u00e5ren er Arabia herjet av krig, klimaendringer, befolkningsvekst og radikale ideologier. De fremste ofrene er befolkningen i Jemen.   <\/p>\n<p>For oss er krigen i Jemen en ukjent og fjern konflikt. Jemen er et land hvor Gud er stor og staten er d\u00f8d. Hit drar man gjerne for \u00e5 sl\u00e5ss b\u00e5de mot sine fiender og mot sine allierte. Jemen-krigen gir oss innsikt i det store spillet om Gulf-regionen. Det handler om kampen om makten i Arabia, om rivalisering mellom Iran og Saudi-Arabia og om tiltagende \u00f8konomisk, politisk og milit\u00e6r dragkamp mellom globale makter.   <\/p>\n<p>Cecilie Hellestveit forklarer hvorfor konflikten er s\u00e5 ul\u00f8selig, og hvordan den kaster foruroligende skygger over verden ved inngangen til 2020-\u00e5rene. Hun viser ogs\u00e5 hvordan den brutale krigen i den langstrakte kystnasjonen p\u00e5 overraskende vis er relevant for oss her i Norge.<\/p>\n","protected":false},"excerpt":{"rendered":"<p>\u00abLykkelige Arabia\u00bb var romernes navn for Jemen. Denne boken handler om et annet Arabia. Ti \u00e5r etter den arabiske v\u00e5ren er Arabia herjet av krig, klimaendringer, befolkningsvekst og radikale ideologier. De fremste ofrene er befolkningen i Jemen. For oss er krigen i Jemen en ukjent og fjern konflikt. Jemen er et land hvor Gud er [&hellip;]<\/p>\n","protected":false},"featured_media":26679,"template":"","meta":{"_acf_changed":false,"inline_featured_image":false},"product_brand":[],"product_cat":[1786],"product_tag":[666,794,362],"class_list":{"0":"post-20271","1":"product","2":"type-product","3":"status-publish","4":"has-post-thumbnail","6":"product_cat-rabattkodekampanje","7":"product_tag-arabiske-halvoy","8":"product_tag-borgerkrig","9":"product_tag-faglitteratur","11":"first","12":"instock","13":"shipping-taxable","14":"purchasable","15":"product-type-simple"},"acf":{"anmeldelse":[{"tekst_anmeldelser":"\u00abEn bok \u00e5 bli klok av [...] Hun tegner opp et komplekst bilde, med st\u00f8 h\u00e5nd og sikker penn. Hellestveit n\u00f8ler aldri i fremstillingene.\u00bb","av_anmeldelser":"Aasne Jordheim","terningkast":false,"kilde":"Forskerforum"},{"tekst_anmeldelser":"\u00abRystende, men opplysende [...] ei bok du ikke kommer utenom dersom du \u00f8nsker \u00e5 forst\u00e5 det som skjer i og utenfor Jemen, det v\u00e6re seg Iran-konflikten, utviklingen i Saudi-Arabia, konkurransen mellom Kina, Russland og USA p\u00e5 Den arabiske halv\u00f8y, eller IS og al-Qaidas virksomhet i samme omr\u00e5de.\u00bb","av_anmeldelser":"Jan-Erik Smilden","terningkast":false,"kilde":"Dagbladet"},{"tekst_anmeldelser":"\u00abDet er ei bok full av kunnskap som Hellestveit har gitt oss. [...] m\u00e5ten Hellestveit har sett saman dette har gitt oss ei spennande og leseverdig framstilling av eit land som knapt er r\u00f8rt ved p\u00e5 norsk f\u00f8r. Den blir nok derfor uomgjengelig for dei som vil vite meir b\u00e5de om Jemen og politikken i Saudi-Arabia i dag.\u00bb","av_anmeldelser":"Knut Vik\u00f8r","terningkast":false,"kilde":"Knut Vik\u00f8r"},{"tekst_anmeldelser":"\u00abCecilie Hellestveit m\u00e5 v\u00e6re den mest illusjonsl\u00f8se og r\u00e5este fortelleren i norsk, politisk sakprosa for tiden.\u00bb","av_anmeldelser":"Knut Hoem","terningkast":false,"kilde":"NRK"},{"tekst_anmeldelser":"\u00ab...en usedvanlig godt skrevet bok.\u00bb","av_anmeldelser":"Gunnar Kagge","terningkast":false,"kilde":"Aftenposten"},{"tekst_anmeldelser":"\u00ab...n\u00e6rmest en juvel av en bok.\u00bb","av_anmeldelser":"J\u00f8rn-Kr. J\u00f8rgensen","terningkast":false,"kilde":"Bokstaver.no"}]},"yoast_head":"<!-- This site is optimized with the Yoast SEO plugin v26.6 - https:\/\/yoast.com\/wordpress\/plugins\/seo\/ -->\n<title>Ulykkelige Arabia - Spartacus<\/title>\n<meta name=\"robots\" content=\"noindex, follow, max-snippet:-1, max-image-preview:large, max-video-preview:-1\" \/>\n<meta property=\"og:locale\" content=\"nb_NO\" \/>\n<meta property=\"og:type\" content=\"article\" \/>\n<meta property=\"og:title\" content=\"Ulykkelige Arabia - Spartacus\" \/>\n<meta property=\"og:description\" content=\"\u00abLykkelige Arabia\u00bb var romernes navn for Jemen. Denne boken handler om et annet Arabia. Ti \u00e5r etter den arabiske v\u00e5ren er Arabia herjet av krig, klimaendringer, befolkningsvekst og radikale ideologier. De fremste ofrene er befolkningen i Jemen. For oss er krigen i Jemen en ukjent og fjern konflikt. Jemen er et land hvor Gud er [&hellip;]\" \/>\n<meta property=\"og:url\" content=\"https:\/\/staging.forenteforlag.no\/spartacus\/produkt\/ulykkelige-arabia-3\/\" \/>\n<meta property=\"og:site_name\" content=\"Spartacus\" \/>\n<meta property=\"article:publisher\" content=\"https:\/\/www.facebook.com\/SpartacusForlag\" \/>\n<meta property=\"article:modified_time\" content=\"2026-03-04T14:30:59+00:00\" \/>\n<meta property=\"og:image\" content=\"https:\/\/staging.forenteforlag.no\/spartacus\/wp-content\/uploads\/sites\/6\/2026\/03\/9788243014312.jpg\" \/>\n\t<meta property=\"og:image:width\" content=\"720\" \/>\n\t<meta property=\"og:image:height\" content=\"1122\" \/>\n\t<meta property=\"og:image:type\" content=\"image\/jpeg\" \/>\n<meta name=\"twitter:card\" content=\"summary_large_image\" \/>\n<meta name=\"twitter:label1\" content=\"Ansl. lesetid\" \/>\n\t<meta name=\"twitter:data1\" content=\"1 minutt\" \/>\n<script type=\"application\/ld+json\" class=\"yoast-schema-graph\">{\"@context\":\"https:\/\/schema.org\",\"@graph\":[{\"@type\":\"WebPage\",\"@id\":\"https:\/\/staging.forenteforlag.no\/spartacus\/produkt\/ulykkelige-arabia-3\/\",\"url\":\"https:\/\/staging.forenteforlag.no\/spartacus\/produkt\/ulykkelige-arabia-3\/\",\"name\":\"Ulykkelige Arabia - Spartacus\",\"isPartOf\":{\"@id\":\"https:\/\/staging.forenteforlag.no\/spartacus\/#website\"},\"primaryImageOfPage\":{\"@id\":\"https:\/\/staging.forenteforlag.no\/spartacus\/produkt\/ulykkelige-arabia-3\/#primaryimage\"},\"image\":{\"@id\":\"https:\/\/staging.forenteforlag.no\/spartacus\/produkt\/ulykkelige-arabia-3\/#primaryimage\"},\"thumbnailUrl\":\"https:\/\/staging.forenteforlag.no\/spartacus\/wp-content\/uploads\/sites\/6\/2026\/03\/9788243014312.jpg\",\"datePublished\":\"2021-08-11T00:00:00+00:00\",\"dateModified\":\"2026-03-04T14:30:59+00:00\",\"breadcrumb\":{\"@id\":\"https:\/\/staging.forenteforlag.no\/spartacus\/produkt\/ulykkelige-arabia-3\/#breadcrumb\"},\"inLanguage\":\"nb-NO\",\"potentialAction\":[{\"@type\":\"ReadAction\",\"target\":[\"https:\/\/staging.forenteforlag.no\/spartacus\/produkt\/ulykkelige-arabia-3\/\"]}]},{\"@type\":\"ImageObject\",\"inLanguage\":\"nb-NO\",\"@id\":\"https:\/\/staging.forenteforlag.no\/spartacus\/produkt\/ulykkelige-arabia-3\/#primaryimage\",\"url\":\"https:\/\/staging.forenteforlag.no\/spartacus\/wp-content\/uploads\/sites\/6\/2026\/03\/9788243014312.jpg\",\"contentUrl\":\"https:\/\/staging.forenteforlag.no\/spartacus\/wp-content\/uploads\/sites\/6\/2026\/03\/9788243014312.jpg\",\"width\":720,\"height\":1122},{\"@type\":\"BreadcrumbList\",\"@id\":\"https:\/\/staging.forenteforlag.no\/spartacus\/produkt\/ulykkelige-arabia-3\/#breadcrumb\",\"itemListElement\":[{\"@type\":\"ListItem\",\"position\":1,\"name\":\"Hjem\",\"item\":\"https:\/\/staging.forenteforlag.no\/spartacus\/\"},{\"@type\":\"ListItem\",\"position\":2,\"name\":\"Alle b\u00f8ker\",\"item\":\"https:\/\/staging.forenteforlag.no\/spartacus\/butikk\/\"},{\"@type\":\"ListItem\",\"position\":3,\"name\":\"Ulykkelige Arabia\"}]},{\"@type\":\"WebSite\",\"@id\":\"https:\/\/staging.forenteforlag.no\/spartacus\/#website\",\"url\":\"https:\/\/staging.forenteforlag.no\/spartacus\/\",\"name\":\"Spartacus forlag\",\"description\":\"\",\"publisher\":{\"@id\":\"https:\/\/staging.forenteforlag.no\/spartacus\/#organization\"},\"potentialAction\":[{\"@type\":\"SearchAction\",\"target\":{\"@type\":\"EntryPoint\",\"urlTemplate\":\"https:\/\/staging.forenteforlag.no\/spartacus\/?s={search_term_string}\"},\"query-input\":{\"@type\":\"PropertyValueSpecification\",\"valueRequired\":true,\"valueName\":\"search_term_string\"}}],\"inLanguage\":\"nb-NO\"},{\"@type\":\"Organization\",\"@id\":\"https:\/\/staging.forenteforlag.no\/spartacus\/#organization\",\"name\":\"Spartacus forlag\",\"url\":\"https:\/\/staging.forenteforlag.no\/spartacus\/\",\"logo\":{\"@type\":\"ImageObject\",\"inLanguage\":\"nb-NO\",\"@id\":\"https:\/\/staging.forenteforlag.no\/spartacus\/#\/schema\/logo\/image\/\",\"url\":\"https:\/\/staging.forenteforlag.no\/spartacus\/wp-content\/uploads\/sites\/6\/2024\/09\/Spartacus_logo.svg\",\"contentUrl\":\"https:\/\/staging.forenteforlag.no\/spartacus\/wp-content\/uploads\/sites\/6\/2024\/09\/Spartacus_logo.svg\",\"width\":100,\"height\":100,\"caption\":\"Spartacus forlag\"},\"image\":{\"@id\":\"https:\/\/staging.forenteforlag.no\/spartacus\/#\/schema\/logo\/image\/\"},\"sameAs\":[\"https:\/\/www.facebook.com\/SpartacusForlag\"]}]}<\/script>\n<!-- \/ Yoast SEO plugin. -->","yoast_head_json":{"title":"Ulykkelige Arabia - Spartacus","robots":{"index":"noindex","follow":"follow","max-snippet":"max-snippet:-1","max-image-preview":"max-image-preview:large","max-video-preview":"max-video-preview:-1"},"og_locale":"nb_NO","og_type":"article","og_title":"Ulykkelige Arabia - Spartacus","og_description":"\u00abLykkelige Arabia\u00bb var romernes navn for Jemen. Denne boken handler om et annet Arabia. Ti \u00e5r etter den arabiske v\u00e5ren er Arabia herjet av krig, klimaendringer, befolkningsvekst og radikale ideologier. De fremste ofrene er befolkningen i Jemen. For oss er krigen i Jemen en ukjent og fjern konflikt. Jemen er et land hvor Gud er [&hellip;]","og_url":"https:\/\/staging.forenteforlag.no\/spartacus\/produkt\/ulykkelige-arabia-3\/","og_site_name":"Spartacus","article_publisher":"https:\/\/www.facebook.com\/SpartacusForlag","article_modified_time":"2026-03-04T14:30:59+00:00","og_image":[{"width":720,"height":1122,"url":"https:\/\/staging.forenteforlag.no\/spartacus\/wp-content\/uploads\/sites\/6\/2026\/03\/9788243014312.jpg","type":"image\/jpeg"}],"twitter_card":"summary_large_image","twitter_misc":{"Ansl. lesetid":"1 minutt"},"schema":{"@context":"https:\/\/schema.org","@graph":[{"@type":"WebPage","@id":"https:\/\/staging.forenteforlag.no\/spartacus\/produkt\/ulykkelige-arabia-3\/","url":"https:\/\/staging.forenteforlag.no\/spartacus\/produkt\/ulykkelige-arabia-3\/","name":"Ulykkelige Arabia - Spartacus","isPartOf":{"@id":"https:\/\/staging.forenteforlag.no\/spartacus\/#website"},"primaryImageOfPage":{"@id":"https:\/\/staging.forenteforlag.no\/spartacus\/produkt\/ulykkelige-arabia-3\/#primaryimage"},"image":{"@id":"https:\/\/staging.forenteforlag.no\/spartacus\/produkt\/ulykkelige-arabia-3\/#primaryimage"},"thumbnailUrl":"https:\/\/staging.forenteforlag.no\/spartacus\/wp-content\/uploads\/sites\/6\/2026\/03\/9788243014312.jpg","datePublished":"2021-08-11T00:00:00+00:00","dateModified":"2026-03-04T14:30:59+00:00","breadcrumb":{"@id":"https:\/\/staging.forenteforlag.no\/spartacus\/produkt\/ulykkelige-arabia-3\/#breadcrumb"},"inLanguage":"nb-NO","potentialAction":[{"@type":"ReadAction","target":["https:\/\/staging.forenteforlag.no\/spartacus\/produkt\/ulykkelige-arabia-3\/"]}]},{"@type":"ImageObject","inLanguage":"nb-NO","@id":"https:\/\/staging.forenteforlag.no\/spartacus\/produkt\/ulykkelige-arabia-3\/#primaryimage","url":"https:\/\/staging.forenteforlag.no\/spartacus\/wp-content\/uploads\/sites\/6\/2026\/03\/9788243014312.jpg","contentUrl":"https:\/\/staging.forenteforlag.no\/spartacus\/wp-content\/uploads\/sites\/6\/2026\/03\/9788243014312.jpg","width":720,"height":1122},{"@type":"BreadcrumbList","@id":"https:\/\/staging.forenteforlag.no\/spartacus\/produkt\/ulykkelige-arabia-3\/#breadcrumb","itemListElement":[{"@type":"ListItem","position":1,"name":"Hjem","item":"https:\/\/staging.forenteforlag.no\/spartacus\/"},{"@type":"ListItem","position":2,"name":"Alle b\u00f8ker","item":"https:\/\/staging.forenteforlag.no\/spartacus\/butikk\/"},{"@type":"ListItem","position":3,"name":"Ulykkelige Arabia"}]},{"@type":"WebSite","@id":"https:\/\/staging.forenteforlag.no\/spartacus\/#website","url":"https:\/\/staging.forenteforlag.no\/spartacus\/","name":"Spartacus forlag","description":"","publisher":{"@id":"https:\/\/staging.forenteforlag.no\/spartacus\/#organization"},"potentialAction":[{"@type":"SearchAction","target":{"@type":"EntryPoint","urlTemplate":"https:\/\/staging.forenteforlag.no\/spartacus\/?s={search_term_string}"},"query-input":{"@type":"PropertyValueSpecification","valueRequired":true,"valueName":"search_term_string"}}],"inLanguage":"nb-NO"},{"@type":"Organization","@id":"https:\/\/staging.forenteforlag.no\/spartacus\/#organization","name":"Spartacus forlag","url":"https:\/\/staging.forenteforlag.no\/spartacus\/","logo":{"@type":"ImageObject","inLanguage":"nb-NO","@id":"https:\/\/staging.forenteforlag.no\/spartacus\/#\/schema\/logo\/image\/","url":"https:\/\/staging.forenteforlag.no\/spartacus\/wp-content\/uploads\/sites\/6\/2024\/09\/Spartacus_logo.svg","contentUrl":"https:\/\/staging.forenteforlag.no\/spartacus\/wp-content\/uploads\/sites\/6\/2024\/09\/Spartacus_logo.svg","width":100,"height":100,"caption":"Spartacus forlag"},"image":{"@id":"https:\/\/staging.forenteforlag.no\/spartacus\/#\/schema\/logo\/image\/"},"sameAs":["https:\/\/www.facebook.com\/SpartacusForlag"]}]}},"_links":{"self":[{"href":"https:\/\/staging.forenteforlag.no\/spartacus\/wp-json\/wp\/v2\/product\/20271","targetHints":{"allow":["GET"]}}],"collection":[{"href":"https:\/\/staging.forenteforlag.no\/spartacus\/wp-json\/wp\/v2\/product"}],"about":[{"href":"https:\/\/staging.forenteforlag.no\/spartacus\/wp-json\/wp\/v2\/types\/product"}],"wp:featuredmedia":[{"embeddable":true,"href":"https:\/\/staging.forenteforlag.no\/spartacus\/wp-json\/wp\/v2\/media\/26679"}],"wp:attachment":[{"href":"https:\/\/staging.forenteforlag.no\/spartacus\/wp-json\/wp\/v2\/media?parent=20271"}],"wp:term":[{"taxonomy":"product_brand","embeddable":true,"href":"https:\/\/staging.forenteforlag.no\/spartacus\/wp-json\/wp\/v2\/product_brand?post=20271"},{"taxonomy":"product_cat","embeddable":true,"href":"https:\/\/staging.forenteforlag.no\/spartacus\/wp-json\/wp\/v2\/product_cat?post=20271"},{"taxonomy":"product_tag","embeddable":true,"href":"https:\/\/staging.forenteforlag.no\/spartacus\/wp-json\/wp\/v2\/product_tag?post=20271"}],"curies":[{"name":"wp","href":"https:\/\/api.w.org\/{rel}","templated":true}]}}