{"id":360,"date":"2024-10-16T14:57:58","date_gmt":"2024-10-16T12:57:58","guid":{"rendered":"https:\/\/spartacus.forenteforlag.no\/?page_id=360"},"modified":"2025-12-10T16:47:22","modified_gmt":"2025-12-10T15:47:22","slug":"om-forlagshuset","status":"publish","type":"page","link":"https:\/\/staging.forenteforlag.no\/spartacus\/om-forlagshuset\/","title":{"rendered":"Om forlaget"},"content":{"rendered":"<p>Spartacus Forlag ble startet i 1989 og gir ut ca. 40 titler \u00e5rlig innenfor et bredt spekter av non-fiction. Fra 2023 inng\u00e5r vi i forlagshuset Forente Forlag AS. Vi utvikler aktivt ny norsk sakprosa, med s\u00e6rlig fokus p\u00e5 dokumentarer, historie, biografier og popul\u00e6rvitenskap. Sakprosa for barn og unge er et nyere satsingsomr\u00e5de med et bredt spenn i tematikk.<\/p>\n<p>L\u00e6reb\u00f8ker og forskningspublisering samler vi i v\u00e5rt eget fagbokforlag: <a href=\"https:\/\/staging.forenteforlag.no\/scandinavian\/\" target=\"_blank\" rel=\"noopener\">Scandinavian Academic Press<\/a>.<\/p>\n<h2>Kontaktadresser e-post:<\/h2>\n<p>Manusinnsending, utgivelsesforslag o.l.: <a href=\"mailto:redaksjon@staging.forenteforlag.no\/spartacus\">redaksjon@staging.forenteforlag.no\/spartacus <\/a><\/p>\n<p>Presse\/informasjon: <a href=\"mailto:nichlas@staging.forenteforlag.no\/spartacus\">nichlas@staging.forenteforlag.no\/spartacus <\/a><\/p>\n<p>Generelle henvendelser: <a href=\"mailto:post@staging.forenteforlag.no\/spartacus\">post@staging.forenteforlag.no\/spartacus <\/a><\/p>\n<p>\u00d8konomi: <a href=\"mailto:okonomi@staging.forenteforlag.no\/spartacus\">okonomi@staging.forenteforlag.no\/spartacus<\/a><\/p>\n<h2>Innsending av manus<\/h2>\n<p>Har du et manus som passer oss?<br \/>\nOm du \u00f8nsker ditt bokprosjekt vurdert, send oss en kortfattet presentasjon\/prosjektbeskrivelse, gjerne en forel\u00f8pig innholdsfortegnelse og pr\u00f8vekapitler eller manus. Vi tar gjerne dette imot pr. e-post: <a href=\"mailto:redaksjon@staging.forenteforlag.no\/spartacus\">redaksjon@staging.forenteforlag.no\/spartacus<\/a>. Vurderingstiden varierer, men vi pr\u00f8ver \u00e5 gi tilbakemelding i l\u00f8pet av 3-5 uker. Alle vil f\u00e5 svar! Du b\u00f8r ogs\u00e5 legge ved noen ord om deg selv og evt. tidligere utgivelser.<\/p>\n","protected":false},"excerpt":{"rendered":"<p>Spartacus Forlag ble startet i 1989 og gir ut ca. 40 titler \u00e5rlig innenfor et bredt spekter av non-fiction. Fra 2023 inng\u00e5r vi i forlagshuset Forente Forlag AS. Vi utvikler aktivt ny norsk sakprosa, med s\u00e6rlig fokus p\u00e5 dokumentarer, historie, biografier og popul\u00e6rvitenskap. Sakprosa for barn og unge er et nyere satsingsomr\u00e5de med et bredt [&hellip;]<\/p>\n","protected":false},"author":2,"featured_media":0,"parent":0,"menu_order":0,"comment_status":"closed","ping_status":"closed","template":"","meta":{"_acf_changed":false,"inline_featured_image":false,"footnotes":""},"class_list":["post-360","page","type-page","status-publish","hentry"],"acf":[],"yoast_head":"<!-- This site is optimized with the Yoast SEO plugin v26.6 - https:\/\/yoast.com\/wordpress\/plugins\/seo\/ -->\n<title>Om forlaget - Spartacus<\/title>\n<meta name=\"description\" content=\"Spartacus Forlag har utgitt kvalitetslitteratur siden 1989. Les om v\u00e5rt fokus p\u00e5 norsk sakprosa og popul\u00e6rvitenskap.\" \/>\n<meta name=\"robots\" content=\"noindex, follow, max-snippet:-1, max-image-preview:large, max-video-preview:-1\" \/>\n<meta property=\"og:locale\" content=\"nb_NO\" \/>\n<meta property=\"og:type\" content=\"article\" \/>\n<meta property=\"og:title\" content=\"Om forlaget - Spartacus\" \/>\n<meta property=\"og:description\" content=\"Spartacus Forlag har utgitt kvalitetslitteratur siden 1989. Les om v\u00e5rt fokus p\u00e5 norsk sakprosa og popul\u00e6rvitenskap.\" \/>\n<meta property=\"og:url\" content=\"https:\/\/staging.forenteforlag.no\/spartacus\/om-forlagshuset\/\" \/>\n<meta property=\"og:site_name\" content=\"Spartacus\" \/>\n<meta property=\"article:publisher\" content=\"https:\/\/www.facebook.com\/SpartacusForlag\" \/>\n<meta property=\"article:modified_time\" content=\"2025-12-10T15:47:22+00:00\" \/>\n<meta property=\"og:image\" content=\"https:\/\/staging.forenteforlag.no\/spartacus\/wp-content\/uploads\/sites\/6\/2025\/02\/spartacus-hvit.jpg\" \/>\n\t<meta property=\"og:image:width\" content=\"1200\" \/>\n\t<meta property=\"og:image:height\" content=\"800\" \/>\n\t<meta property=\"og:image:type\" content=\"image\/jpeg\" \/>\n<meta name=\"twitter:card\" content=\"summary_large_image\" \/>\n<meta name=\"twitter:label1\" content=\"Ansl. lesetid\" \/>\n\t<meta name=\"twitter:data1\" content=\"3 minutter\" \/>\n<script type=\"application\/ld+json\" class=\"yoast-schema-graph\">{\"@context\":\"https:\/\/schema.org\",\"@graph\":[{\"@type\":\"WebPage\",\"@id\":\"https:\/\/staging.forenteforlag.no\/spartacus\/om-forlagshuset\/\",\"url\":\"https:\/\/staging.forenteforlag.no\/spartacus\/om-forlagshuset\/\",\"name\":\"Om forlaget - Spartacus\",\"isPartOf\":{\"@id\":\"https:\/\/staging.forenteforlag.no\/spartacus\/#website\"},\"datePublished\":\"2024-10-16T12:57:58+00:00\",\"dateModified\":\"2025-12-10T15:47:22+00:00\",\"description\":\"Spartacus Forlag har utgitt kvalitetslitteratur siden 1989. Les om v\u00e5rt fokus p\u00e5 norsk sakprosa og popul\u00e6rvitenskap.\",\"breadcrumb\":{\"@id\":\"https:\/\/staging.forenteforlag.no\/spartacus\/om-forlagshuset\/#breadcrumb\"},\"inLanguage\":\"nb-NO\",\"potentialAction\":[{\"@type\":\"ReadAction\",\"target\":[\"https:\/\/staging.forenteforlag.no\/spartacus\/om-forlagshuset\/\"]}]},{\"@type\":\"BreadcrumbList\",\"@id\":\"https:\/\/staging.forenteforlag.no\/spartacus\/om-forlagshuset\/#breadcrumb\",\"itemListElement\":[{\"@type\":\"ListItem\",\"position\":1,\"name\":\"Hjem\",\"item\":\"https:\/\/staging.forenteforlag.no\/spartacus\/\"},{\"@type\":\"ListItem\",\"position\":2,\"name\":\"Om forlaget\"}]},{\"@type\":\"WebSite\",\"@id\":\"https:\/\/staging.forenteforlag.no\/spartacus\/#website\",\"url\":\"https:\/\/staging.forenteforlag.no\/spartacus\/\",\"name\":\"Spartacus forlag\",\"description\":\"\",\"publisher\":{\"@id\":\"https:\/\/staging.forenteforlag.no\/spartacus\/#organization\"},\"potentialAction\":[{\"@type\":\"SearchAction\",\"target\":{\"@type\":\"EntryPoint\",\"urlTemplate\":\"https:\/\/staging.forenteforlag.no\/spartacus\/?s={search_term_string}\"},\"query-input\":{\"@type\":\"PropertyValueSpecification\",\"valueRequired\":true,\"valueName\":\"search_term_string\"}}],\"inLanguage\":\"nb-NO\"},{\"@type\":\"Organization\",\"@id\":\"https:\/\/staging.forenteforlag.no\/spartacus\/#organization\",\"name\":\"Spartacus forlag\",\"url\":\"https:\/\/staging.forenteforlag.no\/spartacus\/\",\"logo\":{\"@type\":\"ImageObject\",\"inLanguage\":\"nb-NO\",\"@id\":\"https:\/\/staging.forenteforlag.no\/spartacus\/#\/schema\/logo\/image\/\",\"url\":\"https:\/\/staging.forenteforlag.no\/spartacus\/wp-content\/uploads\/sites\/6\/2024\/09\/Spartacus_logo.svg\",\"contentUrl\":\"https:\/\/staging.forenteforlag.no\/spartacus\/wp-content\/uploads\/sites\/6\/2024\/09\/Spartacus_logo.svg\",\"width\":100,\"height\":100,\"caption\":\"Spartacus forlag\"},\"image\":{\"@id\":\"https:\/\/staging.forenteforlag.no\/spartacus\/#\/schema\/logo\/image\/\"},\"sameAs\":[\"https:\/\/www.facebook.com\/SpartacusForlag\"]}]}<\/script>\n<!-- \/ Yoast SEO plugin. -->","yoast_head_json":{"title":"Om forlaget - Spartacus","description":"Spartacus Forlag har utgitt kvalitetslitteratur siden 1989. Les om v\u00e5rt fokus p\u00e5 norsk sakprosa og popul\u00e6rvitenskap.","robots":{"index":"noindex","follow":"follow","max-snippet":"max-snippet:-1","max-image-preview":"max-image-preview:large","max-video-preview":"max-video-preview:-1"},"og_locale":"nb_NO","og_type":"article","og_title":"Om forlaget - Spartacus","og_description":"Spartacus Forlag har utgitt kvalitetslitteratur siden 1989. Les om v\u00e5rt fokus p\u00e5 norsk sakprosa og popul\u00e6rvitenskap.","og_url":"https:\/\/staging.forenteforlag.no\/spartacus\/om-forlagshuset\/","og_site_name":"Spartacus","article_publisher":"https:\/\/www.facebook.com\/SpartacusForlag","article_modified_time":"2025-12-10T15:47:22+00:00","og_image":[{"width":1200,"height":800,"url":"https:\/\/staging.forenteforlag.no\/spartacus\/wp-content\/uploads\/sites\/6\/2025\/02\/spartacus-hvit.jpg","type":"image\/jpeg"}],"twitter_card":"summary_large_image","twitter_misc":{"Ansl. lesetid":"3 minutter"},"schema":{"@context":"https:\/\/schema.org","@graph":[{"@type":"WebPage","@id":"https:\/\/staging.forenteforlag.no\/spartacus\/om-forlagshuset\/","url":"https:\/\/staging.forenteforlag.no\/spartacus\/om-forlagshuset\/","name":"Om forlaget - Spartacus","isPartOf":{"@id":"https:\/\/staging.forenteforlag.no\/spartacus\/#website"},"datePublished":"2024-10-16T12:57:58+00:00","dateModified":"2025-12-10T15:47:22+00:00","description":"Spartacus Forlag har utgitt kvalitetslitteratur siden 1989. Les om v\u00e5rt fokus p\u00e5 norsk sakprosa og popul\u00e6rvitenskap.","breadcrumb":{"@id":"https:\/\/staging.forenteforlag.no\/spartacus\/om-forlagshuset\/#breadcrumb"},"inLanguage":"nb-NO","potentialAction":[{"@type":"ReadAction","target":["https:\/\/staging.forenteforlag.no\/spartacus\/om-forlagshuset\/"]}]},{"@type":"BreadcrumbList","@id":"https:\/\/staging.forenteforlag.no\/spartacus\/om-forlagshuset\/#breadcrumb","itemListElement":[{"@type":"ListItem","position":1,"name":"Hjem","item":"https:\/\/staging.forenteforlag.no\/spartacus\/"},{"@type":"ListItem","position":2,"name":"Om forlaget"}]},{"@type":"WebSite","@id":"https:\/\/staging.forenteforlag.no\/spartacus\/#website","url":"https:\/\/staging.forenteforlag.no\/spartacus\/","name":"Spartacus forlag","description":"","publisher":{"@id":"https:\/\/staging.forenteforlag.no\/spartacus\/#organization"},"potentialAction":[{"@type":"SearchAction","target":{"@type":"EntryPoint","urlTemplate":"https:\/\/staging.forenteforlag.no\/spartacus\/?s={search_term_string}"},"query-input":{"@type":"PropertyValueSpecification","valueRequired":true,"valueName":"search_term_string"}}],"inLanguage":"nb-NO"},{"@type":"Organization","@id":"https:\/\/staging.forenteforlag.no\/spartacus\/#organization","name":"Spartacus forlag","url":"https:\/\/staging.forenteforlag.no\/spartacus\/","logo":{"@type":"ImageObject","inLanguage":"nb-NO","@id":"https:\/\/staging.forenteforlag.no\/spartacus\/#\/schema\/logo\/image\/","url":"https:\/\/staging.forenteforlag.no\/spartacus\/wp-content\/uploads\/sites\/6\/2024\/09\/Spartacus_logo.svg","contentUrl":"https:\/\/staging.forenteforlag.no\/spartacus\/wp-content\/uploads\/sites\/6\/2024\/09\/Spartacus_logo.svg","width":100,"height":100,"caption":"Spartacus forlag"},"image":{"@id":"https:\/\/staging.forenteforlag.no\/spartacus\/#\/schema\/logo\/image\/"},"sameAs":["https:\/\/www.facebook.com\/SpartacusForlag"]}]}},"_links":{"self":[{"href":"https:\/\/staging.forenteforlag.no\/spartacus\/wp-json\/wp\/v2\/pages\/360","targetHints":{"allow":["GET"]}}],"collection":[{"href":"https:\/\/staging.forenteforlag.no\/spartacus\/wp-json\/wp\/v2\/pages"}],"about":[{"href":"https:\/\/staging.forenteforlag.no\/spartacus\/wp-json\/wp\/v2\/types\/page"}],"author":[{"embeddable":true,"href":"https:\/\/staging.forenteforlag.no\/spartacus\/wp-json\/wp\/v2\/users\/2"}],"replies":[{"embeddable":true,"href":"https:\/\/staging.forenteforlag.no\/spartacus\/wp-json\/wp\/v2\/comments?post=360"}],"version-history":[{"count":18,"href":"https:\/\/staging.forenteforlag.no\/spartacus\/wp-json\/wp\/v2\/pages\/360\/revisions"}],"predecessor-version":[{"id":25840,"href":"https:\/\/staging.forenteforlag.no\/spartacus\/wp-json\/wp\/v2\/pages\/360\/revisions\/25840"}],"wp:attachment":[{"href":"https:\/\/staging.forenteforlag.no\/spartacus\/wp-json\/wp\/v2\/media?parent=360"}],"curies":[{"name":"wp","href":"https:\/\/api.w.org\/{rel}","templated":true}]}}