{"id":20701,"date":"2014-05-23T02:00:00","date_gmt":"2014-05-23T00:00:00","guid":{"rendered":"https:\/\/scandinavianacademicpress.forenteforlag.no\/produkt\/blafargen-fra-modum\/"},"modified":"2026-03-04T12:23:28","modified_gmt":"2026-03-04T11:23:28","slug":"blafargen-fra-modum","status":"publish","type":"product","link":"https:\/\/staging.forenteforlag.no\/scandinavian\/produkt\/blafargen-fra-modum\/","title":{"rendered":"Bl\u00e5fargen fra Modum"},"content":{"rendered":"<p>Bl\u00e5farvev\u00e6rket p\u00e5 Modum var Norges st\u00f8rste industribedrift p\u00e5 begynnelsen av 1800-tallet. Blaafarvev\u00e6rket brukte koboltmalm til fremstilling av koboltbl\u00e5tt, som s\u00e6rlig ble benyttet i papir-, porselens- og glassindustrien, og eksporterte st\u00f8rstedelen av produksjonen av bl\u00e5farge til utlandet.<\/p>\n<p>I sin storhetstid dekket det 80% av verdensmarkedet for bl\u00e5farge. Bl\u00e5farven fra Modum spilte dermed en viktig rolle i norsk handel med bl a Danmark, Holland og land i Asia. I tiden rundt 1814 fikk Blaafarvev\u00e6rket en avgj\u00f8rende rolle i opprettelsen av en ny norsk \u00f8konomi og i dragkampen mellom Danmark og Norge om verdiene i det gamle riket.<\/p>\n<p>Dette er f\u00f8rste bind i en serie p\u00e5 flere b\u00f8ker som tar for seg Blaafarvev\u00e6rkets historie. Dette bindet dekker pionertiden fra 1776- 1821.<\/p>\n<p>Ingerid Hagen forteller levende om bl\u00e5fargens vei fra Modum, og ut i verden. Hun beskriver livet p\u00e5 havna i K\u00f8benhavn, i kaffehusene i Amsterdam hvor bl\u00e5fargen ble solgt til handelshus i hele Europa og hvordan skip med eksklusiv kolboltbl\u00e5tt fra Modum reiser til Japan og andre land i Asia.<\/p>\n","protected":false},"excerpt":{"rendered":"<p>Bl\u00e5farvev\u00e6rket p\u00e5 Modum var Norges st\u00f8rste industribedrift p\u00e5 begynnelsen av 1800-tallet. Blaafarvev\u00e6rket brukte koboltmalm til fremstilling av koboltbl\u00e5tt, som s\u00e6rlig ble benyttet i papir-, porselens- og glassindustrien, og eksporterte st\u00f8rstedelen av produksjonen av bl\u00e5farge til utlandet. I sin storhetstid dekket det 80% av verdensmarkedet for bl\u00e5farge. Bl\u00e5farven fra Modum spilte dermed en viktig rolle i [&hellip;]<\/p>\n","protected":false},"featured_media":22694,"template":"","meta":{"_acf_changed":false,"inline_featured_image":false},"product_brand":[],"product_cat":[1775],"product_tag":[395,394,607,362,831,439],"class_list":{"0":"post-20701","1":"product","2":"type-product","3":"status-publish","4":"has-post-thumbnail","6":"product_cat-rabattkodekampanje","7":"product_tag-1700-tallet","8":"product_tag-1800-tallet","9":"product_tag-bedriftshistorie","10":"product_tag-faglitteratur","11":"product_tag-gruvedrift","12":"product_tag-nord-norge","14":"first","15":"instock","16":"shipping-taxable","17":"purchasable","18":"product-type-simple"},"acf":{"anmeldelse":null},"yoast_head":"<!-- This site is optimized with the Yoast SEO plugin v26.6 - https:\/\/yoast.com\/wordpress\/plugins\/seo\/ -->\n<title>Bl\u00e5fargen fra Modum - Scandinavian Academic Press<\/title>\n<meta name=\"robots\" content=\"noindex, follow, max-snippet:-1, max-image-preview:large, max-video-preview:-1\" \/>\n<meta property=\"og:locale\" content=\"nb_NO\" \/>\n<meta property=\"og:type\" content=\"article\" \/>\n<meta property=\"og:title\" content=\"Bl\u00e5fargen fra Modum - Scandinavian Academic Press\" \/>\n<meta property=\"og:description\" content=\"Bl\u00e5farvev\u00e6rket p\u00e5 Modum var Norges st\u00f8rste industribedrift p\u00e5 begynnelsen av 1800-tallet. Blaafarvev\u00e6rket brukte koboltmalm til fremstilling av koboltbl\u00e5tt, som s\u00e6rlig ble benyttet i papir-, porselens- og glassindustrien, og eksporterte st\u00f8rstedelen av produksjonen av bl\u00e5farge til utlandet. I sin storhetstid dekket det 80% av verdensmarkedet for bl\u00e5farge. Bl\u00e5farven fra Modum spilte dermed en viktig rolle i [&hellip;]\" \/>\n<meta property=\"og:url\" content=\"https:\/\/staging.forenteforlag.no\/scandinavian\/produkt\/blafargen-fra-modum\/\" \/>\n<meta property=\"og:site_name\" content=\"Scandinavian Academic Press\" \/>\n<meta property=\"article:publisher\" content=\"https:\/\/www.facebook.com\/ScandinavianAcademicPress\" \/>\n<meta property=\"article:modified_time\" content=\"2026-03-04T11:23:28+00:00\" \/>\n<meta property=\"og:image\" content=\"https:\/\/staging.forenteforlag.no\/scandinavian\/wp-content\/uploads\/sites\/7\/2026\/02\/9788230401286.jpg\" \/>\n\t<meta property=\"og:image:width\" content=\"720\" \/>\n\t<meta property=\"og:image:height\" content=\"1035\" \/>\n\t<meta property=\"og:image:type\" content=\"image\/jpeg\" \/>\n<meta name=\"twitter:card\" content=\"summary_large_image\" \/>\n<meta name=\"twitter:label1\" content=\"Ansl. lesetid\" \/>\n\t<meta name=\"twitter:data1\" content=\"1 minutt\" \/>\n<script type=\"application\/ld+json\" class=\"yoast-schema-graph\">{\"@context\":\"https:\/\/schema.org\",\"@graph\":[{\"@type\":\"WebPage\",\"@id\":\"https:\/\/staging.forenteforlag.no\/scandinavian\/produkt\/blafargen-fra-modum\/\",\"url\":\"https:\/\/staging.forenteforlag.no\/scandinavian\/produkt\/blafargen-fra-modum\/\",\"name\":\"Bl\u00e5fargen fra Modum - Scandinavian Academic Press\",\"isPartOf\":{\"@id\":\"https:\/\/staging.forenteforlag.no\/scandinavian\/#website\"},\"primaryImageOfPage\":{\"@id\":\"https:\/\/staging.forenteforlag.no\/scandinavian\/produkt\/blafargen-fra-modum\/#primaryimage\"},\"image\":{\"@id\":\"https:\/\/staging.forenteforlag.no\/scandinavian\/produkt\/blafargen-fra-modum\/#primaryimage\"},\"thumbnailUrl\":\"https:\/\/staging.forenteforlag.no\/scandinavian\/wp-content\/uploads\/sites\/7\/2026\/02\/9788230401286.jpg\",\"datePublished\":\"2014-05-23T00:00:00+00:00\",\"dateModified\":\"2026-03-04T11:23:28+00:00\",\"breadcrumb\":{\"@id\":\"https:\/\/staging.forenteforlag.no\/scandinavian\/produkt\/blafargen-fra-modum\/#breadcrumb\"},\"inLanguage\":\"nb-NO\",\"potentialAction\":[{\"@type\":\"ReadAction\",\"target\":[\"https:\/\/staging.forenteforlag.no\/scandinavian\/produkt\/blafargen-fra-modum\/\"]}]},{\"@type\":\"ImageObject\",\"inLanguage\":\"nb-NO\",\"@id\":\"https:\/\/staging.forenteforlag.no\/scandinavian\/produkt\/blafargen-fra-modum\/#primaryimage\",\"url\":\"https:\/\/staging.forenteforlag.no\/scandinavian\/wp-content\/uploads\/sites\/7\/2026\/02\/9788230401286.jpg\",\"contentUrl\":\"https:\/\/staging.forenteforlag.no\/scandinavian\/wp-content\/uploads\/sites\/7\/2026\/02\/9788230401286.jpg\",\"width\":720,\"height\":1035},{\"@type\":\"BreadcrumbList\",\"@id\":\"https:\/\/staging.forenteforlag.no\/scandinavian\/produkt\/blafargen-fra-modum\/#breadcrumb\",\"itemListElement\":[{\"@type\":\"ListItem\",\"position\":1,\"name\":\"Hjem\",\"item\":\"https:\/\/staging.forenteforlag.no\/scandinavian\/\"},{\"@type\":\"ListItem\",\"position\":2,\"name\":\"Alle b\u00f8ker\",\"item\":\"https:\/\/staging.forenteforlag.no\/scandinavian\/butikk\/\"},{\"@type\":\"ListItem\",\"position\":3,\"name\":\"Bl\u00e5fargen fra Modum\"}]},{\"@type\":\"WebSite\",\"@id\":\"https:\/\/staging.forenteforlag.no\/scandinavian\/#website\",\"url\":\"https:\/\/staging.forenteforlag.no\/scandinavian\/\",\"name\":\"Scandinavian Academic Press\",\"description\":\"\",\"publisher\":{\"@id\":\"https:\/\/staging.forenteforlag.no\/scandinavian\/#organization\"},\"potentialAction\":[{\"@type\":\"SearchAction\",\"target\":{\"@type\":\"EntryPoint\",\"urlTemplate\":\"https:\/\/staging.forenteforlag.no\/scandinavian\/?s={search_term_string}\"},\"query-input\":{\"@type\":\"PropertyValueSpecification\",\"valueRequired\":true,\"valueName\":\"search_term_string\"}}],\"inLanguage\":\"nb-NO\"},{\"@type\":\"Organization\",\"@id\":\"https:\/\/staging.forenteforlag.no\/scandinavian\/#organization\",\"name\":\"Scandinavian Academic Press\",\"url\":\"https:\/\/staging.forenteforlag.no\/scandinavian\/\",\"logo\":{\"@type\":\"ImageObject\",\"inLanguage\":\"nb-NO\",\"@id\":\"https:\/\/staging.forenteforlag.no\/scandinavian\/#\/schema\/logo\/image\/\",\"url\":\"https:\/\/staging.forenteforlag.no\/scandinavian\/wp-content\/uploads\/sites\/7\/2024\/09\/SAP_logo-1.svg\",\"contentUrl\":\"https:\/\/staging.forenteforlag.no\/scandinavian\/wp-content\/uploads\/sites\/7\/2024\/09\/SAP_logo-1.svg\",\"width\":4096,\"height\":1300,\"caption\":\"Scandinavian Academic Press\"},\"image\":{\"@id\":\"https:\/\/staging.forenteforlag.no\/scandinavian\/#\/schema\/logo\/image\/\"},\"sameAs\":[\"https:\/\/www.facebook.com\/ScandinavianAcademicPress\"]}]}<\/script>\n<!-- \/ Yoast SEO plugin. -->","yoast_head_json":{"title":"Bl\u00e5fargen fra Modum - Scandinavian Academic Press","robots":{"index":"noindex","follow":"follow","max-snippet":"max-snippet:-1","max-image-preview":"max-image-preview:large","max-video-preview":"max-video-preview:-1"},"og_locale":"nb_NO","og_type":"article","og_title":"Bl\u00e5fargen fra Modum - Scandinavian Academic Press","og_description":"Bl\u00e5farvev\u00e6rket p\u00e5 Modum var Norges st\u00f8rste industribedrift p\u00e5 begynnelsen av 1800-tallet. Blaafarvev\u00e6rket brukte koboltmalm til fremstilling av koboltbl\u00e5tt, som s\u00e6rlig ble benyttet i papir-, porselens- og glassindustrien, og eksporterte st\u00f8rstedelen av produksjonen av bl\u00e5farge til utlandet. I sin storhetstid dekket det 80% av verdensmarkedet for bl\u00e5farge. Bl\u00e5farven fra Modum spilte dermed en viktig rolle i [&hellip;]","og_url":"https:\/\/staging.forenteforlag.no\/scandinavian\/produkt\/blafargen-fra-modum\/","og_site_name":"Scandinavian Academic Press","article_publisher":"https:\/\/www.facebook.com\/ScandinavianAcademicPress","article_modified_time":"2026-03-04T11:23:28+00:00","og_image":[{"width":720,"height":1035,"url":"https:\/\/staging.forenteforlag.no\/scandinavian\/wp-content\/uploads\/sites\/7\/2026\/02\/9788230401286.jpg","type":"image\/jpeg"}],"twitter_card":"summary_large_image","twitter_misc":{"Ansl. lesetid":"1 minutt"},"schema":{"@context":"https:\/\/schema.org","@graph":[{"@type":"WebPage","@id":"https:\/\/staging.forenteforlag.no\/scandinavian\/produkt\/blafargen-fra-modum\/","url":"https:\/\/staging.forenteforlag.no\/scandinavian\/produkt\/blafargen-fra-modum\/","name":"Bl\u00e5fargen fra Modum - Scandinavian Academic Press","isPartOf":{"@id":"https:\/\/staging.forenteforlag.no\/scandinavian\/#website"},"primaryImageOfPage":{"@id":"https:\/\/staging.forenteforlag.no\/scandinavian\/produkt\/blafargen-fra-modum\/#primaryimage"},"image":{"@id":"https:\/\/staging.forenteforlag.no\/scandinavian\/produkt\/blafargen-fra-modum\/#primaryimage"},"thumbnailUrl":"https:\/\/staging.forenteforlag.no\/scandinavian\/wp-content\/uploads\/sites\/7\/2026\/02\/9788230401286.jpg","datePublished":"2014-05-23T00:00:00+00:00","dateModified":"2026-03-04T11:23:28+00:00","breadcrumb":{"@id":"https:\/\/staging.forenteforlag.no\/scandinavian\/produkt\/blafargen-fra-modum\/#breadcrumb"},"inLanguage":"nb-NO","potentialAction":[{"@type":"ReadAction","target":["https:\/\/staging.forenteforlag.no\/scandinavian\/produkt\/blafargen-fra-modum\/"]}]},{"@type":"ImageObject","inLanguage":"nb-NO","@id":"https:\/\/staging.forenteforlag.no\/scandinavian\/produkt\/blafargen-fra-modum\/#primaryimage","url":"https:\/\/staging.forenteforlag.no\/scandinavian\/wp-content\/uploads\/sites\/7\/2026\/02\/9788230401286.jpg","contentUrl":"https:\/\/staging.forenteforlag.no\/scandinavian\/wp-content\/uploads\/sites\/7\/2026\/02\/9788230401286.jpg","width":720,"height":1035},{"@type":"BreadcrumbList","@id":"https:\/\/staging.forenteforlag.no\/scandinavian\/produkt\/blafargen-fra-modum\/#breadcrumb","itemListElement":[{"@type":"ListItem","position":1,"name":"Hjem","item":"https:\/\/staging.forenteforlag.no\/scandinavian\/"},{"@type":"ListItem","position":2,"name":"Alle b\u00f8ker","item":"https:\/\/staging.forenteforlag.no\/scandinavian\/butikk\/"},{"@type":"ListItem","position":3,"name":"Bl\u00e5fargen fra Modum"}]},{"@type":"WebSite","@id":"https:\/\/staging.forenteforlag.no\/scandinavian\/#website","url":"https:\/\/staging.forenteforlag.no\/scandinavian\/","name":"Scandinavian Academic Press","description":"","publisher":{"@id":"https:\/\/staging.forenteforlag.no\/scandinavian\/#organization"},"potentialAction":[{"@type":"SearchAction","target":{"@type":"EntryPoint","urlTemplate":"https:\/\/staging.forenteforlag.no\/scandinavian\/?s={search_term_string}"},"query-input":{"@type":"PropertyValueSpecification","valueRequired":true,"valueName":"search_term_string"}}],"inLanguage":"nb-NO"},{"@type":"Organization","@id":"https:\/\/staging.forenteforlag.no\/scandinavian\/#organization","name":"Scandinavian Academic Press","url":"https:\/\/staging.forenteforlag.no\/scandinavian\/","logo":{"@type":"ImageObject","inLanguage":"nb-NO","@id":"https:\/\/staging.forenteforlag.no\/scandinavian\/#\/schema\/logo\/image\/","url":"https:\/\/staging.forenteforlag.no\/scandinavian\/wp-content\/uploads\/sites\/7\/2024\/09\/SAP_logo-1.svg","contentUrl":"https:\/\/staging.forenteforlag.no\/scandinavian\/wp-content\/uploads\/sites\/7\/2024\/09\/SAP_logo-1.svg","width":4096,"height":1300,"caption":"Scandinavian Academic Press"},"image":{"@id":"https:\/\/staging.forenteforlag.no\/scandinavian\/#\/schema\/logo\/image\/"},"sameAs":["https:\/\/www.facebook.com\/ScandinavianAcademicPress"]}]}},"_links":{"self":[{"href":"https:\/\/staging.forenteforlag.no\/scandinavian\/wp-json\/wp\/v2\/product\/20701","targetHints":{"allow":["GET"]}}],"collection":[{"href":"https:\/\/staging.forenteforlag.no\/scandinavian\/wp-json\/wp\/v2\/product"}],"about":[{"href":"https:\/\/staging.forenteforlag.no\/scandinavian\/wp-json\/wp\/v2\/types\/product"}],"wp:featuredmedia":[{"embeddable":true,"href":"https:\/\/staging.forenteforlag.no\/scandinavian\/wp-json\/wp\/v2\/media\/22694"}],"wp:attachment":[{"href":"https:\/\/staging.forenteforlag.no\/scandinavian\/wp-json\/wp\/v2\/media?parent=20701"}],"wp:term":[{"taxonomy":"product_brand","embeddable":true,"href":"https:\/\/staging.forenteforlag.no\/scandinavian\/wp-json\/wp\/v2\/product_brand?post=20701"},{"taxonomy":"product_cat","embeddable":true,"href":"https:\/\/staging.forenteforlag.no\/scandinavian\/wp-json\/wp\/v2\/product_cat?post=20701"},{"taxonomy":"product_tag","embeddable":true,"href":"https:\/\/staging.forenteforlag.no\/scandinavian\/wp-json\/wp\/v2\/product_tag?post=20701"}],"curies":[{"name":"wp","href":"https:\/\/api.w.org\/{rel}","templated":true}]}}