{"id":20695,"date":"2014-09-24T02:00:00","date_gmt":"2014-09-24T00:00:00","guid":{"rendered":"https:\/\/scandinavianacademicpress.forenteforlag.no\/produkt\/en-pokkers-skrivesyge\/"},"modified":"2026-03-04T12:22:41","modified_gmt":"2026-03-04T11:22:41","slug":"en-pokkers-skrivesyge","status":"publish","type":"product","link":"https:\/\/staging.forenteforlag.no\/scandinavian\/produkt\/en-pokkers-skrivesyge\/","title":{"rendered":"En pokkers skrivesyge"},"content":{"rendered":"<p>\u00abDet er en pokkers Skrive-Syge som har grepet om seg i denne by\u00bb, st\u00e5r det \u00e5 lese i tidsskriftet Tronhiemske Samlinger, fra 1763. Det var et alminnelig hjertesukk i tiden, en reaksjon p\u00e5 den stadig \u00f8kende medieproduksjonen, som s\u00e6rlig kom til uttrykk i de nye tidsskriftene. Ogs\u00e5 Ludvig Holberg beklaget seg over at hvem som helst n\u00e5 kunne ta pennen fatt og &#8216;Agere Autor&#8217;. Tidsskriftene ga nemlig ordet til mange og utvidet dermed rommet for offentlige ytringer.  <\/p>\n<p>Det vokste fram en ny offentlighet p\u00e5 1700-tallet, en hurtigere og diskuterende offentlighet der publikum inntok en aktiv rolle. Et st\u00f8rre mangfold utfoldet seg som ga rom for kritikk, satire og politisk undergravende spott. De nye tekstformene og stemmene som kom til p\u00e5 1700-tallet gjorde dette til en pionertid for utforskning av ytringsfriheten. Diskusjoner om hva man kunne, skulle og burde si og trykke i offentligheten florerte. Det var diskusjoner som h\u00f8rte medierevolusjonen til, &#8211; en medierevolusjon i opplysningens tjeneste. <\/p>\n<p>Tidsskriftene var en drivkraft i offentlighetens ekspansjon. I denne boken forteller vi hvordan dette mediet beveget seg fra Europa til Danmark-Norge, og om hvordan tidsskriftene s\u00f8rget for underholdning, kunnskapsutveksling og debatt i en eneveldig stat med sv\u00e6rt strenge sensurbetingelser. Det er en historie som vil endre mange av de tradisjonelle oppfatningene av hva b\u00e5de enevelde, opplysning og offentlighet dreide seg om &#8211; b\u00e5de i Danmark-Norge og Europa p\u00e5 1700-tallet.<\/p>\n","protected":false},"excerpt":{"rendered":"<p>\u00abDet er en pokkers Skrive-Syge som har grepet om seg i denne by\u00bb, st\u00e5r det \u00e5 lese i tidsskriftet Tronhiemske Samlinger, fra 1763. Det var et alminnelig hjertesukk i tiden, en reaksjon p\u00e5 den stadig \u00f8kende medieproduksjonen, som s\u00e6rlig kom til uttrykk i de nye tidsskriftene. Ogs\u00e5 Ludvig Holberg beklaget seg over at hvem som [&hellip;]<\/p>\n","protected":false},"featured_media":22684,"template":"","meta":{"_acf_changed":false,"inline_featured_image":false},"product_brand":[],"product_cat":[1775],"product_tag":[395,607,585,362,439,1330],"class_list":{"0":"post-20695","1":"product","2":"type-product","3":"status-publish","4":"has-post-thumbnail","6":"product_cat-rabattkodekampanje","7":"product_tag-1700-tallet","8":"product_tag-bedriftshistorie","9":"product_tag-danmark","10":"product_tag-faglitteratur","11":"product_tag-nord-norge","12":"product_tag-tidsskrift","14":"first","15":"instock","16":"shipping-taxable","17":"purchasable","18":"product-type-simple"},"acf":{"anmeldelse":null},"yoast_head":"<!-- This site is optimized with the Yoast SEO plugin v26.6 - https:\/\/yoast.com\/wordpress\/plugins\/seo\/ -->\n<title>En pokkers skrivesyge - Scandinavian Academic Press<\/title>\n<meta name=\"robots\" content=\"noindex, follow, max-snippet:-1, max-image-preview:large, max-video-preview:-1\" \/>\n<meta property=\"og:locale\" content=\"nb_NO\" \/>\n<meta property=\"og:type\" content=\"article\" \/>\n<meta property=\"og:title\" content=\"En pokkers skrivesyge - Scandinavian Academic Press\" \/>\n<meta property=\"og:description\" content=\"\u00abDet er en pokkers Skrive-Syge som har grepet om seg i denne by\u00bb, st\u00e5r det \u00e5 lese i tidsskriftet Tronhiemske Samlinger, fra 1763. Det var et alminnelig hjertesukk i tiden, en reaksjon p\u00e5 den stadig \u00f8kende medieproduksjonen, som s\u00e6rlig kom til uttrykk i de nye tidsskriftene. Ogs\u00e5 Ludvig Holberg beklaget seg over at hvem som [&hellip;]\" \/>\n<meta property=\"og:url\" content=\"https:\/\/staging.forenteforlag.no\/scandinavian\/produkt\/en-pokkers-skrivesyge\/\" \/>\n<meta property=\"og:site_name\" content=\"Scandinavian Academic Press\" \/>\n<meta property=\"article:publisher\" content=\"https:\/\/www.facebook.com\/ScandinavianAcademicPress\" \/>\n<meta property=\"article:modified_time\" content=\"2026-03-04T11:22:41+00:00\" \/>\n<meta property=\"og:image\" content=\"https:\/\/staging.forenteforlag.no\/scandinavian\/wp-content\/uploads\/sites\/7\/2026\/02\/9788230401040.jpg\" \/>\n\t<meta property=\"og:image:width\" content=\"720\" \/>\n\t<meta property=\"og:image:height\" content=\"1017\" \/>\n\t<meta property=\"og:image:type\" content=\"image\/jpeg\" \/>\n<meta name=\"twitter:card\" content=\"summary_large_image\" \/>\n<meta name=\"twitter:label1\" content=\"Ansl. lesetid\" \/>\n\t<meta name=\"twitter:data1\" content=\"1 minutt\" \/>\n<script type=\"application\/ld+json\" class=\"yoast-schema-graph\">{\"@context\":\"https:\/\/schema.org\",\"@graph\":[{\"@type\":\"WebPage\",\"@id\":\"https:\/\/staging.forenteforlag.no\/scandinavian\/produkt\/en-pokkers-skrivesyge\/\",\"url\":\"https:\/\/staging.forenteforlag.no\/scandinavian\/produkt\/en-pokkers-skrivesyge\/\",\"name\":\"En pokkers skrivesyge - Scandinavian Academic Press\",\"isPartOf\":{\"@id\":\"https:\/\/staging.forenteforlag.no\/scandinavian\/#website\"},\"primaryImageOfPage\":{\"@id\":\"https:\/\/staging.forenteforlag.no\/scandinavian\/produkt\/en-pokkers-skrivesyge\/#primaryimage\"},\"image\":{\"@id\":\"https:\/\/staging.forenteforlag.no\/scandinavian\/produkt\/en-pokkers-skrivesyge\/#primaryimage\"},\"thumbnailUrl\":\"https:\/\/staging.forenteforlag.no\/scandinavian\/wp-content\/uploads\/sites\/7\/2026\/02\/9788230401040.jpg\",\"datePublished\":\"2014-09-24T00:00:00+00:00\",\"dateModified\":\"2026-03-04T11:22:41+00:00\",\"breadcrumb\":{\"@id\":\"https:\/\/staging.forenteforlag.no\/scandinavian\/produkt\/en-pokkers-skrivesyge\/#breadcrumb\"},\"inLanguage\":\"nb-NO\",\"potentialAction\":[{\"@type\":\"ReadAction\",\"target\":[\"https:\/\/staging.forenteforlag.no\/scandinavian\/produkt\/en-pokkers-skrivesyge\/\"]}]},{\"@type\":\"ImageObject\",\"inLanguage\":\"nb-NO\",\"@id\":\"https:\/\/staging.forenteforlag.no\/scandinavian\/produkt\/en-pokkers-skrivesyge\/#primaryimage\",\"url\":\"https:\/\/staging.forenteforlag.no\/scandinavian\/wp-content\/uploads\/sites\/7\/2026\/02\/9788230401040.jpg\",\"contentUrl\":\"https:\/\/staging.forenteforlag.no\/scandinavian\/wp-content\/uploads\/sites\/7\/2026\/02\/9788230401040.jpg\",\"width\":720,\"height\":1017},{\"@type\":\"BreadcrumbList\",\"@id\":\"https:\/\/staging.forenteforlag.no\/scandinavian\/produkt\/en-pokkers-skrivesyge\/#breadcrumb\",\"itemListElement\":[{\"@type\":\"ListItem\",\"position\":1,\"name\":\"Hjem\",\"item\":\"https:\/\/staging.forenteforlag.no\/scandinavian\/\"},{\"@type\":\"ListItem\",\"position\":2,\"name\":\"Alle b\u00f8ker\",\"item\":\"https:\/\/staging.forenteforlag.no\/scandinavian\/butikk\/\"},{\"@type\":\"ListItem\",\"position\":3,\"name\":\"En pokkers skrivesyge\"}]},{\"@type\":\"WebSite\",\"@id\":\"https:\/\/staging.forenteforlag.no\/scandinavian\/#website\",\"url\":\"https:\/\/staging.forenteforlag.no\/scandinavian\/\",\"name\":\"Scandinavian Academic Press\",\"description\":\"\",\"publisher\":{\"@id\":\"https:\/\/staging.forenteforlag.no\/scandinavian\/#organization\"},\"potentialAction\":[{\"@type\":\"SearchAction\",\"target\":{\"@type\":\"EntryPoint\",\"urlTemplate\":\"https:\/\/staging.forenteforlag.no\/scandinavian\/?s={search_term_string}\"},\"query-input\":{\"@type\":\"PropertyValueSpecification\",\"valueRequired\":true,\"valueName\":\"search_term_string\"}}],\"inLanguage\":\"nb-NO\"},{\"@type\":\"Organization\",\"@id\":\"https:\/\/staging.forenteforlag.no\/scandinavian\/#organization\",\"name\":\"Scandinavian Academic Press\",\"url\":\"https:\/\/staging.forenteforlag.no\/scandinavian\/\",\"logo\":{\"@type\":\"ImageObject\",\"inLanguage\":\"nb-NO\",\"@id\":\"https:\/\/staging.forenteforlag.no\/scandinavian\/#\/schema\/logo\/image\/\",\"url\":\"https:\/\/staging.forenteforlag.no\/scandinavian\/wp-content\/uploads\/sites\/7\/2024\/09\/SAP_logo-1.svg\",\"contentUrl\":\"https:\/\/staging.forenteforlag.no\/scandinavian\/wp-content\/uploads\/sites\/7\/2024\/09\/SAP_logo-1.svg\",\"width\":4096,\"height\":1300,\"caption\":\"Scandinavian Academic Press\"},\"image\":{\"@id\":\"https:\/\/staging.forenteforlag.no\/scandinavian\/#\/schema\/logo\/image\/\"},\"sameAs\":[\"https:\/\/www.facebook.com\/ScandinavianAcademicPress\"]}]}<\/script>\n<!-- \/ Yoast SEO plugin. -->","yoast_head_json":{"title":"En pokkers skrivesyge - Scandinavian Academic Press","robots":{"index":"noindex","follow":"follow","max-snippet":"max-snippet:-1","max-image-preview":"max-image-preview:large","max-video-preview":"max-video-preview:-1"},"og_locale":"nb_NO","og_type":"article","og_title":"En pokkers skrivesyge - Scandinavian Academic Press","og_description":"\u00abDet er en pokkers Skrive-Syge som har grepet om seg i denne by\u00bb, st\u00e5r det \u00e5 lese i tidsskriftet Tronhiemske Samlinger, fra 1763. Det var et alminnelig hjertesukk i tiden, en reaksjon p\u00e5 den stadig \u00f8kende medieproduksjonen, som s\u00e6rlig kom til uttrykk i de nye tidsskriftene. Ogs\u00e5 Ludvig Holberg beklaget seg over at hvem som [&hellip;]","og_url":"https:\/\/staging.forenteforlag.no\/scandinavian\/produkt\/en-pokkers-skrivesyge\/","og_site_name":"Scandinavian Academic Press","article_publisher":"https:\/\/www.facebook.com\/ScandinavianAcademicPress","article_modified_time":"2026-03-04T11:22:41+00:00","og_image":[{"width":720,"height":1017,"url":"https:\/\/staging.forenteforlag.no\/scandinavian\/wp-content\/uploads\/sites\/7\/2026\/02\/9788230401040.jpg","type":"image\/jpeg"}],"twitter_card":"summary_large_image","twitter_misc":{"Ansl. lesetid":"1 minutt"},"schema":{"@context":"https:\/\/schema.org","@graph":[{"@type":"WebPage","@id":"https:\/\/staging.forenteforlag.no\/scandinavian\/produkt\/en-pokkers-skrivesyge\/","url":"https:\/\/staging.forenteforlag.no\/scandinavian\/produkt\/en-pokkers-skrivesyge\/","name":"En pokkers skrivesyge - Scandinavian Academic Press","isPartOf":{"@id":"https:\/\/staging.forenteforlag.no\/scandinavian\/#website"},"primaryImageOfPage":{"@id":"https:\/\/staging.forenteforlag.no\/scandinavian\/produkt\/en-pokkers-skrivesyge\/#primaryimage"},"image":{"@id":"https:\/\/staging.forenteforlag.no\/scandinavian\/produkt\/en-pokkers-skrivesyge\/#primaryimage"},"thumbnailUrl":"https:\/\/staging.forenteforlag.no\/scandinavian\/wp-content\/uploads\/sites\/7\/2026\/02\/9788230401040.jpg","datePublished":"2014-09-24T00:00:00+00:00","dateModified":"2026-03-04T11:22:41+00:00","breadcrumb":{"@id":"https:\/\/staging.forenteforlag.no\/scandinavian\/produkt\/en-pokkers-skrivesyge\/#breadcrumb"},"inLanguage":"nb-NO","potentialAction":[{"@type":"ReadAction","target":["https:\/\/staging.forenteforlag.no\/scandinavian\/produkt\/en-pokkers-skrivesyge\/"]}]},{"@type":"ImageObject","inLanguage":"nb-NO","@id":"https:\/\/staging.forenteforlag.no\/scandinavian\/produkt\/en-pokkers-skrivesyge\/#primaryimage","url":"https:\/\/staging.forenteforlag.no\/scandinavian\/wp-content\/uploads\/sites\/7\/2026\/02\/9788230401040.jpg","contentUrl":"https:\/\/staging.forenteforlag.no\/scandinavian\/wp-content\/uploads\/sites\/7\/2026\/02\/9788230401040.jpg","width":720,"height":1017},{"@type":"BreadcrumbList","@id":"https:\/\/staging.forenteforlag.no\/scandinavian\/produkt\/en-pokkers-skrivesyge\/#breadcrumb","itemListElement":[{"@type":"ListItem","position":1,"name":"Hjem","item":"https:\/\/staging.forenteforlag.no\/scandinavian\/"},{"@type":"ListItem","position":2,"name":"Alle b\u00f8ker","item":"https:\/\/staging.forenteforlag.no\/scandinavian\/butikk\/"},{"@type":"ListItem","position":3,"name":"En pokkers skrivesyge"}]},{"@type":"WebSite","@id":"https:\/\/staging.forenteforlag.no\/scandinavian\/#website","url":"https:\/\/staging.forenteforlag.no\/scandinavian\/","name":"Scandinavian Academic Press","description":"","publisher":{"@id":"https:\/\/staging.forenteforlag.no\/scandinavian\/#organization"},"potentialAction":[{"@type":"SearchAction","target":{"@type":"EntryPoint","urlTemplate":"https:\/\/staging.forenteforlag.no\/scandinavian\/?s={search_term_string}"},"query-input":{"@type":"PropertyValueSpecification","valueRequired":true,"valueName":"search_term_string"}}],"inLanguage":"nb-NO"},{"@type":"Organization","@id":"https:\/\/staging.forenteforlag.no\/scandinavian\/#organization","name":"Scandinavian Academic Press","url":"https:\/\/staging.forenteforlag.no\/scandinavian\/","logo":{"@type":"ImageObject","inLanguage":"nb-NO","@id":"https:\/\/staging.forenteforlag.no\/scandinavian\/#\/schema\/logo\/image\/","url":"https:\/\/staging.forenteforlag.no\/scandinavian\/wp-content\/uploads\/sites\/7\/2024\/09\/SAP_logo-1.svg","contentUrl":"https:\/\/staging.forenteforlag.no\/scandinavian\/wp-content\/uploads\/sites\/7\/2024\/09\/SAP_logo-1.svg","width":4096,"height":1300,"caption":"Scandinavian Academic Press"},"image":{"@id":"https:\/\/staging.forenteforlag.no\/scandinavian\/#\/schema\/logo\/image\/"},"sameAs":["https:\/\/www.facebook.com\/ScandinavianAcademicPress"]}]}},"_links":{"self":[{"href":"https:\/\/staging.forenteforlag.no\/scandinavian\/wp-json\/wp\/v2\/product\/20695","targetHints":{"allow":["GET"]}}],"collection":[{"href":"https:\/\/staging.forenteforlag.no\/scandinavian\/wp-json\/wp\/v2\/product"}],"about":[{"href":"https:\/\/staging.forenteforlag.no\/scandinavian\/wp-json\/wp\/v2\/types\/product"}],"wp:featuredmedia":[{"embeddable":true,"href":"https:\/\/staging.forenteforlag.no\/scandinavian\/wp-json\/wp\/v2\/media\/22684"}],"wp:attachment":[{"href":"https:\/\/staging.forenteforlag.no\/scandinavian\/wp-json\/wp\/v2\/media?parent=20695"}],"wp:term":[{"taxonomy":"product_brand","embeddable":true,"href":"https:\/\/staging.forenteforlag.no\/scandinavian\/wp-json\/wp\/v2\/product_brand?post=20695"},{"taxonomy":"product_cat","embeddable":true,"href":"https:\/\/staging.forenteforlag.no\/scandinavian\/wp-json\/wp\/v2\/product_cat?post=20695"},{"taxonomy":"product_tag","embeddable":true,"href":"https:\/\/staging.forenteforlag.no\/scandinavian\/wp-json\/wp\/v2\/product_tag?post=20695"}],"curies":[{"name":"wp","href":"https:\/\/api.w.org\/{rel}","templated":true}]}}