{"id":20477,"date":"2023-06-08T02:00:00","date_gmt":"2023-06-08T00:00:00","guid":{"rendered":"https:\/\/scandinavianacademicpress.forenteforlag.no\/produkt\/knuste-drommer\/"},"modified":"2026-03-04T09:29:29","modified_gmt":"2026-03-04T08:29:29","slug":"knuste-drommer","status":"publish","type":"product","link":"https:\/\/staging.forenteforlag.no\/scandinavian\/produkt\/knuste-drommer\/","title":{"rendered":"Knuste dr\u00f8mmer"},"content":{"rendered":"<p>B\u00e5de arbeiderbevegelsen og kirken har i h\u00f8y grad v\u00e6rt med p\u00e5 \u00e5 forme det moderne norske samfunnet. Forholdet mellom dem var ofte anstrengt &#8211; til dels fiendtlig &#8211; i \u00e5rtiene f\u00f8r andre verdenskrig. Under og etter krigen var det mange som dr\u00f8mte om \u00e5 starte p\u00e5 ny frisk, med okkupasjonstidens opplevelser av fellesskap og samarbeid som grunnlag. <\/p>\n<p>Denne boka utforsker hvordan det gikk med disse dr\u00f8mmene. Ulike ambisjoner for det gode samfunnet t\u00f8rnet sammen, og det ble etablert fronter og samarbeidslinjer som har preget norsk samfunnsliv langt inn i det 21. \u00e5rhundre. Mange sp\u00f8rsm\u00e5l stod \u00e5pne p\u00e5 1940- og 1950-tallet. Hvordan skulle Arbeiderpartiet, med flertall p\u00e5 Stortinget, i praksis h\u00e5ndtere statskirken? Skulle den gis st\u00f8rre selvstendighet, eller skulle den snarere brukes som et middel til \u00e5 holde folks uberegnelige religi\u00f8se tilb\u00f8yeligheter under en viss kontroll? Kunne kirken fungere som en statsmaktens samvittighet? Arbeiderpartiets velferdsstatsprosjekt &#8211; var det noe alle m\u00e5tte heie p\u00e5, eller bar det ogs\u00e5 i seg en betenkelig totalit\u00e6r tendens?  <\/p>\n<p>Disse sp\u00f8rsm\u00e5lene er ikke systematisk unders\u00f8kt i full bredde tidligere, og denne framstillingen bygger p\u00e5 nye kildestudier. Boka dekker en sentral del av nyere norsk historie, og er n\u00f8dvendig lesning for alle som vil forst\u00e5 hvordan religion er blitt behandlet politisk og hvilken rolle Den norske kirke spiller i dagens samfunnsliv.<\/p>\n","protected":false},"excerpt":{"rendered":"<p>B\u00e5de arbeiderbevegelsen og kirken har i h\u00f8y grad v\u00e6rt med p\u00e5 \u00e5 forme det moderne norske samfunnet. Forholdet mellom dem var ofte anstrengt &#8211; til dels fiendtlig &#8211; i \u00e5rtiene f\u00f8r andre verdenskrig. Under og etter krigen var det mange som dr\u00f8mte om \u00e5 starte p\u00e5 ny frisk, med okkupasjonstidens opplevelser av fellesskap og samarbeid [&hellip;]<\/p>\n","protected":false},"featured_media":22795,"template":"","meta":{"_acf_changed":false,"inline_featured_image":false},"product_brand":[],"product_cat":[1775],"product_tag":[362,502],"class_list":{"0":"post-20477","1":"product","2":"type-product","3":"status-publish","4":"has-post-thumbnail","6":"product_cat-rabattkodekampanje","7":"product_tag-faglitteratur","8":"product_tag-laereboker-hoyere-utd","10":"first","11":"instock","12":"shipping-taxable","13":"purchasable","14":"product-type-simple"},"acf":{"anmeldelse":null},"yoast_head":"<!-- This site is optimized with the Yoast SEO plugin v26.6 - https:\/\/yoast.com\/wordpress\/plugins\/seo\/ -->\n<title>Knuste dr\u00f8mmer - Scandinavian Academic Press<\/title>\n<meta name=\"robots\" content=\"noindex, follow, max-snippet:-1, max-image-preview:large, max-video-preview:-1\" \/>\n<meta property=\"og:locale\" content=\"nb_NO\" \/>\n<meta property=\"og:type\" content=\"article\" \/>\n<meta property=\"og:title\" content=\"Knuste dr\u00f8mmer - Scandinavian Academic Press\" \/>\n<meta property=\"og:description\" content=\"B\u00e5de arbeiderbevegelsen og kirken har i h\u00f8y grad v\u00e6rt med p\u00e5 \u00e5 forme det moderne norske samfunnet. Forholdet mellom dem var ofte anstrengt &#8211; til dels fiendtlig &#8211; i \u00e5rtiene f\u00f8r andre verdenskrig. Under og etter krigen var det mange som dr\u00f8mte om \u00e5 starte p\u00e5 ny frisk, med okkupasjonstidens opplevelser av fellesskap og samarbeid [&hellip;]\" \/>\n<meta property=\"og:url\" content=\"https:\/\/staging.forenteforlag.no\/scandinavian\/produkt\/knuste-drommer\/\" \/>\n<meta property=\"og:site_name\" content=\"Scandinavian Academic Press\" \/>\n<meta property=\"article:publisher\" content=\"https:\/\/www.facebook.com\/ScandinavianAcademicPress\" \/>\n<meta property=\"article:modified_time\" content=\"2026-03-04T08:29:29+00:00\" \/>\n<meta property=\"og:image\" content=\"https:\/\/staging.forenteforlag.no\/scandinavian\/wp-content\/uploads\/sites\/7\/2026\/02\/9788230403334.jpg\" \/>\n\t<meta property=\"og:image:width\" content=\"720\" \/>\n\t<meta property=\"og:image:height\" content=\"1017\" \/>\n\t<meta property=\"og:image:type\" content=\"image\/jpeg\" \/>\n<meta name=\"twitter:card\" content=\"summary_large_image\" \/>\n<meta name=\"twitter:label1\" content=\"Ansl. lesetid\" \/>\n\t<meta name=\"twitter:data1\" content=\"1 minutt\" \/>\n<script type=\"application\/ld+json\" class=\"yoast-schema-graph\">{\"@context\":\"https:\/\/schema.org\",\"@graph\":[{\"@type\":\"WebPage\",\"@id\":\"https:\/\/staging.forenteforlag.no\/scandinavian\/produkt\/knuste-drommer\/\",\"url\":\"https:\/\/staging.forenteforlag.no\/scandinavian\/produkt\/knuste-drommer\/\",\"name\":\"Knuste dr\u00f8mmer - Scandinavian Academic Press\",\"isPartOf\":{\"@id\":\"https:\/\/staging.forenteforlag.no\/scandinavian\/#website\"},\"primaryImageOfPage\":{\"@id\":\"https:\/\/staging.forenteforlag.no\/scandinavian\/produkt\/knuste-drommer\/#primaryimage\"},\"image\":{\"@id\":\"https:\/\/staging.forenteforlag.no\/scandinavian\/produkt\/knuste-drommer\/#primaryimage\"},\"thumbnailUrl\":\"https:\/\/staging.forenteforlag.no\/scandinavian\/wp-content\/uploads\/sites\/7\/2026\/02\/9788230403334.jpg\",\"datePublished\":\"2023-06-08T00:00:00+00:00\",\"dateModified\":\"2026-03-04T08:29:29+00:00\",\"breadcrumb\":{\"@id\":\"https:\/\/staging.forenteforlag.no\/scandinavian\/produkt\/knuste-drommer\/#breadcrumb\"},\"inLanguage\":\"nb-NO\",\"potentialAction\":[{\"@type\":\"ReadAction\",\"target\":[\"https:\/\/staging.forenteforlag.no\/scandinavian\/produkt\/knuste-drommer\/\"]}]},{\"@type\":\"ImageObject\",\"inLanguage\":\"nb-NO\",\"@id\":\"https:\/\/staging.forenteforlag.no\/scandinavian\/produkt\/knuste-drommer\/#primaryimage\",\"url\":\"https:\/\/staging.forenteforlag.no\/scandinavian\/wp-content\/uploads\/sites\/7\/2026\/02\/9788230403334.jpg\",\"contentUrl\":\"https:\/\/staging.forenteforlag.no\/scandinavian\/wp-content\/uploads\/sites\/7\/2026\/02\/9788230403334.jpg\",\"width\":720,\"height\":1017},{\"@type\":\"BreadcrumbList\",\"@id\":\"https:\/\/staging.forenteforlag.no\/scandinavian\/produkt\/knuste-drommer\/#breadcrumb\",\"itemListElement\":[{\"@type\":\"ListItem\",\"position\":1,\"name\":\"Hjem\",\"item\":\"https:\/\/staging.forenteforlag.no\/scandinavian\/\"},{\"@type\":\"ListItem\",\"position\":2,\"name\":\"Alle b\u00f8ker\",\"item\":\"https:\/\/staging.forenteforlag.no\/scandinavian\/butikk\/\"},{\"@type\":\"ListItem\",\"position\":3,\"name\":\"Knuste dr\u00f8mmer\"}]},{\"@type\":\"WebSite\",\"@id\":\"https:\/\/staging.forenteforlag.no\/scandinavian\/#website\",\"url\":\"https:\/\/staging.forenteforlag.no\/scandinavian\/\",\"name\":\"Scandinavian Academic Press\",\"description\":\"\",\"publisher\":{\"@id\":\"https:\/\/staging.forenteforlag.no\/scandinavian\/#organization\"},\"potentialAction\":[{\"@type\":\"SearchAction\",\"target\":{\"@type\":\"EntryPoint\",\"urlTemplate\":\"https:\/\/staging.forenteforlag.no\/scandinavian\/?s={search_term_string}\"},\"query-input\":{\"@type\":\"PropertyValueSpecification\",\"valueRequired\":true,\"valueName\":\"search_term_string\"}}],\"inLanguage\":\"nb-NO\"},{\"@type\":\"Organization\",\"@id\":\"https:\/\/staging.forenteforlag.no\/scandinavian\/#organization\",\"name\":\"Scandinavian Academic Press\",\"url\":\"https:\/\/staging.forenteforlag.no\/scandinavian\/\",\"logo\":{\"@type\":\"ImageObject\",\"inLanguage\":\"nb-NO\",\"@id\":\"https:\/\/staging.forenteforlag.no\/scandinavian\/#\/schema\/logo\/image\/\",\"url\":\"https:\/\/staging.forenteforlag.no\/scandinavian\/wp-content\/uploads\/sites\/7\/2024\/09\/SAP_logo-1.svg\",\"contentUrl\":\"https:\/\/staging.forenteforlag.no\/scandinavian\/wp-content\/uploads\/sites\/7\/2024\/09\/SAP_logo-1.svg\",\"width\":4096,\"height\":1300,\"caption\":\"Scandinavian Academic Press\"},\"image\":{\"@id\":\"https:\/\/staging.forenteforlag.no\/scandinavian\/#\/schema\/logo\/image\/\"},\"sameAs\":[\"https:\/\/www.facebook.com\/ScandinavianAcademicPress\"]}]}<\/script>\n<!-- \/ Yoast SEO plugin. -->","yoast_head_json":{"title":"Knuste dr\u00f8mmer - Scandinavian Academic Press","robots":{"index":"noindex","follow":"follow","max-snippet":"max-snippet:-1","max-image-preview":"max-image-preview:large","max-video-preview":"max-video-preview:-1"},"og_locale":"nb_NO","og_type":"article","og_title":"Knuste dr\u00f8mmer - Scandinavian Academic Press","og_description":"B\u00e5de arbeiderbevegelsen og kirken har i h\u00f8y grad v\u00e6rt med p\u00e5 \u00e5 forme det moderne norske samfunnet. Forholdet mellom dem var ofte anstrengt &#8211; til dels fiendtlig &#8211; i \u00e5rtiene f\u00f8r andre verdenskrig. Under og etter krigen var det mange som dr\u00f8mte om \u00e5 starte p\u00e5 ny frisk, med okkupasjonstidens opplevelser av fellesskap og samarbeid [&hellip;]","og_url":"https:\/\/staging.forenteforlag.no\/scandinavian\/produkt\/knuste-drommer\/","og_site_name":"Scandinavian Academic Press","article_publisher":"https:\/\/www.facebook.com\/ScandinavianAcademicPress","article_modified_time":"2026-03-04T08:29:29+00:00","og_image":[{"width":720,"height":1017,"url":"https:\/\/staging.forenteforlag.no\/scandinavian\/wp-content\/uploads\/sites\/7\/2026\/02\/9788230403334.jpg","type":"image\/jpeg"}],"twitter_card":"summary_large_image","twitter_misc":{"Ansl. lesetid":"1 minutt"},"schema":{"@context":"https:\/\/schema.org","@graph":[{"@type":"WebPage","@id":"https:\/\/staging.forenteforlag.no\/scandinavian\/produkt\/knuste-drommer\/","url":"https:\/\/staging.forenteforlag.no\/scandinavian\/produkt\/knuste-drommer\/","name":"Knuste dr\u00f8mmer - Scandinavian Academic Press","isPartOf":{"@id":"https:\/\/staging.forenteforlag.no\/scandinavian\/#website"},"primaryImageOfPage":{"@id":"https:\/\/staging.forenteforlag.no\/scandinavian\/produkt\/knuste-drommer\/#primaryimage"},"image":{"@id":"https:\/\/staging.forenteforlag.no\/scandinavian\/produkt\/knuste-drommer\/#primaryimage"},"thumbnailUrl":"https:\/\/staging.forenteforlag.no\/scandinavian\/wp-content\/uploads\/sites\/7\/2026\/02\/9788230403334.jpg","datePublished":"2023-06-08T00:00:00+00:00","dateModified":"2026-03-04T08:29:29+00:00","breadcrumb":{"@id":"https:\/\/staging.forenteforlag.no\/scandinavian\/produkt\/knuste-drommer\/#breadcrumb"},"inLanguage":"nb-NO","potentialAction":[{"@type":"ReadAction","target":["https:\/\/staging.forenteforlag.no\/scandinavian\/produkt\/knuste-drommer\/"]}]},{"@type":"ImageObject","inLanguage":"nb-NO","@id":"https:\/\/staging.forenteforlag.no\/scandinavian\/produkt\/knuste-drommer\/#primaryimage","url":"https:\/\/staging.forenteforlag.no\/scandinavian\/wp-content\/uploads\/sites\/7\/2026\/02\/9788230403334.jpg","contentUrl":"https:\/\/staging.forenteforlag.no\/scandinavian\/wp-content\/uploads\/sites\/7\/2026\/02\/9788230403334.jpg","width":720,"height":1017},{"@type":"BreadcrumbList","@id":"https:\/\/staging.forenteforlag.no\/scandinavian\/produkt\/knuste-drommer\/#breadcrumb","itemListElement":[{"@type":"ListItem","position":1,"name":"Hjem","item":"https:\/\/staging.forenteforlag.no\/scandinavian\/"},{"@type":"ListItem","position":2,"name":"Alle b\u00f8ker","item":"https:\/\/staging.forenteforlag.no\/scandinavian\/butikk\/"},{"@type":"ListItem","position":3,"name":"Knuste dr\u00f8mmer"}]},{"@type":"WebSite","@id":"https:\/\/staging.forenteforlag.no\/scandinavian\/#website","url":"https:\/\/staging.forenteforlag.no\/scandinavian\/","name":"Scandinavian Academic Press","description":"","publisher":{"@id":"https:\/\/staging.forenteforlag.no\/scandinavian\/#organization"},"potentialAction":[{"@type":"SearchAction","target":{"@type":"EntryPoint","urlTemplate":"https:\/\/staging.forenteforlag.no\/scandinavian\/?s={search_term_string}"},"query-input":{"@type":"PropertyValueSpecification","valueRequired":true,"valueName":"search_term_string"}}],"inLanguage":"nb-NO"},{"@type":"Organization","@id":"https:\/\/staging.forenteforlag.no\/scandinavian\/#organization","name":"Scandinavian Academic Press","url":"https:\/\/staging.forenteforlag.no\/scandinavian\/","logo":{"@type":"ImageObject","inLanguage":"nb-NO","@id":"https:\/\/staging.forenteforlag.no\/scandinavian\/#\/schema\/logo\/image\/","url":"https:\/\/staging.forenteforlag.no\/scandinavian\/wp-content\/uploads\/sites\/7\/2024\/09\/SAP_logo-1.svg","contentUrl":"https:\/\/staging.forenteforlag.no\/scandinavian\/wp-content\/uploads\/sites\/7\/2024\/09\/SAP_logo-1.svg","width":4096,"height":1300,"caption":"Scandinavian Academic Press"},"image":{"@id":"https:\/\/staging.forenteforlag.no\/scandinavian\/#\/schema\/logo\/image\/"},"sameAs":["https:\/\/www.facebook.com\/ScandinavianAcademicPress"]}]}},"_links":{"self":[{"href":"https:\/\/staging.forenteforlag.no\/scandinavian\/wp-json\/wp\/v2\/product\/20477","targetHints":{"allow":["GET"]}}],"collection":[{"href":"https:\/\/staging.forenteforlag.no\/scandinavian\/wp-json\/wp\/v2\/product"}],"about":[{"href":"https:\/\/staging.forenteforlag.no\/scandinavian\/wp-json\/wp\/v2\/types\/product"}],"wp:featuredmedia":[{"embeddable":true,"href":"https:\/\/staging.forenteforlag.no\/scandinavian\/wp-json\/wp\/v2\/media\/22795"}],"wp:attachment":[{"href":"https:\/\/staging.forenteforlag.no\/scandinavian\/wp-json\/wp\/v2\/media?parent=20477"}],"wp:term":[{"taxonomy":"product_brand","embeddable":true,"href":"https:\/\/staging.forenteforlag.no\/scandinavian\/wp-json\/wp\/v2\/product_brand?post=20477"},{"taxonomy":"product_cat","embeddable":true,"href":"https:\/\/staging.forenteforlag.no\/scandinavian\/wp-json\/wp\/v2\/product_cat?post=20477"},{"taxonomy":"product_tag","embeddable":true,"href":"https:\/\/staging.forenteforlag.no\/scandinavian\/wp-json\/wp\/v2\/product_tag?post=20477"}],"curies":[{"name":"wp","href":"https:\/\/api.w.org\/{rel}","templated":true}]}}