{"id":20443,"date":"2021-01-26T01:00:00","date_gmt":"2021-01-26T00:00:00","guid":{"rendered":"https:\/\/scandinavianacademicpress.forenteforlag.no\/produkt\/ho-sette-seg-sjov-te-styre\/"},"modified":"2026-03-04T09:28:41","modified_gmt":"2026-03-04T08:28:41","slug":"ho-sette-seg-sjov-te-styre","status":"publish","type":"product","link":"https:\/\/staging.forenteforlag.no\/scandinavian\/produkt\/ho-sette-seg-sjov-te-styre\/","title":{"rendered":"Ho sette seg sjov te styre"},"content":{"rendered":"<p>Kvifor og korleis har ulike variantar av balladar utvikla seg til eit slikt mangfald av variasjonar over tid og rom som dei har i ulike nordiske milj\u00f8? Kva seier m\u00e5ten dei framstiller kvinna om det milj\u00f8et dei sprang ut fr\u00e5? <\/p>\n<p>Variantane kan vere skrivne ned med fleire hundre \u00e5rs mellomrom, av unge adelsmenn og ikkje minst adelskvinner i Danmark p\u00e5 1500-1600-talet, av prestar p\u00e5 Island p\u00e5 1600-talet, av folkeminnesamlarar i alle dei nordiske landa p\u00e5 1800-talet. Dei balladane vi har i dag, kjem til oss som eit mangstemt kor, der vi i alle fall delvis kan skilje mellom stemmene til den opphavlege diktaren og stemmene til tradisjonsberarane som har sunge gjennom hundre\u00e5ra. S\u00e5leis har den munnleg overf\u00f8rte balladen tatt opp i seg trekk fr\u00e5 ulike tider. Der tradisjonsstoffet har gjeve gjenklang i milj\u00f8et, har truleg ogs\u00e5 drag fr\u00e5 gamal, opphavleg ideologi blitt st\u00e5ande.<\/p>\n","protected":false},"excerpt":{"rendered":"<p>Kvifor og korleis har ulike variantar av balladar utvikla seg til eit slikt mangfald av variasjonar over tid og rom som dei har i ulike nordiske milj\u00f8? Kva seier m\u00e5ten dei framstiller kvinna om det milj\u00f8et dei sprang ut fr\u00e5? Variantane kan vere skrivne ned med fleire hundre \u00e5rs mellomrom, av unge adelsmenn og ikkje [&hellip;]<\/p>\n","protected":false},"featured_media":22773,"template":"","meta":{"_acf_changed":false,"inline_featured_image":false},"product_brand":[],"product_cat":[1775],"product_tag":[362,502],"class_list":{"0":"post-20443","1":"product","2":"type-product","3":"status-publish","4":"has-post-thumbnail","6":"product_cat-rabattkodekampanje","7":"product_tag-faglitteratur","8":"product_tag-laereboker-hoyere-utd","10":"first","11":"instock","12":"shipping-taxable","13":"purchasable","14":"product-type-simple"},"acf":{"anmeldelse":null},"yoast_head":"<!-- This site is optimized with the Yoast SEO plugin v26.6 - https:\/\/yoast.com\/wordpress\/plugins\/seo\/ -->\n<title>Ho sette seg sjov te styre - Scandinavian Academic Press<\/title>\n<meta name=\"robots\" content=\"noindex, follow, max-snippet:-1, max-image-preview:large, max-video-preview:-1\" \/>\n<meta property=\"og:locale\" content=\"nb_NO\" \/>\n<meta property=\"og:type\" content=\"article\" \/>\n<meta property=\"og:title\" content=\"Ho sette seg sjov te styre - Scandinavian Academic Press\" \/>\n<meta property=\"og:description\" content=\"Kvifor og korleis har ulike variantar av balladar utvikla seg til eit slikt mangfald av variasjonar over tid og rom som dei har i ulike nordiske milj\u00f8? Kva seier m\u00e5ten dei framstiller kvinna om det milj\u00f8et dei sprang ut fr\u00e5? Variantane kan vere skrivne ned med fleire hundre \u00e5rs mellomrom, av unge adelsmenn og ikkje [&hellip;]\" \/>\n<meta property=\"og:url\" content=\"https:\/\/staging.forenteforlag.no\/scandinavian\/produkt\/ho-sette-seg-sjov-te-styre\/\" \/>\n<meta property=\"og:site_name\" content=\"Scandinavian Academic Press\" \/>\n<meta property=\"article:publisher\" content=\"https:\/\/www.facebook.com\/ScandinavianAcademicPress\" \/>\n<meta property=\"article:modified_time\" content=\"2026-03-04T08:28:41+00:00\" \/>\n<meta property=\"og:image\" content=\"https:\/\/staging.forenteforlag.no\/scandinavian\/wp-content\/uploads\/sites\/7\/2026\/02\/9788230402832.jpg\" \/>\n\t<meta property=\"og:image:width\" content=\"720\" \/>\n\t<meta property=\"og:image:height\" content=\"1095\" \/>\n\t<meta property=\"og:image:type\" content=\"image\/jpeg\" \/>\n<meta name=\"twitter:card\" content=\"summary_large_image\" \/>\n<meta name=\"twitter:label1\" content=\"Ansl. lesetid\" \/>\n\t<meta name=\"twitter:data1\" content=\"1 minutt\" \/>\n<script type=\"application\/ld+json\" class=\"yoast-schema-graph\">{\"@context\":\"https:\/\/schema.org\",\"@graph\":[{\"@type\":\"WebPage\",\"@id\":\"https:\/\/staging.forenteforlag.no\/scandinavian\/produkt\/ho-sette-seg-sjov-te-styre\/\",\"url\":\"https:\/\/staging.forenteforlag.no\/scandinavian\/produkt\/ho-sette-seg-sjov-te-styre\/\",\"name\":\"Ho sette seg sjov te styre - Scandinavian Academic Press\",\"isPartOf\":{\"@id\":\"https:\/\/staging.forenteforlag.no\/scandinavian\/#website\"},\"primaryImageOfPage\":{\"@id\":\"https:\/\/staging.forenteforlag.no\/scandinavian\/produkt\/ho-sette-seg-sjov-te-styre\/#primaryimage\"},\"image\":{\"@id\":\"https:\/\/staging.forenteforlag.no\/scandinavian\/produkt\/ho-sette-seg-sjov-te-styre\/#primaryimage\"},\"thumbnailUrl\":\"https:\/\/staging.forenteforlag.no\/scandinavian\/wp-content\/uploads\/sites\/7\/2026\/02\/9788230402832.jpg\",\"datePublished\":\"2021-01-26T00:00:00+00:00\",\"dateModified\":\"2026-03-04T08:28:41+00:00\",\"breadcrumb\":{\"@id\":\"https:\/\/staging.forenteforlag.no\/scandinavian\/produkt\/ho-sette-seg-sjov-te-styre\/#breadcrumb\"},\"inLanguage\":\"nb-NO\",\"potentialAction\":[{\"@type\":\"ReadAction\",\"target\":[\"https:\/\/staging.forenteforlag.no\/scandinavian\/produkt\/ho-sette-seg-sjov-te-styre\/\"]}]},{\"@type\":\"ImageObject\",\"inLanguage\":\"nb-NO\",\"@id\":\"https:\/\/staging.forenteforlag.no\/scandinavian\/produkt\/ho-sette-seg-sjov-te-styre\/#primaryimage\",\"url\":\"https:\/\/staging.forenteforlag.no\/scandinavian\/wp-content\/uploads\/sites\/7\/2026\/02\/9788230402832.jpg\",\"contentUrl\":\"https:\/\/staging.forenteforlag.no\/scandinavian\/wp-content\/uploads\/sites\/7\/2026\/02\/9788230402832.jpg\",\"width\":720,\"height\":1095},{\"@type\":\"BreadcrumbList\",\"@id\":\"https:\/\/staging.forenteforlag.no\/scandinavian\/produkt\/ho-sette-seg-sjov-te-styre\/#breadcrumb\",\"itemListElement\":[{\"@type\":\"ListItem\",\"position\":1,\"name\":\"Hjem\",\"item\":\"https:\/\/staging.forenteforlag.no\/scandinavian\/\"},{\"@type\":\"ListItem\",\"position\":2,\"name\":\"Alle b\u00f8ker\",\"item\":\"https:\/\/staging.forenteforlag.no\/scandinavian\/butikk\/\"},{\"@type\":\"ListItem\",\"position\":3,\"name\":\"Ho sette seg sjov te styre\"}]},{\"@type\":\"WebSite\",\"@id\":\"https:\/\/staging.forenteforlag.no\/scandinavian\/#website\",\"url\":\"https:\/\/staging.forenteforlag.no\/scandinavian\/\",\"name\":\"Scandinavian Academic Press\",\"description\":\"\",\"publisher\":{\"@id\":\"https:\/\/staging.forenteforlag.no\/scandinavian\/#organization\"},\"potentialAction\":[{\"@type\":\"SearchAction\",\"target\":{\"@type\":\"EntryPoint\",\"urlTemplate\":\"https:\/\/staging.forenteforlag.no\/scandinavian\/?s={search_term_string}\"},\"query-input\":{\"@type\":\"PropertyValueSpecification\",\"valueRequired\":true,\"valueName\":\"search_term_string\"}}],\"inLanguage\":\"nb-NO\"},{\"@type\":\"Organization\",\"@id\":\"https:\/\/staging.forenteforlag.no\/scandinavian\/#organization\",\"name\":\"Scandinavian Academic Press\",\"url\":\"https:\/\/staging.forenteforlag.no\/scandinavian\/\",\"logo\":{\"@type\":\"ImageObject\",\"inLanguage\":\"nb-NO\",\"@id\":\"https:\/\/staging.forenteforlag.no\/scandinavian\/#\/schema\/logo\/image\/\",\"url\":\"https:\/\/staging.forenteforlag.no\/scandinavian\/wp-content\/uploads\/sites\/7\/2024\/09\/SAP_logo-1.svg\",\"contentUrl\":\"https:\/\/staging.forenteforlag.no\/scandinavian\/wp-content\/uploads\/sites\/7\/2024\/09\/SAP_logo-1.svg\",\"width\":4096,\"height\":1300,\"caption\":\"Scandinavian Academic Press\"},\"image\":{\"@id\":\"https:\/\/staging.forenteforlag.no\/scandinavian\/#\/schema\/logo\/image\/\"},\"sameAs\":[\"https:\/\/www.facebook.com\/ScandinavianAcademicPress\"]}]}<\/script>\n<!-- \/ Yoast SEO plugin. -->","yoast_head_json":{"title":"Ho sette seg sjov te styre - Scandinavian Academic Press","robots":{"index":"noindex","follow":"follow","max-snippet":"max-snippet:-1","max-image-preview":"max-image-preview:large","max-video-preview":"max-video-preview:-1"},"og_locale":"nb_NO","og_type":"article","og_title":"Ho sette seg sjov te styre - Scandinavian Academic Press","og_description":"Kvifor og korleis har ulike variantar av balladar utvikla seg til eit slikt mangfald av variasjonar over tid og rom som dei har i ulike nordiske milj\u00f8? Kva seier m\u00e5ten dei framstiller kvinna om det milj\u00f8et dei sprang ut fr\u00e5? Variantane kan vere skrivne ned med fleire hundre \u00e5rs mellomrom, av unge adelsmenn og ikkje [&hellip;]","og_url":"https:\/\/staging.forenteforlag.no\/scandinavian\/produkt\/ho-sette-seg-sjov-te-styre\/","og_site_name":"Scandinavian Academic Press","article_publisher":"https:\/\/www.facebook.com\/ScandinavianAcademicPress","article_modified_time":"2026-03-04T08:28:41+00:00","og_image":[{"width":720,"height":1095,"url":"https:\/\/staging.forenteforlag.no\/scandinavian\/wp-content\/uploads\/sites\/7\/2026\/02\/9788230402832.jpg","type":"image\/jpeg"}],"twitter_card":"summary_large_image","twitter_misc":{"Ansl. lesetid":"1 minutt"},"schema":{"@context":"https:\/\/schema.org","@graph":[{"@type":"WebPage","@id":"https:\/\/staging.forenteforlag.no\/scandinavian\/produkt\/ho-sette-seg-sjov-te-styre\/","url":"https:\/\/staging.forenteforlag.no\/scandinavian\/produkt\/ho-sette-seg-sjov-te-styre\/","name":"Ho sette seg sjov te styre - Scandinavian Academic Press","isPartOf":{"@id":"https:\/\/staging.forenteforlag.no\/scandinavian\/#website"},"primaryImageOfPage":{"@id":"https:\/\/staging.forenteforlag.no\/scandinavian\/produkt\/ho-sette-seg-sjov-te-styre\/#primaryimage"},"image":{"@id":"https:\/\/staging.forenteforlag.no\/scandinavian\/produkt\/ho-sette-seg-sjov-te-styre\/#primaryimage"},"thumbnailUrl":"https:\/\/staging.forenteforlag.no\/scandinavian\/wp-content\/uploads\/sites\/7\/2026\/02\/9788230402832.jpg","datePublished":"2021-01-26T00:00:00+00:00","dateModified":"2026-03-04T08:28:41+00:00","breadcrumb":{"@id":"https:\/\/staging.forenteforlag.no\/scandinavian\/produkt\/ho-sette-seg-sjov-te-styre\/#breadcrumb"},"inLanguage":"nb-NO","potentialAction":[{"@type":"ReadAction","target":["https:\/\/staging.forenteforlag.no\/scandinavian\/produkt\/ho-sette-seg-sjov-te-styre\/"]}]},{"@type":"ImageObject","inLanguage":"nb-NO","@id":"https:\/\/staging.forenteforlag.no\/scandinavian\/produkt\/ho-sette-seg-sjov-te-styre\/#primaryimage","url":"https:\/\/staging.forenteforlag.no\/scandinavian\/wp-content\/uploads\/sites\/7\/2026\/02\/9788230402832.jpg","contentUrl":"https:\/\/staging.forenteforlag.no\/scandinavian\/wp-content\/uploads\/sites\/7\/2026\/02\/9788230402832.jpg","width":720,"height":1095},{"@type":"BreadcrumbList","@id":"https:\/\/staging.forenteforlag.no\/scandinavian\/produkt\/ho-sette-seg-sjov-te-styre\/#breadcrumb","itemListElement":[{"@type":"ListItem","position":1,"name":"Hjem","item":"https:\/\/staging.forenteforlag.no\/scandinavian\/"},{"@type":"ListItem","position":2,"name":"Alle b\u00f8ker","item":"https:\/\/staging.forenteforlag.no\/scandinavian\/butikk\/"},{"@type":"ListItem","position":3,"name":"Ho sette seg sjov te styre"}]},{"@type":"WebSite","@id":"https:\/\/staging.forenteforlag.no\/scandinavian\/#website","url":"https:\/\/staging.forenteforlag.no\/scandinavian\/","name":"Scandinavian Academic Press","description":"","publisher":{"@id":"https:\/\/staging.forenteforlag.no\/scandinavian\/#organization"},"potentialAction":[{"@type":"SearchAction","target":{"@type":"EntryPoint","urlTemplate":"https:\/\/staging.forenteforlag.no\/scandinavian\/?s={search_term_string}"},"query-input":{"@type":"PropertyValueSpecification","valueRequired":true,"valueName":"search_term_string"}}],"inLanguage":"nb-NO"},{"@type":"Organization","@id":"https:\/\/staging.forenteforlag.no\/scandinavian\/#organization","name":"Scandinavian Academic Press","url":"https:\/\/staging.forenteforlag.no\/scandinavian\/","logo":{"@type":"ImageObject","inLanguage":"nb-NO","@id":"https:\/\/staging.forenteforlag.no\/scandinavian\/#\/schema\/logo\/image\/","url":"https:\/\/staging.forenteforlag.no\/scandinavian\/wp-content\/uploads\/sites\/7\/2024\/09\/SAP_logo-1.svg","contentUrl":"https:\/\/staging.forenteforlag.no\/scandinavian\/wp-content\/uploads\/sites\/7\/2024\/09\/SAP_logo-1.svg","width":4096,"height":1300,"caption":"Scandinavian Academic Press"},"image":{"@id":"https:\/\/staging.forenteforlag.no\/scandinavian\/#\/schema\/logo\/image\/"},"sameAs":["https:\/\/www.facebook.com\/ScandinavianAcademicPress"]}]}},"_links":{"self":[{"href":"https:\/\/staging.forenteforlag.no\/scandinavian\/wp-json\/wp\/v2\/product\/20443","targetHints":{"allow":["GET"]}}],"collection":[{"href":"https:\/\/staging.forenteforlag.no\/scandinavian\/wp-json\/wp\/v2\/product"}],"about":[{"href":"https:\/\/staging.forenteforlag.no\/scandinavian\/wp-json\/wp\/v2\/types\/product"}],"wp:featuredmedia":[{"embeddable":true,"href":"https:\/\/staging.forenteforlag.no\/scandinavian\/wp-json\/wp\/v2\/media\/22773"}],"wp:attachment":[{"href":"https:\/\/staging.forenteforlag.no\/scandinavian\/wp-json\/wp\/v2\/media?parent=20443"}],"wp:term":[{"taxonomy":"product_brand","embeddable":true,"href":"https:\/\/staging.forenteforlag.no\/scandinavian\/wp-json\/wp\/v2\/product_brand?post=20443"},{"taxonomy":"product_cat","embeddable":true,"href":"https:\/\/staging.forenteforlag.no\/scandinavian\/wp-json\/wp\/v2\/product_cat?post=20443"},{"taxonomy":"product_tag","embeddable":true,"href":"https:\/\/staging.forenteforlag.no\/scandinavian\/wp-json\/wp\/v2\/product_tag?post=20443"}],"curies":[{"name":"wp","href":"https:\/\/api.w.org\/{rel}","templated":true}]}}