{"id":20435,"date":"2020-10-20T02:00:00","date_gmt":"2020-10-20T00:00:00","guid":{"rendered":"https:\/\/scandinavianacademicpress.forenteforlag.no\/produkt\/muxe\/"},"modified":"2026-03-04T09:28:25","modified_gmt":"2026-03-04T08:28:25","slug":"muxe","status":"publish","type":"product","link":"https:\/\/staging.forenteforlag.no\/scandinavian\/produkt\/muxe\/","title":{"rendered":"\u00a1Muxe!"},"content":{"rendered":"<p>Denne boka handlar om genussystemet i Istmo de Tehuantepec. Dette systemet er ein variant av dei fleirgenussystema som fanst over heile Amerika f\u00f8r den europeiske erobringa. \u00c5rsakene til at det har overlevd der, ligg i dei \u00f8konomiske og politiske djupstrukturane og ikkje minst i habitusen og den sterke sosiale posisjonen til kvinnene.  <\/p>\n<p>Kj\u00f8nn, genus og seksualitet er eit dynamisk felt i moderne samfunn, og systemet endrar seg raskt ogs\u00e5 i istmoen. Den tradisjonelle seksualkulturen blir utfordra p\u00e5 brei front av nye grupper med homoseksuelle menn av den globale typen, av endringar i kvinnerolla, og av mogelegheita for kj\u00f8nnsstadfestande kirurgi.  <\/p>\n<p>Men istmoen har framleis ei gruppe transgenusmenn med ei trygg forankring i ei genusblanda rolle som sosiale kvinner utan at dei blir til kvinner. S\u00e5leis er omr\u00e5det eit fascinerande d\u00f8me p\u00e5 eit samfunn med heilt andre strategiar enn v\u00e5rt for \u00e5 romme menn som vil stige ut av maskuliniteten.<\/p>\n","protected":false},"excerpt":{"rendered":"<p>Denne boka handlar om genussystemet i Istmo de Tehuantepec. Dette systemet er ein variant av dei fleirgenussystema som fanst over heile Amerika f\u00f8r den europeiske erobringa. \u00c5rsakene til at det har overlevd der, ligg i dei \u00f8konomiske og politiske djupstrukturane og ikkje minst i habitusen og den sterke sosiale posisjonen til kvinnene. Kj\u00f8nn, genus og [&hellip;]<\/p>\n","protected":false},"featured_media":22623,"template":"","meta":{"_acf_changed":false,"inline_featured_image":false},"product_brand":[],"product_cat":[1775],"product_tag":[362,502],"class_list":{"0":"post-20435","1":"product","2":"type-product","3":"status-publish","4":"has-post-thumbnail","6":"product_cat-rabattkodekampanje","7":"product_tag-faglitteratur","8":"product_tag-laereboker-hoyere-utd","10":"first","11":"instock","12":"shipping-taxable","13":"purchasable","14":"product-type-simple"},"acf":{"anmeldelse":null},"yoast_head":"<!-- This site is optimized with the Yoast SEO plugin v26.6 - https:\/\/yoast.com\/wordpress\/plugins\/seo\/ -->\n<title>\u00a1Muxe! - Scandinavian Academic Press<\/title>\n<meta name=\"robots\" content=\"noindex, follow, max-snippet:-1, max-image-preview:large, max-video-preview:-1\" \/>\n<meta property=\"og:locale\" content=\"nb_NO\" \/>\n<meta property=\"og:type\" content=\"article\" \/>\n<meta property=\"og:title\" content=\"\u00a1Muxe! - Scandinavian Academic Press\" \/>\n<meta property=\"og:description\" content=\"Denne boka handlar om genussystemet i Istmo de Tehuantepec. Dette systemet er ein variant av dei fleirgenussystema som fanst over heile Amerika f\u00f8r den europeiske erobringa. \u00c5rsakene til at det har overlevd der, ligg i dei \u00f8konomiske og politiske djupstrukturane og ikkje minst i habitusen og den sterke sosiale posisjonen til kvinnene. Kj\u00f8nn, genus og [&hellip;]\" \/>\n<meta property=\"og:url\" content=\"https:\/\/staging.forenteforlag.no\/scandinavian\/produkt\/muxe\/\" \/>\n<meta property=\"og:site_name\" content=\"Scandinavian Academic Press\" \/>\n<meta property=\"article:publisher\" content=\"https:\/\/www.facebook.com\/ScandinavianAcademicPress\" \/>\n<meta property=\"article:modified_time\" content=\"2026-03-04T08:28:25+00:00\" \/>\n<meta property=\"og:image\" content=\"https:\/\/staging.forenteforlag.no\/scandinavian\/wp-content\/uploads\/sites\/7\/2026\/02\/9788230402665.jpg\" \/>\n\t<meta property=\"og:image:width\" content=\"720\" \/>\n\t<meta property=\"og:image:height\" content=\"1113\" \/>\n\t<meta property=\"og:image:type\" content=\"image\/jpeg\" \/>\n<meta name=\"twitter:card\" content=\"summary_large_image\" \/>\n<meta name=\"twitter:label1\" content=\"Ansl. lesetid\" \/>\n\t<meta name=\"twitter:data1\" content=\"1 minutt\" \/>\n<script type=\"application\/ld+json\" class=\"yoast-schema-graph\">{\"@context\":\"https:\/\/schema.org\",\"@graph\":[{\"@type\":\"WebPage\",\"@id\":\"https:\/\/staging.forenteforlag.no\/scandinavian\/produkt\/muxe\/\",\"url\":\"https:\/\/staging.forenteforlag.no\/scandinavian\/produkt\/muxe\/\",\"name\":\"\u00a1Muxe! - Scandinavian Academic Press\",\"isPartOf\":{\"@id\":\"https:\/\/staging.forenteforlag.no\/scandinavian\/#website\"},\"primaryImageOfPage\":{\"@id\":\"https:\/\/staging.forenteforlag.no\/scandinavian\/produkt\/muxe\/#primaryimage\"},\"image\":{\"@id\":\"https:\/\/staging.forenteforlag.no\/scandinavian\/produkt\/muxe\/#primaryimage\"},\"thumbnailUrl\":\"https:\/\/staging.forenteforlag.no\/scandinavian\/wp-content\/uploads\/sites\/7\/2026\/02\/9788230402665.jpg\",\"datePublished\":\"2020-10-20T00:00:00+00:00\",\"dateModified\":\"2026-03-04T08:28:25+00:00\",\"breadcrumb\":{\"@id\":\"https:\/\/staging.forenteforlag.no\/scandinavian\/produkt\/muxe\/#breadcrumb\"},\"inLanguage\":\"nb-NO\",\"potentialAction\":[{\"@type\":\"ReadAction\",\"target\":[\"https:\/\/staging.forenteforlag.no\/scandinavian\/produkt\/muxe\/\"]}]},{\"@type\":\"ImageObject\",\"inLanguage\":\"nb-NO\",\"@id\":\"https:\/\/staging.forenteforlag.no\/scandinavian\/produkt\/muxe\/#primaryimage\",\"url\":\"https:\/\/staging.forenteforlag.no\/scandinavian\/wp-content\/uploads\/sites\/7\/2026\/02\/9788230402665.jpg\",\"contentUrl\":\"https:\/\/staging.forenteforlag.no\/scandinavian\/wp-content\/uploads\/sites\/7\/2026\/02\/9788230402665.jpg\",\"width\":720,\"height\":1113},{\"@type\":\"BreadcrumbList\",\"@id\":\"https:\/\/staging.forenteforlag.no\/scandinavian\/produkt\/muxe\/#breadcrumb\",\"itemListElement\":[{\"@type\":\"ListItem\",\"position\":1,\"name\":\"Hjem\",\"item\":\"https:\/\/staging.forenteforlag.no\/scandinavian\/\"},{\"@type\":\"ListItem\",\"position\":2,\"name\":\"Alle b\u00f8ker\",\"item\":\"https:\/\/staging.forenteforlag.no\/scandinavian\/butikk\/\"},{\"@type\":\"ListItem\",\"position\":3,\"name\":\"\u00a1Muxe!\"}]},{\"@type\":\"WebSite\",\"@id\":\"https:\/\/staging.forenteforlag.no\/scandinavian\/#website\",\"url\":\"https:\/\/staging.forenteforlag.no\/scandinavian\/\",\"name\":\"Scandinavian Academic Press\",\"description\":\"\",\"publisher\":{\"@id\":\"https:\/\/staging.forenteforlag.no\/scandinavian\/#organization\"},\"potentialAction\":[{\"@type\":\"SearchAction\",\"target\":{\"@type\":\"EntryPoint\",\"urlTemplate\":\"https:\/\/staging.forenteforlag.no\/scandinavian\/?s={search_term_string}\"},\"query-input\":{\"@type\":\"PropertyValueSpecification\",\"valueRequired\":true,\"valueName\":\"search_term_string\"}}],\"inLanguage\":\"nb-NO\"},{\"@type\":\"Organization\",\"@id\":\"https:\/\/staging.forenteforlag.no\/scandinavian\/#organization\",\"name\":\"Scandinavian Academic Press\",\"url\":\"https:\/\/staging.forenteforlag.no\/scandinavian\/\",\"logo\":{\"@type\":\"ImageObject\",\"inLanguage\":\"nb-NO\",\"@id\":\"https:\/\/staging.forenteforlag.no\/scandinavian\/#\/schema\/logo\/image\/\",\"url\":\"https:\/\/staging.forenteforlag.no\/scandinavian\/wp-content\/uploads\/sites\/7\/2024\/09\/SAP_logo-1.svg\",\"contentUrl\":\"https:\/\/staging.forenteforlag.no\/scandinavian\/wp-content\/uploads\/sites\/7\/2024\/09\/SAP_logo-1.svg\",\"width\":4096,\"height\":1300,\"caption\":\"Scandinavian Academic Press\"},\"image\":{\"@id\":\"https:\/\/staging.forenteforlag.no\/scandinavian\/#\/schema\/logo\/image\/\"},\"sameAs\":[\"https:\/\/www.facebook.com\/ScandinavianAcademicPress\"]}]}<\/script>\n<!-- \/ Yoast SEO plugin. -->","yoast_head_json":{"title":"\u00a1Muxe! - Scandinavian Academic Press","robots":{"index":"noindex","follow":"follow","max-snippet":"max-snippet:-1","max-image-preview":"max-image-preview:large","max-video-preview":"max-video-preview:-1"},"og_locale":"nb_NO","og_type":"article","og_title":"\u00a1Muxe! - Scandinavian Academic Press","og_description":"Denne boka handlar om genussystemet i Istmo de Tehuantepec. Dette systemet er ein variant av dei fleirgenussystema som fanst over heile Amerika f\u00f8r den europeiske erobringa. \u00c5rsakene til at det har overlevd der, ligg i dei \u00f8konomiske og politiske djupstrukturane og ikkje minst i habitusen og den sterke sosiale posisjonen til kvinnene. Kj\u00f8nn, genus og [&hellip;]","og_url":"https:\/\/staging.forenteforlag.no\/scandinavian\/produkt\/muxe\/","og_site_name":"Scandinavian Academic Press","article_publisher":"https:\/\/www.facebook.com\/ScandinavianAcademicPress","article_modified_time":"2026-03-04T08:28:25+00:00","og_image":[{"width":720,"height":1113,"url":"https:\/\/staging.forenteforlag.no\/scandinavian\/wp-content\/uploads\/sites\/7\/2026\/02\/9788230402665.jpg","type":"image\/jpeg"}],"twitter_card":"summary_large_image","twitter_misc":{"Ansl. lesetid":"1 minutt"},"schema":{"@context":"https:\/\/schema.org","@graph":[{"@type":"WebPage","@id":"https:\/\/staging.forenteforlag.no\/scandinavian\/produkt\/muxe\/","url":"https:\/\/staging.forenteforlag.no\/scandinavian\/produkt\/muxe\/","name":"\u00a1Muxe! - Scandinavian Academic Press","isPartOf":{"@id":"https:\/\/staging.forenteforlag.no\/scandinavian\/#website"},"primaryImageOfPage":{"@id":"https:\/\/staging.forenteforlag.no\/scandinavian\/produkt\/muxe\/#primaryimage"},"image":{"@id":"https:\/\/staging.forenteforlag.no\/scandinavian\/produkt\/muxe\/#primaryimage"},"thumbnailUrl":"https:\/\/staging.forenteforlag.no\/scandinavian\/wp-content\/uploads\/sites\/7\/2026\/02\/9788230402665.jpg","datePublished":"2020-10-20T00:00:00+00:00","dateModified":"2026-03-04T08:28:25+00:00","breadcrumb":{"@id":"https:\/\/staging.forenteforlag.no\/scandinavian\/produkt\/muxe\/#breadcrumb"},"inLanguage":"nb-NO","potentialAction":[{"@type":"ReadAction","target":["https:\/\/staging.forenteforlag.no\/scandinavian\/produkt\/muxe\/"]}]},{"@type":"ImageObject","inLanguage":"nb-NO","@id":"https:\/\/staging.forenteforlag.no\/scandinavian\/produkt\/muxe\/#primaryimage","url":"https:\/\/staging.forenteforlag.no\/scandinavian\/wp-content\/uploads\/sites\/7\/2026\/02\/9788230402665.jpg","contentUrl":"https:\/\/staging.forenteforlag.no\/scandinavian\/wp-content\/uploads\/sites\/7\/2026\/02\/9788230402665.jpg","width":720,"height":1113},{"@type":"BreadcrumbList","@id":"https:\/\/staging.forenteforlag.no\/scandinavian\/produkt\/muxe\/#breadcrumb","itemListElement":[{"@type":"ListItem","position":1,"name":"Hjem","item":"https:\/\/staging.forenteforlag.no\/scandinavian\/"},{"@type":"ListItem","position":2,"name":"Alle b\u00f8ker","item":"https:\/\/staging.forenteforlag.no\/scandinavian\/butikk\/"},{"@type":"ListItem","position":3,"name":"\u00a1Muxe!"}]},{"@type":"WebSite","@id":"https:\/\/staging.forenteforlag.no\/scandinavian\/#website","url":"https:\/\/staging.forenteforlag.no\/scandinavian\/","name":"Scandinavian Academic Press","description":"","publisher":{"@id":"https:\/\/staging.forenteforlag.no\/scandinavian\/#organization"},"potentialAction":[{"@type":"SearchAction","target":{"@type":"EntryPoint","urlTemplate":"https:\/\/staging.forenteforlag.no\/scandinavian\/?s={search_term_string}"},"query-input":{"@type":"PropertyValueSpecification","valueRequired":true,"valueName":"search_term_string"}}],"inLanguage":"nb-NO"},{"@type":"Organization","@id":"https:\/\/staging.forenteforlag.no\/scandinavian\/#organization","name":"Scandinavian Academic Press","url":"https:\/\/staging.forenteforlag.no\/scandinavian\/","logo":{"@type":"ImageObject","inLanguage":"nb-NO","@id":"https:\/\/staging.forenteforlag.no\/scandinavian\/#\/schema\/logo\/image\/","url":"https:\/\/staging.forenteforlag.no\/scandinavian\/wp-content\/uploads\/sites\/7\/2024\/09\/SAP_logo-1.svg","contentUrl":"https:\/\/staging.forenteforlag.no\/scandinavian\/wp-content\/uploads\/sites\/7\/2024\/09\/SAP_logo-1.svg","width":4096,"height":1300,"caption":"Scandinavian Academic Press"},"image":{"@id":"https:\/\/staging.forenteforlag.no\/scandinavian\/#\/schema\/logo\/image\/"},"sameAs":["https:\/\/www.facebook.com\/ScandinavianAcademicPress"]}]}},"_links":{"self":[{"href":"https:\/\/staging.forenteforlag.no\/scandinavian\/wp-json\/wp\/v2\/product\/20435","targetHints":{"allow":["GET"]}}],"collection":[{"href":"https:\/\/staging.forenteforlag.no\/scandinavian\/wp-json\/wp\/v2\/product"}],"about":[{"href":"https:\/\/staging.forenteforlag.no\/scandinavian\/wp-json\/wp\/v2\/types\/product"}],"wp:featuredmedia":[{"embeddable":true,"href":"https:\/\/staging.forenteforlag.no\/scandinavian\/wp-json\/wp\/v2\/media\/22623"}],"wp:attachment":[{"href":"https:\/\/staging.forenteforlag.no\/scandinavian\/wp-json\/wp\/v2\/media?parent=20435"}],"wp:term":[{"taxonomy":"product_brand","embeddable":true,"href":"https:\/\/staging.forenteforlag.no\/scandinavian\/wp-json\/wp\/v2\/product_brand?post=20435"},{"taxonomy":"product_cat","embeddable":true,"href":"https:\/\/staging.forenteforlag.no\/scandinavian\/wp-json\/wp\/v2\/product_cat?post=20435"},{"taxonomy":"product_tag","embeddable":true,"href":"https:\/\/staging.forenteforlag.no\/scandinavian\/wp-json\/wp\/v2\/product_tag?post=20435"}],"curies":[{"name":"wp","href":"https:\/\/api.w.org\/{rel}","templated":true}]}}