{"id":20355,"date":"2012-09-28T02:00:00","date_gmt":"2012-09-28T00:00:00","guid":{"rendered":"https:\/\/scandinavianacademicpress.forenteforlag.no\/produkt\/kunnskapens-sprak-2\/"},"modified":"2026-03-04T12:22:11","modified_gmt":"2026-03-04T11:22:11","slug":"kunnskapens-sprak-2","status":"publish","type":"product","link":"https:\/\/staging.forenteforlag.no\/scandinavian\/produkt\/kunnskapens-sprak-2\/","title":{"rendered":"Kunnskapens spr\u00e5k"},"content":{"rendered":"<p>Kunnskapsutvikling er skrivearbeid. Mange forskere kjenner skriftspr\u00e5ket som sitt viktigste unders\u00f8kelsesverkt\u00f8y. Det er gjennom utforming av teksten, i stort og sm\u00e5tt, at de klargj\u00f8r sine inntrykk, forlenger sine tankerekker, organiserer oppdagelsen av stoffet. Men denne siden av arbeidet er underbelyst. I metodelitteraturen st\u00e5r det ingen ting om hva som skjer n\u00e5r man skriver. Denne boken pr\u00f8ver \u00e5 b\u00f8te p\u00e5 dette ved \u00e5 invitere til erfaringsutveksling om forskningsarbeid og spr\u00e5kbehandling. Er skrivem\u00e5ter ogs\u00e5 vitenskapelige metoder, kan litter\u00e6re kvaliteter oppfattes som faglige ressurser? \u00ab\u00c5 skrive klart er \u00e9n skrivem\u00e5te blant andre likeverdige, det gjelder for den som for de andre, at den som velger \u00e5 skrive slik, vinner noe, men ogs\u00e5 mister noe. Men det er ogs\u00e5 slik at de som velger \u00e5 ikke skrive f\u00f8rst og fremst klart, ikke alltid velger slik for til gjengjeld \u00e5 gj\u00f8re teksten dypere eller mer suggestiv. De gj\u00f8r det for \u00e5 tilsl\u00f8re, tildekke eller for \u00e5 unng\u00e5 \u00e5 tilkjennegi sin egen oppfatning, eller for \u00e5 kjede dem som skal lese. Uten \u00e5 kunne gi belegg for det . som representativt utvalg av intervjuobjekter og lignende . er det mitt inntrykk at mye som skrives er tilsiktet kjedelig, og har til hensikt \u00e5 fremme avmakt hos leserne.\u00bb Dag \u00d8sterberg: Om \u00e5 skrive klart. Bidragsytere: Anders Johansen, Aslaug Nyrnes, Terje Tvedt, Espen Stueland, Eirik Vassenden, Nina Goga, Espen S\u00f8bye, Sissel Lie, H\u00e5kon Fyhn, Frode Storaas, Dag \u00d8sterberg<\/p>\n","protected":false},"excerpt":{"rendered":"<p>Kunnskapsutvikling er skrivearbeid. Mange forskere kjenner skriftspr\u00e5ket som sitt viktigste unders\u00f8kelsesverkt\u00f8y. Det er gjennom utforming av teksten, i stort og sm\u00e5tt, at de klargj\u00f8r sine inntrykk, forlenger sine tankerekker, organiserer oppdagelsen av stoffet. Men denne siden av arbeidet er underbelyst. I metodelitteraturen st\u00e5r det ingen ting om hva som skjer n\u00e5r man skriver. Denne boken [&hellip;]<\/p>\n","protected":false},"featured_media":22673,"template":"","meta":{"_acf_changed":false,"inline_featured_image":false},"product_brand":[],"product_cat":[1775],"product_tag":[565,362,1028,502],"class_list":{"0":"post-20355","1":"product","2":"type-product","3":"status-publish","4":"has-post-thumbnail","6":"product_cat-rabattkodekampanje","7":"product_tag-etterforskning","8":"product_tag-faglitteratur","9":"product_tag-forfatterskap","10":"product_tag-laereboker-hoyere-utd","12":"first","13":"instock","14":"shipping-taxable","15":"purchasable","16":"product-type-simple"},"acf":{"anmeldelse":null},"yoast_head":"<!-- This site is optimized with the Yoast SEO plugin v26.6 - https:\/\/yoast.com\/wordpress\/plugins\/seo\/ -->\n<title>Kunnskapens spr\u00e5k - Scandinavian Academic Press<\/title>\n<meta name=\"robots\" content=\"noindex, follow, max-snippet:-1, max-image-preview:large, max-video-preview:-1\" \/>\n<meta property=\"og:locale\" content=\"nb_NO\" \/>\n<meta property=\"og:type\" content=\"article\" \/>\n<meta property=\"og:title\" content=\"Kunnskapens spr\u00e5k - Scandinavian Academic Press\" \/>\n<meta property=\"og:description\" content=\"Kunnskapsutvikling er skrivearbeid. Mange forskere kjenner skriftspr\u00e5ket som sitt viktigste unders\u00f8kelsesverkt\u00f8y. Det er gjennom utforming av teksten, i stort og sm\u00e5tt, at de klargj\u00f8r sine inntrykk, forlenger sine tankerekker, organiserer oppdagelsen av stoffet. Men denne siden av arbeidet er underbelyst. I metodelitteraturen st\u00e5r det ingen ting om hva som skjer n\u00e5r man skriver. Denne boken [&hellip;]\" \/>\n<meta property=\"og:url\" content=\"https:\/\/staging.forenteforlag.no\/scandinavian\/produkt\/kunnskapens-sprak-2\/\" \/>\n<meta property=\"og:site_name\" content=\"Scandinavian Academic Press\" \/>\n<meta property=\"article:publisher\" content=\"https:\/\/www.facebook.com\/ScandinavianAcademicPress\" \/>\n<meta property=\"article:modified_time\" content=\"2026-03-04T11:22:11+00:00\" \/>\n<meta property=\"og:image\" content=\"https:\/\/staging.forenteforlag.no\/scandinavian\/wp-content\/uploads\/sites\/7\/2026\/02\/9788230400913.jpg\" \/>\n\t<meta property=\"og:image:width\" content=\"720\" \/>\n\t<meta property=\"og:image:height\" content=\"1149\" \/>\n\t<meta property=\"og:image:type\" content=\"image\/jpeg\" \/>\n<meta name=\"twitter:card\" content=\"summary_large_image\" \/>\n<meta name=\"twitter:label1\" content=\"Ansl. lesetid\" \/>\n\t<meta name=\"twitter:data1\" content=\"1 minutt\" \/>\n<script type=\"application\/ld+json\" class=\"yoast-schema-graph\">{\"@context\":\"https:\/\/schema.org\",\"@graph\":[{\"@type\":\"WebPage\",\"@id\":\"https:\/\/staging.forenteforlag.no\/scandinavian\/produkt\/kunnskapens-sprak-2\/\",\"url\":\"https:\/\/staging.forenteforlag.no\/scandinavian\/produkt\/kunnskapens-sprak-2\/\",\"name\":\"Kunnskapens spr\u00e5k - Scandinavian Academic Press\",\"isPartOf\":{\"@id\":\"https:\/\/staging.forenteforlag.no\/scandinavian\/#website\"},\"primaryImageOfPage\":{\"@id\":\"https:\/\/staging.forenteforlag.no\/scandinavian\/produkt\/kunnskapens-sprak-2\/#primaryimage\"},\"image\":{\"@id\":\"https:\/\/staging.forenteforlag.no\/scandinavian\/produkt\/kunnskapens-sprak-2\/#primaryimage\"},\"thumbnailUrl\":\"https:\/\/staging.forenteforlag.no\/scandinavian\/wp-content\/uploads\/sites\/7\/2026\/02\/9788230400913.jpg\",\"datePublished\":\"2012-09-28T00:00:00+00:00\",\"dateModified\":\"2026-03-04T11:22:11+00:00\",\"breadcrumb\":{\"@id\":\"https:\/\/staging.forenteforlag.no\/scandinavian\/produkt\/kunnskapens-sprak-2\/#breadcrumb\"},\"inLanguage\":\"nb-NO\",\"potentialAction\":[{\"@type\":\"ReadAction\",\"target\":[\"https:\/\/staging.forenteforlag.no\/scandinavian\/produkt\/kunnskapens-sprak-2\/\"]}]},{\"@type\":\"ImageObject\",\"inLanguage\":\"nb-NO\",\"@id\":\"https:\/\/staging.forenteforlag.no\/scandinavian\/produkt\/kunnskapens-sprak-2\/#primaryimage\",\"url\":\"https:\/\/staging.forenteforlag.no\/scandinavian\/wp-content\/uploads\/sites\/7\/2026\/02\/9788230400913.jpg\",\"contentUrl\":\"https:\/\/staging.forenteforlag.no\/scandinavian\/wp-content\/uploads\/sites\/7\/2026\/02\/9788230400913.jpg\",\"width\":720,\"height\":1149},{\"@type\":\"BreadcrumbList\",\"@id\":\"https:\/\/staging.forenteforlag.no\/scandinavian\/produkt\/kunnskapens-sprak-2\/#breadcrumb\",\"itemListElement\":[{\"@type\":\"ListItem\",\"position\":1,\"name\":\"Hjem\",\"item\":\"https:\/\/staging.forenteforlag.no\/scandinavian\/\"},{\"@type\":\"ListItem\",\"position\":2,\"name\":\"Alle b\u00f8ker\",\"item\":\"https:\/\/staging.forenteforlag.no\/scandinavian\/butikk\/\"},{\"@type\":\"ListItem\",\"position\":3,\"name\":\"Kunnskapens spr\u00e5k\"}]},{\"@type\":\"WebSite\",\"@id\":\"https:\/\/staging.forenteforlag.no\/scandinavian\/#website\",\"url\":\"https:\/\/staging.forenteforlag.no\/scandinavian\/\",\"name\":\"Scandinavian Academic Press\",\"description\":\"\",\"publisher\":{\"@id\":\"https:\/\/staging.forenteforlag.no\/scandinavian\/#organization\"},\"potentialAction\":[{\"@type\":\"SearchAction\",\"target\":{\"@type\":\"EntryPoint\",\"urlTemplate\":\"https:\/\/staging.forenteforlag.no\/scandinavian\/?s={search_term_string}\"},\"query-input\":{\"@type\":\"PropertyValueSpecification\",\"valueRequired\":true,\"valueName\":\"search_term_string\"}}],\"inLanguage\":\"nb-NO\"},{\"@type\":\"Organization\",\"@id\":\"https:\/\/staging.forenteforlag.no\/scandinavian\/#organization\",\"name\":\"Scandinavian Academic Press\",\"url\":\"https:\/\/staging.forenteforlag.no\/scandinavian\/\",\"logo\":{\"@type\":\"ImageObject\",\"inLanguage\":\"nb-NO\",\"@id\":\"https:\/\/staging.forenteforlag.no\/scandinavian\/#\/schema\/logo\/image\/\",\"url\":\"https:\/\/staging.forenteforlag.no\/scandinavian\/wp-content\/uploads\/sites\/7\/2024\/09\/SAP_logo-1.svg\",\"contentUrl\":\"https:\/\/staging.forenteforlag.no\/scandinavian\/wp-content\/uploads\/sites\/7\/2024\/09\/SAP_logo-1.svg\",\"width\":4096,\"height\":1300,\"caption\":\"Scandinavian Academic Press\"},\"image\":{\"@id\":\"https:\/\/staging.forenteforlag.no\/scandinavian\/#\/schema\/logo\/image\/\"},\"sameAs\":[\"https:\/\/www.facebook.com\/ScandinavianAcademicPress\"]}]}<\/script>\n<!-- \/ Yoast SEO plugin. -->","yoast_head_json":{"title":"Kunnskapens spr\u00e5k - Scandinavian Academic Press","robots":{"index":"noindex","follow":"follow","max-snippet":"max-snippet:-1","max-image-preview":"max-image-preview:large","max-video-preview":"max-video-preview:-1"},"og_locale":"nb_NO","og_type":"article","og_title":"Kunnskapens spr\u00e5k - Scandinavian Academic Press","og_description":"Kunnskapsutvikling er skrivearbeid. Mange forskere kjenner skriftspr\u00e5ket som sitt viktigste unders\u00f8kelsesverkt\u00f8y. Det er gjennom utforming av teksten, i stort og sm\u00e5tt, at de klargj\u00f8r sine inntrykk, forlenger sine tankerekker, organiserer oppdagelsen av stoffet. Men denne siden av arbeidet er underbelyst. I metodelitteraturen st\u00e5r det ingen ting om hva som skjer n\u00e5r man skriver. Denne boken [&hellip;]","og_url":"https:\/\/staging.forenteforlag.no\/scandinavian\/produkt\/kunnskapens-sprak-2\/","og_site_name":"Scandinavian Academic Press","article_publisher":"https:\/\/www.facebook.com\/ScandinavianAcademicPress","article_modified_time":"2026-03-04T11:22:11+00:00","og_image":[{"width":720,"height":1149,"url":"https:\/\/staging.forenteforlag.no\/scandinavian\/wp-content\/uploads\/sites\/7\/2026\/02\/9788230400913.jpg","type":"image\/jpeg"}],"twitter_card":"summary_large_image","twitter_misc":{"Ansl. lesetid":"1 minutt"},"schema":{"@context":"https:\/\/schema.org","@graph":[{"@type":"WebPage","@id":"https:\/\/staging.forenteforlag.no\/scandinavian\/produkt\/kunnskapens-sprak-2\/","url":"https:\/\/staging.forenteforlag.no\/scandinavian\/produkt\/kunnskapens-sprak-2\/","name":"Kunnskapens spr\u00e5k - Scandinavian Academic Press","isPartOf":{"@id":"https:\/\/staging.forenteforlag.no\/scandinavian\/#website"},"primaryImageOfPage":{"@id":"https:\/\/staging.forenteforlag.no\/scandinavian\/produkt\/kunnskapens-sprak-2\/#primaryimage"},"image":{"@id":"https:\/\/staging.forenteforlag.no\/scandinavian\/produkt\/kunnskapens-sprak-2\/#primaryimage"},"thumbnailUrl":"https:\/\/staging.forenteforlag.no\/scandinavian\/wp-content\/uploads\/sites\/7\/2026\/02\/9788230400913.jpg","datePublished":"2012-09-28T00:00:00+00:00","dateModified":"2026-03-04T11:22:11+00:00","breadcrumb":{"@id":"https:\/\/staging.forenteforlag.no\/scandinavian\/produkt\/kunnskapens-sprak-2\/#breadcrumb"},"inLanguage":"nb-NO","potentialAction":[{"@type":"ReadAction","target":["https:\/\/staging.forenteforlag.no\/scandinavian\/produkt\/kunnskapens-sprak-2\/"]}]},{"@type":"ImageObject","inLanguage":"nb-NO","@id":"https:\/\/staging.forenteforlag.no\/scandinavian\/produkt\/kunnskapens-sprak-2\/#primaryimage","url":"https:\/\/staging.forenteforlag.no\/scandinavian\/wp-content\/uploads\/sites\/7\/2026\/02\/9788230400913.jpg","contentUrl":"https:\/\/staging.forenteforlag.no\/scandinavian\/wp-content\/uploads\/sites\/7\/2026\/02\/9788230400913.jpg","width":720,"height":1149},{"@type":"BreadcrumbList","@id":"https:\/\/staging.forenteforlag.no\/scandinavian\/produkt\/kunnskapens-sprak-2\/#breadcrumb","itemListElement":[{"@type":"ListItem","position":1,"name":"Hjem","item":"https:\/\/staging.forenteforlag.no\/scandinavian\/"},{"@type":"ListItem","position":2,"name":"Alle b\u00f8ker","item":"https:\/\/staging.forenteforlag.no\/scandinavian\/butikk\/"},{"@type":"ListItem","position":3,"name":"Kunnskapens spr\u00e5k"}]},{"@type":"WebSite","@id":"https:\/\/staging.forenteforlag.no\/scandinavian\/#website","url":"https:\/\/staging.forenteforlag.no\/scandinavian\/","name":"Scandinavian Academic Press","description":"","publisher":{"@id":"https:\/\/staging.forenteforlag.no\/scandinavian\/#organization"},"potentialAction":[{"@type":"SearchAction","target":{"@type":"EntryPoint","urlTemplate":"https:\/\/staging.forenteforlag.no\/scandinavian\/?s={search_term_string}"},"query-input":{"@type":"PropertyValueSpecification","valueRequired":true,"valueName":"search_term_string"}}],"inLanguage":"nb-NO"},{"@type":"Organization","@id":"https:\/\/staging.forenteforlag.no\/scandinavian\/#organization","name":"Scandinavian Academic Press","url":"https:\/\/staging.forenteforlag.no\/scandinavian\/","logo":{"@type":"ImageObject","inLanguage":"nb-NO","@id":"https:\/\/staging.forenteforlag.no\/scandinavian\/#\/schema\/logo\/image\/","url":"https:\/\/staging.forenteforlag.no\/scandinavian\/wp-content\/uploads\/sites\/7\/2024\/09\/SAP_logo-1.svg","contentUrl":"https:\/\/staging.forenteforlag.no\/scandinavian\/wp-content\/uploads\/sites\/7\/2024\/09\/SAP_logo-1.svg","width":4096,"height":1300,"caption":"Scandinavian Academic Press"},"image":{"@id":"https:\/\/staging.forenteforlag.no\/scandinavian\/#\/schema\/logo\/image\/"},"sameAs":["https:\/\/www.facebook.com\/ScandinavianAcademicPress"]}]}},"_links":{"self":[{"href":"https:\/\/staging.forenteforlag.no\/scandinavian\/wp-json\/wp\/v2\/product\/20355","targetHints":{"allow":["GET"]}}],"collection":[{"href":"https:\/\/staging.forenteforlag.no\/scandinavian\/wp-json\/wp\/v2\/product"}],"about":[{"href":"https:\/\/staging.forenteforlag.no\/scandinavian\/wp-json\/wp\/v2\/types\/product"}],"wp:featuredmedia":[{"embeddable":true,"href":"https:\/\/staging.forenteforlag.no\/scandinavian\/wp-json\/wp\/v2\/media\/22673"}],"wp:attachment":[{"href":"https:\/\/staging.forenteforlag.no\/scandinavian\/wp-json\/wp\/v2\/media?parent=20355"}],"wp:term":[{"taxonomy":"product_brand","embeddable":true,"href":"https:\/\/staging.forenteforlag.no\/scandinavian\/wp-json\/wp\/v2\/product_brand?post=20355"},{"taxonomy":"product_cat","embeddable":true,"href":"https:\/\/staging.forenteforlag.no\/scandinavian\/wp-json\/wp\/v2\/product_cat?post=20355"},{"taxonomy":"product_tag","embeddable":true,"href":"https:\/\/staging.forenteforlag.no\/scandinavian\/wp-json\/wp\/v2\/product_tag?post=20355"}],"curies":[{"name":"wp","href":"https:\/\/api.w.org\/{rel}","templated":true}]}}