{"id":20292,"date":"2014-10-13T02:00:00","date_gmt":"2014-10-13T00:00:00","guid":{"rendered":"https:\/\/scandinavianacademicpress.forenteforlag.no\/produkt\/bibelen-i-populaerkulturen-2\/"},"modified":"2026-03-04T12:22:31","modified_gmt":"2026-03-04T11:22:31","slug":"bibelen-i-populaerkulturen-2","status":"publish","type":"product","link":"https:\/\/staging.forenteforlag.no\/scandinavian\/produkt\/bibelen-i-populaerkulturen-2\/","title":{"rendered":"Bibelen i popul\u00e6rkulturen"},"content":{"rendered":"<p>Paradise Hotel-vinnerne Carl Eliassen og Tine Helene Valle poserte nakne i Dagbladet, kun tildekket av noen blader rundt underlivet og et r\u00f8dt eple i h\u00e5nden. Den bibelske mytens motiver er i dag s\u00e5 etablert at de framst\u00e5r n\u00e6rmest som prototyper for nye fortellinger og tolkninger. Et r\u00f8dt eple signaliserer fristelse, slangen fristeren, kvinnen fristerinnen.  <\/p>\n<p>Bibelen benyttes i dag fritt i parodier og karikaturer innenfor det brede spekteret av kulturlivet. Det er ikke bare en bok som skal formidle religi\u00f8se ideer, det er ogs\u00e5 en bok som gir morsomme poenger eller estetiske ingredienser til allmenn, salgbar og popul\u00e6r kultur.  <\/p>\n<p>Men hvilken status f\u00e5r Bibelen i v\u00e5r kultur n\u00e5r den parodieres i The Simpsons? Og baserer popul\u00e6rkulturen seg prim\u00e6rt p\u00e5 bibeltekstene eller p\u00e5 forestillinger som fortolkningstradisjonen har brakt med seg? Tre teologer fors\u00f8ker \u00e5 gi svar p\u00e5 dette, og f\u00f8lger sporene fra b\u00f8ker, filmer og musikkalbum fra v\u00e5r tid gjennom Bibelens tolkningshistorie.  <\/p>\n<p>Fantes det virkelig et eple i Edens have?<\/p>\n","protected":false},"excerpt":{"rendered":"<p>Paradise Hotel-vinnerne Carl Eliassen og Tine Helene Valle poserte nakne i Dagbladet, kun tildekket av noen blader rundt underlivet og et r\u00f8dt eple i h\u00e5nden. Den bibelske mytens motiver er i dag s\u00e5 etablert at de framst\u00e5r n\u00e6rmest som prototyper for nye fortellinger og tolkninger. Et r\u00f8dt eple signaliserer fristelse, slangen fristeren, kvinnen fristerinnen. Bibelen [&hellip;]<\/p>\n","protected":false},"featured_media":22680,"template":"","meta":{"_acf_changed":false,"inline_featured_image":false},"product_brand":[],"product_cat":[1775],"product_tag":[1533,362,602,502,1691],"class_list":{"0":"post-20292","1":"product","2":"type-product","3":"status-publish","4":"has-post-thumbnail","6":"product_cat-rabattkodekampanje","7":"product_tag-bibelen","8":"product_tag-faglitteratur","9":"product_tag-kultursosiologi","10":"product_tag-laereboker-hoyere-utd","11":"product_tag-populaerkultur","13":"first","14":"instock","15":"shipping-taxable","16":"purchasable","17":"product-type-simple"},"acf":{"anmeldelse":null},"yoast_head":"<!-- This site is optimized with the Yoast SEO plugin v26.6 - https:\/\/yoast.com\/wordpress\/plugins\/seo\/ -->\n<title>Bibelen i popul\u00e6rkulturen - Scandinavian Academic Press<\/title>\n<meta name=\"robots\" content=\"noindex, follow, max-snippet:-1, max-image-preview:large, max-video-preview:-1\" \/>\n<meta property=\"og:locale\" content=\"nb_NO\" \/>\n<meta property=\"og:type\" content=\"article\" \/>\n<meta property=\"og:title\" content=\"Bibelen i popul\u00e6rkulturen - Scandinavian Academic Press\" \/>\n<meta property=\"og:description\" content=\"Paradise Hotel-vinnerne Carl Eliassen og Tine Helene Valle poserte nakne i Dagbladet, kun tildekket av noen blader rundt underlivet og et r\u00f8dt eple i h\u00e5nden. Den bibelske mytens motiver er i dag s\u00e5 etablert at de framst\u00e5r n\u00e6rmest som prototyper for nye fortellinger og tolkninger. Et r\u00f8dt eple signaliserer fristelse, slangen fristeren, kvinnen fristerinnen. Bibelen [&hellip;]\" \/>\n<meta property=\"og:url\" content=\"https:\/\/staging.forenteforlag.no\/scandinavian\/produkt\/bibelen-i-populaerkulturen-2\/\" \/>\n<meta property=\"og:site_name\" content=\"Scandinavian Academic Press\" \/>\n<meta property=\"article:publisher\" content=\"https:\/\/www.facebook.com\/ScandinavianAcademicPress\" \/>\n<meta property=\"article:modified_time\" content=\"2026-03-04T11:22:31+00:00\" \/>\n<meta property=\"og:image\" content=\"https:\/\/staging.forenteforlag.no\/scandinavian\/wp-content\/uploads\/sites\/7\/2026\/02\/9788230400999.jpg\" \/>\n\t<meta property=\"og:image:width\" content=\"720\" \/>\n\t<meta property=\"og:image:height\" content=\"992\" \/>\n\t<meta property=\"og:image:type\" content=\"image\/jpeg\" \/>\n<meta name=\"twitter:card\" content=\"summary_large_image\" \/>\n<meta name=\"twitter:label1\" content=\"Ansl. lesetid\" \/>\n\t<meta name=\"twitter:data1\" content=\"1 minutt\" \/>\n<script type=\"application\/ld+json\" class=\"yoast-schema-graph\">{\"@context\":\"https:\/\/schema.org\",\"@graph\":[{\"@type\":\"WebPage\",\"@id\":\"https:\/\/staging.forenteforlag.no\/scandinavian\/produkt\/bibelen-i-populaerkulturen-2\/\",\"url\":\"https:\/\/staging.forenteforlag.no\/scandinavian\/produkt\/bibelen-i-populaerkulturen-2\/\",\"name\":\"Bibelen i popul\u00e6rkulturen - Scandinavian Academic Press\",\"isPartOf\":{\"@id\":\"https:\/\/staging.forenteforlag.no\/scandinavian\/#website\"},\"primaryImageOfPage\":{\"@id\":\"https:\/\/staging.forenteforlag.no\/scandinavian\/produkt\/bibelen-i-populaerkulturen-2\/#primaryimage\"},\"image\":{\"@id\":\"https:\/\/staging.forenteforlag.no\/scandinavian\/produkt\/bibelen-i-populaerkulturen-2\/#primaryimage\"},\"thumbnailUrl\":\"https:\/\/staging.forenteforlag.no\/scandinavian\/wp-content\/uploads\/sites\/7\/2026\/02\/9788230400999.jpg\",\"datePublished\":\"2014-10-13T00:00:00+00:00\",\"dateModified\":\"2026-03-04T11:22:31+00:00\",\"breadcrumb\":{\"@id\":\"https:\/\/staging.forenteforlag.no\/scandinavian\/produkt\/bibelen-i-populaerkulturen-2\/#breadcrumb\"},\"inLanguage\":\"nb-NO\",\"potentialAction\":[{\"@type\":\"ReadAction\",\"target\":[\"https:\/\/staging.forenteforlag.no\/scandinavian\/produkt\/bibelen-i-populaerkulturen-2\/\"]}]},{\"@type\":\"ImageObject\",\"inLanguage\":\"nb-NO\",\"@id\":\"https:\/\/staging.forenteforlag.no\/scandinavian\/produkt\/bibelen-i-populaerkulturen-2\/#primaryimage\",\"url\":\"https:\/\/staging.forenteforlag.no\/scandinavian\/wp-content\/uploads\/sites\/7\/2026\/02\/9788230400999.jpg\",\"contentUrl\":\"https:\/\/staging.forenteforlag.no\/scandinavian\/wp-content\/uploads\/sites\/7\/2026\/02\/9788230400999.jpg\",\"width\":720,\"height\":992},{\"@type\":\"BreadcrumbList\",\"@id\":\"https:\/\/staging.forenteforlag.no\/scandinavian\/produkt\/bibelen-i-populaerkulturen-2\/#breadcrumb\",\"itemListElement\":[{\"@type\":\"ListItem\",\"position\":1,\"name\":\"Hjem\",\"item\":\"https:\/\/staging.forenteforlag.no\/scandinavian\/\"},{\"@type\":\"ListItem\",\"position\":2,\"name\":\"Alle b\u00f8ker\",\"item\":\"https:\/\/staging.forenteforlag.no\/scandinavian\/butikk\/\"},{\"@type\":\"ListItem\",\"position\":3,\"name\":\"Bibelen i popul\u00e6rkulturen\"}]},{\"@type\":\"WebSite\",\"@id\":\"https:\/\/staging.forenteforlag.no\/scandinavian\/#website\",\"url\":\"https:\/\/staging.forenteforlag.no\/scandinavian\/\",\"name\":\"Scandinavian Academic Press\",\"description\":\"\",\"publisher\":{\"@id\":\"https:\/\/staging.forenteforlag.no\/scandinavian\/#organization\"},\"potentialAction\":[{\"@type\":\"SearchAction\",\"target\":{\"@type\":\"EntryPoint\",\"urlTemplate\":\"https:\/\/staging.forenteforlag.no\/scandinavian\/?s={search_term_string}\"},\"query-input\":{\"@type\":\"PropertyValueSpecification\",\"valueRequired\":true,\"valueName\":\"search_term_string\"}}],\"inLanguage\":\"nb-NO\"},{\"@type\":\"Organization\",\"@id\":\"https:\/\/staging.forenteforlag.no\/scandinavian\/#organization\",\"name\":\"Scandinavian Academic Press\",\"url\":\"https:\/\/staging.forenteforlag.no\/scandinavian\/\",\"logo\":{\"@type\":\"ImageObject\",\"inLanguage\":\"nb-NO\",\"@id\":\"https:\/\/staging.forenteforlag.no\/scandinavian\/#\/schema\/logo\/image\/\",\"url\":\"https:\/\/staging.forenteforlag.no\/scandinavian\/wp-content\/uploads\/sites\/7\/2024\/09\/SAP_logo-1.svg\",\"contentUrl\":\"https:\/\/staging.forenteforlag.no\/scandinavian\/wp-content\/uploads\/sites\/7\/2024\/09\/SAP_logo-1.svg\",\"width\":4096,\"height\":1300,\"caption\":\"Scandinavian Academic Press\"},\"image\":{\"@id\":\"https:\/\/staging.forenteforlag.no\/scandinavian\/#\/schema\/logo\/image\/\"},\"sameAs\":[\"https:\/\/www.facebook.com\/ScandinavianAcademicPress\"]}]}<\/script>\n<!-- \/ Yoast SEO plugin. -->","yoast_head_json":{"title":"Bibelen i popul\u00e6rkulturen - Scandinavian Academic Press","robots":{"index":"noindex","follow":"follow","max-snippet":"max-snippet:-1","max-image-preview":"max-image-preview:large","max-video-preview":"max-video-preview:-1"},"og_locale":"nb_NO","og_type":"article","og_title":"Bibelen i popul\u00e6rkulturen - Scandinavian Academic Press","og_description":"Paradise Hotel-vinnerne Carl Eliassen og Tine Helene Valle poserte nakne i Dagbladet, kun tildekket av noen blader rundt underlivet og et r\u00f8dt eple i h\u00e5nden. Den bibelske mytens motiver er i dag s\u00e5 etablert at de framst\u00e5r n\u00e6rmest som prototyper for nye fortellinger og tolkninger. Et r\u00f8dt eple signaliserer fristelse, slangen fristeren, kvinnen fristerinnen. Bibelen [&hellip;]","og_url":"https:\/\/staging.forenteforlag.no\/scandinavian\/produkt\/bibelen-i-populaerkulturen-2\/","og_site_name":"Scandinavian Academic Press","article_publisher":"https:\/\/www.facebook.com\/ScandinavianAcademicPress","article_modified_time":"2026-03-04T11:22:31+00:00","og_image":[{"width":720,"height":992,"url":"https:\/\/staging.forenteforlag.no\/scandinavian\/wp-content\/uploads\/sites\/7\/2026\/02\/9788230400999.jpg","type":"image\/jpeg"}],"twitter_card":"summary_large_image","twitter_misc":{"Ansl. lesetid":"1 minutt"},"schema":{"@context":"https:\/\/schema.org","@graph":[{"@type":"WebPage","@id":"https:\/\/staging.forenteforlag.no\/scandinavian\/produkt\/bibelen-i-populaerkulturen-2\/","url":"https:\/\/staging.forenteforlag.no\/scandinavian\/produkt\/bibelen-i-populaerkulturen-2\/","name":"Bibelen i popul\u00e6rkulturen - Scandinavian Academic Press","isPartOf":{"@id":"https:\/\/staging.forenteforlag.no\/scandinavian\/#website"},"primaryImageOfPage":{"@id":"https:\/\/staging.forenteforlag.no\/scandinavian\/produkt\/bibelen-i-populaerkulturen-2\/#primaryimage"},"image":{"@id":"https:\/\/staging.forenteforlag.no\/scandinavian\/produkt\/bibelen-i-populaerkulturen-2\/#primaryimage"},"thumbnailUrl":"https:\/\/staging.forenteforlag.no\/scandinavian\/wp-content\/uploads\/sites\/7\/2026\/02\/9788230400999.jpg","datePublished":"2014-10-13T00:00:00+00:00","dateModified":"2026-03-04T11:22:31+00:00","breadcrumb":{"@id":"https:\/\/staging.forenteforlag.no\/scandinavian\/produkt\/bibelen-i-populaerkulturen-2\/#breadcrumb"},"inLanguage":"nb-NO","potentialAction":[{"@type":"ReadAction","target":["https:\/\/staging.forenteforlag.no\/scandinavian\/produkt\/bibelen-i-populaerkulturen-2\/"]}]},{"@type":"ImageObject","inLanguage":"nb-NO","@id":"https:\/\/staging.forenteforlag.no\/scandinavian\/produkt\/bibelen-i-populaerkulturen-2\/#primaryimage","url":"https:\/\/staging.forenteforlag.no\/scandinavian\/wp-content\/uploads\/sites\/7\/2026\/02\/9788230400999.jpg","contentUrl":"https:\/\/staging.forenteforlag.no\/scandinavian\/wp-content\/uploads\/sites\/7\/2026\/02\/9788230400999.jpg","width":720,"height":992},{"@type":"BreadcrumbList","@id":"https:\/\/staging.forenteforlag.no\/scandinavian\/produkt\/bibelen-i-populaerkulturen-2\/#breadcrumb","itemListElement":[{"@type":"ListItem","position":1,"name":"Hjem","item":"https:\/\/staging.forenteforlag.no\/scandinavian\/"},{"@type":"ListItem","position":2,"name":"Alle b\u00f8ker","item":"https:\/\/staging.forenteforlag.no\/scandinavian\/butikk\/"},{"@type":"ListItem","position":3,"name":"Bibelen i popul\u00e6rkulturen"}]},{"@type":"WebSite","@id":"https:\/\/staging.forenteforlag.no\/scandinavian\/#website","url":"https:\/\/staging.forenteforlag.no\/scandinavian\/","name":"Scandinavian Academic Press","description":"","publisher":{"@id":"https:\/\/staging.forenteforlag.no\/scandinavian\/#organization"},"potentialAction":[{"@type":"SearchAction","target":{"@type":"EntryPoint","urlTemplate":"https:\/\/staging.forenteforlag.no\/scandinavian\/?s={search_term_string}"},"query-input":{"@type":"PropertyValueSpecification","valueRequired":true,"valueName":"search_term_string"}}],"inLanguage":"nb-NO"},{"@type":"Organization","@id":"https:\/\/staging.forenteforlag.no\/scandinavian\/#organization","name":"Scandinavian Academic Press","url":"https:\/\/staging.forenteforlag.no\/scandinavian\/","logo":{"@type":"ImageObject","inLanguage":"nb-NO","@id":"https:\/\/staging.forenteforlag.no\/scandinavian\/#\/schema\/logo\/image\/","url":"https:\/\/staging.forenteforlag.no\/scandinavian\/wp-content\/uploads\/sites\/7\/2024\/09\/SAP_logo-1.svg","contentUrl":"https:\/\/staging.forenteforlag.no\/scandinavian\/wp-content\/uploads\/sites\/7\/2024\/09\/SAP_logo-1.svg","width":4096,"height":1300,"caption":"Scandinavian Academic Press"},"image":{"@id":"https:\/\/staging.forenteforlag.no\/scandinavian\/#\/schema\/logo\/image\/"},"sameAs":["https:\/\/www.facebook.com\/ScandinavianAcademicPress"]}]}},"_links":{"self":[{"href":"https:\/\/staging.forenteforlag.no\/scandinavian\/wp-json\/wp\/v2\/product\/20292","targetHints":{"allow":["GET"]}}],"collection":[{"href":"https:\/\/staging.forenteforlag.no\/scandinavian\/wp-json\/wp\/v2\/product"}],"about":[{"href":"https:\/\/staging.forenteforlag.no\/scandinavian\/wp-json\/wp\/v2\/types\/product"}],"wp:featuredmedia":[{"embeddable":true,"href":"https:\/\/staging.forenteforlag.no\/scandinavian\/wp-json\/wp\/v2\/media\/22680"}],"wp:attachment":[{"href":"https:\/\/staging.forenteforlag.no\/scandinavian\/wp-json\/wp\/v2\/media?parent=20292"}],"wp:term":[{"taxonomy":"product_brand","embeddable":true,"href":"https:\/\/staging.forenteforlag.no\/scandinavian\/wp-json\/wp\/v2\/product_brand?post=20292"},{"taxonomy":"product_cat","embeddable":true,"href":"https:\/\/staging.forenteforlag.no\/scandinavian\/wp-json\/wp\/v2\/product_cat?post=20292"},{"taxonomy":"product_tag","embeddable":true,"href":"https:\/\/staging.forenteforlag.no\/scandinavian\/wp-json\/wp\/v2\/product_tag?post=20292"}],"curies":[{"name":"wp","href":"https:\/\/api.w.org\/{rel}","templated":true}]}}