{"id":41,"date":"2024-08-26T10:56:36","date_gmt":"2024-08-26T08:56:36","guid":{"rendered":"https:\/\/scandinavianacademicpress.forenteforlag.no\/?page_id=41"},"modified":"2025-02-03T12:34:06","modified_gmt":"2025-02-03T11:34:06","slug":"personvern","status":"publish","type":"page","link":"https:\/\/staging.forenteforlag.no\/scandinavian\/personvern\/","title":{"rendered":"Personvernerkl\u00e6ring"},"content":{"rendered":"<h2>Innledning<\/h2>\n<p>Hos Scandinavian Academic Press, tilgjengelig fra staging.forenteforlag.no\/scandinavian, er personvernet for v\u00e5re bes\u00f8kende en av v\u00e5re viktigste prioriteringer. Dette dokumentet om personvern inneholder informasjon om hvilke data som samles inn og registreres av oss, og hvordan vi bruker disse.<\/p>\n<p><strong>Kontakt<\/strong><br \/>\nHvis du har sp\u00f8rsm\u00e5l eller trenger mer informasjon om v\u00e5re personvernregler, ta gjerne kontakt med oss via e-post p\u00e5 <a href=\"mailto:post@staging.forenteforlag.no\/dreyers\/\">post@staging.forenteforlag.no\/spartacus<\/a> eller telefon 23 13 69 70.<\/p>\n<h2>N\u00e5r samler vi inn personopplysninger?<\/h2>\n<ul>\n<li>Du har tatt kontakt med oss p\u00e5 telefon eller e-post<\/li>\n<li>Du har bestilt et produkt fra staging.forenteforlag.no\/scandinavian<\/li>\n<li>Du abonnerer p\u00e5 v\u00e5rt nyhetsbrev<\/li>\n<li>Du har bedt om innsyn etter offentlighetsloven<\/li>\n<li>Du bes\u00f8ker v\u00e5r nettside staging.forenteforlag.no\/scandinavian<\/li>\n<\/ul>\n<h2>Tredjeparts personvernregler<\/h2>\n<p>Tredjeparts annonsenettverk bruker teknologi som informasjonskapsler, JavaScript eller beacons. Disse brukes til \u00e5 m\u00e5le effektiviteten til annonseringskampanjene og\/eller for \u00e5 tilpasse annonseinnholdet du ser p\u00e5 nettsteder du bes\u00f8ker.<\/p>\n<p>Merk at vi ikke har tilgang til eller kontroll over disse informasjonskapslene som brukes av tredjepartsannons\u00f8rer.<\/p>\n<p>V\u00e5re personvernregler gjelder ikke andre annons\u00f8rer eller nettsteder. Dermed anbefaler vi deg \u00e5 konsultere personvernreglene for de respektive tredjepartstjenestene for mer detaljert informasjon. De kan inneholde instruksjoner om hvordan du velger bort visse alternativer.<\/p>\n<h2>Beskyttelse av barn<\/h2>\n<p>En annen av v\u00e5re prioriteringer er \u00e5 legge til rette for beskyttelse for barn mens de bruker internett. Vi oppfordrer foreldre og foresatte til \u00e5 observere, delta i, overv\u00e5ke og veilede barnas aktivitet p\u00e5 nettet. Vi samler ikke bevisst inn personlig, identifiserbar informasjon fra barn under 13 \u00e5r. Hvis du tror at barnet ditt har gitt oss denne typen informasjon p\u00e5 nettstedet v\u00e5rt, oppfordrer vi deg til \u00e5 kontakte oss umiddelbart. Vi vil da gj\u00f8re v\u00e5rt beste for \u00e5 fjerne denne informasjonen fra v\u00e5re systemer.<\/p>\n<h2>Online personvernregler<\/h2>\n<p>Denne personvernerkl\u00e6ringen gjelder bare for v\u00e5re online-aktiviteter og er gyldig for bes\u00f8kende p\u00e5 nettstedet v\u00e5rt med hensyn til informasjonen de deler her. Denne erkl\u00e6ringen gjelder ikke informasjon som er samlet inn offline eller via andre kanaler enn dette nettstedet.<\/p>\n<h2>Bes\u00f8k p\u00e5 v\u00e5rt nettsted<\/h2>\n<p>En informasjonskapsel er en liten fil som lagres p\u00e5 datamaskinen, nettbrettet eller mobiltelefonen din. Slike filer lagres i din nettleser n\u00e5r du bes\u00f8ker v\u00e5r nettside. De kan ikke identifisere deg som person.<\/p>\n<h2>Hvordan og hvorfor nettsiden bruker informasjonskapsler<\/h2>\n<p>Informasjonskapsler er n\u00f8dvendige for at nettsiden skal fungere optimalt. Informasjonskapsler hjelper oss med \u00e5 f\u00e5 en oversikt over bes\u00f8ket ditt p\u00e5 nettsiden, slik at vi kontinuerlig kan optimalisere og tilpasse nettsiden til dine behov og interesser. For eksempel husker informasjonskapsler hva du kan ha lagt til i en handlekurv, hvis du tidligere har bes\u00f8kt siden, om du er logget inn og hvilke spr\u00e5k og hvilken valuta du vil ha vist.<\/p>\n<p>Vi bruker ogs\u00e5 informasjonskapsler for \u00e5 m\u00e5lrette annonsene v\u00e5re mot deg p\u00e5 andre nettsider (retargeting\/remarketing). P\u00e5 et generelt niv\u00e5 brukes informasjonskapsler som en del av tjenestene v\u00e5re for \u00e5 vise innhold som er mest mulig relevant for deg.<\/p>\n<h2>Hvor lenge lagres informasjonskapsler?<\/h2>\n<p>Hvor lenge informasjonskapsler lagres p\u00e5 enheten din, varierer. Tidspunktet de er planlagt \u00e5 utl\u00f8pe, beregnes ut fra den siste datoen du bes\u00f8kte nettsiden. N\u00e5r informasjonskapsler utl\u00f8per, slettes de automatisk. Du kan n\u00e5r som helst slette informasjonskapsler fra din nettleser.<\/p>\n<h2>Slik kan du avvise eller slette informasjonskapslene dine<\/h2>\n<p>Du kan avvise informasjonskapsler p\u00e5 datamaskinen, nettbrettet eller telefonen ved \u00e5 endre nettleserinnstillingene. Hvor disse innstillingene finnes, avhenger hvilken nettleser du benytter. Hvis du endrer innstillingene, m\u00e5 du v\u00e6re oppmerksom p\u00e5 at det vil v\u00e6re noen funksjoner og tjenester du ikke kan bruke fordi de er avhengige av at nettsiden kan huske valgene du har gjort.<\/p>\n<p>Vi anbefaler at du gj\u00f8r et googles\u00f8k, for eksempel \u00abSlette informasjonskapsler Google Chrome\u00bb for \u00e5 finne veiledning p\u00e5 hvordan du sletter informasjonskapsler i din nettleser.<\/p>\n<h2>Nyhetsbrev<\/h2>\n<p>Alle aktive kunder (for eksempel om du har et aktivt abonnement p\u00e5 et produkt\/tjeneste) og alle som melder seg p\u00e5 v\u00e5rt nyhetsbrev via v\u00e5r nettside, mottar e-poster fra oss med nyttig informasjon og gode tilbud. Din e-postadresse lagres trygt av v\u00e5r nyhetsbrevtjeneste. Du kan n\u00e5r som helst melde deg av nyhetsbrevet ved \u00e5 klikke p\u00e5 avmeldingslenken i bunnen av hvert nyhetsbrev. Din e-postadresse slettes da fra nyhetsbrevtjenesten. Du kan ogs\u00e5 kontakte oss, s\u00e5 kan vi melde deg av nyhetsbrevet.<\/p>\n<h2>Analyse<\/h2>\n<p>Nettanalytiske informasjonskapsler fra Google Analytics samler informasjon om hvordan bes\u00f8kende bruker nettsiden, hvilket nettsted brukeren klikker seg inn fra, antall ganger brukeren har bes\u00f8kt nettstedet og hvor lenge brukeren surfer p\u00e5 nettstedet.<\/p>\n<p>Den er innstilt til \u00e5 slettes etter 24 m\u00e5neder hvis du ikke returnerer til nettstedet. Informasjonskapsel fra Google Analytics opprettes s\u00e5 snart du bes\u00f8ker nettsiden v\u00e5r. Denne informasjonen inneholder ikke brukerspesifikke detaljer, og summen av informasjon brukes til nettstatistikk om trafikk, trender og bruksm\u00f8nstre.<\/p>\n<h2>Remarketing \/ retargeting ads<\/h2>\n<p>Vi \u00f8nsker \u00e5 tilrettelegge for relevant markedsf\u00f8ring og annonsering mot v\u00e5re m\u00e5lgrupper. Derfor samler vi inn anonym informasjon ved hjelp av informasjonskapsler som brukes p\u00e5 Facebook og Instagram Ads og Google Ads. Dette kalles remarketing og brukes for \u00e5 tilpasse annonser til brukernes interesser og tidligere bes\u00f8k p\u00e5 nettsider. Hvis du ikke \u00f8nsker at annonsenettverkene viser deg relevante annonser, kan du sl\u00e5 av informasjonskapsler i din nettleser eller endre preferansene dine p\u00e5 kanalen.<\/p>\n<h2>Dine rettigheter<\/h2>\n<p><strong>Innsyn i egne opplysninger<\/strong><\/p>\n<p>Du kan be om en kopi av alle opplysninger vi behandler om deg.<\/p>\n<p><strong>Korrigering av personopplysninger<\/strong><\/p>\n<p>Du kan be oss rette eller supplere opplysninger som er feilaktige eller misvisende.<\/p>\n<p><strong>Sletting av personopplysninger<\/strong><\/p>\n<p>I gitte situasjoner kan du be oss slette opplysninger om deg.<\/p>\n<p><strong>Begrensning av behandling av personopplysninger<\/strong><\/p>\n<p>I noen situasjoner kan du ogs\u00e5 be oss begrense behandlingen av opplysninger om deg.<\/p>\n<p><strong>Protestere mot en behandling av personopplysninger<\/strong><\/p>\n<p>Dersom vi behandler opplysninger om deg med grunnlag i v\u00e5re oppgaver eller p\u00e5 bakgrunn av en interesseavveining, har du rett til \u00e5 protestere p\u00e5 v\u00e5r behandling av opplysninger om deg.<\/p>\n<p><strong>Dataportabilitet<\/strong><\/p>\n<p>Dersom vi behandler opplysninger om deg med grunnlag i samtykke eller en kontrakt, kan du be oss om \u00e5 overf\u00f8re opplysninger om deg til deg eller til annen behandlingsansvarlig.<\/p>\n<p><strong>Du kan klage p\u00e5 v\u00e5r behandling av personopplysninger<\/strong><\/p>\n<p>Vi h\u00e5per du vil si ifra til oss dersom du mener vi ikke overholder reglene i personopplysningsloven. Du kan ogs\u00e5 klage over v\u00e5r behandling av personopplysninger. Dette gj\u00f8r du til Datatilsynet.<\/p>\n<h2>Har du noen sp\u00f8rsm\u00e5l?<\/h2>\n<p>Hvis du har sp\u00f8rsm\u00e5l i forbindelse med denne informasjonen og \/ eller v\u00e5r behandling av personopplysninger, er du velkommen til \u00e5 ta kontakt med oss p\u00e5 <a href=\"mailto:post@staging.forenteforlag.no\/spartacus\">post@staging.forenteforlag.no\/spartacus<\/a>.<\/p>\n","protected":false},"excerpt":{"rendered":"<p>Innledning Hos Scandinavian Academic Press, tilgjengelig fra staging.forenteforlag.no\/scandinavian, er personvernet for v\u00e5re bes\u00f8kende en av v\u00e5re viktigste prioriteringer. Dette dokumentet om personvern inneholder informasjon om hvilke data som samles inn og registreres av oss, og hvordan vi bruker disse. Kontakt Hvis du har sp\u00f8rsm\u00e5l eller trenger mer informasjon om v\u00e5re personvernregler, ta gjerne kontakt med [&hellip;]<\/p>\n","protected":false},"author":2,"featured_media":0,"parent":0,"menu_order":0,"comment_status":"closed","ping_status":"closed","template":"","meta":{"_acf_changed":false,"inline_featured_image":false,"footnotes":""},"class_list":["post-41","page","type-page","status-publish","hentry"],"acf":[],"yoast_head":"<!-- This site is optimized with the Yoast SEO plugin v26.6 - https:\/\/yoast.com\/wordpress\/plugins\/seo\/ -->\n<title>Personvernerkl\u00e6ring - Scandinavian Academic Press<\/title>\n<meta name=\"robots\" content=\"noindex, follow, max-snippet:-1, max-image-preview:large, max-video-preview:-1\" \/>\n<meta property=\"og:locale\" content=\"nb_NO\" \/>\n<meta property=\"og:type\" content=\"article\" \/>\n<meta property=\"og:title\" content=\"Personvernerkl\u00e6ring - Scandinavian Academic Press\" \/>\n<meta property=\"og:description\" content=\"Innledning Hos Scandinavian Academic Press, tilgjengelig fra staging.forenteforlag.no\/scandinavian, er personvernet for v\u00e5re bes\u00f8kende en av v\u00e5re viktigste prioriteringer. Dette dokumentet om personvern inneholder informasjon om hvilke data som samles inn og registreres av oss, og hvordan vi bruker disse. Kontakt Hvis du har sp\u00f8rsm\u00e5l eller trenger mer informasjon om v\u00e5re personvernregler, ta gjerne kontakt med [&hellip;]\" \/>\n<meta property=\"og:url\" content=\"https:\/\/staging.forenteforlag.no\/scandinavian\/personvern\/\" \/>\n<meta property=\"og:site_name\" content=\"Scandinavian Academic Press\" \/>\n<meta property=\"article:publisher\" content=\"https:\/\/www.facebook.com\/ScandinavianAcademicPress\" \/>\n<meta property=\"article:modified_time\" content=\"2025-02-03T11:34:06+00:00\" \/>\n<meta property=\"og:image\" content=\"https:\/\/staging.forenteforlag.no\/scandinavian\/wp-content\/uploads\/sites\/7\/2025\/02\/sap-hvit.jpg\" \/>\n\t<meta property=\"og:image:width\" content=\"1200\" \/>\n\t<meta property=\"og:image:height\" content=\"800\" \/>\n\t<meta property=\"og:image:type\" content=\"image\/jpeg\" \/>\n<meta name=\"twitter:card\" content=\"summary_large_image\" \/>\n<meta name=\"twitter:label1\" content=\"Ansl. lesetid\" \/>\n\t<meta name=\"twitter:data1\" content=\"6 minutter\" \/>\n<script type=\"application\/ld+json\" class=\"yoast-schema-graph\">{\"@context\":\"https:\/\/schema.org\",\"@graph\":[{\"@type\":\"WebPage\",\"@id\":\"https:\/\/staging.forenteforlag.no\/scandinavian\/personvern\/\",\"url\":\"https:\/\/staging.forenteforlag.no\/scandinavian\/personvern\/\",\"name\":\"Personvernerkl\u00e6ring - Scandinavian Academic Press\",\"isPartOf\":{\"@id\":\"https:\/\/staging.forenteforlag.no\/scandinavian\/#website\"},\"datePublished\":\"2024-08-26T08:56:36+00:00\",\"dateModified\":\"2025-02-03T11:34:06+00:00\",\"breadcrumb\":{\"@id\":\"https:\/\/staging.forenteforlag.no\/scandinavian\/personvern\/#breadcrumb\"},\"inLanguage\":\"nb-NO\",\"potentialAction\":[{\"@type\":\"ReadAction\",\"target\":[\"https:\/\/staging.forenteforlag.no\/scandinavian\/personvern\/\"]}]},{\"@type\":\"BreadcrumbList\",\"@id\":\"https:\/\/staging.forenteforlag.no\/scandinavian\/personvern\/#breadcrumb\",\"itemListElement\":[{\"@type\":\"ListItem\",\"position\":1,\"name\":\"Hjem\",\"item\":\"https:\/\/staging.forenteforlag.no\/scandinavian\/\"},{\"@type\":\"ListItem\",\"position\":2,\"name\":\"Personvernerkl\u00e6ring\"}]},{\"@type\":\"WebSite\",\"@id\":\"https:\/\/staging.forenteforlag.no\/scandinavian\/#website\",\"url\":\"https:\/\/staging.forenteforlag.no\/scandinavian\/\",\"name\":\"Scandinavian Academic Press\",\"description\":\"\",\"publisher\":{\"@id\":\"https:\/\/staging.forenteforlag.no\/scandinavian\/#organization\"},\"potentialAction\":[{\"@type\":\"SearchAction\",\"target\":{\"@type\":\"EntryPoint\",\"urlTemplate\":\"https:\/\/staging.forenteforlag.no\/scandinavian\/?s={search_term_string}\"},\"query-input\":{\"@type\":\"PropertyValueSpecification\",\"valueRequired\":true,\"valueName\":\"search_term_string\"}}],\"inLanguage\":\"nb-NO\"},{\"@type\":\"Organization\",\"@id\":\"https:\/\/staging.forenteforlag.no\/scandinavian\/#organization\",\"name\":\"Scandinavian Academic Press\",\"url\":\"https:\/\/staging.forenteforlag.no\/scandinavian\/\",\"logo\":{\"@type\":\"ImageObject\",\"inLanguage\":\"nb-NO\",\"@id\":\"https:\/\/staging.forenteforlag.no\/scandinavian\/#\/schema\/logo\/image\/\",\"url\":\"https:\/\/staging.forenteforlag.no\/scandinavian\/wp-content\/uploads\/sites\/7\/2024\/09\/SAP_logo-1.svg\",\"contentUrl\":\"https:\/\/staging.forenteforlag.no\/scandinavian\/wp-content\/uploads\/sites\/7\/2024\/09\/SAP_logo-1.svg\",\"width\":4096,\"height\":1300,\"caption\":\"Scandinavian Academic Press\"},\"image\":{\"@id\":\"https:\/\/staging.forenteforlag.no\/scandinavian\/#\/schema\/logo\/image\/\"},\"sameAs\":[\"https:\/\/www.facebook.com\/ScandinavianAcademicPress\"]}]}<\/script>\n<!-- \/ Yoast SEO plugin. -->","yoast_head_json":{"title":"Personvernerkl\u00e6ring - Scandinavian Academic Press","robots":{"index":"noindex","follow":"follow","max-snippet":"max-snippet:-1","max-image-preview":"max-image-preview:large","max-video-preview":"max-video-preview:-1"},"og_locale":"nb_NO","og_type":"article","og_title":"Personvernerkl\u00e6ring - Scandinavian Academic Press","og_description":"Innledning Hos Scandinavian Academic Press, tilgjengelig fra staging.forenteforlag.no\/scandinavian, er personvernet for v\u00e5re bes\u00f8kende en av v\u00e5re viktigste prioriteringer. Dette dokumentet om personvern inneholder informasjon om hvilke data som samles inn og registreres av oss, og hvordan vi bruker disse. Kontakt Hvis du har sp\u00f8rsm\u00e5l eller trenger mer informasjon om v\u00e5re personvernregler, ta gjerne kontakt med [&hellip;]","og_url":"https:\/\/staging.forenteforlag.no\/scandinavian\/personvern\/","og_site_name":"Scandinavian Academic Press","article_publisher":"https:\/\/www.facebook.com\/ScandinavianAcademicPress","article_modified_time":"2025-02-03T11:34:06+00:00","og_image":[{"width":1200,"height":800,"url":"https:\/\/staging.forenteforlag.no\/scandinavian\/wp-content\/uploads\/sites\/7\/2025\/02\/sap-hvit.jpg","type":"image\/jpeg"}],"twitter_card":"summary_large_image","twitter_misc":{"Ansl. lesetid":"6 minutter"},"schema":{"@context":"https:\/\/schema.org","@graph":[{"@type":"WebPage","@id":"https:\/\/staging.forenteforlag.no\/scandinavian\/personvern\/","url":"https:\/\/staging.forenteforlag.no\/scandinavian\/personvern\/","name":"Personvernerkl\u00e6ring - Scandinavian Academic Press","isPartOf":{"@id":"https:\/\/staging.forenteforlag.no\/scandinavian\/#website"},"datePublished":"2024-08-26T08:56:36+00:00","dateModified":"2025-02-03T11:34:06+00:00","breadcrumb":{"@id":"https:\/\/staging.forenteforlag.no\/scandinavian\/personvern\/#breadcrumb"},"inLanguage":"nb-NO","potentialAction":[{"@type":"ReadAction","target":["https:\/\/staging.forenteforlag.no\/scandinavian\/personvern\/"]}]},{"@type":"BreadcrumbList","@id":"https:\/\/staging.forenteforlag.no\/scandinavian\/personvern\/#breadcrumb","itemListElement":[{"@type":"ListItem","position":1,"name":"Hjem","item":"https:\/\/staging.forenteforlag.no\/scandinavian\/"},{"@type":"ListItem","position":2,"name":"Personvernerkl\u00e6ring"}]},{"@type":"WebSite","@id":"https:\/\/staging.forenteforlag.no\/scandinavian\/#website","url":"https:\/\/staging.forenteforlag.no\/scandinavian\/","name":"Scandinavian Academic Press","description":"","publisher":{"@id":"https:\/\/staging.forenteforlag.no\/scandinavian\/#organization"},"potentialAction":[{"@type":"SearchAction","target":{"@type":"EntryPoint","urlTemplate":"https:\/\/staging.forenteforlag.no\/scandinavian\/?s={search_term_string}"},"query-input":{"@type":"PropertyValueSpecification","valueRequired":true,"valueName":"search_term_string"}}],"inLanguage":"nb-NO"},{"@type":"Organization","@id":"https:\/\/staging.forenteforlag.no\/scandinavian\/#organization","name":"Scandinavian Academic Press","url":"https:\/\/staging.forenteforlag.no\/scandinavian\/","logo":{"@type":"ImageObject","inLanguage":"nb-NO","@id":"https:\/\/staging.forenteforlag.no\/scandinavian\/#\/schema\/logo\/image\/","url":"https:\/\/staging.forenteforlag.no\/scandinavian\/wp-content\/uploads\/sites\/7\/2024\/09\/SAP_logo-1.svg","contentUrl":"https:\/\/staging.forenteforlag.no\/scandinavian\/wp-content\/uploads\/sites\/7\/2024\/09\/SAP_logo-1.svg","width":4096,"height":1300,"caption":"Scandinavian Academic Press"},"image":{"@id":"https:\/\/staging.forenteforlag.no\/scandinavian\/#\/schema\/logo\/image\/"},"sameAs":["https:\/\/www.facebook.com\/ScandinavianAcademicPress"]}]}},"_links":{"self":[{"href":"https:\/\/staging.forenteforlag.no\/scandinavian\/wp-json\/wp\/v2\/pages\/41","targetHints":{"allow":["GET"]}}],"collection":[{"href":"https:\/\/staging.forenteforlag.no\/scandinavian\/wp-json\/wp\/v2\/pages"}],"about":[{"href":"https:\/\/staging.forenteforlag.no\/scandinavian\/wp-json\/wp\/v2\/types\/page"}],"author":[{"embeddable":true,"href":"https:\/\/staging.forenteforlag.no\/scandinavian\/wp-json\/wp\/v2\/users\/2"}],"replies":[{"embeddable":true,"href":"https:\/\/staging.forenteforlag.no\/scandinavian\/wp-json\/wp\/v2\/comments?post=41"}],"version-history":[{"count":7,"href":"https:\/\/staging.forenteforlag.no\/scandinavian\/wp-json\/wp\/v2\/pages\/41\/revisions"}],"predecessor-version":[{"id":20929,"href":"https:\/\/staging.forenteforlag.no\/scandinavian\/wp-json\/wp\/v2\/pages\/41\/revisions\/20929"}],"wp:attachment":[{"href":"https:\/\/staging.forenteforlag.no\/scandinavian\/wp-json\/wp\/v2\/media?parent=41"}],"curies":[{"name":"wp","href":"https:\/\/api.w.org\/{rel}","templated":true}]}}