{"id":29925,"date":"2026-02-05T11:43:18","date_gmt":"2026-02-05T10:43:18","guid":{"rendered":"https:\/\/pax.no\/produkt\/dans-dans-dans-4\/"},"modified":"2026-03-03T21:17:15","modified_gmt":"2026-03-03T20:17:15","slug":"dans-dans-dans-4","status":"publish","type":"product","link":"https:\/\/staging.forenteforlag.no\/pax\/produkt\/dans-dans-dans-4\/","title":{"rendered":"Dans dans dans"},"content":{"rendered":"<p>DANS DANS DANS<br \/>\nHaruki Murakami er en av Japans fremste og mest popul\u00e6re forfattere. Dans dans dans er hans andre roman i norsk oversettelse . en frittst\u00e5ende fortsettelse av Sauejakten som kom i 1993.<br \/>\nHovedpersonen . en navnl\u00f8s tekstforfatter . leter etter en kvinne han ikke kan glemme. Det f\u00f8rer ham tilbake til Hotell Delfinen, men han finner at det er revet og erstattet av et stort internasjonalt kjedehotell. Midt inne i denne nye skyskraperen oppdager han et annet sted . m\u00f8rkt, og med lukt av noe gammelt. Her m\u00f8ter han igjen den mystiske Sauemannen, som har en viktig melding til ham: Dans!<br \/>\nDet er en kald, glatt verden v\u00e5r mann m\u00e5 danse i. Han m\u00f8ter en gammel venn som er blitt filmindustriens superstjerne og har f\u00e5tt livet sitt t\u00f8mt for mening. Han blir kjent med en 13-\u00e5rig jente som stadig glemmes . og gjenglemmes . av sine kunstnerforeldre. Han f\u00e5r innblikk i den moderne kapitalismens nyeste former . som seksuelle tjenester per sex-o-gram. Han f\u00e5r flere varsler om d\u00f8d, og han blir selv mistenkt for mord.<br \/>\nMen han danser! Han holder seg p\u00e5 beina og mister ikke fotfestet i denne verden uten verdier.<br \/>\nDans dans dans er en varm og innsiktsfull roman om et kaldt samfunn.<\/p>\n","protected":false},"excerpt":{"rendered":"<p>DANS DANS DANS Haruki Murakami er en av Japans fremste og mest popul\u00e6re forfattere. Dans dans dans er hans andre roman i norsk oversettelse . en frittst\u00e5ende fortsettelse av Sauejakten som kom i 1993. Hovedpersonen . en navnl\u00f8s tekstforfatter . leter etter en kvinne han ikke kan glemme. Det f\u00f8rer ham tilbake til Hotell Delfinen, [&hellip;]<\/p>\n","protected":false},"featured_media":29923,"template":"","meta":{"_acf_changed":false,"inline_featured_image":false},"product_brand":[],"product_cat":[1782],"product_tag":[370],"class_list":{"0":"post-29925","1":"product","2":"type-product","3":"status-publish","4":"has-post-thumbnail","6":"product_cat-fripris","7":"product_tag-skjonnlitteratur","9":"first","10":"outofstock","11":"purchasable","12":"product-type-simple"},"acf":{"anmeldelse":null},"yoast_head":"<!-- This site is optimized with the Yoast SEO plugin v26.6 - https:\/\/yoast.com\/wordpress\/plugins\/seo\/ -->\n<title>Dans dans dans - Pax<\/title>\n<meta name=\"robots\" content=\"noindex, follow, max-snippet:-1, max-image-preview:large, max-video-preview:-1\" \/>\n<meta property=\"og:locale\" content=\"nb_NO\" \/>\n<meta property=\"og:type\" content=\"article\" \/>\n<meta property=\"og:title\" content=\"Dans dans dans - Pax\" \/>\n<meta property=\"og:description\" content=\"DANS DANS DANS Haruki Murakami er en av Japans fremste og mest popul\u00e6re forfattere. Dans dans dans er hans andre roman i norsk oversettelse . en frittst\u00e5ende fortsettelse av Sauejakten som kom i 1993. Hovedpersonen . en navnl\u00f8s tekstforfatter . leter etter en kvinne han ikke kan glemme. Det f\u00f8rer ham tilbake til Hotell Delfinen, [&hellip;]\" \/>\n<meta property=\"og:url\" content=\"https:\/\/staging.forenteforlag.no\/pax\/produkt\/dans-dans-dans-4\/\" \/>\n<meta property=\"og:site_name\" content=\"Pax\" \/>\n<meta property=\"article:modified_time\" content=\"2026-03-03T20:17:15+00:00\" \/>\n<meta property=\"og:image\" content=\"https:\/\/staging.forenteforlag.no\/pax\/wp-content\/uploads\/sites\/5\/2026\/02\/jpg-17.jpg\" \/>\n\t<meta property=\"og:image:width\" content=\"285\" \/>\n\t<meta property=\"og:image:height\" content=\"450\" \/>\n\t<meta property=\"og:image:type\" content=\"image\/jpeg\" \/>\n<meta name=\"twitter:card\" content=\"summary_large_image\" \/>\n<meta name=\"twitter:label1\" content=\"Ansl. lesetid\" \/>\n\t<meta name=\"twitter:data1\" content=\"1 minutt\" \/>\n<script type=\"application\/ld+json\" class=\"yoast-schema-graph\">{\"@context\":\"https:\/\/schema.org\",\"@graph\":[{\"@type\":\"WebPage\",\"@id\":\"https:\/\/staging.forenteforlag.no\/pax\/produkt\/dans-dans-dans-4\/\",\"url\":\"https:\/\/staging.forenteforlag.no\/pax\/produkt\/dans-dans-dans-4\/\",\"name\":\"Dans dans dans - Pax\",\"isPartOf\":{\"@id\":\"https:\/\/staging.forenteforlag.no\/pax\/#website\"},\"primaryImageOfPage\":{\"@id\":\"https:\/\/staging.forenteforlag.no\/pax\/produkt\/dans-dans-dans-4\/#primaryimage\"},\"image\":{\"@id\":\"https:\/\/staging.forenteforlag.no\/pax\/produkt\/dans-dans-dans-4\/#primaryimage\"},\"thumbnailUrl\":\"https:\/\/staging.forenteforlag.no\/pax\/wp-content\/uploads\/sites\/5\/2026\/02\/jpg-17.jpg\",\"datePublished\":\"2026-02-05T10:43:18+00:00\",\"dateModified\":\"2026-03-03T20:17:15+00:00\",\"breadcrumb\":{\"@id\":\"https:\/\/staging.forenteforlag.no\/pax\/produkt\/dans-dans-dans-4\/#breadcrumb\"},\"inLanguage\":\"nb-NO\",\"potentialAction\":[{\"@type\":\"ReadAction\",\"target\":[\"https:\/\/staging.forenteforlag.no\/pax\/produkt\/dans-dans-dans-4\/\"]}]},{\"@type\":\"ImageObject\",\"inLanguage\":\"nb-NO\",\"@id\":\"https:\/\/staging.forenteforlag.no\/pax\/produkt\/dans-dans-dans-4\/#primaryimage\",\"url\":\"https:\/\/staging.forenteforlag.no\/pax\/wp-content\/uploads\/sites\/5\/2026\/02\/jpg-17.jpg\",\"contentUrl\":\"https:\/\/staging.forenteforlag.no\/pax\/wp-content\/uploads\/sites\/5\/2026\/02\/jpg-17.jpg\",\"width\":285,\"height\":450},{\"@type\":\"BreadcrumbList\",\"@id\":\"https:\/\/staging.forenteforlag.no\/pax\/produkt\/dans-dans-dans-4\/#breadcrumb\",\"itemListElement\":[{\"@type\":\"ListItem\",\"position\":1,\"name\":\"Hjem\",\"item\":\"https:\/\/staging.forenteforlag.no\/pax\/\"},{\"@type\":\"ListItem\",\"position\":2,\"name\":\"Alle b\u00f8ker\",\"item\":\"https:\/\/staging.forenteforlag.no\/pax\/butikk\/\"},{\"@type\":\"ListItem\",\"position\":3,\"name\":\"Dans dans dans\"}]},{\"@type\":\"WebSite\",\"@id\":\"https:\/\/staging.forenteforlag.no\/pax\/#website\",\"url\":\"https:\/\/staging.forenteforlag.no\/pax\/\",\"name\":\"Pax\",\"description\":\"\",\"potentialAction\":[{\"@type\":\"SearchAction\",\"target\":{\"@type\":\"EntryPoint\",\"urlTemplate\":\"https:\/\/staging.forenteforlag.no\/pax\/?s={search_term_string}\"},\"query-input\":{\"@type\":\"PropertyValueSpecification\",\"valueRequired\":true,\"valueName\":\"search_term_string\"}}],\"inLanguage\":\"nb-NO\"}]}<\/script>\n<!-- \/ Yoast SEO plugin. -->","yoast_head_json":{"title":"Dans dans dans - Pax","robots":{"index":"noindex","follow":"follow","max-snippet":"max-snippet:-1","max-image-preview":"max-image-preview:large","max-video-preview":"max-video-preview:-1"},"og_locale":"nb_NO","og_type":"article","og_title":"Dans dans dans - Pax","og_description":"DANS DANS DANS Haruki Murakami er en av Japans fremste og mest popul\u00e6re forfattere. Dans dans dans er hans andre roman i norsk oversettelse . en frittst\u00e5ende fortsettelse av Sauejakten som kom i 1993. Hovedpersonen . en navnl\u00f8s tekstforfatter . leter etter en kvinne han ikke kan glemme. Det f\u00f8rer ham tilbake til Hotell Delfinen, [&hellip;]","og_url":"https:\/\/staging.forenteforlag.no\/pax\/produkt\/dans-dans-dans-4\/","og_site_name":"Pax","article_modified_time":"2026-03-03T20:17:15+00:00","og_image":[{"width":285,"height":450,"url":"https:\/\/staging.forenteforlag.no\/pax\/wp-content\/uploads\/sites\/5\/2026\/02\/jpg-17.jpg","type":"image\/jpeg"}],"twitter_card":"summary_large_image","twitter_misc":{"Ansl. lesetid":"1 minutt"},"schema":{"@context":"https:\/\/schema.org","@graph":[{"@type":"WebPage","@id":"https:\/\/staging.forenteforlag.no\/pax\/produkt\/dans-dans-dans-4\/","url":"https:\/\/staging.forenteforlag.no\/pax\/produkt\/dans-dans-dans-4\/","name":"Dans dans dans - Pax","isPartOf":{"@id":"https:\/\/staging.forenteforlag.no\/pax\/#website"},"primaryImageOfPage":{"@id":"https:\/\/staging.forenteforlag.no\/pax\/produkt\/dans-dans-dans-4\/#primaryimage"},"image":{"@id":"https:\/\/staging.forenteforlag.no\/pax\/produkt\/dans-dans-dans-4\/#primaryimage"},"thumbnailUrl":"https:\/\/staging.forenteforlag.no\/pax\/wp-content\/uploads\/sites\/5\/2026\/02\/jpg-17.jpg","datePublished":"2026-02-05T10:43:18+00:00","dateModified":"2026-03-03T20:17:15+00:00","breadcrumb":{"@id":"https:\/\/staging.forenteforlag.no\/pax\/produkt\/dans-dans-dans-4\/#breadcrumb"},"inLanguage":"nb-NO","potentialAction":[{"@type":"ReadAction","target":["https:\/\/staging.forenteforlag.no\/pax\/produkt\/dans-dans-dans-4\/"]}]},{"@type":"ImageObject","inLanguage":"nb-NO","@id":"https:\/\/staging.forenteforlag.no\/pax\/produkt\/dans-dans-dans-4\/#primaryimage","url":"https:\/\/staging.forenteforlag.no\/pax\/wp-content\/uploads\/sites\/5\/2026\/02\/jpg-17.jpg","contentUrl":"https:\/\/staging.forenteforlag.no\/pax\/wp-content\/uploads\/sites\/5\/2026\/02\/jpg-17.jpg","width":285,"height":450},{"@type":"BreadcrumbList","@id":"https:\/\/staging.forenteforlag.no\/pax\/produkt\/dans-dans-dans-4\/#breadcrumb","itemListElement":[{"@type":"ListItem","position":1,"name":"Hjem","item":"https:\/\/staging.forenteforlag.no\/pax\/"},{"@type":"ListItem","position":2,"name":"Alle b\u00f8ker","item":"https:\/\/staging.forenteforlag.no\/pax\/butikk\/"},{"@type":"ListItem","position":3,"name":"Dans dans dans"}]},{"@type":"WebSite","@id":"https:\/\/staging.forenteforlag.no\/pax\/#website","url":"https:\/\/staging.forenteforlag.no\/pax\/","name":"Pax","description":"","potentialAction":[{"@type":"SearchAction","target":{"@type":"EntryPoint","urlTemplate":"https:\/\/staging.forenteforlag.no\/pax\/?s={search_term_string}"},"query-input":{"@type":"PropertyValueSpecification","valueRequired":true,"valueName":"search_term_string"}}],"inLanguage":"nb-NO"}]}},"_links":{"self":[{"href":"https:\/\/staging.forenteforlag.no\/pax\/wp-json\/wp\/v2\/product\/29925","targetHints":{"allow":["GET"]}}],"collection":[{"href":"https:\/\/staging.forenteforlag.no\/pax\/wp-json\/wp\/v2\/product"}],"about":[{"href":"https:\/\/staging.forenteforlag.no\/pax\/wp-json\/wp\/v2\/types\/product"}],"wp:featuredmedia":[{"embeddable":true,"href":"https:\/\/staging.forenteforlag.no\/pax\/wp-json\/wp\/v2\/media\/29923"}],"wp:attachment":[{"href":"https:\/\/staging.forenteforlag.no\/pax\/wp-json\/wp\/v2\/media?parent=29925"}],"wp:term":[{"taxonomy":"product_brand","embeddable":true,"href":"https:\/\/staging.forenteforlag.no\/pax\/wp-json\/wp\/v2\/product_brand?post=29925"},{"taxonomy":"product_cat","embeddable":true,"href":"https:\/\/staging.forenteforlag.no\/pax\/wp-json\/wp\/v2\/product_cat?post=29925"},{"taxonomy":"product_tag","embeddable":true,"href":"https:\/\/staging.forenteforlag.no\/pax\/wp-json\/wp\/v2\/product_tag?post=29925"}],"curies":[{"name":"wp","href":"https:\/\/api.w.org\/{rel}","templated":true}]}}