{"id":29919,"date":"2026-02-05T11:57:19","date_gmt":"2026-02-05T10:57:19","guid":{"rendered":"https:\/\/pax.no\/produkt\/angrep-pa-harvard\/"},"modified":"2026-02-24T06:21:18","modified_gmt":"2026-02-24T05:21:18","slug":"angrep-pa-harvard","status":"publish","type":"product","link":"https:\/\/staging.forenteforlag.no\/pax\/produkt\/angrep-pa-harvard\/","title":{"rendered":"Angrep p\u00e5 Harvard"},"content":{"rendered":"<p>I 2025 retter USAs president Donald Trump siktet mot landets eldste universitet, Harvard. Den danske statsvitenskapsstudenten Emil Sondaj Hansen opplever det historiske oppgj\u00f8ret mellom vitenskap og makt p\u00e5 n\u00e6rt hold. Konflikten kryper inn under huden p\u00e5 ham og f\u00f8rer til at han stiller seg sp\u00f8rsm\u00e5l som sjelden dukker opp i et demokrati: Kan jeg si hva jeg mener? T\u00f8r jeg oppholde meg i n\u00e6rheten av en demonstrasjon?&nbsp;<\/p>\n<p><em>Angrep p\u00e5 Harvard<\/em>\u202f er\u202fen \u00f8yenvitneskildring fra et polarisert USA. Den handler ikke bare om et universitet, men ogs\u00e5 om en splittet nasjon hvor frontene er harde og institusjonen vakler. Emil Sondaj Hansen reiser langs den amerikanske \u00f8stkysten fra Vermont til Washington D.C., snakker med servit\u00f8rer og statsledere og trekker veksler p\u00e5 sin kunnskap om internasjonal politikk. Resultatet er b\u00e5de et bilde av den skremmende utviklingen han er vitne til i Trumps USA, og et politisk opprop til Europa om \u00e5 forsvare friheten f\u00f8r den g\u00e5r tapt.&nbsp;<\/p>\n","protected":false},"excerpt":{"rendered":"<p>I 2025 retter USAs president Donald Trump siktet mot landets eldste universitet, Harvard. Den danske statsvitenskapsstudenten Emil Sondaj Hansen opplever det historiske oppgj\u00f8ret mellom vitenskap og makt p\u00e5 n\u00e6rt hold. Konflikten kryper inn under huden p\u00e5 ham og f\u00f8rer til at han stiller seg sp\u00f8rsm\u00e5l som sjelden dukker opp i et demokrati: Kan jeg si [&hellip;]<\/p>\n","protected":false},"featured_media":29952,"template":"","meta":{"_acf_changed":false,"inline_featured_image":false},"product_brand":[],"product_cat":[353,16],"product_tag":[362],"class_list":{"0":"post-29919","1":"product","2":"type-product","3":"status-publish","4":"has-post-thumbnail","6":"product_cat-kommende-boker","7":"product_cat-ukategorisert","8":"product_tag-faglitteratur","9":"pa_format-innbundet","11":"first","12":"kommer","13":"purchasable","14":"product-type-simple"},"acf":{"anmeldelse":null},"yoast_head":"<!-- This site is optimized with the Yoast SEO plugin v26.6 - https:\/\/yoast.com\/wordpress\/plugins\/seo\/ -->\n<title>Angrep p\u00e5 Harvard - Pax<\/title>\n<meta name=\"robots\" content=\"noindex, follow, max-snippet:-1, max-image-preview:large, max-video-preview:-1\" \/>\n<meta property=\"og:locale\" content=\"nb_NO\" \/>\n<meta property=\"og:type\" content=\"article\" \/>\n<meta property=\"og:title\" content=\"Angrep p\u00e5 Harvard - Pax\" \/>\n<meta property=\"og:description\" content=\"I 2025 retter USAs president Donald Trump siktet mot landets eldste universitet, Harvard. Den danske statsvitenskapsstudenten Emil Sondaj Hansen opplever det historiske oppgj\u00f8ret mellom vitenskap og makt p\u00e5 n\u00e6rt hold. Konflikten kryper inn under huden p\u00e5 ham og f\u00f8rer til at han stiller seg sp\u00f8rsm\u00e5l som sjelden dukker opp i et demokrati: Kan jeg si [&hellip;]\" \/>\n<meta property=\"og:url\" content=\"https:\/\/staging.forenteforlag.no\/pax\/produkt\/angrep-pa-harvard\/\" \/>\n<meta property=\"og:site_name\" content=\"Pax\" \/>\n<meta property=\"article:modified_time\" content=\"2026-02-24T05:21:18+00:00\" \/>\n<meta property=\"og:image\" content=\"https:\/\/staging.forenteforlag.no\/pax\/wp-content\/uploads\/sites\/5\/2026\/02\/Angreb-pa-Harvard-NORSK_omslag-scaled.jpg\" \/>\n\t<meta property=\"og:image:width\" content=\"1246\" \/>\n\t<meta property=\"og:image:height\" content=\"1920\" \/>\n\t<meta property=\"og:image:type\" content=\"image\/jpeg\" \/>\n<meta name=\"twitter:card\" content=\"summary_large_image\" \/>\n<meta name=\"twitter:label1\" content=\"Ansl. lesetid\" \/>\n\t<meta name=\"twitter:data1\" content=\"2 minutter\" \/>\n<script type=\"application\/ld+json\" class=\"yoast-schema-graph\">{\"@context\":\"https:\/\/schema.org\",\"@graph\":[{\"@type\":\"WebPage\",\"@id\":\"https:\/\/staging.forenteforlag.no\/pax\/produkt\/angrep-pa-harvard\/\",\"url\":\"https:\/\/staging.forenteforlag.no\/pax\/produkt\/angrep-pa-harvard\/\",\"name\":\"Angrep p\u00e5 Harvard - Pax\",\"isPartOf\":{\"@id\":\"https:\/\/staging.forenteforlag.no\/pax\/#website\"},\"primaryImageOfPage\":{\"@id\":\"https:\/\/staging.forenteforlag.no\/pax\/produkt\/angrep-pa-harvard\/#primaryimage\"},\"image\":{\"@id\":\"https:\/\/staging.forenteforlag.no\/pax\/produkt\/angrep-pa-harvard\/#primaryimage\"},\"thumbnailUrl\":\"https:\/\/staging.forenteforlag.no\/pax\/wp-content\/uploads\/sites\/5\/2026\/02\/Angreb-pa-Harvard-NORSK_omslag-scaled.jpg\",\"datePublished\":\"2026-02-05T10:57:19+00:00\",\"dateModified\":\"2026-02-24T05:21:18+00:00\",\"breadcrumb\":{\"@id\":\"https:\/\/staging.forenteforlag.no\/pax\/produkt\/angrep-pa-harvard\/#breadcrumb\"},\"inLanguage\":\"nb-NO\",\"potentialAction\":[{\"@type\":\"ReadAction\",\"target\":[\"https:\/\/staging.forenteforlag.no\/pax\/produkt\/angrep-pa-harvard\/\"]}]},{\"@type\":\"ImageObject\",\"inLanguage\":\"nb-NO\",\"@id\":\"https:\/\/staging.forenteforlag.no\/pax\/produkt\/angrep-pa-harvard\/#primaryimage\",\"url\":\"https:\/\/staging.forenteforlag.no\/pax\/wp-content\/uploads\/sites\/5\/2026\/02\/Angreb-pa-Harvard-NORSK_omslag-scaled.jpg\",\"contentUrl\":\"https:\/\/staging.forenteforlag.no\/pax\/wp-content\/uploads\/sites\/5\/2026\/02\/Angreb-pa-Harvard-NORSK_omslag-scaled.jpg\",\"width\":1246,\"height\":1920},{\"@type\":\"BreadcrumbList\",\"@id\":\"https:\/\/staging.forenteforlag.no\/pax\/produkt\/angrep-pa-harvard\/#breadcrumb\",\"itemListElement\":[{\"@type\":\"ListItem\",\"position\":1,\"name\":\"Hjem\",\"item\":\"https:\/\/staging.forenteforlag.no\/pax\/\"},{\"@type\":\"ListItem\",\"position\":2,\"name\":\"Alle b\u00f8ker\",\"item\":\"https:\/\/staging.forenteforlag.no\/pax\/butikk\/\"},{\"@type\":\"ListItem\",\"position\":3,\"name\":\"Angrep p\u00e5 Harvard\"}]},{\"@type\":\"WebSite\",\"@id\":\"https:\/\/staging.forenteforlag.no\/pax\/#website\",\"url\":\"https:\/\/staging.forenteforlag.no\/pax\/\",\"name\":\"Pax\",\"description\":\"\",\"potentialAction\":[{\"@type\":\"SearchAction\",\"target\":{\"@type\":\"EntryPoint\",\"urlTemplate\":\"https:\/\/staging.forenteforlag.no\/pax\/?s={search_term_string}\"},\"query-input\":{\"@type\":\"PropertyValueSpecification\",\"valueRequired\":true,\"valueName\":\"search_term_string\"}}],\"inLanguage\":\"nb-NO\"}]}<\/script>\n<!-- \/ Yoast SEO plugin. -->","yoast_head_json":{"title":"Angrep p\u00e5 Harvard - Pax","robots":{"index":"noindex","follow":"follow","max-snippet":"max-snippet:-1","max-image-preview":"max-image-preview:large","max-video-preview":"max-video-preview:-1"},"og_locale":"nb_NO","og_type":"article","og_title":"Angrep p\u00e5 Harvard - Pax","og_description":"I 2025 retter USAs president Donald Trump siktet mot landets eldste universitet, Harvard. Den danske statsvitenskapsstudenten Emil Sondaj Hansen opplever det historiske oppgj\u00f8ret mellom vitenskap og makt p\u00e5 n\u00e6rt hold. Konflikten kryper inn under huden p\u00e5 ham og f\u00f8rer til at han stiller seg sp\u00f8rsm\u00e5l som sjelden dukker opp i et demokrati: Kan jeg si [&hellip;]","og_url":"https:\/\/staging.forenteforlag.no\/pax\/produkt\/angrep-pa-harvard\/","og_site_name":"Pax","article_modified_time":"2026-02-24T05:21:18+00:00","og_image":[{"width":1246,"height":1920,"url":"https:\/\/staging.forenteforlag.no\/pax\/wp-content\/uploads\/sites\/5\/2026\/02\/Angreb-pa-Harvard-NORSK_omslag-scaled.jpg","type":"image\/jpeg"}],"twitter_card":"summary_large_image","twitter_misc":{"Ansl. lesetid":"2 minutter"},"schema":{"@context":"https:\/\/schema.org","@graph":[{"@type":"WebPage","@id":"https:\/\/staging.forenteforlag.no\/pax\/produkt\/angrep-pa-harvard\/","url":"https:\/\/staging.forenteforlag.no\/pax\/produkt\/angrep-pa-harvard\/","name":"Angrep p\u00e5 Harvard - Pax","isPartOf":{"@id":"https:\/\/staging.forenteforlag.no\/pax\/#website"},"primaryImageOfPage":{"@id":"https:\/\/staging.forenteforlag.no\/pax\/produkt\/angrep-pa-harvard\/#primaryimage"},"image":{"@id":"https:\/\/staging.forenteforlag.no\/pax\/produkt\/angrep-pa-harvard\/#primaryimage"},"thumbnailUrl":"https:\/\/staging.forenteforlag.no\/pax\/wp-content\/uploads\/sites\/5\/2026\/02\/Angreb-pa-Harvard-NORSK_omslag-scaled.jpg","datePublished":"2026-02-05T10:57:19+00:00","dateModified":"2026-02-24T05:21:18+00:00","breadcrumb":{"@id":"https:\/\/staging.forenteforlag.no\/pax\/produkt\/angrep-pa-harvard\/#breadcrumb"},"inLanguage":"nb-NO","potentialAction":[{"@type":"ReadAction","target":["https:\/\/staging.forenteforlag.no\/pax\/produkt\/angrep-pa-harvard\/"]}]},{"@type":"ImageObject","inLanguage":"nb-NO","@id":"https:\/\/staging.forenteforlag.no\/pax\/produkt\/angrep-pa-harvard\/#primaryimage","url":"https:\/\/staging.forenteforlag.no\/pax\/wp-content\/uploads\/sites\/5\/2026\/02\/Angreb-pa-Harvard-NORSK_omslag-scaled.jpg","contentUrl":"https:\/\/staging.forenteforlag.no\/pax\/wp-content\/uploads\/sites\/5\/2026\/02\/Angreb-pa-Harvard-NORSK_omslag-scaled.jpg","width":1246,"height":1920},{"@type":"BreadcrumbList","@id":"https:\/\/staging.forenteforlag.no\/pax\/produkt\/angrep-pa-harvard\/#breadcrumb","itemListElement":[{"@type":"ListItem","position":1,"name":"Hjem","item":"https:\/\/staging.forenteforlag.no\/pax\/"},{"@type":"ListItem","position":2,"name":"Alle b\u00f8ker","item":"https:\/\/staging.forenteforlag.no\/pax\/butikk\/"},{"@type":"ListItem","position":3,"name":"Angrep p\u00e5 Harvard"}]},{"@type":"WebSite","@id":"https:\/\/staging.forenteforlag.no\/pax\/#website","url":"https:\/\/staging.forenteforlag.no\/pax\/","name":"Pax","description":"","potentialAction":[{"@type":"SearchAction","target":{"@type":"EntryPoint","urlTemplate":"https:\/\/staging.forenteforlag.no\/pax\/?s={search_term_string}"},"query-input":{"@type":"PropertyValueSpecification","valueRequired":true,"valueName":"search_term_string"}}],"inLanguage":"nb-NO"}]}},"_links":{"self":[{"href":"https:\/\/staging.forenteforlag.no\/pax\/wp-json\/wp\/v2\/product\/29919","targetHints":{"allow":["GET"]}}],"collection":[{"href":"https:\/\/staging.forenteforlag.no\/pax\/wp-json\/wp\/v2\/product"}],"about":[{"href":"https:\/\/staging.forenteforlag.no\/pax\/wp-json\/wp\/v2\/types\/product"}],"wp:featuredmedia":[{"embeddable":true,"href":"https:\/\/staging.forenteforlag.no\/pax\/wp-json\/wp\/v2\/media\/29952"}],"wp:attachment":[{"href":"https:\/\/staging.forenteforlag.no\/pax\/wp-json\/wp\/v2\/media?parent=29919"}],"wp:term":[{"taxonomy":"product_brand","embeddable":true,"href":"https:\/\/staging.forenteforlag.no\/pax\/wp-json\/wp\/v2\/product_brand?post=29919"},{"taxonomy":"product_cat","embeddable":true,"href":"https:\/\/staging.forenteforlag.no\/pax\/wp-json\/wp\/v2\/product_cat?post=29919"},{"taxonomy":"product_tag","embeddable":true,"href":"https:\/\/staging.forenteforlag.no\/pax\/wp-json\/wp\/v2\/product_tag?post=29919"}],"curies":[{"name":"wp","href":"https:\/\/api.w.org\/{rel}","templated":true}]}}