{"id":29829,"date":"2026-01-05T05:11:35","date_gmt":"2026-01-05T04:11:35","guid":{"rendered":"https:\/\/pax.no\/produkt\/regn-i-november-3\/"},"modified":"2026-03-03T23:24:57","modified_gmt":"2026-03-03T22:24:57","slug":"regn-i-november-3","status":"publish","type":"product","link":"https:\/\/staging.forenteforlag.no\/pax\/produkt\/regn-i-november-3\/","title":{"rendered":"Regn i november"},"content":{"rendered":"<p>F\u00f8rst kj\u00f8rer hun over en g\u00e5s, deretter blir hun dumpet av to menn. N\u00e5 frister det mest med en lang og varm ferie. Men s\u00e5 f\u00e5r hun uventet ansvaret for venninnens fire \u00e5r gamle d\u00f8ve s\u00f8nn Tumi. Og da gutten velger vinnertallene p\u00e5 tidenes st\u00f8rste lottokupong, drar de to av g\u00e5rde p\u00e5 biltur midt i m\u00f8rkeste november. &lt;br&gt;&lt;br&gt;Med hanskerommet fullt av tusenlapper setter de kursen mot et sommerhus p\u00e5 \u00f8stkysten av Island. Underveis treffer de p\u00e5 agurkdyrkende b\u00f8nder, et estisk mannskor, en uheldig falk, en hemmelighetsfull haiker og flere saueflokker med sv\u00e6rt d\u00e5rlig trafikkvett. Det som startet som en spontan reise, \u00e5pner opp for b\u00e5de avgj\u00f8rende valg og nye innsikter.&lt;br&gt;<\/p>\n","protected":false},"excerpt":{"rendered":"<p>F\u00f8rst kj\u00f8rer hun over en g\u00e5s, deretter blir hun dumpet av to menn. N\u00e5 frister det mest med en lang og varm ferie. Men s\u00e5 f\u00e5r hun uventet ansvaret for venninnens fire \u00e5r gamle d\u00f8ve s\u00f8nn Tumi. Og da gutten velger vinnertallene p\u00e5 tidenes st\u00f8rste lottokupong, drar de to av g\u00e5rde p\u00e5 biltur midt i [&hellip;]<\/p>\n","protected":false},"featured_media":29901,"template":"","meta":{"_acf_changed":false,"inline_featured_image":false},"product_brand":[],"product_cat":[1778],"product_tag":[370],"class_list":{"0":"post-29829","1":"product","2":"type-product","3":"status-publish","4":"has-post-thumbnail","6":"product_cat-fastpris","7":"product_tag-skjonnlitteratur","9":"first","10":"kommer","11":"purchasable","12":"product-type-simple"},"acf":{"anmeldelse":[{"tekst_anmeldelser":"\u00abUnderlig og fin roman fra Island\u00bb","av_anmeldelser":"Kathleen Rani Hagen","terningkast":"<i class=\"fa-solid fa-dice-five\"><\/i>","kilde":"F\u00e6drelandsvennen"},{"tekst_anmeldelser":"\u00abBoka tar oss med p\u00e5 en skikkelig roadtrip p\u00e5 ringvegen rundt Island. Det er kaldt og m\u00f8rkt, men undervegs er det mange lyspunkter som varmer.\u00bb","av_anmeldelser":"Jon \u00c5ge Fiskum","terningkast":"<i class=\"fa-solid fa-dice-five\"><\/i>","kilde":"Tr\u00f8nder-Avisa"},{"tekst_anmeldelser":"\u00abEn varm, humoristisk og annerledes historie om en kvinnes reise for \u00e5 finne seg selv. Et lyrisk og enkelt spr\u00e5k gj\u00f8r ogs\u00e5 fortellingen til en flott leseropplevelse.\u00bb","av_anmeldelser":"Kari N. H\u00f8lland","terningkast":false,"kilde":"Sandnesposten"}]},"yoast_head":"<!-- This site is optimized with the Yoast SEO plugin v26.6 - https:\/\/yoast.com\/wordpress\/plugins\/seo\/ -->\n<title>Regn i november - Pax<\/title>\n<meta name=\"robots\" content=\"noindex, follow, max-snippet:-1, max-image-preview:large, max-video-preview:-1\" \/>\n<meta property=\"og:locale\" content=\"nb_NO\" \/>\n<meta property=\"og:type\" content=\"article\" \/>\n<meta property=\"og:title\" content=\"Regn i november - Pax\" \/>\n<meta property=\"og:description\" content=\"F\u00f8rst kj\u00f8rer hun over en g\u00e5s, deretter blir hun dumpet av to menn. N\u00e5 frister det mest med en lang og varm ferie. Men s\u00e5 f\u00e5r hun uventet ansvaret for venninnens fire \u00e5r gamle d\u00f8ve s\u00f8nn Tumi. Og da gutten velger vinnertallene p\u00e5 tidenes st\u00f8rste lottokupong, drar de to av g\u00e5rde p\u00e5 biltur midt i [&hellip;]\" \/>\n<meta property=\"og:url\" content=\"https:\/\/staging.forenteforlag.no\/pax\/produkt\/regn-i-november-3\/\" \/>\n<meta property=\"og:site_name\" content=\"Pax\" \/>\n<meta property=\"article:modified_time\" content=\"2026-03-03T22:24:57+00:00\" \/>\n<meta property=\"og:image\" content=\"https:\/\/staging.forenteforlag.no\/pax\/wp-content\/uploads\/sites\/5\/2026\/02\/Cover-REGN-I-NOVEMBER-2026-scaled.jpeg\" \/>\n\t<meta property=\"og:image:width\" content=\"1200\" \/>\n\t<meta property=\"og:image:height\" content=\"1920\" \/>\n\t<meta property=\"og:image:type\" content=\"image\/jpeg\" \/>\n<meta name=\"twitter:card\" content=\"summary_large_image\" \/>\n<meta name=\"twitter:label1\" content=\"Ansl. lesetid\" \/>\n\t<meta name=\"twitter:data1\" content=\"1 minutt\" \/>\n<script type=\"application\/ld+json\" class=\"yoast-schema-graph\">{\"@context\":\"https:\/\/schema.org\",\"@graph\":[{\"@type\":\"WebPage\",\"@id\":\"https:\/\/staging.forenteforlag.no\/pax\/produkt\/regn-i-november-3\/\",\"url\":\"https:\/\/staging.forenteforlag.no\/pax\/produkt\/regn-i-november-3\/\",\"name\":\"Regn i november - Pax\",\"isPartOf\":{\"@id\":\"https:\/\/staging.forenteforlag.no\/pax\/#website\"},\"primaryImageOfPage\":{\"@id\":\"https:\/\/staging.forenteforlag.no\/pax\/produkt\/regn-i-november-3\/#primaryimage\"},\"image\":{\"@id\":\"https:\/\/staging.forenteforlag.no\/pax\/produkt\/regn-i-november-3\/#primaryimage\"},\"thumbnailUrl\":\"https:\/\/staging.forenteforlag.no\/pax\/wp-content\/uploads\/sites\/5\/2026\/02\/Cover-REGN-I-NOVEMBER-2026-scaled.jpeg\",\"datePublished\":\"2026-01-05T04:11:35+00:00\",\"dateModified\":\"2026-03-03T22:24:57+00:00\",\"breadcrumb\":{\"@id\":\"https:\/\/staging.forenteforlag.no\/pax\/produkt\/regn-i-november-3\/#breadcrumb\"},\"inLanguage\":\"nb-NO\",\"potentialAction\":[{\"@type\":\"ReadAction\",\"target\":[\"https:\/\/staging.forenteforlag.no\/pax\/produkt\/regn-i-november-3\/\"]}]},{\"@type\":\"ImageObject\",\"inLanguage\":\"nb-NO\",\"@id\":\"https:\/\/staging.forenteforlag.no\/pax\/produkt\/regn-i-november-3\/#primaryimage\",\"url\":\"https:\/\/staging.forenteforlag.no\/pax\/wp-content\/uploads\/sites\/5\/2026\/02\/Cover-REGN-I-NOVEMBER-2026-scaled.jpeg\",\"contentUrl\":\"https:\/\/staging.forenteforlag.no\/pax\/wp-content\/uploads\/sites\/5\/2026\/02\/Cover-REGN-I-NOVEMBER-2026-scaled.jpeg\",\"width\":1200,\"height\":1920},{\"@type\":\"BreadcrumbList\",\"@id\":\"https:\/\/staging.forenteforlag.no\/pax\/produkt\/regn-i-november-3\/#breadcrumb\",\"itemListElement\":[{\"@type\":\"ListItem\",\"position\":1,\"name\":\"Hjem\",\"item\":\"https:\/\/staging.forenteforlag.no\/pax\/\"},{\"@type\":\"ListItem\",\"position\":2,\"name\":\"Alle b\u00f8ker\",\"item\":\"https:\/\/staging.forenteforlag.no\/pax\/butikk\/\"},{\"@type\":\"ListItem\",\"position\":3,\"name\":\"Regn i november\"}]},{\"@type\":\"WebSite\",\"@id\":\"https:\/\/staging.forenteforlag.no\/pax\/#website\",\"url\":\"https:\/\/staging.forenteforlag.no\/pax\/\",\"name\":\"Pax\",\"description\":\"\",\"potentialAction\":[{\"@type\":\"SearchAction\",\"target\":{\"@type\":\"EntryPoint\",\"urlTemplate\":\"https:\/\/staging.forenteforlag.no\/pax\/?s={search_term_string}\"},\"query-input\":{\"@type\":\"PropertyValueSpecification\",\"valueRequired\":true,\"valueName\":\"search_term_string\"}}],\"inLanguage\":\"nb-NO\"}]}<\/script>\n<!-- \/ Yoast SEO plugin. -->","yoast_head_json":{"title":"Regn i november - Pax","robots":{"index":"noindex","follow":"follow","max-snippet":"max-snippet:-1","max-image-preview":"max-image-preview:large","max-video-preview":"max-video-preview:-1"},"og_locale":"nb_NO","og_type":"article","og_title":"Regn i november - Pax","og_description":"F\u00f8rst kj\u00f8rer hun over en g\u00e5s, deretter blir hun dumpet av to menn. N\u00e5 frister det mest med en lang og varm ferie. Men s\u00e5 f\u00e5r hun uventet ansvaret for venninnens fire \u00e5r gamle d\u00f8ve s\u00f8nn Tumi. Og da gutten velger vinnertallene p\u00e5 tidenes st\u00f8rste lottokupong, drar de to av g\u00e5rde p\u00e5 biltur midt i [&hellip;]","og_url":"https:\/\/staging.forenteforlag.no\/pax\/produkt\/regn-i-november-3\/","og_site_name":"Pax","article_modified_time":"2026-03-03T22:24:57+00:00","og_image":[{"width":1200,"height":1920,"url":"https:\/\/staging.forenteforlag.no\/pax\/wp-content\/uploads\/sites\/5\/2026\/02\/Cover-REGN-I-NOVEMBER-2026-scaled.jpeg","type":"image\/jpeg"}],"twitter_card":"summary_large_image","twitter_misc":{"Ansl. lesetid":"1 minutt"},"schema":{"@context":"https:\/\/schema.org","@graph":[{"@type":"WebPage","@id":"https:\/\/staging.forenteforlag.no\/pax\/produkt\/regn-i-november-3\/","url":"https:\/\/staging.forenteforlag.no\/pax\/produkt\/regn-i-november-3\/","name":"Regn i november - Pax","isPartOf":{"@id":"https:\/\/staging.forenteforlag.no\/pax\/#website"},"primaryImageOfPage":{"@id":"https:\/\/staging.forenteforlag.no\/pax\/produkt\/regn-i-november-3\/#primaryimage"},"image":{"@id":"https:\/\/staging.forenteforlag.no\/pax\/produkt\/regn-i-november-3\/#primaryimage"},"thumbnailUrl":"https:\/\/staging.forenteforlag.no\/pax\/wp-content\/uploads\/sites\/5\/2026\/02\/Cover-REGN-I-NOVEMBER-2026-scaled.jpeg","datePublished":"2026-01-05T04:11:35+00:00","dateModified":"2026-03-03T22:24:57+00:00","breadcrumb":{"@id":"https:\/\/staging.forenteforlag.no\/pax\/produkt\/regn-i-november-3\/#breadcrumb"},"inLanguage":"nb-NO","potentialAction":[{"@type":"ReadAction","target":["https:\/\/staging.forenteforlag.no\/pax\/produkt\/regn-i-november-3\/"]}]},{"@type":"ImageObject","inLanguage":"nb-NO","@id":"https:\/\/staging.forenteforlag.no\/pax\/produkt\/regn-i-november-3\/#primaryimage","url":"https:\/\/staging.forenteforlag.no\/pax\/wp-content\/uploads\/sites\/5\/2026\/02\/Cover-REGN-I-NOVEMBER-2026-scaled.jpeg","contentUrl":"https:\/\/staging.forenteforlag.no\/pax\/wp-content\/uploads\/sites\/5\/2026\/02\/Cover-REGN-I-NOVEMBER-2026-scaled.jpeg","width":1200,"height":1920},{"@type":"BreadcrumbList","@id":"https:\/\/staging.forenteforlag.no\/pax\/produkt\/regn-i-november-3\/#breadcrumb","itemListElement":[{"@type":"ListItem","position":1,"name":"Hjem","item":"https:\/\/staging.forenteforlag.no\/pax\/"},{"@type":"ListItem","position":2,"name":"Alle b\u00f8ker","item":"https:\/\/staging.forenteforlag.no\/pax\/butikk\/"},{"@type":"ListItem","position":3,"name":"Regn i november"}]},{"@type":"WebSite","@id":"https:\/\/staging.forenteforlag.no\/pax\/#website","url":"https:\/\/staging.forenteforlag.no\/pax\/","name":"Pax","description":"","potentialAction":[{"@type":"SearchAction","target":{"@type":"EntryPoint","urlTemplate":"https:\/\/staging.forenteforlag.no\/pax\/?s={search_term_string}"},"query-input":{"@type":"PropertyValueSpecification","valueRequired":true,"valueName":"search_term_string"}}],"inLanguage":"nb-NO"}]}},"_links":{"self":[{"href":"https:\/\/staging.forenteforlag.no\/pax\/wp-json\/wp\/v2\/product\/29829","targetHints":{"allow":["GET"]}}],"collection":[{"href":"https:\/\/staging.forenteforlag.no\/pax\/wp-json\/wp\/v2\/product"}],"about":[{"href":"https:\/\/staging.forenteforlag.no\/pax\/wp-json\/wp\/v2\/types\/product"}],"wp:featuredmedia":[{"embeddable":true,"href":"https:\/\/staging.forenteforlag.no\/pax\/wp-json\/wp\/v2\/media\/29901"}],"wp:attachment":[{"href":"https:\/\/staging.forenteforlag.no\/pax\/wp-json\/wp\/v2\/media?parent=29829"}],"wp:term":[{"taxonomy":"product_brand","embeddable":true,"href":"https:\/\/staging.forenteforlag.no\/pax\/wp-json\/wp\/v2\/product_brand?post=29829"},{"taxonomy":"product_cat","embeddable":true,"href":"https:\/\/staging.forenteforlag.no\/pax\/wp-json\/wp\/v2\/product_cat?post=29829"},{"taxonomy":"product_tag","embeddable":true,"href":"https:\/\/staging.forenteforlag.no\/pax\/wp-json\/wp\/v2\/product_tag?post=29829"}],"curies":[{"name":"wp","href":"https:\/\/api.w.org\/{rel}","templated":true}]}}