{"id":29819,"date":"2026-01-05T05:11:44","date_gmt":"2026-01-05T04:11:44","guid":{"rendered":"https:\/\/pax.no\/produkt\/svik-som-gar-i-arv\/"},"modified":"2026-02-24T06:20:45","modified_gmt":"2026-02-24T05:20:45","slug":"svik-som-gar-i-arv","status":"publish","type":"product","link":"https:\/\/staging.forenteforlag.no\/pax\/produkt\/svik-som-gar-i-arv\/","title":{"rendered":"Svik som g\u00e5r i arv"},"content":{"rendered":"<p>Majalis har nettopp vendt tilbake til Lappland etter tjue \u00e5r i Dublin. Faren hennes d\u00f8de da hun var ung, moren har hun ikke snakket med siden. N\u00e5 er ogs\u00e5 moren d\u00f8d, og Majalis flytter inn i barndomshjemmet og f\u00e5r seg jobb p\u00e5 det lokale biblioteket. At hun venter barn med mannen som nylig dumpet henne, holder hun skjult.&nbsp;<\/p>\n<p>Da hun begynner \u00e5 bla i morens dagb\u00f8ker, blir Majalis dratt tilbake til barndommen hun i alle \u00e5r har fors\u00f8kt \u00e5 r\u00f8mme fra. Samtidig finner hun uventet glede i vennskapet med de to kranglevorne nabogubbene Stigga og Torsten. Sammen tar de tre opp kampen mot gruveselskapet som driver rovdrift p\u00e5 naturen i n\u00e6romr\u00e5det.&nbsp;&nbsp;<br \/>&nbsp;<br \/><em>Svik som g\u00e5r i arv <\/em>er en underholdende og gripende roman om morskap, vennskap og skam \u2013 fortalt gjennom tre kvinner i tre tidsperioder. I tillegg til Majalis og moren blir vi kjent med deres formor Nienna, som bodde p\u00e5 samme sted p\u00e5 1600-tallet. Det skal vise seg at de tre kvinnene har mer til felles enn Majalis aner.&nbsp;<\/p>\n","protected":false},"excerpt":{"rendered":"<p>Majalis har nettopp vendt tilbake til Lappland etter tjue \u00e5r i Dublin. Faren hennes d\u00f8de da hun var ung, moren har hun ikke snakket med siden. N\u00e5 er ogs\u00e5 moren d\u00f8d, og Majalis flytter inn i barndomshjemmet og f\u00e5r seg jobb p\u00e5 det lokale biblioteket. At hun venter barn med mannen som nylig dumpet henne, [&hellip;]<\/p>\n","protected":false},"featured_media":29951,"template":"","meta":{"_acf_changed":false,"inline_featured_image":false},"product_brand":[],"product_cat":[352,353,40],"product_tag":[370],"class_list":{"0":"post-29819","1":"product","2":"type-product","3":"status-publish","4":"has-post-thumbnail","6":"product_cat-arets-boker","7":"product_cat-kommende-boker","8":"product_cat-romaner","9":"product_tag-skjonnlitteratur","10":"pa_format-innbundet","12":"first","13":"kommer","14":"purchasable","15":"product-type-simple"},"acf":{"anmeldelse":[{"tekst_anmeldelser":"\u00abEn vibrerende vakker og nyansert fortelling om det lille livet og naturen\u00bb","av_anmeldelser":"SVT","terningkast":false,"kilde":"SVT"}]},"yoast_head":"<!-- This site is optimized with the Yoast SEO plugin v26.6 - https:\/\/yoast.com\/wordpress\/plugins\/seo\/ -->\n<title>Svik som g\u00e5r i arv - Pax<\/title>\n<meta name=\"robots\" content=\"noindex, follow, max-snippet:-1, max-image-preview:large, max-video-preview:-1\" \/>\n<meta property=\"og:locale\" content=\"nb_NO\" \/>\n<meta property=\"og:type\" content=\"article\" \/>\n<meta property=\"og:title\" content=\"Svik som g\u00e5r i arv - Pax\" \/>\n<meta property=\"og:description\" content=\"Majalis har nettopp vendt tilbake til Lappland etter tjue \u00e5r i Dublin. Faren hennes d\u00f8de da hun var ung, moren har hun ikke snakket med siden. N\u00e5 er ogs\u00e5 moren d\u00f8d, og Majalis flytter inn i barndomshjemmet og f\u00e5r seg jobb p\u00e5 det lokale biblioteket. At hun venter barn med mannen som nylig dumpet henne, [&hellip;]\" \/>\n<meta property=\"og:url\" content=\"https:\/\/staging.forenteforlag.no\/pax\/produkt\/svik-som-gar-i-arv\/\" \/>\n<meta property=\"og:site_name\" content=\"Pax\" \/>\n<meta property=\"article:modified_time\" content=\"2026-02-24T05:20:45+00:00\" \/>\n<meta property=\"og:image\" content=\"https:\/\/staging.forenteforlag.no\/pax\/wp-content\/uploads\/sites\/5\/2026\/02\/Harnesk2_forside_12-scaled.jpg\" \/>\n\t<meta property=\"og:image:width\" content=\"1220\" \/>\n\t<meta property=\"og:image:height\" content=\"1920\" \/>\n\t<meta property=\"og:image:type\" content=\"image\/jpeg\" \/>\n<meta name=\"twitter:card\" content=\"summary_large_image\" \/>\n<meta name=\"twitter:label1\" content=\"Ansl. lesetid\" \/>\n\t<meta name=\"twitter:data1\" content=\"1 minutt\" \/>\n<script type=\"application\/ld+json\" class=\"yoast-schema-graph\">{\"@context\":\"https:\/\/schema.org\",\"@graph\":[{\"@type\":\"WebPage\",\"@id\":\"https:\/\/staging.forenteforlag.no\/pax\/produkt\/svik-som-gar-i-arv\/\",\"url\":\"https:\/\/staging.forenteforlag.no\/pax\/produkt\/svik-som-gar-i-arv\/\",\"name\":\"Svik som g\u00e5r i arv - Pax\",\"isPartOf\":{\"@id\":\"https:\/\/staging.forenteforlag.no\/pax\/#website\"},\"primaryImageOfPage\":{\"@id\":\"https:\/\/staging.forenteforlag.no\/pax\/produkt\/svik-som-gar-i-arv\/#primaryimage\"},\"image\":{\"@id\":\"https:\/\/staging.forenteforlag.no\/pax\/produkt\/svik-som-gar-i-arv\/#primaryimage\"},\"thumbnailUrl\":\"https:\/\/staging.forenteforlag.no\/pax\/wp-content\/uploads\/sites\/5\/2026\/02\/Harnesk2_forside_12-scaled.jpg\",\"datePublished\":\"2026-01-05T04:11:44+00:00\",\"dateModified\":\"2026-02-24T05:20:45+00:00\",\"breadcrumb\":{\"@id\":\"https:\/\/staging.forenteforlag.no\/pax\/produkt\/svik-som-gar-i-arv\/#breadcrumb\"},\"inLanguage\":\"nb-NO\",\"potentialAction\":[{\"@type\":\"ReadAction\",\"target\":[\"https:\/\/staging.forenteforlag.no\/pax\/produkt\/svik-som-gar-i-arv\/\"]}]},{\"@type\":\"ImageObject\",\"inLanguage\":\"nb-NO\",\"@id\":\"https:\/\/staging.forenteforlag.no\/pax\/produkt\/svik-som-gar-i-arv\/#primaryimage\",\"url\":\"https:\/\/staging.forenteforlag.no\/pax\/wp-content\/uploads\/sites\/5\/2026\/02\/Harnesk2_forside_12-scaled.jpg\",\"contentUrl\":\"https:\/\/staging.forenteforlag.no\/pax\/wp-content\/uploads\/sites\/5\/2026\/02\/Harnesk2_forside_12-scaled.jpg\",\"width\":1220,\"height\":1920},{\"@type\":\"BreadcrumbList\",\"@id\":\"https:\/\/staging.forenteforlag.no\/pax\/produkt\/svik-som-gar-i-arv\/#breadcrumb\",\"itemListElement\":[{\"@type\":\"ListItem\",\"position\":1,\"name\":\"Hjem\",\"item\":\"https:\/\/staging.forenteforlag.no\/pax\/\"},{\"@type\":\"ListItem\",\"position\":2,\"name\":\"Alle b\u00f8ker\",\"item\":\"https:\/\/staging.forenteforlag.no\/pax\/butikk\/\"},{\"@type\":\"ListItem\",\"position\":3,\"name\":\"Svik som g\u00e5r i arv\"}]},{\"@type\":\"WebSite\",\"@id\":\"https:\/\/staging.forenteforlag.no\/pax\/#website\",\"url\":\"https:\/\/staging.forenteforlag.no\/pax\/\",\"name\":\"Pax\",\"description\":\"\",\"potentialAction\":[{\"@type\":\"SearchAction\",\"target\":{\"@type\":\"EntryPoint\",\"urlTemplate\":\"https:\/\/staging.forenteforlag.no\/pax\/?s={search_term_string}\"},\"query-input\":{\"@type\":\"PropertyValueSpecification\",\"valueRequired\":true,\"valueName\":\"search_term_string\"}}],\"inLanguage\":\"nb-NO\"}]}<\/script>\n<!-- \/ Yoast SEO plugin. -->","yoast_head_json":{"title":"Svik som g\u00e5r i arv - Pax","robots":{"index":"noindex","follow":"follow","max-snippet":"max-snippet:-1","max-image-preview":"max-image-preview:large","max-video-preview":"max-video-preview:-1"},"og_locale":"nb_NO","og_type":"article","og_title":"Svik som g\u00e5r i arv - Pax","og_description":"Majalis har nettopp vendt tilbake til Lappland etter tjue \u00e5r i Dublin. Faren hennes d\u00f8de da hun var ung, moren har hun ikke snakket med siden. N\u00e5 er ogs\u00e5 moren d\u00f8d, og Majalis flytter inn i barndomshjemmet og f\u00e5r seg jobb p\u00e5 det lokale biblioteket. At hun venter barn med mannen som nylig dumpet henne, [&hellip;]","og_url":"https:\/\/staging.forenteforlag.no\/pax\/produkt\/svik-som-gar-i-arv\/","og_site_name":"Pax","article_modified_time":"2026-02-24T05:20:45+00:00","og_image":[{"width":1220,"height":1920,"url":"https:\/\/staging.forenteforlag.no\/pax\/wp-content\/uploads\/sites\/5\/2026\/02\/Harnesk2_forside_12-scaled.jpg","type":"image\/jpeg"}],"twitter_card":"summary_large_image","twitter_misc":{"Ansl. lesetid":"1 minutt"},"schema":{"@context":"https:\/\/schema.org","@graph":[{"@type":"WebPage","@id":"https:\/\/staging.forenteforlag.no\/pax\/produkt\/svik-som-gar-i-arv\/","url":"https:\/\/staging.forenteforlag.no\/pax\/produkt\/svik-som-gar-i-arv\/","name":"Svik som g\u00e5r i arv - Pax","isPartOf":{"@id":"https:\/\/staging.forenteforlag.no\/pax\/#website"},"primaryImageOfPage":{"@id":"https:\/\/staging.forenteforlag.no\/pax\/produkt\/svik-som-gar-i-arv\/#primaryimage"},"image":{"@id":"https:\/\/staging.forenteforlag.no\/pax\/produkt\/svik-som-gar-i-arv\/#primaryimage"},"thumbnailUrl":"https:\/\/staging.forenteforlag.no\/pax\/wp-content\/uploads\/sites\/5\/2026\/02\/Harnesk2_forside_12-scaled.jpg","datePublished":"2026-01-05T04:11:44+00:00","dateModified":"2026-02-24T05:20:45+00:00","breadcrumb":{"@id":"https:\/\/staging.forenteforlag.no\/pax\/produkt\/svik-som-gar-i-arv\/#breadcrumb"},"inLanguage":"nb-NO","potentialAction":[{"@type":"ReadAction","target":["https:\/\/staging.forenteforlag.no\/pax\/produkt\/svik-som-gar-i-arv\/"]}]},{"@type":"ImageObject","inLanguage":"nb-NO","@id":"https:\/\/staging.forenteforlag.no\/pax\/produkt\/svik-som-gar-i-arv\/#primaryimage","url":"https:\/\/staging.forenteforlag.no\/pax\/wp-content\/uploads\/sites\/5\/2026\/02\/Harnesk2_forside_12-scaled.jpg","contentUrl":"https:\/\/staging.forenteforlag.no\/pax\/wp-content\/uploads\/sites\/5\/2026\/02\/Harnesk2_forside_12-scaled.jpg","width":1220,"height":1920},{"@type":"BreadcrumbList","@id":"https:\/\/staging.forenteforlag.no\/pax\/produkt\/svik-som-gar-i-arv\/#breadcrumb","itemListElement":[{"@type":"ListItem","position":1,"name":"Hjem","item":"https:\/\/staging.forenteforlag.no\/pax\/"},{"@type":"ListItem","position":2,"name":"Alle b\u00f8ker","item":"https:\/\/staging.forenteforlag.no\/pax\/butikk\/"},{"@type":"ListItem","position":3,"name":"Svik som g\u00e5r i arv"}]},{"@type":"WebSite","@id":"https:\/\/staging.forenteforlag.no\/pax\/#website","url":"https:\/\/staging.forenteforlag.no\/pax\/","name":"Pax","description":"","potentialAction":[{"@type":"SearchAction","target":{"@type":"EntryPoint","urlTemplate":"https:\/\/staging.forenteforlag.no\/pax\/?s={search_term_string}"},"query-input":{"@type":"PropertyValueSpecification","valueRequired":true,"valueName":"search_term_string"}}],"inLanguage":"nb-NO"}]}},"_links":{"self":[{"href":"https:\/\/staging.forenteforlag.no\/pax\/wp-json\/wp\/v2\/product\/29819","targetHints":{"allow":["GET"]}}],"collection":[{"href":"https:\/\/staging.forenteforlag.no\/pax\/wp-json\/wp\/v2\/product"}],"about":[{"href":"https:\/\/staging.forenteforlag.no\/pax\/wp-json\/wp\/v2\/types\/product"}],"wp:featuredmedia":[{"embeddable":true,"href":"https:\/\/staging.forenteforlag.no\/pax\/wp-json\/wp\/v2\/media\/29951"}],"wp:attachment":[{"href":"https:\/\/staging.forenteforlag.no\/pax\/wp-json\/wp\/v2\/media?parent=29819"}],"wp:term":[{"taxonomy":"product_brand","embeddable":true,"href":"https:\/\/staging.forenteforlag.no\/pax\/wp-json\/wp\/v2\/product_brand?post=29819"},{"taxonomy":"product_cat","embeddable":true,"href":"https:\/\/staging.forenteforlag.no\/pax\/wp-json\/wp\/v2\/product_cat?post=29819"},{"taxonomy":"product_tag","embeddable":true,"href":"https:\/\/staging.forenteforlag.no\/pax\/wp-json\/wp\/v2\/product_tag?post=29819"}],"curies":[{"name":"wp","href":"https:\/\/api.w.org\/{rel}","templated":true}]}}