{"id":25842,"date":"2025-05-02T12:08:49","date_gmt":"2025-05-02T10:08:49","guid":{"rendered":"https:\/\/pax.no\/produkt\/folk-som-sar-i-sno-kopi\/"},"modified":"2026-03-03T23:22:27","modified_gmt":"2026-03-03T22:22:27","slug":"folk-som-sar-i-sno-pocket","status":"publish","type":"product","link":"https:\/\/staging.forenteforlag.no\/pax\/produkt\/folk-som-sar-i-sno-pocket\/","title":{"rendered":"Folk som s\u00e5r i sn\u00f8"},"content":{"rendered":"<p>K\u00e5ret til \u00c5rets bok i Sverige! Ingen skal komme og fortelle 85-\u00e5rige M\u00e1riddja at hun skal d\u00f8. Og det er i hvert fall ingen som skal fortelle det til ektemannen Biera. Den eneste hun betror seg til, er Siri, den hjelpsomme damen i mobiltelefonen.Det unge paret Kaj og Mimmi har nettopp flyttet til Norrbotten. Mimmi stortrives og dr\u00f8mmer om barn, men Kaj f\u00f8ler seg rotl\u00f8s etter morens d\u00f8d. Alt hun etterlot seg, var en eske med samisk h\u00e5ndverk.Samtidig som Kaj begynner \u00e5 grave i fortiden, bestemmer M\u00e1riddja seg for \u00e5 opps\u00f8ke gutten hun og Biera en gang elsket som sin egen s\u00f8nn. Men hvordan skal hun finne ham? Kan det v\u00e6re noe i Bieras dr\u00f8mmesyn der han s\u00e5 gutten b\u00e6re uniform?Folk som s\u00e5r i sn\u00f8 er en sjarmbombe av de sjeldne \u2013 morsom og velskrevet med karakterer du blir glad i, og dialoger som f\u00e5r deg til \u00e5 le h\u00f8yt. Samtidig er den en gripende fortelling om hva det vil si \u00e5 elske og miste noen. Romanen er blitt sammenlignet med En mann ved navn Ove av Fredrik Backman og er under oversettelse til 20 spr\u00e5k, deriblant engelsk.<\/p>\n","protected":false},"excerpt":{"rendered":"<p>K\u00e5ret til \u00c5rets bok i Sverige! Ingen skal komme og fortelle 85-\u00e5rige M\u00e1riddja at hun skal d\u00f8. Og det er i hvert fall ingen som skal fortelle det til ektemannen Biera. Den eneste hun betror seg til, er Siri, den hjelpsomme damen i mobiltelefonen.Det unge paret Kaj og Mimmi har nettopp flyttet til Norrbotten. Mimmi [&hellip;]<\/p>\n","protected":false},"featured_media":29506,"template":"","meta":{"_acf_changed":false,"inline_featured_image":false},"product_brand":[],"product_cat":[1778],"product_tag":[370],"class_list":{"0":"post-25842","1":"product","2":"type-product","3":"status-publish","4":"has-post-thumbnail","6":"product_cat-fastpris","7":"product_tag-skjonnlitteratur","9":"first","10":"instock","11":"shipping-taxable","12":"purchasable","13":"product-type-simple"},"acf":{"anmeldelse":[{"tekst_anmeldelser":"\u00abEn fantastisk historie og leseopplevelse\u00bb","av_anmeldelser":"Norrbottens-Kuriren","terningkast":false,"kilde":"Norrbottens-Kuriren"},{"tekst_anmeldelser":"\u00abJeg dras umiddelbart inn i historien.\u00bb","av_anmeldelser":"SVT","terningkast":false,"kilde":"SVT"},{"tekst_anmeldelser":"\u00abEn lysende debutroman\u00bb","av_anmeldelser":"Aftonbladet","terningkast":false,"kilde":"Aftonbladet"},{"tekst_anmeldelser":"\u00abFor en perle av en debutroman! Folk som s\u00e5r i sn\u00f8\u202fer godt plassert i S\u00e1pmi \u2013 fortalt med snert og spekket av anekdoter, myter, humor og alvor.\u00bb","av_anmeldelser":"Ida Zachariassen Sagberg","terningkast":false,"kilde":"Finnmarken"},{"tekst_anmeldelser":"\u00abVelskrevet, hylende morsom \u2013 og tankevekkende.\u00bb","av_anmeldelser":"Inger Bentzrud","terningkast":"<i class=\"fa-solid fa-dice-five\"><\/i>","kilde":"Dagbladet"},{"tekst_anmeldelser":"\u00abTina Harnesk bor p\u00e5 et fjell utenfor Arvidsjaur og har tatt steget inn i rekken av forfattere som skriver om samisk kultur. Og som hun skriver! Romanen er morsom og v\u00e5gal, befolket av fargerike og uforglemmelige karakterer.\u00bb","av_anmeldelser":"Aftonbladet","terningkast":false,"kilde":"Aftonbladet"},{"tekst_anmeldelser":"\u00abUnderholdende samisk feelgood.\u00bb","av_anmeldelser":"Vigdis Moe Skarstein","terningkast":false,"kilde":"Adresseavisen"}]},"yoast_head":"<!-- This site is optimized with the Yoast SEO plugin v26.6 - https:\/\/yoast.com\/wordpress\/plugins\/seo\/ -->\n<title>Folk som s\u00e5r i sn\u00f8 - Pax<\/title>\n<meta name=\"robots\" content=\"noindex, follow, max-snippet:-1, max-image-preview:large, max-video-preview:-1\" \/>\n<meta property=\"og:locale\" content=\"nb_NO\" \/>\n<meta property=\"og:type\" content=\"article\" \/>\n<meta property=\"og:title\" content=\"Folk som s\u00e5r i sn\u00f8 - Pax\" \/>\n<meta property=\"og:description\" content=\"K\u00e5ret til \u00c5rets bok i Sverige! Ingen skal komme og fortelle 85-\u00e5rige M\u00e1riddja at hun skal d\u00f8. Og det er i hvert fall ingen som skal fortelle det til ektemannen Biera. Den eneste hun betror seg til, er Siri, den hjelpsomme damen i mobiltelefonen.Det unge paret Kaj og Mimmi har nettopp flyttet til Norrbotten. Mimmi [&hellip;]\" \/>\n<meta property=\"og:url\" content=\"https:\/\/staging.forenteforlag.no\/pax\/produkt\/folk-som-sar-i-sno-pocket\/\" \/>\n<meta property=\"og:site_name\" content=\"Pax\" \/>\n<meta property=\"article:modified_time\" content=\"2026-03-03T22:22:27+00:00\" \/>\n<meta property=\"og:image\" content=\"https:\/\/staging.forenteforlag.no\/pax\/wp-content\/uploads\/sites\/5\/2025\/08\/jpg-10190-scaled.jpg\" \/>\n\t<meta property=\"og:image:width\" content=\"1200\" \/>\n\t<meta property=\"og:image:height\" content=\"1920\" \/>\n\t<meta property=\"og:image:type\" content=\"image\/jpeg\" \/>\n<meta name=\"twitter:card\" content=\"summary_large_image\" \/>\n<meta name=\"twitter:label1\" content=\"Ansl. lesetid\" \/>\n\t<meta name=\"twitter:data1\" content=\"2 minutter\" \/>\n<script type=\"application\/ld+json\" class=\"yoast-schema-graph\">{\"@context\":\"https:\/\/schema.org\",\"@graph\":[{\"@type\":\"WebPage\",\"@id\":\"https:\/\/staging.forenteforlag.no\/pax\/produkt\/folk-som-sar-i-sno-pocket\/\",\"url\":\"https:\/\/staging.forenteforlag.no\/pax\/produkt\/folk-som-sar-i-sno-pocket\/\",\"name\":\"Folk som s\u00e5r i sn\u00f8 - Pax\",\"isPartOf\":{\"@id\":\"https:\/\/staging.forenteforlag.no\/pax\/#website\"},\"primaryImageOfPage\":{\"@id\":\"https:\/\/staging.forenteforlag.no\/pax\/produkt\/folk-som-sar-i-sno-pocket\/#primaryimage\"},\"image\":{\"@id\":\"https:\/\/staging.forenteforlag.no\/pax\/produkt\/folk-som-sar-i-sno-pocket\/#primaryimage\"},\"thumbnailUrl\":\"https:\/\/staging.forenteforlag.no\/pax\/wp-content\/uploads\/sites\/5\/2025\/08\/jpg-10190-scaled.jpg\",\"datePublished\":\"2025-05-02T10:08:49+00:00\",\"dateModified\":\"2026-03-03T22:22:27+00:00\",\"breadcrumb\":{\"@id\":\"https:\/\/staging.forenteforlag.no\/pax\/produkt\/folk-som-sar-i-sno-pocket\/#breadcrumb\"},\"inLanguage\":\"nb-NO\",\"potentialAction\":[{\"@type\":\"ReadAction\",\"target\":[\"https:\/\/staging.forenteforlag.no\/pax\/produkt\/folk-som-sar-i-sno-pocket\/\"]}]},{\"@type\":\"ImageObject\",\"inLanguage\":\"nb-NO\",\"@id\":\"https:\/\/staging.forenteforlag.no\/pax\/produkt\/folk-som-sar-i-sno-pocket\/#primaryimage\",\"url\":\"https:\/\/staging.forenteforlag.no\/pax\/wp-content\/uploads\/sites\/5\/2025\/08\/jpg-10190-scaled.jpg\",\"contentUrl\":\"https:\/\/staging.forenteforlag.no\/pax\/wp-content\/uploads\/sites\/5\/2025\/08\/jpg-10190-scaled.jpg\",\"width\":1200,\"height\":1920},{\"@type\":\"BreadcrumbList\",\"@id\":\"https:\/\/staging.forenteforlag.no\/pax\/produkt\/folk-som-sar-i-sno-pocket\/#breadcrumb\",\"itemListElement\":[{\"@type\":\"ListItem\",\"position\":1,\"name\":\"Hjem\",\"item\":\"https:\/\/staging.forenteforlag.no\/pax\/\"},{\"@type\":\"ListItem\",\"position\":2,\"name\":\"Alle b\u00f8ker\",\"item\":\"https:\/\/staging.forenteforlag.no\/pax\/butikk\/\"},{\"@type\":\"ListItem\",\"position\":3,\"name\":\"Folk som s\u00e5r i sn\u00f8\"}]},{\"@type\":\"WebSite\",\"@id\":\"https:\/\/staging.forenteforlag.no\/pax\/#website\",\"url\":\"https:\/\/staging.forenteforlag.no\/pax\/\",\"name\":\"Pax\",\"description\":\"\",\"potentialAction\":[{\"@type\":\"SearchAction\",\"target\":{\"@type\":\"EntryPoint\",\"urlTemplate\":\"https:\/\/staging.forenteforlag.no\/pax\/?s={search_term_string}\"},\"query-input\":{\"@type\":\"PropertyValueSpecification\",\"valueRequired\":true,\"valueName\":\"search_term_string\"}}],\"inLanguage\":\"nb-NO\"}]}<\/script>\n<!-- \/ Yoast SEO plugin. -->","yoast_head_json":{"title":"Folk som s\u00e5r i sn\u00f8 - Pax","robots":{"index":"noindex","follow":"follow","max-snippet":"max-snippet:-1","max-image-preview":"max-image-preview:large","max-video-preview":"max-video-preview:-1"},"og_locale":"nb_NO","og_type":"article","og_title":"Folk som s\u00e5r i sn\u00f8 - Pax","og_description":"K\u00e5ret til \u00c5rets bok i Sverige! Ingen skal komme og fortelle 85-\u00e5rige M\u00e1riddja at hun skal d\u00f8. Og det er i hvert fall ingen som skal fortelle det til ektemannen Biera. Den eneste hun betror seg til, er Siri, den hjelpsomme damen i mobiltelefonen.Det unge paret Kaj og Mimmi har nettopp flyttet til Norrbotten. Mimmi [&hellip;]","og_url":"https:\/\/staging.forenteforlag.no\/pax\/produkt\/folk-som-sar-i-sno-pocket\/","og_site_name":"Pax","article_modified_time":"2026-03-03T22:22:27+00:00","og_image":[{"width":1200,"height":1920,"url":"https:\/\/staging.forenteforlag.no\/pax\/wp-content\/uploads\/sites\/5\/2025\/08\/jpg-10190-scaled.jpg","type":"image\/jpeg"}],"twitter_card":"summary_large_image","twitter_misc":{"Ansl. lesetid":"2 minutter"},"schema":{"@context":"https:\/\/schema.org","@graph":[{"@type":"WebPage","@id":"https:\/\/staging.forenteforlag.no\/pax\/produkt\/folk-som-sar-i-sno-pocket\/","url":"https:\/\/staging.forenteforlag.no\/pax\/produkt\/folk-som-sar-i-sno-pocket\/","name":"Folk som s\u00e5r i sn\u00f8 - Pax","isPartOf":{"@id":"https:\/\/staging.forenteforlag.no\/pax\/#website"},"primaryImageOfPage":{"@id":"https:\/\/staging.forenteforlag.no\/pax\/produkt\/folk-som-sar-i-sno-pocket\/#primaryimage"},"image":{"@id":"https:\/\/staging.forenteforlag.no\/pax\/produkt\/folk-som-sar-i-sno-pocket\/#primaryimage"},"thumbnailUrl":"https:\/\/staging.forenteforlag.no\/pax\/wp-content\/uploads\/sites\/5\/2025\/08\/jpg-10190-scaled.jpg","datePublished":"2025-05-02T10:08:49+00:00","dateModified":"2026-03-03T22:22:27+00:00","breadcrumb":{"@id":"https:\/\/staging.forenteforlag.no\/pax\/produkt\/folk-som-sar-i-sno-pocket\/#breadcrumb"},"inLanguage":"nb-NO","potentialAction":[{"@type":"ReadAction","target":["https:\/\/staging.forenteforlag.no\/pax\/produkt\/folk-som-sar-i-sno-pocket\/"]}]},{"@type":"ImageObject","inLanguage":"nb-NO","@id":"https:\/\/staging.forenteforlag.no\/pax\/produkt\/folk-som-sar-i-sno-pocket\/#primaryimage","url":"https:\/\/staging.forenteforlag.no\/pax\/wp-content\/uploads\/sites\/5\/2025\/08\/jpg-10190-scaled.jpg","contentUrl":"https:\/\/staging.forenteforlag.no\/pax\/wp-content\/uploads\/sites\/5\/2025\/08\/jpg-10190-scaled.jpg","width":1200,"height":1920},{"@type":"BreadcrumbList","@id":"https:\/\/staging.forenteforlag.no\/pax\/produkt\/folk-som-sar-i-sno-pocket\/#breadcrumb","itemListElement":[{"@type":"ListItem","position":1,"name":"Hjem","item":"https:\/\/staging.forenteforlag.no\/pax\/"},{"@type":"ListItem","position":2,"name":"Alle b\u00f8ker","item":"https:\/\/staging.forenteforlag.no\/pax\/butikk\/"},{"@type":"ListItem","position":3,"name":"Folk som s\u00e5r i sn\u00f8"}]},{"@type":"WebSite","@id":"https:\/\/staging.forenteforlag.no\/pax\/#website","url":"https:\/\/staging.forenteforlag.no\/pax\/","name":"Pax","description":"","potentialAction":[{"@type":"SearchAction","target":{"@type":"EntryPoint","urlTemplate":"https:\/\/staging.forenteforlag.no\/pax\/?s={search_term_string}"},"query-input":{"@type":"PropertyValueSpecification","valueRequired":true,"valueName":"search_term_string"}}],"inLanguage":"nb-NO"}]}},"_links":{"self":[{"href":"https:\/\/staging.forenteforlag.no\/pax\/wp-json\/wp\/v2\/product\/25842","targetHints":{"allow":["GET"]}}],"collection":[{"href":"https:\/\/staging.forenteforlag.no\/pax\/wp-json\/wp\/v2\/product"}],"about":[{"href":"https:\/\/staging.forenteforlag.no\/pax\/wp-json\/wp\/v2\/types\/product"}],"wp:featuredmedia":[{"embeddable":true,"href":"https:\/\/staging.forenteforlag.no\/pax\/wp-json\/wp\/v2\/media\/29506"}],"wp:attachment":[{"href":"https:\/\/staging.forenteforlag.no\/pax\/wp-json\/wp\/v2\/media?parent=25842"}],"wp:term":[{"taxonomy":"product_brand","embeddable":true,"href":"https:\/\/staging.forenteforlag.no\/pax\/wp-json\/wp\/v2\/product_brand?post=25842"},{"taxonomy":"product_cat","embeddable":true,"href":"https:\/\/staging.forenteforlag.no\/pax\/wp-json\/wp\/v2\/product_cat?post=25842"},{"taxonomy":"product_tag","embeddable":true,"href":"https:\/\/staging.forenteforlag.no\/pax\/wp-json\/wp\/v2\/product_tag?post=25842"}],"curies":[{"name":"wp","href":"https:\/\/api.w.org\/{rel}","templated":true}]}}