{"id":25838,"date":"2015-05-20T12:37:59","date_gmt":"2015-05-20T10:37:59","guid":{"rendered":"https:\/\/pax.no\/produkt\/barske-glaeder\/"},"modified":"2026-02-09T05:37:38","modified_gmt":"2026-02-09T04:37:38","slug":"barske-glaeder","status":"publish","type":"product","link":"https:\/\/staging.forenteforlag.no\/pax\/produkt\/barske-glaeder\/","title":{"rendered":"Barske gl\u00e6der"},"content":{"rendered":"<p>Peter Wessel Zapffe &#8211; filosofen, vitenskapsmannen, essayisten, humoristen, k\u00e5s\u00f8ren, fjellklatreren &#8211; har i \u00e5renes l\u00f8p skrevet meget om sitt forhold til og sin opplevelse av naturen og fjellet. Her er samlet et rikt utvalg av de utallige artikler han har skrevet i aviser, tidsskrifter og \u00e5rb\u00f8ker. Forfatteren har selv illustrert boken med sin originale strek, og skildringene av hans liv blant topper og tinder b\u00e6res av et lunt hum\u00f8r som ofte gir seg ellevill utslag. Annen halvdel av boken g\u00e5r alvorligere \u00e6rend, men ogs\u00e5 den er holdt i en lett k\u00e5serende form: Her tar Peter W. Zapffe kraftig til orde for vern av naturen i sin alminnelighet og av fjellets majestet i s\u00e6rdeleshet.  Forord av Arne N\u00e6ss. <\/p>\n","protected":false},"excerpt":{"rendered":"<p>Peter Wessel Zapffe &#8211; filosofen, vitenskapsmannen, essayisten, humoristen, k\u00e5s\u00f8ren, fjellklatreren &#8211; har i \u00e5renes l\u00f8p skrevet meget om sitt forhold til og sin opplevelse av naturen og fjellet. Her er samlet et rikt utvalg av de utallige artikler han har skrevet i aviser, tidsskrifter og \u00e5rb\u00f8ker. Forfatteren har selv illustrert boken med sin originale strek, [&hellip;]<\/p>\n","protected":false},"featured_media":29479,"template":"","meta":{"_acf_changed":false,"inline_featured_image":false},"product_brand":[],"product_cat":[21],"product_tag":[362],"class_list":{"0":"post-25838","1":"product","2":"type-product","3":"status-publish","4":"has-post-thumbnail","6":"product_cat-filosofi","7":"product_tag-faglitteratur","8":"pa_format-innbundet","10":"first","11":"instock","12":"shipping-taxable","13":"purchasable","14":"product-type-simple"},"acf":{"anmeldelse":[{"tekst_anmeldelser":"\"Det virkelig sjeldne er den humor som midt i skildringen av dagligdags-trivielle fenomener plutselig \u00e5pner de helt store og helt befriende perspektiver...Det er rene gullforekomster av en slik humor.\"","av_anmeldelser":"Inge L\u00f8nning","terningkast":false,"kilde":"Nationen "},{"tekst_anmeldelser":"\"La det bare v\u00e6re sagt at vi har neppe noen st\u00f8rre humorist her hjemme p\u00e5 berget.\" ","av_anmeldelser":"Jon Lauritzen ","terningkast":false,"kilde":"V\u00e5rt Land "},{"tekst_anmeldelser":"\"M\u00e5tte denne forunderlige og vidunderlige samlingen f\u00e5 mange, mange lesere.\"","av_anmeldelser":"B.J ","terningkast":false,"kilde":"Arbeiderbladet "}]},"yoast_head":"<!-- This site is optimized with the Yoast SEO plugin v26.6 - https:\/\/yoast.com\/wordpress\/plugins\/seo\/ -->\n<title>Barske gl\u00e6der - Pax<\/title>\n<meta name=\"robots\" content=\"noindex, follow, max-snippet:-1, max-image-preview:large, max-video-preview:-1\" \/>\n<meta property=\"og:locale\" content=\"nb_NO\" \/>\n<meta property=\"og:type\" content=\"article\" \/>\n<meta property=\"og:title\" content=\"Barske gl\u00e6der - Pax\" \/>\n<meta property=\"og:description\" content=\"Peter Wessel Zapffe &#8211; filosofen, vitenskapsmannen, essayisten, humoristen, k\u00e5s\u00f8ren, fjellklatreren &#8211; har i \u00e5renes l\u00f8p skrevet meget om sitt forhold til og sin opplevelse av naturen og fjellet. Her er samlet et rikt utvalg av de utallige artikler han har skrevet i aviser, tidsskrifter og \u00e5rb\u00f8ker. Forfatteren har selv illustrert boken med sin originale strek, [&hellip;]\" \/>\n<meta property=\"og:url\" content=\"https:\/\/staging.forenteforlag.no\/pax\/produkt\/barske-glaeder\/\" \/>\n<meta property=\"og:site_name\" content=\"Pax\" \/>\n<meta property=\"article:modified_time\" content=\"2026-02-09T04:37:38+00:00\" \/>\n<meta property=\"og:image\" content=\"https:\/\/staging.forenteforlag.no\/pax\/wp-content\/uploads\/sites\/5\/2025\/08\/jpg-10109-scaled-1-scaled.jpg\" \/>\n\t<meta property=\"og:image:width\" content=\"1442\" \/>\n\t<meta property=\"og:image:height\" content=\"1920\" \/>\n\t<meta property=\"og:image:type\" content=\"image\/jpeg\" \/>\n<meta name=\"twitter:card\" content=\"summary_large_image\" \/>\n<meta name=\"twitter:label1\" content=\"Ansl. lesetid\" \/>\n\t<meta name=\"twitter:data1\" content=\"1 minutt\" \/>\n<script type=\"application\/ld+json\" class=\"yoast-schema-graph\">{\"@context\":\"https:\/\/schema.org\",\"@graph\":[{\"@type\":\"WebPage\",\"@id\":\"https:\/\/staging.forenteforlag.no\/pax\/produkt\/barske-glaeder\/\",\"url\":\"https:\/\/staging.forenteforlag.no\/pax\/produkt\/barske-glaeder\/\",\"name\":\"Barske gl\u00e6der - Pax\",\"isPartOf\":{\"@id\":\"https:\/\/staging.forenteforlag.no\/pax\/#website\"},\"primaryImageOfPage\":{\"@id\":\"https:\/\/staging.forenteforlag.no\/pax\/produkt\/barske-glaeder\/#primaryimage\"},\"image\":{\"@id\":\"https:\/\/staging.forenteforlag.no\/pax\/produkt\/barske-glaeder\/#primaryimage\"},\"thumbnailUrl\":\"https:\/\/staging.forenteforlag.no\/pax\/wp-content\/uploads\/sites\/5\/2025\/08\/jpg-10109-scaled-1-scaled.jpg\",\"datePublished\":\"2015-05-20T10:37:59+00:00\",\"dateModified\":\"2026-02-09T04:37:38+00:00\",\"breadcrumb\":{\"@id\":\"https:\/\/staging.forenteforlag.no\/pax\/produkt\/barske-glaeder\/#breadcrumb\"},\"inLanguage\":\"nb-NO\",\"potentialAction\":[{\"@type\":\"ReadAction\",\"target\":[\"https:\/\/staging.forenteforlag.no\/pax\/produkt\/barske-glaeder\/\"]}]},{\"@type\":\"ImageObject\",\"inLanguage\":\"nb-NO\",\"@id\":\"https:\/\/staging.forenteforlag.no\/pax\/produkt\/barske-glaeder\/#primaryimage\",\"url\":\"https:\/\/staging.forenteforlag.no\/pax\/wp-content\/uploads\/sites\/5\/2025\/08\/jpg-10109-scaled-1-scaled.jpg\",\"contentUrl\":\"https:\/\/staging.forenteforlag.no\/pax\/wp-content\/uploads\/sites\/5\/2025\/08\/jpg-10109-scaled-1-scaled.jpg\",\"width\":1442,\"height\":1920},{\"@type\":\"BreadcrumbList\",\"@id\":\"https:\/\/staging.forenteforlag.no\/pax\/produkt\/barske-glaeder\/#breadcrumb\",\"itemListElement\":[{\"@type\":\"ListItem\",\"position\":1,\"name\":\"Hjem\",\"item\":\"https:\/\/staging.forenteforlag.no\/pax\/\"},{\"@type\":\"ListItem\",\"position\":2,\"name\":\"Alle b\u00f8ker\",\"item\":\"https:\/\/staging.forenteforlag.no\/pax\/butikk\/\"},{\"@type\":\"ListItem\",\"position\":3,\"name\":\"Barske gl\u00e6der\"}]},{\"@type\":\"WebSite\",\"@id\":\"https:\/\/staging.forenteforlag.no\/pax\/#website\",\"url\":\"https:\/\/staging.forenteforlag.no\/pax\/\",\"name\":\"Pax\",\"description\":\"\",\"potentialAction\":[{\"@type\":\"SearchAction\",\"target\":{\"@type\":\"EntryPoint\",\"urlTemplate\":\"https:\/\/staging.forenteforlag.no\/pax\/?s={search_term_string}\"},\"query-input\":{\"@type\":\"PropertyValueSpecification\",\"valueRequired\":true,\"valueName\":\"search_term_string\"}}],\"inLanguage\":\"nb-NO\"}]}<\/script>\n<!-- \/ Yoast SEO plugin. -->","yoast_head_json":{"title":"Barske gl\u00e6der - Pax","robots":{"index":"noindex","follow":"follow","max-snippet":"max-snippet:-1","max-image-preview":"max-image-preview:large","max-video-preview":"max-video-preview:-1"},"og_locale":"nb_NO","og_type":"article","og_title":"Barske gl\u00e6der - Pax","og_description":"Peter Wessel Zapffe &#8211; filosofen, vitenskapsmannen, essayisten, humoristen, k\u00e5s\u00f8ren, fjellklatreren &#8211; har i \u00e5renes l\u00f8p skrevet meget om sitt forhold til og sin opplevelse av naturen og fjellet. Her er samlet et rikt utvalg av de utallige artikler han har skrevet i aviser, tidsskrifter og \u00e5rb\u00f8ker. Forfatteren har selv illustrert boken med sin originale strek, [&hellip;]","og_url":"https:\/\/staging.forenteforlag.no\/pax\/produkt\/barske-glaeder\/","og_site_name":"Pax","article_modified_time":"2026-02-09T04:37:38+00:00","og_image":[{"width":1442,"height":1920,"url":"https:\/\/staging.forenteforlag.no\/pax\/wp-content\/uploads\/sites\/5\/2025\/08\/jpg-10109-scaled-1-scaled.jpg","type":"image\/jpeg"}],"twitter_card":"summary_large_image","twitter_misc":{"Ansl. lesetid":"1 minutt"},"schema":{"@context":"https:\/\/schema.org","@graph":[{"@type":"WebPage","@id":"https:\/\/staging.forenteforlag.no\/pax\/produkt\/barske-glaeder\/","url":"https:\/\/staging.forenteforlag.no\/pax\/produkt\/barske-glaeder\/","name":"Barske gl\u00e6der - Pax","isPartOf":{"@id":"https:\/\/staging.forenteforlag.no\/pax\/#website"},"primaryImageOfPage":{"@id":"https:\/\/staging.forenteforlag.no\/pax\/produkt\/barske-glaeder\/#primaryimage"},"image":{"@id":"https:\/\/staging.forenteforlag.no\/pax\/produkt\/barske-glaeder\/#primaryimage"},"thumbnailUrl":"https:\/\/staging.forenteforlag.no\/pax\/wp-content\/uploads\/sites\/5\/2025\/08\/jpg-10109-scaled-1-scaled.jpg","datePublished":"2015-05-20T10:37:59+00:00","dateModified":"2026-02-09T04:37:38+00:00","breadcrumb":{"@id":"https:\/\/staging.forenteforlag.no\/pax\/produkt\/barske-glaeder\/#breadcrumb"},"inLanguage":"nb-NO","potentialAction":[{"@type":"ReadAction","target":["https:\/\/staging.forenteforlag.no\/pax\/produkt\/barske-glaeder\/"]}]},{"@type":"ImageObject","inLanguage":"nb-NO","@id":"https:\/\/staging.forenteforlag.no\/pax\/produkt\/barske-glaeder\/#primaryimage","url":"https:\/\/staging.forenteforlag.no\/pax\/wp-content\/uploads\/sites\/5\/2025\/08\/jpg-10109-scaled-1-scaled.jpg","contentUrl":"https:\/\/staging.forenteforlag.no\/pax\/wp-content\/uploads\/sites\/5\/2025\/08\/jpg-10109-scaled-1-scaled.jpg","width":1442,"height":1920},{"@type":"BreadcrumbList","@id":"https:\/\/staging.forenteforlag.no\/pax\/produkt\/barske-glaeder\/#breadcrumb","itemListElement":[{"@type":"ListItem","position":1,"name":"Hjem","item":"https:\/\/staging.forenteforlag.no\/pax\/"},{"@type":"ListItem","position":2,"name":"Alle b\u00f8ker","item":"https:\/\/staging.forenteforlag.no\/pax\/butikk\/"},{"@type":"ListItem","position":3,"name":"Barske gl\u00e6der"}]},{"@type":"WebSite","@id":"https:\/\/staging.forenteforlag.no\/pax\/#website","url":"https:\/\/staging.forenteforlag.no\/pax\/","name":"Pax","description":"","potentialAction":[{"@type":"SearchAction","target":{"@type":"EntryPoint","urlTemplate":"https:\/\/staging.forenteforlag.no\/pax\/?s={search_term_string}"},"query-input":{"@type":"PropertyValueSpecification","valueRequired":true,"valueName":"search_term_string"}}],"inLanguage":"nb-NO"}]}},"_links":{"self":[{"href":"https:\/\/staging.forenteforlag.no\/pax\/wp-json\/wp\/v2\/product\/25838","targetHints":{"allow":["GET"]}}],"collection":[{"href":"https:\/\/staging.forenteforlag.no\/pax\/wp-json\/wp\/v2\/product"}],"about":[{"href":"https:\/\/staging.forenteforlag.no\/pax\/wp-json\/wp\/v2\/types\/product"}],"wp:featuredmedia":[{"embeddable":true,"href":"https:\/\/staging.forenteforlag.no\/pax\/wp-json\/wp\/v2\/media\/29479"}],"wp:attachment":[{"href":"https:\/\/staging.forenteforlag.no\/pax\/wp-json\/wp\/v2\/media?parent=25838"}],"wp:term":[{"taxonomy":"product_brand","embeddable":true,"href":"https:\/\/staging.forenteforlag.no\/pax\/wp-json\/wp\/v2\/product_brand?post=25838"},{"taxonomy":"product_cat","embeddable":true,"href":"https:\/\/staging.forenteforlag.no\/pax\/wp-json\/wp\/v2\/product_cat?post=25838"},{"taxonomy":"product_tag","embeddable":true,"href":"https:\/\/staging.forenteforlag.no\/pax\/wp-json\/wp\/v2\/product_tag?post=25838"}],"curies":[{"name":"wp","href":"https:\/\/api.w.org\/{rel}","templated":true}]}}