{"id":25813,"date":"2025-05-13T14:55:12","date_gmt":"2025-05-13T12:55:12","guid":{"rendered":"https:\/\/pax.no\/produkt\/ny-boligplan-nr-2\/"},"modified":"2026-03-03T23:19:09","modified_gmt":"2026-03-03T22:19:09","slug":"ny-boligplan-nr-2","status":"publish","type":"product","link":"https:\/\/staging.forenteforlag.no\/pax\/produkt\/ny-boligplan-nr-2\/","title":{"rendered":"Ny boligplan"},"content":{"rendered":"<p>Kan vi bygge gode boliger som alle har r\u00e5d til? I dag er det rekordlav aktivitet i sektoren, flere arkitekter er permittert, og boligbransjen sliter med \u00e5 selge p\u00e5 prospekt. Mens bransjen fortsetter kappl\u00f8pet mot bunnen med stadig d\u00e5rligere leiligheter, i h\u00e5p om at det vil senke prisene, fortsetter vi i denne andre utgaven av NY BOLIGPLAN \u00e5 grave i bolighistorien etter alternativer. Vi unders\u00f8ker hvordan gode leiligheter blir til gjennom normer for brukbarhet, dagslyskrav og andre minstestandarder. Vi henter inspirasjon fra de andre nordiske landene, fra Tyskland, England, Barcelona, Wien og Z\u00fcrich. Vi unders\u00f8ker hvordan skattlegging av bolig kan brukes for \u00e5 bidra til en kursendring, og vi sl\u00e5r hull p\u00e5 myten om at E\u00d8S-reglene st\u00e5r i veien for en ny boligpolitikk.<\/p>\n","protected":false},"excerpt":{"rendered":"<p>Kan vi bygge gode boliger som alle har r\u00e5d til? I dag er det rekordlav aktivitet i sektoren, flere arkitekter er permittert, og boligbransjen sliter med \u00e5 selge p\u00e5 prospekt. Mens bransjen fortsetter kappl\u00f8pet mot bunnen med stadig d\u00e5rligere leiligheter, i h\u00e5p om at det vil senke prisene, fortsetter vi i denne andre utgaven av [&hellip;]<\/p>\n","protected":false},"featured_media":29496,"template":"","meta":{"_acf_changed":false,"inline_featured_image":false},"product_brand":[],"product_cat":[1778],"product_tag":[362],"class_list":{"0":"post-25813","1":"product","2":"type-product","3":"status-publish","4":"has-post-thumbnail","6":"product_cat-fastpris","7":"product_tag-faglitteratur","9":"first","10":"instock","11":"shipping-taxable","12":"purchasable","13":"product-type-simple"},"acf":{"anmeldelse":[{"tekst_anmeldelser":"\u00abTidsskriftet anbefales p\u00e5 det varmeste, f\u00f8rst og fremst p\u00e5 grunn av aktualitet, p\u00e5g\u00e5enhet og nerve. ... Uten tvil er Ny boligplan nr. 2 et nyttig bidrag i den politiske diskusjonen som n\u00e5 ser ut til \u00e5 komme, og b\u00f8r leses av alle som p\u00e5 en eller annen m\u00e5te er involvert eller interessert i boligsektoren. Heftet kan ogs\u00e5 i beste fall f\u00e5 boligpolitikken ut av den bakevja den altfor lenge har befunnet seg i.\u00bb","av_anmeldelser":"Sven Erik Svendsen","terningkast":false,"kilde":"Arkitektur"}]},"yoast_head":"<!-- This site is optimized with the Yoast SEO plugin v26.6 - https:\/\/yoast.com\/wordpress\/plugins\/seo\/ -->\n<title>Ny boligplan - Pax<\/title>\n<meta name=\"robots\" content=\"noindex, follow, max-snippet:-1, max-image-preview:large, max-video-preview:-1\" \/>\n<meta property=\"og:locale\" content=\"nb_NO\" \/>\n<meta property=\"og:type\" content=\"article\" \/>\n<meta property=\"og:title\" content=\"Ny boligplan - Pax\" \/>\n<meta property=\"og:description\" content=\"Kan vi bygge gode boliger som alle har r\u00e5d til? I dag er det rekordlav aktivitet i sektoren, flere arkitekter er permittert, og boligbransjen sliter med \u00e5 selge p\u00e5 prospekt. Mens bransjen fortsetter kappl\u00f8pet mot bunnen med stadig d\u00e5rligere leiligheter, i h\u00e5p om at det vil senke prisene, fortsetter vi i denne andre utgaven av [&hellip;]\" \/>\n<meta property=\"og:url\" content=\"https:\/\/staging.forenteforlag.no\/pax\/produkt\/ny-boligplan-nr-2\/\" \/>\n<meta property=\"og:site_name\" content=\"Pax\" \/>\n<meta property=\"article:modified_time\" content=\"2026-03-03T22:19:09+00:00\" \/>\n<meta property=\"og:image\" content=\"https:\/\/staging.forenteforlag.no\/pax\/wp-content\/uploads\/sites\/5\/2025\/08\/jpg-31-scaled-1-scaled.png\" \/>\n\t<meta property=\"og:image:width\" content=\"1358\" \/>\n\t<meta property=\"og:image:height\" content=\"1920\" \/>\n\t<meta property=\"og:image:type\" content=\"image\/png\" \/>\n<meta name=\"twitter:card\" content=\"summary_large_image\" \/>\n<meta name=\"twitter:label1\" content=\"Ansl. lesetid\" \/>\n\t<meta name=\"twitter:data1\" content=\"1 minutt\" \/>\n<script type=\"application\/ld+json\" class=\"yoast-schema-graph\">{\"@context\":\"https:\/\/schema.org\",\"@graph\":[{\"@type\":\"WebPage\",\"@id\":\"https:\/\/staging.forenteforlag.no\/pax\/produkt\/ny-boligplan-nr-2\/\",\"url\":\"https:\/\/staging.forenteforlag.no\/pax\/produkt\/ny-boligplan-nr-2\/\",\"name\":\"Ny boligplan - Pax\",\"isPartOf\":{\"@id\":\"https:\/\/staging.forenteforlag.no\/pax\/#website\"},\"primaryImageOfPage\":{\"@id\":\"https:\/\/staging.forenteforlag.no\/pax\/produkt\/ny-boligplan-nr-2\/#primaryimage\"},\"image\":{\"@id\":\"https:\/\/staging.forenteforlag.no\/pax\/produkt\/ny-boligplan-nr-2\/#primaryimage\"},\"thumbnailUrl\":\"https:\/\/staging.forenteforlag.no\/pax\/wp-content\/uploads\/sites\/5\/2025\/08\/jpg-31-scaled-1-scaled.png\",\"datePublished\":\"2025-05-13T12:55:12+00:00\",\"dateModified\":\"2026-03-03T22:19:09+00:00\",\"breadcrumb\":{\"@id\":\"https:\/\/staging.forenteforlag.no\/pax\/produkt\/ny-boligplan-nr-2\/#breadcrumb\"},\"inLanguage\":\"nb-NO\",\"potentialAction\":[{\"@type\":\"ReadAction\",\"target\":[\"https:\/\/staging.forenteforlag.no\/pax\/produkt\/ny-boligplan-nr-2\/\"]}]},{\"@type\":\"ImageObject\",\"inLanguage\":\"nb-NO\",\"@id\":\"https:\/\/staging.forenteforlag.no\/pax\/produkt\/ny-boligplan-nr-2\/#primaryimage\",\"url\":\"https:\/\/staging.forenteforlag.no\/pax\/wp-content\/uploads\/sites\/5\/2025\/08\/jpg-31-scaled-1-scaled.png\",\"contentUrl\":\"https:\/\/staging.forenteforlag.no\/pax\/wp-content\/uploads\/sites\/5\/2025\/08\/jpg-31-scaled-1-scaled.png\",\"width\":1358,\"height\":1920},{\"@type\":\"BreadcrumbList\",\"@id\":\"https:\/\/staging.forenteforlag.no\/pax\/produkt\/ny-boligplan-nr-2\/#breadcrumb\",\"itemListElement\":[{\"@type\":\"ListItem\",\"position\":1,\"name\":\"Hjem\",\"item\":\"https:\/\/staging.forenteforlag.no\/pax\/\"},{\"@type\":\"ListItem\",\"position\":2,\"name\":\"Alle b\u00f8ker\",\"item\":\"https:\/\/staging.forenteforlag.no\/pax\/butikk\/\"},{\"@type\":\"ListItem\",\"position\":3,\"name\":\"Ny boligplan\"}]},{\"@type\":\"WebSite\",\"@id\":\"https:\/\/staging.forenteforlag.no\/pax\/#website\",\"url\":\"https:\/\/staging.forenteforlag.no\/pax\/\",\"name\":\"Pax\",\"description\":\"\",\"potentialAction\":[{\"@type\":\"SearchAction\",\"target\":{\"@type\":\"EntryPoint\",\"urlTemplate\":\"https:\/\/staging.forenteforlag.no\/pax\/?s={search_term_string}\"},\"query-input\":{\"@type\":\"PropertyValueSpecification\",\"valueRequired\":true,\"valueName\":\"search_term_string\"}}],\"inLanguage\":\"nb-NO\"}]}<\/script>\n<!-- \/ Yoast SEO plugin. -->","yoast_head_json":{"title":"Ny boligplan - Pax","robots":{"index":"noindex","follow":"follow","max-snippet":"max-snippet:-1","max-image-preview":"max-image-preview:large","max-video-preview":"max-video-preview:-1"},"og_locale":"nb_NO","og_type":"article","og_title":"Ny boligplan - Pax","og_description":"Kan vi bygge gode boliger som alle har r\u00e5d til? I dag er det rekordlav aktivitet i sektoren, flere arkitekter er permittert, og boligbransjen sliter med \u00e5 selge p\u00e5 prospekt. Mens bransjen fortsetter kappl\u00f8pet mot bunnen med stadig d\u00e5rligere leiligheter, i h\u00e5p om at det vil senke prisene, fortsetter vi i denne andre utgaven av [&hellip;]","og_url":"https:\/\/staging.forenteforlag.no\/pax\/produkt\/ny-boligplan-nr-2\/","og_site_name":"Pax","article_modified_time":"2026-03-03T22:19:09+00:00","og_image":[{"width":1358,"height":1920,"url":"https:\/\/staging.forenteforlag.no\/pax\/wp-content\/uploads\/sites\/5\/2025\/08\/jpg-31-scaled-1-scaled.png","type":"image\/png"}],"twitter_card":"summary_large_image","twitter_misc":{"Ansl. lesetid":"1 minutt"},"schema":{"@context":"https:\/\/schema.org","@graph":[{"@type":"WebPage","@id":"https:\/\/staging.forenteforlag.no\/pax\/produkt\/ny-boligplan-nr-2\/","url":"https:\/\/staging.forenteforlag.no\/pax\/produkt\/ny-boligplan-nr-2\/","name":"Ny boligplan - Pax","isPartOf":{"@id":"https:\/\/staging.forenteforlag.no\/pax\/#website"},"primaryImageOfPage":{"@id":"https:\/\/staging.forenteforlag.no\/pax\/produkt\/ny-boligplan-nr-2\/#primaryimage"},"image":{"@id":"https:\/\/staging.forenteforlag.no\/pax\/produkt\/ny-boligplan-nr-2\/#primaryimage"},"thumbnailUrl":"https:\/\/staging.forenteforlag.no\/pax\/wp-content\/uploads\/sites\/5\/2025\/08\/jpg-31-scaled-1-scaled.png","datePublished":"2025-05-13T12:55:12+00:00","dateModified":"2026-03-03T22:19:09+00:00","breadcrumb":{"@id":"https:\/\/staging.forenteforlag.no\/pax\/produkt\/ny-boligplan-nr-2\/#breadcrumb"},"inLanguage":"nb-NO","potentialAction":[{"@type":"ReadAction","target":["https:\/\/staging.forenteforlag.no\/pax\/produkt\/ny-boligplan-nr-2\/"]}]},{"@type":"ImageObject","inLanguage":"nb-NO","@id":"https:\/\/staging.forenteforlag.no\/pax\/produkt\/ny-boligplan-nr-2\/#primaryimage","url":"https:\/\/staging.forenteforlag.no\/pax\/wp-content\/uploads\/sites\/5\/2025\/08\/jpg-31-scaled-1-scaled.png","contentUrl":"https:\/\/staging.forenteforlag.no\/pax\/wp-content\/uploads\/sites\/5\/2025\/08\/jpg-31-scaled-1-scaled.png","width":1358,"height":1920},{"@type":"BreadcrumbList","@id":"https:\/\/staging.forenteforlag.no\/pax\/produkt\/ny-boligplan-nr-2\/#breadcrumb","itemListElement":[{"@type":"ListItem","position":1,"name":"Hjem","item":"https:\/\/staging.forenteforlag.no\/pax\/"},{"@type":"ListItem","position":2,"name":"Alle b\u00f8ker","item":"https:\/\/staging.forenteforlag.no\/pax\/butikk\/"},{"@type":"ListItem","position":3,"name":"Ny boligplan"}]},{"@type":"WebSite","@id":"https:\/\/staging.forenteforlag.no\/pax\/#website","url":"https:\/\/staging.forenteforlag.no\/pax\/","name":"Pax","description":"","potentialAction":[{"@type":"SearchAction","target":{"@type":"EntryPoint","urlTemplate":"https:\/\/staging.forenteforlag.no\/pax\/?s={search_term_string}"},"query-input":{"@type":"PropertyValueSpecification","valueRequired":true,"valueName":"search_term_string"}}],"inLanguage":"nb-NO"}]}},"_links":{"self":[{"href":"https:\/\/staging.forenteforlag.no\/pax\/wp-json\/wp\/v2\/product\/25813","targetHints":{"allow":["GET"]}}],"collection":[{"href":"https:\/\/staging.forenteforlag.no\/pax\/wp-json\/wp\/v2\/product"}],"about":[{"href":"https:\/\/staging.forenteforlag.no\/pax\/wp-json\/wp\/v2\/types\/product"}],"wp:featuredmedia":[{"embeddable":true,"href":"https:\/\/staging.forenteforlag.no\/pax\/wp-json\/wp\/v2\/media\/29496"}],"wp:attachment":[{"href":"https:\/\/staging.forenteforlag.no\/pax\/wp-json\/wp\/v2\/media?parent=25813"}],"wp:term":[{"taxonomy":"product_brand","embeddable":true,"href":"https:\/\/staging.forenteforlag.no\/pax\/wp-json\/wp\/v2\/product_brand?post=25813"},{"taxonomy":"product_cat","embeddable":true,"href":"https:\/\/staging.forenteforlag.no\/pax\/wp-json\/wp\/v2\/product_cat?post=25813"},{"taxonomy":"product_tag","embeddable":true,"href":"https:\/\/staging.forenteforlag.no\/pax\/wp-json\/wp\/v2\/product_tag?post=25813"}],"curies":[{"name":"wp","href":"https:\/\/api.w.org\/{rel}","templated":true}]}}