{"id":25384,"date":"2025-03-14T10:19:56","date_gmt":"2025-03-14T09:19:56","guid":{"rendered":"https:\/\/pax.no\/?post_type=product&#038;p=25384"},"modified":"2026-03-03T23:19:49","modified_gmt":"2026-03-03T22:19:49","slug":"byen-bak-muren-3","status":"publish","type":"product","link":"https:\/\/staging.forenteforlag.no\/pax\/produkt\/byen-bak-muren-3\/","title":{"rendered":"Byen bak muren"},"content":{"rendered":"<p>I 1980 skrev Haruki Murakami en novelle om en by omgitt av en mur. Fem \u00e5r senere utga han fortellingen Hardkokt eventyrland og verdens ende, der en isolert by dukker opp. N\u00e5 har han l\u00f8ftet tematikken inn i den svimlende fascinerende romanen Byen bak muren.&lt;br&gt;&lt;br&gt;En mann m\u00f8ter igjen ungdomskj\u00e6resten han aldri har glemt, og befinner seg snart i en by omsluttet av en h\u00f8y mur. Da han drar tilbake til hverdagen og bibliotekarjobben, er det som om livsgnisten er borte. Han vil tilbake til byen bak muren, til kvinnen han endelig er blitt gjenforent med. Men er byen virkelig, eller bare en fantasi de to diktet opp da de var unge og nyforelsket?&lt;br&gt;&lt;br&gt;&lt;em&gt;Byen bak muren&lt;\/em&gt; er en historie om kj\u00e6rlighet, ensomhet, dr\u00f8mmer og illusjoner, fortalt slik bare Haruki Murakami kan.&lt;br&gt;&lt;br&gt;<\/p>\n","protected":false},"excerpt":{"rendered":"<p>I 1980 skrev Haruki Murakami en novelle om en by omgitt av en mur. Fem \u00e5r senere utga han fortellingen Hardkokt eventyrland og verdens ende, der en isolert by dukker opp. N\u00e5 har han l\u00f8ftet tematikken inn i den svimlende fascinerende romanen Byen bak muren.&lt;br&gt;&lt;br&gt;En mann m\u00f8ter igjen ungdomskj\u00e6resten han aldri har glemt, og befinner [&hellip;]<\/p>\n","protected":false},"featured_media":29454,"template":"","meta":{"_acf_changed":false,"inline_featured_image":false},"product_brand":[],"product_cat":[1778],"product_tag":[370],"class_list":{"0":"post-25384","1":"product","2":"type-product","3":"status-publish","4":"has-post-thumbnail","6":"product_cat-fastpris","7":"product_tag-skjonnlitteratur","9":"first","10":"instock","11":"shipping-taxable","12":"purchasable","13":"product-type-simple"},"acf":{"anmeldelse":[{"tekst_anmeldelser":"\u00abNorske lesere er velsignet med flere f\u00f8rsteklasses oversettere fra japansk. En av dem heter Ika Kaminka. At hun i en \u00e5rrekke har v\u00e6rt Murakamis faste oversetter, b\u00f8r norske lesere v\u00e6re sv\u00e6rt takknemlige for.\u00bb","av_anmeldelser":"Gabriel Michael Vosgraff Moro","terningkast":false,"kilde":"VG"},{"tekst_anmeldelser":"\u00abHaruki Murakami har skrevet en deilig fabulerende bok om kj\u00e6rligheten som ble borte. ... Han skriver liketil og fengende, s\u00f8rger for \u00e5 ha korte kapitler, overraskende omdreininger, spenning, \u00f8mhet og store mengder fascinerende undring. Hele tiden b\u00e6rer lengselen historien fremover.\u200b\u00bb\u200b\u00bb","av_anmeldelser":"Erlend Loe","terningkast":false,"kilde":"Aftenposten"},{"tekst_anmeldelser":"\u00abDet er en slags pubertal kvalitet i Murakamis verker som gj\u00f8r prosaen hans s\u00e5 umiskjennelig murakamisk. Dette kan vi ogs\u00e5 glede oss over i \u00e5rets utgivelse\u00bb","av_anmeldelser":"Ida V\u00e5gsether","terningkast":false,"kilde":"Morgenbladet"},{"tekst_anmeldelser":"\u00ab\u00c5 lese Murakami h\u00f8rer fortsatt til livets grunnleggende jordiske gleder..\u00bb","av_anmeldelser":"Knut Hoem","terningkast":false,"kilde":"NRK"},{"tekst_anmeldelser":"\u00abByen bak muren har mange fine betraktninger, s\u00e6rlig om ensomhet og f\u00f8lelsen av \u00e5 v\u00e6re fremmedgjort, som synes a. v\u00e6re et grunnleggende premiss for Murakamis karakterer. Her er nydelige passasjer om \u00e5 sitte \u00e5 glane p\u00e5 regnet, om kj\u00e6rlighet og tap av kj\u00e6rlighet, om \u00e5 v\u00e6re ung og om \u00e5 bli eldre.\u00bb","av_anmeldelser":"Fartein Horgar","terningkast":false,"kilde":"Adresseavisen"}]},"yoast_head":"<!-- This site is optimized with the Yoast SEO plugin v26.6 - https:\/\/yoast.com\/wordpress\/plugins\/seo\/ -->\n<title>Byen bak muren - Pax<\/title>\n<meta name=\"robots\" content=\"noindex, follow, max-snippet:-1, max-image-preview:large, max-video-preview:-1\" \/>\n<meta property=\"og:locale\" content=\"nb_NO\" \/>\n<meta property=\"og:type\" content=\"article\" \/>\n<meta property=\"og:title\" content=\"Byen bak muren - Pax\" \/>\n<meta property=\"og:description\" content=\"I 1980 skrev Haruki Murakami en novelle om en by omgitt av en mur. Fem \u00e5r senere utga han fortellingen Hardkokt eventyrland og verdens ende, der en isolert by dukker opp. N\u00e5 har han l\u00f8ftet tematikken inn i den svimlende fascinerende romanen Byen bak muren.&lt;br&gt;&lt;br&gt;En mann m\u00f8ter igjen ungdomskj\u00e6resten han aldri har glemt, og befinner [&hellip;]\" \/>\n<meta property=\"og:url\" content=\"https:\/\/staging.forenteforlag.no\/pax\/produkt\/byen-bak-muren-3\/\" \/>\n<meta property=\"og:site_name\" content=\"Pax\" \/>\n<meta property=\"article:modified_time\" content=\"2026-03-03T22:19:49+00:00\" \/>\n<meta property=\"og:image\" content=\"https:\/\/staging.forenteforlag.no\/pax\/wp-content\/uploads\/sites\/5\/2025\/08\/jpg-10019-scaled.jpg\" \/>\n\t<meta property=\"og:image:width\" content=\"1200\" \/>\n\t<meta property=\"og:image:height\" content=\"1920\" \/>\n\t<meta property=\"og:image:type\" content=\"image\/jpeg\" \/>\n<meta name=\"twitter:card\" content=\"summary_large_image\" \/>\n<meta name=\"twitter:label1\" content=\"Ansl. lesetid\" \/>\n\t<meta name=\"twitter:data1\" content=\"1 minutt\" \/>\n<script type=\"application\/ld+json\" class=\"yoast-schema-graph\">{\"@context\":\"https:\/\/schema.org\",\"@graph\":[{\"@type\":\"WebPage\",\"@id\":\"https:\/\/staging.forenteforlag.no\/pax\/produkt\/byen-bak-muren-3\/\",\"url\":\"https:\/\/staging.forenteforlag.no\/pax\/produkt\/byen-bak-muren-3\/\",\"name\":\"Byen bak muren - Pax\",\"isPartOf\":{\"@id\":\"https:\/\/staging.forenteforlag.no\/pax\/#website\"},\"primaryImageOfPage\":{\"@id\":\"https:\/\/staging.forenteforlag.no\/pax\/produkt\/byen-bak-muren-3\/#primaryimage\"},\"image\":{\"@id\":\"https:\/\/staging.forenteforlag.no\/pax\/produkt\/byen-bak-muren-3\/#primaryimage\"},\"thumbnailUrl\":\"https:\/\/staging.forenteforlag.no\/pax\/wp-content\/uploads\/sites\/5\/2025\/08\/jpg-10019-scaled.jpg\",\"datePublished\":\"2025-03-14T09:19:56+00:00\",\"dateModified\":\"2026-03-03T22:19:49+00:00\",\"breadcrumb\":{\"@id\":\"https:\/\/staging.forenteforlag.no\/pax\/produkt\/byen-bak-muren-3\/#breadcrumb\"},\"inLanguage\":\"nb-NO\",\"potentialAction\":[{\"@type\":\"ReadAction\",\"target\":[\"https:\/\/staging.forenteforlag.no\/pax\/produkt\/byen-bak-muren-3\/\"]}]},{\"@type\":\"ImageObject\",\"inLanguage\":\"nb-NO\",\"@id\":\"https:\/\/staging.forenteforlag.no\/pax\/produkt\/byen-bak-muren-3\/#primaryimage\",\"url\":\"https:\/\/staging.forenteforlag.no\/pax\/wp-content\/uploads\/sites\/5\/2025\/08\/jpg-10019-scaled.jpg\",\"contentUrl\":\"https:\/\/staging.forenteforlag.no\/pax\/wp-content\/uploads\/sites\/5\/2025\/08\/jpg-10019-scaled.jpg\",\"width\":1200,\"height\":1920},{\"@type\":\"BreadcrumbList\",\"@id\":\"https:\/\/staging.forenteforlag.no\/pax\/produkt\/byen-bak-muren-3\/#breadcrumb\",\"itemListElement\":[{\"@type\":\"ListItem\",\"position\":1,\"name\":\"Hjem\",\"item\":\"https:\/\/staging.forenteforlag.no\/pax\/\"},{\"@type\":\"ListItem\",\"position\":2,\"name\":\"Alle b\u00f8ker\",\"item\":\"https:\/\/staging.forenteforlag.no\/pax\/butikk\/\"},{\"@type\":\"ListItem\",\"position\":3,\"name\":\"Byen bak muren\"}]},{\"@type\":\"WebSite\",\"@id\":\"https:\/\/staging.forenteforlag.no\/pax\/#website\",\"url\":\"https:\/\/staging.forenteforlag.no\/pax\/\",\"name\":\"Pax\",\"description\":\"\",\"potentialAction\":[{\"@type\":\"SearchAction\",\"target\":{\"@type\":\"EntryPoint\",\"urlTemplate\":\"https:\/\/staging.forenteforlag.no\/pax\/?s={search_term_string}\"},\"query-input\":{\"@type\":\"PropertyValueSpecification\",\"valueRequired\":true,\"valueName\":\"search_term_string\"}}],\"inLanguage\":\"nb-NO\"}]}<\/script>\n<!-- \/ Yoast SEO plugin. -->","yoast_head_json":{"title":"Byen bak muren - Pax","robots":{"index":"noindex","follow":"follow","max-snippet":"max-snippet:-1","max-image-preview":"max-image-preview:large","max-video-preview":"max-video-preview:-1"},"og_locale":"nb_NO","og_type":"article","og_title":"Byen bak muren - Pax","og_description":"I 1980 skrev Haruki Murakami en novelle om en by omgitt av en mur. Fem \u00e5r senere utga han fortellingen Hardkokt eventyrland og verdens ende, der en isolert by dukker opp. N\u00e5 har han l\u00f8ftet tematikken inn i den svimlende fascinerende romanen Byen bak muren.&lt;br&gt;&lt;br&gt;En mann m\u00f8ter igjen ungdomskj\u00e6resten han aldri har glemt, og befinner [&hellip;]","og_url":"https:\/\/staging.forenteforlag.no\/pax\/produkt\/byen-bak-muren-3\/","og_site_name":"Pax","article_modified_time":"2026-03-03T22:19:49+00:00","og_image":[{"width":1200,"height":1920,"url":"https:\/\/staging.forenteforlag.no\/pax\/wp-content\/uploads\/sites\/5\/2025\/08\/jpg-10019-scaled.jpg","type":"image\/jpeg"}],"twitter_card":"summary_large_image","twitter_misc":{"Ansl. lesetid":"1 minutt"},"schema":{"@context":"https:\/\/schema.org","@graph":[{"@type":"WebPage","@id":"https:\/\/staging.forenteforlag.no\/pax\/produkt\/byen-bak-muren-3\/","url":"https:\/\/staging.forenteforlag.no\/pax\/produkt\/byen-bak-muren-3\/","name":"Byen bak muren - Pax","isPartOf":{"@id":"https:\/\/staging.forenteforlag.no\/pax\/#website"},"primaryImageOfPage":{"@id":"https:\/\/staging.forenteforlag.no\/pax\/produkt\/byen-bak-muren-3\/#primaryimage"},"image":{"@id":"https:\/\/staging.forenteforlag.no\/pax\/produkt\/byen-bak-muren-3\/#primaryimage"},"thumbnailUrl":"https:\/\/staging.forenteforlag.no\/pax\/wp-content\/uploads\/sites\/5\/2025\/08\/jpg-10019-scaled.jpg","datePublished":"2025-03-14T09:19:56+00:00","dateModified":"2026-03-03T22:19:49+00:00","breadcrumb":{"@id":"https:\/\/staging.forenteforlag.no\/pax\/produkt\/byen-bak-muren-3\/#breadcrumb"},"inLanguage":"nb-NO","potentialAction":[{"@type":"ReadAction","target":["https:\/\/staging.forenteforlag.no\/pax\/produkt\/byen-bak-muren-3\/"]}]},{"@type":"ImageObject","inLanguage":"nb-NO","@id":"https:\/\/staging.forenteforlag.no\/pax\/produkt\/byen-bak-muren-3\/#primaryimage","url":"https:\/\/staging.forenteforlag.no\/pax\/wp-content\/uploads\/sites\/5\/2025\/08\/jpg-10019-scaled.jpg","contentUrl":"https:\/\/staging.forenteforlag.no\/pax\/wp-content\/uploads\/sites\/5\/2025\/08\/jpg-10019-scaled.jpg","width":1200,"height":1920},{"@type":"BreadcrumbList","@id":"https:\/\/staging.forenteforlag.no\/pax\/produkt\/byen-bak-muren-3\/#breadcrumb","itemListElement":[{"@type":"ListItem","position":1,"name":"Hjem","item":"https:\/\/staging.forenteforlag.no\/pax\/"},{"@type":"ListItem","position":2,"name":"Alle b\u00f8ker","item":"https:\/\/staging.forenteforlag.no\/pax\/butikk\/"},{"@type":"ListItem","position":3,"name":"Byen bak muren"}]},{"@type":"WebSite","@id":"https:\/\/staging.forenteforlag.no\/pax\/#website","url":"https:\/\/staging.forenteforlag.no\/pax\/","name":"Pax","description":"","potentialAction":[{"@type":"SearchAction","target":{"@type":"EntryPoint","urlTemplate":"https:\/\/staging.forenteforlag.no\/pax\/?s={search_term_string}"},"query-input":{"@type":"PropertyValueSpecification","valueRequired":true,"valueName":"search_term_string"}}],"inLanguage":"nb-NO"}]}},"_links":{"self":[{"href":"https:\/\/staging.forenteforlag.no\/pax\/wp-json\/wp\/v2\/product\/25384","targetHints":{"allow":["GET"]}}],"collection":[{"href":"https:\/\/staging.forenteforlag.no\/pax\/wp-json\/wp\/v2\/product"}],"about":[{"href":"https:\/\/staging.forenteforlag.no\/pax\/wp-json\/wp\/v2\/types\/product"}],"wp:featuredmedia":[{"embeddable":true,"href":"https:\/\/staging.forenteforlag.no\/pax\/wp-json\/wp\/v2\/media\/29454"}],"wp:attachment":[{"href":"https:\/\/staging.forenteforlag.no\/pax\/wp-json\/wp\/v2\/media?parent=25384"}],"wp:term":[{"taxonomy":"product_brand","embeddable":true,"href":"https:\/\/staging.forenteforlag.no\/pax\/wp-json\/wp\/v2\/product_brand?post=25384"},{"taxonomy":"product_cat","embeddable":true,"href":"https:\/\/staging.forenteforlag.no\/pax\/wp-json\/wp\/v2\/product_cat?post=25384"},{"taxonomy":"product_tag","embeddable":true,"href":"https:\/\/staging.forenteforlag.no\/pax\/wp-json\/wp\/v2\/product_tag?post=25384"}],"curies":[{"name":"wp","href":"https:\/\/api.w.org\/{rel}","templated":true}]}}