{"id":24763,"date":"2025-03-13T15:12:31","date_gmt":"2025-03-13T14:12:31","guid":{"rendered":"https:\/\/pax.forenteforlag.no\/produkt\/skumring-1941-3\/"},"modified":"2026-03-03T23:19:35","modified_gmt":"2026-03-03T22:19:35","slug":"skumring-1941-3","status":"publish","type":"product","link":"https:\/\/staging.forenteforlag.no\/pax\/produkt\/skumring-1941-3\/","title":{"rendered":"Skumring 1941"},"content":{"rendered":"<p>Det er januar 1940, og vinterkrigen mellom Finland og Sovjetunionen har p\u00e5g\u00e5tt i snart to m\u00e5neder. Molly er p\u00e5 turn\u00e9 med teaterkompaniet sitt, mens kj\u00e6resten, journalisten Henry, er sendt ut i felten som krigskorrespondent. P\u00e5 slagmarken forst\u00e5r han at ikke alt kan fortelles: Under en krig m\u00e5 sannheten ofres for nasjonens beste.S\u00e5 blir det fred, og Molly og Henry fors\u00f8ker \u00e5 finne tilbake til hverdagen i Helsingfors og glemme krigsopplevelsene som hjems\u00f8ker dem. Men snart er det 1941, og en ny krig st\u00e5r for d\u00f8ren.Skumring 1941\u202fer en storsl\u00e5tt og medrivende roman om noen av de m\u00f8rkeste \u00e5rene i Finlands historie \u2013 og om hva krig gj\u00f8r med mennesker, med livet og med kj\u00e6rligheten.<\/p>\n","protected":false},"excerpt":{"rendered":"<p>Det er januar 1940, og vinterkrigen mellom Finland og Sovjetunionen har p\u00e5g\u00e5tt i snart to m\u00e5neder. Molly er p\u00e5 turn\u00e9 med teaterkompaniet sitt, mens kj\u00e6resten, journalisten Henry, er sendt ut i felten som krigskorrespondent. P\u00e5 slagmarken forst\u00e5r han at ikke alt kan fortelles: Under en krig m\u00e5 sannheten ofres for nasjonens beste.S\u00e5 blir det fred, [&hellip;]<\/p>\n","protected":false},"featured_media":29507,"template":"","meta":{"_acf_changed":false,"inline_featured_image":false},"product_brand":[],"product_cat":[1782],"product_tag":[370],"class_list":{"0":"post-24763","1":"product","2":"type-product","3":"status-publish","4":"has-post-thumbnail","6":"product_cat-fripris","7":"product_tag-skjonnlitteratur","9":"first","10":"instock","11":"shipping-taxable","12":"purchasable","13":"product-type-simple"},"acf":{"anmeldelse":[{"tekst_anmeldelser":"\u00abSkumring 1941 er blitt skamrost av et n\u00e6rmest samlet kritikerkorps, og p\u00e5 sitt beste skriver West\u00f6 s\u00e5 godt som bare tidligere lyrikere kan skrive. Oversetteren, Erik Krogstad (som i tillegg til \u00e5 oversette West\u00f6 blant annet har bidratt til \u00e5 gj\u00f8re Mikael Niemis b\u00f8ker tilgjengelig p\u00e5 norsk), har ogs\u00e5 gjort sitt for \u00e5 gj\u00f8re boka til en opplevelse for leseren.\u00bb","av_anmeldelser":"Jonas Bals","terningkast":false,"kilde":"Klassekampen"},{"tekst_anmeldelser":"West\u00f6 skriver medrivende om store temaer, dramatiske hendelser og sterke f\u00f8lelser..I sin nyeste kj\u00e6rlighetsroman skriver han om hva krig gj\u00f8r med mennesker, med livet og med kj\u00e6rligheten.","av_anmeldelser":"Marius Wulfsberg","terningkast":"<i class=\"fa-solid fa-dice-five\"><\/i>","kilde":"Dagbladet"},{"tekst_anmeldelser":"\u00abWest\u00f6 har gjort et nydelig research.arbeid. Erik Krogstads oversettelse er utmerket, og det finnes nok av kostelige scener her. Det syder og koker p\u00e5 innsiden av teater.truppen, og intrigene hoper seg opp i avis.redaksjonen. ... Det som er s\u00e5 gjennom.g\u00e5ende fint med Kjell West\u00f6, er at han forteller en ordentlig historie . og at man l\u00e6rer s\u00e5 mye underveis.\u00bb","av_anmeldelser":"Knut Hoem","terningkast":false,"kilde":"NRK"},{"tekst_anmeldelser":"\u00abSkumring 1941 er en antikrigsroman i tradisjonen etter Remarques Intet nytt fra vestfronten. Noen l\u00f8sninger p\u00e5 hvordan krig skal unng\u00e5s gir boka ikke. Men den f\u00e5r b\u00e5de p\u00e5 og mellom linjene tydeliggjort hvor meningsl\u00f8s krig er \u2013 b\u00e5de krigen som foreg\u00e5r i det sm\u00e5 p\u00e5 et mer mellommenneskelig plan og p\u00e5 et st\u00f8rre samfunnsplan. Livet er for kort til \u00e5 sl\u00e5 hverandre i hjel. Kjell West\u00f5 forholder seg ikke likegyldig til dette, snarere tvert imot.\u00bb","av_anmeldelser":"Jan-Erik \u00d8stlie","terningkast":false,"kilde":"Fri Fagbevelse"},{"tekst_anmeldelser":"\u00abBesettende krigs- og kj\u00e6rlighetshistorie i ly av Sovjetunionens to brutale angrep p\u00e5 Finland p\u00e5 1940-tallet. ... West\u00f6 har skrevet en intens antikrigsroman om hvordan kriger umenneskeliggj\u00f8r og herjer med livene i det daglige og i kj\u00e6rlighetsforhold.\u00bb","av_anmeldelser":"Stein Roll","terningkast":"<i class=\"fa-solid fa-dice-six\"><\/i>","kilde":"Adresseavisen"}]},"yoast_head":"<!-- This site is optimized with the Yoast SEO plugin v26.6 - https:\/\/yoast.com\/wordpress\/plugins\/seo\/ -->\n<title>Skumring 1941 - Pax<\/title>\n<meta name=\"robots\" content=\"noindex, follow, max-snippet:-1, max-image-preview:large, max-video-preview:-1\" \/>\n<meta property=\"og:locale\" content=\"nb_NO\" \/>\n<meta property=\"og:type\" content=\"article\" \/>\n<meta property=\"og:title\" content=\"Skumring 1941 - Pax\" \/>\n<meta property=\"og:description\" content=\"Det er januar 1940, og vinterkrigen mellom Finland og Sovjetunionen har p\u00e5g\u00e5tt i snart to m\u00e5neder. Molly er p\u00e5 turn\u00e9 med teaterkompaniet sitt, mens kj\u00e6resten, journalisten Henry, er sendt ut i felten som krigskorrespondent. P\u00e5 slagmarken forst\u00e5r han at ikke alt kan fortelles: Under en krig m\u00e5 sannheten ofres for nasjonens beste.S\u00e5 blir det fred, [&hellip;]\" \/>\n<meta property=\"og:url\" content=\"https:\/\/staging.forenteforlag.no\/pax\/produkt\/skumring-1941-3\/\" \/>\n<meta property=\"og:site_name\" content=\"Pax\" \/>\n<meta property=\"article:modified_time\" content=\"2026-03-03T22:19:35+00:00\" \/>\n<meta property=\"og:image\" content=\"https:\/\/staging.forenteforlag.no\/pax\/wp-content\/uploads\/sites\/5\/2025\/08\/jpg-10192-scaled.jpg\" \/>\n\t<meta property=\"og:image:width\" content=\"1187\" \/>\n\t<meta property=\"og:image:height\" content=\"1920\" \/>\n\t<meta property=\"og:image:type\" content=\"image\/jpeg\" \/>\n<meta name=\"twitter:card\" content=\"summary_large_image\" \/>\n<meta name=\"twitter:label1\" content=\"Ansl. lesetid\" \/>\n\t<meta name=\"twitter:data1\" content=\"1 minutt\" \/>\n<script type=\"application\/ld+json\" class=\"yoast-schema-graph\">{\"@context\":\"https:\/\/schema.org\",\"@graph\":[{\"@type\":\"WebPage\",\"@id\":\"https:\/\/staging.forenteforlag.no\/pax\/produkt\/skumring-1941-3\/\",\"url\":\"https:\/\/staging.forenteforlag.no\/pax\/produkt\/skumring-1941-3\/\",\"name\":\"Skumring 1941 - Pax\",\"isPartOf\":{\"@id\":\"https:\/\/staging.forenteforlag.no\/pax\/#website\"},\"primaryImageOfPage\":{\"@id\":\"https:\/\/staging.forenteforlag.no\/pax\/produkt\/skumring-1941-3\/#primaryimage\"},\"image\":{\"@id\":\"https:\/\/staging.forenteforlag.no\/pax\/produkt\/skumring-1941-3\/#primaryimage\"},\"thumbnailUrl\":\"https:\/\/staging.forenteforlag.no\/pax\/wp-content\/uploads\/sites\/5\/2025\/08\/jpg-10192-scaled.jpg\",\"datePublished\":\"2025-03-13T14:12:31+00:00\",\"dateModified\":\"2026-03-03T22:19:35+00:00\",\"breadcrumb\":{\"@id\":\"https:\/\/staging.forenteforlag.no\/pax\/produkt\/skumring-1941-3\/#breadcrumb\"},\"inLanguage\":\"nb-NO\",\"potentialAction\":[{\"@type\":\"ReadAction\",\"target\":[\"https:\/\/staging.forenteforlag.no\/pax\/produkt\/skumring-1941-3\/\"]}]},{\"@type\":\"ImageObject\",\"inLanguage\":\"nb-NO\",\"@id\":\"https:\/\/staging.forenteforlag.no\/pax\/produkt\/skumring-1941-3\/#primaryimage\",\"url\":\"https:\/\/staging.forenteforlag.no\/pax\/wp-content\/uploads\/sites\/5\/2025\/08\/jpg-10192-scaled.jpg\",\"contentUrl\":\"https:\/\/staging.forenteforlag.no\/pax\/wp-content\/uploads\/sites\/5\/2025\/08\/jpg-10192-scaled.jpg\",\"width\":1187,\"height\":1920},{\"@type\":\"BreadcrumbList\",\"@id\":\"https:\/\/staging.forenteforlag.no\/pax\/produkt\/skumring-1941-3\/#breadcrumb\",\"itemListElement\":[{\"@type\":\"ListItem\",\"position\":1,\"name\":\"Hjem\",\"item\":\"https:\/\/staging.forenteforlag.no\/pax\/\"},{\"@type\":\"ListItem\",\"position\":2,\"name\":\"Alle b\u00f8ker\",\"item\":\"https:\/\/staging.forenteforlag.no\/pax\/butikk\/\"},{\"@type\":\"ListItem\",\"position\":3,\"name\":\"Skumring 1941\"}]},{\"@type\":\"WebSite\",\"@id\":\"https:\/\/staging.forenteforlag.no\/pax\/#website\",\"url\":\"https:\/\/staging.forenteforlag.no\/pax\/\",\"name\":\"Pax\",\"description\":\"\",\"potentialAction\":[{\"@type\":\"SearchAction\",\"target\":{\"@type\":\"EntryPoint\",\"urlTemplate\":\"https:\/\/staging.forenteforlag.no\/pax\/?s={search_term_string}\"},\"query-input\":{\"@type\":\"PropertyValueSpecification\",\"valueRequired\":true,\"valueName\":\"search_term_string\"}}],\"inLanguage\":\"nb-NO\"}]}<\/script>\n<!-- \/ Yoast SEO plugin. -->","yoast_head_json":{"title":"Skumring 1941 - Pax","robots":{"index":"noindex","follow":"follow","max-snippet":"max-snippet:-1","max-image-preview":"max-image-preview:large","max-video-preview":"max-video-preview:-1"},"og_locale":"nb_NO","og_type":"article","og_title":"Skumring 1941 - Pax","og_description":"Det er januar 1940, og vinterkrigen mellom Finland og Sovjetunionen har p\u00e5g\u00e5tt i snart to m\u00e5neder. Molly er p\u00e5 turn\u00e9 med teaterkompaniet sitt, mens kj\u00e6resten, journalisten Henry, er sendt ut i felten som krigskorrespondent. P\u00e5 slagmarken forst\u00e5r han at ikke alt kan fortelles: Under en krig m\u00e5 sannheten ofres for nasjonens beste.S\u00e5 blir det fred, [&hellip;]","og_url":"https:\/\/staging.forenteforlag.no\/pax\/produkt\/skumring-1941-3\/","og_site_name":"Pax","article_modified_time":"2026-03-03T22:19:35+00:00","og_image":[{"width":1187,"height":1920,"url":"https:\/\/staging.forenteforlag.no\/pax\/wp-content\/uploads\/sites\/5\/2025\/08\/jpg-10192-scaled.jpg","type":"image\/jpeg"}],"twitter_card":"summary_large_image","twitter_misc":{"Ansl. lesetid":"1 minutt"},"schema":{"@context":"https:\/\/schema.org","@graph":[{"@type":"WebPage","@id":"https:\/\/staging.forenteforlag.no\/pax\/produkt\/skumring-1941-3\/","url":"https:\/\/staging.forenteforlag.no\/pax\/produkt\/skumring-1941-3\/","name":"Skumring 1941 - Pax","isPartOf":{"@id":"https:\/\/staging.forenteforlag.no\/pax\/#website"},"primaryImageOfPage":{"@id":"https:\/\/staging.forenteforlag.no\/pax\/produkt\/skumring-1941-3\/#primaryimage"},"image":{"@id":"https:\/\/staging.forenteforlag.no\/pax\/produkt\/skumring-1941-3\/#primaryimage"},"thumbnailUrl":"https:\/\/staging.forenteforlag.no\/pax\/wp-content\/uploads\/sites\/5\/2025\/08\/jpg-10192-scaled.jpg","datePublished":"2025-03-13T14:12:31+00:00","dateModified":"2026-03-03T22:19:35+00:00","breadcrumb":{"@id":"https:\/\/staging.forenteforlag.no\/pax\/produkt\/skumring-1941-3\/#breadcrumb"},"inLanguage":"nb-NO","potentialAction":[{"@type":"ReadAction","target":["https:\/\/staging.forenteforlag.no\/pax\/produkt\/skumring-1941-3\/"]}]},{"@type":"ImageObject","inLanguage":"nb-NO","@id":"https:\/\/staging.forenteforlag.no\/pax\/produkt\/skumring-1941-3\/#primaryimage","url":"https:\/\/staging.forenteforlag.no\/pax\/wp-content\/uploads\/sites\/5\/2025\/08\/jpg-10192-scaled.jpg","contentUrl":"https:\/\/staging.forenteforlag.no\/pax\/wp-content\/uploads\/sites\/5\/2025\/08\/jpg-10192-scaled.jpg","width":1187,"height":1920},{"@type":"BreadcrumbList","@id":"https:\/\/staging.forenteforlag.no\/pax\/produkt\/skumring-1941-3\/#breadcrumb","itemListElement":[{"@type":"ListItem","position":1,"name":"Hjem","item":"https:\/\/staging.forenteforlag.no\/pax\/"},{"@type":"ListItem","position":2,"name":"Alle b\u00f8ker","item":"https:\/\/staging.forenteforlag.no\/pax\/butikk\/"},{"@type":"ListItem","position":3,"name":"Skumring 1941"}]},{"@type":"WebSite","@id":"https:\/\/staging.forenteforlag.no\/pax\/#website","url":"https:\/\/staging.forenteforlag.no\/pax\/","name":"Pax","description":"","potentialAction":[{"@type":"SearchAction","target":{"@type":"EntryPoint","urlTemplate":"https:\/\/staging.forenteforlag.no\/pax\/?s={search_term_string}"},"query-input":{"@type":"PropertyValueSpecification","valueRequired":true,"valueName":"search_term_string"}}],"inLanguage":"nb-NO"}]}},"_links":{"self":[{"href":"https:\/\/staging.forenteforlag.no\/pax\/wp-json\/wp\/v2\/product\/24763","targetHints":{"allow":["GET"]}}],"collection":[{"href":"https:\/\/staging.forenteforlag.no\/pax\/wp-json\/wp\/v2\/product"}],"about":[{"href":"https:\/\/staging.forenteforlag.no\/pax\/wp-json\/wp\/v2\/types\/product"}],"wp:featuredmedia":[{"embeddable":true,"href":"https:\/\/staging.forenteforlag.no\/pax\/wp-json\/wp\/v2\/media\/29507"}],"wp:attachment":[{"href":"https:\/\/staging.forenteforlag.no\/pax\/wp-json\/wp\/v2\/media?parent=24763"}],"wp:term":[{"taxonomy":"product_brand","embeddable":true,"href":"https:\/\/staging.forenteforlag.no\/pax\/wp-json\/wp\/v2\/product_brand?post=24763"},{"taxonomy":"product_cat","embeddable":true,"href":"https:\/\/staging.forenteforlag.no\/pax\/wp-json\/wp\/v2\/product_cat?post=24763"},{"taxonomy":"product_tag","embeddable":true,"href":"https:\/\/staging.forenteforlag.no\/pax\/wp-json\/wp\/v2\/product_tag?post=24763"}],"curies":[{"name":"wp","href":"https:\/\/api.w.org\/{rel}","templated":true}]}}