{"id":24759,"date":"2025-03-13T15:37:00","date_gmt":"2025-03-13T14:37:00","guid":{"rendered":"https:\/\/pax.forenteforlag.no\/produkt\/palmyra-2\/"},"modified":"2026-02-05T11:36:48","modified_gmt":"2026-02-05T10:36:48","slug":"palmyra-2","status":"publish","type":"product","link":"https:\/\/staging.forenteforlag.no\/pax\/produkt\/palmyra-2\/","title":{"rendered":"Palmyra"},"content":{"rendered":"<p>Ruinbyen Palmyra, som ligger i dagens Syria, er kanskje det rikeste arkeologiske funnstedet fra gresk-romersk tid etter Pompeii ved Napoli og ruinbyen Efesos ved kysten av Tyrkia. Rundt \u00e5r 200 etter v\u00e5r tidsregning tilh\u00f8rte byen det enorme romerske imperiet, som nettopp da opplevde sin storhetstid med en utstrekning fra Andalusia til Eufrat og fra Marokko til Syria. Under den nylige krigen i Syria ble Palmyra utsatt for omfattende plyndring og skadeverk. Aller verst i 2015 og 2016 da IS i to omganger inntok byen.<\/p>\n<p>\u00abDa Palmyra ble \u00f8delagt av terrororganisasjonen IS, ble en hel vegg i v\u00e5r kultur og mitt eget forskningsfelt brutalt sprengt i biter. \u2026 Jeg anser det som min plikt, b\u00e5de som tidligere professor og som menneske, \u00e5 gi uttrykk for min forferdelse i m\u00f8te med denne ubegripelige \u00f8deleggelsen samt \u00e5 tegne et portrett av Palmyras forgangne storhet, som man n\u00e5 bare kan bli kjent med gjennom b\u00f8ker.\u00bb<\/p>\n<p>\u2014Paul Veyne<\/p>\n","protected":false},"excerpt":{"rendered":"<p>Ruinbyen Palmyra, som ligger i dagens Syria, er kanskje det rikeste arkeologiske funnstedet fra gresk-romersk tid etter Pompeii ved Napoli og ruinbyen Efesos ved kysten av Tyrkia. Rundt \u00e5r 200 etter v\u00e5r tidsregning tilh\u00f8rte byen det enorme romerske imperiet, som nettopp da opplevde sin storhetstid med en utstrekning fra Andalusia til Eufrat og fra Marokko [&hellip;]<\/p>\n","protected":false},"featured_media":29173,"template":"","meta":{"_acf_changed":false,"inline_featured_image":false},"product_brand":[],"product_cat":[23],"product_tag":[362],"class_list":{"0":"post-24759","1":"product","2":"type-product","3":"status-publish","4":"has-post-thumbnail","6":"product_cat-historie","7":"product_tag-faglitteratur","8":"pa_format-innbundet","10":"first","11":"instock","12":"shipping-taxable","13":"purchasable","14":"product-type-simple"},"acf":{"anmeldelse":[{"tekst_anmeldelser":"\u00abDenne juvelen av en bok er en verdifull veiviser til den antikke byens tapte skatter, og til hva byen var og hva den er i dag. Det er en bok skrevet med lidenskap; den samme lidenskapen som f\u00e5r forfatteren til \u00e5 understreke viktigheten av multikulturalisme, b\u00e5de for Palmyras suksess og for v\u00e5r moderne verden.\u00bb","av_anmeldelser":"Leonardo Gregorati","terningkast":false,"kilde":"History Today"}]},"yoast_head":"<!-- This site is optimized with the Yoast SEO plugin v26.6 - https:\/\/yoast.com\/wordpress\/plugins\/seo\/ -->\n<title>Palmyra - Pax<\/title>\n<meta name=\"robots\" content=\"noindex, follow, max-snippet:-1, max-image-preview:large, max-video-preview:-1\" \/>\n<meta property=\"og:locale\" content=\"nb_NO\" \/>\n<meta property=\"og:type\" content=\"article\" \/>\n<meta property=\"og:title\" content=\"Palmyra - Pax\" \/>\n<meta property=\"og:description\" content=\"Ruinbyen Palmyra, som ligger i dagens Syria, er kanskje det rikeste arkeologiske funnstedet fra gresk-romersk tid etter Pompeii ved Napoli og ruinbyen Efesos ved kysten av Tyrkia. Rundt \u00e5r 200 etter v\u00e5r tidsregning tilh\u00f8rte byen det enorme romerske imperiet, som nettopp da opplevde sin storhetstid med en utstrekning fra Andalusia til Eufrat og fra Marokko [&hellip;]\" \/>\n<meta property=\"og:url\" content=\"https:\/\/staging.forenteforlag.no\/pax\/produkt\/palmyra-2\/\" \/>\n<meta property=\"og:site_name\" content=\"Pax\" \/>\n<meta property=\"article:modified_time\" content=\"2026-02-05T10:36:48+00:00\" \/>\n<meta property=\"og:image\" content=\"https:\/\/staging.forenteforlag.no\/pax\/wp-content\/uploads\/sites\/5\/2025\/08\/jpg-9120.jpg\" \/>\n\t<meta property=\"og:image:width\" content=\"1226\" \/>\n\t<meta property=\"og:image:height\" content=\"1826\" \/>\n\t<meta property=\"og:image:type\" content=\"image\/jpeg\" \/>\n<meta name=\"twitter:card\" content=\"summary_large_image\" \/>\n<meta name=\"twitter:label1\" content=\"Ansl. lesetid\" \/>\n\t<meta name=\"twitter:data1\" content=\"2 minutter\" \/>\n<script type=\"application\/ld+json\" class=\"yoast-schema-graph\">{\"@context\":\"https:\/\/schema.org\",\"@graph\":[{\"@type\":\"WebPage\",\"@id\":\"https:\/\/staging.forenteforlag.no\/pax\/produkt\/palmyra-2\/\",\"url\":\"https:\/\/staging.forenteforlag.no\/pax\/produkt\/palmyra-2\/\",\"name\":\"Palmyra - Pax\",\"isPartOf\":{\"@id\":\"https:\/\/staging.forenteforlag.no\/pax\/#website\"},\"primaryImageOfPage\":{\"@id\":\"https:\/\/staging.forenteforlag.no\/pax\/produkt\/palmyra-2\/#primaryimage\"},\"image\":{\"@id\":\"https:\/\/staging.forenteforlag.no\/pax\/produkt\/palmyra-2\/#primaryimage\"},\"thumbnailUrl\":\"https:\/\/staging.forenteforlag.no\/pax\/wp-content\/uploads\/sites\/5\/2025\/08\/jpg-9120.jpg\",\"datePublished\":\"2025-03-13T14:37:00+00:00\",\"dateModified\":\"2026-02-05T10:36:48+00:00\",\"breadcrumb\":{\"@id\":\"https:\/\/staging.forenteforlag.no\/pax\/produkt\/palmyra-2\/#breadcrumb\"},\"inLanguage\":\"nb-NO\",\"potentialAction\":[{\"@type\":\"ReadAction\",\"target\":[\"https:\/\/staging.forenteforlag.no\/pax\/produkt\/palmyra-2\/\"]}]},{\"@type\":\"ImageObject\",\"inLanguage\":\"nb-NO\",\"@id\":\"https:\/\/staging.forenteforlag.no\/pax\/produkt\/palmyra-2\/#primaryimage\",\"url\":\"https:\/\/staging.forenteforlag.no\/pax\/wp-content\/uploads\/sites\/5\/2025\/08\/jpg-9120.jpg\",\"contentUrl\":\"https:\/\/staging.forenteforlag.no\/pax\/wp-content\/uploads\/sites\/5\/2025\/08\/jpg-9120.jpg\",\"width\":1226,\"height\":1826},{\"@type\":\"BreadcrumbList\",\"@id\":\"https:\/\/staging.forenteforlag.no\/pax\/produkt\/palmyra-2\/#breadcrumb\",\"itemListElement\":[{\"@type\":\"ListItem\",\"position\":1,\"name\":\"Hjem\",\"item\":\"https:\/\/staging.forenteforlag.no\/pax\/\"},{\"@type\":\"ListItem\",\"position\":2,\"name\":\"Alle b\u00f8ker\",\"item\":\"https:\/\/staging.forenteforlag.no\/pax\/butikk\/\"},{\"@type\":\"ListItem\",\"position\":3,\"name\":\"Palmyra\"}]},{\"@type\":\"WebSite\",\"@id\":\"https:\/\/staging.forenteforlag.no\/pax\/#website\",\"url\":\"https:\/\/staging.forenteforlag.no\/pax\/\",\"name\":\"Pax\",\"description\":\"\",\"potentialAction\":[{\"@type\":\"SearchAction\",\"target\":{\"@type\":\"EntryPoint\",\"urlTemplate\":\"https:\/\/staging.forenteforlag.no\/pax\/?s={search_term_string}\"},\"query-input\":{\"@type\":\"PropertyValueSpecification\",\"valueRequired\":true,\"valueName\":\"search_term_string\"}}],\"inLanguage\":\"nb-NO\"}]}<\/script>\n<!-- \/ Yoast SEO plugin. -->","yoast_head_json":{"title":"Palmyra - Pax","robots":{"index":"noindex","follow":"follow","max-snippet":"max-snippet:-1","max-image-preview":"max-image-preview:large","max-video-preview":"max-video-preview:-1"},"og_locale":"nb_NO","og_type":"article","og_title":"Palmyra - Pax","og_description":"Ruinbyen Palmyra, som ligger i dagens Syria, er kanskje det rikeste arkeologiske funnstedet fra gresk-romersk tid etter Pompeii ved Napoli og ruinbyen Efesos ved kysten av Tyrkia. Rundt \u00e5r 200 etter v\u00e5r tidsregning tilh\u00f8rte byen det enorme romerske imperiet, som nettopp da opplevde sin storhetstid med en utstrekning fra Andalusia til Eufrat og fra Marokko [&hellip;]","og_url":"https:\/\/staging.forenteforlag.no\/pax\/produkt\/palmyra-2\/","og_site_name":"Pax","article_modified_time":"2026-02-05T10:36:48+00:00","og_image":[{"width":1226,"height":1826,"url":"https:\/\/staging.forenteforlag.no\/pax\/wp-content\/uploads\/sites\/5\/2025\/08\/jpg-9120.jpg","type":"image\/jpeg"}],"twitter_card":"summary_large_image","twitter_misc":{"Ansl. lesetid":"2 minutter"},"schema":{"@context":"https:\/\/schema.org","@graph":[{"@type":"WebPage","@id":"https:\/\/staging.forenteforlag.no\/pax\/produkt\/palmyra-2\/","url":"https:\/\/staging.forenteforlag.no\/pax\/produkt\/palmyra-2\/","name":"Palmyra - Pax","isPartOf":{"@id":"https:\/\/staging.forenteforlag.no\/pax\/#website"},"primaryImageOfPage":{"@id":"https:\/\/staging.forenteforlag.no\/pax\/produkt\/palmyra-2\/#primaryimage"},"image":{"@id":"https:\/\/staging.forenteforlag.no\/pax\/produkt\/palmyra-2\/#primaryimage"},"thumbnailUrl":"https:\/\/staging.forenteforlag.no\/pax\/wp-content\/uploads\/sites\/5\/2025\/08\/jpg-9120.jpg","datePublished":"2025-03-13T14:37:00+00:00","dateModified":"2026-02-05T10:36:48+00:00","breadcrumb":{"@id":"https:\/\/staging.forenteforlag.no\/pax\/produkt\/palmyra-2\/#breadcrumb"},"inLanguage":"nb-NO","potentialAction":[{"@type":"ReadAction","target":["https:\/\/staging.forenteforlag.no\/pax\/produkt\/palmyra-2\/"]}]},{"@type":"ImageObject","inLanguage":"nb-NO","@id":"https:\/\/staging.forenteforlag.no\/pax\/produkt\/palmyra-2\/#primaryimage","url":"https:\/\/staging.forenteforlag.no\/pax\/wp-content\/uploads\/sites\/5\/2025\/08\/jpg-9120.jpg","contentUrl":"https:\/\/staging.forenteforlag.no\/pax\/wp-content\/uploads\/sites\/5\/2025\/08\/jpg-9120.jpg","width":1226,"height":1826},{"@type":"BreadcrumbList","@id":"https:\/\/staging.forenteforlag.no\/pax\/produkt\/palmyra-2\/#breadcrumb","itemListElement":[{"@type":"ListItem","position":1,"name":"Hjem","item":"https:\/\/staging.forenteforlag.no\/pax\/"},{"@type":"ListItem","position":2,"name":"Alle b\u00f8ker","item":"https:\/\/staging.forenteforlag.no\/pax\/butikk\/"},{"@type":"ListItem","position":3,"name":"Palmyra"}]},{"@type":"WebSite","@id":"https:\/\/staging.forenteforlag.no\/pax\/#website","url":"https:\/\/staging.forenteforlag.no\/pax\/","name":"Pax","description":"","potentialAction":[{"@type":"SearchAction","target":{"@type":"EntryPoint","urlTemplate":"https:\/\/staging.forenteforlag.no\/pax\/?s={search_term_string}"},"query-input":{"@type":"PropertyValueSpecification","valueRequired":true,"valueName":"search_term_string"}}],"inLanguage":"nb-NO"}]}},"_links":{"self":[{"href":"https:\/\/staging.forenteforlag.no\/pax\/wp-json\/wp\/v2\/product\/24759","targetHints":{"allow":["GET"]}}],"collection":[{"href":"https:\/\/staging.forenteforlag.no\/pax\/wp-json\/wp\/v2\/product"}],"about":[{"href":"https:\/\/staging.forenteforlag.no\/pax\/wp-json\/wp\/v2\/types\/product"}],"wp:featuredmedia":[{"embeddable":true,"href":"https:\/\/staging.forenteforlag.no\/pax\/wp-json\/wp\/v2\/media\/29173"}],"wp:attachment":[{"href":"https:\/\/staging.forenteforlag.no\/pax\/wp-json\/wp\/v2\/media?parent=24759"}],"wp:term":[{"taxonomy":"product_brand","embeddable":true,"href":"https:\/\/staging.forenteforlag.no\/pax\/wp-json\/wp\/v2\/product_brand?post=24759"},{"taxonomy":"product_cat","embeddable":true,"href":"https:\/\/staging.forenteforlag.no\/pax\/wp-json\/wp\/v2\/product_cat?post=24759"},{"taxonomy":"product_tag","embeddable":true,"href":"https:\/\/staging.forenteforlag.no\/pax\/wp-json\/wp\/v2\/product_tag?post=24759"}],"curies":[{"name":"wp","href":"https:\/\/api.w.org\/{rel}","templated":true}]}}