{"id":24751,"date":"2025-03-14T09:37:06","date_gmt":"2025-03-14T08:37:06","guid":{"rendered":"https:\/\/pax.forenteforlag.no\/produkt\/folk-som-sar-i-sno\/"},"modified":"2026-02-18T07:10:58","modified_gmt":"2026-02-18T06:10:58","slug":"folk-som-sar-i-sno","status":"publish","type":"product","link":"https:\/\/staging.forenteforlag.no\/pax\/produkt\/folk-som-sar-i-sno\/","title":{"rendered":"Folk som s\u00e5r i sn\u00f8"},"content":{"rendered":"<p><strong>\u00c5rets bok i Sverige i 2023!<\/strong><\/p>\n<p>Ingen skal komme og fortelle 85-\u00e5rige M\u00e1riddja at hun skal d\u00f8. Og det er i hvert fall ingen som skal fortelle det til ektemannen Biera. Den eneste hun betror seg til, er Siri, den hjelpsomme damen i mobiltelefonen.<\/p>\n<p>Det unge paret Kaj og Mimmi har nettopp flyttet til Norrbotten. Mimmi stortrives og dr\u00f8mmer om barn, men Kaj f\u00f8ler seg rotl\u00f8s etter morens d\u00f8d. Alt hun etterlot seg, var en eske med samisk h\u00e5ndverk.<\/p>\n<p>Samtidig som Kaj begynner \u00e5 grave i fortiden, bestemmer M\u00e1riddja seg for \u00e5 opps\u00f8ke gutten hun og Biera en gang elsket som sin egen s\u00f8nn. Men hvordan skal hun finne ham? Kan det v\u00e6re noe i Bieras dr\u00f8mmesyn der han s\u00e5 gutten b\u00e6re uniform?<\/p>\n<p><em>Folk som s\u00e5r i sn\u00f8<\/em> er en sjarmbombe av de sjeldne \u2013 morsom og velskrevet med karakterer du blir glad i, og dialoger som f\u00e5r deg til \u00e5 le h\u00f8yt. Samtidig er den en gripende fortelling om hva det vil si \u00e5 elske og miste noen. Romanen er blitt sammenlignet med <em>En mann ved navn Ove<\/em> av Fredrik Backman og er under oversettelse til 20 spr\u00e5k, deriblant engelsk.<\/p>\n<p><\/p>\n","protected":false},"excerpt":{"rendered":"<p>\u00c5rets bok i Sverige i 2023! Ingen skal komme og fortelle 85-\u00e5rige M\u00e1riddja at hun skal d\u00f8. Og det er i hvert fall ingen som skal fortelle det til ektemannen Biera. Den eneste hun betror seg til, er Siri, den hjelpsomme damen i mobiltelefonen. Det unge paret Kaj og Mimmi har nettopp flyttet til Norrbotten. [&hellip;]<\/p>\n","protected":false},"featured_media":29455,"template":"","meta":{"_acf_changed":false,"inline_featured_image":false},"product_brand":[],"product_cat":[40],"product_tag":[370],"class_list":{"0":"post-24751","1":"product","2":"type-product","3":"status-publish","4":"has-post-thumbnail","6":"product_cat-romaner","7":"product_tag-skjonnlitteratur","8":"pa_format-innbundet","10":"first","11":"midlertidig-utsolgt","12":"shipping-taxable","13":"purchasable","14":"product-type-simple"},"acf":{"anmeldelse":[{"tekst_anmeldelser":"\"Velskrevet, hylende morsom - og tankevekkende\u00bb","av_anmeldelser":"Inger Bentzrud ","terningkast":"<i class=\"fa-solid fa-dice-five\"><\/i>","kilde":"Dagbladet "},{"tekst_anmeldelser":"\u00abEn av \u00e5rets beste b\u00f8ker ... Dette er ikke bare en slektsroman, det er en helt herlig leseopplevelse.\u00bb","av_anmeldelser":"Blekinge L\u00e4ns Tidning","terningkast":false,"kilde":"Blekinge L\u00e4ns Tidning"},{"tekst_anmeldelser":"\"Underholdende samisk feelgood\"","av_anmeldelser":"Vigdis Moe Skarstein","terningkast":false,"kilde":"Adresseavisen"},{"tekst_anmeldelser":"\u00abEn fantastisk historie og leseopplevelse. Fortalt med kj\u00e6rlighet og i et s\u00e5 levende og vakkert spr\u00e5k at man n\u00e6rmest f\u00e5r t\u00e5rer i \u00f8ynene. ... En bok som bare m\u00e5 leses av alle som er interessert i litteratur.\u00bb","av_anmeldelser":"Norrbottens-Kuriren","terningkast":false,"kilde":"Norrbottens-Kuriren"},{"tekst_anmeldelser":"\u00abEn nydelig bok som minner deg p\u00e5 \u00e5 v\u00e6re takknemlig for det du har, og verdsette livet mens du har det.\u00bb","av_anmeldelser":"Bogrummet","terningkast":false,"kilde":"Bogrummet"},{"tekst_anmeldelser":"\u00abFor en perle av en debutroman! \u2018Folk som s\u00e5r i sn\u00f8\u2019 er godt plassert i S\u00e1pmi \u2013 fortalt med snert og spekket av anekdoter, myter, humor og alvor.\u00bb","av_anmeldelser":"Ida Zachariassen Sagberg","terningkast":false,"kilde":"Finnmarken"},{"tekst_anmeldelser":"\u00abTina Harnesk bor p\u00e5 et fjell utenfor Arvidsjaur og har tatt steget inn i rekken av forfattere som skriver om samisk kultur. Og som hun skriver! Romanen er morsom og v\u00e5gal, befolket av fargerike og uforglemmelige karakterer. Men bak den muntre fasaden finnes en sorg over det tradisjonelle livet som gikk tapt.\u00bb","av_anmeldelser":"Aftonbladet","terningkast":false,"kilde":"Aftonbladet"},{"tekst_anmeldelser":"\u00abUtrolig gripende og velskrevet samisk slektskr\u00f8nike med en ualminnelig, gammel dame i hovedrollen.\u00bb","av_anmeldelser":"Litteratursiden","terningkast":false,"kilde":"Litteratursiden"},{"tekst_anmeldelser":"\u00abEn av \u00e5rets beste b\u00f8ker ... Dette er ikke bare en slektsroman, det er en helt herlig leseopplevelse.\u00bb","av_anmeldelser":"","terningkast":"","kilde":"Blekinge L\u00e4ns Tidning"},{"tekst_anmeldelser":"\u00abTina Harnesk bor p\u00e5 et fjell utenfor Arvidsjaur og har tatt steget inn i rekken av forfattere som skriver om samisk kultur. Og som hun skriver! Romanen er morsom og v\u00e5gal, befolket av fargerike og uforglemmelige karakterer. Men bak den muntre fasaden finnes en sorg over det tradisjonelle livet som gikk tapt.\u00bb","av_anmeldelser":"","terningkast":"","kilde":"Aftonbladet"}]},"yoast_head":"<!-- This site is optimized with the Yoast SEO plugin v26.6 - https:\/\/yoast.com\/wordpress\/plugins\/seo\/ -->\n<title>Folk som s\u00e5r i sn\u00f8 - Pax<\/title>\n<meta name=\"robots\" content=\"noindex, follow, max-snippet:-1, max-image-preview:large, max-video-preview:-1\" \/>\n<meta property=\"og:locale\" content=\"nb_NO\" \/>\n<meta property=\"og:type\" content=\"article\" \/>\n<meta property=\"og:title\" content=\"Folk som s\u00e5r i sn\u00f8 - Pax\" \/>\n<meta property=\"og:description\" content=\"\u00c5rets bok i Sverige i 2023! Ingen skal komme og fortelle 85-\u00e5rige M\u00e1riddja at hun skal d\u00f8. Og det er i hvert fall ingen som skal fortelle det til ektemannen Biera. Den eneste hun betror seg til, er Siri, den hjelpsomme damen i mobiltelefonen. Det unge paret Kaj og Mimmi har nettopp flyttet til Norrbotten. [&hellip;]\" \/>\n<meta property=\"og:url\" content=\"https:\/\/staging.forenteforlag.no\/pax\/produkt\/folk-som-sar-i-sno\/\" \/>\n<meta property=\"og:site_name\" content=\"Pax\" \/>\n<meta property=\"article:modified_time\" content=\"2026-02-18T06:10:58+00:00\" \/>\n<meta property=\"og:image\" content=\"https:\/\/staging.forenteforlag.no\/pax\/wp-content\/uploads\/sites\/5\/2025\/08\/jpg-10020-scaled.jpg\" \/>\n\t<meta property=\"og:image:width\" content=\"1223\" \/>\n\t<meta property=\"og:image:height\" content=\"1920\" \/>\n\t<meta property=\"og:image:type\" content=\"image\/jpeg\" \/>\n<meta name=\"twitter:card\" content=\"summary_large_image\" \/>\n<meta name=\"twitter:label1\" content=\"Ansl. lesetid\" \/>\n\t<meta name=\"twitter:data1\" content=\"2 minutter\" \/>\n<script type=\"application\/ld+json\" class=\"yoast-schema-graph\">{\"@context\":\"https:\/\/schema.org\",\"@graph\":[{\"@type\":\"WebPage\",\"@id\":\"https:\/\/staging.forenteforlag.no\/pax\/produkt\/folk-som-sar-i-sno\/\",\"url\":\"https:\/\/staging.forenteforlag.no\/pax\/produkt\/folk-som-sar-i-sno\/\",\"name\":\"Folk som s\u00e5r i sn\u00f8 - Pax\",\"isPartOf\":{\"@id\":\"https:\/\/staging.forenteforlag.no\/pax\/#website\"},\"primaryImageOfPage\":{\"@id\":\"https:\/\/staging.forenteforlag.no\/pax\/produkt\/folk-som-sar-i-sno\/#primaryimage\"},\"image\":{\"@id\":\"https:\/\/staging.forenteforlag.no\/pax\/produkt\/folk-som-sar-i-sno\/#primaryimage\"},\"thumbnailUrl\":\"https:\/\/staging.forenteforlag.no\/pax\/wp-content\/uploads\/sites\/5\/2025\/08\/jpg-10020-scaled.jpg\",\"datePublished\":\"2025-03-14T08:37:06+00:00\",\"dateModified\":\"2026-02-18T06:10:58+00:00\",\"breadcrumb\":{\"@id\":\"https:\/\/staging.forenteforlag.no\/pax\/produkt\/folk-som-sar-i-sno\/#breadcrumb\"},\"inLanguage\":\"nb-NO\",\"potentialAction\":[{\"@type\":\"ReadAction\",\"target\":[\"https:\/\/staging.forenteforlag.no\/pax\/produkt\/folk-som-sar-i-sno\/\"]}]},{\"@type\":\"ImageObject\",\"inLanguage\":\"nb-NO\",\"@id\":\"https:\/\/staging.forenteforlag.no\/pax\/produkt\/folk-som-sar-i-sno\/#primaryimage\",\"url\":\"https:\/\/staging.forenteforlag.no\/pax\/wp-content\/uploads\/sites\/5\/2025\/08\/jpg-10020-scaled.jpg\",\"contentUrl\":\"https:\/\/staging.forenteforlag.no\/pax\/wp-content\/uploads\/sites\/5\/2025\/08\/jpg-10020-scaled.jpg\",\"width\":1223,\"height\":1920},{\"@type\":\"BreadcrumbList\",\"@id\":\"https:\/\/staging.forenteforlag.no\/pax\/produkt\/folk-som-sar-i-sno\/#breadcrumb\",\"itemListElement\":[{\"@type\":\"ListItem\",\"position\":1,\"name\":\"Hjem\",\"item\":\"https:\/\/staging.forenteforlag.no\/pax\/\"},{\"@type\":\"ListItem\",\"position\":2,\"name\":\"Alle b\u00f8ker\",\"item\":\"https:\/\/staging.forenteforlag.no\/pax\/butikk\/\"},{\"@type\":\"ListItem\",\"position\":3,\"name\":\"Folk som s\u00e5r i sn\u00f8\"}]},{\"@type\":\"WebSite\",\"@id\":\"https:\/\/staging.forenteforlag.no\/pax\/#website\",\"url\":\"https:\/\/staging.forenteforlag.no\/pax\/\",\"name\":\"Pax\",\"description\":\"\",\"potentialAction\":[{\"@type\":\"SearchAction\",\"target\":{\"@type\":\"EntryPoint\",\"urlTemplate\":\"https:\/\/staging.forenteforlag.no\/pax\/?s={search_term_string}\"},\"query-input\":{\"@type\":\"PropertyValueSpecification\",\"valueRequired\":true,\"valueName\":\"search_term_string\"}}],\"inLanguage\":\"nb-NO\"}]}<\/script>\n<!-- \/ Yoast SEO plugin. -->","yoast_head_json":{"title":"Folk som s\u00e5r i sn\u00f8 - Pax","robots":{"index":"noindex","follow":"follow","max-snippet":"max-snippet:-1","max-image-preview":"max-image-preview:large","max-video-preview":"max-video-preview:-1"},"og_locale":"nb_NO","og_type":"article","og_title":"Folk som s\u00e5r i sn\u00f8 - Pax","og_description":"\u00c5rets bok i Sverige i 2023! Ingen skal komme og fortelle 85-\u00e5rige M\u00e1riddja at hun skal d\u00f8. Og det er i hvert fall ingen som skal fortelle det til ektemannen Biera. Den eneste hun betror seg til, er Siri, den hjelpsomme damen i mobiltelefonen. Det unge paret Kaj og Mimmi har nettopp flyttet til Norrbotten. [&hellip;]","og_url":"https:\/\/staging.forenteforlag.no\/pax\/produkt\/folk-som-sar-i-sno\/","og_site_name":"Pax","article_modified_time":"2026-02-18T06:10:58+00:00","og_image":[{"width":1223,"height":1920,"url":"https:\/\/staging.forenteforlag.no\/pax\/wp-content\/uploads\/sites\/5\/2025\/08\/jpg-10020-scaled.jpg","type":"image\/jpeg"}],"twitter_card":"summary_large_image","twitter_misc":{"Ansl. lesetid":"2 minutter"},"schema":{"@context":"https:\/\/schema.org","@graph":[{"@type":"WebPage","@id":"https:\/\/staging.forenteforlag.no\/pax\/produkt\/folk-som-sar-i-sno\/","url":"https:\/\/staging.forenteforlag.no\/pax\/produkt\/folk-som-sar-i-sno\/","name":"Folk som s\u00e5r i sn\u00f8 - Pax","isPartOf":{"@id":"https:\/\/staging.forenteforlag.no\/pax\/#website"},"primaryImageOfPage":{"@id":"https:\/\/staging.forenteforlag.no\/pax\/produkt\/folk-som-sar-i-sno\/#primaryimage"},"image":{"@id":"https:\/\/staging.forenteforlag.no\/pax\/produkt\/folk-som-sar-i-sno\/#primaryimage"},"thumbnailUrl":"https:\/\/staging.forenteforlag.no\/pax\/wp-content\/uploads\/sites\/5\/2025\/08\/jpg-10020-scaled.jpg","datePublished":"2025-03-14T08:37:06+00:00","dateModified":"2026-02-18T06:10:58+00:00","breadcrumb":{"@id":"https:\/\/staging.forenteforlag.no\/pax\/produkt\/folk-som-sar-i-sno\/#breadcrumb"},"inLanguage":"nb-NO","potentialAction":[{"@type":"ReadAction","target":["https:\/\/staging.forenteforlag.no\/pax\/produkt\/folk-som-sar-i-sno\/"]}]},{"@type":"ImageObject","inLanguage":"nb-NO","@id":"https:\/\/staging.forenteforlag.no\/pax\/produkt\/folk-som-sar-i-sno\/#primaryimage","url":"https:\/\/staging.forenteforlag.no\/pax\/wp-content\/uploads\/sites\/5\/2025\/08\/jpg-10020-scaled.jpg","contentUrl":"https:\/\/staging.forenteforlag.no\/pax\/wp-content\/uploads\/sites\/5\/2025\/08\/jpg-10020-scaled.jpg","width":1223,"height":1920},{"@type":"BreadcrumbList","@id":"https:\/\/staging.forenteforlag.no\/pax\/produkt\/folk-som-sar-i-sno\/#breadcrumb","itemListElement":[{"@type":"ListItem","position":1,"name":"Hjem","item":"https:\/\/staging.forenteforlag.no\/pax\/"},{"@type":"ListItem","position":2,"name":"Alle b\u00f8ker","item":"https:\/\/staging.forenteforlag.no\/pax\/butikk\/"},{"@type":"ListItem","position":3,"name":"Folk som s\u00e5r i sn\u00f8"}]},{"@type":"WebSite","@id":"https:\/\/staging.forenteforlag.no\/pax\/#website","url":"https:\/\/staging.forenteforlag.no\/pax\/","name":"Pax","description":"","potentialAction":[{"@type":"SearchAction","target":{"@type":"EntryPoint","urlTemplate":"https:\/\/staging.forenteforlag.no\/pax\/?s={search_term_string}"},"query-input":{"@type":"PropertyValueSpecification","valueRequired":true,"valueName":"search_term_string"}}],"inLanguage":"nb-NO"}]}},"_links":{"self":[{"href":"https:\/\/staging.forenteforlag.no\/pax\/wp-json\/wp\/v2\/product\/24751","targetHints":{"allow":["GET"]}}],"collection":[{"href":"https:\/\/staging.forenteforlag.no\/pax\/wp-json\/wp\/v2\/product"}],"about":[{"href":"https:\/\/staging.forenteforlag.no\/pax\/wp-json\/wp\/v2\/types\/product"}],"wp:featuredmedia":[{"embeddable":true,"href":"https:\/\/staging.forenteforlag.no\/pax\/wp-json\/wp\/v2\/media\/29455"}],"wp:attachment":[{"href":"https:\/\/staging.forenteforlag.no\/pax\/wp-json\/wp\/v2\/media?parent=24751"}],"wp:term":[{"taxonomy":"product_brand","embeddable":true,"href":"https:\/\/staging.forenteforlag.no\/pax\/wp-json\/wp\/v2\/product_brand?post=24751"},{"taxonomy":"product_cat","embeddable":true,"href":"https:\/\/staging.forenteforlag.no\/pax\/wp-json\/wp\/v2\/product_cat?post=24751"},{"taxonomy":"product_tag","embeddable":true,"href":"https:\/\/staging.forenteforlag.no\/pax\/wp-json\/wp\/v2\/product_tag?post=24751"}],"curies":[{"name":"wp","href":"https:\/\/api.w.org\/{rel}","templated":true}]}}