{"id":24535,"date":"2018-01-19T01:00:00","date_gmt":"2018-01-19T00:00:00","guid":{"rendered":"https:\/\/pax.forenteforlag.no\/produkt\/levende-og-dode-3\/"},"modified":"2026-03-03T22:50:46","modified_gmt":"2026-03-03T21:50:46","slug":"levende-og-dode-3","status":"publish","type":"product","link":"https:\/\/staging.forenteforlag.no\/pax\/produkt\/levende-og-dode-3\/","title":{"rendered":"Levende og d\u00f8de"},"content":{"rendered":"<p>Vinner av Nobelprisen i litteratur 2024!<\/p>\n<p>I Gwangju i S\u00f8r-Korea i 1980 sl\u00e5s et folkeoppr\u00f8r brutalt ned av h\u00e6ren. Blant de drepte ungdommene leter fjorten \u00e5r gamle Dong-ho etter sin beste venn. Hvis han finner ham, vil han v\u00e6re levende eller d\u00f8d? Og hva vil skje med Dong-ho selv? Menneskene han blir kjent med, og de som st\u00e5r ham n\u00e6r, blir alle merket av massakren, enten de er ofre, etterlatte, eller opplever tortur, sensur eller fornektelse i \u00e5rene etter tragedien som rammet dem.<\/p>\n","protected":false},"excerpt":{"rendered":"<p>Vinner av Nobelprisen i litteratur 2024! I Gwangju i S\u00f8r-Korea i 1980 sl\u00e5s et folkeoppr\u00f8r brutalt ned av h\u00e6ren. Blant de drepte ungdommene leter fjorten \u00e5r gamle Dong-ho etter sin beste venn. Hvis han finner ham, vil han v\u00e6re levende eller d\u00f8d? Og hva vil skje med Dong-ho selv? Menneskene han blir kjent med, og [&hellip;]<\/p>\n","protected":false},"featured_media":28836,"template":"","meta":{"_acf_changed":false,"inline_featured_image":false},"product_brand":[],"product_cat":[1782],"product_tag":[387,405,1095,370,700,522],"class_list":{"0":"post-24535","1":"product","2":"type-product","3":"status-publish","4":"has-post-thumbnail","6":"product_cat-fripris","7":"product_tag-1980-1989","8":"product_tag-andre-verdenskrig","9":"product_tag-grafiske-romaner","10":"product_tag-skjonnlitteratur","11":"product_tag-sor-korea","12":"product_tag-traumer","14":"first","15":"instock","16":"shipping-taxable","17":"purchasable","18":"product-type-simple"},"acf":{"anmeldelse":[{"tekst_anmeldelser":"\u00abEn t\u00f8ff bok \u00e5 lese. En hjerteskj\u00e6rende blottstilling av dystre hendelser i S\u00f8r-Koreas nyere historie.\u00bb","av_anmeldelser":"Paul Odland","terningkast":false,"kilde":"Dagen"},{"tekst_anmeldelser":"\u00abVirtuost komponert s\u00f8rgesang som svinger mellom brutalitet og \u00f8mhet.\u00bb","av_anmeldelser":"Steinar Sivertsen","terningkast":"<i class=\"fa-solid fa-dice-six\"><\/i>","kilde":"Stavanger Aftenblad"},{"tekst_anmeldelser":"\u00abKompromissl\u00f8st lojal mot Stedet og \u00d8yeblikket i den store historien, har Han Kang, som selv ble f\u00f8dt og bodde i Gwangju til hun var ti \u00e5r, skapt en roman som hogger tak og holder fast i en leser tusenvis av kilometer og dager borte. Det er en kunstnerisk triumf.\u00bb","av_anmeldelser":"Geir Pollen","terningkast":false,"kilde":"Klassekampen"},{"tekst_anmeldelser":"\u00abEg m\u00e5 bare innr\u00f8mme at eg var litt nerv\u00f8s for \u00e5 begynne p\u00e5 boka; eg var bekymra for at den skulle v\u00e6re for innvikla, for historisk, for politisk. Men du og du, som sidene berre fauk, og historia flaut av g\u00e5rde for eiga maskin. Noko s\u00e5 magisk! Korleis kan eit s\u00e5 grusomt tema (Gwangju-oppr\u00f8ret i 1980) - s\u00e5 blodig, r\u00e5tnende og livlaust - skildras s\u00e5 poetisk som dette?\u00bb","av_anmeldelser":"Elise Solv\u00e5g","terningkast":false,"kilde":"Bokblogger"},{"tekst_anmeldelser":"\u00abHan Kang er et forfatternavn du b\u00f8r merke deg! Hennes roman Levende og d\u00f8de er en viktig bok om et grusomt kapittel i S\u00f8r-Koreas historie - og er skrevet p\u00e5 en m\u00e5te som gj\u00f8r at du selv f\u00f8ler brutaliteten p\u00e5 kroppen.\u00bb","av_anmeldelser":"Gabriel M. Vosgraff Moro","terningkast":"<i class=\"fa-solid fa-dice-five\"><\/i>","kilde":"VG"},{"tekst_anmeldelser":"\u00abS\u00f8rkoreanske Han Kang setter ord p\u00e5 overgrep som nesten er for vonde til \u00e5 uttales. Hun gj\u00f8r det med st\u00f8 h\u00e5nd, varmt hjerte og full litter\u00e6r kontroll.\u00bb","av_anmeldelser":"Anne Cathrine Straume","terningkast":false,"kilde":"NRK"}]},"yoast_head":"<!-- This site is optimized with the Yoast SEO plugin v26.6 - https:\/\/yoast.com\/wordpress\/plugins\/seo\/ -->\n<title>Levende og d\u00f8de - Pax<\/title>\n<meta name=\"robots\" content=\"noindex, follow, max-snippet:-1, max-image-preview:large, max-video-preview:-1\" \/>\n<meta property=\"og:locale\" content=\"nb_NO\" \/>\n<meta property=\"og:type\" content=\"article\" \/>\n<meta property=\"og:title\" content=\"Levende og d\u00f8de - Pax\" \/>\n<meta property=\"og:description\" content=\"Vinner av Nobelprisen i litteratur 2024! I Gwangju i S\u00f8r-Korea i 1980 sl\u00e5s et folkeoppr\u00f8r brutalt ned av h\u00e6ren. Blant de drepte ungdommene leter fjorten \u00e5r gamle Dong-ho etter sin beste venn. Hvis han finner ham, vil han v\u00e6re levende eller d\u00f8d? Og hva vil skje med Dong-ho selv? Menneskene han blir kjent med, og [&hellip;]\" \/>\n<meta property=\"og:url\" content=\"https:\/\/staging.forenteforlag.no\/pax\/produkt\/levende-og-dode-3\/\" \/>\n<meta property=\"og:site_name\" content=\"Pax\" \/>\n<meta property=\"article:modified_time\" content=\"2026-03-03T21:50:46+00:00\" \/>\n<meta property=\"og:image\" content=\"https:\/\/staging.forenteforlag.no\/pax\/wp-content\/uploads\/sites\/5\/2025\/08\/jpg-8118-scaled.jpg\" \/>\n\t<meta property=\"og:image:width\" content=\"1198\" \/>\n\t<meta property=\"og:image:height\" content=\"1920\" \/>\n\t<meta property=\"og:image:type\" content=\"image\/jpeg\" \/>\n<meta name=\"twitter:card\" content=\"summary_large_image\" \/>\n<script type=\"application\/ld+json\" class=\"yoast-schema-graph\">{\"@context\":\"https:\/\/schema.org\",\"@graph\":[{\"@type\":\"WebPage\",\"@id\":\"https:\/\/staging.forenteforlag.no\/pax\/produkt\/levende-og-dode-3\/\",\"url\":\"https:\/\/staging.forenteforlag.no\/pax\/produkt\/levende-og-dode-3\/\",\"name\":\"Levende og d\u00f8de - Pax\",\"isPartOf\":{\"@id\":\"https:\/\/staging.forenteforlag.no\/pax\/#website\"},\"primaryImageOfPage\":{\"@id\":\"https:\/\/staging.forenteforlag.no\/pax\/produkt\/levende-og-dode-3\/#primaryimage\"},\"image\":{\"@id\":\"https:\/\/staging.forenteforlag.no\/pax\/produkt\/levende-og-dode-3\/#primaryimage\"},\"thumbnailUrl\":\"https:\/\/staging.forenteforlag.no\/pax\/wp-content\/uploads\/sites\/5\/2025\/08\/jpg-8118-scaled.jpg\",\"datePublished\":\"2018-01-19T00:00:00+00:00\",\"dateModified\":\"2026-03-03T21:50:46+00:00\",\"breadcrumb\":{\"@id\":\"https:\/\/staging.forenteforlag.no\/pax\/produkt\/levende-og-dode-3\/#breadcrumb\"},\"inLanguage\":\"nb-NO\",\"potentialAction\":[{\"@type\":\"ReadAction\",\"target\":[\"https:\/\/staging.forenteforlag.no\/pax\/produkt\/levende-og-dode-3\/\"]}]},{\"@type\":\"ImageObject\",\"inLanguage\":\"nb-NO\",\"@id\":\"https:\/\/staging.forenteforlag.no\/pax\/produkt\/levende-og-dode-3\/#primaryimage\",\"url\":\"https:\/\/staging.forenteforlag.no\/pax\/wp-content\/uploads\/sites\/5\/2025\/08\/jpg-8118-scaled.jpg\",\"contentUrl\":\"https:\/\/staging.forenteforlag.no\/pax\/wp-content\/uploads\/sites\/5\/2025\/08\/jpg-8118-scaled.jpg\",\"width\":1198,\"height\":1920},{\"@type\":\"BreadcrumbList\",\"@id\":\"https:\/\/staging.forenteforlag.no\/pax\/produkt\/levende-og-dode-3\/#breadcrumb\",\"itemListElement\":[{\"@type\":\"ListItem\",\"position\":1,\"name\":\"Hjem\",\"item\":\"https:\/\/staging.forenteforlag.no\/pax\/\"},{\"@type\":\"ListItem\",\"position\":2,\"name\":\"Alle b\u00f8ker\",\"item\":\"https:\/\/staging.forenteforlag.no\/pax\/butikk\/\"},{\"@type\":\"ListItem\",\"position\":3,\"name\":\"Levende og d\u00f8de\"}]},{\"@type\":\"WebSite\",\"@id\":\"https:\/\/staging.forenteforlag.no\/pax\/#website\",\"url\":\"https:\/\/staging.forenteforlag.no\/pax\/\",\"name\":\"Pax\",\"description\":\"\",\"potentialAction\":[{\"@type\":\"SearchAction\",\"target\":{\"@type\":\"EntryPoint\",\"urlTemplate\":\"https:\/\/staging.forenteforlag.no\/pax\/?s={search_term_string}\"},\"query-input\":{\"@type\":\"PropertyValueSpecification\",\"valueRequired\":true,\"valueName\":\"search_term_string\"}}],\"inLanguage\":\"nb-NO\"}]}<\/script>\n<!-- \/ Yoast SEO plugin. -->","yoast_head_json":{"title":"Levende og d\u00f8de - Pax","robots":{"index":"noindex","follow":"follow","max-snippet":"max-snippet:-1","max-image-preview":"max-image-preview:large","max-video-preview":"max-video-preview:-1"},"og_locale":"nb_NO","og_type":"article","og_title":"Levende og d\u00f8de - Pax","og_description":"Vinner av Nobelprisen i litteratur 2024! I Gwangju i S\u00f8r-Korea i 1980 sl\u00e5s et folkeoppr\u00f8r brutalt ned av h\u00e6ren. Blant de drepte ungdommene leter fjorten \u00e5r gamle Dong-ho etter sin beste venn. Hvis han finner ham, vil han v\u00e6re levende eller d\u00f8d? Og hva vil skje med Dong-ho selv? Menneskene han blir kjent med, og [&hellip;]","og_url":"https:\/\/staging.forenteforlag.no\/pax\/produkt\/levende-og-dode-3\/","og_site_name":"Pax","article_modified_time":"2026-03-03T21:50:46+00:00","og_image":[{"width":1198,"height":1920,"url":"https:\/\/staging.forenteforlag.no\/pax\/wp-content\/uploads\/sites\/5\/2025\/08\/jpg-8118-scaled.jpg","type":"image\/jpeg"}],"twitter_card":"summary_large_image","schema":{"@context":"https:\/\/schema.org","@graph":[{"@type":"WebPage","@id":"https:\/\/staging.forenteforlag.no\/pax\/produkt\/levende-og-dode-3\/","url":"https:\/\/staging.forenteforlag.no\/pax\/produkt\/levende-og-dode-3\/","name":"Levende og d\u00f8de - Pax","isPartOf":{"@id":"https:\/\/staging.forenteforlag.no\/pax\/#website"},"primaryImageOfPage":{"@id":"https:\/\/staging.forenteforlag.no\/pax\/produkt\/levende-og-dode-3\/#primaryimage"},"image":{"@id":"https:\/\/staging.forenteforlag.no\/pax\/produkt\/levende-og-dode-3\/#primaryimage"},"thumbnailUrl":"https:\/\/staging.forenteforlag.no\/pax\/wp-content\/uploads\/sites\/5\/2025\/08\/jpg-8118-scaled.jpg","datePublished":"2018-01-19T00:00:00+00:00","dateModified":"2026-03-03T21:50:46+00:00","breadcrumb":{"@id":"https:\/\/staging.forenteforlag.no\/pax\/produkt\/levende-og-dode-3\/#breadcrumb"},"inLanguage":"nb-NO","potentialAction":[{"@type":"ReadAction","target":["https:\/\/staging.forenteforlag.no\/pax\/produkt\/levende-og-dode-3\/"]}]},{"@type":"ImageObject","inLanguage":"nb-NO","@id":"https:\/\/staging.forenteforlag.no\/pax\/produkt\/levende-og-dode-3\/#primaryimage","url":"https:\/\/staging.forenteforlag.no\/pax\/wp-content\/uploads\/sites\/5\/2025\/08\/jpg-8118-scaled.jpg","contentUrl":"https:\/\/staging.forenteforlag.no\/pax\/wp-content\/uploads\/sites\/5\/2025\/08\/jpg-8118-scaled.jpg","width":1198,"height":1920},{"@type":"BreadcrumbList","@id":"https:\/\/staging.forenteforlag.no\/pax\/produkt\/levende-og-dode-3\/#breadcrumb","itemListElement":[{"@type":"ListItem","position":1,"name":"Hjem","item":"https:\/\/staging.forenteforlag.no\/pax\/"},{"@type":"ListItem","position":2,"name":"Alle b\u00f8ker","item":"https:\/\/staging.forenteforlag.no\/pax\/butikk\/"},{"@type":"ListItem","position":3,"name":"Levende og d\u00f8de"}]},{"@type":"WebSite","@id":"https:\/\/staging.forenteforlag.no\/pax\/#website","url":"https:\/\/staging.forenteforlag.no\/pax\/","name":"Pax","description":"","potentialAction":[{"@type":"SearchAction","target":{"@type":"EntryPoint","urlTemplate":"https:\/\/staging.forenteforlag.no\/pax\/?s={search_term_string}"},"query-input":{"@type":"PropertyValueSpecification","valueRequired":true,"valueName":"search_term_string"}}],"inLanguage":"nb-NO"}]}},"_links":{"self":[{"href":"https:\/\/staging.forenteforlag.no\/pax\/wp-json\/wp\/v2\/product\/24535","targetHints":{"allow":["GET"]}}],"collection":[{"href":"https:\/\/staging.forenteforlag.no\/pax\/wp-json\/wp\/v2\/product"}],"about":[{"href":"https:\/\/staging.forenteforlag.no\/pax\/wp-json\/wp\/v2\/types\/product"}],"wp:featuredmedia":[{"embeddable":true,"href":"https:\/\/staging.forenteforlag.no\/pax\/wp-json\/wp\/v2\/media\/28836"}],"wp:attachment":[{"href":"https:\/\/staging.forenteforlag.no\/pax\/wp-json\/wp\/v2\/media?parent=24535"}],"wp:term":[{"taxonomy":"product_brand","embeddable":true,"href":"https:\/\/staging.forenteforlag.no\/pax\/wp-json\/wp\/v2\/product_brand?post=24535"},{"taxonomy":"product_cat","embeddable":true,"href":"https:\/\/staging.forenteforlag.no\/pax\/wp-json\/wp\/v2\/product_cat?post=24535"},{"taxonomy":"product_tag","embeddable":true,"href":"https:\/\/staging.forenteforlag.no\/pax\/wp-json\/wp\/v2\/product_tag?post=24535"}],"curies":[{"name":"wp","href":"https:\/\/api.w.org\/{rel}","templated":true}]}}