{"id":24532,"date":"2017-01-19T01:00:00","date_gmt":"2017-01-19T00:00:00","guid":{"rendered":"https:\/\/pax.forenteforlag.no\/produkt\/levende-og-dode\/"},"modified":"2025-08-27T13:54:24","modified_gmt":"2025-08-27T11:54:24","slug":"levende-og-dode","status":"publish","type":"product","link":"https:\/\/staging.forenteforlag.no\/pax\/produkt\/levende-og-dode\/","title":{"rendered":"Levende og d\u00f8de"},"content":{"rendered":"<p><strong>Vinner av Nobelprisen i litteratur 2024!<\/strong><\/p>\n<p>Brutalt vakker roman fra vinneren av den internasjonale Man Booker-prisen \u00abEn stilmessig og f\u00f8lelsesmessig triumf &#8230; En samtale som vi sjelden h\u00f8rer begge sider av: De levende snakker til de d\u00f8de, og de d\u00f8de svarer.\u00bb Sunday Telegraph I Gwangju i S\u00f8r-Korea i 1980 sl\u00e5s et folkeoppr\u00f8r brutalt ned av h\u00e6ren. Blant de drepte ungdommene leter fjorten \u00e5r gamle Dong-ho etter sin beste venn. Hvis han finner ham, vil han v\u00e6re levende eller d\u00f8d? Og hva vil skje med Dong-ho selv? Menneskene han blir kjent med, og de som st\u00e5r ham n\u00e6r, blir alle merket av massakren, enten de er ofre, etterlatte, eller opplever tortur, sensur eller fornektelse i \u00e5rene etter tragedien som rammet dem. Levende og d\u00f8de er et sterkt og vakkert portrett av en ung gutt som dras inn i hendelser st\u00f8rre enn ham selv, av menneskene rundt ham, og av et land som fortsatt preges av s\u00e5rene fra fortiden. Samtidig er det en universell bok om menneskelig utholdenhet og mot, en tidl\u00f8s og moderne roman og et stilistisk mesterstykke som bekrefter Han Kangs posisjon som en av v\u00e5r tids viktigste forfattere.<\/p>\n","protected":false},"excerpt":{"rendered":"<p>Vinner av Nobelprisen i litteratur 2024! Brutalt vakker roman fra vinneren av den internasjonale Man Booker-prisen \u00abEn stilmessig og f\u00f8lelsesmessig triumf &#8230; En samtale som vi sjelden h\u00f8rer begge sider av: De levende snakker til de d\u00f8de, og de d\u00f8de svarer.\u00bb Sunday Telegraph I Gwangju i S\u00f8r-Korea i 1980 sl\u00e5s et folkeoppr\u00f8r brutalt ned av [&hellip;]<\/p>\n","protected":false},"featured_media":28838,"template":"","meta":{"_acf_changed":false,"inline_featured_image":false},"product_brand":[],"product_cat":[40],"product_tag":[387,405,1095,370,700,522],"class_list":{"0":"post-24532","1":"product","2":"type-product","3":"status-publish","4":"has-post-thumbnail","6":"product_cat-romaner","7":"product_tag-1980-1989","8":"product_tag-andre-verdenskrig","9":"product_tag-grafiske-romaner","10":"product_tag-skjonnlitteratur","11":"product_tag-sor-korea","12":"product_tag-traumer","13":"pa_format-innbundet","15":"first","16":"outofstock","17":"shipping-taxable","18":"purchasable","19":"product-type-simple"},"acf":{"anmeldelse":[{"tekst_anmeldelser":"\u00abEn t\u00f8ff bok \u00e5 lese. En hjerteskj\u00e6rende blottstilling av dystre hendelser i S\u00f8r-Koreas nyere historie.\u00bb","av_anmeldelser":"Paul Odland","terningkast":"<i class=\"fa-solid fa-dice-five\"><\/i>","kilde":"Dagen"},{"tekst_anmeldelser":"\u00abVirtuost komponert s\u00f8rgesang som svinger mellom brutalitet og \u00f8mhet.\u00bb","av_anmeldelser":"Steinar Sivertsen","terningkast":"<i class=\"fa-solid fa-dice-six\"><\/i>","kilde":"Stavanger Aftenblad"},{"tekst_anmeldelser":"\u00abKompromissl\u00f8st lojal mot Stedet og \u00d8yeblikket i den store historien, har Han Kang, som selv ble f\u00f8dt og bodde i Gwangju til hun var ti \u00e5r, skapt en roman som hogger tak og holder fast i en leser tusenvis av kilometer og dager borte. Det er en kunstnerisk triumf.\u00bb","av_anmeldelser":"Geir Pollen","terningkast":false,"kilde":"Klassekampen"},{"tekst_anmeldelser":"\u00abEg m\u00e5 bare innr\u00f8mme at eg var litt nerv\u00f8s for \u00e5 begynne p\u00e5 boka; eg var bekymra for at den skulle v\u00e6re for innvikla, for historisk, for politisk. Men du og du, som sidene berre fauk, og historia flaut av g\u00e5rde for eiga maskin. Noko s\u00e5 magisk! Korleis kan eit s\u00e5 grusomt tema (Gwangju-oppr\u00f8ret i 1980) - s\u00e5 blodig, r\u00e5tnende og livlaust - skildras s\u00e5 poetisk som dette?\u00bb","av_anmeldelser":"Elise Solv\u00e5g","terningkast":"<i class=\"fa-solid fa-dice-six\"><\/i>","kilde":"Bokblogger"},{"tekst_anmeldelser":"\u00abHan Kang er et forfatternavn du b\u00f8r merke deg! Hennes roman Levende og d\u00f8de er en viktig bok om et grusomt kapittel i S\u00f8r-Koreas historie - og er skrevet p\u00e5 en m\u00e5te som gj\u00f8r at du selv f\u00f8ler brutaliteten p\u00e5 kroppen.\u00bb","av_anmeldelser":"Gabriel M. Vosgraff Moro","terningkast":"<i class=\"fa-solid fa-dice-five\"><\/i>","kilde":"VG"},{"tekst_anmeldelser":"\u00abS\u00f8rkoreanske Han Kang setter ord p\u00e5 overgrep som nesten er for vonde til \u00e5 uttales. Hun gj\u00f8r det med st\u00f8 h\u00e5nd, varmt hjerte og full litter\u00e6r kontroll.\u00bb","av_anmeldelser":"Anne Cathrine Straume","terningkast":false,"kilde":"NRK"}]},"yoast_head":"<!-- This site is optimized with the Yoast SEO plugin v26.6 - https:\/\/yoast.com\/wordpress\/plugins\/seo\/ -->\n<title>Levende og d\u00f8de - Pax<\/title>\n<meta name=\"robots\" content=\"noindex, follow, max-snippet:-1, max-image-preview:large, max-video-preview:-1\" \/>\n<meta property=\"og:locale\" content=\"nb_NO\" \/>\n<meta property=\"og:type\" content=\"article\" \/>\n<meta property=\"og:title\" content=\"Levende og d\u00f8de - Pax\" \/>\n<meta property=\"og:description\" content=\"Vinner av Nobelprisen i litteratur 2024! Brutalt vakker roman fra vinneren av den internasjonale Man Booker-prisen \u00abEn stilmessig og f\u00f8lelsesmessig triumf &#8230; En samtale som vi sjelden h\u00f8rer begge sider av: De levende snakker til de d\u00f8de, og de d\u00f8de svarer.\u00bb Sunday Telegraph I Gwangju i S\u00f8r-Korea i 1980 sl\u00e5s et folkeoppr\u00f8r brutalt ned av [&hellip;]\" \/>\n<meta property=\"og:url\" content=\"https:\/\/staging.forenteforlag.no\/pax\/produkt\/levende-og-dode\/\" \/>\n<meta property=\"og:site_name\" content=\"Pax\" \/>\n<meta property=\"article:modified_time\" content=\"2025-08-27T11:54:24+00:00\" \/>\n<meta property=\"og:image\" content=\"https:\/\/staging.forenteforlag.no\/pax\/wp-content\/uploads\/sites\/5\/2025\/08\/jpg-8124-scaled.jpg\" \/>\n\t<meta property=\"og:image:width\" content=\"1234\" \/>\n\t<meta property=\"og:image:height\" content=\"1920\" \/>\n\t<meta property=\"og:image:type\" content=\"image\/jpeg\" \/>\n<meta name=\"twitter:card\" content=\"summary_large_image\" \/>\n<meta name=\"twitter:label1\" content=\"Ansl. lesetid\" \/>\n\t<meta name=\"twitter:data1\" content=\"2 minutter\" \/>\n<script type=\"application\/ld+json\" class=\"yoast-schema-graph\">{\"@context\":\"https:\/\/schema.org\",\"@graph\":[{\"@type\":\"WebPage\",\"@id\":\"https:\/\/staging.forenteforlag.no\/pax\/produkt\/levende-og-dode\/\",\"url\":\"https:\/\/staging.forenteforlag.no\/pax\/produkt\/levende-og-dode\/\",\"name\":\"Levende og d\u00f8de - Pax\",\"isPartOf\":{\"@id\":\"https:\/\/staging.forenteforlag.no\/pax\/#website\"},\"primaryImageOfPage\":{\"@id\":\"https:\/\/staging.forenteforlag.no\/pax\/produkt\/levende-og-dode\/#primaryimage\"},\"image\":{\"@id\":\"https:\/\/staging.forenteforlag.no\/pax\/produkt\/levende-og-dode\/#primaryimage\"},\"thumbnailUrl\":\"https:\/\/staging.forenteforlag.no\/pax\/wp-content\/uploads\/sites\/5\/2025\/08\/jpg-8124-scaled.jpg\",\"datePublished\":\"2017-01-19T00:00:00+00:00\",\"dateModified\":\"2025-08-27T11:54:24+00:00\",\"breadcrumb\":{\"@id\":\"https:\/\/staging.forenteforlag.no\/pax\/produkt\/levende-og-dode\/#breadcrumb\"},\"inLanguage\":\"nb-NO\",\"potentialAction\":[{\"@type\":\"ReadAction\",\"target\":[\"https:\/\/staging.forenteforlag.no\/pax\/produkt\/levende-og-dode\/\"]}]},{\"@type\":\"ImageObject\",\"inLanguage\":\"nb-NO\",\"@id\":\"https:\/\/staging.forenteforlag.no\/pax\/produkt\/levende-og-dode\/#primaryimage\",\"url\":\"https:\/\/staging.forenteforlag.no\/pax\/wp-content\/uploads\/sites\/5\/2025\/08\/jpg-8124-scaled.jpg\",\"contentUrl\":\"https:\/\/staging.forenteforlag.no\/pax\/wp-content\/uploads\/sites\/5\/2025\/08\/jpg-8124-scaled.jpg\",\"width\":1234,\"height\":1920},{\"@type\":\"BreadcrumbList\",\"@id\":\"https:\/\/staging.forenteforlag.no\/pax\/produkt\/levende-og-dode\/#breadcrumb\",\"itemListElement\":[{\"@type\":\"ListItem\",\"position\":1,\"name\":\"Hjem\",\"item\":\"https:\/\/staging.forenteforlag.no\/pax\/\"},{\"@type\":\"ListItem\",\"position\":2,\"name\":\"Alle b\u00f8ker\",\"item\":\"https:\/\/staging.forenteforlag.no\/pax\/butikk\/\"},{\"@type\":\"ListItem\",\"position\":3,\"name\":\"Levende og d\u00f8de\"}]},{\"@type\":\"WebSite\",\"@id\":\"https:\/\/staging.forenteforlag.no\/pax\/#website\",\"url\":\"https:\/\/staging.forenteforlag.no\/pax\/\",\"name\":\"Pax\",\"description\":\"\",\"potentialAction\":[{\"@type\":\"SearchAction\",\"target\":{\"@type\":\"EntryPoint\",\"urlTemplate\":\"https:\/\/staging.forenteforlag.no\/pax\/?s={search_term_string}\"},\"query-input\":{\"@type\":\"PropertyValueSpecification\",\"valueRequired\":true,\"valueName\":\"search_term_string\"}}],\"inLanguage\":\"nb-NO\"}]}<\/script>\n<!-- \/ Yoast SEO plugin. -->","yoast_head_json":{"title":"Levende og d\u00f8de - Pax","robots":{"index":"noindex","follow":"follow","max-snippet":"max-snippet:-1","max-image-preview":"max-image-preview:large","max-video-preview":"max-video-preview:-1"},"og_locale":"nb_NO","og_type":"article","og_title":"Levende og d\u00f8de - Pax","og_description":"Vinner av Nobelprisen i litteratur 2024! Brutalt vakker roman fra vinneren av den internasjonale Man Booker-prisen \u00abEn stilmessig og f\u00f8lelsesmessig triumf &#8230; En samtale som vi sjelden h\u00f8rer begge sider av: De levende snakker til de d\u00f8de, og de d\u00f8de svarer.\u00bb Sunday Telegraph I Gwangju i S\u00f8r-Korea i 1980 sl\u00e5s et folkeoppr\u00f8r brutalt ned av [&hellip;]","og_url":"https:\/\/staging.forenteforlag.no\/pax\/produkt\/levende-og-dode\/","og_site_name":"Pax","article_modified_time":"2025-08-27T11:54:24+00:00","og_image":[{"width":1234,"height":1920,"url":"https:\/\/staging.forenteforlag.no\/pax\/wp-content\/uploads\/sites\/5\/2025\/08\/jpg-8124-scaled.jpg","type":"image\/jpeg"}],"twitter_card":"summary_large_image","twitter_misc":{"Ansl. lesetid":"2 minutter"},"schema":{"@context":"https:\/\/schema.org","@graph":[{"@type":"WebPage","@id":"https:\/\/staging.forenteforlag.no\/pax\/produkt\/levende-og-dode\/","url":"https:\/\/staging.forenteforlag.no\/pax\/produkt\/levende-og-dode\/","name":"Levende og d\u00f8de - Pax","isPartOf":{"@id":"https:\/\/staging.forenteforlag.no\/pax\/#website"},"primaryImageOfPage":{"@id":"https:\/\/staging.forenteforlag.no\/pax\/produkt\/levende-og-dode\/#primaryimage"},"image":{"@id":"https:\/\/staging.forenteforlag.no\/pax\/produkt\/levende-og-dode\/#primaryimage"},"thumbnailUrl":"https:\/\/staging.forenteforlag.no\/pax\/wp-content\/uploads\/sites\/5\/2025\/08\/jpg-8124-scaled.jpg","datePublished":"2017-01-19T00:00:00+00:00","dateModified":"2025-08-27T11:54:24+00:00","breadcrumb":{"@id":"https:\/\/staging.forenteforlag.no\/pax\/produkt\/levende-og-dode\/#breadcrumb"},"inLanguage":"nb-NO","potentialAction":[{"@type":"ReadAction","target":["https:\/\/staging.forenteforlag.no\/pax\/produkt\/levende-og-dode\/"]}]},{"@type":"ImageObject","inLanguage":"nb-NO","@id":"https:\/\/staging.forenteforlag.no\/pax\/produkt\/levende-og-dode\/#primaryimage","url":"https:\/\/staging.forenteforlag.no\/pax\/wp-content\/uploads\/sites\/5\/2025\/08\/jpg-8124-scaled.jpg","contentUrl":"https:\/\/staging.forenteforlag.no\/pax\/wp-content\/uploads\/sites\/5\/2025\/08\/jpg-8124-scaled.jpg","width":1234,"height":1920},{"@type":"BreadcrumbList","@id":"https:\/\/staging.forenteforlag.no\/pax\/produkt\/levende-og-dode\/#breadcrumb","itemListElement":[{"@type":"ListItem","position":1,"name":"Hjem","item":"https:\/\/staging.forenteforlag.no\/pax\/"},{"@type":"ListItem","position":2,"name":"Alle b\u00f8ker","item":"https:\/\/staging.forenteforlag.no\/pax\/butikk\/"},{"@type":"ListItem","position":3,"name":"Levende og d\u00f8de"}]},{"@type":"WebSite","@id":"https:\/\/staging.forenteforlag.no\/pax\/#website","url":"https:\/\/staging.forenteforlag.no\/pax\/","name":"Pax","description":"","potentialAction":[{"@type":"SearchAction","target":{"@type":"EntryPoint","urlTemplate":"https:\/\/staging.forenteforlag.no\/pax\/?s={search_term_string}"},"query-input":{"@type":"PropertyValueSpecification","valueRequired":true,"valueName":"search_term_string"}}],"inLanguage":"nb-NO"}]}},"_links":{"self":[{"href":"https:\/\/staging.forenteforlag.no\/pax\/wp-json\/wp\/v2\/product\/24532","targetHints":{"allow":["GET"]}}],"collection":[{"href":"https:\/\/staging.forenteforlag.no\/pax\/wp-json\/wp\/v2\/product"}],"about":[{"href":"https:\/\/staging.forenteforlag.no\/pax\/wp-json\/wp\/v2\/types\/product"}],"wp:featuredmedia":[{"embeddable":true,"href":"https:\/\/staging.forenteforlag.no\/pax\/wp-json\/wp\/v2\/media\/28838"}],"wp:attachment":[{"href":"https:\/\/staging.forenteforlag.no\/pax\/wp-json\/wp\/v2\/media?parent=24532"}],"wp:term":[{"taxonomy":"product_brand","embeddable":true,"href":"https:\/\/staging.forenteforlag.no\/pax\/wp-json\/wp\/v2\/product_brand?post=24532"},{"taxonomy":"product_cat","embeddable":true,"href":"https:\/\/staging.forenteforlag.no\/pax\/wp-json\/wp\/v2\/product_cat?post=24532"},{"taxonomy":"product_tag","embeddable":true,"href":"https:\/\/staging.forenteforlag.no\/pax\/wp-json\/wp\/v2\/product_tag?post=24532"}],"curies":[{"name":"wp","href":"https:\/\/api.w.org\/{rel}","templated":true}]}}