{"id":24519,"date":"2019-10-28T01:00:00","date_gmt":"2019-10-28T00:00:00","guid":{"rendered":"https:\/\/pax.forenteforlag.no\/produkt\/stormfulle-hoyder-4\/"},"modified":"2026-03-03T22:58:18","modified_gmt":"2026-03-03T21:58:18","slug":"stormfulle-hoyder-4","status":"publish","type":"product","link":"https:\/\/staging.forenteforlag.no\/pax\/produkt\/stormfulle-hoyder-4\/","title":{"rendered":"Stormfulle h\u00f8yder"},"content":{"rendered":"<p>N\u00e5r hittebarnet Heathcliff blir brakt til familien Earnshaws hus p\u00e5 Yorkshires \u00f8de heier, knyttes det raskt sterke b\u00e5nd mellom ham og familiens datter Catherine. Den sterke f\u00f8lelsen av samh\u00f8righet f\u00f8lger dem helt inn i Catherines ekteskap med naboen Edgar Linton. Stormfulle h\u00f8yder er en av de mest ber\u00f8mte og h\u00f8yest skattede romaner gjennom tidene. Fortellingen om Catherine og Heathcliffs voldsomme og ud\u00f8delige kj\u00e6rlighet, og om familiene Lintons og Earnshaws pr\u00f8velser og gleder gjennom tre generasjoner, slutter aldri \u00e5 fascinere. Snart 180 \u00e5r etter at den ble skrevet, er den fortsatt like aktuell.<\/p>\n","protected":false},"excerpt":{"rendered":"<p>N\u00e5r hittebarnet Heathcliff blir brakt til familien Earnshaws hus p\u00e5 Yorkshires \u00f8de heier, knyttes det raskt sterke b\u00e5nd mellom ham og familiens datter Catherine. Den sterke f\u00f8lelsen av samh\u00f8righet f\u00f8lger dem helt inn i Catherines ekteskap med naboen Edgar Linton. Stormfulle h\u00f8yder er en av de mest ber\u00f8mte og h\u00f8yest skattede romaner gjennom tidene. Fortellingen [&hellip;]<\/p>\n","protected":false},"featured_media":29471,"template":"","meta":{"_acf_changed":false,"inline_featured_image":false},"product_brand":[],"product_cat":[1782],"product_tag":[370],"class_list":{"0":"post-24519","1":"product","2":"type-product","3":"status-publish","4":"has-post-thumbnail","6":"product_cat-fripris","7":"product_tag-skjonnlitteratur","9":"first","10":"instock","11":"shipping-taxable","12":"purchasable","13":"product-type-simple"},"acf":{"anmeldelse":null},"yoast_head":"<!-- This site is optimized with the Yoast SEO plugin v26.6 - https:\/\/yoast.com\/wordpress\/plugins\/seo\/ -->\n<title>Stormfulle h\u00f8yder - Pax<\/title>\n<meta name=\"robots\" content=\"noindex, follow, max-snippet:-1, max-image-preview:large, max-video-preview:-1\" \/>\n<meta property=\"og:locale\" content=\"nb_NO\" \/>\n<meta property=\"og:type\" content=\"article\" \/>\n<meta property=\"og:title\" content=\"Stormfulle h\u00f8yder - Pax\" \/>\n<meta property=\"og:description\" content=\"N\u00e5r hittebarnet Heathcliff blir brakt til familien Earnshaws hus p\u00e5 Yorkshires \u00f8de heier, knyttes det raskt sterke b\u00e5nd mellom ham og familiens datter Catherine. Den sterke f\u00f8lelsen av samh\u00f8righet f\u00f8lger dem helt inn i Catherines ekteskap med naboen Edgar Linton. Stormfulle h\u00f8yder er en av de mest ber\u00f8mte og h\u00f8yest skattede romaner gjennom tidene. Fortellingen [&hellip;]\" \/>\n<meta property=\"og:url\" content=\"https:\/\/staging.forenteforlag.no\/pax\/produkt\/stormfulle-hoyder-4\/\" \/>\n<meta property=\"og:site_name\" content=\"Pax\" \/>\n<meta property=\"article:modified_time\" content=\"2026-03-03T21:58:18+00:00\" \/>\n<meta property=\"og:image\" content=\"https:\/\/staging.forenteforlag.no\/pax\/wp-content\/uploads\/sites\/5\/2025\/08\/jpg-10078.jpg\" \/>\n\t<meta property=\"og:image:width\" content=\"125\" \/>\n\t<meta property=\"og:image:height\" content=\"201\" \/>\n\t<meta property=\"og:image:type\" content=\"image\/jpeg\" \/>\n<meta name=\"twitter:card\" content=\"summary_large_image\" \/>\n<meta name=\"twitter:label1\" content=\"Ansl. lesetid\" \/>\n\t<meta name=\"twitter:data1\" content=\"1 minutt\" \/>\n<script type=\"application\/ld+json\" class=\"yoast-schema-graph\">{\"@context\":\"https:\/\/schema.org\",\"@graph\":[{\"@type\":\"WebPage\",\"@id\":\"https:\/\/staging.forenteforlag.no\/pax\/produkt\/stormfulle-hoyder-4\/\",\"url\":\"https:\/\/staging.forenteforlag.no\/pax\/produkt\/stormfulle-hoyder-4\/\",\"name\":\"Stormfulle h\u00f8yder - Pax\",\"isPartOf\":{\"@id\":\"https:\/\/staging.forenteforlag.no\/pax\/#website\"},\"primaryImageOfPage\":{\"@id\":\"https:\/\/staging.forenteforlag.no\/pax\/produkt\/stormfulle-hoyder-4\/#primaryimage\"},\"image\":{\"@id\":\"https:\/\/staging.forenteforlag.no\/pax\/produkt\/stormfulle-hoyder-4\/#primaryimage\"},\"thumbnailUrl\":\"https:\/\/staging.forenteforlag.no\/pax\/wp-content\/uploads\/sites\/5\/2025\/08\/jpg-10078.jpg\",\"datePublished\":\"2019-10-28T00:00:00+00:00\",\"dateModified\":\"2026-03-03T21:58:18+00:00\",\"breadcrumb\":{\"@id\":\"https:\/\/staging.forenteforlag.no\/pax\/produkt\/stormfulle-hoyder-4\/#breadcrumb\"},\"inLanguage\":\"nb-NO\",\"potentialAction\":[{\"@type\":\"ReadAction\",\"target\":[\"https:\/\/staging.forenteforlag.no\/pax\/produkt\/stormfulle-hoyder-4\/\"]}]},{\"@type\":\"ImageObject\",\"inLanguage\":\"nb-NO\",\"@id\":\"https:\/\/staging.forenteforlag.no\/pax\/produkt\/stormfulle-hoyder-4\/#primaryimage\",\"url\":\"https:\/\/staging.forenteforlag.no\/pax\/wp-content\/uploads\/sites\/5\/2025\/08\/jpg-10078.jpg\",\"contentUrl\":\"https:\/\/staging.forenteforlag.no\/pax\/wp-content\/uploads\/sites\/5\/2025\/08\/jpg-10078.jpg\",\"width\":125,\"height\":201},{\"@type\":\"BreadcrumbList\",\"@id\":\"https:\/\/staging.forenteforlag.no\/pax\/produkt\/stormfulle-hoyder-4\/#breadcrumb\",\"itemListElement\":[{\"@type\":\"ListItem\",\"position\":1,\"name\":\"Hjem\",\"item\":\"https:\/\/staging.forenteforlag.no\/pax\/\"},{\"@type\":\"ListItem\",\"position\":2,\"name\":\"Alle b\u00f8ker\",\"item\":\"https:\/\/staging.forenteforlag.no\/pax\/butikk\/\"},{\"@type\":\"ListItem\",\"position\":3,\"name\":\"Stormfulle h\u00f8yder\"}]},{\"@type\":\"WebSite\",\"@id\":\"https:\/\/staging.forenteforlag.no\/pax\/#website\",\"url\":\"https:\/\/staging.forenteforlag.no\/pax\/\",\"name\":\"Pax\",\"description\":\"\",\"potentialAction\":[{\"@type\":\"SearchAction\",\"target\":{\"@type\":\"EntryPoint\",\"urlTemplate\":\"https:\/\/staging.forenteforlag.no\/pax\/?s={search_term_string}\"},\"query-input\":{\"@type\":\"PropertyValueSpecification\",\"valueRequired\":true,\"valueName\":\"search_term_string\"}}],\"inLanguage\":\"nb-NO\"}]}<\/script>\n<!-- \/ Yoast SEO plugin. -->","yoast_head_json":{"title":"Stormfulle h\u00f8yder - Pax","robots":{"index":"noindex","follow":"follow","max-snippet":"max-snippet:-1","max-image-preview":"max-image-preview:large","max-video-preview":"max-video-preview:-1"},"og_locale":"nb_NO","og_type":"article","og_title":"Stormfulle h\u00f8yder - Pax","og_description":"N\u00e5r hittebarnet Heathcliff blir brakt til familien Earnshaws hus p\u00e5 Yorkshires \u00f8de heier, knyttes det raskt sterke b\u00e5nd mellom ham og familiens datter Catherine. Den sterke f\u00f8lelsen av samh\u00f8righet f\u00f8lger dem helt inn i Catherines ekteskap med naboen Edgar Linton. Stormfulle h\u00f8yder er en av de mest ber\u00f8mte og h\u00f8yest skattede romaner gjennom tidene. Fortellingen [&hellip;]","og_url":"https:\/\/staging.forenteforlag.no\/pax\/produkt\/stormfulle-hoyder-4\/","og_site_name":"Pax","article_modified_time":"2026-03-03T21:58:18+00:00","og_image":[{"width":125,"height":201,"url":"https:\/\/staging.forenteforlag.no\/pax\/wp-content\/uploads\/sites\/5\/2025\/08\/jpg-10078.jpg","type":"image\/jpeg"}],"twitter_card":"summary_large_image","twitter_misc":{"Ansl. lesetid":"1 minutt"},"schema":{"@context":"https:\/\/schema.org","@graph":[{"@type":"WebPage","@id":"https:\/\/staging.forenteforlag.no\/pax\/produkt\/stormfulle-hoyder-4\/","url":"https:\/\/staging.forenteforlag.no\/pax\/produkt\/stormfulle-hoyder-4\/","name":"Stormfulle h\u00f8yder - Pax","isPartOf":{"@id":"https:\/\/staging.forenteforlag.no\/pax\/#website"},"primaryImageOfPage":{"@id":"https:\/\/staging.forenteforlag.no\/pax\/produkt\/stormfulle-hoyder-4\/#primaryimage"},"image":{"@id":"https:\/\/staging.forenteforlag.no\/pax\/produkt\/stormfulle-hoyder-4\/#primaryimage"},"thumbnailUrl":"https:\/\/staging.forenteforlag.no\/pax\/wp-content\/uploads\/sites\/5\/2025\/08\/jpg-10078.jpg","datePublished":"2019-10-28T00:00:00+00:00","dateModified":"2026-03-03T21:58:18+00:00","breadcrumb":{"@id":"https:\/\/staging.forenteforlag.no\/pax\/produkt\/stormfulle-hoyder-4\/#breadcrumb"},"inLanguage":"nb-NO","potentialAction":[{"@type":"ReadAction","target":["https:\/\/staging.forenteforlag.no\/pax\/produkt\/stormfulle-hoyder-4\/"]}]},{"@type":"ImageObject","inLanguage":"nb-NO","@id":"https:\/\/staging.forenteforlag.no\/pax\/produkt\/stormfulle-hoyder-4\/#primaryimage","url":"https:\/\/staging.forenteforlag.no\/pax\/wp-content\/uploads\/sites\/5\/2025\/08\/jpg-10078.jpg","contentUrl":"https:\/\/staging.forenteforlag.no\/pax\/wp-content\/uploads\/sites\/5\/2025\/08\/jpg-10078.jpg","width":125,"height":201},{"@type":"BreadcrumbList","@id":"https:\/\/staging.forenteforlag.no\/pax\/produkt\/stormfulle-hoyder-4\/#breadcrumb","itemListElement":[{"@type":"ListItem","position":1,"name":"Hjem","item":"https:\/\/staging.forenteforlag.no\/pax\/"},{"@type":"ListItem","position":2,"name":"Alle b\u00f8ker","item":"https:\/\/staging.forenteforlag.no\/pax\/butikk\/"},{"@type":"ListItem","position":3,"name":"Stormfulle h\u00f8yder"}]},{"@type":"WebSite","@id":"https:\/\/staging.forenteforlag.no\/pax\/#website","url":"https:\/\/staging.forenteforlag.no\/pax\/","name":"Pax","description":"","potentialAction":[{"@type":"SearchAction","target":{"@type":"EntryPoint","urlTemplate":"https:\/\/staging.forenteforlag.no\/pax\/?s={search_term_string}"},"query-input":{"@type":"PropertyValueSpecification","valueRequired":true,"valueName":"search_term_string"}}],"inLanguage":"nb-NO"}]}},"_links":{"self":[{"href":"https:\/\/staging.forenteforlag.no\/pax\/wp-json\/wp\/v2\/product\/24519","targetHints":{"allow":["GET"]}}],"collection":[{"href":"https:\/\/staging.forenteforlag.no\/pax\/wp-json\/wp\/v2\/product"}],"about":[{"href":"https:\/\/staging.forenteforlag.no\/pax\/wp-json\/wp\/v2\/types\/product"}],"wp:featuredmedia":[{"embeddable":true,"href":"https:\/\/staging.forenteforlag.no\/pax\/wp-json\/wp\/v2\/media\/29471"}],"wp:attachment":[{"href":"https:\/\/staging.forenteforlag.no\/pax\/wp-json\/wp\/v2\/media?parent=24519"}],"wp:term":[{"taxonomy":"product_brand","embeddable":true,"href":"https:\/\/staging.forenteforlag.no\/pax\/wp-json\/wp\/v2\/product_brand?post=24519"},{"taxonomy":"product_cat","embeddable":true,"href":"https:\/\/staging.forenteforlag.no\/pax\/wp-json\/wp\/v2\/product_cat?post=24519"},{"taxonomy":"product_tag","embeddable":true,"href":"https:\/\/staging.forenteforlag.no\/pax\/wp-json\/wp\/v2\/product_tag?post=24519"}],"curies":[{"name":"wp","href":"https:\/\/api.w.org\/{rel}","templated":true}]}}