{"id":24513,"date":"2020-04-15T02:00:00","date_gmt":"2020-04-15T00:00:00","guid":{"rendered":"https:\/\/pax.forenteforlag.no\/produkt\/jane-eyre-3\/"},"modified":"2026-03-03T23:01:30","modified_gmt":"2026-03-03T22:01:30","slug":"jane-eyre-3","status":"publish","type":"product","link":"https:\/\/staging.forenteforlag.no\/pax\/produkt\/jane-eyre-3\/","title":{"rendered":"Jane Eyre"},"content":{"rendered":"<p>&laquo;Jane Eyre&raquo; &#8211; romanen om den store kj\u00e6rligheten &#8211; er kanskje den mest leste engelskspr\u00e5klige romanen gjennom tidene. Da den utkom i 1847, ble den straks omfavnet av leserne, og har alltid siden beholdt sin popularitet.<\/p>\n<p>&laquo;Jane Eyre&raquo; er en utviklingsroman og en kj\u00e6rlighetsroman. Foreldrel\u00f8se Jane vokser opp hos en f\u00f8lelseskald tante. Hun blir plassert p\u00e5 fattigskolen Lowood, der en n\u00e5del\u00f8s religi\u00f8s disiplin r\u00e5der. Men Jane lar seg ikke knekke, og da hun f\u00e5r stillingen som guvernante p\u00e5 herreg\u00e5rden Thornfield Hall, ser det ut til at lykken smiler til henne. I Mr. Rochester, herreg\u00e5rdens eier, m\u00f8ter hun den store kj\u00e6rligheten. Det skal likevel vise seg at Thornfield Hall rommer m\u00f8rke hemmeligheter.<\/p>\n","protected":false},"excerpt":{"rendered":"<p>&laquo;Jane Eyre&raquo; &#8211; romanen om den store kj\u00e6rligheten &#8211; er kanskje den mest leste engelskspr\u00e5klige romanen gjennom tidene. Da den utkom i 1847, ble den straks omfavnet av leserne, og har alltid siden beholdt sin popularitet. &laquo;Jane Eyre&raquo; er en utviklingsroman og en kj\u00e6rlighetsroman. Foreldrel\u00f8se Jane vokser opp hos en f\u00f8lelseskald tante. Hun blir plassert [&hellip;]<\/p>\n","protected":false},"featured_media":28504,"template":"","meta":{"_acf_changed":false,"inline_featured_image":false},"product_brand":[],"product_cat":[1782],"product_tag":[370],"class_list":{"0":"post-24513","1":"product","2":"type-product","3":"status-publish","4":"has-post-thumbnail","6":"product_cat-fripris","7":"product_tag-skjonnlitteratur","9":"first","10":"instock","11":"shipping-taxable","12":"purchasable","13":"product-type-simple"},"acf":{"anmeldelse":null},"yoast_head":"<!-- This site is optimized with the Yoast SEO plugin v26.6 - https:\/\/yoast.com\/wordpress\/plugins\/seo\/ -->\n<title>Jane Eyre - Pax<\/title>\n<meta name=\"robots\" content=\"noindex, follow, max-snippet:-1, max-image-preview:large, max-video-preview:-1\" \/>\n<meta property=\"og:locale\" content=\"nb_NO\" \/>\n<meta property=\"og:type\" content=\"article\" \/>\n<meta property=\"og:title\" content=\"Jane Eyre - Pax\" \/>\n<meta property=\"og:description\" content=\"&laquo;Jane Eyre&raquo; &#8211; romanen om den store kj\u00e6rligheten &#8211; er kanskje den mest leste engelskspr\u00e5klige romanen gjennom tidene. Da den utkom i 1847, ble den straks omfavnet av leserne, og har alltid siden beholdt sin popularitet. &laquo;Jane Eyre&raquo; er en utviklingsroman og en kj\u00e6rlighetsroman. Foreldrel\u00f8se Jane vokser opp hos en f\u00f8lelseskald tante. Hun blir plassert [&hellip;]\" \/>\n<meta property=\"og:url\" content=\"https:\/\/staging.forenteforlag.no\/pax\/produkt\/jane-eyre-3\/\" \/>\n<meta property=\"og:site_name\" content=\"Pax\" \/>\n<meta property=\"article:modified_time\" content=\"2026-03-03T22:01:30+00:00\" \/>\n<meta property=\"og:image\" content=\"https:\/\/staging.forenteforlag.no\/pax\/wp-content\/uploads\/sites\/5\/2025\/08\/jpg-7134.jpg\" \/>\n\t<meta property=\"og:image:width\" content=\"198\" \/>\n\t<meta property=\"og:image:height\" content=\"320\" \/>\n\t<meta property=\"og:image:type\" content=\"image\/jpeg\" \/>\n<meta name=\"twitter:card\" content=\"summary_large_image\" \/>\n<meta name=\"twitter:label1\" content=\"Ansl. lesetid\" \/>\n\t<meta name=\"twitter:data1\" content=\"1 minutt\" \/>\n<script type=\"application\/ld+json\" class=\"yoast-schema-graph\">{\"@context\":\"https:\/\/schema.org\",\"@graph\":[{\"@type\":\"WebPage\",\"@id\":\"https:\/\/staging.forenteforlag.no\/pax\/produkt\/jane-eyre-3\/\",\"url\":\"https:\/\/staging.forenteforlag.no\/pax\/produkt\/jane-eyre-3\/\",\"name\":\"Jane Eyre - Pax\",\"isPartOf\":{\"@id\":\"https:\/\/staging.forenteforlag.no\/pax\/#website\"},\"primaryImageOfPage\":{\"@id\":\"https:\/\/staging.forenteforlag.no\/pax\/produkt\/jane-eyre-3\/#primaryimage\"},\"image\":{\"@id\":\"https:\/\/staging.forenteforlag.no\/pax\/produkt\/jane-eyre-3\/#primaryimage\"},\"thumbnailUrl\":\"https:\/\/staging.forenteforlag.no\/pax\/wp-content\/uploads\/sites\/5\/2025\/08\/jpg-7134.jpg\",\"datePublished\":\"2020-04-15T00:00:00+00:00\",\"dateModified\":\"2026-03-03T22:01:30+00:00\",\"breadcrumb\":{\"@id\":\"https:\/\/staging.forenteforlag.no\/pax\/produkt\/jane-eyre-3\/#breadcrumb\"},\"inLanguage\":\"nb-NO\",\"potentialAction\":[{\"@type\":\"ReadAction\",\"target\":[\"https:\/\/staging.forenteforlag.no\/pax\/produkt\/jane-eyre-3\/\"]}]},{\"@type\":\"ImageObject\",\"inLanguage\":\"nb-NO\",\"@id\":\"https:\/\/staging.forenteforlag.no\/pax\/produkt\/jane-eyre-3\/#primaryimage\",\"url\":\"https:\/\/staging.forenteforlag.no\/pax\/wp-content\/uploads\/sites\/5\/2025\/08\/jpg-7134.jpg\",\"contentUrl\":\"https:\/\/staging.forenteforlag.no\/pax\/wp-content\/uploads\/sites\/5\/2025\/08\/jpg-7134.jpg\",\"width\":198,\"height\":320},{\"@type\":\"BreadcrumbList\",\"@id\":\"https:\/\/staging.forenteforlag.no\/pax\/produkt\/jane-eyre-3\/#breadcrumb\",\"itemListElement\":[{\"@type\":\"ListItem\",\"position\":1,\"name\":\"Hjem\",\"item\":\"https:\/\/staging.forenteforlag.no\/pax\/\"},{\"@type\":\"ListItem\",\"position\":2,\"name\":\"Alle b\u00f8ker\",\"item\":\"https:\/\/staging.forenteforlag.no\/pax\/butikk\/\"},{\"@type\":\"ListItem\",\"position\":3,\"name\":\"Jane Eyre\"}]},{\"@type\":\"WebSite\",\"@id\":\"https:\/\/staging.forenteforlag.no\/pax\/#website\",\"url\":\"https:\/\/staging.forenteforlag.no\/pax\/\",\"name\":\"Pax\",\"description\":\"\",\"potentialAction\":[{\"@type\":\"SearchAction\",\"target\":{\"@type\":\"EntryPoint\",\"urlTemplate\":\"https:\/\/staging.forenteforlag.no\/pax\/?s={search_term_string}\"},\"query-input\":{\"@type\":\"PropertyValueSpecification\",\"valueRequired\":true,\"valueName\":\"search_term_string\"}}],\"inLanguage\":\"nb-NO\"}]}<\/script>\n<!-- \/ Yoast SEO plugin. -->","yoast_head_json":{"title":"Jane Eyre - Pax","robots":{"index":"noindex","follow":"follow","max-snippet":"max-snippet:-1","max-image-preview":"max-image-preview:large","max-video-preview":"max-video-preview:-1"},"og_locale":"nb_NO","og_type":"article","og_title":"Jane Eyre - Pax","og_description":"&laquo;Jane Eyre&raquo; &#8211; romanen om den store kj\u00e6rligheten &#8211; er kanskje den mest leste engelskspr\u00e5klige romanen gjennom tidene. Da den utkom i 1847, ble den straks omfavnet av leserne, og har alltid siden beholdt sin popularitet. &laquo;Jane Eyre&raquo; er en utviklingsroman og en kj\u00e6rlighetsroman. Foreldrel\u00f8se Jane vokser opp hos en f\u00f8lelseskald tante. Hun blir plassert [&hellip;]","og_url":"https:\/\/staging.forenteforlag.no\/pax\/produkt\/jane-eyre-3\/","og_site_name":"Pax","article_modified_time":"2026-03-03T22:01:30+00:00","og_image":[{"width":198,"height":320,"url":"https:\/\/staging.forenteforlag.no\/pax\/wp-content\/uploads\/sites\/5\/2025\/08\/jpg-7134.jpg","type":"image\/jpeg"}],"twitter_card":"summary_large_image","twitter_misc":{"Ansl. lesetid":"1 minutt"},"schema":{"@context":"https:\/\/schema.org","@graph":[{"@type":"WebPage","@id":"https:\/\/staging.forenteforlag.no\/pax\/produkt\/jane-eyre-3\/","url":"https:\/\/staging.forenteforlag.no\/pax\/produkt\/jane-eyre-3\/","name":"Jane Eyre - Pax","isPartOf":{"@id":"https:\/\/staging.forenteforlag.no\/pax\/#website"},"primaryImageOfPage":{"@id":"https:\/\/staging.forenteforlag.no\/pax\/produkt\/jane-eyre-3\/#primaryimage"},"image":{"@id":"https:\/\/staging.forenteforlag.no\/pax\/produkt\/jane-eyre-3\/#primaryimage"},"thumbnailUrl":"https:\/\/staging.forenteforlag.no\/pax\/wp-content\/uploads\/sites\/5\/2025\/08\/jpg-7134.jpg","datePublished":"2020-04-15T00:00:00+00:00","dateModified":"2026-03-03T22:01:30+00:00","breadcrumb":{"@id":"https:\/\/staging.forenteforlag.no\/pax\/produkt\/jane-eyre-3\/#breadcrumb"},"inLanguage":"nb-NO","potentialAction":[{"@type":"ReadAction","target":["https:\/\/staging.forenteforlag.no\/pax\/produkt\/jane-eyre-3\/"]}]},{"@type":"ImageObject","inLanguage":"nb-NO","@id":"https:\/\/staging.forenteforlag.no\/pax\/produkt\/jane-eyre-3\/#primaryimage","url":"https:\/\/staging.forenteforlag.no\/pax\/wp-content\/uploads\/sites\/5\/2025\/08\/jpg-7134.jpg","contentUrl":"https:\/\/staging.forenteforlag.no\/pax\/wp-content\/uploads\/sites\/5\/2025\/08\/jpg-7134.jpg","width":198,"height":320},{"@type":"BreadcrumbList","@id":"https:\/\/staging.forenteforlag.no\/pax\/produkt\/jane-eyre-3\/#breadcrumb","itemListElement":[{"@type":"ListItem","position":1,"name":"Hjem","item":"https:\/\/staging.forenteforlag.no\/pax\/"},{"@type":"ListItem","position":2,"name":"Alle b\u00f8ker","item":"https:\/\/staging.forenteforlag.no\/pax\/butikk\/"},{"@type":"ListItem","position":3,"name":"Jane Eyre"}]},{"@type":"WebSite","@id":"https:\/\/staging.forenteforlag.no\/pax\/#website","url":"https:\/\/staging.forenteforlag.no\/pax\/","name":"Pax","description":"","potentialAction":[{"@type":"SearchAction","target":{"@type":"EntryPoint","urlTemplate":"https:\/\/staging.forenteforlag.no\/pax\/?s={search_term_string}"},"query-input":{"@type":"PropertyValueSpecification","valueRequired":true,"valueName":"search_term_string"}}],"inLanguage":"nb-NO"}]}},"_links":{"self":[{"href":"https:\/\/staging.forenteforlag.no\/pax\/wp-json\/wp\/v2\/product\/24513","targetHints":{"allow":["GET"]}}],"collection":[{"href":"https:\/\/staging.forenteforlag.no\/pax\/wp-json\/wp\/v2\/product"}],"about":[{"href":"https:\/\/staging.forenteforlag.no\/pax\/wp-json\/wp\/v2\/types\/product"}],"wp:featuredmedia":[{"embeddable":true,"href":"https:\/\/staging.forenteforlag.no\/pax\/wp-json\/wp\/v2\/media\/28504"}],"wp:attachment":[{"href":"https:\/\/staging.forenteforlag.no\/pax\/wp-json\/wp\/v2\/media?parent=24513"}],"wp:term":[{"taxonomy":"product_brand","embeddable":true,"href":"https:\/\/staging.forenteforlag.no\/pax\/wp-json\/wp\/v2\/product_brand?post=24513"},{"taxonomy":"product_cat","embeddable":true,"href":"https:\/\/staging.forenteforlag.no\/pax\/wp-json\/wp\/v2\/product_cat?post=24513"},{"taxonomy":"product_tag","embeddable":true,"href":"https:\/\/staging.forenteforlag.no\/pax\/wp-json\/wp\/v2\/product_tag?post=24513"}],"curies":[{"name":"wp","href":"https:\/\/api.w.org\/{rel}","templated":true}]}}