{"id":24476,"date":"2020-01-27T01:00:00","date_gmt":"2020-01-27T00:00:00","guid":{"rendered":"https:\/\/pax.forenteforlag.no\/produkt\/elg-i-solnedgang-2\/"},"modified":"2025-08-27T14:06:26","modified_gmt":"2025-08-27T12:06:26","slug":"elg-i-solnedgang-2","status":"publish","type":"product","link":"https:\/\/staging.forenteforlag.no\/pax\/produkt\/elg-i-solnedgang-2\/","title":{"rendered":"Elg i solnedgang"},"content":{"rendered":"<p>Hva slags bilder har folk hatt p\u00e5 stueveggen i forskjellige deler av befolkningen? Og hvorfor akkurat disse? Jesusportrettet, dampb\u00e5ten og den vesle stua ved sj\u00f8en har v\u00e6rt sv\u00e6rt utbredte. Andre popul\u00e6re motiver er de masseproduserte framstillingene av \u00abSig\u00f8ynerpike\u00bb, \u00abGr\u00e5tende barn\u00bb og \u00abElg i solnedgang\u00bb. Det kalles kanskje ikke kunst. Men de er en viktig del av smakens og det norske hjemmelivets historie. Denne boka er en gjennomillustrert fortelling om kjente og kj\u00e6re bildemotiver. Arne Lie Christensen har lagt fra seg kunstbrillene og tatt p\u00e5 seg kulturbrillene n\u00e5r han har sett p\u00e5 bildebruk i norske hjem fra 1700-.tallet og fram til v\u00e5r n\u00e6re fortid.<\/p>\n<p>Hvilke motiver har v\u00e6rt mest utbredt i norske hjem? Og hva forteller det oss i dag? De bildene som er utstilt ved kunstmuseer, gir ikke n\u00f8dvendigvis et representativt inntrykk av hva man har hatt p\u00e5 veggen i stua, heller ikke i den kulturelle overklassen. Blant folk flest er det viktig at bildene ligner. Gjenkjennelse har stor betydning. Innholdet er gjerne viktigere enn komposisjonen. Et bilde beh\u00f8ver ikke v\u00e6re \u00abkunst\u00bb for at det skal ha verdi for oss. Det kan forestille steder eller mennesker vi er glad i, eller bare v\u00e6re fine \u00e5 se p\u00e5. Uansett er bildene med p\u00e5 \u00e5 skape et hyggelig hjem. Etter midten av 1800-tallet bidro framveksten av kunstinstitusjonene og kunstens profesjonalisering til et \u00f8kt skille mellom \u00abh\u00f8yt\u00bb og \u00ablavt\u00bb; og mellom \u00abde gode\u00bb og \u00abde d\u00e5rlige\u00bb bildene. For kunstkjennerne bet\u00f8d etter hvert malem\u00e5ten mer enn motivet. Dessuten skulle kunstnerne v\u00e6re nyskapende. Kopien ble mindre verdt enn originalen, og popul\u00e6re bilder ble snart \u00absentimentale\u00bb og \u00abbanale\u00bb. Det rammet b\u00e5de \u00abGr\u00e5tende barn\u00bb og \u00abElg i solnedgang\u00bb, men ogs\u00e5 \u00abBrudeferden i Hardanger\u00bb<\/p>\n","protected":false},"excerpt":{"rendered":"<p>Hva slags bilder har folk hatt p\u00e5 stueveggen i forskjellige deler av befolkningen? Og hvorfor akkurat disse? Jesusportrettet, dampb\u00e5ten og den vesle stua ved sj\u00f8en har v\u00e6rt sv\u00e6rt utbredte. Andre popul\u00e6re motiver er de masseproduserte framstillingene av \u00abSig\u00f8ynerpike\u00bb, \u00abGr\u00e5tende barn\u00bb og \u00abElg i solnedgang\u00bb. Det kalles kanskje ikke kunst. Men de er en viktig del [&hellip;]<\/p>\n","protected":false},"featured_media":28315,"template":"","meta":{"_acf_changed":false,"inline_featured_image":false},"product_brand":[],"product_cat":[26],"product_tag":[459,362,361,457],"class_list":{"0":"post-24476","1":"product","2":"type-product","3":"status-publish","4":"has-post-thumbnail","6":"product_cat-kunst-og-kultur","7":"product_tag-bildende-kunst","8":"product_tag-faglitteratur","9":"product_tag-kulturhistorie","10":"product_tag-kunsthistorie","11":"pa_format-innbundet","13":"first","14":"outofstock","15":"shipping-taxable","16":"purchasable","17":"product-type-simple"},"acf":{"anmeldelse":null},"yoast_head":"<!-- This site is optimized with the Yoast SEO plugin v26.6 - https:\/\/yoast.com\/wordpress\/plugins\/seo\/ -->\n<title>Elg i solnedgang - Pax<\/title>\n<meta name=\"robots\" content=\"noindex, follow, max-snippet:-1, max-image-preview:large, max-video-preview:-1\" \/>\n<meta property=\"og:locale\" content=\"nb_NO\" \/>\n<meta property=\"og:type\" content=\"article\" \/>\n<meta property=\"og:title\" content=\"Elg i solnedgang - Pax\" \/>\n<meta property=\"og:description\" content=\"Hva slags bilder har folk hatt p\u00e5 stueveggen i forskjellige deler av befolkningen? Og hvorfor akkurat disse? Jesusportrettet, dampb\u00e5ten og den vesle stua ved sj\u00f8en har v\u00e6rt sv\u00e6rt utbredte. Andre popul\u00e6re motiver er de masseproduserte framstillingene av \u00abSig\u00f8ynerpike\u00bb, \u00abGr\u00e5tende barn\u00bb og \u00abElg i solnedgang\u00bb. Det kalles kanskje ikke kunst. Men de er en viktig del [&hellip;]\" \/>\n<meta property=\"og:url\" content=\"https:\/\/staging.forenteforlag.no\/pax\/produkt\/elg-i-solnedgang-2\/\" \/>\n<meta property=\"og:site_name\" content=\"Pax\" \/>\n<meta property=\"article:modified_time\" content=\"2025-08-27T12:06:26+00:00\" \/>\n<meta property=\"og:image\" content=\"https:\/\/staging.forenteforlag.no\/pax\/wp-content\/uploads\/sites\/5\/2025\/08\/jpg-6565-scaled-1-scaled.jpg\" \/>\n\t<meta property=\"og:image:width\" content=\"1920\" \/>\n\t<meta property=\"og:image:height\" content=\"1825\" \/>\n\t<meta property=\"og:image:type\" content=\"image\/jpeg\" \/>\n<meta name=\"twitter:card\" content=\"summary_large_image\" \/>\n<meta name=\"twitter:label1\" content=\"Ansl. lesetid\" \/>\n\t<meta name=\"twitter:data1\" content=\"1 minutt\" \/>\n<script type=\"application\/ld+json\" class=\"yoast-schema-graph\">{\"@context\":\"https:\/\/schema.org\",\"@graph\":[{\"@type\":\"WebPage\",\"@id\":\"https:\/\/staging.forenteforlag.no\/pax\/produkt\/elg-i-solnedgang-2\/\",\"url\":\"https:\/\/staging.forenteforlag.no\/pax\/produkt\/elg-i-solnedgang-2\/\",\"name\":\"Elg i solnedgang - Pax\",\"isPartOf\":{\"@id\":\"https:\/\/staging.forenteforlag.no\/pax\/#website\"},\"primaryImageOfPage\":{\"@id\":\"https:\/\/staging.forenteforlag.no\/pax\/produkt\/elg-i-solnedgang-2\/#primaryimage\"},\"image\":{\"@id\":\"https:\/\/staging.forenteforlag.no\/pax\/produkt\/elg-i-solnedgang-2\/#primaryimage\"},\"thumbnailUrl\":\"https:\/\/staging.forenteforlag.no\/pax\/wp-content\/uploads\/sites\/5\/2025\/08\/jpg-6565-scaled-1-scaled.jpg\",\"datePublished\":\"2020-01-27T00:00:00+00:00\",\"dateModified\":\"2025-08-27T12:06:26+00:00\",\"breadcrumb\":{\"@id\":\"https:\/\/staging.forenteforlag.no\/pax\/produkt\/elg-i-solnedgang-2\/#breadcrumb\"},\"inLanguage\":\"nb-NO\",\"potentialAction\":[{\"@type\":\"ReadAction\",\"target\":[\"https:\/\/staging.forenteforlag.no\/pax\/produkt\/elg-i-solnedgang-2\/\"]}]},{\"@type\":\"ImageObject\",\"inLanguage\":\"nb-NO\",\"@id\":\"https:\/\/staging.forenteforlag.no\/pax\/produkt\/elg-i-solnedgang-2\/#primaryimage\",\"url\":\"https:\/\/staging.forenteforlag.no\/pax\/wp-content\/uploads\/sites\/5\/2025\/08\/jpg-6565-scaled-1-scaled.jpg\",\"contentUrl\":\"https:\/\/staging.forenteforlag.no\/pax\/wp-content\/uploads\/sites\/5\/2025\/08\/jpg-6565-scaled-1-scaled.jpg\",\"width\":1920,\"height\":1825},{\"@type\":\"BreadcrumbList\",\"@id\":\"https:\/\/staging.forenteforlag.no\/pax\/produkt\/elg-i-solnedgang-2\/#breadcrumb\",\"itemListElement\":[{\"@type\":\"ListItem\",\"position\":1,\"name\":\"Hjem\",\"item\":\"https:\/\/staging.forenteforlag.no\/pax\/\"},{\"@type\":\"ListItem\",\"position\":2,\"name\":\"Alle b\u00f8ker\",\"item\":\"https:\/\/staging.forenteforlag.no\/pax\/butikk\/\"},{\"@type\":\"ListItem\",\"position\":3,\"name\":\"Elg i solnedgang\"}]},{\"@type\":\"WebSite\",\"@id\":\"https:\/\/staging.forenteforlag.no\/pax\/#website\",\"url\":\"https:\/\/staging.forenteforlag.no\/pax\/\",\"name\":\"Pax\",\"description\":\"\",\"potentialAction\":[{\"@type\":\"SearchAction\",\"target\":{\"@type\":\"EntryPoint\",\"urlTemplate\":\"https:\/\/staging.forenteforlag.no\/pax\/?s={search_term_string}\"},\"query-input\":{\"@type\":\"PropertyValueSpecification\",\"valueRequired\":true,\"valueName\":\"search_term_string\"}}],\"inLanguage\":\"nb-NO\"}]}<\/script>\n<!-- \/ Yoast SEO plugin. -->","yoast_head_json":{"title":"Elg i solnedgang - Pax","robots":{"index":"noindex","follow":"follow","max-snippet":"max-snippet:-1","max-image-preview":"max-image-preview:large","max-video-preview":"max-video-preview:-1"},"og_locale":"nb_NO","og_type":"article","og_title":"Elg i solnedgang - Pax","og_description":"Hva slags bilder har folk hatt p\u00e5 stueveggen i forskjellige deler av befolkningen? Og hvorfor akkurat disse? Jesusportrettet, dampb\u00e5ten og den vesle stua ved sj\u00f8en har v\u00e6rt sv\u00e6rt utbredte. Andre popul\u00e6re motiver er de masseproduserte framstillingene av \u00abSig\u00f8ynerpike\u00bb, \u00abGr\u00e5tende barn\u00bb og \u00abElg i solnedgang\u00bb. Det kalles kanskje ikke kunst. Men de er en viktig del [&hellip;]","og_url":"https:\/\/staging.forenteforlag.no\/pax\/produkt\/elg-i-solnedgang-2\/","og_site_name":"Pax","article_modified_time":"2025-08-27T12:06:26+00:00","og_image":[{"width":1920,"height":1825,"url":"https:\/\/staging.forenteforlag.no\/pax\/wp-content\/uploads\/sites\/5\/2025\/08\/jpg-6565-scaled-1-scaled.jpg","type":"image\/jpeg"}],"twitter_card":"summary_large_image","twitter_misc":{"Ansl. lesetid":"1 minutt"},"schema":{"@context":"https:\/\/schema.org","@graph":[{"@type":"WebPage","@id":"https:\/\/staging.forenteforlag.no\/pax\/produkt\/elg-i-solnedgang-2\/","url":"https:\/\/staging.forenteforlag.no\/pax\/produkt\/elg-i-solnedgang-2\/","name":"Elg i solnedgang - Pax","isPartOf":{"@id":"https:\/\/staging.forenteforlag.no\/pax\/#website"},"primaryImageOfPage":{"@id":"https:\/\/staging.forenteforlag.no\/pax\/produkt\/elg-i-solnedgang-2\/#primaryimage"},"image":{"@id":"https:\/\/staging.forenteforlag.no\/pax\/produkt\/elg-i-solnedgang-2\/#primaryimage"},"thumbnailUrl":"https:\/\/staging.forenteforlag.no\/pax\/wp-content\/uploads\/sites\/5\/2025\/08\/jpg-6565-scaled-1-scaled.jpg","datePublished":"2020-01-27T00:00:00+00:00","dateModified":"2025-08-27T12:06:26+00:00","breadcrumb":{"@id":"https:\/\/staging.forenteforlag.no\/pax\/produkt\/elg-i-solnedgang-2\/#breadcrumb"},"inLanguage":"nb-NO","potentialAction":[{"@type":"ReadAction","target":["https:\/\/staging.forenteforlag.no\/pax\/produkt\/elg-i-solnedgang-2\/"]}]},{"@type":"ImageObject","inLanguage":"nb-NO","@id":"https:\/\/staging.forenteforlag.no\/pax\/produkt\/elg-i-solnedgang-2\/#primaryimage","url":"https:\/\/staging.forenteforlag.no\/pax\/wp-content\/uploads\/sites\/5\/2025\/08\/jpg-6565-scaled-1-scaled.jpg","contentUrl":"https:\/\/staging.forenteforlag.no\/pax\/wp-content\/uploads\/sites\/5\/2025\/08\/jpg-6565-scaled-1-scaled.jpg","width":1920,"height":1825},{"@type":"BreadcrumbList","@id":"https:\/\/staging.forenteforlag.no\/pax\/produkt\/elg-i-solnedgang-2\/#breadcrumb","itemListElement":[{"@type":"ListItem","position":1,"name":"Hjem","item":"https:\/\/staging.forenteforlag.no\/pax\/"},{"@type":"ListItem","position":2,"name":"Alle b\u00f8ker","item":"https:\/\/staging.forenteforlag.no\/pax\/butikk\/"},{"@type":"ListItem","position":3,"name":"Elg i solnedgang"}]},{"@type":"WebSite","@id":"https:\/\/staging.forenteforlag.no\/pax\/#website","url":"https:\/\/staging.forenteforlag.no\/pax\/","name":"Pax","description":"","potentialAction":[{"@type":"SearchAction","target":{"@type":"EntryPoint","urlTemplate":"https:\/\/staging.forenteforlag.no\/pax\/?s={search_term_string}"},"query-input":{"@type":"PropertyValueSpecification","valueRequired":true,"valueName":"search_term_string"}}],"inLanguage":"nb-NO"}]}},"_links":{"self":[{"href":"https:\/\/staging.forenteforlag.no\/pax\/wp-json\/wp\/v2\/product\/24476","targetHints":{"allow":["GET"]}}],"collection":[{"href":"https:\/\/staging.forenteforlag.no\/pax\/wp-json\/wp\/v2\/product"}],"about":[{"href":"https:\/\/staging.forenteforlag.no\/pax\/wp-json\/wp\/v2\/types\/product"}],"wp:featuredmedia":[{"embeddable":true,"href":"https:\/\/staging.forenteforlag.no\/pax\/wp-json\/wp\/v2\/media\/28315"}],"wp:attachment":[{"href":"https:\/\/staging.forenteforlag.no\/pax\/wp-json\/wp\/v2\/media?parent=24476"}],"wp:term":[{"taxonomy":"product_brand","embeddable":true,"href":"https:\/\/staging.forenteforlag.no\/pax\/wp-json\/wp\/v2\/product_brand?post=24476"},{"taxonomy":"product_cat","embeddable":true,"href":"https:\/\/staging.forenteforlag.no\/pax\/wp-json\/wp\/v2\/product_cat?post=24476"},{"taxonomy":"product_tag","embeddable":true,"href":"https:\/\/staging.forenteforlag.no\/pax\/wp-json\/wp\/v2\/product_tag?post=24476"}],"curies":[{"name":"wp","href":"https:\/\/api.w.org\/{rel}","templated":true}]}}