{"id":24467,"date":"2015-02-18T01:00:00","date_gmt":"2015-02-18T00:00:00","guid":{"rendered":"https:\/\/pax.forenteforlag.no\/produkt\/de-nasjonale-strateger-3\/"},"modified":"2026-03-03T22:38:36","modified_gmt":"2026-03-03T21:38:36","slug":"de-nasjonale-strateger-3","status":"publish","type":"product","link":"https:\/\/staging.forenteforlag.no\/pax\/produkt\/de-nasjonale-strateger-3\/","title":{"rendered":"De nasjonale strateger"},"content":{"rendered":"<p>Dette er 3. utgave av De nasjonale strateger, og har i den anledning f\u00e5tt et nyskrevet forord.  <\/p>\n<p>Boken er en framstilling av moderniseringen av Norge langs tre dimensjoner<br \/> den teknisk-\u00f8konomiske, den politisk-demokratiske og den sosio-kulturelle. I bokens siste del fremstilles ulike opposisjonelle str\u00f8mninger, deres strid og tidens markedsteknokratiske ideologi, som if\u00f8lge forfatteren peker fram mot et nytt samfunnsregime.<\/p>\n","protected":false},"excerpt":{"rendered":"<p>Dette er 3. utgave av De nasjonale strateger, og har i den anledning f\u00e5tt et nyskrevet forord. Boken er en framstilling av moderniseringen av Norge langs tre dimensjoner den teknisk-\u00f8konomiske, den politisk-demokratiske og den sosio-kulturelle. I bokens siste del fremstilles ulike opposisjonelle str\u00f8mninger, deres strid og tidens markedsteknokratiske ideologi, som if\u00f8lge forfatteren peker fram mot [&hellip;]<\/p>\n","protected":false},"featured_media":28012,"template":"","meta":{"_acf_changed":false,"inline_featured_image":false},"product_brand":[],"product_cat":[1782],"product_tag":[394,441,607,362,502,439,392],"class_list":{"0":"post-24467","1":"product","2":"type-product","3":"status-publish","4":"has-post-thumbnail","6":"product_cat-fripris","7":"product_tag-1800-tallet","8":"product_tag-1900-tallet","9":"product_tag-bedriftshistorie","10":"product_tag-faglitteratur","11":"product_tag-laereboker-hoyere-utd","12":"product_tag-nord-norge","13":"product_tag-samfunnsanalyse","15":"first","16":"outofstock","17":"shipping-taxable","18":"purchasable","19":"product-type-simple"},"acf":{"anmeldelse":null},"yoast_head":"<!-- This site is optimized with the Yoast SEO plugin v26.6 - https:\/\/yoast.com\/wordpress\/plugins\/seo\/ -->\n<title>De nasjonale strateger - Pax<\/title>\n<meta name=\"robots\" content=\"noindex, follow, max-snippet:-1, max-image-preview:large, max-video-preview:-1\" \/>\n<meta property=\"og:locale\" content=\"nb_NO\" \/>\n<meta property=\"og:type\" content=\"article\" \/>\n<meta property=\"og:title\" content=\"De nasjonale strateger - Pax\" \/>\n<meta property=\"og:description\" content=\"Dette er 3. utgave av De nasjonale strateger, og har i den anledning f\u00e5tt et nyskrevet forord. Boken er en framstilling av moderniseringen av Norge langs tre dimensjoner den teknisk-\u00f8konomiske, den politisk-demokratiske og den sosio-kulturelle. I bokens siste del fremstilles ulike opposisjonelle str\u00f8mninger, deres strid og tidens markedsteknokratiske ideologi, som if\u00f8lge forfatteren peker fram mot [&hellip;]\" \/>\n<meta property=\"og:url\" content=\"https:\/\/staging.forenteforlag.no\/pax\/produkt\/de-nasjonale-strateger-3\/\" \/>\n<meta property=\"og:site_name\" content=\"Pax\" \/>\n<meta property=\"article:modified_time\" content=\"2026-03-03T21:38:36+00:00\" \/>\n<meta property=\"og:image\" content=\"https:\/\/staging.forenteforlag.no\/pax\/wp-content\/uploads\/sites\/5\/2025\/08\/jpg-5745-scaled-1-scaled.jpg\" \/>\n\t<meta property=\"og:image:width\" content=\"1154\" \/>\n\t<meta property=\"og:image:height\" content=\"1920\" \/>\n\t<meta property=\"og:image:type\" content=\"image\/jpeg\" \/>\n<meta name=\"twitter:card\" content=\"summary_large_image\" \/>\n<script type=\"application\/ld+json\" class=\"yoast-schema-graph\">{\"@context\":\"https:\/\/schema.org\",\"@graph\":[{\"@type\":\"WebPage\",\"@id\":\"https:\/\/staging.forenteforlag.no\/pax\/produkt\/de-nasjonale-strateger-3\/\",\"url\":\"https:\/\/staging.forenteforlag.no\/pax\/produkt\/de-nasjonale-strateger-3\/\",\"name\":\"De nasjonale strateger - Pax\",\"isPartOf\":{\"@id\":\"https:\/\/staging.forenteforlag.no\/pax\/#website\"},\"primaryImageOfPage\":{\"@id\":\"https:\/\/staging.forenteforlag.no\/pax\/produkt\/de-nasjonale-strateger-3\/#primaryimage\"},\"image\":{\"@id\":\"https:\/\/staging.forenteforlag.no\/pax\/produkt\/de-nasjonale-strateger-3\/#primaryimage\"},\"thumbnailUrl\":\"https:\/\/staging.forenteforlag.no\/pax\/wp-content\/uploads\/sites\/5\/2025\/08\/jpg-5745-scaled-1-scaled.jpg\",\"datePublished\":\"2015-02-18T00:00:00+00:00\",\"dateModified\":\"2026-03-03T21:38:36+00:00\",\"breadcrumb\":{\"@id\":\"https:\/\/staging.forenteforlag.no\/pax\/produkt\/de-nasjonale-strateger-3\/#breadcrumb\"},\"inLanguage\":\"nb-NO\",\"potentialAction\":[{\"@type\":\"ReadAction\",\"target\":[\"https:\/\/staging.forenteforlag.no\/pax\/produkt\/de-nasjonale-strateger-3\/\"]}]},{\"@type\":\"ImageObject\",\"inLanguage\":\"nb-NO\",\"@id\":\"https:\/\/staging.forenteforlag.no\/pax\/produkt\/de-nasjonale-strateger-3\/#primaryimage\",\"url\":\"https:\/\/staging.forenteforlag.no\/pax\/wp-content\/uploads\/sites\/5\/2025\/08\/jpg-5745-scaled-1-scaled.jpg\",\"contentUrl\":\"https:\/\/staging.forenteforlag.no\/pax\/wp-content\/uploads\/sites\/5\/2025\/08\/jpg-5745-scaled-1-scaled.jpg\",\"width\":1154,\"height\":1920},{\"@type\":\"BreadcrumbList\",\"@id\":\"https:\/\/staging.forenteforlag.no\/pax\/produkt\/de-nasjonale-strateger-3\/#breadcrumb\",\"itemListElement\":[{\"@type\":\"ListItem\",\"position\":1,\"name\":\"Hjem\",\"item\":\"https:\/\/staging.forenteforlag.no\/pax\/\"},{\"@type\":\"ListItem\",\"position\":2,\"name\":\"Alle b\u00f8ker\",\"item\":\"https:\/\/staging.forenteforlag.no\/pax\/butikk\/\"},{\"@type\":\"ListItem\",\"position\":3,\"name\":\"De nasjonale strateger\"}]},{\"@type\":\"WebSite\",\"@id\":\"https:\/\/staging.forenteforlag.no\/pax\/#website\",\"url\":\"https:\/\/staging.forenteforlag.no\/pax\/\",\"name\":\"Pax\",\"description\":\"\",\"potentialAction\":[{\"@type\":\"SearchAction\",\"target\":{\"@type\":\"EntryPoint\",\"urlTemplate\":\"https:\/\/staging.forenteforlag.no\/pax\/?s={search_term_string}\"},\"query-input\":{\"@type\":\"PropertyValueSpecification\",\"valueRequired\":true,\"valueName\":\"search_term_string\"}}],\"inLanguage\":\"nb-NO\"}]}<\/script>\n<!-- \/ Yoast SEO plugin. -->","yoast_head_json":{"title":"De nasjonale strateger - Pax","robots":{"index":"noindex","follow":"follow","max-snippet":"max-snippet:-1","max-image-preview":"max-image-preview:large","max-video-preview":"max-video-preview:-1"},"og_locale":"nb_NO","og_type":"article","og_title":"De nasjonale strateger - Pax","og_description":"Dette er 3. utgave av De nasjonale strateger, og har i den anledning f\u00e5tt et nyskrevet forord. Boken er en framstilling av moderniseringen av Norge langs tre dimensjoner den teknisk-\u00f8konomiske, den politisk-demokratiske og den sosio-kulturelle. I bokens siste del fremstilles ulike opposisjonelle str\u00f8mninger, deres strid og tidens markedsteknokratiske ideologi, som if\u00f8lge forfatteren peker fram mot [&hellip;]","og_url":"https:\/\/staging.forenteforlag.no\/pax\/produkt\/de-nasjonale-strateger-3\/","og_site_name":"Pax","article_modified_time":"2026-03-03T21:38:36+00:00","og_image":[{"width":1154,"height":1920,"url":"https:\/\/staging.forenteforlag.no\/pax\/wp-content\/uploads\/sites\/5\/2025\/08\/jpg-5745-scaled-1-scaled.jpg","type":"image\/jpeg"}],"twitter_card":"summary_large_image","schema":{"@context":"https:\/\/schema.org","@graph":[{"@type":"WebPage","@id":"https:\/\/staging.forenteforlag.no\/pax\/produkt\/de-nasjonale-strateger-3\/","url":"https:\/\/staging.forenteforlag.no\/pax\/produkt\/de-nasjonale-strateger-3\/","name":"De nasjonale strateger - Pax","isPartOf":{"@id":"https:\/\/staging.forenteforlag.no\/pax\/#website"},"primaryImageOfPage":{"@id":"https:\/\/staging.forenteforlag.no\/pax\/produkt\/de-nasjonale-strateger-3\/#primaryimage"},"image":{"@id":"https:\/\/staging.forenteforlag.no\/pax\/produkt\/de-nasjonale-strateger-3\/#primaryimage"},"thumbnailUrl":"https:\/\/staging.forenteforlag.no\/pax\/wp-content\/uploads\/sites\/5\/2025\/08\/jpg-5745-scaled-1-scaled.jpg","datePublished":"2015-02-18T00:00:00+00:00","dateModified":"2026-03-03T21:38:36+00:00","breadcrumb":{"@id":"https:\/\/staging.forenteforlag.no\/pax\/produkt\/de-nasjonale-strateger-3\/#breadcrumb"},"inLanguage":"nb-NO","potentialAction":[{"@type":"ReadAction","target":["https:\/\/staging.forenteforlag.no\/pax\/produkt\/de-nasjonale-strateger-3\/"]}]},{"@type":"ImageObject","inLanguage":"nb-NO","@id":"https:\/\/staging.forenteforlag.no\/pax\/produkt\/de-nasjonale-strateger-3\/#primaryimage","url":"https:\/\/staging.forenteforlag.no\/pax\/wp-content\/uploads\/sites\/5\/2025\/08\/jpg-5745-scaled-1-scaled.jpg","contentUrl":"https:\/\/staging.forenteforlag.no\/pax\/wp-content\/uploads\/sites\/5\/2025\/08\/jpg-5745-scaled-1-scaled.jpg","width":1154,"height":1920},{"@type":"BreadcrumbList","@id":"https:\/\/staging.forenteforlag.no\/pax\/produkt\/de-nasjonale-strateger-3\/#breadcrumb","itemListElement":[{"@type":"ListItem","position":1,"name":"Hjem","item":"https:\/\/staging.forenteforlag.no\/pax\/"},{"@type":"ListItem","position":2,"name":"Alle b\u00f8ker","item":"https:\/\/staging.forenteforlag.no\/pax\/butikk\/"},{"@type":"ListItem","position":3,"name":"De nasjonale strateger"}]},{"@type":"WebSite","@id":"https:\/\/staging.forenteforlag.no\/pax\/#website","url":"https:\/\/staging.forenteforlag.no\/pax\/","name":"Pax","description":"","potentialAction":[{"@type":"SearchAction","target":{"@type":"EntryPoint","urlTemplate":"https:\/\/staging.forenteforlag.no\/pax\/?s={search_term_string}"},"query-input":{"@type":"PropertyValueSpecification","valueRequired":true,"valueName":"search_term_string"}}],"inLanguage":"nb-NO"}]}},"_links":{"self":[{"href":"https:\/\/staging.forenteforlag.no\/pax\/wp-json\/wp\/v2\/product\/24467","targetHints":{"allow":["GET"]}}],"collection":[{"href":"https:\/\/staging.forenteforlag.no\/pax\/wp-json\/wp\/v2\/product"}],"about":[{"href":"https:\/\/staging.forenteforlag.no\/pax\/wp-json\/wp\/v2\/types\/product"}],"wp:featuredmedia":[{"embeddable":true,"href":"https:\/\/staging.forenteforlag.no\/pax\/wp-json\/wp\/v2\/media\/28012"}],"wp:attachment":[{"href":"https:\/\/staging.forenteforlag.no\/pax\/wp-json\/wp\/v2\/media?parent=24467"}],"wp:term":[{"taxonomy":"product_brand","embeddable":true,"href":"https:\/\/staging.forenteforlag.no\/pax\/wp-json\/wp\/v2\/product_brand?post=24467"},{"taxonomy":"product_cat","embeddable":true,"href":"https:\/\/staging.forenteforlag.no\/pax\/wp-json\/wp\/v2\/product_cat?post=24467"},{"taxonomy":"product_tag","embeddable":true,"href":"https:\/\/staging.forenteforlag.no\/pax\/wp-json\/wp\/v2\/product_tag?post=24467"}],"curies":[{"name":"wp","href":"https:\/\/api.w.org\/{rel}","templated":true}]}}