{"id":24462,"date":"2024-10-11T02:00:00","date_gmt":"2024-10-11T00:00:00","guid":{"rendered":"https:\/\/pax.forenteforlag.no\/produkt\/kamerat-napoleon-4\/"},"modified":"2026-03-03T23:18:47","modified_gmt":"2026-03-03T22:18:47","slug":"kamerat-napoleon-4","status":"publish","type":"product","link":"https:\/\/staging.forenteforlag.no\/pax\/produkt\/kamerat-napoleon-4\/","title":{"rendered":"Kamerat Napoleon"},"content":{"rendered":"<p>George Orwells mest kjente roman i revidert utgave.<\/p>\n<p>Den satiriske handlingen i Kamerat Napoleon er lagt til Manor g\u00e5rd, der dyrene tar makten fra menneskene og begynner \u00e5 drive g\u00e5rden p\u00e5 egne premisser.<\/p>\n<p>Boka \u00e5pner med at dyrene har r\u00e5dsm\u00f8te for \u00e5 f\u00e5 fjernet den grusomme eieren p\u00e5 g\u00e5rden. De intelligente og respekterte grisene tar styringen under mottoet \u00abAlle dyr er like\u00bb. Men det tar ikke lang tid f\u00f8r det viser seg at noen er likere enn andre. Lederen, kamerat Napoleon, blir snart like grusom som den tidligere eieren.<\/p>\n<p>Boka er en kritikk av det totalit\u00e6re og av hvordan kommunismen ble \u00f8delagt under Stalin.<\/p>\n","protected":false},"excerpt":{"rendered":"<p>George Orwells mest kjente roman i revidert utgave. Den satiriske handlingen i Kamerat Napoleon er lagt til Manor g\u00e5rd, der dyrene tar makten fra menneskene og begynner \u00e5 drive g\u00e5rden p\u00e5 egne premisser. Boka \u00e5pner med at dyrene har r\u00e5dsm\u00f8te for \u00e5 f\u00e5 fjernet den grusomme eieren p\u00e5 g\u00e5rden. De intelligente og respekterte grisene tar [&hellip;]<\/p>\n","protected":false},"featured_media":29478,"template":"","meta":{"_acf_changed":false,"inline_featured_image":false},"product_brand":[],"product_cat":[1782],"product_tag":[370],"class_list":{"0":"post-24462","1":"product","2":"type-product","3":"status-publish","4":"has-post-thumbnail","6":"product_cat-fripris","7":"product_tag-skjonnlitteratur","9":"first","10":"instock","11":"shipping-taxable","12":"purchasable","13":"product-type-simple"},"acf":{"anmeldelse":null},"yoast_head":"<!-- This site is optimized with the Yoast SEO plugin v26.6 - https:\/\/yoast.com\/wordpress\/plugins\/seo\/ -->\n<title>Kamerat Napoleon - Pax<\/title>\n<meta name=\"robots\" content=\"noindex, follow, max-snippet:-1, max-image-preview:large, max-video-preview:-1\" \/>\n<meta property=\"og:locale\" content=\"nb_NO\" \/>\n<meta property=\"og:type\" content=\"article\" \/>\n<meta property=\"og:title\" content=\"Kamerat Napoleon - Pax\" \/>\n<meta property=\"og:description\" content=\"George Orwells mest kjente roman i revidert utgave. Den satiriske handlingen i Kamerat Napoleon er lagt til Manor g\u00e5rd, der dyrene tar makten fra menneskene og begynner \u00e5 drive g\u00e5rden p\u00e5 egne premisser. Boka \u00e5pner med at dyrene har r\u00e5dsm\u00f8te for \u00e5 f\u00e5 fjernet den grusomme eieren p\u00e5 g\u00e5rden. De intelligente og respekterte grisene tar [&hellip;]\" \/>\n<meta property=\"og:url\" content=\"https:\/\/staging.forenteforlag.no\/pax\/produkt\/kamerat-napoleon-4\/\" \/>\n<meta property=\"og:site_name\" content=\"Pax\" \/>\n<meta property=\"article:modified_time\" content=\"2026-03-03T22:18:47+00:00\" \/>\n<meta property=\"og:image\" content=\"https:\/\/staging.forenteforlag.no\/pax\/wp-content\/uploads\/sites\/5\/2025\/08\/jpg-10104-scaled.jpg\" \/>\n\t<meta property=\"og:image:width\" content=\"1200\" \/>\n\t<meta property=\"og:image:height\" content=\"1920\" \/>\n\t<meta property=\"og:image:type\" content=\"image\/jpeg\" \/>\n<meta name=\"twitter:card\" content=\"summary_large_image\" \/>\n<meta name=\"twitter:label1\" content=\"Ansl. lesetid\" \/>\n\t<meta name=\"twitter:data1\" content=\"1 minutt\" \/>\n<script type=\"application\/ld+json\" class=\"yoast-schema-graph\">{\"@context\":\"https:\/\/schema.org\",\"@graph\":[{\"@type\":\"WebPage\",\"@id\":\"https:\/\/staging.forenteforlag.no\/pax\/produkt\/kamerat-napoleon-4\/\",\"url\":\"https:\/\/staging.forenteforlag.no\/pax\/produkt\/kamerat-napoleon-4\/\",\"name\":\"Kamerat Napoleon - Pax\",\"isPartOf\":{\"@id\":\"https:\/\/staging.forenteforlag.no\/pax\/#website\"},\"primaryImageOfPage\":{\"@id\":\"https:\/\/staging.forenteforlag.no\/pax\/produkt\/kamerat-napoleon-4\/#primaryimage\"},\"image\":{\"@id\":\"https:\/\/staging.forenteforlag.no\/pax\/produkt\/kamerat-napoleon-4\/#primaryimage\"},\"thumbnailUrl\":\"https:\/\/staging.forenteforlag.no\/pax\/wp-content\/uploads\/sites\/5\/2025\/08\/jpg-10104-scaled.jpg\",\"datePublished\":\"2024-10-11T00:00:00+00:00\",\"dateModified\":\"2026-03-03T22:18:47+00:00\",\"breadcrumb\":{\"@id\":\"https:\/\/staging.forenteforlag.no\/pax\/produkt\/kamerat-napoleon-4\/#breadcrumb\"},\"inLanguage\":\"nb-NO\",\"potentialAction\":[{\"@type\":\"ReadAction\",\"target\":[\"https:\/\/staging.forenteforlag.no\/pax\/produkt\/kamerat-napoleon-4\/\"]}]},{\"@type\":\"ImageObject\",\"inLanguage\":\"nb-NO\",\"@id\":\"https:\/\/staging.forenteforlag.no\/pax\/produkt\/kamerat-napoleon-4\/#primaryimage\",\"url\":\"https:\/\/staging.forenteforlag.no\/pax\/wp-content\/uploads\/sites\/5\/2025\/08\/jpg-10104-scaled.jpg\",\"contentUrl\":\"https:\/\/staging.forenteforlag.no\/pax\/wp-content\/uploads\/sites\/5\/2025\/08\/jpg-10104-scaled.jpg\",\"width\":1200,\"height\":1920},{\"@type\":\"BreadcrumbList\",\"@id\":\"https:\/\/staging.forenteforlag.no\/pax\/produkt\/kamerat-napoleon-4\/#breadcrumb\",\"itemListElement\":[{\"@type\":\"ListItem\",\"position\":1,\"name\":\"Hjem\",\"item\":\"https:\/\/staging.forenteforlag.no\/pax\/\"},{\"@type\":\"ListItem\",\"position\":2,\"name\":\"Alle b\u00f8ker\",\"item\":\"https:\/\/staging.forenteforlag.no\/pax\/butikk\/\"},{\"@type\":\"ListItem\",\"position\":3,\"name\":\"Kamerat Napoleon\"}]},{\"@type\":\"WebSite\",\"@id\":\"https:\/\/staging.forenteforlag.no\/pax\/#website\",\"url\":\"https:\/\/staging.forenteforlag.no\/pax\/\",\"name\":\"Pax\",\"description\":\"\",\"potentialAction\":[{\"@type\":\"SearchAction\",\"target\":{\"@type\":\"EntryPoint\",\"urlTemplate\":\"https:\/\/staging.forenteforlag.no\/pax\/?s={search_term_string}\"},\"query-input\":{\"@type\":\"PropertyValueSpecification\",\"valueRequired\":true,\"valueName\":\"search_term_string\"}}],\"inLanguage\":\"nb-NO\"}]}<\/script>\n<!-- \/ Yoast SEO plugin. -->","yoast_head_json":{"title":"Kamerat Napoleon - Pax","robots":{"index":"noindex","follow":"follow","max-snippet":"max-snippet:-1","max-image-preview":"max-image-preview:large","max-video-preview":"max-video-preview:-1"},"og_locale":"nb_NO","og_type":"article","og_title":"Kamerat Napoleon - Pax","og_description":"George Orwells mest kjente roman i revidert utgave. Den satiriske handlingen i Kamerat Napoleon er lagt til Manor g\u00e5rd, der dyrene tar makten fra menneskene og begynner \u00e5 drive g\u00e5rden p\u00e5 egne premisser. Boka \u00e5pner med at dyrene har r\u00e5dsm\u00f8te for \u00e5 f\u00e5 fjernet den grusomme eieren p\u00e5 g\u00e5rden. De intelligente og respekterte grisene tar [&hellip;]","og_url":"https:\/\/staging.forenteforlag.no\/pax\/produkt\/kamerat-napoleon-4\/","og_site_name":"Pax","article_modified_time":"2026-03-03T22:18:47+00:00","og_image":[{"width":1200,"height":1920,"url":"https:\/\/staging.forenteforlag.no\/pax\/wp-content\/uploads\/sites\/5\/2025\/08\/jpg-10104-scaled.jpg","type":"image\/jpeg"}],"twitter_card":"summary_large_image","twitter_misc":{"Ansl. lesetid":"1 minutt"},"schema":{"@context":"https:\/\/schema.org","@graph":[{"@type":"WebPage","@id":"https:\/\/staging.forenteforlag.no\/pax\/produkt\/kamerat-napoleon-4\/","url":"https:\/\/staging.forenteforlag.no\/pax\/produkt\/kamerat-napoleon-4\/","name":"Kamerat Napoleon - Pax","isPartOf":{"@id":"https:\/\/staging.forenteforlag.no\/pax\/#website"},"primaryImageOfPage":{"@id":"https:\/\/staging.forenteforlag.no\/pax\/produkt\/kamerat-napoleon-4\/#primaryimage"},"image":{"@id":"https:\/\/staging.forenteforlag.no\/pax\/produkt\/kamerat-napoleon-4\/#primaryimage"},"thumbnailUrl":"https:\/\/staging.forenteforlag.no\/pax\/wp-content\/uploads\/sites\/5\/2025\/08\/jpg-10104-scaled.jpg","datePublished":"2024-10-11T00:00:00+00:00","dateModified":"2026-03-03T22:18:47+00:00","breadcrumb":{"@id":"https:\/\/staging.forenteforlag.no\/pax\/produkt\/kamerat-napoleon-4\/#breadcrumb"},"inLanguage":"nb-NO","potentialAction":[{"@type":"ReadAction","target":["https:\/\/staging.forenteforlag.no\/pax\/produkt\/kamerat-napoleon-4\/"]}]},{"@type":"ImageObject","inLanguage":"nb-NO","@id":"https:\/\/staging.forenteforlag.no\/pax\/produkt\/kamerat-napoleon-4\/#primaryimage","url":"https:\/\/staging.forenteforlag.no\/pax\/wp-content\/uploads\/sites\/5\/2025\/08\/jpg-10104-scaled.jpg","contentUrl":"https:\/\/staging.forenteforlag.no\/pax\/wp-content\/uploads\/sites\/5\/2025\/08\/jpg-10104-scaled.jpg","width":1200,"height":1920},{"@type":"BreadcrumbList","@id":"https:\/\/staging.forenteforlag.no\/pax\/produkt\/kamerat-napoleon-4\/#breadcrumb","itemListElement":[{"@type":"ListItem","position":1,"name":"Hjem","item":"https:\/\/staging.forenteforlag.no\/pax\/"},{"@type":"ListItem","position":2,"name":"Alle b\u00f8ker","item":"https:\/\/staging.forenteforlag.no\/pax\/butikk\/"},{"@type":"ListItem","position":3,"name":"Kamerat Napoleon"}]},{"@type":"WebSite","@id":"https:\/\/staging.forenteforlag.no\/pax\/#website","url":"https:\/\/staging.forenteforlag.no\/pax\/","name":"Pax","description":"","potentialAction":[{"@type":"SearchAction","target":{"@type":"EntryPoint","urlTemplate":"https:\/\/staging.forenteforlag.no\/pax\/?s={search_term_string}"},"query-input":{"@type":"PropertyValueSpecification","valueRequired":true,"valueName":"search_term_string"}}],"inLanguage":"nb-NO"}]}},"_links":{"self":[{"href":"https:\/\/staging.forenteforlag.no\/pax\/wp-json\/wp\/v2\/product\/24462","targetHints":{"allow":["GET"]}}],"collection":[{"href":"https:\/\/staging.forenteforlag.no\/pax\/wp-json\/wp\/v2\/product"}],"about":[{"href":"https:\/\/staging.forenteforlag.no\/pax\/wp-json\/wp\/v2\/types\/product"}],"wp:featuredmedia":[{"embeddable":true,"href":"https:\/\/staging.forenteforlag.no\/pax\/wp-json\/wp\/v2\/media\/29478"}],"wp:attachment":[{"href":"https:\/\/staging.forenteforlag.no\/pax\/wp-json\/wp\/v2\/media?parent=24462"}],"wp:term":[{"taxonomy":"product_brand","embeddable":true,"href":"https:\/\/staging.forenteforlag.no\/pax\/wp-json\/wp\/v2\/product_brand?post=24462"},{"taxonomy":"product_cat","embeddable":true,"href":"https:\/\/staging.forenteforlag.no\/pax\/wp-json\/wp\/v2\/product_cat?post=24462"},{"taxonomy":"product_tag","embeddable":true,"href":"https:\/\/staging.forenteforlag.no\/pax\/wp-json\/wp\/v2\/product_tag?post=24462"}],"curies":[{"name":"wp","href":"https:\/\/api.w.org\/{rel}","templated":true}]}}