{"id":24458,"date":"2024-10-11T02:00:00","date_gmt":"2024-10-11T00:00:00","guid":{"rendered":"https:\/\/pax.forenteforlag.no\/produkt\/zen-og-kunsten-a-vedlikeholde-en-motorsykkel-3\/"},"modified":"2026-03-03T23:18:26","modified_gmt":"2026-03-03T22:18:26","slug":"zen-og-kunsten-a-vedlikeholde-en-motorsykkel-3","status":"publish","type":"product","link":"https:\/\/staging.forenteforlag.no\/pax\/produkt\/zen-og-kunsten-a-vedlikeholde-en-motorsykkel-3\/","title":{"rendered":"Zen og kunsten \u00e5 vedlikeholde en motorsykkel"},"content":{"rendered":"<p>Zen og kunsten \u00e5 vedlikeholde en motorsykkel er en internasjonal bestselger \u2212 og en kultbok.<br \/>En far og hans elleve \u00e5r gamle s\u00f8nn legger ut p\u00e5 en motorsykkelreise i USA. P\u00e5 en motorsykkel oppleves omgivelsene p\u00e5 en ny m\u00e5te. Man er i fullkommen kontakt med alt rundt seg og f\u00e5r en intens f\u00f8lelse av \u00e5 v\u00e6re til stede. Samtidig som far<br \/>og s\u00f8nn utforsker det amerikanske kontinentet, gj\u00f8r de ogs\u00e5 en reise inn i fortiden og seg selv.<br \/>I boka unders\u00f8ker Pirsig \u00f8stlig og vestlig filosofi , forholdet mellom intellekt og f\u00f8lelser og ikke minst verdien av zen-buddhismens<br \/>meditasjons\u00f8velse \u00abbare \u00e5 sitte stille\u00bb.<\/p>\n","protected":false},"excerpt":{"rendered":"<p>Zen og kunsten \u00e5 vedlikeholde en motorsykkel er en internasjonal bestselger \u2212 og en kultbok.En far og hans elleve \u00e5r gamle s\u00f8nn legger ut p\u00e5 en motorsykkelreise i USA. P\u00e5 en motorsykkel oppleves omgivelsene p\u00e5 en ny m\u00e5te. Man er i fullkommen kontakt med alt rundt seg og f\u00e5r en intens f\u00f8lelse av \u00e5 v\u00e6re [&hellip;]<\/p>\n","protected":false},"featured_media":29481,"template":"","meta":{"_acf_changed":false,"inline_featured_image":false},"product_brand":[],"product_cat":[1782],"product_tag":[370],"class_list":{"0":"post-24458","1":"product","2":"type-product","3":"status-publish","4":"has-post-thumbnail","6":"product_cat-fripris","7":"product_tag-skjonnlitteratur","9":"first","10":"instock","11":"shipping-taxable","12":"purchasable","13":"product-type-simple"},"acf":{"anmeldelse":null},"yoast_head":"<!-- This site is optimized with the Yoast SEO plugin v26.6 - https:\/\/yoast.com\/wordpress\/plugins\/seo\/ -->\n<title>Zen og kunsten \u00e5 vedlikeholde en motorsykkel - Pax<\/title>\n<meta name=\"robots\" content=\"noindex, follow, max-snippet:-1, max-image-preview:large, max-video-preview:-1\" \/>\n<meta property=\"og:locale\" content=\"nb_NO\" \/>\n<meta property=\"og:type\" content=\"article\" \/>\n<meta property=\"og:title\" content=\"Zen og kunsten \u00e5 vedlikeholde en motorsykkel - Pax\" \/>\n<meta property=\"og:description\" content=\"Zen og kunsten \u00e5 vedlikeholde en motorsykkel er en internasjonal bestselger \u2212 og en kultbok.En far og hans elleve \u00e5r gamle s\u00f8nn legger ut p\u00e5 en motorsykkelreise i USA. P\u00e5 en motorsykkel oppleves omgivelsene p\u00e5 en ny m\u00e5te. Man er i fullkommen kontakt med alt rundt seg og f\u00e5r en intens f\u00f8lelse av \u00e5 v\u00e6re [&hellip;]\" \/>\n<meta property=\"og:url\" content=\"https:\/\/staging.forenteforlag.no\/pax\/produkt\/zen-og-kunsten-a-vedlikeholde-en-motorsykkel-3\/\" \/>\n<meta property=\"og:site_name\" content=\"Pax\" \/>\n<meta property=\"article:modified_time\" content=\"2026-03-03T22:18:26+00:00\" \/>\n<meta property=\"og:image\" content=\"https:\/\/staging.forenteforlag.no\/pax\/wp-content\/uploads\/sites\/5\/2025\/08\/jpg-10117-scaled.jpg\" \/>\n\t<meta property=\"og:image:width\" content=\"1217\" \/>\n\t<meta property=\"og:image:height\" content=\"1920\" \/>\n\t<meta property=\"og:image:type\" content=\"image\/jpeg\" \/>\n<meta name=\"twitter:card\" content=\"summary_large_image\" \/>\n<meta name=\"twitter:label1\" content=\"Ansl. lesetid\" \/>\n\t<meta name=\"twitter:data1\" content=\"1 minutt\" \/>\n<script type=\"application\/ld+json\" class=\"yoast-schema-graph\">{\"@context\":\"https:\/\/schema.org\",\"@graph\":[{\"@type\":\"WebPage\",\"@id\":\"https:\/\/staging.forenteforlag.no\/pax\/produkt\/zen-og-kunsten-a-vedlikeholde-en-motorsykkel-3\/\",\"url\":\"https:\/\/staging.forenteforlag.no\/pax\/produkt\/zen-og-kunsten-a-vedlikeholde-en-motorsykkel-3\/\",\"name\":\"Zen og kunsten \u00e5 vedlikeholde en motorsykkel - Pax\",\"isPartOf\":{\"@id\":\"https:\/\/staging.forenteforlag.no\/pax\/#website\"},\"primaryImageOfPage\":{\"@id\":\"https:\/\/staging.forenteforlag.no\/pax\/produkt\/zen-og-kunsten-a-vedlikeholde-en-motorsykkel-3\/#primaryimage\"},\"image\":{\"@id\":\"https:\/\/staging.forenteforlag.no\/pax\/produkt\/zen-og-kunsten-a-vedlikeholde-en-motorsykkel-3\/#primaryimage\"},\"thumbnailUrl\":\"https:\/\/staging.forenteforlag.no\/pax\/wp-content\/uploads\/sites\/5\/2025\/08\/jpg-10117-scaled.jpg\",\"datePublished\":\"2024-10-11T00:00:00+00:00\",\"dateModified\":\"2026-03-03T22:18:26+00:00\",\"breadcrumb\":{\"@id\":\"https:\/\/staging.forenteforlag.no\/pax\/produkt\/zen-og-kunsten-a-vedlikeholde-en-motorsykkel-3\/#breadcrumb\"},\"inLanguage\":\"nb-NO\",\"potentialAction\":[{\"@type\":\"ReadAction\",\"target\":[\"https:\/\/staging.forenteforlag.no\/pax\/produkt\/zen-og-kunsten-a-vedlikeholde-en-motorsykkel-3\/\"]}]},{\"@type\":\"ImageObject\",\"inLanguage\":\"nb-NO\",\"@id\":\"https:\/\/staging.forenteforlag.no\/pax\/produkt\/zen-og-kunsten-a-vedlikeholde-en-motorsykkel-3\/#primaryimage\",\"url\":\"https:\/\/staging.forenteforlag.no\/pax\/wp-content\/uploads\/sites\/5\/2025\/08\/jpg-10117-scaled.jpg\",\"contentUrl\":\"https:\/\/staging.forenteforlag.no\/pax\/wp-content\/uploads\/sites\/5\/2025\/08\/jpg-10117-scaled.jpg\",\"width\":1217,\"height\":1920},{\"@type\":\"BreadcrumbList\",\"@id\":\"https:\/\/staging.forenteforlag.no\/pax\/produkt\/zen-og-kunsten-a-vedlikeholde-en-motorsykkel-3\/#breadcrumb\",\"itemListElement\":[{\"@type\":\"ListItem\",\"position\":1,\"name\":\"Hjem\",\"item\":\"https:\/\/staging.forenteforlag.no\/pax\/\"},{\"@type\":\"ListItem\",\"position\":2,\"name\":\"Alle b\u00f8ker\",\"item\":\"https:\/\/staging.forenteforlag.no\/pax\/butikk\/\"},{\"@type\":\"ListItem\",\"position\":3,\"name\":\"Zen og kunsten \u00e5 vedlikeholde en motorsykkel\"}]},{\"@type\":\"WebSite\",\"@id\":\"https:\/\/staging.forenteforlag.no\/pax\/#website\",\"url\":\"https:\/\/staging.forenteforlag.no\/pax\/\",\"name\":\"Pax\",\"description\":\"\",\"potentialAction\":[{\"@type\":\"SearchAction\",\"target\":{\"@type\":\"EntryPoint\",\"urlTemplate\":\"https:\/\/staging.forenteforlag.no\/pax\/?s={search_term_string}\"},\"query-input\":{\"@type\":\"PropertyValueSpecification\",\"valueRequired\":true,\"valueName\":\"search_term_string\"}}],\"inLanguage\":\"nb-NO\"}]}<\/script>\n<!-- \/ Yoast SEO plugin. -->","yoast_head_json":{"title":"Zen og kunsten \u00e5 vedlikeholde en motorsykkel - Pax","robots":{"index":"noindex","follow":"follow","max-snippet":"max-snippet:-1","max-image-preview":"max-image-preview:large","max-video-preview":"max-video-preview:-1"},"og_locale":"nb_NO","og_type":"article","og_title":"Zen og kunsten \u00e5 vedlikeholde en motorsykkel - Pax","og_description":"Zen og kunsten \u00e5 vedlikeholde en motorsykkel er en internasjonal bestselger \u2212 og en kultbok.En far og hans elleve \u00e5r gamle s\u00f8nn legger ut p\u00e5 en motorsykkelreise i USA. P\u00e5 en motorsykkel oppleves omgivelsene p\u00e5 en ny m\u00e5te. Man er i fullkommen kontakt med alt rundt seg og f\u00e5r en intens f\u00f8lelse av \u00e5 v\u00e6re [&hellip;]","og_url":"https:\/\/staging.forenteforlag.no\/pax\/produkt\/zen-og-kunsten-a-vedlikeholde-en-motorsykkel-3\/","og_site_name":"Pax","article_modified_time":"2026-03-03T22:18:26+00:00","og_image":[{"width":1217,"height":1920,"url":"https:\/\/staging.forenteforlag.no\/pax\/wp-content\/uploads\/sites\/5\/2025\/08\/jpg-10117-scaled.jpg","type":"image\/jpeg"}],"twitter_card":"summary_large_image","twitter_misc":{"Ansl. lesetid":"1 minutt"},"schema":{"@context":"https:\/\/schema.org","@graph":[{"@type":"WebPage","@id":"https:\/\/staging.forenteforlag.no\/pax\/produkt\/zen-og-kunsten-a-vedlikeholde-en-motorsykkel-3\/","url":"https:\/\/staging.forenteforlag.no\/pax\/produkt\/zen-og-kunsten-a-vedlikeholde-en-motorsykkel-3\/","name":"Zen og kunsten \u00e5 vedlikeholde en motorsykkel - Pax","isPartOf":{"@id":"https:\/\/staging.forenteforlag.no\/pax\/#website"},"primaryImageOfPage":{"@id":"https:\/\/staging.forenteforlag.no\/pax\/produkt\/zen-og-kunsten-a-vedlikeholde-en-motorsykkel-3\/#primaryimage"},"image":{"@id":"https:\/\/staging.forenteforlag.no\/pax\/produkt\/zen-og-kunsten-a-vedlikeholde-en-motorsykkel-3\/#primaryimage"},"thumbnailUrl":"https:\/\/staging.forenteforlag.no\/pax\/wp-content\/uploads\/sites\/5\/2025\/08\/jpg-10117-scaled.jpg","datePublished":"2024-10-11T00:00:00+00:00","dateModified":"2026-03-03T22:18:26+00:00","breadcrumb":{"@id":"https:\/\/staging.forenteforlag.no\/pax\/produkt\/zen-og-kunsten-a-vedlikeholde-en-motorsykkel-3\/#breadcrumb"},"inLanguage":"nb-NO","potentialAction":[{"@type":"ReadAction","target":["https:\/\/staging.forenteforlag.no\/pax\/produkt\/zen-og-kunsten-a-vedlikeholde-en-motorsykkel-3\/"]}]},{"@type":"ImageObject","inLanguage":"nb-NO","@id":"https:\/\/staging.forenteforlag.no\/pax\/produkt\/zen-og-kunsten-a-vedlikeholde-en-motorsykkel-3\/#primaryimage","url":"https:\/\/staging.forenteforlag.no\/pax\/wp-content\/uploads\/sites\/5\/2025\/08\/jpg-10117-scaled.jpg","contentUrl":"https:\/\/staging.forenteforlag.no\/pax\/wp-content\/uploads\/sites\/5\/2025\/08\/jpg-10117-scaled.jpg","width":1217,"height":1920},{"@type":"BreadcrumbList","@id":"https:\/\/staging.forenteforlag.no\/pax\/produkt\/zen-og-kunsten-a-vedlikeholde-en-motorsykkel-3\/#breadcrumb","itemListElement":[{"@type":"ListItem","position":1,"name":"Hjem","item":"https:\/\/staging.forenteforlag.no\/pax\/"},{"@type":"ListItem","position":2,"name":"Alle b\u00f8ker","item":"https:\/\/staging.forenteforlag.no\/pax\/butikk\/"},{"@type":"ListItem","position":3,"name":"Zen og kunsten \u00e5 vedlikeholde en motorsykkel"}]},{"@type":"WebSite","@id":"https:\/\/staging.forenteforlag.no\/pax\/#website","url":"https:\/\/staging.forenteforlag.no\/pax\/","name":"Pax","description":"","potentialAction":[{"@type":"SearchAction","target":{"@type":"EntryPoint","urlTemplate":"https:\/\/staging.forenteforlag.no\/pax\/?s={search_term_string}"},"query-input":{"@type":"PropertyValueSpecification","valueRequired":true,"valueName":"search_term_string"}}],"inLanguage":"nb-NO"}]}},"_links":{"self":[{"href":"https:\/\/staging.forenteforlag.no\/pax\/wp-json\/wp\/v2\/product\/24458","targetHints":{"allow":["GET"]}}],"collection":[{"href":"https:\/\/staging.forenteforlag.no\/pax\/wp-json\/wp\/v2\/product"}],"about":[{"href":"https:\/\/staging.forenteforlag.no\/pax\/wp-json\/wp\/v2\/types\/product"}],"wp:featuredmedia":[{"embeddable":true,"href":"https:\/\/staging.forenteforlag.no\/pax\/wp-json\/wp\/v2\/media\/29481"}],"wp:attachment":[{"href":"https:\/\/staging.forenteforlag.no\/pax\/wp-json\/wp\/v2\/media?parent=24458"}],"wp:term":[{"taxonomy":"product_brand","embeddable":true,"href":"https:\/\/staging.forenteforlag.no\/pax\/wp-json\/wp\/v2\/product_brand?post=24458"},{"taxonomy":"product_cat","embeddable":true,"href":"https:\/\/staging.forenteforlag.no\/pax\/wp-json\/wp\/v2\/product_cat?post=24458"},{"taxonomy":"product_tag","embeddable":true,"href":"https:\/\/staging.forenteforlag.no\/pax\/wp-json\/wp\/v2\/product_tag?post=24458"}],"curies":[{"name":"wp","href":"https:\/\/api.w.org\/{rel}","templated":true}]}}