{"id":24456,"date":"2024-12-11T00:58:44","date_gmt":"2024-12-10T23:58:44","guid":{"rendered":"https:\/\/pax.forenteforlag.no\/produkt\/zen-og-kunsten-a-vedlikeholde-en-motorsykkel-2\/"},"modified":"2026-03-04T18:59:16","modified_gmt":"2026-03-04T17:59:16","slug":"zen-og-kunsten-a-vedlikeholde-en-motorsykkel-2","status":"publish","type":"product","link":"https:\/\/staging.forenteforlag.no\/pax\/produkt\/zen-og-kunsten-a-vedlikeholde-en-motorsykkel-2\/","title":{"rendered":"Zen og kunsten \u00e5 vedlikeholde en motorsykkel"},"content":{"rendered":"<p>&laquo;Zen og kunsten \u00e5 vedlikeholde en motorsykkel&raquo; er en filosofisk roman om livskvalitet, og en unders\u00f8kelse av verdier. Men ogs\u00e5 en \u00e6rlig beretning om en far og hans elleve\u00e5rige s\u00f8nn. Under \u00e5pen himmel, og p\u00e5 en gammel, velholdt motorsykkel blir de henvist til seg selv og hverandre.<\/p>\n<p>Boka er en fascinerende reise p\u00e5 flere plan: bakover i tid, innover i eget sinn og geografisk p\u00e5 tvers av det amerikanske kontinentet. Den handler om \u00f8stlig og vestlig filosofi, romantisk og klassisk virkelighetsforst\u00e5else, og forholdet mellom intellekt og f\u00f8lelser.<\/p>\n<p>Zen-buddhismen har meditasjons\u00f8velsen &laquo;bare \u00e5 sitte stille&raquo;. P\u00e5 en motorsykkel oppleves omgivelsene p\u00e5 en helt ny m\u00e5te; du er i fullkommen kontakt med alt omkring, og f\u00e5r en overveldende f\u00f8lelse av \u00e5 v\u00e6re til stede. For Robert M. Pirsig (f.1928) er motorsykkelen &laquo;f\u00f8rst og fremst et mentalt fenomen&raquo;. \u00c5 vedlikeholde en motorsykkel er \u00e5 vedlikeholde seg selv.<\/p>\n<p>&laquo;Zen og kunsten \u00e5 vedlikeholde en motorsykkel&raquo; er blitt en internasjonal bestselger &#8211; og en kultbok.<\/p>\n","protected":false},"excerpt":{"rendered":"<p>&laquo;Zen og kunsten \u00e5 vedlikeholde en motorsykkel&raquo; er en filosofisk roman om livskvalitet, og en unders\u00f8kelse av verdier. Men ogs\u00e5 en \u00e6rlig beretning om en far og hans elleve\u00e5rige s\u00f8nn. Under \u00e5pen himmel, og p\u00e5 en gammel, velholdt motorsykkel blir de henvist til seg selv og hverandre. Boka er en fascinerende reise p\u00e5 flere plan: [&hellip;]<\/p>\n","protected":false},"featured_media":30003,"template":"","meta":{"_acf_changed":false,"inline_featured_image":false},"product_brand":[],"product_cat":[1782],"product_tag":[1346,882,1095,989,370,434],"class_list":{"0":"post-24456","1":"product","2":"type-product","3":"status-publish","4":"has-post-thumbnail","6":"product_cat-fripris","7":"product_tag-antikk-filosofi","8":"product_tag-geografi-og-reiser","9":"product_tag-grafiske-romaner","10":"product_tag-reiseskildringer","11":"product_tag-skjonnlitteratur","12":"product_tag-usa","14":"first","15":"outofstock","16":"taxable","17":"shipping-taxable","18":"purchasable","19":"product-type-simple"},"acf":{"anmeldelse":null},"yoast_head":"<!-- This site is optimized with the Yoast SEO plugin v26.6 - https:\/\/yoast.com\/wordpress\/plugins\/seo\/ -->\n<title>Zen og kunsten \u00e5 vedlikeholde en motorsykkel - Pax<\/title>\n<meta name=\"robots\" content=\"noindex, follow, max-snippet:-1, max-image-preview:large, max-video-preview:-1\" \/>\n<meta property=\"og:locale\" content=\"nb_NO\" \/>\n<meta property=\"og:type\" content=\"article\" \/>\n<meta property=\"og:title\" content=\"Zen og kunsten \u00e5 vedlikeholde en motorsykkel - Pax\" \/>\n<meta property=\"og:description\" content=\"&laquo;Zen og kunsten \u00e5 vedlikeholde en motorsykkel&raquo; er en filosofisk roman om livskvalitet, og en unders\u00f8kelse av verdier. Men ogs\u00e5 en \u00e6rlig beretning om en far og hans elleve\u00e5rige s\u00f8nn. Under \u00e5pen himmel, og p\u00e5 en gammel, velholdt motorsykkel blir de henvist til seg selv og hverandre. Boka er en fascinerende reise p\u00e5 flere plan: [&hellip;]\" \/>\n<meta property=\"og:url\" content=\"https:\/\/staging.forenteforlag.no\/pax\/produkt\/zen-og-kunsten-a-vedlikeholde-en-motorsykkel-2\/\" \/>\n<meta property=\"og:site_name\" content=\"Pax\" \/>\n<meta property=\"article:modified_time\" content=\"2026-03-04T17:59:16+00:00\" \/>\n<meta property=\"og:image\" content=\"https:\/\/staging.forenteforlag.no\/pax\/wp-content\/uploads\/sites\/5\/2026\/03\/9788253018560.jpg\" \/>\n\t<meta property=\"og:image:width\" content=\"720\" \/>\n\t<meta property=\"og:image:height\" content=\"1163\" \/>\n\t<meta property=\"og:image:type\" content=\"image\/jpeg\" \/>\n<meta name=\"twitter:card\" content=\"summary_large_image\" \/>\n<meta name=\"twitter:label1\" content=\"Ansl. lesetid\" \/>\n\t<meta name=\"twitter:data1\" content=\"1 minutt\" \/>\n<script type=\"application\/ld+json\" class=\"yoast-schema-graph\">{\"@context\":\"https:\/\/schema.org\",\"@graph\":[{\"@type\":\"WebPage\",\"@id\":\"https:\/\/staging.forenteforlag.no\/pax\/produkt\/zen-og-kunsten-a-vedlikeholde-en-motorsykkel-2\/\",\"url\":\"https:\/\/staging.forenteforlag.no\/pax\/produkt\/zen-og-kunsten-a-vedlikeholde-en-motorsykkel-2\/\",\"name\":\"Zen og kunsten \u00e5 vedlikeholde en motorsykkel - Pax\",\"isPartOf\":{\"@id\":\"https:\/\/staging.forenteforlag.no\/pax\/#website\"},\"primaryImageOfPage\":{\"@id\":\"https:\/\/staging.forenteforlag.no\/pax\/produkt\/zen-og-kunsten-a-vedlikeholde-en-motorsykkel-2\/#primaryimage\"},\"image\":{\"@id\":\"https:\/\/staging.forenteforlag.no\/pax\/produkt\/zen-og-kunsten-a-vedlikeholde-en-motorsykkel-2\/#primaryimage\"},\"thumbnailUrl\":\"https:\/\/staging.forenteforlag.no\/pax\/wp-content\/uploads\/sites\/5\/2026\/03\/9788253018560.jpg\",\"datePublished\":\"2024-12-10T23:58:44+00:00\",\"dateModified\":\"2026-03-04T17:59:16+00:00\",\"breadcrumb\":{\"@id\":\"https:\/\/staging.forenteforlag.no\/pax\/produkt\/zen-og-kunsten-a-vedlikeholde-en-motorsykkel-2\/#breadcrumb\"},\"inLanguage\":\"nb-NO\",\"potentialAction\":[{\"@type\":\"ReadAction\",\"target\":[\"https:\/\/staging.forenteforlag.no\/pax\/produkt\/zen-og-kunsten-a-vedlikeholde-en-motorsykkel-2\/\"]}]},{\"@type\":\"ImageObject\",\"inLanguage\":\"nb-NO\",\"@id\":\"https:\/\/staging.forenteforlag.no\/pax\/produkt\/zen-og-kunsten-a-vedlikeholde-en-motorsykkel-2\/#primaryimage\",\"url\":\"https:\/\/staging.forenteforlag.no\/pax\/wp-content\/uploads\/sites\/5\/2026\/03\/9788253018560.jpg\",\"contentUrl\":\"https:\/\/staging.forenteforlag.no\/pax\/wp-content\/uploads\/sites\/5\/2026\/03\/9788253018560.jpg\",\"width\":720,\"height\":1163},{\"@type\":\"BreadcrumbList\",\"@id\":\"https:\/\/staging.forenteforlag.no\/pax\/produkt\/zen-og-kunsten-a-vedlikeholde-en-motorsykkel-2\/#breadcrumb\",\"itemListElement\":[{\"@type\":\"ListItem\",\"position\":1,\"name\":\"Hjem\",\"item\":\"https:\/\/staging.forenteforlag.no\/pax\/\"},{\"@type\":\"ListItem\",\"position\":2,\"name\":\"Alle b\u00f8ker\",\"item\":\"https:\/\/staging.forenteforlag.no\/pax\/butikk\/\"},{\"@type\":\"ListItem\",\"position\":3,\"name\":\"Zen og kunsten \u00e5 vedlikeholde en motorsykkel\"}]},{\"@type\":\"WebSite\",\"@id\":\"https:\/\/staging.forenteforlag.no\/pax\/#website\",\"url\":\"https:\/\/staging.forenteforlag.no\/pax\/\",\"name\":\"Pax\",\"description\":\"\",\"potentialAction\":[{\"@type\":\"SearchAction\",\"target\":{\"@type\":\"EntryPoint\",\"urlTemplate\":\"https:\/\/staging.forenteforlag.no\/pax\/?s={search_term_string}\"},\"query-input\":{\"@type\":\"PropertyValueSpecification\",\"valueRequired\":true,\"valueName\":\"search_term_string\"}}],\"inLanguage\":\"nb-NO\"}]}<\/script>\n<!-- \/ Yoast SEO plugin. -->","yoast_head_json":{"title":"Zen og kunsten \u00e5 vedlikeholde en motorsykkel - Pax","robots":{"index":"noindex","follow":"follow","max-snippet":"max-snippet:-1","max-image-preview":"max-image-preview:large","max-video-preview":"max-video-preview:-1"},"og_locale":"nb_NO","og_type":"article","og_title":"Zen og kunsten \u00e5 vedlikeholde en motorsykkel - Pax","og_description":"&laquo;Zen og kunsten \u00e5 vedlikeholde en motorsykkel&raquo; er en filosofisk roman om livskvalitet, og en unders\u00f8kelse av verdier. Men ogs\u00e5 en \u00e6rlig beretning om en far og hans elleve\u00e5rige s\u00f8nn. Under \u00e5pen himmel, og p\u00e5 en gammel, velholdt motorsykkel blir de henvist til seg selv og hverandre. Boka er en fascinerende reise p\u00e5 flere plan: [&hellip;]","og_url":"https:\/\/staging.forenteforlag.no\/pax\/produkt\/zen-og-kunsten-a-vedlikeholde-en-motorsykkel-2\/","og_site_name":"Pax","article_modified_time":"2026-03-04T17:59:16+00:00","og_image":[{"width":720,"height":1163,"url":"https:\/\/staging.forenteforlag.no\/pax\/wp-content\/uploads\/sites\/5\/2026\/03\/9788253018560.jpg","type":"image\/jpeg"}],"twitter_card":"summary_large_image","twitter_misc":{"Ansl. lesetid":"1 minutt"},"schema":{"@context":"https:\/\/schema.org","@graph":[{"@type":"WebPage","@id":"https:\/\/staging.forenteforlag.no\/pax\/produkt\/zen-og-kunsten-a-vedlikeholde-en-motorsykkel-2\/","url":"https:\/\/staging.forenteforlag.no\/pax\/produkt\/zen-og-kunsten-a-vedlikeholde-en-motorsykkel-2\/","name":"Zen og kunsten \u00e5 vedlikeholde en motorsykkel - Pax","isPartOf":{"@id":"https:\/\/staging.forenteforlag.no\/pax\/#website"},"primaryImageOfPage":{"@id":"https:\/\/staging.forenteforlag.no\/pax\/produkt\/zen-og-kunsten-a-vedlikeholde-en-motorsykkel-2\/#primaryimage"},"image":{"@id":"https:\/\/staging.forenteforlag.no\/pax\/produkt\/zen-og-kunsten-a-vedlikeholde-en-motorsykkel-2\/#primaryimage"},"thumbnailUrl":"https:\/\/staging.forenteforlag.no\/pax\/wp-content\/uploads\/sites\/5\/2026\/03\/9788253018560.jpg","datePublished":"2024-12-10T23:58:44+00:00","dateModified":"2026-03-04T17:59:16+00:00","breadcrumb":{"@id":"https:\/\/staging.forenteforlag.no\/pax\/produkt\/zen-og-kunsten-a-vedlikeholde-en-motorsykkel-2\/#breadcrumb"},"inLanguage":"nb-NO","potentialAction":[{"@type":"ReadAction","target":["https:\/\/staging.forenteforlag.no\/pax\/produkt\/zen-og-kunsten-a-vedlikeholde-en-motorsykkel-2\/"]}]},{"@type":"ImageObject","inLanguage":"nb-NO","@id":"https:\/\/staging.forenteforlag.no\/pax\/produkt\/zen-og-kunsten-a-vedlikeholde-en-motorsykkel-2\/#primaryimage","url":"https:\/\/staging.forenteforlag.no\/pax\/wp-content\/uploads\/sites\/5\/2026\/03\/9788253018560.jpg","contentUrl":"https:\/\/staging.forenteforlag.no\/pax\/wp-content\/uploads\/sites\/5\/2026\/03\/9788253018560.jpg","width":720,"height":1163},{"@type":"BreadcrumbList","@id":"https:\/\/staging.forenteforlag.no\/pax\/produkt\/zen-og-kunsten-a-vedlikeholde-en-motorsykkel-2\/#breadcrumb","itemListElement":[{"@type":"ListItem","position":1,"name":"Hjem","item":"https:\/\/staging.forenteforlag.no\/pax\/"},{"@type":"ListItem","position":2,"name":"Alle b\u00f8ker","item":"https:\/\/staging.forenteforlag.no\/pax\/butikk\/"},{"@type":"ListItem","position":3,"name":"Zen og kunsten \u00e5 vedlikeholde en motorsykkel"}]},{"@type":"WebSite","@id":"https:\/\/staging.forenteforlag.no\/pax\/#website","url":"https:\/\/staging.forenteforlag.no\/pax\/","name":"Pax","description":"","potentialAction":[{"@type":"SearchAction","target":{"@type":"EntryPoint","urlTemplate":"https:\/\/staging.forenteforlag.no\/pax\/?s={search_term_string}"},"query-input":{"@type":"PropertyValueSpecification","valueRequired":true,"valueName":"search_term_string"}}],"inLanguage":"nb-NO"}]}},"_links":{"self":[{"href":"https:\/\/staging.forenteforlag.no\/pax\/wp-json\/wp\/v2\/product\/24456","targetHints":{"allow":["GET"]}}],"collection":[{"href":"https:\/\/staging.forenteforlag.no\/pax\/wp-json\/wp\/v2\/product"}],"about":[{"href":"https:\/\/staging.forenteforlag.no\/pax\/wp-json\/wp\/v2\/types\/product"}],"wp:featuredmedia":[{"embeddable":true,"href":"https:\/\/staging.forenteforlag.no\/pax\/wp-json\/wp\/v2\/media\/30003"}],"wp:attachment":[{"href":"https:\/\/staging.forenteforlag.no\/pax\/wp-json\/wp\/v2\/media?parent=24456"}],"wp:term":[{"taxonomy":"product_brand","embeddable":true,"href":"https:\/\/staging.forenteforlag.no\/pax\/wp-json\/wp\/v2\/product_brand?post=24456"},{"taxonomy":"product_cat","embeddable":true,"href":"https:\/\/staging.forenteforlag.no\/pax\/wp-json\/wp\/v2\/product_cat?post=24456"},{"taxonomy":"product_tag","embeddable":true,"href":"https:\/\/staging.forenteforlag.no\/pax\/wp-json\/wp\/v2\/product_tag?post=24456"}],"curies":[{"name":"wp","href":"https:\/\/api.w.org\/{rel}","templated":true}]}}