{"id":24419,"date":"2009-03-26T01:00:00","date_gmt":"2009-03-26T00:00:00","guid":{"rendered":"https:\/\/pax.forenteforlag.no\/produkt\/etter-teorien\/"},"modified":"2026-03-03T21:52:27","modified_gmt":"2026-03-03T20:52:27","slug":"etter-teorien","status":"publish","type":"product","link":"https:\/\/staging.forenteforlag.no\/pax\/produkt\/etter-teorien\/","title":{"rendered":"Etter teorien"},"content":{"rendered":"<p>Terry Eagleton er en av Englands fremste litteraturteoretikere og filosofer. &laquo;Etter teorien&raquo; er hans oppgj\u00f8r med tilstanden i dagens kulturstudier, som han mener er nedbrytende i sin teoretisering over popkulturelle ubetydeligheter. Alternativet etter teoriens d\u00f8d demonstrerer han gjennom originale lesninger av for eksempel Aristoteles, Marx og Wittgenstein. Han bl\u00e5ser nytt liv i de store temaene som postmodernismen la d\u00f8d, som kj\u00e6rlighet, ondskap, moral og revolusjon.  Terry Eagleton skriver polemisk og tilgjengelig og gj\u00f8r det tydelig at problemene han tar opp ang\u00e5r den vestlige kultur generelt, og ikke bare litteraturteorien.<\/p>\n","protected":false},"excerpt":{"rendered":"<p>Terry Eagleton er en av Englands fremste litteraturteoretikere og filosofer. &laquo;Etter teorien&raquo; er hans oppgj\u00f8r med tilstanden i dagens kulturstudier, som han mener er nedbrytende i sin teoretisering over popkulturelle ubetydeligheter. Alternativet etter teoriens d\u00f8d demonstrerer han gjennom originale lesninger av for eksempel Aristoteles, Marx og Wittgenstein. Han bl\u00e5ser nytt liv i de store temaene [&hellip;]<\/p>\n","protected":false},"featured_media":28506,"template":"","meta":{"_acf_changed":false,"inline_featured_image":false},"product_brand":[],"product_cat":[1782],"product_tag":[1746,1445,362,602],"class_list":{"0":"post-24419","1":"product","2":"type-product","3":"status-publish","4":"has-post-thumbnail","6":"product_cat-fripris","7":"product_tag-abstrakt-kunst","8":"product_tag-barne-og-ungdomslitteratur","9":"product_tag-faglitteratur","10":"product_tag-kultursosiologi","12":"first","13":"instock","14":"shipping-taxable","15":"purchasable","16":"product-type-simple"},"acf":{"anmeldelse":[{"tekst_anmeldelser":"\u00abUnderholdende og fundamental kritikk av kulturteorien.\u00bb","av_anmeldelser":"Tor Dishington Johansen","terningkast":false,"kilde":"Bergens Tidende"}]},"yoast_head":"<!-- This site is optimized with the Yoast SEO plugin v26.6 - https:\/\/yoast.com\/wordpress\/plugins\/seo\/ -->\n<title>Etter teorien - Pax<\/title>\n<meta name=\"robots\" content=\"noindex, follow, max-snippet:-1, max-image-preview:large, max-video-preview:-1\" \/>\n<meta property=\"og:locale\" content=\"nb_NO\" \/>\n<meta property=\"og:type\" content=\"article\" \/>\n<meta property=\"og:title\" content=\"Etter teorien - Pax\" \/>\n<meta property=\"og:description\" content=\"Terry Eagleton er en av Englands fremste litteraturteoretikere og filosofer. &laquo;Etter teorien&raquo; er hans oppgj\u00f8r med tilstanden i dagens kulturstudier, som han mener er nedbrytende i sin teoretisering over popkulturelle ubetydeligheter. Alternativet etter teoriens d\u00f8d demonstrerer han gjennom originale lesninger av for eksempel Aristoteles, Marx og Wittgenstein. Han bl\u00e5ser nytt liv i de store temaene [&hellip;]\" \/>\n<meta property=\"og:url\" content=\"https:\/\/staging.forenteforlag.no\/pax\/produkt\/etter-teorien\/\" \/>\n<meta property=\"og:site_name\" content=\"Pax\" \/>\n<meta property=\"article:modified_time\" content=\"2026-03-03T20:52:27+00:00\" \/>\n<meta property=\"og:image\" content=\"https:\/\/staging.forenteforlag.no\/pax\/wp-content\/uploads\/sites\/5\/2025\/08\/jpg-7138.jpg\" \/>\n\t<meta property=\"og:image:width\" content=\"327\" \/>\n\t<meta property=\"og:image:height\" content=\"450\" \/>\n\t<meta property=\"og:image:type\" content=\"image\/jpeg\" \/>\n<meta name=\"twitter:card\" content=\"summary_large_image\" \/>\n<script type=\"application\/ld+json\" class=\"yoast-schema-graph\">{\"@context\":\"https:\/\/schema.org\",\"@graph\":[{\"@type\":\"WebPage\",\"@id\":\"https:\/\/staging.forenteforlag.no\/pax\/produkt\/etter-teorien\/\",\"url\":\"https:\/\/staging.forenteforlag.no\/pax\/produkt\/etter-teorien\/\",\"name\":\"Etter teorien - Pax\",\"isPartOf\":{\"@id\":\"https:\/\/staging.forenteforlag.no\/pax\/#website\"},\"primaryImageOfPage\":{\"@id\":\"https:\/\/staging.forenteforlag.no\/pax\/produkt\/etter-teorien\/#primaryimage\"},\"image\":{\"@id\":\"https:\/\/staging.forenteforlag.no\/pax\/produkt\/etter-teorien\/#primaryimage\"},\"thumbnailUrl\":\"https:\/\/staging.forenteforlag.no\/pax\/wp-content\/uploads\/sites\/5\/2025\/08\/jpg-7138.jpg\",\"datePublished\":\"2009-03-26T00:00:00+00:00\",\"dateModified\":\"2026-03-03T20:52:27+00:00\",\"breadcrumb\":{\"@id\":\"https:\/\/staging.forenteforlag.no\/pax\/produkt\/etter-teorien\/#breadcrumb\"},\"inLanguage\":\"nb-NO\",\"potentialAction\":[{\"@type\":\"ReadAction\",\"target\":[\"https:\/\/staging.forenteforlag.no\/pax\/produkt\/etter-teorien\/\"]}]},{\"@type\":\"ImageObject\",\"inLanguage\":\"nb-NO\",\"@id\":\"https:\/\/staging.forenteforlag.no\/pax\/produkt\/etter-teorien\/#primaryimage\",\"url\":\"https:\/\/staging.forenteforlag.no\/pax\/wp-content\/uploads\/sites\/5\/2025\/08\/jpg-7138.jpg\",\"contentUrl\":\"https:\/\/staging.forenteforlag.no\/pax\/wp-content\/uploads\/sites\/5\/2025\/08\/jpg-7138.jpg\",\"width\":327,\"height\":450},{\"@type\":\"BreadcrumbList\",\"@id\":\"https:\/\/staging.forenteforlag.no\/pax\/produkt\/etter-teorien\/#breadcrumb\",\"itemListElement\":[{\"@type\":\"ListItem\",\"position\":1,\"name\":\"Hjem\",\"item\":\"https:\/\/staging.forenteforlag.no\/pax\/\"},{\"@type\":\"ListItem\",\"position\":2,\"name\":\"Alle b\u00f8ker\",\"item\":\"https:\/\/staging.forenteforlag.no\/pax\/butikk\/\"},{\"@type\":\"ListItem\",\"position\":3,\"name\":\"Etter teorien\"}]},{\"@type\":\"WebSite\",\"@id\":\"https:\/\/staging.forenteforlag.no\/pax\/#website\",\"url\":\"https:\/\/staging.forenteforlag.no\/pax\/\",\"name\":\"Pax\",\"description\":\"\",\"potentialAction\":[{\"@type\":\"SearchAction\",\"target\":{\"@type\":\"EntryPoint\",\"urlTemplate\":\"https:\/\/staging.forenteforlag.no\/pax\/?s={search_term_string}\"},\"query-input\":{\"@type\":\"PropertyValueSpecification\",\"valueRequired\":true,\"valueName\":\"search_term_string\"}}],\"inLanguage\":\"nb-NO\"}]}<\/script>\n<!-- \/ Yoast SEO plugin. -->","yoast_head_json":{"title":"Etter teorien - Pax","robots":{"index":"noindex","follow":"follow","max-snippet":"max-snippet:-1","max-image-preview":"max-image-preview:large","max-video-preview":"max-video-preview:-1"},"og_locale":"nb_NO","og_type":"article","og_title":"Etter teorien - Pax","og_description":"Terry Eagleton er en av Englands fremste litteraturteoretikere og filosofer. &laquo;Etter teorien&raquo; er hans oppgj\u00f8r med tilstanden i dagens kulturstudier, som han mener er nedbrytende i sin teoretisering over popkulturelle ubetydeligheter. Alternativet etter teoriens d\u00f8d demonstrerer han gjennom originale lesninger av for eksempel Aristoteles, Marx og Wittgenstein. Han bl\u00e5ser nytt liv i de store temaene [&hellip;]","og_url":"https:\/\/staging.forenteforlag.no\/pax\/produkt\/etter-teorien\/","og_site_name":"Pax","article_modified_time":"2026-03-03T20:52:27+00:00","og_image":[{"width":327,"height":450,"url":"https:\/\/staging.forenteforlag.no\/pax\/wp-content\/uploads\/sites\/5\/2025\/08\/jpg-7138.jpg","type":"image\/jpeg"}],"twitter_card":"summary_large_image","schema":{"@context":"https:\/\/schema.org","@graph":[{"@type":"WebPage","@id":"https:\/\/staging.forenteforlag.no\/pax\/produkt\/etter-teorien\/","url":"https:\/\/staging.forenteforlag.no\/pax\/produkt\/etter-teorien\/","name":"Etter teorien - Pax","isPartOf":{"@id":"https:\/\/staging.forenteforlag.no\/pax\/#website"},"primaryImageOfPage":{"@id":"https:\/\/staging.forenteforlag.no\/pax\/produkt\/etter-teorien\/#primaryimage"},"image":{"@id":"https:\/\/staging.forenteforlag.no\/pax\/produkt\/etter-teorien\/#primaryimage"},"thumbnailUrl":"https:\/\/staging.forenteforlag.no\/pax\/wp-content\/uploads\/sites\/5\/2025\/08\/jpg-7138.jpg","datePublished":"2009-03-26T00:00:00+00:00","dateModified":"2026-03-03T20:52:27+00:00","breadcrumb":{"@id":"https:\/\/staging.forenteforlag.no\/pax\/produkt\/etter-teorien\/#breadcrumb"},"inLanguage":"nb-NO","potentialAction":[{"@type":"ReadAction","target":["https:\/\/staging.forenteforlag.no\/pax\/produkt\/etter-teorien\/"]}]},{"@type":"ImageObject","inLanguage":"nb-NO","@id":"https:\/\/staging.forenteforlag.no\/pax\/produkt\/etter-teorien\/#primaryimage","url":"https:\/\/staging.forenteforlag.no\/pax\/wp-content\/uploads\/sites\/5\/2025\/08\/jpg-7138.jpg","contentUrl":"https:\/\/staging.forenteforlag.no\/pax\/wp-content\/uploads\/sites\/5\/2025\/08\/jpg-7138.jpg","width":327,"height":450},{"@type":"BreadcrumbList","@id":"https:\/\/staging.forenteforlag.no\/pax\/produkt\/etter-teorien\/#breadcrumb","itemListElement":[{"@type":"ListItem","position":1,"name":"Hjem","item":"https:\/\/staging.forenteforlag.no\/pax\/"},{"@type":"ListItem","position":2,"name":"Alle b\u00f8ker","item":"https:\/\/staging.forenteforlag.no\/pax\/butikk\/"},{"@type":"ListItem","position":3,"name":"Etter teorien"}]},{"@type":"WebSite","@id":"https:\/\/staging.forenteforlag.no\/pax\/#website","url":"https:\/\/staging.forenteforlag.no\/pax\/","name":"Pax","description":"","potentialAction":[{"@type":"SearchAction","target":{"@type":"EntryPoint","urlTemplate":"https:\/\/staging.forenteforlag.no\/pax\/?s={search_term_string}"},"query-input":{"@type":"PropertyValueSpecification","valueRequired":true,"valueName":"search_term_string"}}],"inLanguage":"nb-NO"}]}},"_links":{"self":[{"href":"https:\/\/staging.forenteforlag.no\/pax\/wp-json\/wp\/v2\/product\/24419","targetHints":{"allow":["GET"]}}],"collection":[{"href":"https:\/\/staging.forenteforlag.no\/pax\/wp-json\/wp\/v2\/product"}],"about":[{"href":"https:\/\/staging.forenteforlag.no\/pax\/wp-json\/wp\/v2\/types\/product"}],"wp:featuredmedia":[{"embeddable":true,"href":"https:\/\/staging.forenteforlag.no\/pax\/wp-json\/wp\/v2\/media\/28506"}],"wp:attachment":[{"href":"https:\/\/staging.forenteforlag.no\/pax\/wp-json\/wp\/v2\/media?parent=24419"}],"wp:term":[{"taxonomy":"product_brand","embeddable":true,"href":"https:\/\/staging.forenteforlag.no\/pax\/wp-json\/wp\/v2\/product_brand?post=24419"},{"taxonomy":"product_cat","embeddable":true,"href":"https:\/\/staging.forenteforlag.no\/pax\/wp-json\/wp\/v2\/product_cat?post=24419"},{"taxonomy":"product_tag","embeddable":true,"href":"https:\/\/staging.forenteforlag.no\/pax\/wp-json\/wp\/v2\/product_tag?post=24419"}],"curies":[{"name":"wp","href":"https:\/\/api.w.org\/{rel}","templated":true}]}}