{"id":24411,"date":"2011-05-02T02:00:00","date_gmt":"2011-05-02T00:00:00","guid":{"rendered":"https:\/\/pax.forenteforlag.no\/produkt\/elskede-sputnik-2\/"},"modified":"2026-03-03T22:07:09","modified_gmt":"2026-03-03T21:07:09","slug":"elskede-sputnik-2","status":"publish","type":"product","link":"https:\/\/staging.forenteforlag.no\/pax\/produkt\/elskede-sputnik-2\/","title":{"rendered":"Elskede Sputnik"},"content":{"rendered":"<p>Romanen handler om tre bekjente, en 24-\u00e5r gammel l\u00e6rer, hans venn Sumire og Miu, ei gift forretningskvinne med en hemmelighet som plager henne s\u00e5 mye at h\u00e5ret hennes er blitt helt hvitt. Da Sumire forsvinner n\u00e5r hun er p\u00e5 ferie med Miu p\u00e5 ei gresk \u00f8y, reiser fortelleren til Europa for \u00e5 leite etter henne. Han finner ut at Sumire har skrevet to fortellinger, ei som beskriver hennes lengsel etter Miu og ei som avsl\u00f8rer Mius hemmelighet.<\/p>\n","protected":false},"excerpt":{"rendered":"<p>Romanen handler om tre bekjente, en 24-\u00e5r gammel l\u00e6rer, hans venn Sumire og Miu, ei gift forretningskvinne med en hemmelighet som plager henne s\u00e5 mye at h\u00e5ret hennes er blitt helt hvitt. Da Sumire forsvinner n\u00e5r hun er p\u00e5 ferie med Miu p\u00e5 ei gresk \u00f8y, reiser fortelleren til Europa for \u00e5 leite etter henne. [&hellip;]<\/p>\n","protected":false},"featured_media":29282,"template":"","meta":{"_acf_changed":false,"inline_featured_image":false},"product_brand":[],"product_cat":[1782],"product_tag":[699,1095,461,510,370],"class_list":{"0":"post-24411","1":"product","2":"type-product","3":"status-publish","4":"has-post-thumbnail","6":"product_cat-fripris","7":"product_tag-ensomhet","8":"product_tag-grafiske-romaner","9":"product_tag-japan","10":"product_tag-kjaerlighet","11":"product_tag-skjonnlitteratur","13":"first","14":"outofstock","15":"shipping-taxable","16":"purchasable","17":"product-type-simple"},"acf":{"anmeldelse":[{"tekst_anmeldelser":"\u00abMelankolsk japansk magisk realisme\u00bb","av_anmeldelser":"Svein Johs Ottesen","terningkast":false,"kilde":"Aftenposten"},{"tekst_anmeldelser":"\u00abKlassisk murakamisk kj\u00e6rlighetsfortelling, full av lengsel og ensomhet\u00bb","av_anmeldelser":"Gerd Elin Stava Sandve","terningkast":false,"kilde":"Dagsavisen"}]},"yoast_head":"<!-- This site is optimized with the Yoast SEO plugin v26.6 - https:\/\/yoast.com\/wordpress\/plugins\/seo\/ -->\n<title>Elskede Sputnik - Pax<\/title>\n<meta name=\"robots\" content=\"noindex, follow, max-snippet:-1, max-image-preview:large, max-video-preview:-1\" \/>\n<meta property=\"og:locale\" content=\"nb_NO\" \/>\n<meta property=\"og:type\" content=\"article\" \/>\n<meta property=\"og:title\" content=\"Elskede Sputnik - Pax\" \/>\n<meta property=\"og:description\" content=\"Romanen handler om tre bekjente, en 24-\u00e5r gammel l\u00e6rer, hans venn Sumire og Miu, ei gift forretningskvinne med en hemmelighet som plager henne s\u00e5 mye at h\u00e5ret hennes er blitt helt hvitt. Da Sumire forsvinner n\u00e5r hun er p\u00e5 ferie med Miu p\u00e5 ei gresk \u00f8y, reiser fortelleren til Europa for \u00e5 leite etter henne. [&hellip;]\" \/>\n<meta property=\"og:url\" content=\"https:\/\/staging.forenteforlag.no\/pax\/produkt\/elskede-sputnik-2\/\" \/>\n<meta property=\"og:site_name\" content=\"Pax\" \/>\n<meta property=\"article:modified_time\" content=\"2026-03-03T21:07:09+00:00\" \/>\n<meta property=\"og:image\" content=\"https:\/\/staging.forenteforlag.no\/pax\/wp-content\/uploads\/sites\/5\/2025\/08\/jpg-9471.jpg\" \/>\n\t<meta property=\"og:image:width\" content=\"278\" \/>\n\t<meta property=\"og:image:height\" content=\"450\" \/>\n\t<meta property=\"og:image:type\" content=\"image\/jpeg\" \/>\n<meta name=\"twitter:card\" content=\"summary_large_image\" \/>\n<script type=\"application\/ld+json\" class=\"yoast-schema-graph\">{\"@context\":\"https:\/\/schema.org\",\"@graph\":[{\"@type\":\"WebPage\",\"@id\":\"https:\/\/staging.forenteforlag.no\/pax\/produkt\/elskede-sputnik-2\/\",\"url\":\"https:\/\/staging.forenteforlag.no\/pax\/produkt\/elskede-sputnik-2\/\",\"name\":\"Elskede Sputnik - Pax\",\"isPartOf\":{\"@id\":\"https:\/\/staging.forenteforlag.no\/pax\/#website\"},\"primaryImageOfPage\":{\"@id\":\"https:\/\/staging.forenteforlag.no\/pax\/produkt\/elskede-sputnik-2\/#primaryimage\"},\"image\":{\"@id\":\"https:\/\/staging.forenteforlag.no\/pax\/produkt\/elskede-sputnik-2\/#primaryimage\"},\"thumbnailUrl\":\"https:\/\/staging.forenteforlag.no\/pax\/wp-content\/uploads\/sites\/5\/2025\/08\/jpg-9471.jpg\",\"datePublished\":\"2011-05-02T00:00:00+00:00\",\"dateModified\":\"2026-03-03T21:07:09+00:00\",\"breadcrumb\":{\"@id\":\"https:\/\/staging.forenteforlag.no\/pax\/produkt\/elskede-sputnik-2\/#breadcrumb\"},\"inLanguage\":\"nb-NO\",\"potentialAction\":[{\"@type\":\"ReadAction\",\"target\":[\"https:\/\/staging.forenteforlag.no\/pax\/produkt\/elskede-sputnik-2\/\"]}]},{\"@type\":\"ImageObject\",\"inLanguage\":\"nb-NO\",\"@id\":\"https:\/\/staging.forenteforlag.no\/pax\/produkt\/elskede-sputnik-2\/#primaryimage\",\"url\":\"https:\/\/staging.forenteforlag.no\/pax\/wp-content\/uploads\/sites\/5\/2025\/08\/jpg-9471.jpg\",\"contentUrl\":\"https:\/\/staging.forenteforlag.no\/pax\/wp-content\/uploads\/sites\/5\/2025\/08\/jpg-9471.jpg\",\"width\":278,\"height\":450},{\"@type\":\"BreadcrumbList\",\"@id\":\"https:\/\/staging.forenteforlag.no\/pax\/produkt\/elskede-sputnik-2\/#breadcrumb\",\"itemListElement\":[{\"@type\":\"ListItem\",\"position\":1,\"name\":\"Hjem\",\"item\":\"https:\/\/staging.forenteforlag.no\/pax\/\"},{\"@type\":\"ListItem\",\"position\":2,\"name\":\"Alle b\u00f8ker\",\"item\":\"https:\/\/staging.forenteforlag.no\/pax\/butikk\/\"},{\"@type\":\"ListItem\",\"position\":3,\"name\":\"Elskede Sputnik\"}]},{\"@type\":\"WebSite\",\"@id\":\"https:\/\/staging.forenteforlag.no\/pax\/#website\",\"url\":\"https:\/\/staging.forenteforlag.no\/pax\/\",\"name\":\"Pax\",\"description\":\"\",\"potentialAction\":[{\"@type\":\"SearchAction\",\"target\":{\"@type\":\"EntryPoint\",\"urlTemplate\":\"https:\/\/staging.forenteforlag.no\/pax\/?s={search_term_string}\"},\"query-input\":{\"@type\":\"PropertyValueSpecification\",\"valueRequired\":true,\"valueName\":\"search_term_string\"}}],\"inLanguage\":\"nb-NO\"}]}<\/script>\n<!-- \/ Yoast SEO plugin. -->","yoast_head_json":{"title":"Elskede Sputnik - Pax","robots":{"index":"noindex","follow":"follow","max-snippet":"max-snippet:-1","max-image-preview":"max-image-preview:large","max-video-preview":"max-video-preview:-1"},"og_locale":"nb_NO","og_type":"article","og_title":"Elskede Sputnik - Pax","og_description":"Romanen handler om tre bekjente, en 24-\u00e5r gammel l\u00e6rer, hans venn Sumire og Miu, ei gift forretningskvinne med en hemmelighet som plager henne s\u00e5 mye at h\u00e5ret hennes er blitt helt hvitt. Da Sumire forsvinner n\u00e5r hun er p\u00e5 ferie med Miu p\u00e5 ei gresk \u00f8y, reiser fortelleren til Europa for \u00e5 leite etter henne. [&hellip;]","og_url":"https:\/\/staging.forenteforlag.no\/pax\/produkt\/elskede-sputnik-2\/","og_site_name":"Pax","article_modified_time":"2026-03-03T21:07:09+00:00","og_image":[{"width":278,"height":450,"url":"https:\/\/staging.forenteforlag.no\/pax\/wp-content\/uploads\/sites\/5\/2025\/08\/jpg-9471.jpg","type":"image\/jpeg"}],"twitter_card":"summary_large_image","schema":{"@context":"https:\/\/schema.org","@graph":[{"@type":"WebPage","@id":"https:\/\/staging.forenteforlag.no\/pax\/produkt\/elskede-sputnik-2\/","url":"https:\/\/staging.forenteforlag.no\/pax\/produkt\/elskede-sputnik-2\/","name":"Elskede Sputnik - Pax","isPartOf":{"@id":"https:\/\/staging.forenteforlag.no\/pax\/#website"},"primaryImageOfPage":{"@id":"https:\/\/staging.forenteforlag.no\/pax\/produkt\/elskede-sputnik-2\/#primaryimage"},"image":{"@id":"https:\/\/staging.forenteforlag.no\/pax\/produkt\/elskede-sputnik-2\/#primaryimage"},"thumbnailUrl":"https:\/\/staging.forenteforlag.no\/pax\/wp-content\/uploads\/sites\/5\/2025\/08\/jpg-9471.jpg","datePublished":"2011-05-02T00:00:00+00:00","dateModified":"2026-03-03T21:07:09+00:00","breadcrumb":{"@id":"https:\/\/staging.forenteforlag.no\/pax\/produkt\/elskede-sputnik-2\/#breadcrumb"},"inLanguage":"nb-NO","potentialAction":[{"@type":"ReadAction","target":["https:\/\/staging.forenteforlag.no\/pax\/produkt\/elskede-sputnik-2\/"]}]},{"@type":"ImageObject","inLanguage":"nb-NO","@id":"https:\/\/staging.forenteforlag.no\/pax\/produkt\/elskede-sputnik-2\/#primaryimage","url":"https:\/\/staging.forenteforlag.no\/pax\/wp-content\/uploads\/sites\/5\/2025\/08\/jpg-9471.jpg","contentUrl":"https:\/\/staging.forenteforlag.no\/pax\/wp-content\/uploads\/sites\/5\/2025\/08\/jpg-9471.jpg","width":278,"height":450},{"@type":"BreadcrumbList","@id":"https:\/\/staging.forenteforlag.no\/pax\/produkt\/elskede-sputnik-2\/#breadcrumb","itemListElement":[{"@type":"ListItem","position":1,"name":"Hjem","item":"https:\/\/staging.forenteforlag.no\/pax\/"},{"@type":"ListItem","position":2,"name":"Alle b\u00f8ker","item":"https:\/\/staging.forenteforlag.no\/pax\/butikk\/"},{"@type":"ListItem","position":3,"name":"Elskede Sputnik"}]},{"@type":"WebSite","@id":"https:\/\/staging.forenteforlag.no\/pax\/#website","url":"https:\/\/staging.forenteforlag.no\/pax\/","name":"Pax","description":"","potentialAction":[{"@type":"SearchAction","target":{"@type":"EntryPoint","urlTemplate":"https:\/\/staging.forenteforlag.no\/pax\/?s={search_term_string}"},"query-input":{"@type":"PropertyValueSpecification","valueRequired":true,"valueName":"search_term_string"}}],"inLanguage":"nb-NO"}]}},"_links":{"self":[{"href":"https:\/\/staging.forenteforlag.no\/pax\/wp-json\/wp\/v2\/product\/24411","targetHints":{"allow":["GET"]}}],"collection":[{"href":"https:\/\/staging.forenteforlag.no\/pax\/wp-json\/wp\/v2\/product"}],"about":[{"href":"https:\/\/staging.forenteforlag.no\/pax\/wp-json\/wp\/v2\/types\/product"}],"wp:featuredmedia":[{"embeddable":true,"href":"https:\/\/staging.forenteforlag.no\/pax\/wp-json\/wp\/v2\/media\/29282"}],"wp:attachment":[{"href":"https:\/\/staging.forenteforlag.no\/pax\/wp-json\/wp\/v2\/media?parent=24411"}],"wp:term":[{"taxonomy":"product_brand","embeddable":true,"href":"https:\/\/staging.forenteforlag.no\/pax\/wp-json\/wp\/v2\/product_brand?post=24411"},{"taxonomy":"product_cat","embeddable":true,"href":"https:\/\/staging.forenteforlag.no\/pax\/wp-json\/wp\/v2\/product_cat?post=24411"},{"taxonomy":"product_tag","embeddable":true,"href":"https:\/\/staging.forenteforlag.no\/pax\/wp-json\/wp\/v2\/product_tag?post=24411"}],"curies":[{"name":"wp","href":"https:\/\/api.w.org\/{rel}","templated":true}]}}