{"id":24363,"date":"2017-09-14T02:00:00","date_gmt":"2017-09-14T00:00:00","guid":{"rendered":"https:\/\/pax.forenteforlag.no\/produkt\/guden-for-sma-ting-4\/"},"modified":"2026-03-03T22:48:33","modified_gmt":"2026-03-03T21:48:33","slug":"guden-for-sma-ting-4","status":"publish","type":"product","link":"https:\/\/staging.forenteforlag.no\/pax\/produkt\/guden-for-sma-ting-4\/","title":{"rendered":"Guden for sm\u00e5 ting"},"content":{"rendered":"<p>I den lille byen Ayemenem i den indiske delstaten Kerala bor den syrisk-kristne familien Kochamma, med de toeggede tvillingene Rahel og Estha. De vokser opp mellom syltet\u00f8y og pickles i sin blinde bestemor Mammachis fabrikk i et politisk turbulent Kerala. Samholdet mellom s\u00f8sknene er sterkt. Men en dag i 1969 snus verden p\u00e5 hodet, og de l\u00e6rer at alt kan endres p\u00e5 et blunk, at liv kan vris i vonde retninger og til og med ta slutt, slik at ingen ting kan bli det samme igjen. &lt;br&gt;&lt;br&gt;&lt;em&gt;Guden for sm\u00e5 ting&lt;\/em&gt; er en storslagen familie- og kj\u00e6rlighetshistorie med det indiske kaste- og klassesamfunnet som klangbunn. Romanen ble en umiddelbar suksess da den utkom i 1997. Den ble tildelt den prestisjetunge Bookerprisen, er oversatt til over 40 spr\u00e5k, og er k\u00e5ret til en av 1990-\u00e5renes ti viktigste b\u00f8ker.&lt;br&gt;&lt;br&gt;<\/p>\n","protected":false},"excerpt":{"rendered":"<p>I den lille byen Ayemenem i den indiske delstaten Kerala bor den syrisk-kristne familien Kochamma, med de toeggede tvillingene Rahel og Estha. De vokser opp mellom syltet\u00f8y og pickles i sin blinde bestemor Mammachis fabrikk i et politisk turbulent Kerala. Samholdet mellom s\u00f8sknene er sterkt. Men en dag i 1969 snus verden p\u00e5 hodet, og [&hellip;]<\/p>\n","protected":false},"featured_media":29509,"template":"","meta":{"_acf_changed":false,"inline_featured_image":false},"product_brand":[],"product_cat":[1782],"product_tag":[370],"class_list":{"0":"post-24363","1":"product","2":"type-product","3":"status-publish","4":"has-post-thumbnail","6":"product_cat-fripris","7":"product_tag-skjonnlitteratur","9":"first","10":"instock","11":"shipping-taxable","12":"purchasable","13":"product-type-simple"},"acf":{"anmeldelse":[{"tekst_anmeldelser":"\u00abArundhati Roys Guden for sm\u00e5 ting har gjort denne leseren takknemlig. Takknemlig for at det finnes store historier som fremdeles kan fortelles \u2026 Alt er med, intet er utelatt. Uten lengsel etter mer, fullstendig tilfredsstilt.\u00bb","av_anmeldelser":"Ingrid Stensland","terningkast":false,"kilde":"Klassekampen"},{"tekst_anmeldelser":"\u00abEn ambisi\u00f8s roman m\u00e5 oppfinne sitt eget spr\u00e5k, det gj\u00f8r denne.\u00bb","av_anmeldelser":"John Updike","terningkast":false,"kilde":"The New Yorker"}]},"yoast_head":"<!-- This site is optimized with the Yoast SEO plugin v26.6 - https:\/\/yoast.com\/wordpress\/plugins\/seo\/ -->\n<title>Guden for sm\u00e5 ting - Pax<\/title>\n<meta name=\"robots\" content=\"noindex, follow, max-snippet:-1, max-image-preview:large, max-video-preview:-1\" \/>\n<meta property=\"og:locale\" content=\"nb_NO\" \/>\n<meta property=\"og:type\" content=\"article\" \/>\n<meta property=\"og:title\" content=\"Guden for sm\u00e5 ting - Pax\" \/>\n<meta property=\"og:description\" content=\"I den lille byen Ayemenem i den indiske delstaten Kerala bor den syrisk-kristne familien Kochamma, med de toeggede tvillingene Rahel og Estha. De vokser opp mellom syltet\u00f8y og pickles i sin blinde bestemor Mammachis fabrikk i et politisk turbulent Kerala. Samholdet mellom s\u00f8sknene er sterkt. Men en dag i 1969 snus verden p\u00e5 hodet, og [&hellip;]\" \/>\n<meta property=\"og:url\" content=\"https:\/\/staging.forenteforlag.no\/pax\/produkt\/guden-for-sma-ting-4\/\" \/>\n<meta property=\"og:site_name\" content=\"Pax\" \/>\n<meta property=\"article:modified_time\" content=\"2026-03-03T21:48:33+00:00\" \/>\n<meta property=\"og:image\" content=\"https:\/\/staging.forenteforlag.no\/pax\/wp-content\/uploads\/sites\/5\/2025\/08\/jpg-10200.jpg\" \/>\n\t<meta property=\"og:image:width\" content=\"826\" \/>\n\t<meta property=\"og:image:height\" content=\"1280\" \/>\n\t<meta property=\"og:image:type\" content=\"image\/jpeg\" \/>\n<meta name=\"twitter:card\" content=\"summary_large_image\" \/>\n<meta name=\"twitter:label1\" content=\"Ansl. lesetid\" \/>\n\t<meta name=\"twitter:data1\" content=\"1 minutt\" \/>\n<script type=\"application\/ld+json\" class=\"yoast-schema-graph\">{\"@context\":\"https:\/\/schema.org\",\"@graph\":[{\"@type\":\"WebPage\",\"@id\":\"https:\/\/staging.forenteforlag.no\/pax\/produkt\/guden-for-sma-ting-4\/\",\"url\":\"https:\/\/staging.forenteforlag.no\/pax\/produkt\/guden-for-sma-ting-4\/\",\"name\":\"Guden for sm\u00e5 ting - Pax\",\"isPartOf\":{\"@id\":\"https:\/\/staging.forenteforlag.no\/pax\/#website\"},\"primaryImageOfPage\":{\"@id\":\"https:\/\/staging.forenteforlag.no\/pax\/produkt\/guden-for-sma-ting-4\/#primaryimage\"},\"image\":{\"@id\":\"https:\/\/staging.forenteforlag.no\/pax\/produkt\/guden-for-sma-ting-4\/#primaryimage\"},\"thumbnailUrl\":\"https:\/\/staging.forenteforlag.no\/pax\/wp-content\/uploads\/sites\/5\/2025\/08\/jpg-10200.jpg\",\"datePublished\":\"2017-09-14T00:00:00+00:00\",\"dateModified\":\"2026-03-03T21:48:33+00:00\",\"breadcrumb\":{\"@id\":\"https:\/\/staging.forenteforlag.no\/pax\/produkt\/guden-for-sma-ting-4\/#breadcrumb\"},\"inLanguage\":\"nb-NO\",\"potentialAction\":[{\"@type\":\"ReadAction\",\"target\":[\"https:\/\/staging.forenteforlag.no\/pax\/produkt\/guden-for-sma-ting-4\/\"]}]},{\"@type\":\"ImageObject\",\"inLanguage\":\"nb-NO\",\"@id\":\"https:\/\/staging.forenteforlag.no\/pax\/produkt\/guden-for-sma-ting-4\/#primaryimage\",\"url\":\"https:\/\/staging.forenteforlag.no\/pax\/wp-content\/uploads\/sites\/5\/2025\/08\/jpg-10200.jpg\",\"contentUrl\":\"https:\/\/staging.forenteforlag.no\/pax\/wp-content\/uploads\/sites\/5\/2025\/08\/jpg-10200.jpg\",\"width\":826,\"height\":1280},{\"@type\":\"BreadcrumbList\",\"@id\":\"https:\/\/staging.forenteforlag.no\/pax\/produkt\/guden-for-sma-ting-4\/#breadcrumb\",\"itemListElement\":[{\"@type\":\"ListItem\",\"position\":1,\"name\":\"Hjem\",\"item\":\"https:\/\/staging.forenteforlag.no\/pax\/\"},{\"@type\":\"ListItem\",\"position\":2,\"name\":\"Alle b\u00f8ker\",\"item\":\"https:\/\/staging.forenteforlag.no\/pax\/butikk\/\"},{\"@type\":\"ListItem\",\"position\":3,\"name\":\"Guden for sm\u00e5 ting\"}]},{\"@type\":\"WebSite\",\"@id\":\"https:\/\/staging.forenteforlag.no\/pax\/#website\",\"url\":\"https:\/\/staging.forenteforlag.no\/pax\/\",\"name\":\"Pax\",\"description\":\"\",\"potentialAction\":[{\"@type\":\"SearchAction\",\"target\":{\"@type\":\"EntryPoint\",\"urlTemplate\":\"https:\/\/staging.forenteforlag.no\/pax\/?s={search_term_string}\"},\"query-input\":{\"@type\":\"PropertyValueSpecification\",\"valueRequired\":true,\"valueName\":\"search_term_string\"}}],\"inLanguage\":\"nb-NO\"}]}<\/script>\n<!-- \/ Yoast SEO plugin. -->","yoast_head_json":{"title":"Guden for sm\u00e5 ting - Pax","robots":{"index":"noindex","follow":"follow","max-snippet":"max-snippet:-1","max-image-preview":"max-image-preview:large","max-video-preview":"max-video-preview:-1"},"og_locale":"nb_NO","og_type":"article","og_title":"Guden for sm\u00e5 ting - Pax","og_description":"I den lille byen Ayemenem i den indiske delstaten Kerala bor den syrisk-kristne familien Kochamma, med de toeggede tvillingene Rahel og Estha. De vokser opp mellom syltet\u00f8y og pickles i sin blinde bestemor Mammachis fabrikk i et politisk turbulent Kerala. Samholdet mellom s\u00f8sknene er sterkt. Men en dag i 1969 snus verden p\u00e5 hodet, og [&hellip;]","og_url":"https:\/\/staging.forenteforlag.no\/pax\/produkt\/guden-for-sma-ting-4\/","og_site_name":"Pax","article_modified_time":"2026-03-03T21:48:33+00:00","og_image":[{"width":826,"height":1280,"url":"https:\/\/staging.forenteforlag.no\/pax\/wp-content\/uploads\/sites\/5\/2025\/08\/jpg-10200.jpg","type":"image\/jpeg"}],"twitter_card":"summary_large_image","twitter_misc":{"Ansl. lesetid":"1 minutt"},"schema":{"@context":"https:\/\/schema.org","@graph":[{"@type":"WebPage","@id":"https:\/\/staging.forenteforlag.no\/pax\/produkt\/guden-for-sma-ting-4\/","url":"https:\/\/staging.forenteforlag.no\/pax\/produkt\/guden-for-sma-ting-4\/","name":"Guden for sm\u00e5 ting - Pax","isPartOf":{"@id":"https:\/\/staging.forenteforlag.no\/pax\/#website"},"primaryImageOfPage":{"@id":"https:\/\/staging.forenteforlag.no\/pax\/produkt\/guden-for-sma-ting-4\/#primaryimage"},"image":{"@id":"https:\/\/staging.forenteforlag.no\/pax\/produkt\/guden-for-sma-ting-4\/#primaryimage"},"thumbnailUrl":"https:\/\/staging.forenteforlag.no\/pax\/wp-content\/uploads\/sites\/5\/2025\/08\/jpg-10200.jpg","datePublished":"2017-09-14T00:00:00+00:00","dateModified":"2026-03-03T21:48:33+00:00","breadcrumb":{"@id":"https:\/\/staging.forenteforlag.no\/pax\/produkt\/guden-for-sma-ting-4\/#breadcrumb"},"inLanguage":"nb-NO","potentialAction":[{"@type":"ReadAction","target":["https:\/\/staging.forenteforlag.no\/pax\/produkt\/guden-for-sma-ting-4\/"]}]},{"@type":"ImageObject","inLanguage":"nb-NO","@id":"https:\/\/staging.forenteforlag.no\/pax\/produkt\/guden-for-sma-ting-4\/#primaryimage","url":"https:\/\/staging.forenteforlag.no\/pax\/wp-content\/uploads\/sites\/5\/2025\/08\/jpg-10200.jpg","contentUrl":"https:\/\/staging.forenteforlag.no\/pax\/wp-content\/uploads\/sites\/5\/2025\/08\/jpg-10200.jpg","width":826,"height":1280},{"@type":"BreadcrumbList","@id":"https:\/\/staging.forenteforlag.no\/pax\/produkt\/guden-for-sma-ting-4\/#breadcrumb","itemListElement":[{"@type":"ListItem","position":1,"name":"Hjem","item":"https:\/\/staging.forenteforlag.no\/pax\/"},{"@type":"ListItem","position":2,"name":"Alle b\u00f8ker","item":"https:\/\/staging.forenteforlag.no\/pax\/butikk\/"},{"@type":"ListItem","position":3,"name":"Guden for sm\u00e5 ting"}]},{"@type":"WebSite","@id":"https:\/\/staging.forenteforlag.no\/pax\/#website","url":"https:\/\/staging.forenteforlag.no\/pax\/","name":"Pax","description":"","potentialAction":[{"@type":"SearchAction","target":{"@type":"EntryPoint","urlTemplate":"https:\/\/staging.forenteforlag.no\/pax\/?s={search_term_string}"},"query-input":{"@type":"PropertyValueSpecification","valueRequired":true,"valueName":"search_term_string"}}],"inLanguage":"nb-NO"}]}},"_links":{"self":[{"href":"https:\/\/staging.forenteforlag.no\/pax\/wp-json\/wp\/v2\/product\/24363","targetHints":{"allow":["GET"]}}],"collection":[{"href":"https:\/\/staging.forenteforlag.no\/pax\/wp-json\/wp\/v2\/product"}],"about":[{"href":"https:\/\/staging.forenteforlag.no\/pax\/wp-json\/wp\/v2\/types\/product"}],"wp:featuredmedia":[{"embeddable":true,"href":"https:\/\/staging.forenteforlag.no\/pax\/wp-json\/wp\/v2\/media\/29509"}],"wp:attachment":[{"href":"https:\/\/staging.forenteforlag.no\/pax\/wp-json\/wp\/v2\/media?parent=24363"}],"wp:term":[{"taxonomy":"product_brand","embeddable":true,"href":"https:\/\/staging.forenteforlag.no\/pax\/wp-json\/wp\/v2\/product_brand?post=24363"},{"taxonomy":"product_cat","embeddable":true,"href":"https:\/\/staging.forenteforlag.no\/pax\/wp-json\/wp\/v2\/product_cat?post=24363"},{"taxonomy":"product_tag","embeddable":true,"href":"https:\/\/staging.forenteforlag.no\/pax\/wp-json\/wp\/v2\/product_tag?post=24363"}],"curies":[{"name":"wp","href":"https:\/\/api.w.org\/{rel}","templated":true}]}}