{"id":24357,"date":"2017-04-20T02:00:00","date_gmt":"2017-04-20T00:00:00","guid":{"rendered":"https:\/\/pax.forenteforlag.no\/produkt\/hemmelighetstilstanden-2\/"},"modified":"2026-03-03T22:46:24","modified_gmt":"2026-03-03T21:46:24","slug":"hemmelighetstilstanden-2","status":"publish","type":"product","link":"https:\/\/staging.forenteforlag.no\/pax\/produkt\/hemmelighetstilstanden-2\/","title":{"rendered":"Hemmelighetstilstanden"},"content":{"rendered":"<p>I hvilke rom er det diktningen skjer? I hvilken tilstand blir kunsten til? Hva er det som inspirerer og setter det hele i bevegelse &#8211; og hvordan kan man i det hele tatt f\u00e5 brakt spr\u00e5ket i forbindelse med den verden man vil skildre? <\/p>\n<p>Inger Christensen blir regnet som en av de aller viktigste nordiske lyrikerne. Flere av hennes diktsamlinger, som &#8216;Det&#8217;, &#8216;Alfabet&#8217; og &#8216;Sommerfugledalen&#8217;, st\u00e5r som moderne klassikere og hovedverk i den europeiske modernismen. I denne essaysamlingen tar Christensen utgangspunkt i egen skriving, og fors\u00f8ker \u00e5 finne gyldige svar p\u00e5 poetikkens grunnsp\u00f8rsm\u00e5l, om spr\u00e5kets relasjon til verden og menneskets relasjon til spr\u00e5ket, men ogs\u00e5 p\u00e5 de eksistensielle sp\u00f8rsm\u00e5l om det enkelte menneskelivs forhold til naturen, historien og universet. I sin unders\u00f8kelse av den lyriske praksis vokser &#8216;Hemmelighetstilstanden&#8217; fram som en fascinerende og mektig poetikk, og st\u00e5r i et s\u00e6rlig n\u00e6rt forhold til diktsamlingen &#8216;Alfabet&#8217;.  <\/p>\n<p>Inger Christensens forfatterskap er enest\u00e5ende i sin evne til \u00e5 forene en suveren form- og spr\u00e5kbeherskelse med stor sanseorientert fylde. Hun fortsetter \u00e5 inspirere forfattere i b\u00e5de inn- og utland i stadig nye generasjoner.<\/p>\n","protected":false},"excerpt":{"rendered":"<p>I hvilke rom er det diktningen skjer? I hvilken tilstand blir kunsten til? Hva er det som inspirerer og setter det hele i bevegelse &#8211; og hvordan kan man i det hele tatt f\u00e5 brakt spr\u00e5ket i forbindelse med den verden man vil skildre? Inger Christensen blir regnet som en av de aller viktigste nordiske [&hellip;]<\/p>\n","protected":false},"featured_media":28106,"template":"","meta":{"_acf_changed":false,"inline_featured_image":false},"product_brand":[],"product_cat":[1782],"product_tag":[378,362,1680],"class_list":{"0":"post-24357","1":"product","2":"type-product","3":"status-publish","4":"has-post-thumbnail","6":"product_cat-fripris","7":"product_tag-essay","8":"product_tag-faglitteratur","9":"product_tag-sprak-og-litteratur","11":"first","12":"instock","13":"shipping-taxable","14":"purchasable","15":"product-type-simple"},"acf":{"anmeldelse":[{"tekst_anmeldelser":"\u00abHemmelighetstilstanden er som diktene til Christensen: stramme, formfullendte, uten fyllord. Det er forbl\u00f8ffende \u00e5 se hvordan tekster som er skrevet p\u00e5 oppdrag, samlet utgj\u00f8r en hel tenkem\u00e5te, der hver tekst utdypes av de andre.\u00bb","av_anmeldelser":"Ane Farseth\u00e5s","terningkast":false,"kilde":"Morgenbladet"},{"tekst_anmeldelser":"\u00abMed en ydmykhet mange vitenskapsfolk og filosofer kunne nyttiggjort seg, g\u00e5r Hemmelighetstilstanden inn i emner som virker relevante lenge etter at boka ble til.\u00bb","av_anmeldelser":"Tom Egil Hverven","terningkast":false,"kilde":"Klassekampen"},{"tekst_anmeldelser":"\u00abMed mindre den norske litter\u00e6re offentlighetens bedr\u00f8velige beskaffenhet har gjort en s\u00e5 forherdet at det ikke lenger finnes h\u00e5p om bedring, er man ganske enkelt ikke den samme f\u00f8r og etter at man har lest Inger Christensens Hemmelighetstilstanden.\u00bb","av_anmeldelser":"Terje Holtet Larsen","terningkast":false,"kilde":"Prosa"}]},"yoast_head":"<!-- This site is optimized with the Yoast SEO plugin v26.6 - https:\/\/yoast.com\/wordpress\/plugins\/seo\/ -->\n<title>Hemmelighetstilstanden - Pax<\/title>\n<meta name=\"robots\" content=\"noindex, follow, max-snippet:-1, max-image-preview:large, max-video-preview:-1\" \/>\n<meta property=\"og:locale\" content=\"nb_NO\" \/>\n<meta property=\"og:type\" content=\"article\" \/>\n<meta property=\"og:title\" content=\"Hemmelighetstilstanden - Pax\" \/>\n<meta property=\"og:description\" content=\"I hvilke rom er det diktningen skjer? I hvilken tilstand blir kunsten til? Hva er det som inspirerer og setter det hele i bevegelse &#8211; og hvordan kan man i det hele tatt f\u00e5 brakt spr\u00e5ket i forbindelse med den verden man vil skildre? Inger Christensen blir regnet som en av de aller viktigste nordiske [&hellip;]\" \/>\n<meta property=\"og:url\" content=\"https:\/\/staging.forenteforlag.no\/pax\/produkt\/hemmelighetstilstanden-2\/\" \/>\n<meta property=\"og:site_name\" content=\"Pax\" \/>\n<meta property=\"article:modified_time\" content=\"2026-03-03T21:46:24+00:00\" \/>\n<meta property=\"og:image\" content=\"https:\/\/staging.forenteforlag.no\/pax\/wp-content\/uploads\/sites\/5\/2025\/08\/jpg-6022-scaled.jpg\" \/>\n\t<meta property=\"og:image:width\" content=\"1379\" \/>\n\t<meta property=\"og:image:height\" content=\"1920\" \/>\n\t<meta property=\"og:image:type\" content=\"image\/jpeg\" \/>\n<meta name=\"twitter:card\" content=\"summary_large_image\" \/>\n<meta name=\"twitter:label1\" content=\"Ansl. lesetid\" \/>\n\t<meta name=\"twitter:data1\" content=\"1 minutt\" \/>\n<script type=\"application\/ld+json\" class=\"yoast-schema-graph\">{\"@context\":\"https:\/\/schema.org\",\"@graph\":[{\"@type\":\"WebPage\",\"@id\":\"https:\/\/staging.forenteforlag.no\/pax\/produkt\/hemmelighetstilstanden-2\/\",\"url\":\"https:\/\/staging.forenteforlag.no\/pax\/produkt\/hemmelighetstilstanden-2\/\",\"name\":\"Hemmelighetstilstanden - Pax\",\"isPartOf\":{\"@id\":\"https:\/\/staging.forenteforlag.no\/pax\/#website\"},\"primaryImageOfPage\":{\"@id\":\"https:\/\/staging.forenteforlag.no\/pax\/produkt\/hemmelighetstilstanden-2\/#primaryimage\"},\"image\":{\"@id\":\"https:\/\/staging.forenteforlag.no\/pax\/produkt\/hemmelighetstilstanden-2\/#primaryimage\"},\"thumbnailUrl\":\"https:\/\/staging.forenteforlag.no\/pax\/wp-content\/uploads\/sites\/5\/2025\/08\/jpg-6022-scaled.jpg\",\"datePublished\":\"2017-04-20T00:00:00+00:00\",\"dateModified\":\"2026-03-03T21:46:24+00:00\",\"breadcrumb\":{\"@id\":\"https:\/\/staging.forenteforlag.no\/pax\/produkt\/hemmelighetstilstanden-2\/#breadcrumb\"},\"inLanguage\":\"nb-NO\",\"potentialAction\":[{\"@type\":\"ReadAction\",\"target\":[\"https:\/\/staging.forenteforlag.no\/pax\/produkt\/hemmelighetstilstanden-2\/\"]}]},{\"@type\":\"ImageObject\",\"inLanguage\":\"nb-NO\",\"@id\":\"https:\/\/staging.forenteforlag.no\/pax\/produkt\/hemmelighetstilstanden-2\/#primaryimage\",\"url\":\"https:\/\/staging.forenteforlag.no\/pax\/wp-content\/uploads\/sites\/5\/2025\/08\/jpg-6022-scaled.jpg\",\"contentUrl\":\"https:\/\/staging.forenteforlag.no\/pax\/wp-content\/uploads\/sites\/5\/2025\/08\/jpg-6022-scaled.jpg\",\"width\":1379,\"height\":1920},{\"@type\":\"BreadcrumbList\",\"@id\":\"https:\/\/staging.forenteforlag.no\/pax\/produkt\/hemmelighetstilstanden-2\/#breadcrumb\",\"itemListElement\":[{\"@type\":\"ListItem\",\"position\":1,\"name\":\"Hjem\",\"item\":\"https:\/\/staging.forenteforlag.no\/pax\/\"},{\"@type\":\"ListItem\",\"position\":2,\"name\":\"Alle b\u00f8ker\",\"item\":\"https:\/\/staging.forenteforlag.no\/pax\/butikk\/\"},{\"@type\":\"ListItem\",\"position\":3,\"name\":\"Hemmelighetstilstanden\"}]},{\"@type\":\"WebSite\",\"@id\":\"https:\/\/staging.forenteforlag.no\/pax\/#website\",\"url\":\"https:\/\/staging.forenteforlag.no\/pax\/\",\"name\":\"Pax\",\"description\":\"\",\"potentialAction\":[{\"@type\":\"SearchAction\",\"target\":{\"@type\":\"EntryPoint\",\"urlTemplate\":\"https:\/\/staging.forenteforlag.no\/pax\/?s={search_term_string}\"},\"query-input\":{\"@type\":\"PropertyValueSpecification\",\"valueRequired\":true,\"valueName\":\"search_term_string\"}}],\"inLanguage\":\"nb-NO\"}]}<\/script>\n<!-- \/ Yoast SEO plugin. -->","yoast_head_json":{"title":"Hemmelighetstilstanden - Pax","robots":{"index":"noindex","follow":"follow","max-snippet":"max-snippet:-1","max-image-preview":"max-image-preview:large","max-video-preview":"max-video-preview:-1"},"og_locale":"nb_NO","og_type":"article","og_title":"Hemmelighetstilstanden - Pax","og_description":"I hvilke rom er det diktningen skjer? I hvilken tilstand blir kunsten til? Hva er det som inspirerer og setter det hele i bevegelse &#8211; og hvordan kan man i det hele tatt f\u00e5 brakt spr\u00e5ket i forbindelse med den verden man vil skildre? Inger Christensen blir regnet som en av de aller viktigste nordiske [&hellip;]","og_url":"https:\/\/staging.forenteforlag.no\/pax\/produkt\/hemmelighetstilstanden-2\/","og_site_name":"Pax","article_modified_time":"2026-03-03T21:46:24+00:00","og_image":[{"width":1379,"height":1920,"url":"https:\/\/staging.forenteforlag.no\/pax\/wp-content\/uploads\/sites\/5\/2025\/08\/jpg-6022-scaled.jpg","type":"image\/jpeg"}],"twitter_card":"summary_large_image","twitter_misc":{"Ansl. lesetid":"1 minutt"},"schema":{"@context":"https:\/\/schema.org","@graph":[{"@type":"WebPage","@id":"https:\/\/staging.forenteforlag.no\/pax\/produkt\/hemmelighetstilstanden-2\/","url":"https:\/\/staging.forenteforlag.no\/pax\/produkt\/hemmelighetstilstanden-2\/","name":"Hemmelighetstilstanden - Pax","isPartOf":{"@id":"https:\/\/staging.forenteforlag.no\/pax\/#website"},"primaryImageOfPage":{"@id":"https:\/\/staging.forenteforlag.no\/pax\/produkt\/hemmelighetstilstanden-2\/#primaryimage"},"image":{"@id":"https:\/\/staging.forenteforlag.no\/pax\/produkt\/hemmelighetstilstanden-2\/#primaryimage"},"thumbnailUrl":"https:\/\/staging.forenteforlag.no\/pax\/wp-content\/uploads\/sites\/5\/2025\/08\/jpg-6022-scaled.jpg","datePublished":"2017-04-20T00:00:00+00:00","dateModified":"2026-03-03T21:46:24+00:00","breadcrumb":{"@id":"https:\/\/staging.forenteforlag.no\/pax\/produkt\/hemmelighetstilstanden-2\/#breadcrumb"},"inLanguage":"nb-NO","potentialAction":[{"@type":"ReadAction","target":["https:\/\/staging.forenteforlag.no\/pax\/produkt\/hemmelighetstilstanden-2\/"]}]},{"@type":"ImageObject","inLanguage":"nb-NO","@id":"https:\/\/staging.forenteforlag.no\/pax\/produkt\/hemmelighetstilstanden-2\/#primaryimage","url":"https:\/\/staging.forenteforlag.no\/pax\/wp-content\/uploads\/sites\/5\/2025\/08\/jpg-6022-scaled.jpg","contentUrl":"https:\/\/staging.forenteforlag.no\/pax\/wp-content\/uploads\/sites\/5\/2025\/08\/jpg-6022-scaled.jpg","width":1379,"height":1920},{"@type":"BreadcrumbList","@id":"https:\/\/staging.forenteforlag.no\/pax\/produkt\/hemmelighetstilstanden-2\/#breadcrumb","itemListElement":[{"@type":"ListItem","position":1,"name":"Hjem","item":"https:\/\/staging.forenteforlag.no\/pax\/"},{"@type":"ListItem","position":2,"name":"Alle b\u00f8ker","item":"https:\/\/staging.forenteforlag.no\/pax\/butikk\/"},{"@type":"ListItem","position":3,"name":"Hemmelighetstilstanden"}]},{"@type":"WebSite","@id":"https:\/\/staging.forenteforlag.no\/pax\/#website","url":"https:\/\/staging.forenteforlag.no\/pax\/","name":"Pax","description":"","potentialAction":[{"@type":"SearchAction","target":{"@type":"EntryPoint","urlTemplate":"https:\/\/staging.forenteforlag.no\/pax\/?s={search_term_string}"},"query-input":{"@type":"PropertyValueSpecification","valueRequired":true,"valueName":"search_term_string"}}],"inLanguage":"nb-NO"}]}},"_links":{"self":[{"href":"https:\/\/staging.forenteforlag.no\/pax\/wp-json\/wp\/v2\/product\/24357","targetHints":{"allow":["GET"]}}],"collection":[{"href":"https:\/\/staging.forenteforlag.no\/pax\/wp-json\/wp\/v2\/product"}],"about":[{"href":"https:\/\/staging.forenteforlag.no\/pax\/wp-json\/wp\/v2\/types\/product"}],"wp:featuredmedia":[{"embeddable":true,"href":"https:\/\/staging.forenteforlag.no\/pax\/wp-json\/wp\/v2\/media\/28106"}],"wp:attachment":[{"href":"https:\/\/staging.forenteforlag.no\/pax\/wp-json\/wp\/v2\/media?parent=24357"}],"wp:term":[{"taxonomy":"product_brand","embeddable":true,"href":"https:\/\/staging.forenteforlag.no\/pax\/wp-json\/wp\/v2\/product_brand?post=24357"},{"taxonomy":"product_cat","embeddable":true,"href":"https:\/\/staging.forenteforlag.no\/pax\/wp-json\/wp\/v2\/product_cat?post=24357"},{"taxonomy":"product_tag","embeddable":true,"href":"https:\/\/staging.forenteforlag.no\/pax\/wp-json\/wp\/v2\/product_tag?post=24357"}],"curies":[{"name":"wp","href":"https:\/\/api.w.org\/{rel}","templated":true}]}}